{"id":450,"date":"2025-07-16T08:44:31","date_gmt":"2025-07-16T08:44:31","guid":{"rendered":"https:\/\/pgvape.com\/?post_type=product&#038;p=450"},"modified":"2026-01-20T08:48:41","modified_gmt":"2026-01-20T08:48:41","slug":"bang-de-80000-80k-puffs-3-em-1-vaporizador-descartavel-de-sabor-triplo-0-2-3-5-nicotina-12-sabores-display-led-inteligente-vape-direto-da-fabrica","status":"publish","type":"product","link":"https:\/\/pgvape.com\/pt\/produto\/bang-de-80000-80k-puffs-3-em-1-vaporizador-descartavel-de-sabor-triplo-0-2-3-5-nicotina-12-sabores-display-led-inteligente-vape-direto-da-fabrica\/","title":{"rendered":"Bang DE 80000 | 80K Puffs | 3 em 1 Vape descart\u00e1vel de sabor triplo | 0% 2% 3% 5% Nicotina | 12Tastes | Display LED inteligente | Vape direto da f\u00e1brica"},"content":{"rendered":"<p><strong>Bang DE 80000 80K Puffs Vape Descart\u00e1vel 3 em 1<\/strong> foi projetado para vapers que desejam variedade, conveni\u00eancia e longevidade not\u00e1vel. .<\/p>\n<p>&nbsp;<\/p>\n<h2><span style=\"font-size: 90%;\">Bang DE 80000 | 80K Puffs | 3 em 1 Vape descart\u00e1vel de sabor triplo Especifica\u00e7\u00f5es do produto:<\/span><\/h2>\n<p><strong>Capacidade de sopro:<\/strong>\u00a0At\u00e9 80.000 baforadas<\/p>\n<p><strong>Capacidade de e-l\u00edquido:<\/strong>\u00a060mL total (20mL por tanque x 3 tanques)<\/p>\n<p><strong>Tipo de bobina:<\/strong>\u00a0Bobina de Malha Tripla 1.0\u03a9<\/p>\n<p><strong>Capacidade da bateria:<\/strong>\u00a0650mAh recarreg\u00e1vel<\/p>\n<p><strong>Porta de carregamento:<\/strong>\u00a0Carregamento r\u00e1pido tipo C<\/p>\n<p><strong>Op\u00e7\u00f5es de nicotina:<\/strong>\u00a00%, 2%, 3%, 5%<\/p>\n<p><strong>Mostrar:<\/strong>\u00a0Tela LED mostrando o status da bateria e do e-l\u00edquido<\/p>\n<p><strong>Sistema de sabores:<\/strong>\u00a0Sistema de sabor triplo (alternar entre 3 sabores)<\/p>\n<p><strong>Embalagem:<\/strong>\u00a0Dispon\u00edvel para varejo e atacado<\/p>\n<p>&nbsp;<\/p>\n<h3><span style=\"font-size: 90%;\">Bang DE 80000 | 80K Puffs | Lista de sabores de Vape descart\u00e1veis \u200b\u200bde sabor triplo 3 em 1:<\/span><\/h3>\n<p>1. Gelo de melancia e Red Bull e kiwi de morango<\/p>\n<p>2. Gelo de mirtilo, melancia, morango e lim\u00e3o<\/p>\n<p>3. Melancia com mirtilo e kiwi, maracuj\u00e1, goiaba e chiclete de melancia<\/p>\n<p>4. Black Dragon Ice e Sour Mango Abacaxi e Red Bull<\/p>\n<p>5. Melancia com morango e frutas vermelhas e p\u00eassego com lim\u00e3o<\/p>\n<p>6. Blueberry Razz e morango, banana e abacaxi, coco<\/p>\n<p>7. Gelo de mirtilo e mel\u00e3o triplo e uva de ma\u00e7\u00e3<\/p>\n<p>8. Melancia, fruta do drag\u00e3o e manga, p\u00eassego e morango, kiwi<\/p>\n<p>9. Coca-Cola com Mirtilo, Framboesa, Morango, Baunilha e Frutas Mistas<\/p>\n<p>10. Sorvete de melancia e sorvete de morango e goiaba de kiwi e maracuj\u00e1<\/p>\n<p>11. Blueberry Razz e Black Dragon Ice e Fizzy Cherry Ice<\/p>\n<p>12. Gelo de cereja, melancia, mirtilo e manga com morango<\/p>\n<p><img loading=\"lazy\" decoding=\"async\" class=\"alignnone wp-image-457 size-full\" src=\"https:\/\/pgvape.com\/wp-content\/uploads\/2025\/07\/Bang-DE-80000-80K-Puffs-3-In-1-Triple-Flavor-Disposable-Vape-LED-Display-Vape-Factory-Wholesale-5.png\" alt=\"\" width=\"1500\" height=\"1227\" srcset=\"https:\/\/pgvape.com\/wp-content\/uploads\/2025\/07\/Bang-DE-80000-80K-Puffs-3-In-1-Triple-Flavor-Disposable-Vape-LED-Display-Vape-Factory-Wholesale-5.png 1500w, https:\/\/pgvape.com\/wp-content\/uploads\/2025\/07\/Bang-DE-80000-80K-Puffs-3-In-1-Triple-Flavor-Disposable-Vape-LED-Display-Vape-Factory-Wholesale-5-440x360.png 440w, https:\/\/pgvape.com\/wp-content\/uploads\/2025\/07\/Bang-DE-80000-80K-Puffs-3-In-1-Triple-Flavor-Disposable-Vape-LED-Display-Vape-Factory-Wholesale-5-595x487.png 595w, https:\/\/pgvape.com\/wp-content\/uploads\/2025\/07\/Bang-DE-80000-80K-Puffs-3-In-1-Triple-Flavor-Disposable-Vape-LED-Display-Vape-Factory-Wholesale-5-400x327.png 400w, https:\/\/pgvape.com\/wp-content\/uploads\/2025\/07\/Bang-DE-80000-80K-Puffs-3-In-1-Triple-Flavor-Disposable-Vape-LED-Display-Vape-Factory-Wholesale-5-768x628.png 768w, https:\/\/pgvape.com\/wp-content\/uploads\/2025\/07\/Bang-DE-80000-80K-Puffs-3-In-1-Triple-Flavor-Disposable-Vape-LED-Display-Vape-Factory-Wholesale-5-15x12.png 15w, https:\/\/pgvape.com\/wp-content\/uploads\/2025\/07\/Bang-DE-80000-80K-Puffs-3-In-1-Triple-Flavor-Disposable-Vape-LED-Display-Vape-Factory-Wholesale-5-600x491.png 600w, https:\/\/pgvape.com\/wp-content\/uploads\/2025\/07\/Bang-DE-80000-80K-Puffs-3-In-1-Triple-Flavor-Disposable-Vape-LED-Display-Vape-Factory-Wholesale-5-49x40.png 49w\" sizes=\"auto, (max-width: 1500px) 100vw, 1500px\" \/><\/p>\n<p>&nbsp;<\/p>\n<h3><span style=\"font-size: 90%;\">Bang DE 80000 | 80K Puffs | 3 em 1 Vape descart\u00e1vel de sabor triplo <\/span><strong>V\u00eddeo<br \/>\n<\/strong><\/h3>\n<p><iframe loading=\"lazy\" title=\"Bang DE 80000 | 80K Puffs | 3 em 1 Vape descart\u00e1vel de sabor triplo | Vape direto da f\u00e1brica pgvape\" width=\"1020\" height=\"574\" src=\"https:\/\/www.youtube.com\/embed\/HMc9pNSt3Kg?feature=oembed\" frameborder=\"0\" allow=\"accelerometer; autoplay; clipboard-write; encrypted-media; gyroscope; picture-in-picture; web-share\" referrerpolicy=\"strict-origin-when-cross-origin\" allowfullscreen><\/iframe><\/p>\n<p>&nbsp;<\/p>\n<h2><span style=\"font-size: 90%;\">Perguntas frequentes sobre Bang DE 80000 | 80K Puffs | 3 em 1 Vape descart\u00e1vel de sabor triplo<\/span><\/h2>\n<p dir=\"auto\"><strong>Q1: Quantas baforadas posso obter com o Bang DE 80000?<\/strong><br \/>\nA1: At\u00e9 80.000 baforadas por dispositivo.<\/p>\n<p dir=\"auto\"><strong>Q2: Como funciona o Sistema Triplo Sabor?<\/strong><br \/>\nA2: Voc\u00ea pode alternar facilmente entre tr\u00eas sabores integrados diferentes a qualquer momento, sem alterar os dispositivos.<\/p>\n<p dir=\"auto\"><strong>Q3: Quais dosagens de nicotina est\u00e3o dispon\u00edveis?<\/strong><br \/>\nA3: O dispositivo suporta as op\u00e7\u00f5es de nicotina 0%, 2%, 3% e 5%.<\/p>\n<p dir=\"auto\"><strong>Q4: A bateria \u00e9 recarreg\u00e1vel?<\/strong><br \/>\nA4: Sim, possui bateria recarreg\u00e1vel de 650mAh com carregamento r\u00e1pido Tipo C.<\/p>\n<p dir=\"auto\"><strong>Q5: Qual \u00e9 a capacidade do e-l\u00edquido?<\/strong><br \/>\nA5: O dispositivo cont\u00e9m 60mL de e-l\u00edquido, divididos uniformemente em tr\u00eas tanques de 20mL.<\/p>\n<p dir=\"auto\"><strong>Q6: Como posso monitorar os n\u00edveis da bateria e do e-l\u00edquido?<\/strong><br \/>\nA6: O display LED mostra o status da bateria e os n\u00edveis de e-l\u00edquido em tempo real.<\/p>\n<p dir=\"auto\"><strong>Q7: Este dispositivo \u00e9 port\u00e1til?<\/strong><br \/>\nA7: Sim, possui um design elegante e ergon\u00f4mico, perfeito para uso di\u00e1rio e viagens.<\/p>\n<h2><span style=\"font-size: 90%;\">\u00a0<\/span><\/h2>\n<h3 id=\"brxe-najhln\" class=\"brxe-heading\">Perguntas frequentes (FAQ)<\/h3>\n<div id=\"brxe-rajiac\" class=\"brxe-text\">\n<p><strong>P: Quais m\u00e9todos de pagamento voc\u00ea aceita?<\/strong><br \/>\nR: Aceitamos PayPal, Stripe, transfer\u00eancias banc\u00e1rias (com suporte SEPA), os principais cart\u00f5es de cr\u00e9dito (Visa, MasterCard, American Express) e pagamentos em criptomoedas.<\/p>\n<p><strong>P: Quanto tempo leva a prepara\u00e7\u00e3o do pedido?<\/strong><br \/>\nR: A prepara\u00e7\u00e3o do pedido leva de 1 a 3 dias \u00fateis.<\/p>\n<p><strong>P: Qual \u00e9 o tempo de envio?<\/strong><br \/>\nR: O tempo de envio \u00e9 de 7 a 14 dias \u00fateis, dependendo da sua localiza\u00e7\u00e3o.<\/p>\n<p><strong>P: Como posso rastrear meu pedido?<\/strong><br \/>\nR: Ap\u00f3s o envio, voc\u00ea receber\u00e1 um e-mail de confirma\u00e7\u00e3o com um n\u00famero de rastreamento para rastreamento em tempo real.<\/p>\n<p><strong>P: Qual \u00e9 a sua pol\u00edtica de devolu\u00e7\u00e3o?<\/strong><br \/>\nR: Oferecemos uma pol\u00edtica de devolu\u00e7\u00e3o de 30 dias para reembolsos ou trocas. .<\/p>\n<p><strong>P: Haver\u00e1 algum problema alfandeg\u00e1rio?<br \/>\n<\/strong>Lidamos com todos os procedimentos de desembara\u00e7o aduaneiro para garantir uma experi\u00eancia descomplicada para voc\u00ea. .<\/p>\n<p><strong>P: Quais m\u00e9todos de envio s\u00e3o usados?<\/strong><br \/>\nCooperamos com UPS\/DHL\/FEDEX\/DPD, etc. Escolheremos a op\u00e7\u00e3o de envio apropriada dependendo do pa\u00eds de entrega para garantir que voc\u00ea receba seus produtos o mais r\u00e1pido poss\u00edvel.<\/p>\n<p><a href=\"https:\/\/pgvape.com\/pt\/perguntas-frequentes\/\"><span style=\"font-size: 100%;\">Clique aqui para mais perguntas frequentes<\/span><\/a><\/p>\n<p>Prezados clientes, Se voc\u00ea tiver alguma d\u00favida sobre seu pedido ou a chegada de mercadorias, entre em contato com nosso atendimento ao cliente. Obrigado!<\/p>\n<h3 data-sourcepos=\"73:1-73:21\"><span style=\"font-size: 90%;\"><strong data-sourcepos=\"73:7-73:21\">Contate-nos<\/strong><\/span><\/h3>\n<div id=\"text-2419739398\" class=\"text\">\n<p><strong data-sourcepos=\"75:3-75:12\">E-mail<\/strong>:\u00a0<a href=\"mailto:support@pgvape.com\"><strong>support@pgvape.com<\/strong><\/a><\/p>\n<p><strong data-sourcepos=\"76:3-76:15\">WhatsApp<\/strong>: <a href=\"https:\/\/wa.me\/+8618128481258\"><strong>+86 18128481258<\/strong><\/a><br \/>\n<strong>(Resposta em at\u00e9 24 horas em dias \u00fateis)<\/strong><\/p>\n<\/div>\n<h3><strong><span style=\"font-size: 80%;\">Obrigado por escolher pgvape.com! .<\/span><\/strong><\/h3>\n<\/div>","protected":false},"excerpt":{"rendered":"<p dir=\"auto\"><strong>Bang DE 80000 Vape Descart\u00e1vel<\/strong> oferece uma incr\u00edvel <strong>80.000 baforadas<\/strong> com um <strong>sistema triplo sabor<\/strong>, permitindo que voc\u00ea alterne entre tr\u00eas <strong>sabores<\/strong> em um dispositivo. <strong>Apresentando<\/strong> 60mL de e-l\u00edquido, <strong>650mAh recarreg\u00e1vel<\/strong> bateria, e <strong>Visor LED<\/strong>, capacidade, uma bobina de malha tripla,.<\/p>","protected":false},"featured_media":453,"comment_status":"open","ping_status":"closed","template":"","meta":{"_seopress_robots_primary_cat":"none","_seopress_titles_title":"","_seopress_titles_desc":"","_seopress_robots_index":""},"product_brand":[42,516],"product_cat":[41,34,515],"product_tag":[46,44,45,43,47],"class_list":{"0":"post-450","1":"product","2":"type-product","3":"status-publish","4":"has-post-thumbnail","6":"product_brand-bang-de-vape","7":"product_brand-disposable-vape","8":"product_cat-80k-puffs-vape","9":"product_cat-bang-de-vape","10":"product_cat-disposable-vape","11":"product_tag-3-in-1","12":"product_tag-80k-puffs","13":"product_tag-80k-vape","14":"product_tag-bang-de-80000","15":"product_tag-triple-flavor","17":"first","18":"instock","19":"sale","20":"shipping-taxable","21":"purchasable","22":"product-type-variable"},"_links":{"self":[{"href":"https:\/\/pgvape.com\/pt\/wp-json\/wp\/v2\/product\/450","targetHints":{"allow":["GET"]}}],"collection":[{"href":"https:\/\/pgvape.com\/pt\/wp-json\/wp\/v2\/product"}],"about":[{"href":"https:\/\/pgvape.com\/pt\/wp-json\/wp\/v2\/types\/product"}],"replies":[{"embeddable":true,"href":"https:\/\/pgvape.com\/pt\/wp-json\/wp\/v2\/comments?post=450"}],"wp:featuredmedia":[{"embeddable":true,"href":"https:\/\/pgvape.com\/pt\/wp-json\/wp\/v2\/media\/453"}],"wp:attachment":[{"href":"https:\/\/pgvape.com\/pt\/wp-json\/wp\/v2\/media?parent=450"}],"wp:term":[{"taxonomy":"product_brand","embeddable":true,"href":"https:\/\/pgvape.com\/pt\/wp-json\/wp\/v2\/product_brand?post=450"},{"taxonomy":"product_cat","embeddable":true,"href":"https:\/\/pgvape.com\/pt\/wp-json\/wp\/v2\/product_cat?post=450"},{"taxonomy":"product_tag","embeddable":true,"href":"https:\/\/pgvape.com\/pt\/wp-json\/wp\/v2\/product_tag?post=450"}],"curies":[{"name":"wp","href":"https:\/\/api.w.org\/{rel}","templated":true}]}}