{"id":4144,"date":"2025-10-24T07:21:17","date_gmt":"2025-10-24T07:21:17","guid":{"rendered":"https:\/\/pgvape.com\/?post_type=product&#038;p=4144"},"modified":"2026-01-27T11:50:07","modified_gmt":"2026-01-27T11:50:07","slug":"bang-king-30000-pro-30k-puffs-vape-descartavel-de-malha-dupla-direto-da-fabrica","status":"publish","type":"product","link":"https:\/\/pgvape.com\/pt\/produto\/bang-king-30000-pro-30k-puffs-vape-descartavel-de-malha-dupla-direto-da-fabrica\/","title":{"rendered":"Bang King 30000 PRO 30K Puffs descart\u00e1veis \u200b\u200bVape Dual Mesh Vape direto da f\u00e1brica"},"content":{"rendered":"<p><strong data-sourcepos=\"6:5-6:44\">Vape descart\u00e1vel Bang King 30000 PRO<\/strong> Entrega <strong data-sourcepos=\"6:54-6:70\">30.000 baforadas<\/strong> De <strong data-sourcepos=\"6:74-6:104\">Sabor puro e ininterrupto<\/strong> Atrav\u00e9s do seu <strong data-sourcepos=\"6:117-6:143\">Capacidade de e-l\u00edquido de 36mL<\/strong> E <strong data-sourcepos=\"6:148-6:172\">Sistema de Sabor \u00danico<\/strong>. <strong data-sourcepos=\"6:215-6:245\">Intensidade de sabor consistente<\/strong> Do primeiro ao \u00faltimo sopro. <strong data-sourcepos=\"6:285-6:308\">Bobina de malha eficiente<\/strong> E <strong data-sourcepos=\"6:313-6:337\">Bateria de longa dura\u00e7\u00e3o<\/strong>, \u00e9 a escolha ideal para Vapers que exigem <strong data-sourcepos=\"6:383-6:423\">Perfis de sabores aut\u00eanticos e sustentados<\/strong>.<\/p>\n<p>&nbsp;<\/p>\n<h2><span style=\"font-size: 90%;\">Bang King 30000 PRO | 30K Puffs Vape Descart\u00e1vel <strong data-sourcepos=\"10:5-10:31\">Especifica\u00e7\u00f5es do produto<\/strong><\/span><\/h2>\n<p><strong data-sourcepos=\"11:3-11:17\">Contagem de sopros<\/strong>:\u00a0<strong data-sourcepos=\"11:19-11:35\">30.000 baforadas<\/strong><\/p>\n<p><strong data-sourcepos=\"12:3-12:24\">Capacidade de E-L\u00edquido<\/strong>:\u00a0<strong data-sourcepos=\"12:26-12:46\">Tanque \u00fanico de 36mL<\/strong><\/p>\n<p><strong data-sourcepos=\"13:3-13:20\">Sistema de sabores<\/strong>:\u00a0<strong data-sourcepos=\"13:22-13:49\">Sabor \u00danico Dedicado<\/strong><\/p>\n<p><strong data-sourcepos=\"14:3-14:22\">Tecnologia de bobina<\/strong>:\u00a0<strong data-sourcepos=\"14:24-14:37\">Bobina de malha<\/strong><\/p>\n<p><strong data-sourcepos=\"15:3-15:14\">Bateria<\/strong>:\u00a0<strong data-sourcepos=\"15:16-15:46\">Recarreg\u00e1vel de alta capacidade<\/strong><\/p>\n<p><strong data-sourcepos=\"16:3-16:24\">For\u00e7a da Nicotina<\/strong>:\u00a0<strong data-sourcepos=\"16:26-16:39\">5% (50mg)<\/strong><\/p>\n<p><strong data-sourcepos=\"17:3-17:15\">Carregando<\/strong>:\u00a0<strong data-sourcepos=\"17:17-17:41\">Carregamento r\u00e1pido tipo C<\/strong><\/p>\n<p><strong data-sourcepos=\"18:3-18:14\">Pacote<\/strong>:\u00a0<strong data-sourcepos=\"18:16-18:38\">10 unidades\/caixa de exibi\u00e7\u00e3o<\/strong><\/p>\n<p>&nbsp;<\/p>\n<h3><span style=\"font-size: 90%;\">Bang King 30000 PRO | 30K Puffs Vape Descart\u00e1vel <strong data-sourcepos=\"22:5-22:20\">Lista de sabores<\/strong><\/span><\/h3>\n<p><strong data-sourcepos=\"23:4-23:18\">1.Melancia<\/strong>\u00a0\u2013 Refresco suculento cl\u00e1ssico<\/p>\n<p><strong data-sourcepos=\"24:4-24:27\">2. Mirtilo Framboesa<\/strong>\u00a0\u2013 Fus\u00e3o de frutas silvestres picantes e doces<\/p>\n<p><strong data-sourcepos=\"25:4-25:23\">3. Kiwi de morango<\/strong>\u00a0\u2013 Harmonia de Frutas Tropicais<\/p>\n<p><strong data-sourcepos=\"26:4-26:29\">4. Melancia Morango<\/strong>\u00a0\u2013 Dupla Do\u00e7ura<\/p>\n<p><strong data-sourcepos=\"27:4-27:22\">5. Razz Azul Menta<\/strong>\u00a0\u2013 Explos\u00e3o de frutas frescas<\/p>\n<p><strong data-sourcepos=\"28:4-28:21\">6. Gelo de mirtilo<\/strong>\u00a0\u2013 Sensa\u00e7\u00e3o de frutas congeladas<\/p>\n<p><strong data-sourcepos=\"29:4-29:20\">7. Baga Tripla<\/strong>\u00a0\u2013 Medley de frutas vermelhas em tr\u00eas camadas<\/p>\n<p><strong data-sourcepos=\"30:4-30:18\">8. Hortel\u00e3 fresca<\/strong>\u00a0\u2013 Pureza de resfriamento crocante<\/p>\n<p><strong data-sourcepos=\"31:4-31:25\">9. Cereja Melancia<\/strong>\u00a0\u2013 Mistura Suculenta de Frutas Vermelhas<\/p>\n<p><strong data-sourcepos=\"32:5-32:25\">10. Uva Morango<\/strong>\u00a0\u2013 Combina\u00e7\u00e3o de videira doce amadurecida<\/p>\n<p><strong data-sourcepos=\"33:5-33:32\">11. Brilho Preto Framboesa<\/strong>\u00a0\u2013 Tarte Torta Misteriosa<\/p>\n<p><strong data-sourcepos=\"34:5-34:25\">12. Mirtilo Cereja<\/strong>\u00a0\u2013 Equil\u00edbrio Perfeito de Bagas<\/p>\n<p><img loading=\"lazy\" decoding=\"async\" class=\"alignnone wp-image-4147 size-full\" src=\"https:\/\/pgvape.com\/wp-content\/uploads\/2025\/10\/Bang_King_30000Puffs_Pro_Banner.png\" alt=\"Doze dispositivos vape descart\u00e1veis \u200b\u200bcoloridos Bang King 30K Pro com boquilhas pretas e pain\u00e9is centrais com logotipo preto, dispostos em duas fileiras sob um grande t\u00edtulo &quot;30000 PUFFS&quot;.\" width=\"1200\" height=\"1048\" srcset=\"https:\/\/pgvape.com\/wp-content\/uploads\/2025\/10\/Bang_King_30000Puffs_Pro_Banner.png 1200w, https:\/\/pgvape.com\/wp-content\/uploads\/2025\/10\/Bang_King_30000Puffs_Pro_Banner-412x360.png 412w, https:\/\/pgvape.com\/wp-content\/uploads\/2025\/10\/Bang_King_30000Puffs_Pro_Banner-595x520.png 595w, https:\/\/pgvape.com\/wp-content\/uploads\/2025\/10\/Bang_King_30000Puffs_Pro_Banner-400x349.png 400w, https:\/\/pgvape.com\/wp-content\/uploads\/2025\/10\/Bang_King_30000Puffs_Pro_Banner-768x671.png 768w, https:\/\/pgvape.com\/wp-content\/uploads\/2025\/10\/Bang_King_30000Puffs_Pro_Banner-14x12.png 14w, https:\/\/pgvape.com\/wp-content\/uploads\/2025\/10\/Bang_King_30000Puffs_Pro_Banner-600x524.png 600w, https:\/\/pgvape.com\/wp-content\/uploads\/2025\/10\/Bang_King_30000Puffs_Pro_Banner-46x40.png 46w\" sizes=\"auto, (max-width: 1200px) 100vw, 1200px\" \/><\/p>\n<p>&nbsp;<\/p>\n<h3><span style=\"font-size: 90%;\">Bang King 30000 PRO | 30K Puffs Vape Descart\u00e1vel V\u00eddeo:<\/span><\/h3>\n<p>&nbsp;<\/p>\n<h2><span style=\"font-size: 90%;\">Perguntas frequentes sobre Bang King 30000 PRO | 30K Puffs Vape descart\u00e1vel<\/span><\/h2>\n<p data-sourcepos=\"39:1-40:97\">\u2753 <strong data-sourcepos=\"39:3-39:39\">Por que escolher o sistema de sabor \u00fanico?<\/strong><br \/>\n\u2705 <strong data-sourcepos=\"40:3-40:27\">Sem sabor comprometido<\/strong> \u2013 Aproveite o seu sabor favorito com intensidade total para <strong data-sourcepos=\"40:79-40:95\">30.000 baforadas<\/strong><\/p>\n<p data-sourcepos=\"42:1-43:80\">\u2753 <strong data-sourcepos=\"42:3-42:31\">Como est\u00e1 a qualidade do vapor?<\/strong><br \/>\n\u2705 <strong data-sourcepos=\"43:3-43:16\">Bobina de malha<\/strong> Entrega <strong data-sourcepos=\"43:26-43:52\">30% Mais Pureza de Sabor<\/strong> Do que os descart\u00e1veis \u200b\u200bpadr\u00e3o<\/p>\n<p data-sourcepos=\"45:1-46:76\">\u2753 <strong data-sourcepos=\"45:3-45:38\">Quanto tempo dura a bateria?<\/strong><br \/>\n\u2705 <strong data-sourcepos=\"46:3-46:29\">Sistema de energia otimizado<\/strong> Corresponde \u00e0 capacidade do E-Liquid para uso completo<\/p>\n<p data-sourcepos=\"48:1-49:64\">\u2753 <strong data-sourcepos=\"48:3-48:32\">O sabor \u00e9 consistente?<\/strong><br \/>\n\u2705 <strong data-sourcepos=\"49:3-49:24\">Tanque Unificado de 36mL<\/strong> Previne a degrada\u00e7\u00e3o do sabor ao longo do tempo<\/p>\n<p data-sourcepos=\"51:1-52:58\">\u2753 <strong data-sourcepos=\"51:3-51:43\">Que for\u00e7a de nicotina est\u00e1 dispon\u00edvel?<\/strong><br \/>\n\u2705 <strong data-sourcepos=\"52:3-52:30\">5% (50mg) Sal de Nicotina<\/strong> Para um golpe satisfat\u00f3rio na garganta<\/p>\n<p>&nbsp;<\/p>\n<h3 id=\"brxe-najhln\" class=\"brxe-heading\">Perguntas frequentes (FAQ)<\/h3>\n<div id=\"brxe-rajiac\" class=\"brxe-text\">\n<p><strong>P: Quais m\u00e9todos de pagamento voc\u00ea aceita?<\/strong><br \/>\nR: Aceitamos PayPal, Stripe, transfer\u00eancias banc\u00e1rias (com suporte SEPA), os principais cart\u00f5es de cr\u00e9dito (Visa, MasterCard, American Express) e pagamentos em criptomoedas.<\/p>\n<p><strong>P: Quanto tempo leva a prepara\u00e7\u00e3o do pedido?<\/strong><br \/>\nR: A prepara\u00e7\u00e3o do pedido leva de 1 a 3 dias \u00fateis.<\/p>\n<p><strong>P: Qual \u00e9 o tempo de envio?<\/strong><br \/>\nR: O tempo de envio \u00e9 de 7 a 14 dias \u00fateis, dependendo da sua localiza\u00e7\u00e3o.<\/p>\n<p><strong>P: Como posso rastrear meu pedido?<\/strong><br \/>\nR: Ap\u00f3s o envio, voc\u00ea receber\u00e1 um e-mail de confirma\u00e7\u00e3o com um n\u00famero de rastreamento para rastreamento em tempo real.<\/p>\n<p><strong>P: Qual \u00e9 a sua pol\u00edtica de devolu\u00e7\u00e3o?<\/strong><br \/>\nR: Oferecemos uma pol\u00edtica de devolu\u00e7\u00e3o de 30 dias para reembolsos ou trocas. .<\/p>\n<p><strong>P: Haver\u00e1 algum problema alfandeg\u00e1rio?<br \/>\n<\/strong>Lidamos com todos os procedimentos de desembara\u00e7o aduaneiro para garantir uma experi\u00eancia descomplicada para voc\u00ea. .<\/p>\n<p><strong>P: Quais m\u00e9todos de envio s\u00e3o usados?<\/strong><br \/>\nCooperamos com UPS\/DHL\/FEDEX\/DPD, etc. Escolheremos a op\u00e7\u00e3o de envio apropriada dependendo do pa\u00eds de entrega para garantir que voc\u00ea receba seus produtos o mais r\u00e1pido poss\u00edvel.<\/p>\n<p><a href=\"https:\/\/pgvape.com\/pt\/perguntas-frequentes\/\">Clique aqui para mais perguntas frequentes<\/a><\/p>\n<p>Prezados clientes, Se voc\u00ea tiver alguma d\u00favida sobre seu pedido ou a chegada de mercadorias, entre em contato com nosso atendimento ao cliente. Obrigado!<\/p>\n<h3 data-sourcepos=\"73:1-73:21\"><strong data-sourcepos=\"73:7-73:21\">Contate-nos<\/strong><\/h3>\n<div id=\"text-2419739398\" class=\"text\">\n<p><strong data-sourcepos=\"75:3-75:12\">E-mail<\/strong>:\u00a0<a href=\"mailto:support@pgvape.com\"><strong>support@pgvape.com<\/strong><\/a><\/p>\n<p><strong data-sourcepos=\"76:3-76:15\">WhatsApp<\/strong>: <a href=\"https:\/\/wa.me\/+8618128481258\"><strong>+86 18128481258<\/strong><\/a><br \/>\n<strong>(Resposta em at\u00e9 24 horas em dias \u00fateis)<\/strong><\/p>\n<\/div>\n<h3><strong>Obrigado por escolher pgvape.com! .<\/strong><\/h3>\n<\/div>","protected":false},"excerpt":{"rendered":"<p><strong data-sourcepos=\"57:5-57:28\">Bang King 30000 PRO<\/strong> Ofertas <strong data-sourcepos=\"57:36-57:52\">30.000 baforadas<\/strong> De <strong data-sourcepos=\"57:56-57:78\">Sabor \u00danico Puro<\/strong> Atrav\u00e9s do seu <strong data-sourcepos=\"57:91-57:108\">Capacidade 36mL<\/strong> E <strong data-sourcepos=\"57:113-57:137\">Tecnologia de bobina de malha<\/strong>. <strong data-sourcepos=\"57:169-57:216\">Experi\u00eancia de sabor consistente e ininterrupta<\/strong>.<\/p>","protected":false},"featured_media":4159,"comment_status":"open","ping_status":"closed","template":"","meta":{"_seopress_robots_primary_cat":"none","_seopress_titles_title":"%%post_title%% %%sep%% %%sitetitle%%","_seopress_titles_desc":"","_seopress_robots_index":""},"product_brand":[19,516],"product_cat":[35,18,515],"product_tag":[38,134,347,90,243],"class_list":{"0":"post-4144","1":"product","2":"type-product","3":"status-publish","4":"has-post-thumbnail","6":"product_brand-bang-king-vape","7":"product_brand-disposable-vape","8":"product_cat-30k-puffs-vape","9":"product_cat-bang-king-vape","10":"product_cat-disposable-vape","11":"product_tag-30k-puffs","12":"product_tag-30k-vape","13":"product_tag-bang-king-30000-pro","14":"product_tag-disposable-vape","15":"product_tag-dual-mesh","17":"first","18":"instock","19":"sale","20":"shipping-taxable","21":"purchasable","22":"product-type-variable"},"_links":{"self":[{"href":"https:\/\/pgvape.com\/pt\/wp-json\/wp\/v2\/product\/4144","targetHints":{"allow":["GET"]}}],"collection":[{"href":"https:\/\/pgvape.com\/pt\/wp-json\/wp\/v2\/product"}],"about":[{"href":"https:\/\/pgvape.com\/pt\/wp-json\/wp\/v2\/types\/product"}],"replies":[{"embeddable":true,"href":"https:\/\/pgvape.com\/pt\/wp-json\/wp\/v2\/comments?post=4144"}],"wp:featuredmedia":[{"embeddable":true,"href":"https:\/\/pgvape.com\/pt\/wp-json\/wp\/v2\/media\/4159"}],"wp:attachment":[{"href":"https:\/\/pgvape.com\/pt\/wp-json\/wp\/v2\/media?parent=4144"}],"wp:term":[{"taxonomy":"product_brand","embeddable":true,"href":"https:\/\/pgvape.com\/pt\/wp-json\/wp\/v2\/product_brand?post=4144"},{"taxonomy":"product_cat","embeddable":true,"href":"https:\/\/pgvape.com\/pt\/wp-json\/wp\/v2\/product_cat?post=4144"},{"taxonomy":"product_tag","embeddable":true,"href":"https:\/\/pgvape.com\/pt\/wp-json\/wp\/v2\/product_tag?post=4144"}],"curies":[{"name":"wp","href":"https:\/\/api.w.org\/{rel}","templated":true}]}}