{"id":409,"date":"2025-07-15T12:40:11","date_gmt":"2025-07-15T12:40:11","guid":{"rendered":"https:\/\/pgvape.com\/?post_type=product&#038;p=409"},"modified":"2026-02-02T08:42:55","modified_gmt":"2026-02-02T08:42:55","slug":"bang-30000-pro-30k-puffs-duplo-sabor-descartavel-vape-display-lcd-fabrica-atacado","status":"publish","type":"product","link":"https:\/\/pgvape.com\/pt\/produto\/bang-30000-pro-30k-puffs-duplo-sabor-descartavel-vape-display-lcd-fabrica-atacado\/","title":{"rendered":"Bang 30000 PRO | 30K Puffs Vape descart\u00e1vel de sabor duplo | Display LCD | Atacado de f\u00e1brica"},"content":{"rendered":"<div style=\"width: 1020px;\" class=\"wp-video\"><video class=\"wp-video-shortcode\" id=\"video-409-1\" width=\"1020\" height=\"574\" preload=\"auto\" controls=\"controls\"><source type=\"video\/mp4\" src=\"https:\/\/pgvape.com\/wp-content\/uploads\/2025\/07\/Bang-30000-PRO-30K-Puffs-Dual-Flavor-Disposable-Vape-LCD-Display-Factory-Wholesale.mp4?_=1\" \/><a href=\"https:\/\/pgvape.com\/wp-content\/uploads\/2025\/07\/Bang-30000-PRO-30K-Puffs-Dual-Flavor-Disposable-Vape-LCD-Display-Factory-Wholesale.mp4\">https:\/\/pgvape.com\/wp-content\/uploads\/2025\/07\/Bang-30000-PRO-30K-Puffs-Dual-Flavor-Disposable-Vape-LCD-Display-Factory-Wholesale.mp4<\/a><\/video><\/div>\n<p><strong><br \/>\nBang 30k Puffs PRO Vape descart\u00e1vel de sabor duplo<\/strong> A caneta foi projetada para vapers que buscam desempenho excepcional e variedade de sabores. <strong>30.000 baforadas<\/strong> e um grande <strong>36ml de e-l\u00edquido<\/strong> capacidade, garante satisfa\u00e7\u00e3o duradoura.<strong>0%, 2%, 3%, 5%<\/strong>) para atender \u00e0s suas prefer\u00eancias.<\/p>\n<p>&nbsp;<\/p>\n<h2><span style=\"font-size: 90%;\">Bang 30000 PRO | 30K Puffs Especifica\u00e7\u00f5es do produto Vape descart\u00e1vel de sabor duplo:<br \/>\n<\/span><\/h2>\n<p><strong>Desempenho duradouro:<\/strong>\u00a0Desfrute de at\u00e9 30.000 baforadas, reduzindo a necessidade de substitui\u00e7\u00f5es frequentes.<\/p>\n<p><strong>Grande capacidade de e-l\u00edquido:<\/strong>\u00a0Apresentando um tanque de 36ml para prazer vaping ininterrupto.<\/p>\n<p><strong>Op\u00e7\u00f5es de nicotina:<\/strong>\u00a0Escolha entre v\u00e1rios n\u00edveis de pot\u00eancia (0%, 2%, 3%, 5%) para combinar com a experi\u00eancia desejada.<\/p>\n<p><strong>Bateria de 550mAh:<\/strong>\u00a0Ligue seu dispositivo durante todo o dia para uso ininterrupto.<\/p>\n<p><strong>Sistema de sabor duplo:<\/strong>\u00a0Alterne perfeitamente entre dois sabores para uma jornada de vaporiza\u00e7\u00e3o din\u00e2mica e personalizada.<\/p>\n<p>&nbsp;<\/p>\n<h3><span style=\"font-size: 90%;\">Bang 30000 PRO | 30K Puffs Lista de sabores Vape descart\u00e1veis \u200b\u200bde sabor duplo:<\/span><\/h3>\n<p><span style=\"font-size: 90%;\">1. Melancia e mirtilo com hortel\u00e3<\/span><\/p>\n<p><span style=\"font-size: 90%;\">2. Ma\u00e7\u00e3 azeda e framboesa com mirtilo<\/span><\/p>\n<p><span style=\"font-size: 90%;\">3. Manga Red Bull e Morango<\/span><\/p>\n<p><span style=\"font-size: 90%;\">4. Gelo de uva e cola alegre<\/span><\/p>\n<p><span style=\"font-size: 90%;\">5. Gelo de p\u00eassego e melancia de morango<\/span><\/p>\n<p><span style=\"font-size: 90%;\">6.Love 66 e morango Kiwi<\/span><\/p>\n<p><span style=\"font-size: 90%;\">7.Sakura Uva e Morango Lichia<\/span><\/p>\n<p><span style=\"font-size: 90%;\">8. Gelo misto de frutas e mirtilo<\/span><\/p>\n<p><span style=\"font-size: 90%;\">9. Drag\u00e3o Negro e Banana Morango<\/span><\/p>\n<p><span style=\"font-size: 90%;\">10. Gelo de manga, p\u00eassego e banana<\/span><\/p>\n<p><span style=\"font-size: 90%;\">11. Rom\u00e3 Dupla Ma\u00e7\u00e3 e Kiwi Maracuj\u00e1<\/span><\/p>\n<p><span style=\"font-size: 90%;\">12. Gelo de hortel\u00e3-pimenta e frutas vermelhas<\/span><\/p>\n<p><span style=\"font-size: 90%;\">13. Boom de mirtilo, cereja, cranberry e melancia<\/span><\/p>\n<p><span style=\"font-size: 90%;\">14.Pineapple Ice&amp;Blue Fusion<\/span><\/p>\n<p><span style=\"font-size: 90%;\">15. Chuva roxa e morango, framboesa, cereja, gelo<\/span><\/p>\n<p><span style=\"font-size: 90%;\">16. Black Dargon Ice e Manga Abacaxi P\u00eassego<\/span><\/p>\n<p>&nbsp;<\/p>\n<h2><span style=\"font-size: 90%;\">Perguntas frequentes sobre Bang 30000 PRO | 30K Puffs Vape descart\u00e1vel de sabor duplo<\/span><\/h2>\n<p dir=\"auto\"><strong>Q1: Quantas baforadas o Bang 30k PRO oferece?<\/strong><br \/>\nA1: Oferece at\u00e9 30.000 baforadas por dispositivo.<\/p>\n<p dir=\"auto\"><strong>Q2: Quais sabores posso escolher?<\/strong><br \/>\nA2: O Bang 30k PRO apresenta 16 combina\u00e7\u00f5es duplas de sabores, proporcionando uma variedade de sabores para explorar.<\/p>\n<p dir=\"auto\"><strong>Q3: Posso alternar entre dois sabores no mesmo dispositivo?<\/strong><br \/>\nA3: Sim, o dispositivo possui um sistema de sabor duplo que permite alternar facilmente entre dois sabores integrados.<\/p>\n<p dir=\"auto\"><strong>Q4: Quais dosagens de nicotina est\u00e3o dispon\u00edveis?<\/strong><br \/>\nA4: O dispositivo est\u00e1 dispon\u00edvel nas op\u00e7\u00f5es de nicotina 0%, 2%, 3% e 5%.<\/p>\n<p dir=\"auto\"><strong>Q5: Quanto tempo dura a bateria?<\/strong><br \/>\nA5: O aparelho possui bateria de 550mAh, garantindo desempenho duradouro ao longo do dia.<\/p>\n<p dir=\"auto\"><strong>Q6: Qual \u00e9 o tamanho da capacidade do e-l\u00edquido?<\/strong><br \/>\nA6: O Bang 30k PRO possui um grande tanque de e-l\u00edquido de 36ml para sess\u00f5es de vaporiza\u00e7\u00e3o prolongadas.<\/p>\n<p dir=\"auto\"><strong>Q7: A experi\u00eancia de vaporiza\u00e7\u00e3o \u00e9 personaliz\u00e1vel?<\/strong><br \/>\nA7: Sim, o dispositivo oferece n\u00edveis de nicotina personaliz\u00e1veis \u200b\u200be um recurso de sabor duplo para uma experi\u00eancia de vaporiza\u00e7\u00e3o personalizada.<\/p>\n<p>&nbsp;<\/p>\n<h3 id=\"brxe-najhln\" class=\"brxe-heading\">Perguntas frequentes (FAQ)<\/h3>\n<div id=\"brxe-rajiac\" class=\"brxe-text\">\n<p><strong>P: Quais m\u00e9todos de pagamento voc\u00ea aceita?<\/strong><br \/>\nR: Aceitamos PayPal, Stripe, transfer\u00eancias banc\u00e1rias (com suporte SEPA), os principais cart\u00f5es de cr\u00e9dito (Visa, MasterCard, American Express) e pagamentos em criptomoedas.<\/p>\n<p><strong>P: Quanto tempo leva a prepara\u00e7\u00e3o do pedido?<\/strong><br \/>\nR: A prepara\u00e7\u00e3o do pedido leva de 1 a 3 dias \u00fateis.<\/p>\n<p><strong>P: Qual \u00e9 o tempo de envio?<\/strong><br \/>\nR: O tempo de envio \u00e9 de 7 a 14 dias \u00fateis, dependendo da sua localiza\u00e7\u00e3o.<\/p>\n<p><strong>P: Como posso rastrear meu pedido?<\/strong><br \/>\nR: Ap\u00f3s o envio, voc\u00ea receber\u00e1 um e-mail de confirma\u00e7\u00e3o com um n\u00famero de rastreamento para rastreamento em tempo real.<\/p>\n<p><strong>P: Qual \u00e9 a sua pol\u00edtica de devolu\u00e7\u00e3o?<\/strong><br \/>\nR: Oferecemos uma pol\u00edtica de devolu\u00e7\u00e3o de 30 dias para reembolsos ou trocas. .<\/p>\n<p><strong>P: Haver\u00e1 algum problema alfandeg\u00e1rio?<br \/>\n<\/strong>Lidamos com todos os procedimentos de desembara\u00e7o aduaneiro para garantir uma experi\u00eancia descomplicada para voc\u00ea. .<\/p>\n<p><strong>P: Quais m\u00e9todos de envio s\u00e3o usados?<\/strong><br \/>\nCooperamos com UPS\/DHL\/FEDEX\/DPD, etc. Escolheremos a op\u00e7\u00e3o de envio apropriada dependendo do pa\u00eds de entrega para garantir que voc\u00ea receba seus produtos o mais r\u00e1pido poss\u00edvel.<\/p>\n<p><a href=\"https:\/\/pgvape.com\/pt\/perguntas-frequentes\/\"><span style=\"font-size: 100%;\">Clique aqui para mais perguntas frequentes<\/span><\/a><\/p>\n<p>Prezados clientes, Se voc\u00ea tiver alguma d\u00favida sobre seu pedido ou a chegada de mercadorias, entre em contato com nosso atendimento ao cliente. Obrigado!<\/p>\n<h3 data-sourcepos=\"73:1-73:21\"><span style=\"font-size: 90%;\"><strong data-sourcepos=\"73:7-73:21\">Contate-nos<\/strong><\/span><\/h3>\n<div id=\"text-2419739398\" class=\"text\">\n<p><strong data-sourcepos=\"75:3-75:12\">E-mail<\/strong>:\u00a0<a href=\"mailto:support@pgvape.com\"><strong>support@pgvape.com<\/strong><\/a><\/p>\n<p><strong data-sourcepos=\"76:3-76:15\">WhatsApp<\/strong>: <a href=\"https:\/\/wa.me\/+8618128481258\"><strong>+86 18128481258<\/strong><\/a><br \/>\n<strong>(Resposta em at\u00e9 24 horas em dias \u00fateis)<\/strong><\/p>\n<\/div>\n<h3><strong><span style=\"font-size: 80%;\">Obrigado por escolher pgvape.com! .<\/span><\/strong><\/h3>\n<\/div>","protected":false},"excerpt":{"rendered":"<p><strong>Bang 30k PRO Vape descart\u00e1vel de sabor duplo<\/strong> A caneta fornece at\u00e9 <strong>30.000 baforadas<\/strong> com um <strong>36ml de e-l\u00edquido<\/strong> capacidade. <strong>sabor duplo<\/strong> op\u00e7\u00f5es e n\u00edveis de nicotina ajust\u00e1veis, \u00e9 a escolha definitiva para uma experi\u00eancia de vaporiza\u00e7\u00e3o personaliz\u00e1vel e duradoura.<\/p>","protected":false},"featured_media":430,"comment_status":"open","ping_status":"closed","template":"","meta":{"_seopress_robots_primary_cat":"none","_seopress_titles_title":"","_seopress_titles_desc":"","_seopress_robots_index":""},"product_brand":[36,516],"product_cat":[35,25,515],"product_tag":[38,37,39],"class_list":{"0":"post-409","1":"product","2":"type-product","3":"status-publish","4":"has-post-thumbnail","6":"product_brand-bang-vape","7":"product_brand-disposable-vape","8":"product_cat-30k-puffs-vape","9":"product_cat-bang-vape","10":"product_cat-disposable-vape","11":"product_tag-30k-puffs","12":"product_tag-bang-30000-pro","13":"product_tag-dual-flavor","15":"first","16":"instock","17":"sale","18":"shipping-taxable","19":"purchasable","20":"product-type-variable"},"_links":{"self":[{"href":"https:\/\/pgvape.com\/pt\/wp-json\/wp\/v2\/product\/409","targetHints":{"allow":["GET"]}}],"collection":[{"href":"https:\/\/pgvape.com\/pt\/wp-json\/wp\/v2\/product"}],"about":[{"href":"https:\/\/pgvape.com\/pt\/wp-json\/wp\/v2\/types\/product"}],"replies":[{"embeddable":true,"href":"https:\/\/pgvape.com\/pt\/wp-json\/wp\/v2\/comments?post=409"}],"wp:featuredmedia":[{"embeddable":true,"href":"https:\/\/pgvape.com\/pt\/wp-json\/wp\/v2\/media\/430"}],"wp:attachment":[{"href":"https:\/\/pgvape.com\/pt\/wp-json\/wp\/v2\/media?parent=409"}],"wp:term":[{"taxonomy":"product_brand","embeddable":true,"href":"https:\/\/pgvape.com\/pt\/wp-json\/wp\/v2\/product_brand?post=409"},{"taxonomy":"product_cat","embeddable":true,"href":"https:\/\/pgvape.com\/pt\/wp-json\/wp\/v2\/product_cat?post=409"},{"taxonomy":"product_tag","embeddable":true,"href":"https:\/\/pgvape.com\/pt\/wp-json\/wp\/v2\/product_tag?post=409"}],"curies":[{"name":"wp","href":"https:\/\/api.w.org\/{rel}","templated":true}]}}