{"id":4036,"date":"2025-10-23T09:52:14","date_gmt":"2025-10-23T09:52:14","guid":{"rendered":"https:\/\/pgvape.com\/?post_type=product&#038;p=4036"},"modified":"2026-01-27T08:45:49","modified_gmt":"2026-01-27T08:45:49","slug":"bang-king-50000-50k-puffs-vape-descartavel-de-sabor-duplo-com-controle-de-fluxo-de-ar-vape-direto-da-fabrica","status":"publish","type":"product","link":"https:\/\/pgvape.com\/pt\/produto\/bang-king-50000-50k-puffs-vape-descartavel-de-sabor-duplo-com-controle-de-fluxo-de-ar-vape-direto-da-fabrica\/","title":{"rendered":"Bang King 50000 50K sopra sabor duplo Vape descart\u00e1vel com controle de fluxo de ar Vape direto da f\u00e1brica"},"content":{"rendered":"<p><strong data-sourcepos=\"6:5-6:44\">Bang King 50K sopra Vape descart\u00e1vel<\/strong> domina com <strong data-sourcepos=\"6:60-6:87\">50.000 baforadas ultralongas<\/strong>, um <strong data-sourcepos=\"6:91-6:125\">enorme capacidade de e-l\u00edquido de 50mL<\/strong>, e <strong data-sourcepos=\"6:131-6:158\">flexibilidade de sabor duplo<\/strong>. <strong data-sourcepos=\"6:173-6:191\">bobina de malha 1.0\u03a9<\/strong> e <strong data-sourcepos=\"6:196-6:227\">Bateria recarreg\u00e1vel de 850mAh<\/strong>, ele entrega <strong data-sourcepos=\"6:241-6:269\">nuvens suaves e saborosas<\/strong> com <strong data-sourcepos=\"6:275-6:307\">Op\u00e7\u00f5es de nicotina 0%\/2%\/3%\/5%<\/strong>. <strong data-sourcepos=\"6:334-6:356\">fluxo de ar ajust\u00e1vel<\/strong>, monitore os n\u00edveis atrav\u00e9s do <strong data-sourcepos=\"6:381-6:398\">display inteligente<\/strong>, e recarregue rapidamente com <strong data-sourcepos=\"6:426-6:445\">Carregamento tipo C<\/strong>. <strong data-sourcepos=\"6:459-6:486\">12 pares de sabores premium<\/strong>, embalado <strong data-sourcepos=\"6:497-6:518\">10 pe\u00e7as por caixa<\/strong> para excel\u00eancia no varejo e atacado.<\/p>\n<p>&nbsp;<\/p>\n<h2><span style=\"font-size: 90%;\">Bang King 50000 | 50K Puffs Vape descart\u00e1vel de sabor duplo <strong data-sourcepos=\"10:5-10:27\">Especifica\u00e7\u00f5es<\/strong><\/span><\/h2>\n<p><strong data-sourcepos=\"11:3-11:18\">Contagem de sopros:<\/strong>\u00a0<strong data-sourcepos=\"11:19-11:35\">50.000 baforadas<\/strong>\u00a0(Longevidade incompar\u00e1vel)<\/p>\n<p><strong data-sourcepos=\"12:3-12:16\">Nicotina:<\/strong>\u00a0<strong data-sourcepos=\"12:17-12:38\">0% \/ 2% \/ 3% \/ 5%<\/strong>\u00a0(Intensidade personalizada)<\/p>\n<p><strong data-sourcepos=\"13:3-13:21\">Sistema de sabores:<\/strong>\u00a0<strong data-sourcepos=\"13:22-13:38\">Sabores duplos<\/strong>\u00a0(Troque ou misture sabores)<\/p>\n<p><strong data-sourcepos=\"14:3-14:16\">E-l\u00edquido:<\/strong>\u00a0<strong data-sourcepos=\"14:17-14:34\">Capacidade 50mL<\/strong>\u00a0(Menos recargas)<\/p>\n<p><strong data-sourcepos=\"15:3-15:12\">Bobina:<\/strong>\u00a0<strong data-sourcepos=\"15:13-15:26\">Malha 1.0\u03a9<\/strong>\u00a0(30% mais sabor vs. bobinas padr\u00e3o)<\/p>\n<p><strong data-sourcepos=\"16:3-16:15\">Bateria:<\/strong>\u00a0<strong data-sourcepos=\"16:16-16:39\">850mAh recarreg\u00e1vel<\/strong>\u00a0+\u00a0<strong data-sourcepos=\"16:42-16:66\">Carregamento r\u00e1pido tipo C<\/strong><\/p>\n<p><strong data-sourcepos=\"17:3-17:15\">Fluxo de ar:<\/strong>\u00a0<strong data-sourcepos=\"17:16-17:30\">Ajust\u00e1vel<\/strong>\u00a0(Personaliza\u00e7\u00e3o MTL\/DTL)<\/p>\n<p><strong data-sourcepos=\"18:3-18:15\">Mostrar:<\/strong>\u00a0<strong data-sourcepos=\"18:16-18:40\">Monitoramento em tempo real<\/strong>\u00a0(N\u00edveis de bateria e e-l\u00edquido)<\/p>\n<p><strong data-sourcepos=\"19:3-19:17\">Embalagem:<\/strong>\u00a0<strong data-sourcepos=\"19:18-19:32\">10 unidades\/caixa<\/strong>\u00a0(Pronto para varejo)<\/p>\n<p>&nbsp;<\/p>\n<h3><span style=\"font-size: 90%;\">Bang King 50000 | 50K Puffs Vape descart\u00e1vel de sabor duplo <strong data-sourcepos=\"23:5-23:28\">Sabor Duplas<\/strong><\/span><\/h3>\n<p><strong data-sourcepos=\"24:4-24:39\">1. Gelo de melancia | Mirtilo Hortel\u00e3<\/strong><\/p>\n<p><strong data-sourcepos=\"25:4-25:41\">2. Gelo de melancia | Mirtilo Cereja<\/strong><\/p>\n<p><strong data-sourcepos=\"26:4-26:46\">3.Gelo de mirtilo | P\u00eassego Manga Melancia<\/strong><\/p>\n<p><strong data-sourcepos=\"27:4-27:33\">4. Gelo de mirtilo | Gelo de p\u00eassego<\/strong><\/p>\n<p><strong data-sourcepos=\"28:4-28:41\">5. Mirtilo Framboesa | Baga Mista<\/strong><\/p>\n<p><strong data-sourcepos=\"29:4-29:39\">6. Mirtilo, Framboesa | Gelo De Uva<\/strong><\/p>\n<p><strong data-sourcepos=\"30:4-30:36\">7.Red Bull | Banana Morango<\/strong><\/p>\n<p><strong data-sourcepos=\"31:4-31:39\">8.Red Bull | Melancia Mirtilo<\/strong><\/p>\n<p><strong data-sourcepos=\"32:4-32:48\">9. Manga Morango | Chiclete de Melancia<\/strong><\/p>\n<p><strong data-sourcepos=\"33:5-33:43\">10. Manga Morango | Kiwi Morango<\/strong><\/p>\n<p><strong data-sourcepos=\"34:5-34:49\">11. Melancia Morango | Gelo Drag\u00e3o Negro<\/strong><\/p>\n<p><strong data-sourcepos=\"35:5-35:57\">12.Melancia Morango | Kiwi Maracuj\u00e1 Goiaba<img loading=\"lazy\" decoding=\"async\" class=\"alignnone wp-image-4044 size-full\" src=\"https:\/\/pgvape.com\/wp-content\/uploads\/2025\/10\/pgvape-Bang-King-50000-50K-Puffs-Double-Flavor-Disposable-Vape-12Tastes-with-Airflow-Control-Vape-Factory-Direct-6.png\" alt=\"Grade de dispositivos vape descart\u00e1veis \u200b\u200bretangulares coloridos dispostos em fileiras, cada um com uma parte superior gradiente brilhante, se\u00e7\u00e3o inferior preta, \u00edcone de mascote de desenho animado e r\u00f3tulos com os dizeres DANG KING, DUAL FLAVOR e 50K.\" width=\"1200\" height=\"767\" srcset=\"https:\/\/pgvape.com\/wp-content\/uploads\/2025\/10\/pgvape-Bang-King-50000-50K-Puffs-Double-Flavor-Disposable-Vape-12Tastes-with-Airflow-Control-Vape-Factory-Direct-6.png 1200w, https:\/\/pgvape.com\/wp-content\/uploads\/2025\/10\/pgvape-Bang-King-50000-50K-Puffs-Double-Flavor-Disposable-Vape-12Tastes-with-Airflow-Control-Vape-Factory-Direct-6-555x355.png 555w, https:\/\/pgvape.com\/wp-content\/uploads\/2025\/10\/pgvape-Bang-King-50000-50K-Puffs-Double-Flavor-Disposable-Vape-12Tastes-with-Airflow-Control-Vape-Factory-Direct-6-595x380.png 595w, https:\/\/pgvape.com\/wp-content\/uploads\/2025\/10\/pgvape-Bang-King-50000-50K-Puffs-Double-Flavor-Disposable-Vape-12Tastes-with-Airflow-Control-Vape-Factory-Direct-6-400x256.png 400w, https:\/\/pgvape.com\/wp-content\/uploads\/2025\/10\/pgvape-Bang-King-50000-50K-Puffs-Double-Flavor-Disposable-Vape-12Tastes-with-Airflow-Control-Vape-Factory-Direct-6-768x491.png 768w, https:\/\/pgvape.com\/wp-content\/uploads\/2025\/10\/pgvape-Bang-King-50000-50K-Puffs-Double-Flavor-Disposable-Vape-12Tastes-with-Airflow-Control-Vape-Factory-Direct-6-18x12.png 18w, https:\/\/pgvape.com\/wp-content\/uploads\/2025\/10\/pgvape-Bang-King-50000-50K-Puffs-Double-Flavor-Disposable-Vape-12Tastes-with-Airflow-Control-Vape-Factory-Direct-6-600x384.png 600w, https:\/\/pgvape.com\/wp-content\/uploads\/2025\/10\/pgvape-Bang-King-50000-50K-Puffs-Double-Flavor-Disposable-Vape-12Tastes-with-Airflow-Control-Vape-Factory-Direct-6-60x38.png 60w\" sizes=\"auto, (max-width: 1200px) 100vw, 1200px\" \/><\/strong><\/p>\n<p>&nbsp;<\/p>\n<h3><span style=\"font-size: 90%;\">V\u00eddeo Vape descart\u00e1vel de sabor duplo Bang King 50000 | 50K Puffs:<\/span><\/h3>\n<p>&nbsp;<\/p>\n<h2><span style=\"font-size: 90%;\">Perguntas frequentes sobre Bang King 50000 | 50K Puffs Vape descart\u00e1vel de sabor duplo<\/span><\/h2>\n<p data-sourcepos=\"40:1-41:111\">\u2753 <strong data-sourcepos=\"40:3-40:43\">Como funciona a troca de sabor duplo?<\/strong><br \/>\n\u2705 Alternar instantaneamente entre <strong data-sourcepos=\"41:28-41:40\">Sabor A<\/strong> e <strong data-sourcepos=\"41:45-41:57\">Sabor B<\/strong>-ou aproveite <strong data-sourcepos=\"41:67-41:90\">ambos simultaneamente<\/strong> para misturas \u00fanicas.<\/p>\n<p data-sourcepos=\"43:1-44:116\">\u2753 <strong data-sourcepos=\"43:3-43:40\">O que torna o vapor excepcional?<\/strong><br \/>\n\u2705 <strong data-sourcepos=\"44:3-44:21\">bobina de malha 1.0\u03a9<\/strong> + <strong data-sourcepos=\"44:24-44:46\">fluxo de ar ajust\u00e1vel<\/strong> = <strong data-sourcepos=\"44:49-44:67\">nuvens mais espessas<\/strong> e <strong data-sourcepos=\"44:72-44:89\">sabor mais rico<\/strong> (MTL apertado ou DTL arejado).<\/p>\n<p data-sourcepos=\"46:1-47:103\">\u2753 <strong data-sourcepos=\"46:3-46:38\">Quanto tempo dura a bateria?<br \/>\n<\/strong> \u2705 <strong data-sourcepos=\"47:3-47:21\">Bateria de 850mAh<\/strong> suporta <strong data-sourcepos=\"47:31-47:43\">3-4 dias<\/strong> de uso moderado; <strong data-sourcepos=\"47:61-47:71\">Tipo-C<\/strong> recarrega em <strong data-sourcepos=\"47:85-47:100\">~50 minutos<\/strong>.<\/p>\n<p data-sourcepos=\"49:1-50:98\">\u2753 <strong data-sourcepos=\"49:3-49:27\">Para quem \u00e9 ideal?<br \/>\n<\/strong> \u2705 <strong data-sourcepos=\"50:3-50:20\">Ca\u00e7adores de nuvens<\/strong> querendo <strong data-sourcepos=\"50:29-50:47\">variedade de sabores<\/strong> + <strong data-sourcepos=\"50:50-50:63\">varejistas<\/strong> buscando descart\u00e1veis \u200b\u200bde alta margem.<\/p>\n<p>&nbsp;<\/p>\n<h3 id=\"brxe-najhln\" class=\"brxe-heading\">Perguntas frequentes (FAQ)<\/h3>\n<div id=\"brxe-rajiac\" class=\"brxe-text\">\n<p><strong>P: Quais m\u00e9todos de pagamento voc\u00ea aceita?<\/strong><br \/>\nR: Aceitamos PayPal, Stripe, transfer\u00eancias banc\u00e1rias (com suporte SEPA), os principais cart\u00f5es de cr\u00e9dito (Visa, MasterCard, American Express) e pagamentos em criptomoedas.<\/p>\n<p><strong>P: Quanto tempo leva a prepara\u00e7\u00e3o do pedido?<\/strong><br \/>\nR: A prepara\u00e7\u00e3o do pedido leva de 1 a 3 dias \u00fateis.<\/p>\n<p><strong>P: Qual \u00e9 o tempo de envio?<\/strong><br \/>\nR: O tempo de envio \u00e9 de 7 a 14 dias \u00fateis, dependendo da sua localiza\u00e7\u00e3o.<\/p>\n<p><strong>P: Como posso rastrear meu pedido?<\/strong><br \/>\nR: Ap\u00f3s o envio, voc\u00ea receber\u00e1 um e-mail de confirma\u00e7\u00e3o com um n\u00famero de rastreamento para rastreamento em tempo real.<\/p>\n<p><strong>P: Qual \u00e9 a sua pol\u00edtica de devolu\u00e7\u00e3o?<\/strong><br \/>\nR: Oferecemos uma pol\u00edtica de devolu\u00e7\u00e3o de 30 dias para reembolsos ou trocas. .<\/p>\n<p><strong>P: Haver\u00e1 algum problema alfandeg\u00e1rio?<br \/>\n<\/strong>Lidamos com todos os procedimentos de desembara\u00e7o aduaneiro para garantir uma experi\u00eancia descomplicada para voc\u00ea. .<\/p>\n<p><strong>P: Quais m\u00e9todos de envio s\u00e3o usados?<\/strong><br \/>\nCooperamos com UPS\/DHL\/FEDEX\/DPD, etc. Escolheremos a op\u00e7\u00e3o de envio apropriada dependendo do pa\u00eds de entrega para garantir que voc\u00ea receba seus produtos o mais r\u00e1pido poss\u00edvel.<\/p>\n<p><a href=\"https:\/\/pgvape.com\/pt\/perguntas-frequentes\/\">Clique aqui para mais perguntas frequentes<\/a><\/p>\n<p>Prezados clientes, Se voc\u00ea tiver alguma d\u00favida sobre seu pedido ou a chegada de mercadorias, entre em contato com nosso atendimento ao cliente. Obrigado!<\/p>\n<h3 data-sourcepos=\"73:1-73:21\"><strong data-sourcepos=\"73:7-73:21\">Contate-nos<\/strong><\/h3>\n<div id=\"text-2419739398\" class=\"text\">\n<p><strong data-sourcepos=\"75:3-75:12\">E-mail<\/strong>:\u00a0<a href=\"mailto:support@pgvape.com\"><strong>support@pgvape.com<\/strong><\/a><\/p>\n<p><strong data-sourcepos=\"76:3-76:15\">WhatsApp<\/strong>: <a href=\"https:\/\/wa.me\/+8618128481258\"><strong>+86 18128481258<\/strong><\/a><br \/>\n<strong>(Resposta em at\u00e9 24 horas em dias \u00fateis)<\/strong><\/p>\n<\/div>\n<h3><strong>Obrigado por escolher pgvape.com! .<\/strong><\/h3>\n<\/div>\n<div id=\"brxe-rajiac\" class=\"brxe-text\">\n<h3><\/h3>\n<\/div>","protected":false},"excerpt":{"rendered":"<p><strong data-sourcepos=\"55:73-55:90\">Bang Rei 50K<\/strong><strong data-sourcepos=\"55:73-55:90\">Bang Rei 50K <\/strong>Com <strong data-sourcepos=\"55:6-55:19\">50 mil baforadas<\/strong>, <strong data-sourcepos=\"55:21-55:44\">liberdade de duplo sabor<\/strong>, e <strong data-sourcepos=\"55:50-55:67\">Capacidade 50mL<\/strong>, ,\u00a0\u00e9 excelente em desempenho e conveni\u00eancia. <strong data-sourcepos=\"55:130-55:149\">12 pares de sabores<\/strong> e <strong data-sourcepos=\"55:154-55:172\">recursos inteligentes<\/strong> torne-o uma escolha de primeira linha.<\/p>","protected":false},"featured_media":4039,"comment_status":"open","ping_status":"closed","template":"","meta":{"_seopress_robots_primary_cat":"none","_seopress_titles_title":"%%post_title%% %%sep%% %%sitetitle%%","_seopress_titles_desc":"","_seopress_robots_index":""},"product_brand":[19,516],"product_cat":[61,18,515],"product_tag":[64,65,338,90,339,204,340],"class_list":{"0":"post-4036","1":"product","2":"type-product","3":"status-publish","4":"has-post-thumbnail","6":"product_brand-bang-king-vape","7":"product_brand-disposable-vape","8":"product_cat-50k-puffs-vape","9":"product_cat-bang-king-vape","10":"product_cat-disposable-vape","11":"product_tag-50k-puffs","12":"product_tag-50k-vape","13":"product_tag-bang-king-50000","14":"product_tag-disposable-vape","15":"product_tag-double-flavor","16":"product_tag-vape-factory-direct","17":"product_tag-with-airflow-contro","19":"first","20":"instock","21":"sale","22":"shipping-taxable","23":"purchasable","24":"product-type-variable"},"_links":{"self":[{"href":"https:\/\/pgvape.com\/pt\/wp-json\/wp\/v2\/product\/4036","targetHints":{"allow":["GET"]}}],"collection":[{"href":"https:\/\/pgvape.com\/pt\/wp-json\/wp\/v2\/product"}],"about":[{"href":"https:\/\/pgvape.com\/pt\/wp-json\/wp\/v2\/types\/product"}],"replies":[{"embeddable":true,"href":"https:\/\/pgvape.com\/pt\/wp-json\/wp\/v2\/comments?post=4036"}],"wp:featuredmedia":[{"embeddable":true,"href":"https:\/\/pgvape.com\/pt\/wp-json\/wp\/v2\/media\/4039"}],"wp:attachment":[{"href":"https:\/\/pgvape.com\/pt\/wp-json\/wp\/v2\/media?parent=4036"}],"wp:term":[{"taxonomy":"product_brand","embeddable":true,"href":"https:\/\/pgvape.com\/pt\/wp-json\/wp\/v2\/product_brand?post=4036"},{"taxonomy":"product_cat","embeddable":true,"href":"https:\/\/pgvape.com\/pt\/wp-json\/wp\/v2\/product_cat?post=4036"},{"taxonomy":"product_tag","embeddable":true,"href":"https:\/\/pgvape.com\/pt\/wp-json\/wp\/v2\/product_tag?post=4036"}],"curies":[{"name":"wp","href":"https:\/\/api.w.org\/{rel}","templated":true}]}}