{"id":3747,"date":"2025-10-19T08:47:49","date_gmt":"2025-10-19T08:47:49","guid":{"rendered":"https:\/\/pgvape.com\/?post_type=product&#038;p=3747"},"modified":"2026-03-05T14:33:29","modified_gmt":"2026-03-05T14:33:29","slug":"mr-goodie-shisha-50000-50k-puffs-vape-descartavel-dtl-mtl-vape-direto-da-fabrica","status":"publish","type":"product","link":"https:\/\/pgvape.com\/pt\/produto\/mr-goodie-shisha-50000-50k-puffs-vape-descartavel-dtl-mtl-vape-direto-da-fabrica\/","title":{"rendered":"Mr.Goodie Shisha 50000 50K Puffs Vape descart\u00e1vel DTL e MTL Vape direto da f\u00e1brica"},"content":{"rendered":"<p class=\"auto-hide-last-sibling-br paragraph-JOTKXA paragraph-element br-paragraph-space\"><strong data-sourcepos=\"4:5-4:61\">Mr.Goodie Shisha 50000 Puffs Vape Descart\u00e1vel DTL\/MTL<\/strong> Revoluciona a vaporiza\u00e7\u00e3o flex\u00edvel com Dual <strong data-sourcepos=\"4:103-4:125\">DTL (30.000 baforadas)<\/strong> E <strong data-sourcepos=\"4:130-4:152\">MTL (50.000 baforadas)<\/strong> Modos. <strong data-sourcepos=\"4:172-4:196\">Mega display digital<\/strong>, <strong data-sourcepos=\"4:198-4:228\">Controle de fluxo de ar ajust\u00e1vel<\/strong>, e poderoso <strong data-sourcepos=\"4:243-4:262\">Bateria 1100mAh<\/strong>, oferece produ\u00e7\u00e3o em nuvem personaliz\u00e1vel e desenhos suaves. <strong data-sourcepos=\"4:329-4:354\">3mg\/6mg de sal de nicotina<\/strong> Op\u00e7\u00f5es, <strong data-sourcepos=\"4:364-4:390\">Capacidade de E-L\u00edquido de 40ml<\/strong>, E <strong data-sourcepos=\"4:396-4:420\">Carregamento r\u00e1pido tipo C<\/strong>, Este dispositivo oferece divers\u00e3o prolongada. <strong data-sourcepos=\"4:473-4:502\">12 perfis de sabores exclusivos<\/strong> Para satisfa\u00e7\u00e3o final.<\/p>\n<p>&nbsp;<\/p>\n<h2><span style=\"font-size: 90%;\">Especifica\u00e7\u00f5es do Vape descart\u00e1vel Mr.Goodie Shisha 50000 | 50K Puffs<\/span><\/h2>\n<p><strong data-sourcepos=\"9:3-9:19\">Modos de vaporiza\u00e7\u00e3o<\/strong>:\u00a0<strong data-sourcepos=\"9:21-9:56\">DTL (0,5\u03a9\/22W) e MTL (0,1\u03a9\/12W)<\/strong><\/p>\n<p><strong data-sourcepos=\"10:3-10:17\">Contagem de sopros<\/strong>:\u00a0<strong data-sourcepos=\"10:19-10:62\">30.000 baforadas (DTL) \/ 50.000 baforadas (MTL)<\/strong><\/p>\n<p><strong data-sourcepos=\"11:3-11:15\">Nicotina<\/strong>:\u00a0<strong data-sourcepos=\"11:17-11:42\">3mg\/6mg de sal de nicotina<\/strong><\/p>\n<p><strong data-sourcepos=\"12:3-12:14\">Bateria<\/strong>:\u00a0<strong data-sourcepos=\"12:16-12:40\">1100mAh recarreg\u00e1vel<\/strong><\/p>\n<p><strong data-sourcepos=\"13:3-13:24\">Capacidade de E-L\u00edquido<\/strong>:\u00a0<strong data-sourcepos=\"13:26-13:34\">40ml<\/strong><\/p>\n<p><strong data-sourcepos=\"14:3-14:14\">Mostrar<\/strong>:\u00a0<strong data-sourcepos=\"14:16-14:39\">Mega Tela Digital<\/strong><\/p>\n<p><strong data-sourcepos=\"15:3-15:14\">Fluxo de ar<\/strong>:\u00a0<strong data-sourcepos=\"15:16-15:43\">Anel de controle ajust\u00e1vel<\/strong><\/p>\n<p><strong data-sourcepos=\"16:3-16:15\">Carregando<\/strong>:\u00a0<strong data-sourcepos=\"16:17-16:41\">Carregamento r\u00e1pido tipo C<\/strong><\/p>\n<p><strong data-sourcepos=\"17:3-17:14\">Pacote<\/strong>:\u00a0<strong data-sourcepos=\"17:16-17:42\">10 dispositivos\/caixa de exibi\u00e7\u00e3o<\/strong><\/p>\n<p>&nbsp;<\/p>\n<h3><span style=\"font-size: 90%;\">Mr.Goodie Shisha 50000 | Lista de sabores de vapor descart\u00e1veis \u200b\u200bde 50K Puffs<\/span><\/h3>\n<p>1. Ma\u00e7\u00e3 Dupla<\/p>\n<p>2. Uva Hortel\u00e3<\/p>\n<p>3. Mirtilo Lim\u00e3o Hortel\u00e3<\/p>\n<p>4.Amor 66<\/p>\n<p>5. Misture frutas<\/p>\n<p>6. Chiclete de melancia<\/p>\n<p>7.Cola Goma<\/p>\n<p>8. Chiclete de fruta do drag\u00e3o<\/p>\n<p>9. Gelo de mel\u00e3o com mel<\/p>\n<p>10. Morango Lim\u00e3o<\/p>\n<p>11. Cranberry P. Lim\u00e3o<\/p>\n<p>12.Razz Azul<img loading=\"lazy\" decoding=\"async\" class=\"alignnone wp-image-3767 size-full\" src=\"https:\/\/pgvape.com\/wp-content\/uploads\/2025\/10\/pgvape-Mr.Goodie-Shisha-50000-50K-Puffs-Disposable-Vape-DTLMTL-3-6-Nicotine-12Tastes-LCD-Display-Vape-Factory-Direct-16.png\" alt=\"\" width=\"2000\" height=\"355\" srcset=\"https:\/\/pgvape.com\/wp-content\/uploads\/2025\/10\/pgvape-Mr.Goodie-Shisha-50000-50K-Puffs-Disposable-Vape-DTLMTL-3-6-Nicotine-12Tastes-LCD-Display-Vape-Factory-Direct-16.png 2000w, https:\/\/pgvape.com\/wp-content\/uploads\/2025\/10\/pgvape-Mr.Goodie-Shisha-50000-50K-Puffs-Disposable-Vape-DTLMTL-3-6-Nicotine-12Tastes-LCD-Display-Vape-Factory-Direct-16-555x99.png 555w, https:\/\/pgvape.com\/wp-content\/uploads\/2025\/10\/pgvape-Mr.Goodie-Shisha-50000-50K-Puffs-Disposable-Vape-DTLMTL-3-6-Nicotine-12Tastes-LCD-Display-Vape-Factory-Direct-16-595x106.png 595w, https:\/\/pgvape.com\/wp-content\/uploads\/2025\/10\/pgvape-Mr.Goodie-Shisha-50000-50K-Puffs-Disposable-Vape-DTLMTL-3-6-Nicotine-12Tastes-LCD-Display-Vape-Factory-Direct-16-400x71.png 400w, https:\/\/pgvape.com\/wp-content\/uploads\/2025\/10\/pgvape-Mr.Goodie-Shisha-50000-50K-Puffs-Disposable-Vape-DTLMTL-3-6-Nicotine-12Tastes-LCD-Display-Vape-Factory-Direct-16-768x136.png 768w, https:\/\/pgvape.com\/wp-content\/uploads\/2025\/10\/pgvape-Mr.Goodie-Shisha-50000-50K-Puffs-Disposable-Vape-DTLMTL-3-6-Nicotine-12Tastes-LCD-Display-Vape-Factory-Direct-16-1536x273.png 1536w, https:\/\/pgvape.com\/wp-content\/uploads\/2025\/10\/pgvape-Mr.Goodie-Shisha-50000-50K-Puffs-Disposable-Vape-DTLMTL-3-6-Nicotine-12Tastes-LCD-Display-Vape-Factory-Direct-16-18x3.png 18w, https:\/\/pgvape.com\/wp-content\/uploads\/2025\/10\/pgvape-Mr.Goodie-Shisha-50000-50K-Puffs-Disposable-Vape-DTLMTL-3-6-Nicotine-12Tastes-LCD-Display-Vape-Factory-Direct-16-600x107.png 600w, https:\/\/pgvape.com\/wp-content\/uploads\/2025\/10\/pgvape-Mr.Goodie-Shisha-50000-50K-Puffs-Disposable-Vape-DTLMTL-3-6-Nicotine-12Tastes-LCD-Display-Vape-Factory-Direct-16-60x11.png 60w\" sizes=\"auto, (max-width: 2000px) 100vw, 2000px\" \/><\/p>\n<h2 class=\"header-vfC6AV auto-hide-last-sibling-br\"><\/h2>\n<h3><span style=\"font-size: 90%;\">Mr.Goodie Shisha 50000 | 50K Puffs Vape Descart\u00e1vel V\u00eddeo:<br \/>\n<iframe loading=\"lazy\" title=\"Mr.Goodie Shisha 50000 | 50K Puffs Vape Descart\u00e1vel | DTL e MTL | Vape Direto da F\u00e1brica pgvape\" width=\"1020\" height=\"574\" src=\"https:\/\/www.youtube.com\/embed\/LWmPrq8HAiU?feature=oembed\" frameborder=\"0\" allow=\"accelerometer; autoplay; clipboard-write; encrypted-media; gyroscope; picture-in-picture; web-share\" referrerpolicy=\"strict-origin-when-cross-origin\" allowfullscreen><\/iframe><br \/>\n<\/span><\/h3>\n<p>&nbsp;<\/p>\n<h2 class=\"header-vfC6AV auto-hide-last-sibling-br\">Perguntas frequentes sobre Mr.Goodie Shisha 50000 | 50K Puffs Vape descart\u00e1vel<\/h2>\n<p data-sourcepos=\"38:1-39:134\">\u2753 <strong data-sourcepos=\"38:3-38:44\">\u201cComo funciona o sistema de modo duplo?<br \/>\n\u201c<\/strong> \u2705 <strong data-sourcepos=\"39:3-39:134\">\u201cAlternar entre DTL (Direct-To-Lung) para persegui\u00e7\u00e3o de nuvens ou MTL (boca para pulm\u00e3o) para desenhos mais apertados usando o mesmo dispositivo.\u201d<\/strong><\/p>\n<p data-sourcepos=\"41:1-42:125\">\u2753 <strong data-sourcepos=\"41:3-41:47\">\u201cO que h\u00e1 de especial no Mega Display?<br \/>\n\u201c<\/strong> \u2705 <strong data-sourcepos=\"42:3-42:125\">\u201cA tela grande mostra claramente a contagem de baforadas, a dura\u00e7\u00e3o da bateria e a sele\u00e7\u00e3o do modo para f\u00e1cil monitoramento.\u201d<\/strong><\/p>\n<p data-sourcepos=\"44:1-45:120\">\u2753 <strong data-sourcepos=\"44:3-44:40\">\u201cPosso ajustar a densidade do vapor?<br \/>\n\u201c<\/strong> \u2705 <strong data-sourcepos=\"45:3-45:120\">\u201cSim, o anel de fluxo de ar ajust\u00e1vel permite personalizar a estanqueidade do MTL restrito ao DTL arejado.\u201d<\/strong><\/p>\n<p data-sourcepos=\"47:1-48:112\">\u2753 <strong data-sourcepos=\"47:3-47:40\">\u201cQuanto tempo dura a bateria?<br \/>\n\u201c<\/strong> \u2705 <strong data-sourcepos=\"48:3-48:112\">\u201cA bateria de 1100mAh oferece uso prolongado, com carregamento tipo C para reabastecimento r\u00e1pido em 1 hora.\u201d<\/strong><\/p>\n<p data-sourcepos=\"50:1-51:117\">\u2753 <strong data-sourcepos=\"50:3-50:45\">\u201cIsso \u00e9 adequado para ca\u00e7adores de sabores?<br \/>\n\u201c<\/strong> \u2705 <strong data-sourcepos=\"51:3-51:117\">\u201cAbsolutamente! A resist\u00eancia otimizada da bobina (0,5\u03a9 DTL\/0,1\u03a9 MTL) melhora a clareza do sabor em ambos os modos.\u201d<\/strong><\/p>\n<p>&nbsp;<\/p>\n<h3 id=\"brxe-najhln\" class=\"brxe-heading\">Perguntas frequentes (FAQ)<\/h3>\n<div id=\"brxe-rajiac\" class=\"brxe-text\">\n<p><strong>P: Quais m\u00e9todos de pagamento voc\u00ea aceita?<\/strong><br \/>\nR: Aceitamos PayPal, Stripe, transfer\u00eancias banc\u00e1rias (com suporte SEPA), os principais cart\u00f5es de cr\u00e9dito (Visa, MasterCard, American Express) e pagamentos em criptomoedas.<\/p>\n<p><strong>P: Quanto tempo leva a prepara\u00e7\u00e3o do pedido?<\/strong><br \/>\nR: A prepara\u00e7\u00e3o do pedido leva de 1 a 3 dias \u00fateis.<\/p>\n<p><strong>P: Qual \u00e9 o tempo de envio?<\/strong><br \/>\nR: O tempo de envio \u00e9 de 7 a 14 dias \u00fateis, dependendo da sua localiza\u00e7\u00e3o.<\/p>\n<p><strong>P: Como posso rastrear meu pedido?<\/strong><br \/>\nR: Ap\u00f3s o envio, voc\u00ea receber\u00e1 um e-mail de confirma\u00e7\u00e3o com um n\u00famero de rastreamento para rastreamento em tempo real.<\/p>\n<p><strong>P: Qual \u00e9 a sua pol\u00edtica de devolu\u00e7\u00e3o?<\/strong><br \/>\nR: Oferecemos uma pol\u00edtica de devolu\u00e7\u00e3o de 30 dias para reembolsos ou trocas. .<\/p>\n<p><strong>P: Haver\u00e1 algum problema alfandeg\u00e1rio?<br \/>\n<\/strong>Lidamos com todos os procedimentos de desembara\u00e7o aduaneiro para garantir uma experi\u00eancia descomplicada para voc\u00ea. .<\/p>\n<p><strong>P: Quais m\u00e9todos de envio s\u00e3o usados?<\/strong><br \/>\nCooperamos com UPS\/DHL\/FEDEX\/DPD, etc. Escolheremos a op\u00e7\u00e3o de envio apropriada dependendo do pa\u00eds de entrega para garantir que voc\u00ea receba seus produtos o mais r\u00e1pido poss\u00edvel.<\/p>\n<p><a href=\"https:\/\/pgvape.com\/pt\/perguntas-frequentes\/\">Clique aqui para mais perguntas frequentes<\/a><\/p>\n<p>Prezados clientes, Se voc\u00ea tiver alguma d\u00favida sobre seu pedido ou a chegada de mercadorias, entre em contato com nosso atendimento ao cliente. Obrigado!<\/p>\n<h3 data-sourcepos=\"73:1-73:21\"><strong data-sourcepos=\"73:7-73:21\">Contate-nos<\/strong><\/h3>\n<div id=\"text-2419739398\" class=\"text\">\n<p><strong data-sourcepos=\"75:3-75:12\">E-mail<\/strong>:\u00a0<a href=\"mailto:support@pgvape.com\"><strong>support@pgvape.com<\/strong><\/a><\/p>\n<p><strong data-sourcepos=\"76:3-76:15\">WhatsApp<\/strong>: <a href=\"https:\/\/wa.me\/+8618128481258\"><strong>+86 18128481258<\/strong><\/a><br \/>\n<strong>(Resposta em at\u00e9 24 horas em dias \u00fateis)<\/strong><\/p>\n<\/div>\n<h3><strong>Obrigado por escolher pgvape.com! .<\/strong><\/h3>\n<\/div>","protected":false},"excerpt":{"rendered":"<p><strong data-sourcepos=\"47:1-47:201\">\u201cMr.Goodie Shisha 50000 \u2013 O vape descart\u00e1vel de modo duplo definitivo que oferece puffs 30K DTL \/ 50K MTL, capacidade de 40ml, Mega Display e 12 sabores premium em um design elegante recarreg\u00e1vel Type-C de 1100mAh.\u201d<\/strong><\/p>","protected":false},"featured_media":3753,"comment_status":"open","ping_status":"closed","template":"","meta":{"_seopress_robots_primary_cat":"none","_seopress_titles_title":"%%post_title%% %%sep%% %%sitetitle%%","_seopress_titles_desc":"","_seopress_robots_index":""},"product_brand":[516,311],"product_cat":[61,515,312],"product_tag":[64,65,90,263,191,325,204],"class_list":{"0":"post-3747","1":"product","2":"type-product","3":"status-publish","4":"has-post-thumbnail","6":"product_brand-disposable-vape","7":"product_brand-mr-goodie-vape","8":"product_cat-50k-puffs-vape","9":"product_cat-disposable-vape","10":"product_cat-mr-goodie-vape","11":"product_tag-50k-puffs","12":"product_tag-50k-vape","13":"product_tag-disposable-vape","14":"product_tag-dtl-mtl","15":"product_tag-lcd-display","16":"product_tag-mr-goodie-shisha","17":"product_tag-vape-factory-direct","19":"first","20":"outofstock","21":"sale","22":"shipping-taxable","23":"purchasable","24":"product-type-variable"},"_links":{"self":[{"href":"https:\/\/pgvape.com\/pt\/wp-json\/wp\/v2\/product\/3747","targetHints":{"allow":["GET"]}}],"collection":[{"href":"https:\/\/pgvape.com\/pt\/wp-json\/wp\/v2\/product"}],"about":[{"href":"https:\/\/pgvape.com\/pt\/wp-json\/wp\/v2\/types\/product"}],"replies":[{"embeddable":true,"href":"https:\/\/pgvape.com\/pt\/wp-json\/wp\/v2\/comments?post=3747"}],"wp:featuredmedia":[{"embeddable":true,"href":"https:\/\/pgvape.com\/pt\/wp-json\/wp\/v2\/media\/3753"}],"wp:attachment":[{"href":"https:\/\/pgvape.com\/pt\/wp-json\/wp\/v2\/media?parent=3747"}],"wp:term":[{"taxonomy":"product_brand","embeddable":true,"href":"https:\/\/pgvape.com\/pt\/wp-json\/wp\/v2\/product_brand?post=3747"},{"taxonomy":"product_cat","embeddable":true,"href":"https:\/\/pgvape.com\/pt\/wp-json\/wp\/v2\/product_cat?post=3747"},{"taxonomy":"product_tag","embeddable":true,"href":"https:\/\/pgvape.com\/pt\/wp-json\/wp\/v2\/product_tag?post=3747"}],"curies":[{"name":"wp","href":"https:\/\/api.w.org\/{rel}","templated":true}]}}