{"id":3618,"date":"2025-10-18T10:11:10","date_gmt":"2025-10-18T10:11:10","guid":{"rendered":"https:\/\/pgvape.com\/?post_type=product&#038;p=3618"},"modified":"2026-03-05T14:33:53","modified_gmt":"2026-03-05T14:33:53","slug":"mr-goodie-dual-mode-king-50000-50k-puffs-descartaveis-vape-fluxo-de-ar-ajustavel-tela-cheia-display-led-vape-direto-da-fabrica","status":"publish","type":"product","link":"https:\/\/pgvape.com\/pt\/produto\/mr-goodie-dual-mode-king-50000-50k-puffs-descartaveis-vape-fluxo-de-ar-ajustavel-tela-cheia-display-led-vape-direto-da-fabrica\/","title":{"rendered":"Mr.Goodie Dual Mode King 50000 50K Puffs Vape Descart\u00e1vel Fluxo de Ar Ajust\u00e1vel Tela Cheia Display LED Vape Direto da F\u00e1brica"},"content":{"rendered":"<div class=\"auto-hide-last-sibling-br paragraph-JOTKXA paragraph-element br-paragraph-space\"><strong data-sourcepos=\"4:5-4:61\">Mr.Goodie Dual Mode King 50000 Puffs Vape Descart\u00e1vel<\/strong> Redefine a versatilidade com <strong data-sourcepos=\"4:89-4:119\">Modos ECO\/BOOST comut\u00e1veis<\/strong> (50K\/25K sopros) e <strong data-sourcepos=\"4:140-4:157\">Controle de toque<\/strong>. <strong data-sourcepos=\"4:171-4:189\">Bobina de malha dupla<\/strong>, <strong data-sourcepos=\"4:191-4:217\">Capacidade de E-L\u00edquido de 40mL<\/strong>, E <strong data-sourcepos=\"4:223-4:255\">Bateria recarreg\u00e1vel 1000mAh<\/strong>, Ele oferece desempenho incompar\u00e1vel. <strong data-sourcepos=\"4:323-4:345\">Fluxo de ar ajust\u00e1vel<\/strong> E monitore o uso via <strong data-sourcepos=\"4:368-4:395\">Tela LED em tela cheia<\/strong>. <strong data-sourcepos=\"4:410-4:433\">Sal de nicotina 2%\/5%<\/strong> E <strong data-sourcepos=\"4:438-4:460\">10 sabores premium<\/strong> Para satisfa\u00e7\u00e3o personalizada.<\/div>\n<p>&nbsp;<\/p>\n<h2><span style=\"font-size: 90%;\">Especifica\u00e7\u00f5es do Vape descart\u00e1vel Mr.Goodie Dual Mode King 50000 50K Puffs<\/span><\/h2>\n<p><strong data-sourcepos=\"9:3-9:17\">Modos de sopro<\/strong>:\u00a0<strong data-sourcepos=\"9:19-9:64\">ECO (50.000 baforadas) \/ BOOST (25.000 baforadas)<\/strong><\/p>\n<p><strong data-sourcepos=\"10:3-10:15\">Nicotina<\/strong>:\u00a0<strong data-sourcepos=\"10:17-10:42\">Sal de nicotina 2%\/5%<\/strong><\/p>\n<p><strong data-sourcepos=\"11:3-11:11\">Bobina<\/strong>:\u00a0<strong data-sourcepos=\"11:13-11:32\">Bobinas de malha dupla<\/strong><\/p>\n<p><strong data-sourcepos=\"12:3-12:15\">E-l\u00edquido<\/strong>:\u00a0<strong data-sourcepos=\"12:17-12:44\">Capacidade pr\u00e9-preenchida de 40mL<\/strong><\/p>\n<p><strong data-sourcepos=\"13:3-13:14\">Bateria<\/strong>:\u00a0<strong data-sourcepos=\"13:16-13:40\">1000mAh recarreg\u00e1vel<\/strong><\/p>\n<p><strong data-sourcepos=\"14:3-14:15\">Carregando<\/strong>:\u00a0<strong data-sourcepos=\"14:17-14:41\">Carregamento r\u00e1pido tipo C<\/strong><\/p>\n<p><strong data-sourcepos=\"15:3-15:14\">Mostrar<\/strong>:\u00a0<strong data-sourcepos=\"15:16-15:61\">LED de tela inteira (contagem de baforadas\/bateria\/modo)<\/strong><\/p>\n<p><strong data-sourcepos=\"16:3-16:14\">Fluxo de ar<\/strong>:\u00a0<strong data-sourcepos=\"16:16-16:38\">Controle ajust\u00e1vel<\/strong><\/p>\n<p>&nbsp;<\/p>\n<h3><span style=\"font-size: 90%;\">Mr.Goodie Dual Mode King 50000 50K Puffs Lista de sabores de vapor descart\u00e1veis<\/span><\/h3>\n<p>1. Milkshake de morango<\/p>\n<p>2. Razz Azul<\/p>\n<p>3. Gelo de melancia<\/p>\n<p>4. Ma\u00e7\u00e3 Canela<\/p>\n<p>5. Gelo de Lim\u00e3o Verde<\/p>\n<p>6. Gelo de manga e abacaxi<\/p>\n<p>7. Gelo suculento de p\u00eassego<\/p>\n<p>8.Maracuj\u00e1 Baunilha<\/p>\n<p>9. Gelo de Laranja Sangu\u00ednea<\/p>\n<p>10.Amor 66<\/p>\n<p>&nbsp;<\/p>\n<h3><span style=\"font-size: 90%;\">Mr.Goodie Dual Mode King 50000 50K Puffs Vape Descart\u00e1vel V\u00eddeo:<br \/>\n<iframe loading=\"lazy\" title=\"Mr.Goodie Dual Mode King 50K Puffs Vape Descart\u00e1vel | Fluxo de Ar Ajust\u00e1vel |Vape Direto da F\u00e1brica pgvape\" width=\"1020\" height=\"574\" src=\"https:\/\/www.youtube.com\/embed\/j3D2ewBjWaU?feature=oembed\" frameborder=\"0\" allow=\"accelerometer; autoplay; clipboard-write; encrypted-media; gyroscope; picture-in-picture; web-share\" referrerpolicy=\"strict-origin-when-cross-origin\" allowfullscreen><\/iframe><br \/>\n<\/span><\/h3>\n<h3 id=\"brxe-najhln\" class=\"brxe-heading\"><\/h3>\n<h2 class=\"header-vfC6AV auto-hide-last-sibling-br\">Perguntas frequentes sobre Mr.Goodie Dual Mode King 50000 50K Puffs Vape descart\u00e1vel<\/h2>\n<p data-sourcepos=\"35:1-36:115\">\u2753 <strong data-sourcepos=\"35:3-35:50\">\u201cComo os modos duplos melhoram a vaporiza\u00e7\u00e3o?<br \/>\n\u201c<\/strong> \u2705 <strong data-sourcepos=\"36:3-36:113\">\u201cO modo ECO maximiza a longevidade (50 mil baforadas), enquanto o modo BOOST intensifica o sabor\/vapor (25 mil baforadas).\u201d<\/strong><\/p>\n<p data-sourcepos=\"38:1-39:76\">\u2753 <strong data-sourcepos=\"38:3-38:52\">\u201cO que h\u00e1 de especial no Touch Control?<br \/>\n\u201c<\/strong> \u2705 <strong data-sourcepos=\"39:3-39:74\">\u201cMude de modo instantaneamente com um toque \u2013 sem bot\u00f5es ou configura\u00e7\u00f5es complexas.\u201d<\/strong><\/p>\n<p data-sourcepos=\"41:1-42:105\">\u2753 <strong data-sourcepos=\"41:3-41:47\">\u201cA bobina de malha melhora o sabor?<br \/>\n\u201c<\/strong> \u2705 <strong data-sourcepos=\"42:3-42:103\">\u201cAs bobinas de malha dupla garantem um aquecimento mais r\u00e1pido e um sabor mais rico do 20% em compara\u00e7\u00e3o com as bobinas padr\u00e3o.\u201d<\/strong><\/p>\n<p data-sourcepos=\"44:1-45:113\">\u2753 <strong data-sourcepos=\"44:3-44:44\">\u201cQuanto tempo dura a bateria?<br \/>\n\u201c<\/strong> \u2705 <strong data-sourcepos=\"45:3-45:111\">\u201cA bateria de 1000mAh suporta mais de 48 horas no modo ECO; o carregamento Type-C reabastece em 45 minutos.\u201d<\/strong><\/p>\n<p data-sourcepos=\"47:1-48:111\">\u2753 <strong data-sourcepos=\"47:3-47:40\">\u201cPosso ajustar a densidade do vapor?<br \/>\n\u201c<\/strong> \u2705<strong data-sourcepos=\"48:3-48:109\">\u201cSim! O anel de controle de fluxo de ar personaliza a estanqueidade da tra\u00e7\u00e3o de MTL restrito para DTL arejado.\u201d<\/strong><\/p>\n<p>&nbsp;<\/p>\n<h3 id=\"brxe-najhln\" class=\"brxe-heading\">Perguntas frequentes (FAQ)<\/h3>\n<div id=\"brxe-rajiac\" class=\"brxe-text\">\n<p><strong>P: Quais m\u00e9todos de pagamento voc\u00ea aceita?<\/strong><br \/>\nR: Aceitamos PayPal, Stripe, transfer\u00eancias banc\u00e1rias (com suporte SEPA), os principais cart\u00f5es de cr\u00e9dito (Visa, MasterCard, American Express) e pagamentos em criptomoedas.<\/p>\n<p><strong>P: Quanto tempo leva a prepara\u00e7\u00e3o do pedido?<\/strong><br \/>\nR: A prepara\u00e7\u00e3o do pedido leva de 1 a 3 dias \u00fateis.<\/p>\n<p><strong>P: Qual \u00e9 o tempo de envio?<\/strong><br \/>\nR: O tempo de envio \u00e9 de 7 a 14 dias \u00fateis, dependendo da sua localiza\u00e7\u00e3o.<\/p>\n<p><strong>P: Como posso rastrear meu pedido?<\/strong><br \/>\nR: Ap\u00f3s o envio, voc\u00ea receber\u00e1 um e-mail de confirma\u00e7\u00e3o com um n\u00famero de rastreamento para rastreamento em tempo real.<\/p>\n<p><strong>P: Qual \u00e9 a sua pol\u00edtica de devolu\u00e7\u00e3o?<\/strong><br \/>\nR: Oferecemos uma pol\u00edtica de devolu\u00e7\u00e3o de 30 dias para reembolsos ou trocas. .<\/p>\n<p><strong>P: Haver\u00e1 algum problema alfandeg\u00e1rio?<br \/>\n<\/strong>Lidamos com todos os procedimentos de desembara\u00e7o aduaneiro para garantir uma experi\u00eancia descomplicada para voc\u00ea. .<\/p>\n<p><strong>P: Quais m\u00e9todos de envio s\u00e3o usados?<\/strong><br \/>\nCooperamos com UPS\/DHL\/FEDEX\/DPD, etc. Escolheremos a op\u00e7\u00e3o de envio apropriada dependendo do pa\u00eds de entrega para garantir que voc\u00ea receba seus produtos o mais r\u00e1pido poss\u00edvel.<\/p>\n<p><a href=\"https:\/\/pgvape.com\/pt\/perguntas-frequentes\/\">Clique aqui para mais perguntas frequentes<\/a><\/p>\n<p>Prezados clientes, Se voc\u00ea tiver alguma d\u00favida sobre seu pedido ou a chegada de mercadorias, entre em contato com nosso atendimento ao cliente. Obrigado!<\/p>\n<h3 data-sourcepos=\"73:1-73:21\"><strong data-sourcepos=\"73:7-73:21\">Contate-nos<\/strong><\/h3>\n<div id=\"text-2419739398\" class=\"text\">\n<p><strong data-sourcepos=\"75:3-75:12\">E-mail<\/strong>:\u00a0<a href=\"mailto:support@pgvape.com\"><strong>support@pgvape.com<\/strong><\/a><\/p>\n<p><strong data-sourcepos=\"76:3-76:15\">WhatsApp<\/strong>: <a href=\"https:\/\/wa.me\/+8618128481258\"><strong>+86 18128481258<\/strong><\/a><br \/>\n<strong>(Resposta em at\u00e9 24 horas em dias \u00fateis)<\/strong><\/p>\n<\/div>\n<h3><strong>Obrigado por escolher pgvape.com! .<\/strong><\/h3>\n<\/div>","protected":false},"excerpt":{"rendered":"<p><strong data-sourcepos=\"53:1-53:222\">\u201cMr.Goodie Dual Mode King 50000: o vape descart\u00e1vel 2 em 1 definitivo com modos ECO\/BOOST, bobinas de malha dupla, capacidade de 40mL e 10 sabores - alimentado por uma bateria de 1000mAh com carregamento tipo C.\u201d<\/strong><\/p>","protected":false},"featured_media":3631,"comment_status":"open","ping_status":"closed","template":"","meta":{"_seopress_robots_primary_cat":"none","_seopress_titles_title":"%%post_title%% %%sep%% %%sitetitle%%","_seopress_titles_desc":"","_seopress_robots_index":""},"product_brand":[516,311],"product_cat":[61,515,312],"product_tag":[318,135,90,320,319,313,204],"class_list":{"0":"post-3618","1":"product","2":"type-product","3":"status-publish","4":"has-post-thumbnail","6":"product_brand-disposable-vape","7":"product_brand-mr-goodie-vape","8":"product_cat-50k-puffs-vape","9":"product_cat-disposable-vape","10":"product_cat-mr-goodie-vape","11":"product_tag-50k-puffs-vape","12":"product_tag-adjustable-airflow","13":"product_tag-disposable-vape","14":"product_tag-dual-mode-king","15":"product_tag-full-screen-led-display","16":"product_tag-mr-goodie","17":"product_tag-vape-factory-direct","19":"first","20":"outofstock","21":"sale","22":"shipping-taxable","23":"purchasable","24":"product-type-variable"},"_links":{"self":[{"href":"https:\/\/pgvape.com\/pt\/wp-json\/wp\/v2\/product\/3618","targetHints":{"allow":["GET"]}}],"collection":[{"href":"https:\/\/pgvape.com\/pt\/wp-json\/wp\/v2\/product"}],"about":[{"href":"https:\/\/pgvape.com\/pt\/wp-json\/wp\/v2\/types\/product"}],"replies":[{"embeddable":true,"href":"https:\/\/pgvape.com\/pt\/wp-json\/wp\/v2\/comments?post=3618"}],"wp:featuredmedia":[{"embeddable":true,"href":"https:\/\/pgvape.com\/pt\/wp-json\/wp\/v2\/media\/3631"}],"wp:attachment":[{"href":"https:\/\/pgvape.com\/pt\/wp-json\/wp\/v2\/media?parent=3618"}],"wp:term":[{"taxonomy":"product_brand","embeddable":true,"href":"https:\/\/pgvape.com\/pt\/wp-json\/wp\/v2\/product_brand?post=3618"},{"taxonomy":"product_cat","embeddable":true,"href":"https:\/\/pgvape.com\/pt\/wp-json\/wp\/v2\/product_cat?post=3618"},{"taxonomy":"product_tag","embeddable":true,"href":"https:\/\/pgvape.com\/pt\/wp-json\/wp\/v2\/product_tag?post=3618"}],"curies":[{"name":"wp","href":"https:\/\/api.w.org\/{rel}","templated":true}]}}