{"id":3416,"date":"2025-10-14T02:39:58","date_gmt":"2025-10-14T02:39:58","guid":{"rendered":"https:\/\/pgvape.com\/?post_type=product&#038;p=3416"},"modified":"2025-12-15T12:48:27","modified_gmt":"2025-12-15T12:48:27","slug":"zooy-zero-45000-45k-puffs-vape-descartavel-controle-nicice-fluxo-de-ar-ajustavel-bobina-de-malha-dupla-vape-direto-da-fabrica","status":"publish","type":"product","link":"https:\/\/pgvape.com\/pt\/produto\/zooy-zero-45000-45k-puffs-vape-descartavel-controle-nicice-fluxo-de-ar-ajustavel-bobina-de-malha-dupla-vape-direto-da-fabrica\/","title":{"rendered":"ZOOY ZERO 45000 45K Puffs Vape Descart\u00e1vel Nic&amp;Ice Controle Fluxo de Ar Ajust\u00e1vel Bobina de Malha Dupla Vape Direto da F\u00e1brica"},"content":{"rendered":"<div class=\"auto-hide-last-sibling-br paragraph-JOTKXA paragraph-element br-paragraph-space\"><strong data-sourcepos=\"4:5-4:46\">ZOOY ZERO 45000 baforadas Vape descart\u00e1vel<\/strong> Redefine a personaliza\u00e7\u00e3o com <strong data-sourcepos=\"4:76-4:106\">Controle NIC e ICE ajust\u00e1vel<\/strong>, <strong data-sourcepos=\"4:108-4:127\">Bobinas de malha dupla<\/strong>, E <strong data-sourcepos=\"4:133-4:150\">Visor inteligente<\/strong>. <strong data-sourcepos=\"4:164-4:196\">Bateria recarreg\u00e1vel 1000mAh<\/strong> E <strong data-sourcepos=\"4:201-4:225\">Carregamento r\u00e1pido tipo C<\/strong>, Ele oferece <strong data-sourcepos=\"4:239-4:266\">45.000 baforadas ultralongas<\/strong>. <strong data-sourcepos=\"4:301-4:323\">Fluxo de ar ajust\u00e1vel<\/strong> E escolha entre <strong data-sourcepos=\"4:340-4:362\">10 sabores premium<\/strong> Para satisfa\u00e7\u00e3o personalizada.<img loading=\"lazy\" decoding=\"async\" class=\"alignnone wp-image-3432 size-full\" style=\"font-size: 14.4px;\" src=\"https:\/\/pgvape.com\/wp-content\/uploads\/2025\/10\/pgvape-ZOOY-ZERO-45000-45k-puffs-NicIce-Control-Disposable-Vape-Factory-Direct-12.png\" alt=\"Banner promocional mostrando dispositivos vape descart\u00e1veis \u200b\u200bZooy Zero 45000 e embalagens \u2013 tr\u00eas dispositivos coloridos em estilo pod (azul, vermelho, amarelo) com telas circulares de arco-\u00edris e caixas rotuladas Watermelon Ice, contra um gradiente rosa a azul com o grande nome do produto ZOOY ZERO 45000 e \u00edcones para controle NIC&amp;ICE, bobina de malha dupla e bateria de 1000mAh.\" width=\"1500\" height=\"312\" srcset=\"https:\/\/pgvape.com\/wp-content\/uploads\/2025\/10\/pgvape-ZOOY-ZERO-45000-45k-puffs-NicIce-Control-Disposable-Vape-Factory-Direct-12.png 1500w, https:\/\/pgvape.com\/wp-content\/uploads\/2025\/10\/pgvape-ZOOY-ZERO-45000-45k-puffs-NicIce-Control-Disposable-Vape-Factory-Direct-12-555x115.png 555w, https:\/\/pgvape.com\/wp-content\/uploads\/2025\/10\/pgvape-ZOOY-ZERO-45000-45k-puffs-NicIce-Control-Disposable-Vape-Factory-Direct-12-595x124.png 595w, https:\/\/pgvape.com\/wp-content\/uploads\/2025\/10\/pgvape-ZOOY-ZERO-45000-45k-puffs-NicIce-Control-Disposable-Vape-Factory-Direct-12-400x83.png 400w, https:\/\/pgvape.com\/wp-content\/uploads\/2025\/10\/pgvape-ZOOY-ZERO-45000-45k-puffs-NicIce-Control-Disposable-Vape-Factory-Direct-12-768x160.png 768w, https:\/\/pgvape.com\/wp-content\/uploads\/2025\/10\/pgvape-ZOOY-ZERO-45000-45k-puffs-NicIce-Control-Disposable-Vape-Factory-Direct-12-18x4.png 18w, https:\/\/pgvape.com\/wp-content\/uploads\/2025\/10\/pgvape-ZOOY-ZERO-45000-45k-puffs-NicIce-Control-Disposable-Vape-Factory-Direct-12-600x125.png 600w, https:\/\/pgvape.com\/wp-content\/uploads\/2025\/10\/pgvape-ZOOY-ZERO-45000-45k-puffs-NicIce-Control-Disposable-Vape-Factory-Direct-12-60x12.png 60w\" sizes=\"auto, (max-width: 1500px) 100vw, 1500px\" \/><\/div>\n<p>&nbsp;<\/p>\n<h3><span style=\"font-size: 90%;\">ZOOY ZERO 45000 | 45K Puffs Control Especifica\u00e7\u00f5es de Vape descart\u00e1veis<\/span><\/h3>\n<p><strong data-sourcepos=\"9:3-9:17\">Contagem de sopros<\/strong>:\u00a0<strong data-sourcepos=\"9:19-9:35\">45.000 baforadas<\/strong><\/p>\n<p><strong data-sourcepos=\"10:3-10:15\">Nicotina<\/strong>:\u00a0<strong data-sourcepos=\"10:17-10:43\">Controle NIC ajust\u00e1vel<\/strong><\/p>\n<p><strong data-sourcepos=\"11:3-11:14\">Resfriamento<\/strong>:\u00a0<strong data-sourcepos=\"11:16-11:42\">Controle ICE ajust\u00e1vel<\/strong><\/p>\n<p><strong data-sourcepos=\"12:3-12:11\">Bobina<\/strong>:\u00a0<strong data-sourcepos=\"12:13-12:44\">Bobinas de malha dupla de 0,6\u03a9 + 1,5\u03a9<\/strong><\/p>\n<p><strong data-sourcepos=\"13:3-13:14\">Bateria<\/strong>:\u00a0<strong data-sourcepos=\"13:16-13:40\">1000mAh recarreg\u00e1vel<\/strong><\/p>\n<p><strong data-sourcepos=\"14:3-14:15\">Carregando<\/strong>:\u00a0<strong data-sourcepos=\"14:17-14:41\">Carregamento r\u00e1pido tipo C<\/strong><\/p>\n<p><strong data-sourcepos=\"15:3-15:14\">Mostrar<\/strong>:\u00a0<strong data-sourcepos=\"15:16-15:62\">Tela inteligente (contagem de baforadas\/bateria\/e-l\u00edquido)<\/strong><\/p>\n<p><strong data-sourcepos=\"16:3-16:14\">Fluxo de ar<\/strong>:\u00a0<strong data-sourcepos=\"16:16-16:40\">Ajust\u00e1vel (MTL\/DTL)<\/strong><\/p>\n<p>&nbsp;<\/p>\n<h3><span style=\"font-size: 90%;\">ZOOY ZERO 45000 | 45K Puffs Control Lista de sabores de Vape descart\u00e1veis<\/span><\/h3>\n<p>1. Gelo de melancia<\/p>\n<p>2. Gelo de mirtilo<\/p>\n<p>3. Melancia Morango<\/p>\n<p>4.Lemon-Cola<\/p>\n<p>5. Morango Kiwi<\/p>\n<p>6. Uva Ma\u00e7\u00e3<\/p>\n<p>7. Pop de morango e laranja<\/p>\n<p>8. Gelo Razz Azul<\/p>\n<p>9. Melancia com mirtilo<\/p>\n<p>10.Manga Paix\u00e3o Goiaba<br \/>\n<img loading=\"lazy\" decoding=\"async\" class=\"alignnone wp-image-3430 size-full\" src=\"https:\/\/pgvape.com\/wp-content\/uploads\/2025\/10\/pgvape-ZOOY-ZERO-45000-45k-puffs-NicIce-Control-Disposable-Vape-Factory-Direct-10.png\" alt=\"Dez dispositivos vape descart\u00e1veis \u200b\u200bretangulares coloridos dispostos em duas fileiras, cada um com um bocal preto, logotipo ZERO 45000 grande e arte e r\u00f3tulos de pequenos sabores, incluindo melancia de morango, refrigerante de laranja e morango, goiaba de manga e paix\u00e3o, gelo Razz azul, melancia de mirtilo, gelo de mirtilo, cola de lim\u00e3o, gelo de melancia, ma\u00e7\u00e3 de uva e kiwi de morango.\" width=\"1000\" height=\"1000\" srcset=\"https:\/\/pgvape.com\/wp-content\/uploads\/2025\/10\/pgvape-ZOOY-ZERO-45000-45k-puffs-NicIce-Control-Disposable-Vape-Factory-Direct-10.png 1000w, https:\/\/pgvape.com\/wp-content\/uploads\/2025\/10\/pgvape-ZOOY-ZERO-45000-45k-puffs-NicIce-Control-Disposable-Vape-Factory-Direct-10-360x360.png 360w, https:\/\/pgvape.com\/wp-content\/uploads\/2025\/10\/pgvape-ZOOY-ZERO-45000-45k-puffs-NicIce-Control-Disposable-Vape-Factory-Direct-10-595x595.png 595w, https:\/\/pgvape.com\/wp-content\/uploads\/2025\/10\/pgvape-ZOOY-ZERO-45000-45k-puffs-NicIce-Control-Disposable-Vape-Factory-Direct-10-400x400.png 400w, https:\/\/pgvape.com\/wp-content\/uploads\/2025\/10\/pgvape-ZOOY-ZERO-45000-45k-puffs-NicIce-Control-Disposable-Vape-Factory-Direct-10-768x768.png 768w, https:\/\/pgvape.com\/wp-content\/uploads\/2025\/10\/pgvape-ZOOY-ZERO-45000-45k-puffs-NicIce-Control-Disposable-Vape-Factory-Direct-10-12x12.png 12w, https:\/\/pgvape.com\/wp-content\/uploads\/2025\/10\/pgvape-ZOOY-ZERO-45000-45k-puffs-NicIce-Control-Disposable-Vape-Factory-Direct-10-300x300.png 300w, https:\/\/pgvape.com\/wp-content\/uploads\/2025\/10\/pgvape-ZOOY-ZERO-45000-45k-puffs-NicIce-Control-Disposable-Vape-Factory-Direct-10-600x600.png 600w, https:\/\/pgvape.com\/wp-content\/uploads\/2025\/10\/pgvape-ZOOY-ZERO-45000-45k-puffs-NicIce-Control-Disposable-Vape-Factory-Direct-10-100x100.png 100w, https:\/\/pgvape.com\/wp-content\/uploads\/2025\/10\/pgvape-ZOOY-ZERO-45000-45k-puffs-NicIce-Control-Disposable-Vape-Factory-Direct-10-40x40.png 40w\" sizes=\"auto, (max-width: 1000px) 100vw, 1000px\" \/><\/p>\n<h3><span style=\"font-size: 90%;\">ZOOY ZERO 45000 45K Puffs Nic&amp;Ice Control V\u00eddeo descart\u00e1vel de Vape<strong>\uff1a<\/strong><\/span><\/h3>\n<p>&nbsp;<\/p>\n<h2 class=\"header-vfC6AV auto-hide-last-sibling-br\">Perguntas frequentes sobre ZOOY ZERO 45000 | 45K Puffs Control Vape descart\u00e1vel<\/h2>\n<p data-sourcepos=\"35:1-36:129\">\u2753 <strong data-sourcepos=\"35:3-35:47\">\u201cComo funciona o controle NIC e ICE?<br \/>\n\u201c<\/strong> \u2705 <strong data-sourcepos=\"36:3-36:127\">\u201cAjuste de forma independente a for\u00e7a da nicotina e o resfriamento do mentol por meio de controles intuitivos para um golpe personalizado na garganta.\u201d<\/strong><\/p>\n<p data-sourcepos=\"38:1-39:115\">\u2753 <strong data-sourcepos=\"38:3-38:54\">\u201cO que h\u00e1 de especial nas bobinas de malha dupla?<br \/>\n\u201c<\/strong> \u2705 <strong data-sourcepos=\"39:3-39:113\">\u201cBobinas de 0,6\u03a9 + 1,5\u03a9 otimizam sabor\/vapor para MTL (Tighter Draw) e DTL (Cloud Chasing).\u201d<\/strong><\/p>\n<p data-sourcepos=\"41:1-42:106\">\u2753 <strong data-sourcepos=\"41:3-41:47\">\u201cQu\u00e3o preciso \u00e9 o display inteligente?<br \/>\n\u201c<\/strong> \u2705 <strong data-sourcepos=\"42:3-42:104\">\u201cRastreia a contagem de puffs em tempo real, a bateria % e os n\u00edveis de l\u00edquido eletr\u00f4nico para monitoramento preciso.\u201d<\/strong><\/p>\n<p data-sourcepos=\"44:1-45:101\">\u2753 <strong data-sourcepos=\"44:3-44:41\">\u201cA bateria dura muito?<br \/>\n\u201c<\/strong> \u2705 <strong data-sourcepos=\"45:3-45:99\">\u201cA bateria de 1000mAh suporta mais de 48 horas; o carregamento tipo C reabastece em 45 minutos.\u201d<\/strong><\/p>\n<p data-sourcepos=\"47:1-48:104\">\u2753 <strong data-sourcepos=\"47:3-47:43\">\u201cPosso personalizar a densidade do vapor?<br \/>\n\u201c<\/strong> \u2705 <strong data-sourcepos=\"48:3-48:102\">\u201cSim! O fluxo de ar ajust\u00e1vel permite que voc\u00ea escolha entre sorteios MTL restritos ou DTL arejados.\u201d<\/strong><\/p>\n<p>&nbsp;<\/p>\n<h3 id=\"brxe-najhln\" class=\"brxe-heading\">Perguntas frequentes (FAQ)<\/h3>\n<div id=\"brxe-rajiac\" class=\"brxe-text\">\n<p><strong>P: Quais m\u00e9todos de pagamento voc\u00ea aceita?<\/strong><br \/>\nR: Aceitamos PayPal, Stripe, transfer\u00eancias banc\u00e1rias (com suporte SEPA), os principais cart\u00f5es de cr\u00e9dito (Visa, MasterCard, American Express) e pagamentos em criptomoedas.<\/p>\n<p><strong>P: Quanto tempo leva a prepara\u00e7\u00e3o do pedido?<\/strong><br \/>\nR: A prepara\u00e7\u00e3o do pedido leva de 1 a 3 dias \u00fateis.<\/p>\n<p><strong>P: Qual \u00e9 o tempo de envio?<\/strong><br \/>\nR: O tempo de envio \u00e9 de 7 a 14 dias \u00fateis, dependendo da sua localiza\u00e7\u00e3o.<\/p>\n<p><strong>P: Como posso rastrear meu pedido?<\/strong><br \/>\nR: Ap\u00f3s o envio, voc\u00ea receber\u00e1 um e-mail de confirma\u00e7\u00e3o com um n\u00famero de rastreamento para rastreamento em tempo real.<\/p>\n<p><strong>P: Qual \u00e9 a sua pol\u00edtica de devolu\u00e7\u00e3o?<\/strong><br \/>\nR: Oferecemos uma pol\u00edtica de devolu\u00e7\u00e3o de 30 dias para reembolsos ou trocas. .<\/p>\n<p><strong>P: Haver\u00e1 algum problema alfandeg\u00e1rio?<br \/>\n<\/strong>Lidamos com todos os procedimentos de desembara\u00e7o aduaneiro para garantir uma experi\u00eancia descomplicada para voc\u00ea. .<\/p>\n<p><strong>P: Quais m\u00e9todos de envio s\u00e3o usados?<\/strong><br \/>\nCooperamos com UPS\/DHL\/FEDEX\/DPD, etc. Escolheremos a op\u00e7\u00e3o de envio apropriada dependendo do pa\u00eds de entrega para garantir que voc\u00ea receba seus produtos o mais r\u00e1pido poss\u00edvel.<\/p>\n<p><a href=\"https:\/\/pgvape.com\/pt\/perguntas-frequentes\/\">Clique aqui para mais perguntas frequentes<\/a><\/p>\n<p>Prezados clientes, Se voc\u00ea tiver alguma d\u00favida sobre seu pedido ou a chegada de mercadorias, entre em contato com nosso atendimento ao cliente. Obrigado!<\/p>\n<h3 data-sourcepos=\"73:1-73:21\"><strong data-sourcepos=\"73:7-73:21\">Contate-nos<\/strong><\/h3>\n<div id=\"text-2419739398\" class=\"text\">\n<p><strong data-sourcepos=\"75:3-75:12\">E-mail<\/strong>:\u00a0<a href=\"mailto:support@pgvape.com\"><strong>support@pgvape.com<\/strong><\/a><\/p>\n<p><strong data-sourcepos=\"76:3-76:15\">WhatsApp<\/strong>: <a href=\"https:\/\/wa.me\/+8618128481258\"><strong>+86 18128481258<\/strong><\/a><br \/>\n<strong>(Resposta em at\u00e9 24 horas em dias \u00fateis)<\/strong><\/p>\n<\/div>\n<h3><strong>Obrigado por escolher pgvape.com! .<\/strong><\/h3>\n<\/div>","protected":false},"excerpt":{"rendered":"<p><strong data-sourcepos=\"53:1-53:209\">\u201cZOOY ZERO 45000: o vape descart\u00e1vel personaliz\u00e1vel definitivo com controle NIC e ICE, bobinas de malha dupla, display inteligente e 10 sabores - alimentado por uma bateria de 1000mAh para 45.000 baforadas.\u201d<\/strong><\/p>","protected":false},"featured_media":3420,"comment_status":"open","ping_status":"closed","template":"","meta":{"_seopress_robots_primary_cat":"none","_seopress_titles_title":"%%post_title%% %%sep%% %%sitetitle%%","_seopress_titles_desc":"","_seopress_robots_index":""},"product_brand":[516,291],"product_cat":[308,515,290],"product_tag":[310,135,90,257,297,136,309],"class_list":{"0":"post-3416","1":"product","2":"type-product","3":"status-publish","4":"has-post-thumbnail","6":"product_brand-disposable-vape","7":"product_brand-zooy-vape","8":"product_cat-45k-puffs-vape","9":"product_cat-disposable-vape","10":"product_cat-zooy-vape","11":"product_tag-45k-puffs-vape","12":"product_tag-adjustable-airflow","13":"product_tag-disposable-vape","14":"product_tag-dual-mesh-coil","15":"product_tag-nicice-control","16":"product_tag-smart-screen","17":"product_tag-zooy-zero-45000","19":"first","20":"instock","21":"sale","22":"shipping-taxable","23":"purchasable","24":"product-type-variable"},"_links":{"self":[{"href":"https:\/\/pgvape.com\/pt\/wp-json\/wp\/v2\/product\/3416","targetHints":{"allow":["GET"]}}],"collection":[{"href":"https:\/\/pgvape.com\/pt\/wp-json\/wp\/v2\/product"}],"about":[{"href":"https:\/\/pgvape.com\/pt\/wp-json\/wp\/v2\/types\/product"}],"replies":[{"embeddable":true,"href":"https:\/\/pgvape.com\/pt\/wp-json\/wp\/v2\/comments?post=3416"}],"wp:featuredmedia":[{"embeddable":true,"href":"https:\/\/pgvape.com\/pt\/wp-json\/wp\/v2\/media\/3420"}],"wp:attachment":[{"href":"https:\/\/pgvape.com\/pt\/wp-json\/wp\/v2\/media?parent=3416"}],"wp:term":[{"taxonomy":"product_brand","embeddable":true,"href":"https:\/\/pgvape.com\/pt\/wp-json\/wp\/v2\/product_brand?post=3416"},{"taxonomy":"product_cat","embeddable":true,"href":"https:\/\/pgvape.com\/pt\/wp-json\/wp\/v2\/product_cat?post=3416"},{"taxonomy":"product_tag","embeddable":true,"href":"https:\/\/pgvape.com\/pt\/wp-json\/wp\/v2\/product_tag?post=3416"}],"curies":[{"name":"wp","href":"https:\/\/api.w.org\/{rel}","templated":true}]}}