{"id":3328,"date":"2025-10-13T11:16:01","date_gmt":"2025-10-13T11:16:01","guid":{"rendered":"https:\/\/pgvape.com\/?post_type=product&#038;p=3328"},"modified":"2025-12-15T12:49:35","modified_gmt":"2025-12-15T12:49:35","slug":"zooy-shisha-25000-25k-puffs-descartaveis-vape-fluxo-de-ar-ajustavel-tela-animada-vape-direto-da-fabrica","status":"publish","type":"product","link":"https:\/\/pgvape.com\/pt\/produto\/zooy-shisha-25000-25k-puffs-descartaveis-vape-fluxo-de-ar-ajustavel-tela-animada-vape-direto-da-fabrica\/","title":{"rendered":"ZOOY SHISHA 25000 25K Puffs Vape Descart\u00e1vel Fluxo de Ar Ajust\u00e1vel Tela Animada Vape Direto da F\u00e1brica"},"content":{"rendered":"<div class=\"auto-hide-last-sibling-br paragraph-JOTKXA paragraph-element br-paragraph-space\"><strong data-sourcepos=\"4:5-4:46\">ZOOY SHISHA 25K Puffs Vape Descart\u00e1vel<\/strong><span class=\"CustomP_animated_char__m3r9w\">\u00a0<\/span><span class=\"CustomP_animated_char__m3r9w\">Combina<\/span><span class=\"CustomP_animated_char__m3r9w\">\u00a0<\/span><strong data-sourcepos=\"4:56-4:80\">Desempenho Estendido<\/strong><span class=\"CustomP_animated_char__m3r9w\">\u00a0<\/span><span class=\"CustomP_animated_char__m3r9w\">Com<\/span><span class=\"CustomP_animated_char__m3r9w\">\u00a0<\/span><strong data-sourcepos=\"4:86-4:111\">Personaliza\u00e7\u00e3o Premium<\/strong><span class=\"CustomP_animated_char__m3r9w\">.<\/span><span class=\"CustomP_animated_char__m3r9w\">\u00a0<\/span><span class=\"CustomP_animated_char__m3r9w\">Apresentando<\/span><span class=\"CustomP_animated_char__m3r9w\">\u00a0<\/span><strong data-sourcepos=\"4:123-4:139\">25.000 baforadas<\/strong>, <strong data-sourcepos=\"4:141-4:167\">Capacidade de e-l\u00edquido de 28mL<\/strong>, E <strong data-sourcepos=\"4:173-4:191\">bobina de malha 0.5\u03a9<\/strong>, Ele oferece <strong data-sourcepos=\"4:205-4:220\">Sabor rico<\/strong> E <strong data-sourcepos=\"4:225-4:241\">Vapor Suave<\/strong>. <strong data-sourcepos=\"4:255-4:279\">0%\/2%\/3%\/5% Nicotina<\/strong> Op\u00e7\u00f5es com <strong data-sourcepos=\"4:293-4:315\">Fluxo de ar ajust\u00e1vel<\/strong> Para <strong data-sourcepos=\"4:320-4:331\">MTL\/DTL<\/strong> Flexibilidade. <strong data-sourcepos=\"4:349-4:368\">Tela Animada<\/strong>, <strong data-sourcepos=\"4:370-4:401\">Bateria recarreg\u00e1vel 650mAh<\/strong>, E <strong data-sourcepos=\"4:407-4:426\">Carregamento tipo C<\/strong> Garanta um uso conveniente e duradouro. <strong data-sourcepos=\"4:473-4:490\">Tampa anti-poeira<\/strong> E <strong data-sourcepos=\"4:495-4:517\">10 sabores premium<\/strong><span class=\"CustomP_animated_char__m3r9w\">\u00a0<\/span><span class=\"CustomP_animated_char__m3r9w\">Para<\/span><span class=\"CustomP_animated_char__m3r9w\">\u00a0<\/span><span class=\"CustomP_animated_char__m3r9w\">UM<\/span><span class=\"CustomP_animated_char__m3r9w\">\u00a0<\/span><span class=\"CustomP_animated_char__m3r9w\">Superior<\/span><span class=\"CustomP_animated_char__m3r9w\">\u00a0<\/span><span class=\"CustomP_animated_char__m3r9w\">Vaporizar<\/span><span class=\"CustomP_animated_char__m3r9w\">\u00a0<\/span><span class=\"CustomP_animated_char__m3r9w\">Experi\u00eancia<\/span><span class=\"CustomP_animated_char__m3r9w\">.<\/span><span style=\"color: #555555; font-size: 14.4px;\">\u00a0<\/span><\/div>\n<p>&nbsp;<\/p>\n<h3><span style=\"font-size: 90%;\">Especifica\u00e7\u00f5es do Vape descart\u00e1vel ZOOY SHISHA 25000 | 25K Puffs<\/span><\/h3>\n<p><strong data-sourcepos=\"9:3-9:17\">Contagem de sopros<\/strong>:\u00a0<strong data-sourcepos=\"9:19-9:35\">25.000 baforadas<\/strong><\/p>\n<p><strong data-sourcepos=\"10:3-10:15\">Nicotina<\/strong>:\u00a0<strong data-sourcepos=\"10:17-10:46\">Op\u00e7\u00f5es 0% \/ 2% \/ 3% \/ 5%<\/strong><\/p>\n<p><strong data-sourcepos=\"11:3-11:15\">E-l\u00edquido<\/strong>:\u00a0<strong data-sourcepos=\"11:17-11:44\">Capacidade pr\u00e9-preenchida de 28mL<\/strong><\/p>\n<p><strong data-sourcepos=\"12:3-12:11\">Bobina<\/strong>:\u00a0<strong data-sourcepos=\"12:13-12:31\">bobina de malha 0.5\u03a9<\/strong><\/p>\n<p><strong data-sourcepos=\"13:3-13:14\">Bateria<\/strong>:\u00a0<strong data-sourcepos=\"13:16-13:39\">650mAh recarreg\u00e1vel<\/strong><\/p>\n<p><strong data-sourcepos=\"14:3-14:15\">Carregando<\/strong>:\u00a0<strong data-sourcepos=\"14:17-14:41\">Carregamento r\u00e1pido tipo C<\/strong><\/p>\n<p><strong data-sourcepos=\"15:3-15:14\">Mostrar<\/strong>:\u00a0<strong data-sourcepos=\"15:16-15:41\">Tela inteligente animada<\/strong><\/p>\n<p><strong data-sourcepos=\"16:3-16:14\">Fluxo de ar<\/strong>:\u00a0<strong data-sourcepos=\"16:16-16:40\">Ajust\u00e1vel (MTL\/DTL)<\/strong><\/p>\n<p><strong data-sourcepos=\"17:3-17:14\">Pacote<\/strong>:\u00a0<strong data-sourcepos=\"17:16-17:42\">Inclui tampa antipoeira<\/strong><\/p>\n<p>&nbsp;<\/p>\n<h3><span style=\"font-size: 90%;\">ZOOY SHISHA 25000 | Lista de sabores de vapor descart\u00e1veis \u200b\u200bde 25K Puffs<\/span><\/h3>\n<p>1. Gelo de Morango<\/p>\n<p>2.Gelo de banana<\/p>\n<p>3.Amor 777<\/p>\n<p>4. Gelo de manga<\/p>\n<p>5. Limonada Rosa<\/p>\n<p>6. Melancia Morango<\/p>\n<p>7. Gelo de morango e framboesa<\/p>\n<p>8. Gelo de mirtilo<\/p>\n<p>9. Gelo de melancia<\/p>\n<p>10. Bagas Mistas<img loading=\"lazy\" decoding=\"async\" class=\"alignnone wp-image-3346 size-full\" src=\"https:\/\/pgvape.com\/wp-content\/uploads\/2025\/10\/pgvape-ZOOY-SHISHA-25000-25K-Puffs-Disposable-Vape-Airflow-Ajustable-with-Animated-Screen-Vape-Factory-Direct-16.png\" alt=\"Conjunto de dispositivos vaporizadores descart\u00e1veis \u200b\u200bcil\u00edndricos pretos com fundos transl\u00facidos, pequenas telas digitais, tampas coloridas antipoeira aparafusadas e al\u00e7as de transporte correspondentes exibidas em diversas variantes de cores em p\u00f3dios circulares, com um logotipo ZOOY, \u00edcones de recursos e texto grande &quot;2500 puffs&quot; no fundo.\" width=\"1500\" height=\"1478\" srcset=\"https:\/\/pgvape.com\/wp-content\/uploads\/2025\/10\/pgvape-ZOOY-SHISHA-25000-25K-Puffs-Disposable-Vape-Airflow-Ajustable-with-Animated-Screen-Vape-Factory-Direct-16.png 1500w, https:\/\/pgvape.com\/wp-content\/uploads\/2025\/10\/pgvape-ZOOY-SHISHA-25000-25K-Puffs-Disposable-Vape-Airflow-Ajustable-with-Animated-Screen-Vape-Factory-Direct-16-365x360.png 365w, https:\/\/pgvape.com\/wp-content\/uploads\/2025\/10\/pgvape-ZOOY-SHISHA-25000-25K-Puffs-Disposable-Vape-Airflow-Ajustable-with-Animated-Screen-Vape-Factory-Direct-16-595x586.png 595w, https:\/\/pgvape.com\/wp-content\/uploads\/2025\/10\/pgvape-ZOOY-SHISHA-25000-25K-Puffs-Disposable-Vape-Airflow-Ajustable-with-Animated-Screen-Vape-Factory-Direct-16-400x394.png 400w, https:\/\/pgvape.com\/wp-content\/uploads\/2025\/10\/pgvape-ZOOY-SHISHA-25000-25K-Puffs-Disposable-Vape-Airflow-Ajustable-with-Animated-Screen-Vape-Factory-Direct-16-768x757.png 768w, https:\/\/pgvape.com\/wp-content\/uploads\/2025\/10\/pgvape-ZOOY-SHISHA-25000-25K-Puffs-Disposable-Vape-Airflow-Ajustable-with-Animated-Screen-Vape-Factory-Direct-16-12x12.png 12w, https:\/\/pgvape.com\/wp-content\/uploads\/2025\/10\/pgvape-ZOOY-SHISHA-25000-25K-Puffs-Disposable-Vape-Airflow-Ajustable-with-Animated-Screen-Vape-Factory-Direct-16-600x591.png 600w, https:\/\/pgvape.com\/wp-content\/uploads\/2025\/10\/pgvape-ZOOY-SHISHA-25000-25K-Puffs-Disposable-Vape-Airflow-Ajustable-with-Animated-Screen-Vape-Factory-Direct-16-100x100.png 100w, https:\/\/pgvape.com\/wp-content\/uploads\/2025\/10\/pgvape-ZOOY-SHISHA-25000-25K-Puffs-Disposable-Vape-Airflow-Ajustable-with-Animated-Screen-Vape-Factory-Direct-16-41x40.png 41w\" sizes=\"auto, (max-width: 1500px) 100vw, 1500px\" \/><\/p>\n<h3><span style=\"font-size: 90%;\">V\u00eddeo descart\u00e1vel de Vape ZOOY SHISHA 25000 25K Puffs<strong>\uff1a<\/strong><\/span><\/h3>\n<p>&nbsp;<\/p>\n<h2 class=\"header-vfC6AV auto-hide-last-sibling-br\">Perguntas frequentes sobre ZOOY SHISHA 25000 | 25K Puffs Vape descart\u00e1vel<\/h2>\n<p data-sourcepos=\"36:1-37:117\">\u2753 <strong data-sourcepos=\"36:3-36:56\">\u201cComo a bobina de malha de 0,5\u03a9 melhora o sabor?<br \/>\n\u201c<\/strong> \u2705 <strong data-sourcepos=\"37:3-37:115\">\u201cA bobina de malha de precis\u00e3o fornece 30% mais \u00e1rea de superf\u00edcie para um sabor mais rico e nuvens mais densas.\u201d<\/strong><\/p>\n<p data-sourcepos=\"39:1-40:116\">\u2753 <strong data-sourcepos=\"39:3-39:54\">\u201cO que h\u00e1 de especial na tela animada?<br \/>\n\u201c<\/strong> \u2705 <strong data-sourcepos=\"40:3-40:114\">\u201cExibe contagem de baforadas em tempo real, dura\u00e7\u00e3o da bateria e gr\u00e1ficos vibrantes para uma experi\u00eancia envolvente.\u201d<\/strong><\/p>\n<p data-sourcepos=\"42:1-43:116\">\u2753 <strong data-sourcepos=\"42:3-42:49\">\u201cPosso usar isso para MTL e DTL?<br \/>\n\u201c<\/strong> \u2705 <strong data-sourcepos=\"43:3-43:114\">\u201cSim! O fluxo de ar ajust\u00e1vel permite alternar instantaneamente entre fluxos MTL apertados ou nuvens DTL arejadas.\u201d<\/strong><\/p>\n<p data-sourcepos=\"45:1-46:108\">\u2753 <strong data-sourcepos=\"45:3-45:58\">\u201cA capacidade de 28mL \u00e9 suficiente para vapers pesados?<br \/>\n\u201c<\/strong> \u2705 <strong data-sourcepos=\"46:3-46:106\">\u201cCombinado com 25.000 baforadas, foi projetado para uso prolongado sem substitui\u00e7\u00f5es frequentes.\u201d<\/strong><\/p>\n<p data-sourcepos=\"48:1-49:97\">\u2753 <strong data-sourcepos=\"48:3-48:43\">\u201cPor que escolher a op\u00e7\u00e3o de nicotina 0%?<br \/>\n\u201c<\/strong> \u2705 <strong data-sourcepos=\"49:3-49:95\">\u201cPerfeito para vaporiza\u00e7\u00e3o com foco no sabor ou para aqueles que reduzem gradualmente a ingest\u00e3o de nicotina.\u201d<\/strong><\/p>\n<p>&nbsp;<\/p>\n<h3 id=\"brxe-najhln\" class=\"brxe-heading\">Perguntas frequentes (FAQ)<\/h3>\n<div id=\"brxe-rajiac\" class=\"brxe-text\">\n<p><strong>P: Quais m\u00e9todos de pagamento voc\u00ea aceita?<\/strong><br \/>\nR: Aceitamos PayPal, Stripe, transfer\u00eancias banc\u00e1rias (com suporte SEPA), os principais cart\u00f5es de cr\u00e9dito (Visa, MasterCard, American Express) e pagamentos em criptomoedas.<\/p>\n<p><strong>P: Quanto tempo leva a prepara\u00e7\u00e3o do pedido?<\/strong><br \/>\nR: A prepara\u00e7\u00e3o do pedido leva de 1 a 3 dias \u00fateis.<\/p>\n<p><strong>P: Qual \u00e9 o tempo de envio?<\/strong><br \/>\nR: O tempo de envio \u00e9 de 7 a 14 dias \u00fateis, dependendo da sua localiza\u00e7\u00e3o.<\/p>\n<p><strong>P: Como posso rastrear meu pedido?<\/strong><br \/>\nR: Ap\u00f3s o envio, voc\u00ea receber\u00e1 um e-mail de confirma\u00e7\u00e3o com um n\u00famero de rastreamento para rastreamento em tempo real.<\/p>\n<p><strong>P: Qual \u00e9 a sua pol\u00edtica de devolu\u00e7\u00e3o?<\/strong><br \/>\nR: Oferecemos uma pol\u00edtica de devolu\u00e7\u00e3o de 30 dias para reembolsos ou trocas. .<\/p>\n<p><strong>P: Haver\u00e1 algum problema alfandeg\u00e1rio?<br \/>\n<\/strong>Lidamos com todos os procedimentos de desembara\u00e7o aduaneiro para garantir uma experi\u00eancia descomplicada para voc\u00ea. .<\/p>\n<p><strong>P: Quais m\u00e9todos de envio s\u00e3o usados?<\/strong><br \/>\nCooperamos com UPS\/DHL\/FEDEX\/DPD, etc. Escolheremos a op\u00e7\u00e3o de envio apropriada dependendo do pa\u00eds de entrega para garantir que voc\u00ea receba seus produtos o mais r\u00e1pido poss\u00edvel.<\/p>\n<p><a href=\"https:\/\/pgvape.com\/pt\/perguntas-frequentes\/\">Clique aqui para mais perguntas frequentes<\/a><\/p>\n<p>Prezados clientes, Se voc\u00ea tiver alguma d\u00favida sobre seu pedido ou a chegada de mercadorias, entre em contato com nosso atendimento ao cliente. Obrigado!<\/p>\n<h3 data-sourcepos=\"73:1-73:21\"><strong data-sourcepos=\"73:7-73:21\">Contate-nos<\/strong><\/h3>\n<div id=\"text-2419739398\" class=\"text\">\n<p><strong data-sourcepos=\"75:3-75:12\">E-mail<\/strong>:\u00a0<a href=\"mailto:support@pgvape.com\"><strong>support@pgvape.com<\/strong><\/a><\/p>\n<p><strong data-sourcepos=\"76:3-76:15\">WhatsApp<\/strong>: <a href=\"https:\/\/wa.me\/+8618128481258\"><strong>+86 18128481258<\/strong><\/a><br \/>\n<strong>(Resposta em at\u00e9 24 horas em dias \u00fateis)<\/strong><\/p>\n<\/div>\n<h3><strong>Obrigado por escolher pgvape.com! .<\/strong><\/h3>\n<\/div>","protected":false},"excerpt":{"rendered":"<p><strong data-sourcepos=\"54:1-54:213\">\u201cZOOY SHISHA 25K: o vape descart\u00e1vel personaliz\u00e1vel definitivo com 25.000 baforadas, bobina de malha de 0,5\u03a9, fluxo de ar ajust\u00e1vel e 10 sabores - alimentado por uma bateria de 650mAh com carregamento tipo C.\u201d<\/strong><\/p>","protected":false},"featured_media":3332,"comment_status":"open","ping_status":"closed","template":"","meta":{"_seopress_robots_primary_cat":"none","_seopress_titles_title":"%%post_title%% %%sep%% %%sitetitle%%","_seopress_titles_desc":"","_seopress_robots_index":""},"product_brand":[516,291],"product_cat":[94,515,290],"product_tag":[96,101,300,301,90,299],"class_list":{"0":"post-3328","1":"product","2":"type-product","3":"status-publish","4":"has-post-thumbnail","6":"product_brand-disposable-vape","7":"product_brand-zooy-vape","8":"product_cat-25k-puffs-vape","9":"product_cat-disposable-vape","10":"product_cat-zooy-vape","11":"product_tag-25k-puffs","12":"product_tag-25k-vape","13":"product_tag-airflow-ajustable","14":"product_tag-animated-screen","15":"product_tag-disposable-vape","16":"product_tag-zooy-shisha-25000","18":"first","19":"instock","20":"sale","21":"shipping-taxable","22":"purchasable","23":"product-type-variable"},"_links":{"self":[{"href":"https:\/\/pgvape.com\/pt\/wp-json\/wp\/v2\/product\/3328","targetHints":{"allow":["GET"]}}],"collection":[{"href":"https:\/\/pgvape.com\/pt\/wp-json\/wp\/v2\/product"}],"about":[{"href":"https:\/\/pgvape.com\/pt\/wp-json\/wp\/v2\/types\/product"}],"replies":[{"embeddable":true,"href":"https:\/\/pgvape.com\/pt\/wp-json\/wp\/v2\/comments?post=3328"}],"wp:featuredmedia":[{"embeddable":true,"href":"https:\/\/pgvape.com\/pt\/wp-json\/wp\/v2\/media\/3332"}],"wp:attachment":[{"href":"https:\/\/pgvape.com\/pt\/wp-json\/wp\/v2\/media?parent=3328"}],"wp:term":[{"taxonomy":"product_brand","embeddable":true,"href":"https:\/\/pgvape.com\/pt\/wp-json\/wp\/v2\/product_brand?post=3328"},{"taxonomy":"product_cat","embeddable":true,"href":"https:\/\/pgvape.com\/pt\/wp-json\/wp\/v2\/product_cat?post=3328"},{"taxonomy":"product_tag","embeddable":true,"href":"https:\/\/pgvape.com\/pt\/wp-json\/wp\/v2\/product_tag?post=3328"}],"curies":[{"name":"wp","href":"https:\/\/api.w.org\/{rel}","templated":true}]}}