{"id":3263,"date":"2025-10-13T09:18:02","date_gmt":"2025-10-13T09:18:02","guid":{"rendered":"https:\/\/pgvape.com\/?post_type=product&#038;p=3263"},"modified":"2025-12-15T12:50:22","modified_gmt":"2025-12-15T12:50:22","slug":"zooy-blaze-25000-25k-puffs-vape-descartavel-airflowpower-ajustavel-tela-cheia-vape-direto-da-fabrica","status":"publish","type":"product","link":"https:\/\/pgvape.com\/pt\/produto\/zooy-blaze-25000-25k-puffs-vape-descartavel-airflowpower-ajustavel-tela-cheia-vape-direto-da-fabrica\/","title":{"rendered":"ZOOY BlAZE 25000 25K Puffs Vape Descart\u00e1vel Fluxo de Ar e Pot\u00eancia Ajust\u00e1vel Exibi\u00e7\u00e3o em Tela Cheia Vape Direto da F\u00e1brica"},"content":{"rendered":"<div class=\"auto-hide-last-sibling-br paragraph-JOTKXA paragraph-element br-paragraph-space\"><strong data-sourcepos=\"4:5-4:47\">ZOOY BLAZE 25000 baforadas Vape descart\u00e1vel<\/strong> Ofertas <strong data-sourcepos=\"4:55-4:81\">Personaliza\u00e7\u00e3o final<\/strong> Com <strong data-sourcepos=\"4:87-4:109\">Fluxo de ar ajust\u00e1vel<\/strong>, <strong data-sourcepos=\"4:111-4:136\">Sa\u00edda de pot\u00eancia vari\u00e1vel<\/strong>, E <strong data-sourcepos=\"4:142-4:161\">Bobinas de malha dupla<\/strong>. <strong data-sourcepos=\"4:175-4:206\">Bateria recarreg\u00e1vel 650mAh<\/strong>, <strong data-sourcepos=\"4:208-4:232\">Carregamento r\u00e1pido tipo C<\/strong>, E <strong data-sourcepos=\"4:238-4:261\">Exibi\u00e7\u00e3o em tela cheia<\/strong>, Ele oferece <strong data-sourcepos=\"4:275-4:302\">25.000 baforadas ultralongas<\/strong>. <strong data-sourcepos=\"4:316-4:338\">10 sabores premium<\/strong> Em <strong data-sourcepos=\"4:342-4:363\">Nicotina 2%\/3%\/5%<\/strong> Para uma experi\u00eancia Vaping personalizada.<\/div>\n<p>&nbsp;<\/p>\n<h3><span style=\"font-size: 90%;\">Especifica\u00e7\u00f5es do Vape descart\u00e1vel ZOOY BlAZE 25000 | 25K Puffs<\/span><\/h3>\n<p><strong data-sourcepos=\"9:3-9:17\">Contagem de sopros<\/strong>:\u00a0<strong data-sourcepos=\"9:19-9:35\">25.000 baforadas<\/strong><\/p>\n<p><strong data-sourcepos=\"10:3-10:15\">Nicotina<\/strong>:\u00a0<strong data-sourcepos=\"10:17-10:41\">Op\u00e7\u00f5es 2% \/ 3% \/ 5%<\/strong><\/p>\n<p><strong data-sourcepos=\"11:3-11:11\">Bobina<\/strong>:\u00a0<strong data-sourcepos=\"11:13-11:46\">Bobinas de malha dupla (1,0\u03a9 + 1,2\u03a9)<\/strong><\/p>\n<p><strong data-sourcepos=\"12:3-12:14\">Bateria<\/strong>:\u00a0<strong data-sourcepos=\"12:16-12:39\">650mAh recarreg\u00e1vel<\/strong><\/p>\n<p><strong data-sourcepos=\"13:3-13:15\">Carregando<\/strong>:\u00a0<strong data-sourcepos=\"13:17-13:41\">Carregamento r\u00e1pido tipo C<\/strong><\/p>\n<p><strong data-sourcepos=\"14:3-14:14\">Mostrar<\/strong>:\u00a0<strong data-sourcepos=\"14:16-14:35\">LED de tela cheia<\/strong><\/p>\n<p><strong data-sourcepos=\"15:3-15:18\">Ajustes<\/strong>:\u00a0<strong data-sourcepos=\"15:20-15:47\">Fluxo de ar e controle de energia<\/strong><\/p>\n<p>&nbsp;<\/p>\n<h3><span style=\"font-size: 90%;\">ZOOY BlAZE 25000 | Lista de sabores de vapor descart\u00e1veis \u200b\u200bde 25K Puffs<\/span><\/h3>\n<p><strong>1. Gelo de melancia<\/strong><\/p>\n<p><strong>2. Gelo de mirtilo<\/strong><\/p>\n<p><strong>3. Kiwi de morango<\/strong><\/p>\n<p><strong>4. Uva Lim\u00e3o<\/strong><\/p>\n<p><strong>5. Ma\u00e7\u00e3 P\u00eassego<\/strong><\/p>\n<p><strong>6. Limonada Blue Razz<\/strong><\/p>\n<p><strong>7. Melancia Morango<\/strong><\/p>\n<p><strong>8. Lim\u00e3o Cereja Amora<\/strong><\/p>\n<p><strong>9. Baga Mista<\/strong><\/p>\n<p><strong>10. Hortel\u00e3 Azul<\/strong>\u00a0(mirtilo hortel\u00e3)<br \/>\n<img loading=\"lazy\" decoding=\"async\" class=\"alignnone wp-image-3284 size-full\" src=\"https:\/\/pgvape.com\/wp-content\/uploads\/2025\/10\/pgvape-ZOOY-BlAZE-25000-25K-Puffs-Disposable-Vape-Adjustable-Airflow-Adjustable-Power-Full-Screen-Display-Vape-Factory-Direct-18.png\" alt=\"Onze dispositivos vape coloridos em estilo pod dispostos em duas fileiras em um fundo branco, cada um com um display digital oval preto mostrando an\u00e9is indicadores multicoloridos e pequenos \u00edcones, rotulados abaixo com nomes de sabores em ingl\u00eas e chin\u00eas, como Watermelon Ice, Blueberry Ice, Strawberry Kiwi, Grape Juice, Apple Peach, Cool Mint, Mixed Berry, Blackberry Cherry Lemon, Strawberry Watermelon e Blue Razz Lemonade.\" width=\"1000\" height=\"1000\" srcset=\"https:\/\/pgvape.com\/wp-content\/uploads\/2025\/10\/pgvape-ZOOY-BlAZE-25000-25K-Puffs-Disposable-Vape-Adjustable-Airflow-Adjustable-Power-Full-Screen-Display-Vape-Factory-Direct-18.png 1000w, https:\/\/pgvape.com\/wp-content\/uploads\/2025\/10\/pgvape-ZOOY-BlAZE-25000-25K-Puffs-Disposable-Vape-Adjustable-Airflow-Adjustable-Power-Full-Screen-Display-Vape-Factory-Direct-18-360x360.png 360w, https:\/\/pgvape.com\/wp-content\/uploads\/2025\/10\/pgvape-ZOOY-BlAZE-25000-25K-Puffs-Disposable-Vape-Adjustable-Airflow-Adjustable-Power-Full-Screen-Display-Vape-Factory-Direct-18-595x595.png 595w, https:\/\/pgvape.com\/wp-content\/uploads\/2025\/10\/pgvape-ZOOY-BlAZE-25000-25K-Puffs-Disposable-Vape-Adjustable-Airflow-Adjustable-Power-Full-Screen-Display-Vape-Factory-Direct-18-400x400.png 400w, https:\/\/pgvape.com\/wp-content\/uploads\/2025\/10\/pgvape-ZOOY-BlAZE-25000-25K-Puffs-Disposable-Vape-Adjustable-Airflow-Adjustable-Power-Full-Screen-Display-Vape-Factory-Direct-18-768x768.png 768w, https:\/\/pgvape.com\/wp-content\/uploads\/2025\/10\/pgvape-ZOOY-BlAZE-25000-25K-Puffs-Disposable-Vape-Adjustable-Airflow-Adjustable-Power-Full-Screen-Display-Vape-Factory-Direct-18-12x12.png 12w, https:\/\/pgvape.com\/wp-content\/uploads\/2025\/10\/pgvape-ZOOY-BlAZE-25000-25K-Puffs-Disposable-Vape-Adjustable-Airflow-Adjustable-Power-Full-Screen-Display-Vape-Factory-Direct-18-300x300.png 300w, https:\/\/pgvape.com\/wp-content\/uploads\/2025\/10\/pgvape-ZOOY-BlAZE-25000-25K-Puffs-Disposable-Vape-Adjustable-Airflow-Adjustable-Power-Full-Screen-Display-Vape-Factory-Direct-18-600x600.png 600w, https:\/\/pgvape.com\/wp-content\/uploads\/2025\/10\/pgvape-ZOOY-BlAZE-25000-25K-Puffs-Disposable-Vape-Adjustable-Airflow-Adjustable-Power-Full-Screen-Display-Vape-Factory-Direct-18-100x100.png 100w, https:\/\/pgvape.com\/wp-content\/uploads\/2025\/10\/pgvape-ZOOY-BlAZE-25000-25K-Puffs-Disposable-Vape-Adjustable-Airflow-Adjustable-Power-Full-Screen-Display-Vape-Factory-Direct-18-40x40.png 40w\" sizes=\"auto, (max-width: 1000px) 100vw, 1000px\" \/><\/p>\n<h3><span style=\"font-size: 90%;\">V\u00eddeo Vape descart\u00e1vel ZOOY BlAZE 25000 25K Puffs<strong>\uff1a<\/strong><\/span><\/h3>\n<p>&nbsp;<\/p>\n<h2 class=\"header-vfC6AV auto-hide-last-sibling-br\">Perguntas frequentes sobre ZOOY BlAZE 25000 | 25K Puffs Vape descart\u00e1vel<\/h2>\n<p data-sourcepos=\"34:1-35:94\">\u2753 <strong data-sourcepos=\"34:3-34:50\">O que torna o ZOOY BLAZE 25000 \u00fanico?<br \/>\n<\/strong> \u2705 <strong data-sourcepos=\"35:3-35:25\">Fluxo de ar ajust\u00e1vel<\/strong>, <strong data-sourcepos=\"35:27-35:44\">Controle de energia<\/strong>, E <strong data-sourcepos=\"35:50-35:69\">Bobinas de malha dupla<\/strong> Para Vaping personalizado.<\/p>\n<p data-sourcepos=\"37:1-38:45\">\u2753 <strong data-sourcepos=\"37:3-37:38\">Quantas baforadas ele fornece?<br \/>\n<\/strong> \u2705 <strong data-sourcepos=\"38:3-38:25\">At\u00e9 25.000 baforadas<\/strong> Para uso prolongado.<\/p>\n<p data-sourcepos=\"40:1-41:58\">\u2753 <strong data-sourcepos=\"40:3-40:35\">A bateria \u00e9 recarreg\u00e1vel?<\/strong><br \/>\n\u2705 <strong data-sourcepos=\"41:3-41:10\">Sim<\/strong>, <strong data-sourcepos=\"41:12-41:30\">Bateria 650mAh<\/strong> Com <strong data-sourcepos=\"41:36-41:55\">Carregamento tipo C<\/strong>.<\/p>\n<p data-sourcepos=\"43:1-44:54\">\u2753 <strong data-sourcepos=\"43:3-43:43\">Quais op\u00e7\u00f5es de nicotina est\u00e3o dispon\u00edveis?<br \/>\n<\/strong> \u2705 <strong data-sourcepos=\"44:3-44:9\">2%<\/strong>, <strong data-sourcepos=\"44:11-44:17\">3%<\/strong>, E <strong data-sourcepos=\"44:23-44:43\">Sal de nicotina 5%<\/strong> Op\u00e7\u00f5es.<\/p>\n<p data-sourcepos=\"46:1-47:75\">\u2753 <strong data-sourcepos=\"46:3-46:37\">Possui tela de exibi\u00e7\u00e3o?<br \/>\n<\/strong> \u2705 <strong data-sourcepos=\"47:3-47:22\">LED de tela cheia<\/strong> Programas <strong data-sourcepos=\"47:29-47:40\">Bateria<\/strong>, <strong data-sourcepos=\"47:42-47:54\">E-l\u00edquido<\/strong>, E <strong data-sourcepos=\"47:60-47:72\">Configura\u00e7\u00f5es<\/strong>.<\/p>\n<p>&nbsp;<\/p>\n<h3 id=\"brxe-najhln\" class=\"brxe-heading\">Perguntas frequentes (FAQ)<\/h3>\n<div id=\"brxe-rajiac\" class=\"brxe-text\">\n<p><strong>P: Quais m\u00e9todos de pagamento voc\u00ea aceita?<\/strong><br \/>\nR: Aceitamos PayPal, Stripe, transfer\u00eancias banc\u00e1rias (com suporte SEPA), os principais cart\u00f5es de cr\u00e9dito (Visa, MasterCard, American Express) e pagamentos em criptomoedas.<\/p>\n<p><strong>P: Quanto tempo leva a prepara\u00e7\u00e3o do pedido?<\/strong><br \/>\nR: A prepara\u00e7\u00e3o do pedido leva de 1 a 3 dias \u00fateis.<\/p>\n<p><strong>P: Qual \u00e9 o tempo de envio?<\/strong><br \/>\nR: O tempo de envio \u00e9 de 7 a 14 dias \u00fateis, dependendo da sua localiza\u00e7\u00e3o.<\/p>\n<p><strong>P: Como posso rastrear meu pedido?<\/strong><br \/>\nR: Ap\u00f3s o envio, voc\u00ea receber\u00e1 um e-mail de confirma\u00e7\u00e3o com um n\u00famero de rastreamento para rastreamento em tempo real.<\/p>\n<p><strong>P: Qual \u00e9 a sua pol\u00edtica de devolu\u00e7\u00e3o?<\/strong><br \/>\nR: Oferecemos uma pol\u00edtica de devolu\u00e7\u00e3o de 30 dias para reembolsos ou trocas. .<\/p>\n<p><strong>P: Haver\u00e1 algum problema alfandeg\u00e1rio?<br \/>\n<\/strong>Lidamos com todos os procedimentos de desembara\u00e7o aduaneiro para garantir uma experi\u00eancia descomplicada para voc\u00ea. .<\/p>\n<p><strong>P: Quais m\u00e9todos de envio s\u00e3o usados?<\/strong><br \/>\nCooperamos com UPS\/DHL\/FEDEX\/DPD, etc. Escolheremos a op\u00e7\u00e3o de envio apropriada dependendo do pa\u00eds de entrega para garantir que voc\u00ea receba seus produtos o mais r\u00e1pido poss\u00edvel.<\/p>\n<p><a href=\"https:\/\/pgvape.com\/pt\/perguntas-frequentes\/\">Clique aqui para mais perguntas frequentes<\/a><\/p>\n<p>Prezados clientes, Se voc\u00ea tiver alguma d\u00favida sobre seu pedido ou a chegada de mercadorias, entre em contato com nosso atendimento ao cliente. Obrigado!<\/p>\n<h3 data-sourcepos=\"73:1-73:21\"><strong data-sourcepos=\"73:7-73:21\">Contate-nos<\/strong><\/h3>\n<div id=\"text-2419739398\" class=\"text\">\n<p><strong data-sourcepos=\"75:3-75:12\">E-mail<\/strong>:\u00a0<a href=\"mailto:support@pgvape.com\"><strong>support@pgvape.com<\/strong><\/a><\/p>\n<p><strong data-sourcepos=\"76:3-76:15\">WhatsApp<\/strong>: <a href=\"https:\/\/wa.me\/+8618128481258\"><strong>+86 18128481258<\/strong><\/a><br \/>\n<strong>(Resposta em at\u00e9 24 horas em dias \u00fateis)<\/strong><\/p>\n<\/div>\n<h3><strong>Obrigado por escolher pgvape.com! .<\/strong><\/h3>\n<\/div>","protected":false},"excerpt":{"rendered":"<p><strong data-sourcepos=\"52:1-52:216\">\u201cZOOY BLAZE 25000: o vape descart\u00e1vel personaliz\u00e1vel definitivo com 25K puffs, bobinas de malha dupla, fluxo de ar\/pot\u00eancia ajust\u00e1veis \u200b\u200be 10 sabores \u2013 alimentado por bateria de 650mAh com carregamento tipo C.\u201d<\/strong><\/p>","protected":false},"featured_media":3267,"comment_status":"open","ping_status":"closed","template":"","meta":{"_seopress_robots_primary_cat":"none","_seopress_titles_title":"%%post_title%% %%sep%% %%sitetitle%%","_seopress_titles_desc":"","_seopress_robots_index":""},"product_brand":[516,291],"product_cat":[94,515,290],"product_tag":[96,101,293,90,294,292],"class_list":{"0":"post-3263","1":"product","2":"type-product","3":"status-publish","4":"has-post-thumbnail","6":"product_brand-disposable-vape","7":"product_brand-zooy-vape","8":"product_cat-25k-puffs-vape","9":"product_cat-disposable-vape","10":"product_cat-zooy-vape","11":"product_tag-25k-puffs","12":"product_tag-25k-vape","13":"product_tag-airflowpower-ajustable","14":"product_tag-disposable-vape","15":"product_tag-full-screen-display","16":"product_tag-zooy-blaze-25000","18":"first","19":"instock","20":"sale","21":"shipping-taxable","22":"purchasable","23":"product-type-variable"},"_links":{"self":[{"href":"https:\/\/pgvape.com\/pt\/wp-json\/wp\/v2\/product\/3263","targetHints":{"allow":["GET"]}}],"collection":[{"href":"https:\/\/pgvape.com\/pt\/wp-json\/wp\/v2\/product"}],"about":[{"href":"https:\/\/pgvape.com\/pt\/wp-json\/wp\/v2\/types\/product"}],"replies":[{"embeddable":true,"href":"https:\/\/pgvape.com\/pt\/wp-json\/wp\/v2\/comments?post=3263"}],"wp:featuredmedia":[{"embeddable":true,"href":"https:\/\/pgvape.com\/pt\/wp-json\/wp\/v2\/media\/3267"}],"wp:attachment":[{"href":"https:\/\/pgvape.com\/pt\/wp-json\/wp\/v2\/media?parent=3263"}],"wp:term":[{"taxonomy":"product_brand","embeddable":true,"href":"https:\/\/pgvape.com\/pt\/wp-json\/wp\/v2\/product_brand?post=3263"},{"taxonomy":"product_cat","embeddable":true,"href":"https:\/\/pgvape.com\/pt\/wp-json\/wp\/v2\/product_cat?post=3263"},{"taxonomy":"product_tag","embeddable":true,"href":"https:\/\/pgvape.com\/pt\/wp-json\/wp\/v2\/product_tag?post=3263"}],"curies":[{"name":"wp","href":"https:\/\/api.w.org\/{rel}","templated":true}]}}