{"id":2766,"date":"2025-10-10T12:06:26","date_gmt":"2025-10-10T12:06:26","guid":{"rendered":"https:\/\/pgvape.com\/?post_type=product&#038;p=2766"},"modified":"2026-01-27T11:18:48","modified_gmt":"2026-01-27T11:18:48","slug":"efervescente-max-iii-60000-60k-puffs-6-em-1-sabores-vape-descartavel-direto-da-fabrica","status":"publish","type":"product","link":"https:\/\/pgvape.com\/pt\/produto\/efervescente-max-iii-60000-60k-puffs-6-em-1-sabores-vape-descartavel-direto-da-fabrica\/","title":{"rendered":"Fizzy Max III 60000 60k Puffs 6 em 1 sabores Vape-Vape descart\u00e1veis direto da f\u00e1brica"},"content":{"rendered":"<div class=\"auto-hide-last-sibling-br paragraph-JOTKXA paragraph-element br-paragraph-space\">\n<p><strong data-sourcepos=\"4:5-4:50\">Vape descart\u00e1vel Fizzy Max III 60000 baforadas<\/strong> revoluciona a vaporiza\u00e7\u00e3o com <strong data-sourcepos=\"4:78-4:100\">capacidade incompar\u00e1vel<\/strong> \u2013 entrega <strong data-sourcepos=\"4:114-4:130\">60.000 baforadas<\/strong> de seu <strong data-sourcepos=\"4:140-4:169\">tr\u00eas tanques separados de 20mL<\/strong> (60mL no total). <strong data-sourcepos=\"4:194-4:223\">6 modos de sabor ajust\u00e1veis<\/strong> (combina\u00e7\u00f5es A\/B\/C), \u00e9 alimentado por um <strong data-sourcepos=\"4:265-4:296\">Bateria recarreg\u00e1vel de 850mAh<\/strong> com <strong data-sourcepos=\"4:302-4:326\">Carregamento r\u00e1pido tipo C<\/strong> e <strong data-sourcepos=\"4:331-4:346\">Visor LED<\/strong><span class=\"CustomP_animated_char__m3r9w\">\u00a0<\/span><span class=\"CustomP_animated_char__m3r9w\">para<\/span><span class=\"CustomP_animated_char__m3r9w\">\u00a0<\/span><span class=\"CustomP_animated_char__m3r9w\">real<\/span><span class=\"CustomP_animated_char__m3r9w\">\u2013<\/span><span class=\"CustomP_animated_char__m3r9w\">tempo<\/span><span class=\"CustomP_animated_char__m3r9w\">\u00a0<\/span><span class=\"CustomP_animated_char__m3r9w\">monitoramento<\/span><span class=\"CustomP_animated_char__m3r9w\">.<\/span><span class=\"CustomP_animated_char__m3r9w\">\u00a0<\/span><span class=\"CustomP_animated_char__m3r9w\">O<\/span><span class=\"CustomP_animated_char__m3r9w\">\u00a0<\/span><strong data-sourcepos=\"4:377-4:401\">tecnologia de bobina de malha<\/strong><span class=\"CustomP_animated_char__m3r9w\">\u00a0<\/span><span class=\"CustomP_animated_char__m3r9w\">garante<\/span><span class=\"CustomP_animated_char__m3r9w\">\u00a0<\/span><strong data-sourcepos=\"4:410-4:426\">empates suaves<\/strong> e <strong data-sourcepos=\"4:431-4:446\">sabor rico<\/strong>, dispon\u00edvel em <strong data-sourcepos=\"4:461-4:492\">Dosagens de nicotina 2% ou 5%<\/strong>. <strong data-sourcepos=\"4:499-4:526\">10 trios de sabores premium<\/strong><span class=\"CustomP_animated_char__m3r9w\">,<\/span><span class=\"CustomP_animated_char__m3r9w\">\u00a0<\/span><span class=\"CustomP_animated_char__m3r9w\">esse<\/span><span class=\"CustomP_animated_char__m3r9w\">\u00a0<\/span><span class=\"CustomP_animated_char__m3r9w\">dispositivo<\/span><span class=\"CustomP_animated_char__m3r9w\">\u00a0<\/span><span class=\"CustomP_animated_char__m3r9w\">ofertas<\/span><span class=\"CustomP_animated_char__m3r9w\">\u00a0<\/span><strong data-sourcepos=\"4:547-4:573\">personaliza\u00e7\u00e3o final<\/strong><span class=\"CustomP_animated_char__m3r9w\">\u00a0<\/span><span class=\"CustomP_animated_char__m3r9w\">para<\/span><span class=\"CustomP_animated_char__m3r9w\">\u00a0<\/span><span class=\"CustomP_animated_char__m3r9w\">perspicaz<\/span><span class=\"CustomP_animated_char__m3r9w\">\u00a0<\/span><span class=\"CustomP_animated_char__m3r9w\">vaporizadores<\/span><span class=\"CustomP_animated_char__m3r9w\">.<\/span><\/p>\n<\/div>\n<p>&nbsp;<\/p>\n<h2><span style=\"font-size: 90%;\">Fizzy Max III 60000 | 60k sopros 6 em 1 sabores Vape descart\u00e1vel <strong>Especifica\u00e7\u00f5es<\/strong><\/span><\/h2>\n<p><strong data-sourcepos=\"9:3-9:17\">Contagem de sopros<\/strong>:\u00a0<strong data-sourcepos=\"9:19-9:35\">60.000 baforadas<\/strong><\/p>\n<p><strong data-sourcepos=\"10:3-10:15\">Nicotina<\/strong>:\u00a0<strong data-sourcepos=\"10:17-10:38\">For\u00e7a 2% ou 5%<\/strong><\/p>\n<p><strong data-sourcepos=\"11:3-11:15\">E-l\u00edquido<\/strong>:\u00a0<strong data-sourcepos=\"11:17-11:46\">Tanques de 3\u00d720mL (60mL no total)<\/strong><\/p>\n<p><strong data-sourcepos=\"12:3-12:19\">Modos de sabor<\/strong>:\u00a0<strong data-sourcepos=\"12:21-12:55\">6 combina\u00e7\u00f5es (A\/B\/C mistur\u00e1veis)<\/strong><\/p>\n<p><strong data-sourcepos=\"13:3-13:11\">Bobina<\/strong>:\u00a0<strong data-sourcepos=\"13:13-13:37\">Tecnologia de bobina de malha<\/strong><\/p>\n<p><strong data-sourcepos=\"14:3-14:14\">Bateria<\/strong>:\u00a0<strong data-sourcepos=\"14:16-14:39\">850mAh recarreg\u00e1vel<\/strong><\/p>\n<p><strong data-sourcepos=\"15:3-15:15\">Carregando<\/strong>:\u00a0<strong data-sourcepos=\"15:17-15:41\">Carregamento r\u00e1pido tipo C<\/strong><\/p>\n<p><strong data-sourcepos=\"16:3-16:14\">Mostrar<\/strong>:\u00a0<strong data-sourcepos=\"16:16-16:53\">LED (monitor de modo de bateria\/sabor)<\/strong><\/p>\n<p><strong data-sourcepos=\"17:3-17:14\">Pacote<\/strong>:\u00a0<strong data-sourcepos=\"17:16-17:34\">10 dispositivos\/caixa<\/strong><\/p>\n<p>&nbsp;<\/p>\n<h3><span style=\"font-size: 90%;\">Fizzy Max III 60000 | 60k sopros 6 em 1 sabores Vape descart\u00e1vel <strong>Conjuntos de sabores<\/strong><\/span><\/h3>\n<p><strong>1. Melancia com morango e lim\u00e3o e coco com mirtilo<\/strong><\/p>\n<p><strong>2. Gelo de mirtilo e cereja efervescente e lim\u00e3o com framboesa<\/strong><\/p>\n<p><strong>3. Gelo de melancia e coca-cola de baunilha e morango e frutas vermelhas<\/strong><\/p>\n<p><strong>4. Fruta do Drag\u00e3o Morango e Melancia Red Bull e Framboesa<\/strong><\/p>\n<p><strong>5. Morango, Framboesa, Manga, P\u00eassego e Melancia com Mirtilo<\/strong><\/p>\n<p><strong>6. Morango, Uva, Mirtilo, Coco e P\u00eassego Lim\u00e3o<\/strong><\/p>\n<p><strong>7. Mirtilo, Framboesa, Mel\u00e3o Triplo e Gelo de Morango<\/strong><\/p>\n<p><strong>8. Misto de frutas vermelhas e kiwi, maracuj\u00e1, goiaba e melancia com morango<\/strong><\/p>\n<p><strong>9. Morango, kiwi, mirtilo, gelo e melancia<\/strong><\/p>\n<p><strong>10. Gelo Razz Azul e Kiwi Morango e Laranja Abacaxi Azeda<br \/>\n<img loading=\"lazy\" decoding=\"async\" class=\"alignnone wp-image-2772 size-full\" src=\"https:\/\/pgvape.com\/wp-content\/uploads\/2025\/10\/pgvape-Fizzy-Max-III-60000-60k-Puffs-6-In-1-Flavors-Disposable-Vape-2-5-Nicotine-10Tastes-LED-Display-Vape-Factory-Direct-3.png\" alt=\"P\u00f4ster promocional colorido para vapes descart\u00e1veis \u200b\u200bFIZZY Max III apresentando um r\u00f3tulo proeminente &#039;60K PUFFS&#039; e &#039;6in1&#039;, uma caixa de exibi\u00e7\u00e3o e v\u00e1rios dispositivos cil\u00edndricos de cores vivas dispostos em fileiras com variantes de sabores numeradas e uma tabela de sabores detalhada mostrando seis combina\u00e7\u00f5es de sabores intercambi\u00e1veis, al\u00e9m de pequenos \u00edcones para e-l\u00edquido de 60 mL, op\u00e7\u00f5es de tanque de \u00f3leo, carregamento Type-C e tela LED.\" width=\"912\" height=\"2000\" srcset=\"https:\/\/pgvape.com\/wp-content\/uploads\/2025\/10\/pgvape-Fizzy-Max-III-60000-60k-Puffs-6-In-1-Flavors-Disposable-Vape-2-5-Nicotine-10Tastes-LED-Display-Vape-Factory-Direct-3.png 912w, https:\/\/pgvape.com\/wp-content\/uploads\/2025\/10\/pgvape-Fizzy-Max-III-60000-60k-Puffs-6-In-1-Flavors-Disposable-Vape-2-5-Nicotine-10Tastes-LED-Display-Vape-Factory-Direct-3-164x360.png 164w, https:\/\/pgvape.com\/wp-content\/uploads\/2025\/10\/pgvape-Fizzy-Max-III-60000-60k-Puffs-6-In-1-Flavors-Disposable-Vape-2-5-Nicotine-10Tastes-LED-Display-Vape-Factory-Direct-3-467x1024.png 467w, https:\/\/pgvape.com\/wp-content\/uploads\/2025\/10\/pgvape-Fizzy-Max-III-60000-60k-Puffs-6-In-1-Flavors-Disposable-Vape-2-5-Nicotine-10Tastes-LED-Display-Vape-Factory-Direct-3-182x400.png 182w, https:\/\/pgvape.com\/wp-content\/uploads\/2025\/10\/pgvape-Fizzy-Max-III-60000-60k-Puffs-6-In-1-Flavors-Disposable-Vape-2-5-Nicotine-10Tastes-LED-Display-Vape-Factory-Direct-3-768x1684.png 768w, https:\/\/pgvape.com\/wp-content\/uploads\/2025\/10\/pgvape-Fizzy-Max-III-60000-60k-Puffs-6-In-1-Flavors-Disposable-Vape-2-5-Nicotine-10Tastes-LED-Display-Vape-Factory-Direct-3-700x1536.png 700w, https:\/\/pgvape.com\/wp-content\/uploads\/2025\/10\/pgvape-Fizzy-Max-III-60000-60k-Puffs-6-In-1-Flavors-Disposable-Vape-2-5-Nicotine-10Tastes-LED-Display-Vape-Factory-Direct-3-5x12.png 5w, https:\/\/pgvape.com\/wp-content\/uploads\/2025\/10\/pgvape-Fizzy-Max-III-60000-60k-Puffs-6-In-1-Flavors-Disposable-Vape-2-5-Nicotine-10Tastes-LED-Display-Vape-Factory-Direct-3-600x1316.png 600w, https:\/\/pgvape.com\/wp-content\/uploads\/2025\/10\/pgvape-Fizzy-Max-III-60000-60k-Puffs-6-In-1-Flavors-Disposable-Vape-2-5-Nicotine-10Tastes-LED-Display-Vape-Factory-Direct-3-18x40.png 18w\" sizes=\"auto, (max-width: 912px) 100vw, 912px\" \/><\/strong><\/p>\n<p>&nbsp;<\/p>\n<h3 class=\"auto-hide-last-sibling-br paragraph-pP9ZLC paragraph-element br-paragraph-space\">Por que escolher o Armaz\u00e9m Europeu PGVape?<\/h3>\n<p>Envio r\u00e1pido: Entrega para a maioria dos pa\u00edses da UE dentro de 3 a 7 dias \u00fateis.<\/p>\n<p>Entrega isenta de impostos: O estoque local da UE garante um envio tranquilo e isento de impostos.<\/p>\n<p>Garantia aut\u00eantica 100%: Genu\u00edna <strong>Efervescente<\/strong> cigarros eletr\u00f4nicos de fornecedores certificados.<\/p>\n<p>Estoque Fresco: Armazenado sob condi\u00e7\u00f5es controladas para garantir a qualidade ideal.<\/p>\n<p>Confi\u00e1vel pelos europeus: Milhares de clientes desfrutam de servi\u00e7os de cigarros eletr\u00f4nicos r\u00e1pidos e seguros da PGVape.<\/p>\n<p>&nbsp;<\/p>\n<h2 class=\"header-vfC6AV auto-hide-last-sibling-br\">Perguntas frequentes sobre Fizzy Max III 60000 | 60k Puffs 6 em 1 sabores Vape descart\u00e1vel<\/h2>\n<p data-sourcepos=\"36:1-37:80\">\u2753 <strong data-sourcepos=\"36:3-36:56\">O que torna a contagem de 60.000 baforadas excepcional?<\/strong><br \/>\n\u2705 <strong data-sourcepos=\"37:3-37:24\">Sistema de tr\u00eas tanques<\/strong> fornece <strong data-sourcepos=\"37:34-37:54\">meses de vaporiza\u00e7\u00e3o<\/strong> com <strong data-sourcepos=\"37:60-37:80\">manuten\u00e7\u00e3o zero<\/strong><\/p>\n<p data-sourcepos=\"39:1-40:85\">\u2753 <strong data-sourcepos=\"39:3-39:43\">Como funciona a mistura de sabores?<\/strong><br \/>\n\u2705 <strong data-sourcepos=\"40:3-40:28\">Seis modos de combina\u00e7\u00e3o<\/strong> deixe voc\u00ea <strong data-sourcepos=\"40:37-40:54\">misturar sabores<\/strong> ou aproveite-os <strong data-sourcepos=\"40:69-40:85\">individualmente<\/strong><\/p>\n<p data-sourcepos=\"42:1-43:77\">\u2753 <strong data-sourcepos=\"42:3-42:44\">A bateria de 850mAh \u00e9 suficiente?<br \/>\n<\/strong>\u2705 <strong data-sourcepos=\"43:3-43:28\">Desempenho otimizado<\/strong> dura <strong data-sourcepos=\"43:35-43:47\">2-3 dias<\/strong> com <strong data-sourcepos=\"43:53-43:77\">Carregamento r\u00e1pido tipo C<\/strong><\/p>\n<p data-sourcepos=\"45:1-46:70\">\u2753 <strong data-sourcepos=\"45:3-45:49\">Por que escolher entre nicotina 2% e 5%?<\/strong><br \/>\n\u2705 <strong data-sourcepos=\"46:3-46:26\">Satisfa\u00e7\u00e3o personalizada<\/strong> para <strong data-sourcepos=\"46:31-46:41\">casual<\/strong> e <strong data-sourcepos=\"46:46-46:64\">nicotina pesada<\/strong> Usu\u00e1rios<\/p>\n<p data-sourcepos=\"48:1-49:67\">\u2753 <strong data-sourcepos=\"48:3-48:46\">Os trios de sabores est\u00e3o bem equilibrados?<\/strong><br \/>\n\u2705 <strong data-sourcepos=\"49:3-49:36\">Combina\u00e7\u00f5es selecionadas por especialistas<\/strong> para <strong data-sourcepos=\"49:41-49:67\">perfeita harmonia de sabores<\/strong><\/p>\n<p>&nbsp;<\/p>\n<h3 id=\"brxe-najhln\" class=\"brxe-heading\">Perguntas frequentes (FAQ)<\/h3>\n<div id=\"brxe-rajiac\" class=\"brxe-text\">\n<p><strong>P: Quais m\u00e9todos de pagamento voc\u00ea aceita?<\/strong><br \/>\nR: Aceitamos PayPal, Stripe, transfer\u00eancias banc\u00e1rias (com suporte SEPA), os principais cart\u00f5es de cr\u00e9dito (Visa, MasterCard, American Express) e pagamentos em criptomoedas.<\/p>\n<p><strong>P: Quanto tempo leva a prepara\u00e7\u00e3o do pedido?<\/strong><br \/>\nR: A prepara\u00e7\u00e3o do pedido leva de 1 a 3 dias \u00fateis.<\/p>\n<p><strong>P: Qual \u00e9 o tempo de envio?<\/strong><br \/>\nR: O tempo de envio \u00e9 de 7 a 14 dias \u00fateis, dependendo da sua localiza\u00e7\u00e3o.<\/p>\n<p><strong>P: Como posso rastrear meu pedido?<\/strong><br \/>\nR: Ap\u00f3s o envio, voc\u00ea receber\u00e1 um e-mail de confirma\u00e7\u00e3o com um n\u00famero de rastreamento para rastreamento em tempo real.<\/p>\n<p><strong>P: Qual \u00e9 a sua pol\u00edtica de devolu\u00e7\u00e3o?<\/strong><br \/>\nR: Oferecemos uma pol\u00edtica de devolu\u00e7\u00e3o de 30 dias para reembolsos ou trocas. .<\/p>\n<p><strong>P: Haver\u00e1 algum problema alfandeg\u00e1rio?<br \/>\n<\/strong>Lidamos com todos os procedimentos de desembara\u00e7o aduaneiro para garantir uma experi\u00eancia descomplicada para voc\u00ea. .<\/p>\n<p><strong>P: Quais m\u00e9todos de envio s\u00e3o usados?<\/strong><br \/>\nCooperamos com UPS\/DHL\/FEDEX\/DPD, etc. Escolheremos a op\u00e7\u00e3o de envio apropriada dependendo do pa\u00eds de entrega para garantir que voc\u00ea receba seus produtos o mais r\u00e1pido poss\u00edvel.<\/p>\n<p><a href=\"https:\/\/pgvape.com\/pt\/perguntas-frequentes\/\">Clique aqui para mais perguntas frequentes<\/a><\/p>\n<p>Prezados clientes, Se voc\u00ea tiver alguma d\u00favida sobre seu pedido ou a chegada de mercadorias, entre em contato com nosso atendimento ao cliente. Obrigado!<\/p>\n<h3 data-sourcepos=\"73:1-73:21\"><strong data-sourcepos=\"73:7-73:21\">Contate-nos<\/strong><\/h3>\n<div id=\"text-2419739398\" class=\"text\">\n<p><strong data-sourcepos=\"75:3-75:12\">E-mail<\/strong>:\u00a0<a href=\"mailto:support@pgvape.com\"><strong>support@pgvape.com<\/strong><\/a><\/p>\n<p><strong data-sourcepos=\"76:3-76:15\">WhatsApp<\/strong>: <a href=\"https:\/\/wa.me\/+8618128481258\"><strong>+86 18128481258<\/strong><\/a><br \/>\n<strong>(Resposta em at\u00e9 24 horas em dias \u00fateis)<\/strong><\/p>\n<\/div>\n<h3><strong>Obrigado por escolher pgvape.com! .<\/strong><\/h3>\n<\/div>","protected":false},"excerpt":{"rendered":"<p>\u201c<strong data-sourcepos=\"54:2-54:23\">Efervescente Max III 60K<\/strong>: O <strong data-sourcepos=\"54:29-54:66\">a melhor mistura de sabores descart\u00e1vel<\/strong> com <strong data-sourcepos=\"54:72-54:88\">60.000 baforadas<\/strong>, <strong data-sourcepos=\"54:90-54:110\">tr\u00eas tanques de 20mL<\/strong>, e <strong data-sourcepos=\"54:116-54:135\">10 trios de sabores<\/strong>. <strong data-sourcepos=\"54:146-54:164\">Bateria de 850mAh<\/strong>, <strong data-sourcepos=\"54:166-54:179\">bobina de malha<\/strong>, e <strong data-sourcepos=\"54:185-54:205\">seis modos de mixagem<\/strong> para <strong data-sourcepos=\"54:210-54:242\">infinitas possibilidades de vaporiza\u00e7\u00e3o<\/strong>.\u201d<\/p>","protected":false},"featured_media":2770,"comment_status":"open","ping_status":"closed","template":"","meta":{"_seopress_robots_primary_cat":"none","_seopress_titles_title":"%%post_title%% %%sep%% %%sitetitle%%","_seopress_titles_desc":"","_seopress_robots_index":""},"product_brand":[516,251],"product_cat":[48,515,28],"product_tag":[169,253,51,52,90,252,79,203],"class_list":{"0":"post-2766","1":"product","2":"type-product","3":"status-publish","4":"has-post-thumbnail","6":"product_brand-disposable-vape","7":"product_brand-fizzy-vape","8":"product_cat-60k-puffs-vape","9":"product_cat-disposable-vape","10":"product_cat-fizzy-vape","11":"product_tag-10tastes","12":"product_tag-6-in-1-flavors","13":"product_tag-60k-puffs","14":"product_tag-60k-vape","15":"product_tag-disposable-vape","16":"product_tag-fizzy-max-iii-60000","17":"product_tag-led-display","18":"product_tag-shipment-from-eu","20":"first","21":"instock","22":"sale","23":"shipping-taxable","24":"purchasable","25":"product-type-variable"},"_links":{"self":[{"href":"https:\/\/pgvape.com\/pt\/wp-json\/wp\/v2\/product\/2766","targetHints":{"allow":["GET"]}}],"collection":[{"href":"https:\/\/pgvape.com\/pt\/wp-json\/wp\/v2\/product"}],"about":[{"href":"https:\/\/pgvape.com\/pt\/wp-json\/wp\/v2\/types\/product"}],"replies":[{"embeddable":true,"href":"https:\/\/pgvape.com\/pt\/wp-json\/wp\/v2\/comments?post=2766"}],"wp:featuredmedia":[{"embeddable":true,"href":"https:\/\/pgvape.com\/pt\/wp-json\/wp\/v2\/media\/2770"}],"wp:attachment":[{"href":"https:\/\/pgvape.com\/pt\/wp-json\/wp\/v2\/media?parent=2766"}],"wp:term":[{"taxonomy":"product_brand","embeddable":true,"href":"https:\/\/pgvape.com\/pt\/wp-json\/wp\/v2\/product_brand?post=2766"},{"taxonomy":"product_cat","embeddable":true,"href":"https:\/\/pgvape.com\/pt\/wp-json\/wp\/v2\/product_cat?post=2766"},{"taxonomy":"product_tag","embeddable":true,"href":"https:\/\/pgvape.com\/pt\/wp-json\/wp\/v2\/product_tag?post=2766"}],"curies":[{"name":"wp","href":"https:\/\/api.w.org\/{rel}","templated":true}]}}