{"id":2507,"date":"2025-10-09T09:37:50","date_gmt":"2025-10-09T09:37:50","guid":{"rendered":"https:\/\/pgvape.com\/?post_type=product&#038;p=2507"},"modified":"2025-12-15T12:58:04","modified_gmt":"2025-12-15T12:58:04","slug":"jnr-falon-16000-16k-puffs-vape-descartavel-edicao-original-recarregavel-vape-direto-da-fabrica","status":"publish","type":"product","link":"https:\/\/pgvape.com\/pt\/produto\/jnr-falon-16000-16k-puffs-vape-descartavel-edicao-original-recarregavel-vape-direto-da-fabrica\/","title":{"rendered":"JNR FALON 16000 16K Puffs Vape Descart\u00e1vel Edi\u00e7\u00e3o Original Vape Recarreg\u00e1vel Direto da F\u00e1brica"},"content":{"rendered":"<p><strong data-sourcepos=\"8:5-8:31\">JNR Falcon 16000 Puffs<\/strong> combina <strong data-sourcepos=\"8:41-8:68\">vaporiza\u00e7\u00e3o de alto desempenho<\/strong> com <strong data-sourcepos=\"8:74-8:104\">design elegante de artesanato em cristal<\/strong>, entregando <strong data-sourcepos=\"8:117-8:146\">16.000 baforadas ultra-suaves<\/strong> de seu <strong data-sourcepos=\"8:156-8:182\">Capacidade de e-l\u00edquido de 22mL<\/strong>. <strong data-sourcepos=\"8:198-8:229\">Bateria recarreg\u00e1vel de 850mAh<\/strong> e <strong data-sourcepos=\"8:234-8:255\">Bobina de malha dupla de 1\u03a9<\/strong>, produz <strong data-sourcepos=\"8:269-8:290\">30% sabor mais rico<\/strong> e <strong data-sourcepos=\"8:295-8:312\">nuvens mais densas<\/strong>. <strong data-sourcepos=\"8:318-8:340\">fluxo de ar ajust\u00e1vel<\/strong> permite sorteios personalizados, enquanto o <strong data-sourcepos=\"8:376-8:401\">concha de cristal premium<\/strong> adiciona luxo. <strong data-sourcepos=\"8:420-8:435\">Nicotina 2%<\/strong> e <strong data-sourcepos=\"8:440-8:461\">25 sabores ex\u00f3ticos<\/strong>, \u00e9 perfeito para vapers que valorizam <strong data-sourcepos=\"8:497-8:506\">estilo<\/strong> e <strong data-sourcepos=\"8:511-8:524\">subst\u00e2ncia<\/strong><\/p>\n<p>&nbsp;<\/p>\n<h2><span style=\"font-size: 90%;\">Especifica\u00e7\u00e3o de Vape descart\u00e1vel JNR FALON 16K Puffs<\/span><\/h2>\n<p><strong data-sourcepos=\"13:3-13:17\">Contagem de sopros<\/strong>:\u00a0<strong data-sourcepos=\"13:19-13:35\">16.000 baforadas<\/strong><\/p>\n<p><strong data-sourcepos=\"14:3-14:15\">E-l\u00edquido<\/strong>:\u00a0<strong data-sourcepos=\"14:17-14:25\">22mL<\/strong><\/p>\n<p><strong data-sourcepos=\"15:3-15:11\">Bobina<\/strong>:\u00a0<strong data-sourcepos=\"15:13-15:34\">Bobina de malha dupla de 1\u03a9<\/strong><\/p>\n<p><strong data-sourcepos=\"16:3-16:14\">Bateria<\/strong>:\u00a0<strong data-sourcepos=\"16:16-16:39\">850mAh recarreg\u00e1vel<\/strong><\/p>\n<p><strong data-sourcepos=\"17:3-17:14\">Fluxo de ar<\/strong>:\u00a0<strong data-sourcepos=\"17:16-17:40\">Ajust\u00e1vel (MTL\/RDL)<\/strong><\/p>\n<p><strong data-sourcepos=\"18:3-18:13\">Projeto<\/strong>:\u00a0<strong data-sourcepos=\"18:15-18:38\">Concha de Cristal<\/strong><\/p>\n<p><strong data-sourcepos=\"19:3-19:15\">Nicotina<\/strong>:\u00a0<strong data-sourcepos=\"19:17-19:23\">2%<\/strong><\/p>\n<p><strong data-sourcepos=\"20:3-20:14\">Sabores<\/strong>:\u00a0<strong data-sourcepos=\"20:16-20:38\">25 op\u00e7\u00f5es premium<\/strong><\/p>\n<p>&nbsp;<\/p>\n<h3><span style=\"font-size: 90%;\">Lista de sabores descart\u00e1veis \u200b\u200b\u200b\u200bde Vape JNR FALON 16K Puffs<\/span><\/h3>\n<p><strong data-sourcepos=\"25:4-25:32\">1. Framboesa Vermelha Amora<\/strong><\/p>\n<p><strong data-sourcepos=\"26:4-26:21\">2. Gelo Razz Azul<\/strong><\/p>\n<p><strong data-sourcepos=\"27:4-27:33\">3. Gelo de rom\u00e3 e mirtilo<\/strong><\/p>\n<p><strong data-sourcepos=\"28:4-28:31\">4. Mirtilo Framboesa Vermelha<\/strong><\/p>\n<p><strong data-sourcepos=\"29:4-29:27\">5.Manga Maracuj\u00e1<\/strong><\/p>\n<p><strong data-sourcepos=\"30:4-30:26\">6. Kiwi de Maracuj\u00e1<\/strong><\/p>\n<p><strong data-sourcepos=\"31:4-31:20\">7. Uva Sakura<\/strong><\/p>\n<p><strong data-sourcepos=\"32:4-32:23\">8. Morango Kiwi<\/strong><\/p>\n<p><strong data-sourcepos=\"33:4-33:33\">9. Gelo de melancia e morango<\/strong><\/p>\n<p><strong data-sourcepos=\"34:5-34:31\">10.Melancia Manga P\u00eassego<\/strong><\/p>\n<p><strong data-sourcepos=\"35:5-35:23\">11. Gelo de melancia<\/strong><\/p>\n<p><strong data-sourcepos=\"36:5-36:20\">12. Explos\u00e3o de frutas vermelhas<\/strong><\/p>\n<p><strong data-sourcepos=\"37:5-37:25\">13.Razz de p\u00eassego branco<\/strong><\/p>\n<p><strong data-sourcepos=\"38:5-38:31\">14.Hubba Bubba Morango<\/strong><\/p>\n<p><strong data-sourcepos=\"39:5-39:35\">15. Mirtilo Framboesa Cereja<\/strong><\/p>\n<p><strong data-sourcepos=\"40:5-40:21\">16.Cherry Berry<\/strong><\/p>\n<p><strong data-sourcepos=\"41:5-41:23\">17. Gelo de Morango<\/strong><\/p>\n<p><strong data-sourcepos=\"42:5-42:22\">18. Bagas Mistas<\/strong><\/p>\n<p><strong data-sourcepos=\"43:5-43:29\">19. Chiclete de melancia<\/strong><\/p>\n<p><strong data-sourcepos=\"44:5-44:26\">20. Banana Morango<\/strong><\/p>\n<p><strong data-sourcepos=\"45:5-45:17\">21.Cola Ice<\/strong><\/p>\n<p><strong data-sourcepos=\"46:5-46:23\">22. Mirtilo Kiwi<\/strong><\/p>\n<p><strong data-sourcepos=\"47:5-47:25\">23.Blue Razz Cereja<\/strong><\/p>\n<p><strong data-sourcepos=\"48:5-48:33\">24. Congelamento de melancia cereja<\/strong><\/p>\n<p><strong data-sourcepos=\"49:5-49:26\">25.Cola de Cereja Fizzy<\/strong><\/p>\n<p><strong data-sourcepos=\"50:5-50:22\">26.P\u00eassegos Suculentos<\/strong><\/p>\n<p><strong data-sourcepos=\"51:5-51:20\">27.P\u00eassego<\/strong><\/p>\n<p><strong data-sourcepos=\"52:5-52:33\">28. Kiwi Maracuj\u00e1 Goiaba<\/strong><\/p>\n<p>&nbsp;<\/p>\n<p>&nbsp;<\/p>\n<h2 class=\"header-vfC6AV auto-hide-last-sibling-br\">Perguntas frequentes sobre JNR FALON 16K Puffs Vape descart\u00e1vel<\/h2>\n<p data-sourcepos=\"57:1-58:92\">\u2753 <strong data-sourcepos=\"57:3-57:50\">O que torna a bobina de malha dupla superior?<\/strong><br \/>\n\u2705 <strong data-sourcepos=\"58:3-58:20\">Resist\u00eancia de 1\u03a9<\/strong> otimiza <strong data-sourcepos=\"58:31-58:49\">clareza de sabor<\/strong> e <strong data-sourcepos=\"58:54-58:71\">densidade de vapor<\/strong> para golpes mais suaves.<\/p>\n<p data-sourcepos=\"60:1-61:71\">\u2753 <strong data-sourcepos=\"60:3-60:44\">Como funciona o fluxo de ar ajust\u00e1vel?<\/strong><br \/>\n\u2705 Aperte para <strong data-sourcepos=\"61:15-61:34\">empates MTL apertados<\/strong> ou afrouxar para <strong data-sourcepos=\"61:49-61:68\">nuvens RDL arejadas<\/strong>.<\/p>\n<p data-sourcepos=\"63:1-64:69\">\u2753 <strong data-sourcepos=\"63:3-63:46\">A contagem de 16.000 baforadas \u00e9 realista?<\/strong><br \/>\n\u2705 <strong data-sourcepos=\"64:3-64:20\">Capacidade 22mL<\/strong> + <strong data-sourcepos=\"64:23-64:41\">bobina eficiente<\/strong> garante <strong data-sourcepos=\"64:50-64:66\">semanas de uso<\/strong>.<\/p>\n<p data-sourcepos=\"66:1-67:70\">\u2753 <strong data-sourcepos=\"66:3-66:51\">O que h\u00e1 de especial no design do cristal?<\/strong><br \/>\n\u2705 <strong data-sourcepos=\"67:3-67:28\">Concha de acr\u00edlico premium<\/strong> com <strong data-sourcepos=\"67:34-67:49\">Acentos LED<\/strong> para uma sensa\u00e7\u00e3o de luxo.<\/p>\n<p data-sourcepos=\"69:1-72:50\">\u2753 <strong data-sourcepos=\"69:3-69:38\">Quais sabores s\u00e3o mais populares?<\/strong><br \/>\n\u2714 <strong data-sourcepos=\"70:3-70:20\">Gelo Razz Azul<\/strong> (picante e gelado) \u2714 <strong data-sourcepos=\"71:3-71:32\">Gelo De Melancia De Morango<\/strong> (suculento e fresco) \u2714 <strong data-sourcepos=\"72:3-72:31\">Kiwi Maracuj\u00e1 Goiaba<\/strong> (soco tropical)<\/p>\n<p>&nbsp;<\/p>\n<h3 id=\"brxe-najhln\" class=\"brxe-heading\">Perguntas frequentes (FAQ)<\/h3>\n<div id=\"brxe-rajiac\" class=\"brxe-text\">\n<p><strong>P: Quais m\u00e9todos de pagamento voc\u00ea aceita?<\/strong><br \/>\nR: Aceitamos PayPal, Stripe, transfer\u00eancias banc\u00e1rias (com suporte SEPA), os principais cart\u00f5es de cr\u00e9dito (Visa, MasterCard, American Express) e pagamentos em criptomoedas.<\/p>\n<p><strong>P: Quanto tempo leva a prepara\u00e7\u00e3o do pedido?<\/strong><br \/>\nR: A prepara\u00e7\u00e3o do pedido leva de 1 a 3 dias \u00fateis.<\/p>\n<p><strong>P: Qual \u00e9 o tempo de envio?<\/strong><br \/>\nR: O tempo de envio \u00e9 de 7 a 14 dias \u00fateis, dependendo da sua localiza\u00e7\u00e3o.<\/p>\n<p><strong>P: Como posso rastrear meu pedido?<\/strong><br \/>\nR: Ap\u00f3s o envio, voc\u00ea receber\u00e1 um e-mail de confirma\u00e7\u00e3o com um n\u00famero de rastreamento para rastreamento em tempo real.<\/p>\n<p><strong>P: Qual \u00e9 a sua pol\u00edtica de devolu\u00e7\u00e3o?<\/strong><br \/>\nR: Oferecemos uma pol\u00edtica de devolu\u00e7\u00e3o de 30 dias para reembolsos ou trocas. .<\/p>\n<p><strong>P: Haver\u00e1 algum problema alfandeg\u00e1rio?<br \/>\n<\/strong>Lidamos com todos os procedimentos de desembara\u00e7o aduaneiro para garantir uma experi\u00eancia descomplicada para voc\u00ea. .<\/p>\n<p><strong>P: Quais m\u00e9todos de envio s\u00e3o usados?<\/strong><br \/>\nCooperamos com UPS\/DHL\/FEDEX\/DPD, etc. Escolheremos a op\u00e7\u00e3o de envio apropriada dependendo do pa\u00eds de entrega para garantir que voc\u00ea receba seus produtos o mais r\u00e1pido poss\u00edvel.<\/p>\n<p><a href=\"https:\/\/pgvape.com\/pt\/perguntas-frequentes\/\">Clique aqui para mais perguntas frequentes<\/a><\/p>\n<p>Prezados clientes, Se voc\u00ea tiver alguma d\u00favida sobre seu pedido ou a chegada de mercadorias, entre em contato com nosso atendimento ao cliente. Obrigado!<\/p>\n<h3 data-sourcepos=\"73:1-73:21\"><strong data-sourcepos=\"73:7-73:21\">Contate-nos<\/strong><\/h3>\n<div id=\"text-2419739398\" class=\"text\">\n<p><strong data-sourcepos=\"75:3-75:12\">E-mail<\/strong>:\u00a0<a href=\"mailto:support@pgvape.com\"><strong>support@pgvape.com<\/strong><\/a><\/p>\n<p><strong data-sourcepos=\"76:3-76:15\">WhatsApp<\/strong>: <a href=\"https:\/\/wa.me\/+8618128481258\"><strong>+86 18128481258<\/strong><\/a><br \/>\n<strong>(Resposta em at\u00e9 24 horas em dias \u00fateis)<\/strong><\/p>\n<\/div>\n<h3><strong>Obrigado por escolher pgvape.com! .<\/strong><\/h3>\n<\/div>","protected":false},"excerpt":{"rendered":"<p><strong data-sourcepos=\"77:1-77:224\">\u201cJNR Falcon 16000: O vape descart\u00e1vel de luxo com 16K puffs, design de cristal e 25 sabores. Possui bobinas de malha dupla de 1\u03a9, fluxo de ar ajust\u00e1vel e bateria de 850mAh para desempenho premium.\u201d<\/strong><\/p>","protected":false},"featured_media":2510,"comment_status":"open","ping_status":"closed","template":"","meta":{"_seopress_robots_primary_cat":"none","_seopress_titles_title":"%%post_title%% %%sep%% %%sitetitle%%","_seopress_titles_desc":"","_seopress_robots_index":""},"product_brand":[516,228],"product_cat":[229,515,29],"product_tag":[232,233,235,90,231,234,136],"class_list":{"0":"post-2507","1":"product","2":"type-product","3":"status-publish","4":"has-post-thumbnail","6":"product_brand-disposable-vape","7":"product_brand-jnr-vape","8":"product_cat-16k-puffs-vape","9":"product_cat-disposable-vape","10":"product_cat-jnr-vape","11":"product_tag-16k-puffs","12":"product_tag-16k-vape","13":"product_tag-28tastes","14":"product_tag-disposable-vape","15":"product_tag-jnr-falon-16000","16":"product_tag-original-edition-rechargeable","17":"product_tag-smart-screen","19":"first","20":"instock","21":"sale","22":"shipping-taxable","23":"purchasable","24":"product-type-variable"},"_links":{"self":[{"href":"https:\/\/pgvape.com\/pt\/wp-json\/wp\/v2\/product\/2507","targetHints":{"allow":["GET"]}}],"collection":[{"href":"https:\/\/pgvape.com\/pt\/wp-json\/wp\/v2\/product"}],"about":[{"href":"https:\/\/pgvape.com\/pt\/wp-json\/wp\/v2\/types\/product"}],"replies":[{"embeddable":true,"href":"https:\/\/pgvape.com\/pt\/wp-json\/wp\/v2\/comments?post=2507"}],"wp:featuredmedia":[{"embeddable":true,"href":"https:\/\/pgvape.com\/pt\/wp-json\/wp\/v2\/media\/2510"}],"wp:attachment":[{"href":"https:\/\/pgvape.com\/pt\/wp-json\/wp\/v2\/media?parent=2507"}],"wp:term":[{"taxonomy":"product_brand","embeddable":true,"href":"https:\/\/pgvape.com\/pt\/wp-json\/wp\/v2\/product_brand?post=2507"},{"taxonomy":"product_cat","embeddable":true,"href":"https:\/\/pgvape.com\/pt\/wp-json\/wp\/v2\/product_cat?post=2507"},{"taxonomy":"product_tag","embeddable":true,"href":"https:\/\/pgvape.com\/pt\/wp-json\/wp\/v2\/product_tag?post=2507"}],"curies":[{"name":"wp","href":"https:\/\/api.w.org\/{rel}","templated":true}]}}