{"id":1912,"date":"2025-09-29T14:18:33","date_gmt":"2025-09-29T14:18:33","guid":{"rendered":"https:\/\/pgvape.com\/?post_type=product&#038;p=1912"},"modified":"2025-12-31T16:11:05","modified_gmt":"2025-12-31T16:11:05","slug":"bang-blaze-100000-100k-puffs-6-em-1-sabores-descartaveis-vape-6-sabores-ajustaveis-led-tela-inteligente-vape-direto-da-fabrica","status":"publish","type":"product","link":"https:\/\/pgvape.com\/pt\/produto\/bang-blaze-100000-100k-puffs-6-em-1-sabores-descartaveis-vape-6-sabores-ajustaveis-led-tela-inteligente-vape-direto-da-fabrica\/","title":{"rendered":"Bang Blaze 100000 100k Puffs 6 em 1 Sabores Vape Descart\u00e1vel 6 Sabores Ajust\u00e1veis LED Tela Inteligente Vape Direto da F\u00e1brica"},"content":{"rendered":"<p class=\"auto-hide-last-sibling-br paragraph-JOTKXA paragraph-element br-paragraph-space\"><strong data-sourcepos=\"6:5-6:46\">Bang Blaze 100K Puffs Vape Descart\u00e1vel<\/strong> estabelece um novo padr\u00e3o da ind\u00fastria com um desempenho sem precedentes <strong data-sourcepos=\"6:98-6:120\">Contagem de 100.000 baforadas<\/strong>, alimentado por um inovador <strong data-sourcepos=\"6:147-6:169\">sistema de tanque triplo<\/strong> e <strong data-sourcepos=\"6:174-6:194\">bobina de malha tripla<\/strong> tecnologia. <strong data-sourcepos=\"6:217-6:248\">6 modos de sabor personaliz\u00e1veis<\/strong> (sabores individuais ou combinados), <strong data-sourcepos=\"6:283-6:312\">Op\u00e7\u00f5es de nicotina 2%\/3%\/5%<\/strong>, e um <strong data-sourcepos=\"6:321-6:352\">Bateria recarreg\u00e1vel de 850mAh<\/strong> com <strong data-sourcepos=\"6:358-6:382\">Carregamento r\u00e1pido tipo C<\/strong>, este dispositivo oferece versatilidade m\u00e1xima. <strong data-sourcepos=\"6:431-6:452\">tela LED brilhante<\/strong> fornece monitoramento em tempo real da bateria, contagem de tragadas e modo de sabor, enquanto <strong data-sourcepos=\"6:530-6:564\">10 combina\u00e7\u00f5es de sabores premium<\/strong> atender a todos os paladares. <strong data-sourcepos=\"6:597-6:618\">10 pe\u00e7as por caixa<\/strong>, \u00e9 ideal para varejistas e entusiastas de vaporiza\u00e7\u00e3o<\/p>\n<p>&nbsp;<\/p>\n<h2><span style=\"font-size: 90%;\">Bang Blaze 100000 | 100k Puffs 6 em 1 Sabores Vape Descart\u00e1vel Especifica\u00e7\u00e3o do Produto<\/span><\/h2>\n<p><strong data-sourcepos=\"11:3-11:18\">Contagem de sopros:<\/strong>\u00a0<strong data-sourcepos=\"11:19-11:36\">100.000 baforadas<\/strong>\u00a0(Longevidade incompar\u00e1vel)<\/p>\n<p><strong data-sourcepos=\"12:3-12:16\">Nicotina:<\/strong>\u00a0<strong data-sourcepos=\"12:17-12:33\">2% \/ 3% \/ 5%<\/strong>\u00a0(Intensidade personaliz\u00e1vel)<\/p>\n<p><strong data-sourcepos=\"13:3-13:21\">Sistema de sabores: <\/strong><strong data-sourcepos=\"14:5-14:17\">6 modos:<\/strong>\u00a0<strong data-sourcepos=\"14:18-14:44\">A, B, C, A+B, A+C, B+C<\/strong>\u00a0(Misture e combine sabores)<\/p>\n<p><strong data-sourcepos=\"15:5-15:25\">Tanques Triplos de Petr\u00f3leo<\/strong>\u00a0(Suporta combina\u00e7\u00f5es de v\u00e1rios sabores)<\/p>\n<p><strong data-sourcepos=\"16:3-16:12\">Bobina:<\/strong>\u00a0<strong data-sourcepos=\"16:13-16:28\">Malha Tripla<\/strong>\u00a0(Aquecimento mais r\u00e1pido, 30% mais intensidade de sabor)<\/p>\n<p><strong data-sourcepos=\"17:3-17:15\">Bateria:<\/strong>\u00a0<strong data-sourcepos=\"17:16-17:39\">850mAh recarreg\u00e1vel<\/strong>\u00a0+\u00a0<strong data-sourcepos=\"17:42-17:66\">Carregamento r\u00e1pido tipo C<\/strong><\/p>\n<p><strong data-sourcepos=\"18:3-18:15\">Mostrar:<\/strong>\u00a0<strong data-sourcepos=\"18:16-18:30\">Tela LED<\/strong>\u00a0(Rastreamento de uso em tempo real)<\/p>\n<p><strong data-sourcepos=\"19:3-19:17\">Embalagem:<\/strong>\u00a0<strong data-sourcepos=\"19:18-19:32\">10 unidades\/caixa<\/strong>\u00a0(Pronto para varejo)<\/p>\n<h3><span style=\"font-size: 90%;\"><br \/>\nBang Blaze 100000 | 100k Puffs 6 em 1 sabores Lista de sabores de vapor descart\u00e1veis<\/span><\/h3>\n<p data-start=\"2919\" data-end=\"3091\">1.<strong>Gelo De Melancia E Morango Mamba E Melancia De Morango<\/strong><br data-start=\"2978\" data-end=\"2981\" \/>Melancia Gelo Morango Mamba e Morango Melancia Morango Mamba e Morango Melancia Morango Mamba<\/p>\n<p data-start=\"3096\" data-end=\"3248\"><strong>2.Fuji Ice e Ma\u00e7\u00e3 Uva e Cereja Rom\u00e3<\/strong><br data-start=\"3141\" data-end=\"3144\" \/>Fuji Ice Ma\u00e7\u00e3 Uva e Cereja Rom\u00e3 Fuji Ice &amp; Cherry Rom\u00e3 Ma\u00e7\u00e3 Uva<\/p>\n<p data-start=\"3253\" data-end=\"3401\"><strong>3. Gelo de mirtilo e chiclete de framboesa e lim\u00e3o e melancia<\/strong><br data-start=\"3309\" data-end=\"3312\" \/>Gelo de mirtilo, framboesa, lim\u00e3o e melancia, chiclete de mirtilo, melancia, framboesa, lim\u00e3o<\/p>\n<p data-start=\"3406\" data-end=\"3572\"><strong>4. Mirtilos, framboesas e abacaxis azedos, laranjas e framboesas, melancias<\/strong><br data-start=\"3483\" data-end=\"3486\" \/>Mirtilos Framboesas Abacaxi Azedo Laranjas e Mirtilos Framboesas Framboesas Melancias e Abacaxi Azedo Laranjas Framboesas Melancia<\/p>\n<p data-start=\"3577\" data-end=\"3717\"><strong>5. Gelo de uva e manga, p\u00eassego e melancia de mirtilo<\/strong><br data-start=\"3625\" data-end=\"3628\" \/>Gelo de uva, manga, p\u00eassego e melancia com mirtilo Gelo de uva e mirtilo, melancia e manga, p\u00eassego<\/p>\n<p data-start=\"3722\" data-end=\"3874\"><strong>6. Gelo de Morango e P\u00eassego Lim\u00e3o e Kiwi Maracuj\u00e1 Goiaba<\/strong><br data-start=\"3779\" data-end=\"3782\" \/>Gelo de Morango P\u00eassego Lim\u00e3o e Kiwi Maracuj\u00e1 Goiaba Gelo de Morango e Kiwi Maracuj\u00e1 Goiaba e P\u00eassego Lim\u00e3o<\/p>\n<p data-start=\"3879\" data-end=\"4025\"><strong>7. Abacaxi, coco e mirtilo, Red Bull e gelo de melancia<\/strong><br \/>\nGelo de Abacaxi, Coco, Mirtilo, Red Bull e Melancia, Gelo de Abacaxi, Coco e Melancia, Mirtilo, Red Bull<\/p>\n<p data-start=\"4030\" data-end=\"4162\"><strong>8. Morango, kiwi, mirtilo, coco e frutas vermelhas<\/strong><br \/>\nMorango, Kiwi, Mirtilo, Coco e Mix de Bagas Morango Kiwi e Mix de Bagas, Mirtilo, Coco<\/p>\n<p data-start=\"4167\" data-end=\"4306\"><strong>9. Romance de Lim\u00e3o e Mentol de Mirtilo, Framboesa e P\u00eassego<\/strong><br \/>\nRomance com Lim\u00e3o Mirtilo Framboesa e P\u00eassego Mentol Romance com Lim\u00e3o e P\u00eassego Mentol Mirtilo Framboesa<\/p>\n<p data-start=\"4312\" data-end=\"4462\"><strong>10. Gelo de p\u00eassego e gelo de abacaxi com groselha preta e kiwi de ma\u00e7\u00e3 verde<\/strong><br \/>\nGelo de p\u00eassego, groselha, abacaxi, gelo e ma\u00e7\u00e3 verde, kiwi, p\u00eassego, p\u00eassego, ma\u00e7\u00e3 verde, kiwi e groselha, abacaxi, gelo<\/p>\n<p><img loading=\"lazy\" decoding=\"async\" class=\"alignnone wp-image-1919 size-full\" src=\"https:\/\/pgvape.com\/wp-content\/uploads\/2025\/09\/Bang-Blaze-100k-Puffs-6-in-1-Flavors-Disposable-Vape-6-Adjustable-Flavors-0-2-3-5-Nicotine-10Tastes-LED-Smart-Screen-Vape-Factory-Direct-5.png\" alt=\"Grade em estilo p\u00f4ster com doze dispositivos vape descart\u00e1veis \u200b\u200bcoloridos em um fundo azul claro, cada um apresentando uma cabe\u00e7a de macaco de desenho animado estilizado, um r\u00f3tulo proeminente &quot;6 em 1&quot;, \u00edcones indicadores de estilo digital perto da base e pequenas listas impressas de seis nomes de sabores abaixo de cada dispositivo.\" width=\"1400\" height=\"1900\" srcset=\"https:\/\/pgvape.com\/wp-content\/uploads\/2025\/09\/Bang-Blaze-100k-Puffs-6-in-1-Flavors-Disposable-Vape-6-Adjustable-Flavors-0-2-3-5-Nicotine-10Tastes-LED-Smart-Screen-Vape-Factory-Direct-5.png 1400w, https:\/\/pgvape.com\/wp-content\/uploads\/2025\/09\/Bang-Blaze-100k-Puffs-6-in-1-Flavors-Disposable-Vape-6-Adjustable-Flavors-0-2-3-5-Nicotine-10Tastes-LED-Smart-Screen-Vape-Factory-Direct-5-265x360.png 265w, https:\/\/pgvape.com\/wp-content\/uploads\/2025\/09\/Bang-Blaze-100k-Puffs-6-in-1-Flavors-Disposable-Vape-6-Adjustable-Flavors-0-2-3-5-Nicotine-10Tastes-LED-Smart-Screen-Vape-Factory-Direct-5-595x808.png 595w, https:\/\/pgvape.com\/wp-content\/uploads\/2025\/09\/Bang-Blaze-100k-Puffs-6-in-1-Flavors-Disposable-Vape-6-Adjustable-Flavors-0-2-3-5-Nicotine-10Tastes-LED-Smart-Screen-Vape-Factory-Direct-5-295x400.png 295w, https:\/\/pgvape.com\/wp-content\/uploads\/2025\/09\/Bang-Blaze-100k-Puffs-6-in-1-Flavors-Disposable-Vape-6-Adjustable-Flavors-0-2-3-5-Nicotine-10Tastes-LED-Smart-Screen-Vape-Factory-Direct-5-768x1042.png 768w, https:\/\/pgvape.com\/wp-content\/uploads\/2025\/09\/Bang-Blaze-100k-Puffs-6-in-1-Flavors-Disposable-Vape-6-Adjustable-Flavors-0-2-3-5-Nicotine-10Tastes-LED-Smart-Screen-Vape-Factory-Direct-5-1132x1536.png 1132w, https:\/\/pgvape.com\/wp-content\/uploads\/2025\/09\/Bang-Blaze-100k-Puffs-6-in-1-Flavors-Disposable-Vape-6-Adjustable-Flavors-0-2-3-5-Nicotine-10Tastes-LED-Smart-Screen-Vape-Factory-Direct-5-9x12.png 9w, https:\/\/pgvape.com\/wp-content\/uploads\/2025\/09\/Bang-Blaze-100k-Puffs-6-in-1-Flavors-Disposable-Vape-6-Adjustable-Flavors-0-2-3-5-Nicotine-10Tastes-LED-Smart-Screen-Vape-Factory-Direct-5-600x814.png 600w, https:\/\/pgvape.com\/wp-content\/uploads\/2025\/09\/Bang-Blaze-100k-Puffs-6-in-1-Flavors-Disposable-Vape-6-Adjustable-Flavors-0-2-3-5-Nicotine-10Tastes-LED-Smart-Screen-Vape-Factory-Direct-5-29x40.png 29w\" sizes=\"auto, (max-width: 1400px) 100vw, 1400px\" \/><\/p>\n<p>&nbsp;<\/p>\n<h3><span style=\"font-size: 90%;\">Bang Blaze 100000 | 100k Puffs 6 em 1 Sabores Vape Descart\u00e1vel V\u00eddeo:<br \/>\n<iframe loading=\"lazy\" title=\"Bang Blaze 100000 |\" width=\"563\" height=\"1000\" src=\"https:\/\/www.youtube.com\/embed\/snQfI0OQlIA?feature=oembed\" frameborder=\"0\" allow=\"accelerometer; autoplay; clipboard-write; encrypted-media; gyroscope; picture-in-picture; web-share\" referrerpolicy=\"strict-origin-when-cross-origin\" allowfullscreen><\/iframe><br \/>\n<\/span><\/h3>\n<p>&nbsp;<\/p>\n<h2 class=\"header-vfC6AV auto-hide-last-sibling-br\">Perguntas frequentes sobre Bang Blaze 100000 | 100k Puffs 6 em 1 sabores Vape descart\u00e1vel<\/h2>\n<p data-sourcepos=\"38:1-39:82\">\u2753 <strong data-sourcepos=\"38:3-38:38\">Como ele consegue 100 mil baforadas?<\/strong><br \/>\n\u2705 <strong data-sourcepos=\"39:3-39:27\">Capacidade de tanque triplo<\/strong> + <strong data-sourcepos=\"39:30-39:61\">bobinas de malha tripla eficientes<\/strong> maximizar a vida \u00fatil.<\/p>\n<p data-sourcepos=\"41:1-42:93\">\u2753 <strong data-sourcepos=\"41:3-41:41\">Posso criar misturas de sabores personalizadas?<\/strong><br \/>\n\u2705 Misture <strong data-sourcepos=\"42:7-42:26\">quaisquer 2-3 sabores<\/strong> dos tanques (por exemplo, <strong data-sourcepos=\"42:49-42:89\">Gelo de mirtilo + chiclete de melancia<\/strong>).<\/p>\n<p data-sourcepos=\"44:1-45:102\">\u2753 <strong data-sourcepos=\"44:3-44:43\">A produ\u00e7\u00e3o de vapor \u00e9 excepcional?<\/strong><br \/>\n\u2705 <strong data-sourcepos=\"45:3-45:24\">Bobinas de malha tripla<\/strong> entregar <strong data-sourcepos=\"45:33-45:50\">nuvens mais densas<\/strong> e <strong data-sourcepos=\"45:55-45:74\">40% mais sabor<\/strong> versus descart\u00e1veis \u200b\u200bpadr\u00e3o.<\/p>\n<p data-sourcepos=\"47:1-48:71\">\u2753 <strong data-sourcepos=\"47:3-47:31\">Qu\u00e3o r\u00e1pido ele carrega?<\/strong><br \/>\n\u2705 <strong data-sourcepos=\"48:3-48:18\">Porta tipo C<\/strong> reabastece o <strong data-sourcepos=\"48:31-48:49\">Bateria de 850mAh<\/strong> em <strong data-sourcepos=\"48:53-48:68\">~40 minutos<\/strong>.<\/p>\n<p data-sourcepos=\"50:1-51:93\">\u2753 <strong data-sourcepos=\"50:3-50:26\">Para quem \u00e9 melhor?<br \/>\n<\/strong> \u2705 <strong data-sourcepos=\"51:3-51:20\">Ca\u00e7adores de nuvens<\/strong> querendo longevidade extrema + <strong data-sourcepos=\"51:49-51:62\">varejistas<\/strong> buscando descart\u00e1veis \u200b\u200bpremium<\/p>\n<p>&nbsp;<\/p>\n<h3 id=\"brxe-najhln\" class=\"brxe-heading\">Perguntas frequentes (FAQ)<\/h3>\n<div id=\"brxe-rajiac\" class=\"brxe-text\">\n<p><strong>P: Quais m\u00e9todos de pagamento voc\u00ea aceita?<\/strong><br \/>\nR: Aceitamos PayPal, Stripe, transfer\u00eancias banc\u00e1rias (com suporte SEPA), os principais cart\u00f5es de cr\u00e9dito (Visa, MasterCard, American Express) e pagamentos em criptomoedas.<\/p>\n<p><strong>P: Quanto tempo leva a prepara\u00e7\u00e3o do pedido?<\/strong><br \/>\nR: A prepara\u00e7\u00e3o do pedido leva de 1 a 3 dias \u00fateis.<\/p>\n<p><strong>P: Qual \u00e9 o tempo de envio?<\/strong><br \/>\nR: O tempo de envio \u00e9 de 7 a 14 dias \u00fateis, dependendo da sua localiza\u00e7\u00e3o.<\/p>\n<p><strong>P: Como posso rastrear meu pedido?<\/strong><br \/>\nR: Ap\u00f3s o envio, voc\u00ea receber\u00e1 um e-mail de confirma\u00e7\u00e3o com um n\u00famero de rastreamento para rastreamento em tempo real.<\/p>\n<p><strong>P: Qual \u00e9 a sua pol\u00edtica de devolu\u00e7\u00e3o?<\/strong><br \/>\nR: Oferecemos uma pol\u00edtica de devolu\u00e7\u00e3o de 30 dias para reembolsos ou trocas. .<\/p>\n<p><strong>P: Haver\u00e1 algum problema alfandeg\u00e1rio?<br \/>\n<\/strong>Lidamos com todos os procedimentos de desembara\u00e7o aduaneiro para garantir uma experi\u00eancia descomplicada para voc\u00ea. .<\/p>\n<p><strong>P: Quais m\u00e9todos de envio s\u00e3o usados?<\/strong><br \/>\nCooperamos com UPS\/DHL\/FEDEX\/DPD, etc. Escolheremos a op\u00e7\u00e3o de envio apropriada dependendo do pa\u00eds de entrega para garantir que voc\u00ea receba seus produtos o mais r\u00e1pido poss\u00edvel.<\/p>\n<p><a href=\"https:\/\/pgvape.com\/pt\/perguntas-frequentes\/\">Clique aqui para mais perguntas frequentes<\/a><\/p>\n<p>Prezados clientes, Se voc\u00ea tiver alguma d\u00favida sobre seu pedido ou a chegada de mercadorias, entre em contato com nosso atendimento ao cliente. Obrigado!<\/p>\n<h3 data-sourcepos=\"73:1-73:21\"><strong data-sourcepos=\"73:7-73:21\">Contate-nos<\/strong><\/h3>\n<div id=\"text-2419739398\" class=\"text\">\n<p><strong data-sourcepos=\"75:3-75:12\">E-mail<\/strong>:\u00a0<a href=\"mailto:support@pgvape.com\"><strong>support@pgvape.com<\/strong><\/a><\/p>\n<p><strong data-sourcepos=\"76:3-76:15\">WhatsApp<\/strong>: <a href=\"https:\/\/wa.me\/+8618128481258\"><strong>+86 18128481258<\/strong><\/a><br \/>\n<strong>(Resposta em at\u00e9 24 horas em dias \u00fateis)<\/strong><\/p>\n<\/div>\n<h3><strong>Obrigado por escolher pgvape.com! .<\/strong><\/h3>\n<\/div>","protected":false},"excerpt":{"rendered":"<p>Com <strong data-sourcepos=\"56:6-56:20\">100 mil baforadas<\/strong>, <strong data-sourcepos=\"56:22-56:40\">6 modos de sabor<\/strong>, e <strong data-sourcepos=\"56:46-56:72\">tecnologia de tanque triplo<\/strong>, o <strong data-sourcepos=\"56:78-56:97\">Bang Blaze 100K<\/strong> domina o mercado de descart\u00e1veis \u200b\u200bde alta qualidade. <strong data-sourcepos=\"56:140-56:159\">10 trios de sabores<\/strong> e <strong data-sourcepos=\"56:164-56:186\">rastreamento inteligente de LED<\/strong> oferecem personaliza\u00e7\u00e3o incompar\u00e1vel.<\/p>","protected":false},"featured_media":1915,"comment_status":"open","ping_status":"closed","template":"","meta":{"_seopress_robots_primary_cat":"none","_seopress_titles_title":"%%post_title%% %%sep%% %%sitetitle%%","_seopress_titles_desc":"","_seopress_robots_index":""},"product_brand":[49,516],"product_cat":[170,33,515],"product_tag":[171,169,172,122,163,108,77,173,167,109],"class_list":{"0":"post-1912","1":"product","2":"type-product","3":"status-publish","4":"has-post-thumbnail","6":"product_brand-bang-blaze-vape","7":"product_brand-disposable-vape","8":"product_cat-100k-puffs-vape","9":"product_cat-bang-blaze-vape","10":"product_cat-disposable-vape","11":"product_tag-100k","12":"product_tag-10tastes","13":"product_tag-6-adjustable-flavors","14":"product_tag-6-in-1","15":"product_tag-bang-blaze","16":"product_tag-disposable","17":"product_tag-flavors","18":"product_tag-led-smart-screen","19":"product_tag-puffs","20":"product_tag-vape","22":"first","23":"instock","24":"sale","25":"shipping-taxable","26":"purchasable","27":"product-type-variable"},"_links":{"self":[{"href":"https:\/\/pgvape.com\/pt\/wp-json\/wp\/v2\/product\/1912","targetHints":{"allow":["GET"]}}],"collection":[{"href":"https:\/\/pgvape.com\/pt\/wp-json\/wp\/v2\/product"}],"about":[{"href":"https:\/\/pgvape.com\/pt\/wp-json\/wp\/v2\/types\/product"}],"replies":[{"embeddable":true,"href":"https:\/\/pgvape.com\/pt\/wp-json\/wp\/v2\/comments?post=1912"}],"wp:featuredmedia":[{"embeddable":true,"href":"https:\/\/pgvape.com\/pt\/wp-json\/wp\/v2\/media\/1915"}],"wp:attachment":[{"href":"https:\/\/pgvape.com\/pt\/wp-json\/wp\/v2\/media?parent=1912"}],"wp:term":[{"taxonomy":"product_brand","embeddable":true,"href":"https:\/\/pgvape.com\/pt\/wp-json\/wp\/v2\/product_brand?post=1912"},{"taxonomy":"product_cat","embeddable":true,"href":"https:\/\/pgvape.com\/pt\/wp-json\/wp\/v2\/product_cat?post=1912"},{"taxonomy":"product_tag","embeddable":true,"href":"https:\/\/pgvape.com\/pt\/wp-json\/wp\/v2\/product_tag?post=1912"}],"curies":[{"name":"wp","href":"https:\/\/api.w.org\/{rel}","templated":true}]}}