{"id":1829,"date":"2025-09-29T11:39:10","date_gmt":"2025-09-29T11:39:10","guid":{"rendered":"https:\/\/pgvape.com\/?post_type=product&#038;p=1829"},"modified":"2026-03-24T18:07:54","modified_gmt":"2026-03-24T18:07:54","slug":"bang-blaze-40000-40k-puffs-duplos-sabores-vape-descartavel-tipo-c-carregamento-vape-direto-da-fabrica","status":"publish","type":"product","link":"https:\/\/pgvape.com\/pt\/produto\/bang-blaze-40000-40k-puffs-duplos-sabores-vape-descartavel-tipo-c-carregamento-vape-direto-da-fabrica\/","title":{"rendered":"Bang Blaze 40000 40k Puffs Dual Flavors Vape Descart\u00e1vel Tipo-C Carregamento Vape Direto da F\u00e1brica"},"content":{"rendered":"<div class=\"auto-hide-last-sibling-br paragraph-JOTKXA paragraph-element br-paragraph-space\">\n<div class=\"auto-hide-last-sibling-br paragraph-JOTKXA paragraph-element br-paragraph-space\">\n<p><strong data-sourcepos=\"6:5-6:45\">Bang Blaze 40K sopra Vape descart\u00e1vel<\/strong> redefine a versatilidade com <strong data-sourcepos=\"6:73-6:89\">40.000 baforadas<\/strong>, um <strong data-sourcepos=\"6:93-6:119\">Capacidade de e-l\u00edquido de 40mL<\/strong>, e um inovador <strong data-sourcepos=\"6:139-6:177\">sistema de sabor duplo slide-to-switch<\/strong>. <strong data-sourcepos=\"6:192-6:215\">bobina de malha dupla de 1,2\u03a9<\/strong> e <strong data-sourcepos=\"6:220-6:251\">Bateria recarreg\u00e1vel de 650mAh<\/strong>, ele entrega <strong data-sourcepos=\"6:265-6:292\">vapor suave e saboroso<\/strong> com <strong data-sourcepos=\"6:298-6:330\">Op\u00e7\u00f5es de nicotina 0%\/2%\/3%\/5%<\/strong>. <strong data-sourcepos=\"6:344-6:378\">32 combina\u00e7\u00f5es de sabores premium<\/strong>, aproveitar <strong data-sourcepos=\"6:386-6:410\">Carregamento r\u00e1pido tipo C<\/strong>, e experimente um desempenho duradouro em um design elegante e port\u00e1til. .<\/p>\n<p>&nbsp;<\/p>\n<\/div>\n<\/div>\n<h2><span style=\"font-size: 90%;\">Bang Blaze 40000 | 40k Puffs Dual Flavors Vape descart\u00e1vel Especifica\u00e7\u00e3o do produto<\/span><\/h2>\n<p><strong data-sourcepos=\"11:3-11:18\">Contagem de sopros:<\/strong>\u00a0<strong data-sourcepos=\"11:19-11:35\">40.000 baforadas<\/strong>\u00a0(Uso prolongado)<\/p>\n<p><strong data-sourcepos=\"12:3-12:16\">Nicotina:<\/strong>\u00a0<strong data-sourcepos=\"12:17-12:38\">0% \/ 2% \/ 3% \/ 5%<\/strong>\u00a0(Intensidade personalizada)<\/p>\n<p><strong data-sourcepos=\"13:3-13:21\">Sistema de sabores:<\/strong><strong data-sourcepos=\"14:5-14:37\">Sabores duplos deslizantes para alternar<\/strong>\u00a0(Alternar instantaneamente entre 2 sabores)<\/p>\n<p><strong data-sourcepos=\"15:5-15:24\">32 pares de sabores<\/strong>\u00a0(Frutados, gelados, sobremesas e misturas ex\u00f3ticas)<\/p>\n<p><strong data-sourcepos=\"16:3-16:25\">Capacidade de e-l\u00edquido:<\/strong>\u00a0<strong data-sourcepos=\"16:26-16:34\">40mL<\/strong>\u00a0(Tanque enorme para menos recargas)<\/p>\n<p><strong data-sourcepos=\"17:3-17:12\">Bobina:<\/strong>\u00a0<strong data-sourcepos=\"17:13-17:31\">Malha dupla de 1,2\u03a9<\/strong>\u00a0(Sabor equilibrado e produ\u00e7\u00e3o de nuvem)<\/p>\n<p><strong data-sourcepos=\"18:3-18:15\">Bateria:<\/strong>\u00a0<strong data-sourcepos=\"18:16-18:39\">650mAh recarreg\u00e1vel<\/strong>\u00a0+\u00a0<strong data-sourcepos=\"18:42-18:61\">Carregamento tipo C<\/strong><\/p>\n<p><strong data-sourcepos=\"19:3-19:17\">Embalagem:<\/strong>\u00a0<strong data-sourcepos=\"19:18-19:32\">10 unidades\/caixa<\/strong>\u00a0(Pronto para varejo)<\/p>\n<p>&nbsp;<\/p>\n<h3><span style=\"font-size: 90%;\">Bang Blaze 40000 | 40k Puffs Dual Flavors Lista de sabores Vape descart\u00e1veis<\/span><\/h3>\n<p>1.Melancia \/ Melancia Morango<\/p>\n<p>2. Gelo de mirtilo \/ framboesa de mirtilo<\/p>\n<p>3. Gelo de Manga \/ Manga de Morango<\/p>\n<p>4.Melancia \/ chiclete de melancia<\/p>\n<p>5. Gelo de Abacaxi \/ Coco de Abacaxi<\/p>\n<p>6. Frutas Mistas \/ Frutas Triplas<\/p>\n<p>7. Gelo de P\u00eassego \/ Manga P\u00eassego<\/p>\n<p>8. Cereja \/ Coca-Cola de Cereja<\/p>\n<p>9. Uva \/ Uva Mirtilo<\/p>\n<p>10. Hortel\u00e3 \/ Hortel\u00e3 Mirtilo<\/p>\n<p>11. Drag\u00e3o Negro de Gelo \/ Red Bull<\/p>\n<p>12. Gelo de Morango \/ Kiwi de Morango<\/p>\n<p>13. Frutas Tropicais \/ Melancia Tripla<\/p>\n<p>14. Abacaxi Manga Azeda \/ Lim\u00e3o Lim\u00e3o<\/p>\n<p>15. Hor\u00e1rio de ver\u00e3o \/ Gelo de ma\u00e7\u00e3<\/p>\n<p>16. Doces Arco-\u00cdris \/ Congelamento \u00c1rtico<\/p>\n<p>17.Melancia Framboesa \/ Jieshuang<\/p>\n<p>18.Romance de Lim\u00e3o \/ Cereja da Calif\u00f3rnia<\/p>\n<p>19.Manga P\u00eassego Damasco \/ Gomas Brancas<\/p>\n<p>20. Sonho de Maria \/ Aloe Manga Mel\u00e3o Gelo<\/p>\n<p>21.Kiwi Maracuj\u00e1 Goiaba \/ Mirtilo Cereja<\/p>\n<p>22. Manga Abacaxi \/ Gelo de Coco Abacaxi<\/p>\n<p>23. Melancia Framboesa \/ Uva Aloe Vera<\/p>\n<p>24. Gelo de Lichia \/ Lichia de Morango<\/p>\n<p>25.Sexo na Praia \/ Melancia Framboesa<\/p>\n<p>26.Gummy Bear \/ Brilho Preto Framboesa<\/p>\n<p>27. Bagas frescas, melancia \/ p\u00eassego azedo<\/p>\n<p>28. Banana Morango \/ Kiwi Maracuj\u00e1<\/p>\n<p>29.A\u00e7a\u00ed Tempestade Gelo \/ Amor 66<\/p>\n<p>30. Limonada Rosa \/ Mirtilo Cereja Lim\u00e3o<\/p>\n<p>31.Sorvete de Morango \/ Baunilha de Morango<\/p>\n<p>32. Mirtilo Cranberry Cereja \/ Melancia Cherr<\/p>\n<p>&nbsp;<\/p>\n<h3><span style=\"font-size: 90%;\">Bang Blaze 40000 | 40k Puffs Dual Flavors Vape Descart\u00e1vel V\u00eddeo:<br \/>\n<iframe loading=\"lazy\" title=\"Bang Blaze 40000 | 40k Puffs Vape descart\u00e1vel de sabores duplos | 0% 2% 3% 5% Nicotina | 32 sabores pgvape\" width=\"563\" height=\"1000\" src=\"https:\/\/www.youtube.com\/embed\/vCJqrdH4c2M?feature=oembed\" frameborder=\"0\" allow=\"accelerometer; autoplay; clipboard-write; encrypted-media; gyroscope; picture-in-picture; web-share\" referrerpolicy=\"strict-origin-when-cross-origin\" allowfullscreen><\/iframe><br \/>\n<\/span><\/h3>\n<p>&nbsp;<\/p>\n<h2><span style=\"font-size: 90%;\">Perguntas frequentes sobre Bang Blaze 40000 | 40k Puffs Dual Flavors Vape descart\u00e1vel<\/span><\/h2>\n<p data-sourcepos=\"55:1-56:128\">\u2753 <strong data-sourcepos=\"55:3-55:44\">Como funciona o sistema de sabor duplo?<\/strong><br \/>\n\u2705 <strong data-sourcepos=\"56:3-56:23\">Deslize o interruptor<\/strong> para alternar instantaneamente entre <strong data-sourcepos=\"56:55-56:67\">Sabor A<\/strong> e <strong data-sourcepos=\"56:72-56:84\">Sabor B<\/strong> (por exemplo, <strong data-sourcepos=\"56:92-56:124\">Gelo de Manga \u2194 Manga Morango<\/strong>).<\/p>\n<p data-sourcepos=\"58:1-59:100\">\u2753 <strong data-sourcepos=\"58:3-58:35\">A qualidade do vapor \u00e9 suave?<\/strong><br \/>\n\u2705 <strong data-sourcepos=\"59:3-59:27\">bobinas de malha dupla de 1,2\u03a9<\/strong> fornecer <strong data-sourcepos=\"59:36-59:63\">20% mais clareza de sabor<\/strong> e <strong data-sourcepos=\"59:68-59:97\">produ\u00e7\u00e3o de nuvem equilibrada<\/strong>.<\/p>\n<p data-sourcepos=\"61:1-62:59\">\u2753 <strong data-sourcepos=\"61:3-61:32\">Posso vaporizar sem nicotina?<\/strong><br \/>\n\u2705Sim! <strong data-sourcepos=\"62:8-62:30\">Op\u00e7\u00e3o de nicotina 0%<\/strong> para puro prazer de sabor.<\/p>\n<p data-sourcepos=\"64:1-65:90\">\u2753 <strong data-sourcepos=\"64:3-64:38\">Quanto tempo dura a bateria?<\/strong><br \/>\n\u2705 <strong data-sourcepos=\"65:3-65:21\">Bateria de 650mAh<\/strong> suporta <strong data-sourcepos=\"65:31-65:46\">dias de uso<\/strong>; <strong data-sourcepos=\"65:48-65:58\">Tipo-C<\/strong> recarrega em <strong data-sourcepos=\"65:72-65:87\">~40 minutos<\/strong>.<\/p>\n<p data-sourcepos=\"67:1-68:88\">\u2753 <strong data-sourcepos=\"67:3-67:26\">Para quem \u00e9 melhor?<\/strong><br \/>\n\u2705 <strong data-sourcepos=\"68:3-68:23\">Exploradores de sabores<\/strong> + <strong data-sourcepos=\"68:26-68:39\">varejistas<\/strong> buscando descart\u00e1veis \u200b\u200bde alta demanda e ricos em recursos.<\/p>\n<p>&nbsp;<\/p>\n<h3 id=\"brxe-najhln\" class=\"brxe-heading\">Perguntas frequentes (FAQ)<\/h3>\n<div id=\"brxe-rajiac\" class=\"brxe-text\">\n<p><strong>P: Quais m\u00e9todos de pagamento voc\u00ea aceita?<\/strong><br \/>\nR: Aceitamos PayPal, Stripe, transfer\u00eancias banc\u00e1rias (com suporte SEPA), os principais cart\u00f5es de cr\u00e9dito (Visa, MasterCard, American Express) e pagamentos em criptomoedas.<\/p>\n<p><strong>P: Quanto tempo leva a prepara\u00e7\u00e3o do pedido?<\/strong><br \/>\nR: A prepara\u00e7\u00e3o do pedido leva de 1 a 3 dias \u00fateis.<\/p>\n<p><strong>P: Qual \u00e9 o tempo de envio?<\/strong><br \/>\nR: O tempo de envio \u00e9 de 7 a 14 dias \u00fateis, dependendo da sua localiza\u00e7\u00e3o.<\/p>\n<p><strong>P: Como posso rastrear meu pedido?<\/strong><br \/>\nR: Ap\u00f3s o envio, voc\u00ea receber\u00e1 um e-mail de confirma\u00e7\u00e3o com um n\u00famero de rastreamento para rastreamento em tempo real.<\/p>\n<p><strong>P: Qual \u00e9 a sua pol\u00edtica de devolu\u00e7\u00e3o?<\/strong><br \/>\nR: Oferecemos uma pol\u00edtica de devolu\u00e7\u00e3o de 30 dias para reembolsos ou trocas. .<\/p>\n<p><strong>P: Haver\u00e1 algum problema alfandeg\u00e1rio?<br \/>\n<\/strong>Lidamos com todos os procedimentos de desembara\u00e7o aduaneiro para garantir uma experi\u00eancia descomplicada para voc\u00ea. .<\/p>\n<p><strong>P: Quais m\u00e9todos de envio s\u00e3o usados?<\/strong><br \/>\nCooperamos com UPS\/DHL\/FEDEX\/DPD, etc. Escolheremos a op\u00e7\u00e3o de envio apropriada dependendo do pa\u00eds de entrega para garantir que voc\u00ea receba seus produtos o mais r\u00e1pido poss\u00edvel.<\/p>\n<p><a href=\"https:\/\/pgvape.com\/pt\/perguntas-frequentes\/\">Clique aqui para mais perguntas frequentes<\/a><\/p>\n<p>Prezados clientes, Se voc\u00ea tiver alguma d\u00favida sobre seu pedido ou a chegada de mercadorias, entre em contato com nosso atendimento ao cliente. Obrigado!<\/p>\n<h3 data-sourcepos=\"73:1-73:21\"><strong data-sourcepos=\"73:7-73:21\">Contate-nos<\/strong><\/h3>\n<div id=\"text-2419739398\" class=\"text\">\n<p><strong data-sourcepos=\"75:3-75:12\">E-mail<\/strong>:\u00a0<a href=\"mailto:support@pgvape.com\"><strong>support@pgvape.com<\/strong><\/a><\/p>\n<p><strong data-sourcepos=\"76:3-76:15\">WhatsApp<\/strong>: <a href=\"https:\/\/wa.me\/+8618128481258\"><strong>+86 18128481258<\/strong><\/a><br \/>\n<strong>(Resposta em at\u00e9 24 horas em dias \u00fateis)<\/strong><\/p>\n<\/div>\n<h3><strong>Obrigado por escolher pgvape.com! .<\/strong><\/h3>\n<\/div>","protected":false},"excerpt":{"rendered":"<p>Com <strong data-sourcepos=\"73:6-73:19\">40 mil baforadas<\/strong>, <strong data-sourcepos=\"73:21-73:48\">flexibilidade de sabor duplo<\/strong>, e <strong data-sourcepos=\"73:54-73:71\">Capacidade 40mL<\/strong>, o <strong data-sourcepos=\"73:77-73:95\">Bang Blaze 40K<\/strong> \u00e9 uma virada de jogo. <strong data-sourcepos=\"73:115-73:134\">32 pares de sabores<\/strong> e <strong data-sourcepos=\"73:139-73:165\">personaliza\u00e7\u00e3o de nicotina<\/strong> atender a todos os vaper.<\/p>","protected":false},"featured_media":1832,"comment_status":"open","ping_status":"closed","template":"","meta":{"_seopress_robots_primary_cat":"none","_seopress_titles_title":"%%post_title%% %%sep%% %%sitetitle%%","_seopress_titles_desc":"","_seopress_robots_index":""},"product_brand":[49,516],"product_cat":[103,33,515],"product_tag":[164,106,107,163,90,66,165],"class_list":{"0":"post-1829","1":"product","2":"type-product","3":"status-publish","4":"has-post-thumbnail","6":"product_brand-bang-blaze-vape","7":"product_brand-disposable-vape","8":"product_cat-40k-puffs-vape","9":"product_cat-bang-blaze-vape","10":"product_cat-disposable-vape","11":"product_tag-32-tastes","12":"product_tag-40k-puffs","13":"product_tag-40k-vape","14":"product_tag-bang-blaze","15":"product_tag-disposable-vape","16":"product_tag-dual-flavors","17":"product_tag-type-c-charging","19":"first","20":"instock","21":"sale","22":"shipping-taxable","23":"purchasable","24":"product-type-variable"},"_links":{"self":[{"href":"https:\/\/pgvape.com\/pt\/wp-json\/wp\/v2\/product\/1829","targetHints":{"allow":["GET"]}}],"collection":[{"href":"https:\/\/pgvape.com\/pt\/wp-json\/wp\/v2\/product"}],"about":[{"href":"https:\/\/pgvape.com\/pt\/wp-json\/wp\/v2\/types\/product"}],"replies":[{"embeddable":true,"href":"https:\/\/pgvape.com\/pt\/wp-json\/wp\/v2\/comments?post=1829"}],"wp:featuredmedia":[{"embeddable":true,"href":"https:\/\/pgvape.com\/pt\/wp-json\/wp\/v2\/media\/1832"}],"wp:attachment":[{"href":"https:\/\/pgvape.com\/pt\/wp-json\/wp\/v2\/media?parent=1829"}],"wp:term":[{"taxonomy":"product_brand","embeddable":true,"href":"https:\/\/pgvape.com\/pt\/wp-json\/wp\/v2\/product_brand?post=1829"},{"taxonomy":"product_cat","embeddable":true,"href":"https:\/\/pgvape.com\/pt\/wp-json\/wp\/v2\/product_cat?post=1829"},{"taxonomy":"product_tag","embeddable":true,"href":"https:\/\/pgvape.com\/pt\/wp-json\/wp\/v2\/product_tag?post=1829"}],"curies":[{"name":"wp","href":"https:\/\/api.w.org\/{rel}","templated":true}]}}