{"id":1650,"date":"2025-09-28T14:42:20","date_gmt":"2025-09-28T14:42:20","guid":{"rendered":"https:\/\/pgvape.com\/?post_type=product&#038;p=1650"},"modified":"2025-12-15T13:23:31","modified_gmt":"2025-12-15T13:23:31","slug":"caixa-digital-randm-12000-12k-puffs-descartaveis-vape-display-led-vape-direto-da-fabrica","status":"publish","type":"product","link":"https:\/\/pgvape.com\/pt\/produto\/caixa-digital-randm-12000-12k-puffs-descartaveis-vape-display-led-vape-direto-da-fabrica\/","title":{"rendered":"RandM Digital Box 12000 12K Puffs Vape descart\u00e1veis com display LED Vape direto da f\u00e1brica"},"content":{"rendered":"<div class=\"auto-hide-last-sibling-br paragraph-JOTKXA paragraph-element br-paragraph-space\"><strong data-sourcepos=\"6:5-6:32\">Caixa Digital RandM 12000<\/strong> redefine a vaporiza\u00e7\u00e3o com <strong data-sourcepos=\"6:55-6:71\">12.000 baforadas<\/strong>, um <strong data-sourcepos=\"6:75-6:101\">Capacidade de e-l\u00edquido de 20mL<\/strong>, e <strong data-sourcepos=\"6:107-6:147\">monitoramento de bateria\/suco eletr\u00f4nico em tempo real<\/strong> atrav\u00e9s do seu <strong data-sourcepos=\"6:156-6:175\">display digital<\/strong>. <strong data-sourcepos=\"6:213-6:242\">sal de nicotina 0%\/2%\/3%\/5%<\/strong> op\u00e7\u00f5es e <strong data-sourcepos=\"6:255-6:269\">40 sabores<\/strong>, alimentado por um <strong data-sourcepos=\"6:285-6:316\">Bateria recarreg\u00e1vel de 850mAh<\/strong> com <strong data-sourcepos=\"6:322-6:341\">Carregamento tipo C<\/strong>. <strong data-sourcepos=\"6:355-6:381\">Caixas expositoras com 10 pe\u00e7as<\/strong> (ou <strong data-sourcepos=\"6:386-6:406\">Caixas de 200 unidades<\/strong><span class=\"CustomP_animated_char__m3r9w\">)<\/span><span class=\"CustomP_animated_char__m3r9w\">,<\/span><span class=\"CustomP_animated_char__m3r9w\">\u00a0<\/span><span class=\"CustomP_animated_char__m3r9w\">isto<\/span><span class=\"CustomP_animated_char__m3r9w\">\u2019<\/span><span class=\"CustomP_animated_char__m3r9w\">\u00e9<\/span><span class=\"CustomP_animated_char__m3r9w\">\u00a0<\/span><span class=\"CustomP_animated_char__m3r9w\">ideal<\/span><span class=\"CustomP_animated_char__m3r9w\">\u00a0<\/span><span class=\"CustomP_animated_char__m3r9w\">para<\/span><span class=\"CustomP_animated_char__m3r9w\">\u00a0<\/span><span class=\"CustomP_animated_char__m3r9w\">ambos<\/span><span class=\"CustomP_animated_char__m3r9w\">\u00a0<\/span><span class=\"CustomP_animated_char__m3r9w\">pessoal<\/span><span class=\"CustomP_animated_char__m3r9w\">\u00a0<\/span><span class=\"CustomP_animated_char__m3r9w\">usar<\/span><span class=\"CustomP_animated_char__m3r9w\">\u00a0<\/span><span class=\"CustomP_animated_char__m3r9w\">e<\/span><span class=\"CustomP_animated_char__m3r9w\">\u00a0<\/span><span class=\"CustomP_animated_char__m3r9w\">volume<\/span><span class=\"CustomP_animated_char__m3r9w\">\u00a0<\/span><span class=\"CustomP_animated_char__m3r9w\">vendas<\/span><span class=\"CustomP_animated_char__m3r9w\">.<\/span><\/div>\n<p>&nbsp;<\/p>\n<h2><span style=\"font-size: 90%;\">RandM Digital Box 12000 | 12K puffs Vape descart\u00e1veis \u200b\u200bEspecifica\u00e7\u00e3o do produto<\/span><\/h2>\n<p><strong data-sourcepos=\"11:3-11:25\">For\u00e7a da Nicotina:<\/strong>\u00a0<strong data-sourcepos=\"11:26-11:47\">0% \/ 2% \/ 3% \/ 5%<\/strong>\u00a0(De zero-nic a forte golpe na garganta)<\/p>\n<p><strong data-sourcepos=\"12:3-12:25\">Capacidade de e-l\u00edquido:<\/strong>\u00a0<strong data-sourcepos=\"12:26-12:34\">20mL<\/strong>\u00a0(Uso prolongado entre recargas)<\/p>\n<p><strong data-sourcepos=\"13:3-13:18\">Contagem de sopros:<\/strong>\u00a0<strong data-sourcepos=\"13:19-13:35\">12.000 baforadas<\/strong>\u00a0(Vida \u00fatil mais longa do que os descart\u00e1veis \u200b\u200bpadr\u00e3o)<\/p>\n<p><strong data-sourcepos=\"14:3-14:15\">Mostrar:<\/strong>\u00a0<strong data-sourcepos=\"14:16-14:54\">Indicadores de n\u00edvel de bateria e suco eletr\u00f4nico<\/strong>\u00a0(Rastreamento de precis\u00e3o)<\/p>\n<p><strong data-sourcepos=\"15:3-15:15\">Bateria:<\/strong>\u00a0<strong data-sourcepos=\"15:16-15:39\">850mAh recarreg\u00e1vel<\/strong>\u00a0(R\u00e1pido\u00a0<strong data-sourcepos=\"15:46-15:56\">Tipo-C<\/strong>\u00a0carregando)<\/p>\n<p><strong data-sourcepos=\"16:3-16:22\">Op\u00e7\u00f5es de sabores:<\/strong>\u00a0<strong data-sourcepos=\"16:23-16:39\">40 variedades<\/strong>\u00a0(Frutados, gelados, sobremesas e misturas ex\u00f3ticas)<\/p>\n<p><strong data-sourcepos=\"17:3-17:17\">Embalagem:<\/strong>Varejo:\u00a0<strong data-sourcepos=\"18:13-18:34\">10 unidades\/caixa de exibi\u00e7\u00e3o <\/strong>Atacado:\u00a0<strong data-sourcepos=\"19:16-19:33\">200 unidades\/caixa<\/strong><\/p>\n<p>&nbsp;<\/p>\n<h3><span style=\"font-size: 90%;\">RandM Digital Box 12000 | 12K puffs Lista de sabores de vapor descart\u00e1veis<\/span><\/h3>\n<p>1. Menta fresca<\/p>\n<p>2. Gelo de melancia<\/p>\n<p>3. Gelo de Uva<\/p>\n<p>4. Mirtilo Framboesa<\/p>\n<p>5. Melancia Morango<\/p>\n<p>6. Banana Morango<\/p>\n<p>7. Gelo Exuberante<\/p>\n<p>8. Cereja<\/p>\n<p>9. Gelo de Morango<\/p>\n<p>10.Ice Pop<\/p>\n<p>11. Limonada Rosa<\/p>\n<p>12.Manga com gelo<\/p>\n<p>13. Bagas Mistas<\/p>\n<p>14. Donut de Morango<\/p>\n<p>15. Uva Morango<\/p>\n<p>16.Cherry Cola<\/p>\n<p>17.Dr.<\/p>\n<p>18. Mirtilo no gelo<\/p>\n<p>19. Kiwi Maracuj\u00e1 Goiaba<\/p>\n<p>20. Morango Kiwi<\/p>\n<p>21.Manga P\u00eassego<\/p>\n<p>22.Gelo de p\u00eassego<\/p>\n<p>23.Gelado de Ma\u00e7\u00e3 Vermelha<\/p>\n<p>24. Chiclete de mirtilo<\/p>\n<p>25.Limonada de frutas vermelhas<\/p>\n<p>26.Limonada Blue Razz<\/p>\n<p>27. Framboesa Azeda Azul<\/p>\n<p>28.Morango Red Bull<\/p>\n<p>29.Apple Berry Blast<\/p>\n<p>30. Chiclete de melancia<\/p>\n<p>31. Melancia Framboesa<\/p>\n<p>32.Gelo Negro<\/p>\n<p>33. Mirtilo Cereja Cranberry<\/p>\n<p>34.Pompa de Morango<\/p>\n<p>35.Vimto<\/p>\n<p>36.Cervejaria Cerealista<\/p>\n<p>37.Lim\u00e3o e Lim\u00e3o<\/p>\n<p>38.Bingo<\/p>\n<p>39.Kiwi Mirtilo<\/p>\n<p>40.Ma\u00e7\u00e3 Canela<\/p>\n<p>&nbsp;<\/p>\n<p><img loading=\"lazy\" decoding=\"async\" class=\"alignnone wp-image-1670 size-full\" src=\"https:\/\/pgvape.com\/wp-content\/uploads\/2025\/09\/Pgvape-RandM-Digital-Box-12K-puffs-Disposable-Vape-0-2-3-5-Nicotin-LED-Display-Vape-Factory-Direct-18.png\" alt=\"Uma grade de c\u00e1psulas de vapor descart\u00e1veis \u200b\u200bcoloridas em um fundo pastel suave, cada c\u00e1psula mostrando um retrato estilizado de um macaco de desenho animado e nomes de sabores impressos como Lush Ice, Strawberry Banana, Blueberry Raspberry, Cherry Cola e Peach Mango.\" width=\"2000\" height=\"1041\" srcset=\"https:\/\/pgvape.com\/wp-content\/uploads\/2025\/09\/Pgvape-RandM-Digital-Box-12K-puffs-Disposable-Vape-0-2-3-5-Nicotin-LED-Display-Vape-Factory-Direct-18.png 2000w, https:\/\/pgvape.com\/wp-content\/uploads\/2025\/09\/Pgvape-RandM-Digital-Box-12K-puffs-Disposable-Vape-0-2-3-5-Nicotin-LED-Display-Vape-Factory-Direct-18-555x289.png 555w, https:\/\/pgvape.com\/wp-content\/uploads\/2025\/09\/Pgvape-RandM-Digital-Box-12K-puffs-Disposable-Vape-0-2-3-5-Nicotin-LED-Display-Vape-Factory-Direct-18-595x310.png 595w, https:\/\/pgvape.com\/wp-content\/uploads\/2025\/09\/Pgvape-RandM-Digital-Box-12K-puffs-Disposable-Vape-0-2-3-5-Nicotin-LED-Display-Vape-Factory-Direct-18-400x208.png 400w, https:\/\/pgvape.com\/wp-content\/uploads\/2025\/09\/Pgvape-RandM-Digital-Box-12K-puffs-Disposable-Vape-0-2-3-5-Nicotin-LED-Display-Vape-Factory-Direct-18-768x400.png 768w, https:\/\/pgvape.com\/wp-content\/uploads\/2025\/09\/Pgvape-RandM-Digital-Box-12K-puffs-Disposable-Vape-0-2-3-5-Nicotin-LED-Display-Vape-Factory-Direct-18-1536x799.png 1536w, https:\/\/pgvape.com\/wp-content\/uploads\/2025\/09\/Pgvape-RandM-Digital-Box-12K-puffs-Disposable-Vape-0-2-3-5-Nicotin-LED-Display-Vape-Factory-Direct-18-18x9.png 18w, https:\/\/pgvape.com\/wp-content\/uploads\/2025\/09\/Pgvape-RandM-Digital-Box-12K-puffs-Disposable-Vape-0-2-3-5-Nicotin-LED-Display-Vape-Factory-Direct-18-600x312.png 600w, https:\/\/pgvape.com\/wp-content\/uploads\/2025\/09\/Pgvape-RandM-Digital-Box-12K-puffs-Disposable-Vape-0-2-3-5-Nicotin-LED-Display-Vape-Factory-Direct-18-60x31.png 60w\" sizes=\"auto, (max-width: 2000px) 100vw, 2000px\" \/><\/p>\n<p>&nbsp;<\/p>\n<h3><span style=\"font-size: 90%;\">RandM Digital Box 12000 | 12K baforadas Vape descart\u00e1vel <\/span><strong>V\u00eddeo:<br \/>\n<iframe loading=\"lazy\" title=\"RandM Digital Box 12000 | 12K puffs Vape Descart\u00e1vel | 40 Sabores | Vape Direto da F\u00e1brica pgvape\" width=\"1020\" height=\"574\" src=\"https:\/\/www.youtube.com\/embed\/7AnaUnaG0uQ?feature=oembed\" frameborder=\"0\" allow=\"accelerometer; autoplay; clipboard-write; encrypted-media; gyroscope; picture-in-picture; web-share\" referrerpolicy=\"strict-origin-when-cross-origin\" allowfullscreen><\/iframe><br \/>\n<\/strong><\/h3>\n<p>&nbsp;<\/p>\n<h2 class=\"header-vfC6AV auto-hide-last-sibling-br\"><span style=\"font-size: 90%;\">Perguntas frequentes sobre RandM Digital Box 12000 | 12K puffs Vape descart\u00e1vel<\/span><\/h2>\n<p data-sourcepos=\"82:1-83:90\">\u2753 <strong data-sourcepos=\"82:3-82:48\">Como a tela aumenta a conveni\u00eancia?<\/strong><br \/>\n\u2705 O <strong data-sourcepos=\"83:7-83:25\">tela digital<\/strong> mostra exato <strong data-sourcepos=\"83:38-83:64\">n\u00edveis de suco eletr\u00f4nico \/ bateria<\/strong>, eliminando suposi\u00e7\u00f5es.<\/p>\n<p data-sourcepos=\"85:1-86:51\">\u2753 <strong data-sourcepos=\"85:3-85:46\">Qual op\u00e7\u00e3o sem nicotina est\u00e1 dispon\u00edvel?<\/strong><br \/>\n\u2705 Escolha <strong data-sourcepos=\"86:10-86:25\">nicotina 0%<\/strong> para vaporiza\u00e7\u00e3o apenas de sabor.<\/p>\n<p data-sourcepos=\"88:1-89:73\">\u2753 <strong data-sourcepos=\"88:3-88:37\">Quanto tempo dura o aparelho?<\/strong><br \/>\n\u2705 <strong data-sourcepos=\"89:3-89:19\">12.000 baforadas<\/strong> e <strong data-sourcepos=\"89:24-89:41\">Capacidade de 20mL<\/strong> garantir semanas de uso moderado.<\/p>\n<p data-sourcepos=\"91:1-92:104\">\u2753 <strong data-sourcepos=\"91:3-91:46\">Os sabores s\u00e3o adequados para todas as prefer\u00eancias?<\/strong><br \/>\n\u2705 <strong data-sourcepos=\"92:3-92:18\">Mais de 40 op\u00e7\u00f5es<\/strong> per\u00edodo <strong data-sourcepos=\"92:24-92:34\">frutas<\/strong>, <strong data-sourcepos=\"92:36-92:47\">mentol<\/strong>, <strong data-sourcepos=\"92:49-92:61\">sobremesas<\/strong>, e <strong data-sourcepos=\"92:67-92:84\">misturas \u00fanicas<\/strong> como <strong data-sourcepos=\"92:90-92:101\">Amor 66<\/strong>.<\/p>\n<p data-sourcepos=\"94:1-95:69\">\u2753 <strong data-sourcepos=\"94:3-94:39\">A compra em massa \u00e9 econ\u00f4mica?<\/strong><br \/>\n\u2705Sim! <strong data-sourcepos=\"95:8-95:28\">Caixas de 200 unidades<\/strong> oferecer economia no atacado para varejistas.<\/p>\n<p data-sourcepos=\"97:1-98:71\">\u2753 <strong data-sourcepos=\"97:3-97:42\">Qu\u00e3o r\u00e1pido a bateria recarrega?<br \/>\n<\/strong> \u2705 <strong data-sourcepos=\"98:3-98:18\">Porta tipo C<\/strong> reabastece o <strong data-sourcepos=\"98:31-98:49\">Bateria de 850mAh<\/strong> em <strong data-sourcepos=\"98:53-98:68\">~45 minutos<\/strong>.<\/p>\n<p>&nbsp;<\/p>\n<h3 id=\"brxe-najhln\" class=\"brxe-heading\">Perguntas frequentes (FAQ)<\/h3>\n<div id=\"brxe-rajiac\" class=\"brxe-text\">\n<p><strong>P: Quais m\u00e9todos de pagamento voc\u00ea aceita?<\/strong><br \/>\nR: Aceitamos PayPal, Stripe, transfer\u00eancias banc\u00e1rias (com suporte SEPA), os principais cart\u00f5es de cr\u00e9dito (Visa, MasterCard, American Express) e pagamentos em criptomoedas.<\/p>\n<p><strong>P: Quanto tempo leva a prepara\u00e7\u00e3o do pedido?<\/strong><br \/>\nR: A prepara\u00e7\u00e3o do pedido leva de 1 a 3 dias \u00fateis.<\/p>\n<p><strong>P: Qual \u00e9 o tempo de envio?<\/strong><br \/>\nR: O tempo de envio \u00e9 de 7 a 14 dias \u00fateis, dependendo da sua localiza\u00e7\u00e3o.<\/p>\n<p><strong>P: Como posso rastrear meu pedido?<\/strong><br \/>\nR: Ap\u00f3s o envio, voc\u00ea receber\u00e1 um e-mail de confirma\u00e7\u00e3o com um n\u00famero de rastreamento para rastreamento em tempo real.<\/p>\n<p><strong>P: Qual \u00e9 a sua pol\u00edtica de devolu\u00e7\u00e3o?<\/strong><br \/>\nR: Oferecemos uma pol\u00edtica de devolu\u00e7\u00e3o de 30 dias para reembolsos ou trocas. .<\/p>\n<p><strong>P: Haver\u00e1 algum problema alfandeg\u00e1rio?<br \/>\n<\/strong>Lidamos com todos os procedimentos de desembara\u00e7o aduaneiro para garantir uma experi\u00eancia descomplicada para voc\u00ea. .<\/p>\n<p><strong>P: Quais m\u00e9todos de envio s\u00e3o usados?<\/strong><br \/>\nCooperamos com UPS\/DHL\/FEDEX\/DPD, etc. Escolheremos a op\u00e7\u00e3o de envio apropriada dependendo do pa\u00eds de entrega para garantir que voc\u00ea receba seus produtos o mais r\u00e1pido poss\u00edvel.<\/p>\n<p><a href=\"https:\/\/pgvape.com\/pt\/perguntas-frequentes\/\">Clique aqui para mais perguntas frequentes<\/a><\/p>\n<p>Prezados clientes, Se voc\u00ea tiver alguma d\u00favida sobre seu pedido ou a chegada de mercadorias, entre em contato com nosso atendimento ao cliente. Obrigado!<\/p>\n<h3 data-sourcepos=\"73:1-73:21\"><strong data-sourcepos=\"73:7-73:21\">Contate-nos<\/strong><\/h3>\n<div id=\"text-2419739398\" class=\"text\">\n<p><strong data-sourcepos=\"75:3-75:12\">E-mail<\/strong>:\u00a0<a href=\"mailto:support@pgvape.com\"><strong>support@pgvape.com<\/strong><\/a><\/p>\n<p><strong data-sourcepos=\"76:3-76:15\">WhatsApp<\/strong>: <a href=\"https:\/\/wa.me\/+8618128481258\"><strong>+86 18128481258<\/strong><\/a><br \/>\n<strong>(Resposta em at\u00e9 24 horas em dias \u00fateis)<\/strong><\/p>\n<\/div>\n<h3><strong>Obrigado por escolher pgvape.com! .<\/strong><\/h3>\n<\/div>","protected":false},"excerpt":{"rendered":"<p><strong data-sourcepos=\"103:5-103:32\">Caixa Digital RandM 12000<\/strong> mescla <strong data-sourcepos=\"103:40-103:64\">vaporiza\u00e7\u00e3o de alta capacidade<\/strong> (12K baforadas, 20mL) com <strong data-sourcepos=\"103:88-103:108\">tecnologia inteligente<\/strong> (display digital, carregamento tipo C). <strong data-sourcepos=\"103:150-103:174\">Com<\/strong> e <strong data-sourcepos=\"103:179-103:194\">nicotina 0%\/2%\/3%\/5%<\/strong>, Mais de 40 sabores<strong data-sourcepos=\"103:250-103:269\">, atende a todos os vaper.<\/strong>Embalagem de varejo\/atacado (.<\/p>","protected":false},"featured_media":1653,"comment_status":"open","ping_status":"closed","template":"","meta":{"_seopress_robots_primary_cat":"none","_seopress_titles_title":"%%post_title%% %%sep%% %%sitetitle%%","_seopress_titles_desc":"","_seopress_robots_index":""},"product_brand":[516,148],"product_cat":[147,515,26],"product_tag":[151,152,153,150,108,79,490,149,109],"class_list":{"0":"post-1650","1":"product","2":"type-product","3":"status-publish","4":"has-post-thumbnail","6":"product_brand-disposable-vape","7":"product_brand-randm-digital-vape","8":"product_cat-12k-puffs-vape","9":"product_cat-disposable-vape","10":"product_cat-fumot-vape","11":"product_tag-12k-puffs","12":"product_tag-12k-vape","13":"product_tag-40-flavors-for","14":"product_tag-digital-box","15":"product_tag-disposable","16":"product_tag-led-display","17":"product_tag-minimum-2-pieces","18":"product_tag-randm","19":"product_tag-vape","21":"first","22":"instock","23":"sale","24":"shipping-taxable","25":"purchasable","26":"product-type-variable"},"_links":{"self":[{"href":"https:\/\/pgvape.com\/pt\/wp-json\/wp\/v2\/product\/1650","targetHints":{"allow":["GET"]}}],"collection":[{"href":"https:\/\/pgvape.com\/pt\/wp-json\/wp\/v2\/product"}],"about":[{"href":"https:\/\/pgvape.com\/pt\/wp-json\/wp\/v2\/types\/product"}],"replies":[{"embeddable":true,"href":"https:\/\/pgvape.com\/pt\/wp-json\/wp\/v2\/comments?post=1650"}],"wp:featuredmedia":[{"embeddable":true,"href":"https:\/\/pgvape.com\/pt\/wp-json\/wp\/v2\/media\/1653"}],"wp:attachment":[{"href":"https:\/\/pgvape.com\/pt\/wp-json\/wp\/v2\/media?parent=1650"}],"wp:term":[{"taxonomy":"product_brand","embeddable":true,"href":"https:\/\/pgvape.com\/pt\/wp-json\/wp\/v2\/product_brand?post=1650"},{"taxonomy":"product_cat","embeddable":true,"href":"https:\/\/pgvape.com\/pt\/wp-json\/wp\/v2\/product_cat?post=1650"},{"taxonomy":"product_tag","embeddable":true,"href":"https:\/\/pgvape.com\/pt\/wp-json\/wp\/v2\/product_tag?post=1650"}],"curies":[{"name":"wp","href":"https:\/\/api.w.org\/{rel}","templated":true}]}}