{"id":1251,"date":"2025-09-27T10:16:42","date_gmt":"2025-09-27T10:16:42","guid":{"rendered":"https:\/\/pgvape.com\/?post_type=product&#038;p=1251"},"modified":"2025-12-15T13:26:20","modified_gmt":"2025-12-15T13:26:20","slug":"randm-tornado-15000-15k-puffs-descartaveis-vape-display-led-vape-direto-da-fabrica","status":"publish","type":"product","link":"https:\/\/pgvape.com\/pt\/produto\/randm-tornado-15000-15k-puffs-descartaveis-vape-display-led-vape-direto-da-fabrica\/","title":{"rendered":"RandM Tornado 15000 15K Puffs Vape descart\u00e1veis com display LED Vape direto da f\u00e1brica"},"content":{"rendered":"<div class=\"auto-hide-last-sibling-br paragraph-JOTKXA paragraph-element br-paragraph-space\"><strong data-sourcepos=\"6:5-6:69\">RandM Tornado 15000 Puffs Display LED E-Cigarro Descart\u00e1vel<\/strong> entrega um <strong data-sourcepos=\"6:82-6:112\">experi\u00eancia de vaporiza\u00e7\u00e3o estendida<\/strong> com <strong data-sourcepos=\"6:118-6:134\">15.000 baforadas<\/strong> de um <strong data-sourcepos=\"6:142-6:168\">Capacidade de e-l\u00edquido de 25mL<\/strong><span class=\"CustomP_animated_char__m3r9w\">.<\/span><span class=\"CustomP_animated_char__m3r9w\">\u00a0<\/span><span class=\"CustomP_animated_char__m3r9w\">Apresentando<\/span><span class=\"CustomP_animated_char__m3r9w\">\u00a0<\/span><span class=\"CustomP_animated_char__m3r9w\">um<\/span><span class=\"CustomP_animated_char__m3r9w\">\u00a0<\/span><strong data-sourcepos=\"6:182-6:195\">bobina de malha<\/strong> para sabor e vapor ricos, este dispositivo inclui um <strong data-sourcepos=\"6:247-6:278\">Bateria recarreg\u00e1vel de 850mAh<\/strong><span class=\"CustomP_animated_char__m3r9w\">\u00a0<\/span><span class=\"CustomP_animated_char__m3r9w\">e<\/span><span class=\"CustomP_animated_char__m3r9w\">\u00a0<\/span><strong data-sourcepos=\"6:283-6:298\">Visor LED<\/strong> para monitoramento em tempo real. <strong data-sourcepos=\"6:356-6:382\">Sal de nicotina 2% ou 5%<\/strong><span class=\"CustomP_animated_char__m3r9w\">\u00a0<\/span><span class=\"CustomP_animated_char__m3r9w\">op\u00e7\u00f5es<\/span><span class=\"CustomP_animated_char__m3r9w\">\u00a0<\/span><span class=\"CustomP_animated_char__m3r9w\">e<\/span><span class=\"CustomP_animated_char__m3r9w\">\u00a0<\/span><span class=\"CustomP_animated_char__m3r9w\">escolher<\/span><span class=\"CustomP_animated_char__m3r9w\">\u00a0<\/span><span class=\"CustomP_animated_char__m3r9w\">de<\/span><span class=\"CustomP_animated_char__m3r9w\">\u00a0<\/span><strong data-sourcepos=\"6:407-6:429\">41 sabores premium<\/strong>. <strong data-sourcepos=\"6:440-6:469\">10 pe\u00e7as por caixa de exibi\u00e7\u00e3o<\/strong><span class=\"CustomP_animated_char__m3r9w\">,<\/span><span class=\"CustomP_animated_char__m3r9w\">\u00a0<\/span><span class=\"CustomP_animated_char__m3r9w\">isto<\/span><span class=\"CustomP_animated_char__m3r9w\">\u2018<\/span><span class=\"CustomP_animated_char__m3r9w\">\u00e9<\/span><span class=\"CustomP_animated_char__m3r9w\">\u00a0<\/span><span class=\"CustomP_animated_char__m3r9w\">perfeito<\/span><span class=\"CustomP_animated_char__m3r9w\">\u00a0<\/span><span class=\"CustomP_animated_char__m3r9w\">para<\/span><span class=\"CustomP_animated_char__m3r9w\">\u00a0<\/span><span class=\"CustomP_animated_char__m3r9w\">ambos<\/span><span class=\"CustomP_animated_char__m3r9w\">\u00a0<\/span><span class=\"CustomP_animated_char__m3r9w\">pessoal<\/span><span class=\"CustomP_animated_char__m3r9w\">\u00a0<\/span><span class=\"CustomP_animated_char__m3r9w\">usar<\/span><span class=\"CustomP_animated_char__m3r9w\">\u00a0<\/span><span class=\"CustomP_animated_char__m3r9w\">e<\/span><span class=\"CustomP_animated_char__m3r9w\">\u00a0<\/span><span class=\"CustomP_animated_char__m3r9w\">varejo<\/span><span class=\"CustomP_animated_char__m3r9w\">.<\/span><\/div>\n<p>&nbsp;<\/p>\n<h2><span style=\"font-size: 90%;\">RandM Tornado 15000 | 15K Puffs Vape Descart\u00e1vel Especifica\u00e7\u00e3o do Produto<\/span><\/h2>\n<p><strong data-sourcepos=\"11:3-11:13\">Marca:<\/strong>\u00a0<strong data-sourcepos=\"11:14-11:23\">RandM<\/strong><\/p>\n<p><strong data-sourcepos=\"12:3-12:25\">For\u00e7a da Nicotina:<\/strong>\u00a0<strong data-sourcepos=\"12:26-12:37\">2% \/ 5%<\/strong><span class=\"CustomP_animated_char__m3r9w\">\u00a0<\/span><span class=\"CustomP_animated_char__m3r9w\">(<\/span><span class=\"CustomP_animated_char__m3r9w\">Sal<\/span><span class=\"CustomP_animated_char__m3r9w\">\u00a0<\/span><span class=\"CustomP_animated_char__m3r9w\">nicotina<\/span><span class=\"CustomP_animated_char__m3r9w\">\u00a0<\/span><span class=\"CustomP_animated_char__m3r9w\">para<\/span><span class=\"CustomP_animated_char__m3r9w\">\u00a0<\/span><span class=\"CustomP_animated_char__m3r9w\">suave<\/span><span class=\"CustomP_animated_char__m3r9w\">\u00a0<\/span><span class=\"CustomP_animated_char__m3r9w\">ou<\/span><span class=\"CustomP_animated_char__m3r9w\">\u00a0<\/span><span class=\"CustomP_animated_char__m3r9w\">forte<\/span><span class=\"CustomP_animated_char__m3r9w\">\u00a0<\/span><span class=\"CustomP_animated_char__m3r9w\">sucessos<\/span><span class=\"CustomP_animated_char__m3r9w\">)<\/span><\/p>\n<p><strong data-sourcepos=\"13:3-13:25\">Capacidade de e-l\u00edquido:<\/strong>\u00a0<strong data-sourcepos=\"13:26-13:34\">25mL<\/strong><span class=\"CustomP_animated_char__m3r9w\">\u00a0<\/span><span class=\"CustomP_animated_char__m3r9w\">(<\/span><span class=\"CustomP_animated_char__m3r9w\">Ind\u00fastria<\/span><span class=\"CustomP_animated_char__m3r9w\">\u2013<\/span><span class=\"CustomP_animated_char__m3r9w\">principal<\/span><span class=\"CustomP_animated_char__m3r9w\">\u00a0<\/span><span class=\"CustomP_animated_char__m3r9w\">volume<\/span><span class=\"CustomP_animated_char__m3r9w\">\u00a0<\/span><span class=\"CustomP_animated_char__m3r9w\">para<\/span><span class=\"CustomP_animated_char__m3r9w\">\u00a0<\/span><span class=\"CustomP_animated_char__m3r9w\">menos<\/span><span class=\"CustomP_animated_char__m3r9w\">\u00a0<\/span><span class=\"CustomP_animated_char__m3r9w\">recargas<\/span><span class=\"CustomP_animated_char__m3r9w\">)<\/span><\/p>\n<p><strong data-sourcepos=\"14:3-14:23\">Tecnologia de bobina:<\/strong>\u00a0<strong data-sourcepos=\"14:24-14:37\">Bobina de malha<\/strong><span class=\"CustomP_animated_char__m3r9w\">\u00a0<\/span><span class=\"CustomP_animated_char__m3r9w\">(<\/span><span class=\"CustomP_animated_char__m3r9w\">Aprimorado<\/span><span class=\"CustomP_animated_char__m3r9w\">\u00a0<\/span><span class=\"CustomP_animated_char__m3r9w\">sabor<\/span><span class=\"CustomP_animated_char__m3r9w\">\u00a0<\/span><span class=\"CustomP_animated_char__m3r9w\">&amp;<\/span><span class=\"CustomP_animated_char__m3r9w\">\u00a0<\/span><span class=\"CustomP_animated_char__m3r9w\">vapor<\/span><span class=\"CustomP_animated_char__m3r9w\">\u00a0<\/span><span class=\"CustomP_animated_char__m3r9w\">produ\u00e7\u00e3o<\/span><span class=\"CustomP_animated_char__m3r9w\">)<\/span><\/p>\n<p><strong data-sourcepos=\"15:3-15:15\">Bateria:<\/strong>\u00a0<strong data-sourcepos=\"15:16-15:39\">850mAh recarreg\u00e1vel<\/strong><span class=\"CustomP_animated_char__m3r9w\">\u00a0<\/span><span class=\"CustomP_animated_char__m3r9w\">(<\/span><span class=\"CustomP_animated_char__m3r9w\">Longo<\/span><span class=\"CustomP_animated_char__m3r9w\">\u2013<\/span><span class=\"CustomP_animated_char__m3r9w\">duradouro<\/span><span class=\"CustomP_animated_char__m3r9w\">\u00a0<\/span><span class=\"CustomP_animated_char__m3r9w\">poder<\/span><span class=\"CustomP_animated_char__m3r9w\">\u00a0<\/span><span class=\"CustomP_animated_char__m3r9w\">com<\/span><span class=\"CustomP_animated_char__m3r9w\">\u00a0<\/span><span class=\"CustomP_animated_char__m3r9w\">USB<\/span><span class=\"CustomP_animated_char__m3r9w\">\u00a0<\/span><span class=\"CustomP_animated_char__m3r9w\">carregando<\/span><span class=\"CustomP_animated_char__m3r9w\">)<\/span><\/p>\n<p><strong data-sourcepos=\"16:3-16:15\">Mostrar:<\/strong>\u00a0<strong data-sourcepos=\"16:16-16:30\">Tela LED<\/strong><span class=\"CustomP_animated_char__m3r9w\">\u00a0<\/span><span class=\"CustomP_animated_char__m3r9w\">(<\/span><span class=\"CustomP_animated_char__m3r9w\">Real<\/span><span class=\"CustomP_animated_char__m3r9w\">\u2013<\/span><span class=\"CustomP_animated_char__m3r9w\">tempo<\/span><span class=\"CustomP_animated_char__m3r9w\">\u00a0<\/span><span class=\"CustomP_animated_char__m3r9w\">uso<\/span><span class=\"CustomP_animated_char__m3r9w\">\u00a0<\/span><span class=\"CustomP_animated_char__m3r9w\">monitorando<\/span><span class=\"CustomP_animated_char__m3r9w\">)<\/span><\/p>\n<p><strong data-sourcepos=\"17:3-17:17\">Embalagem:<\/strong>\u00a0<strong data-sourcepos=\"17:18-17:39\">10 unidades\/caixa de exibi\u00e7\u00e3o<\/strong><span class=\"CustomP_animated_char__m3r9w\">\u00a0<\/span><span class=\"CustomP_animated_char__m3r9w\">(<\/span><span class=\"CustomP_animated_char__m3r9w\">Varejo<\/span><span class=\"CustomP_animated_char__m3r9w\">\u2013<\/span><span class=\"CustomP_animated_char__m3r9w\">preparar<\/span><span class=\"CustomP_animated_char__m3r9w\">\u00a0<\/span><span class=\"CustomP_animated_char__m3r9w\">volume<\/span><span class=\"CustomP_animated_char__m3r9w\">\u00a0<\/span><span class=\"CustomP_animated_char__m3r9w\">embalagem<\/span><span class=\"CustomP_animated_char__m3r9w\">)<\/span><\/p>\n<p><strong data-sourcepos=\"18:3-18:22\">Op\u00e7\u00f5es de sabores:<\/strong>\u00a0<strong data-sourcepos=\"18:23-18:39\">41 variedades<\/strong><span class=\"CustomP_animated_char__m3r9w\">\u00a0<\/span><span class=\"CustomP_animated_char__m3r9w\">(<\/span><span class=\"CustomP_animated_char__m3r9w\">De<\/span><span class=\"CustomP_animated_char__m3r9w\">\u00a0<\/span><span class=\"CustomP_animated_char__m3r9w\">frutado<\/span><span class=\"CustomP_animated_char__m3r9w\">\u00a0<\/span><span class=\"CustomP_animated_char__m3r9w\">para<\/span><span class=\"CustomP_animated_char__m3r9w\">\u00a0<\/span><span class=\"CustomP_animated_char__m3r9w\">gelado<\/span><span class=\"CustomP_animated_char__m3r9w\">\u00a0<\/span><span class=\"CustomP_animated_char__m3r9w\">misturas<\/span><span class=\"CustomP_animated_char__m3r9w\">)<\/span><\/p>\n<p>&nbsp;<\/p>\n<h3><span style=\"font-size: 90%;\">RandM Tornado 15000 | Lista de sabores de vapor descart\u00e1veis \u200b\u200bde 15K Puffs<\/span><\/h3>\n<p>1. Limonada Razz Azul<\/p>\n<p>2. Gelo de p\u00eassego<\/p>\n<p>3. Ma\u00e7\u00e3 azeda<\/p>\n<p>4. Gelo de melancia<\/p>\n<p>5. Mirtilo no gelo<\/p>\n<p>6. Mirtilo Framboesa<\/p>\n<p>7. Gelo de abacaxi<\/p>\n<p>8. Cereja<\/p>\n<p>9. Gelo de Morango<\/p>\n<p>10. Vimto<\/p>\n<p>11. Gelo de Uva<\/p>\n<p>12. Coca-Cola Gelada<\/p>\n<p>13. Melancia Morango<\/p>\n<p>14. Limonada Rosa<\/p>\n<p>15. Baga Mista<\/p>\n<p>16. Manga P\u00eassego<\/p>\n<p>17. Fruta do Drag\u00e3o<\/p>\n<p>18. Uva Morango<\/p>\n<p>19. Senhor Azul<\/p>\n<p>20. Gelo Exuberante<\/p>\n<p>21. Picol\u00e9<\/p>\n<p>22. Kiwi Morango<\/p>\n<p>23. Kiwi Maracuj\u00e1 Goiaba<\/p>\n<p>24. Baga Tripla<\/p>\n<p>25. Gelo de banana<\/p>\n<p>26. Doce de p\u00eassego e mirtilo<\/p>\n<p>27. Ma\u00e7\u00e3 P\u00eassego P\u00eara<\/p>\n<p>28. Limonada de frutas vermelhas<\/p>\n<p>29. Cereja Razz Azul<\/p>\n<p>30. Chiclete de mirtilo<\/p>\n<p>31. Mirtilo Cereja Cranberry<\/p>\n<p>32. Rom\u00e3 de mirtilo<\/p>\n<p>33. Framboesa Bluesour<\/p>\n<p>34. Cereja-Cola<\/p>\n<p>35. Ursinho de goma<\/p>\n<p>36. Lim\u00e3o e lima<\/p>\n<p>37. Manga com gelo<\/p>\n<p>38. Gelo de Energia Vermelha<\/p>\n<p>39. Banana Morango<\/p>\n<p>40. Morango Red Bull<\/p>\n<p>41. Limonada de melancia e morango<\/p>\n<p>42. Ch\u00e1 gelado com lim\u00e3o e gelo<\/p>\n<p>43. Ch\u00e1 gelado, gelo de p\u00eassego<\/p>\n<p>44. Cereja efervescente<\/p>\n<p>45.Skittles<\/p>\n<p>46.Mercado Verde<\/p>\n<p>47.Pina Colada<\/p>\n<p><img loading=\"lazy\" decoding=\"async\" class=\"alignnone wp-image-1258 size-full\" src=\"https:\/\/pgvape.com\/wp-content\/uploads\/2025\/09\/Pgvape-RandM-Tornad-15k-Puffs-Disposable-Vape-5.png\" alt=\"P\u00f4ster promocional dos vaporizadores descart\u00e1veis Fumot Tornado 15000 PUFF mostrando fileiras de dispositivos coloridos, cada um com um personagem de desenho animado, um bloco de especifica\u00e7\u00f5es do produto (15.000 baforadas, capacidade de 25 ml, op\u00e7\u00f5es de nicotina de 0\u20135%, bateria recarreg\u00e1vel de 850mAh, bobina de malha de 0,9\u03a9) e uma lista numerada de muitos nomes de sabores, como limonada Blue Razz, gelo de p\u00eassego, gelo de melancia, morango .\" width=\"1080\" height=\"1080\" srcset=\"https:\/\/pgvape.com\/wp-content\/uploads\/2025\/09\/Pgvape-RandM-Tornad-15k-Puffs-Disposable-Vape-5.png 1080w, https:\/\/pgvape.com\/wp-content\/uploads\/2025\/09\/Pgvape-RandM-Tornad-15k-Puffs-Disposable-Vape-5-360x360.png 360w, https:\/\/pgvape.com\/wp-content\/uploads\/2025\/09\/Pgvape-RandM-Tornad-15k-Puffs-Disposable-Vape-5-595x595.png 595w, https:\/\/pgvape.com\/wp-content\/uploads\/2025\/09\/Pgvape-RandM-Tornad-15k-Puffs-Disposable-Vape-5-400x400.png 400w, https:\/\/pgvape.com\/wp-content\/uploads\/2025\/09\/Pgvape-RandM-Tornad-15k-Puffs-Disposable-Vape-5-768x768.png 768w, https:\/\/pgvape.com\/wp-content\/uploads\/2025\/09\/Pgvape-RandM-Tornad-15k-Puffs-Disposable-Vape-5-12x12.png 12w, https:\/\/pgvape.com\/wp-content\/uploads\/2025\/09\/Pgvape-RandM-Tornad-15k-Puffs-Disposable-Vape-5-300x300.png 300w, https:\/\/pgvape.com\/wp-content\/uploads\/2025\/09\/Pgvape-RandM-Tornad-15k-Puffs-Disposable-Vape-5-600x600.png 600w, https:\/\/pgvape.com\/wp-content\/uploads\/2025\/09\/Pgvape-RandM-Tornad-15k-Puffs-Disposable-Vape-5-100x100.png 100w, https:\/\/pgvape.com\/wp-content\/uploads\/2025\/09\/Pgvape-RandM-Tornad-15k-Puffs-Disposable-Vape-5-40x40.png 40w\" sizes=\"auto, (max-width: 1080px) 100vw, 1080px\" \/><\/p>\n<p>&nbsp;<\/p>\n<h3><span style=\"font-size: 90%;\">RandM Tornado 15000 | 15K Puffs Vape Descart\u00e1vel <\/span><strong>V\u00eddeo:<br \/>\n<iframe loading=\"lazy\" title=\"RandM Tornado 15000 | 15K Puffs Vape Descart\u00e1vel | Display LED | Vape Direto da F\u00e1brica pgvape\" width=\"1020\" height=\"574\" src=\"https:\/\/www.youtube.com\/embed\/9Fr-KmfWr1Q?feature=oembed\" frameborder=\"0\" allow=\"accelerometer; autoplay; clipboard-write; encrypted-media; gyroscope; picture-in-picture; web-share\" referrerpolicy=\"strict-origin-when-cross-origin\" allowfullscreen><\/iframe><br \/>\n<\/strong><\/h3>\n<p>&nbsp;<\/p>\n<h2 class=\"header-vfC6AV auto-hide-last-sibling-br\">Perguntas frequentes sobre RandM Tornado 15000 | 15K Puffs Vape descart\u00e1vel<\/h2>\n<p data-sourcepos=\"74:1-75:94\">\u2753 <strong data-sourcepos=\"74:3-74:44\">Quanto tempo dura o Tornado 15000?<\/strong><br \/>\n\u2705 Com <strong data-sourcepos=\"75:8-75:24\">15.000 baforadas<\/strong> e <strong data-sourcepos=\"75:29-75:46\">25mL de e-l\u00edquido<\/strong>, ele supera os descart\u00e1veis \u200b\u200bpadr\u00e3o em 3 a 5 vezes.<\/p>\n<p data-sourcepos=\"77:1-78:105\">\u2753 <strong data-sourcepos=\"77:3-77:48\">O que torna a qualidade do vapor excepcional?<\/strong><br \/>\n\u2705 O <strong data-sourcepos=\"78:7-78:20\">bobina de malha<\/strong> garante <strong data-sourcepos=\"78:29-78:58\">30% mais intensidade de sabor<\/strong> e <strong data-sourcepos=\"78:63-78:80\">nuvens mais densas<\/strong> versus bobinas tradicionais.<\/p>\n<p data-sourcepos=\"80:1-81:79\">\u2753 <strong data-sourcepos=\"80:3-80:43\">Posso monitorar os n\u00edveis de bateria\/e-l\u00edquido?<\/strong><br \/>\n\u2705 O <strong data-sourcepos=\"81:7-81:22\">Visor LED<\/strong> mostra a capacidade restante exata \u2013 n\u00e3o \u00e9 necess\u00e1rio adivinhar.<\/p>\n<p data-sourcepos=\"83:1-84:77\">\u2753 <strong data-sourcepos=\"83:3-83:51\">\u00c9 adequado para usu\u00e1rios sens\u00edveis \u00e0 nicotina?<\/strong><br \/>\n\u2705 Escolha <strong data-sourcepos=\"84:10-84:16\">2%<\/strong> para uma experi\u00eancia leve ou <strong data-sourcepos=\"84:42-84:48\">5%<\/strong> para uma satisfa\u00e7\u00e3o mais forte.<\/p>\n<p data-sourcepos=\"86:1-87:81\">\u2753 <strong data-sourcepos=\"86:3-86:42\">Quantos dispositivos v\u00eam em um pacote?<\/strong><br \/>\n\u2705 <strong data-sourcepos=\"87:3-87:31\">10 unidades por caixa de exibi\u00e7\u00e3o<\/strong> \u2013 ideal para varejistas ou para estocar produtos favoritos.<\/p>\n<p data-sourcepos=\"89:1-90:221\">\u2753 <strong data-sourcepos=\"89:3-89:44\">Quais categorias de sabores est\u00e3o dispon\u00edveis?<\/strong><br \/>\n\u2705 <strong data-sourcepos=\"90:3-90:24\">6 perfis de sabor<\/strong>: Frutado (por exemplo, <strong data-sourcepos=\"90:40-90:68\">Kiwi Maracuj\u00e1 Goiaba<\/strong>), Gelado (<strong data-sourcepos=\"90:76-90:94\">Gelo de melancia<\/strong>), Bebida (<strong data-sourcepos=\"90:107-90:122\">Pi\u00f1a Colada<\/strong>), Doce (<strong data-sourcepos=\"90:132-90:146\">Ursinho de goma<\/strong>), Tropical (<strong data-sourcepos=\"90:159-90:175\">Fruta do Drag\u00e3o<\/strong>) e misturas exclusivas (<strong data-sourcepos=\"90:197-90:217\">Cereja Razz Azul<\/strong>).<\/p>\n<p data-sourcepos=\"92:1-93:76\">\u2753 <strong data-sourcepos=\"92:3-92:35\">Requer manuten\u00e7\u00e3o?<\/strong><br \/>\n\u2705 <strong data-sourcepos=\"93:3-93:23\">Manuten\u00e7\u00e3o zero<\/strong> \u2013 design descart\u00e1vel com <strong data-sourcepos=\"93:49-93:73\">ativa\u00e7\u00e3o de desenho autom\u00e1tico<\/strong>.<\/p>\n<p data-sourcepos=\"95:1-96:77\">\u2753 <strong data-sourcepos=\"95:3-95:40\">Qu\u00e3o r\u00e1pido a bateria carrega?<\/strong><br \/>\n\u2705 O <strong data-sourcepos=\"96:7-96:25\">Bateria de 850mAh<\/strong> recarrega totalmente em <strong data-sourcepos=\"96:45-96:60\">~60 minutos<\/strong> via micro-USB.<\/p>\n<p>&nbsp;<\/p>\n<h3 id=\"brxe-najhln\" class=\"brxe-heading\"><span style=\"font-size: 90%;\">Perguntas frequentes (FAQ)<\/span><\/h3>\n<div id=\"brxe-rajiac\" class=\"brxe-text\">\n<p><strong>P: Quais m\u00e9todos de pagamento voc\u00ea aceita?<\/strong><br \/>\nR: Aceitamos PayPal, Stripe, transfer\u00eancias banc\u00e1rias (com suporte SEPA), os principais cart\u00f5es de cr\u00e9dito (Visa, MasterCard, American Express) e pagamentos em criptomoedas.<\/p>\n<p><strong>P: Quanto tempo leva a prepara\u00e7\u00e3o do pedido?<\/strong><br \/>\nR: A prepara\u00e7\u00e3o do pedido leva de 1 a 3 dias \u00fateis.<\/p>\n<p><strong>P: Qual \u00e9 o tempo de envio?<\/strong><br \/>\nR: O tempo de envio \u00e9 de 7 a 14 dias \u00fateis, dependendo da sua localiza\u00e7\u00e3o.<\/p>\n<p><strong>P: Como posso rastrear meu pedido?<\/strong><br \/>\nR: Ap\u00f3s o envio, voc\u00ea receber\u00e1 um e-mail de confirma\u00e7\u00e3o com um n\u00famero de rastreamento para rastreamento em tempo real.<\/p>\n<p><strong>P: Qual \u00e9 a sua pol\u00edtica de devolu\u00e7\u00e3o?<\/strong><br \/>\nR: Oferecemos uma pol\u00edtica de devolu\u00e7\u00e3o de 30 dias para reembolsos ou trocas. .<\/p>\n<p><strong>P: Haver\u00e1 algum problema alfandeg\u00e1rio?<br \/>\n<\/strong>Lidamos com todos os procedimentos de desembara\u00e7o aduaneiro para garantir uma experi\u00eancia descomplicada para voc\u00ea. .<\/p>\n<p><strong>P: Quais m\u00e9todos de envio s\u00e3o usados?<\/strong><br \/>\nCooperamos com UPS\/DHL\/FEDEX\/DPD, etc. Escolheremos a op\u00e7\u00e3o de envio apropriada dependendo do pa\u00eds de entrega para garantir que voc\u00ea receba seus produtos o mais r\u00e1pido poss\u00edvel.<\/p>\n<p><a href=\"https:\/\/pgvape.com\/pt\/perguntas-frequentes\/\">Clique aqui para mais perguntas frequentes<\/a><\/p>\n<p>Prezados clientes, Se voc\u00ea tiver alguma d\u00favida sobre seu pedido ou a chegada de mercadorias, entre em contato com nosso atendimento ao cliente. Obrigado!<\/p>\n<h3 data-sourcepos=\"73:1-73:21\"><strong data-sourcepos=\"73:7-73:21\">Contate-nos<\/strong><\/h3>\n<div id=\"text-2419739398\" class=\"text\">\n<p><strong data-sourcepos=\"75:3-75:12\">E-mail<\/strong>:\u00a0<a href=\"mailto:support@pgvape.com\"><strong>support@pgvape.com<\/strong><\/a><\/p>\n<p><strong data-sourcepos=\"76:3-76:15\">WhatsApp<\/strong>: <a href=\"https:\/\/wa.me\/+8618128481258\"><strong>+86 18128481258<\/strong><\/a><br \/>\n<strong>(Resposta em at\u00e9 24 horas em dias \u00fateis)<\/strong><\/p>\n<\/div>\n<h3><strong>Obrigado por escolher pgvape.com! .<\/strong><\/h3>\n<\/div>","protected":false},"excerpt":{"rendered":"<p><strong data-sourcepos=\"101:5-101:28\">RandM Tornado 15000<\/strong> define o padr\u00e3o com <strong data-sourcepos=\"101:47-101:63\">15.000 baforadas<\/strong>, <strong data-sourcepos=\"101:65-101:82\">Capacidade 25mL<\/strong>, e <strong data-sourcepos=\"101:88-101:112\">tecnologia de bobina de malha<\/strong>. <strong data-sourcepos=\"101:118-101:133\">Visor LED<\/strong> e <strong data-sourcepos=\"101:138-101:164\">Op\u00e7\u00f5es de nicotina 2%\/5%<\/strong> atender a todos os vapers, enquanto <strong data-sourcepos=\"101:192-101:206\">41 sabores<\/strong> e <strong data-sourcepos=\"101:211-101:237\">embalagens prontas para varejo<\/strong> torn\u00e1-lo um destaque comercial.<\/p>","protected":false},"featured_media":1271,"comment_status":"open","ping_status":"closed","template":"","meta":{"_seopress_robots_primary_cat":"none","_seopress_titles_title":"%%post_title%% %%sep%% %%sitetitle%%","_seopress_titles_desc":"","_seopress_robots_index":""},"product_brand":[516,162],"product_cat":[113,515,26],"product_tag":[115,116,117,118,108,79,490,59,114,109],"class_list":{"0":"post-1251","1":"product","2":"type-product","3":"status-publish","4":"has-post-thumbnail","6":"product_brand-disposable-vape","7":"product_brand-fumot-vape","8":"product_cat-15k-puffs-vape","9":"product_cat-disposable-vape","10":"product_cat-fumot-vape","11":"product_tag-115","12":"product_tag-15k-puffs","13":"product_tag-15k-vape","14":"product_tag-2-5-nicotine","15":"product_tag-disposable","16":"product_tag-led-display","17":"product_tag-minimum-2-pieces","18":"product_tag-mouth-to-lung-mtl","19":"product_tag-randm-tornado","20":"product_tag-vape","22":"first","23":"instock","24":"sale","25":"shipping-taxable","26":"purchasable","27":"product-type-variable"},"_links":{"self":[{"href":"https:\/\/pgvape.com\/pt\/wp-json\/wp\/v2\/product\/1251","targetHints":{"allow":["GET"]}}],"collection":[{"href":"https:\/\/pgvape.com\/pt\/wp-json\/wp\/v2\/product"}],"about":[{"href":"https:\/\/pgvape.com\/pt\/wp-json\/wp\/v2\/types\/product"}],"replies":[{"embeddable":true,"href":"https:\/\/pgvape.com\/pt\/wp-json\/wp\/v2\/comments?post=1251"}],"wp:featuredmedia":[{"embeddable":true,"href":"https:\/\/pgvape.com\/pt\/wp-json\/wp\/v2\/media\/1271"}],"wp:attachment":[{"href":"https:\/\/pgvape.com\/pt\/wp-json\/wp\/v2\/media?parent=1251"}],"wp:term":[{"taxonomy":"product_brand","embeddable":true,"href":"https:\/\/pgvape.com\/pt\/wp-json\/wp\/v2\/product_brand?post=1251"},{"taxonomy":"product_cat","embeddable":true,"href":"https:\/\/pgvape.com\/pt\/wp-json\/wp\/v2\/product_cat?post=1251"},{"taxonomy":"product_tag","embeddable":true,"href":"https:\/\/pgvape.com\/pt\/wp-json\/wp\/v2\/product_tag?post=1251"}],"curies":[{"name":"wp","href":"https:\/\/api.w.org\/{rel}","templated":true}]}}