{"id":1044,"date":"2025-09-26T15:14:13","date_gmt":"2025-09-26T15:14:13","guid":{"rendered":"https:\/\/pgvape.com\/?post_type=product&#038;p=1044"},"modified":"2025-12-15T13:30:59","modified_gmt":"2025-12-15T13:30:59","slug":"fumot-tornado-25000-25k-puffs-disponiveis-vape-tela-tft-vape-direto-da-fabrica","status":"publish","type":"product","link":"https:\/\/pgvape.com\/pt\/produto\/fumot-tornado-25000-25k-puffs-disponiveis-vape-tela-tft-vape-direto-da-fabrica\/","title":{"rendered":"Fumot Tornado 25000 25k Puffs Disponibel Vape TFT Tela Vape Direto da f\u00e1brica"},"content":{"rendered":"<div class=\"auto-hide-last-sibling-br paragraph-JOTKXA paragraph-element br-paragraph-space\">\n<div class=\"auto-hide-last-sibling-br paragraph-JOTKXA paragraph-element br-paragraph-space\"><strong data-sourcepos=\"6:5-6:65\">RandM Fumot Tornado 25K sopra tela TFT Vape descart\u00e1vel<\/strong> oferece um impressionante <strong data-sourcepos=\"6:87-6:103\">25.000 baforadas<\/strong>, alimentado por um <strong data-sourcepos=\"6:118-6:149\">Bateria recarreg\u00e1vel de 700mAh<\/strong> e um <strong data-sourcepos=\"6:156-6:182\">Capacidade de e-l\u00edquido de 20mL<\/strong>. <strong data-sourcepos=\"6:188-6:208\">Tela TFT de 1,77\u2033<\/strong> fornece visibilidade clara dos n\u00edveis de \u00f3leo e bateria, enquanto o <strong data-sourcepos=\"6:272-6:290\">bobina de malha dupla<\/strong> oferece nuvens ricas e suaves. <strong data-sourcepos=\"6:328-6:344\">interruptor de toque<\/strong>, <strong data-sourcepos=\"6:346-6:378\">ajuste de pot\u00eancia de tr\u00eas toques<\/strong>, e <strong data-sourcepos=\"6:384-6:408\">carregamento r\u00e1pido tipo C<\/strong>, este dispositivo combina conveni\u00eancia e desempenho. <strong data-sourcepos=\"6:473-6:487\">26 sabores<\/strong> e <strong data-sourcepos=\"6:492-6:514\">Embalagem de 10 pe\u00e7as<\/strong>, \u00e9 perfeito para varejistas e vapers.<\/div>\n<p>&nbsp;<\/p>\n<\/div>\n<h2>Fumot Tornado 25000 | 25k Puffs Disponibel Vape Especifica\u00e7\u00e3o do produto<\/h2>\n<p><strong data-sourcepos=\"11:3-11:25\">For\u00e7a da Nicotina:<\/strong>\u00a0<strong data-sourcepos=\"11:26-11:42\">2% \/ 3% \/ 5%<\/strong>\u00a0(M\u00faltiplas op\u00e7\u00f5es para prefer\u00eancias variadas)<\/p>\n<p><strong data-sourcepos=\"12:3-12:18\">Contagem de sopros:<\/strong>\u00a0<strong data-sourcepos=\"12:19-12:41\">At\u00e9 25.000 baforadas<\/strong>\u00a0(Experi\u00eancia de vaporiza\u00e7\u00e3o duradoura)<\/p>\n<p><strong data-sourcepos=\"13:3-13:25\">Capacidade de e-l\u00edquido:<\/strong>\u00a0<strong data-sourcepos=\"13:26-13:34\">20mL<\/strong>\u00a0(Minimiza recargas frequentes)<\/p>\n<p><strong data-sourcepos=\"14:3-14:24\">Capacidade da bateria:<\/strong>\u00a0<strong data-sourcepos=\"14:25-14:48\">700mAh recarreg\u00e1vel<\/strong>\u00a0(Poder o dia todo)<\/p>\n<p><strong data-sourcepos=\"15:3-15:17\">Tipo de bobina:<\/strong>\u00a0<strong data-sourcepos=\"15:18-15:36\">Bobina de malha dupla<\/strong>\u00a0(Maior produ\u00e7\u00e3o de sabor e vapor)<\/p>\n<p><strong data-sourcepos=\"16:3-16:20\">Interruptor de toque:<\/strong>\u00a0Ativa\u00e7\u00e3o intuitiva com um toque<\/p>\n<p><strong data-sourcepos=\"17:3-17:15\">Mostrar:<\/strong>\u00a0<strong data-sourcepos=\"17:16-17:36\">Tela TFT de 1,77\u2033<\/strong>\u00a0(Monitoramento em tempo real)<\/p>\n<p><strong data-sourcepos=\"18:3-18:18\">Indicadores:<\/strong>\u00a0<strong data-sourcepos=\"18:19-18:53\">Indicadores de n\u00edvel de \u00f3leo e bateria<\/strong><\/p>\n<p><strong data-sourcepos=\"19:3-19:24\">Ajuste de pot\u00eancia:<\/strong>\u00a0<strong data-sourcepos=\"19:25-19:55\">Controle de bot\u00e3o de tr\u00eas toques<\/strong><\/p>\n<p><strong data-sourcepos=\"20:3-20:21\">Porta de carregamento:<\/strong>\u00a0<strong data-sourcepos=\"20:22-20:32\">Tipo-C<\/strong>\u00a0(R\u00e1pido e eficiente)<\/p>\n<p><strong data-sourcepos=\"21:3-21:17\">Embalagem:<\/strong>\u00a0<strong data-sourcepos=\"21:18-21:33\">10 unidades\/pacote<\/strong>\u00a0(Ideal para compradores em massa)<\/p>\n<p><strong data-sourcepos=\"22:3-22:22\">Op\u00e7\u00f5es de sabores:<\/strong>\u00a0<strong data-sourcepos=\"22:23-22:39\">26 variedades<\/strong><\/p>\n<p>&nbsp;<\/p>\n<h3>Fumot Tornado 25000 | 25k Puffs Disponibel Vape Lista de sabores:<\/h3>\n<p>1. Gelo de banana<\/p>\n<p>2. Melancia Morango<\/p>\n<p>3. Casa da Moeda de Miami<\/p>\n<p>4. Mirtilo Framboesa<\/p>\n<p>5. Gelo Negro<\/p>\n<p>6. Gelo de goma branco<\/p>\n<p>7. Gelo de melancia<\/p>\n<p>8. Gelo suculento de p\u00eassego<\/p>\n<p>9. Limonada Rosa<\/p>\n<p>10. Manga Morango<\/p>\n<p>11. Melancia P\u00eassego Manga<\/p>\n<p>12. Uva Lim\u00e3o<\/p>\n<p>13. Explos\u00e3o de arco-\u00edris tropical<\/p>\n<p>14. Bomba de cereja<\/p>\n<p>15. Doce de morango e menta<\/p>\n<p>16. Ma\u00e7\u00e3 Dupla<\/p>\n<p>17. Mirtilo no gelo<\/p>\n<p>18. Gelo de Morango<\/p>\n<p>19. Gelo Exuberante<\/p>\n<p>20. Gelo de abacaxi<\/p>\n<p>21. Gelo de Uva<\/p>\n<p>22. Dr. Azul<\/p>\n<p>23. Kiwi Maracuj\u00e1 Goiaba<\/p>\n<p>24. Cereja-Cola<\/p>\n<p>25. Hortel\u00e3 Fresca<\/p>\n<p>26. Morango Red Bull<\/p>\n<p>&nbsp;<\/p>\n<p><img loading=\"lazy\" decoding=\"async\" class=\"alignnone wp-image-1057 size-full\" src=\"https:\/\/pgvape.com\/wp-content\/uploads\/2025\/09\/Pgvape-MOVKIN-Tornado-25000-25k-Puffs-Disposable-Vape-pen-touch-screen-Fumot-Original-E-cigarett-FDVAP-12.png\" alt=\"Fumot Tornado 25000 Vers\u00e3o 1.77 TFT\" width=\"2500\" height=\"1614\" srcset=\"https:\/\/pgvape.com\/wp-content\/uploads\/2025\/09\/Pgvape-MOVKIN-Tornado-25000-25k-Puffs-Disposable-Vape-pen-touch-screen-Fumot-Original-E-cigarett-FDVAP-12.png 2500w, https:\/\/pgvape.com\/wp-content\/uploads\/2025\/09\/Pgvape-MOVKIN-Tornado-25000-25k-Puffs-Disposable-Vape-pen-touch-screen-Fumot-Original-E-cigarett-FDVAP-12-555x358.png 555w, https:\/\/pgvape.com\/wp-content\/uploads\/2025\/09\/Pgvape-MOVKIN-Tornado-25000-25k-Puffs-Disposable-Vape-pen-touch-screen-Fumot-Original-E-cigarett-FDVAP-12-595x384.png 595w, https:\/\/pgvape.com\/wp-content\/uploads\/2025\/09\/Pgvape-MOVKIN-Tornado-25000-25k-Puffs-Disposable-Vape-pen-touch-screen-Fumot-Original-E-cigarett-FDVAP-12-400x258.png 400w, https:\/\/pgvape.com\/wp-content\/uploads\/2025\/09\/Pgvape-MOVKIN-Tornado-25000-25k-Puffs-Disposable-Vape-pen-touch-screen-Fumot-Original-E-cigarett-FDVAP-12-768x496.png 768w, https:\/\/pgvape.com\/wp-content\/uploads\/2025\/09\/Pgvape-MOVKIN-Tornado-25000-25k-Puffs-Disposable-Vape-pen-touch-screen-Fumot-Original-E-cigarett-FDVAP-12-1536x992.png 1536w, https:\/\/pgvape.com\/wp-content\/uploads\/2025\/09\/Pgvape-MOVKIN-Tornado-25000-25k-Puffs-Disposable-Vape-pen-touch-screen-Fumot-Original-E-cigarett-FDVAP-12-2048x1322.png 2048w, https:\/\/pgvape.com\/wp-content\/uploads\/2025\/09\/Pgvape-MOVKIN-Tornado-25000-25k-Puffs-Disposable-Vape-pen-touch-screen-Fumot-Original-E-cigarett-FDVAP-12-18x12.png 18w, https:\/\/pgvape.com\/wp-content\/uploads\/2025\/09\/Pgvape-MOVKIN-Tornado-25000-25k-Puffs-Disposable-Vape-pen-touch-screen-Fumot-Original-E-cigarett-FDVAP-12-600x387.png 600w, https:\/\/pgvape.com\/wp-content\/uploads\/2025\/09\/Pgvape-MOVKIN-Tornado-25000-25k-Puffs-Disposable-Vape-pen-touch-screen-Fumot-Original-E-cigarett-FDVAP-12-60x40.png 60w\" sizes=\"auto, (max-width: 2500px) 100vw, 2500px\" \/><\/p>\n<p>&nbsp;<\/p>\n<h3>Fumot Tornado 25000 | 25k Puffs Disponibel Vape <strong>V\u00eddeo:<\/strong><\/h3>\n<p><iframe loading=\"lazy\" title=\"Fumot Tornado 25000 | 25k Puffs Disponibel Vape | Tela TFT | Vape Direto da f\u00e1brica pgvape\" width=\"563\" height=\"1000\" src=\"https:\/\/www.youtube.com\/embed\/Be4a8cFngCw?feature=oembed\" frameborder=\"0\" allow=\"accelerometer; autoplay; clipboard-write; encrypted-media; gyroscope; picture-in-picture; web-share\" referrerpolicy=\"strict-origin-when-cross-origin\" allowfullscreen><\/iframe><\/p>\n<p>&nbsp;<\/p>\n<h2 class=\"header-vfC6AV auto-hide-last-sibling-br\">Perguntas frequentes sobre Fumot Tornado 25000 | 25k Puffs Disponibel Vape<\/h2>\n<p data-sourcepos=\"57:1-58:118\">\u2753 <strong data-sourcepos=\"57:3-57:70\">Quais s\u00e3o os n\u00edveis de nicotina que o RandM Fumot Tornado 25K oferece?<\/strong><br \/>\n\u2705Entra <strong data-sourcepos=\"58:15-58:21\">2%<\/strong>, <strong data-sourcepos=\"58:23-58:29\">3%<\/strong>, e <strong data-sourcepos=\"58:35-58:41\">5%<\/strong> n\u00edveis de nicotina, atendendo \u00e0s prefer\u00eancias de golpes leves e fortes na garganta.<\/p>\n<p data-sourcepos=\"60:1-61:95\">\u2753 <strong data-sourcepos=\"60:3-60:63\">Quantas baforadas o RandM Fumot Tornado 25K fornece?<\/strong><br \/>\n\u2705 Entrega <strong data-sourcepos=\"61:15-61:37\">at\u00e9 25.000 baforadas<\/strong>, garantindo uma experi\u00eancia vaping prolongada e satisfat\u00f3ria.<\/p>\n<p data-sourcepos=\"63:1-64:64\">\u2753 <strong data-sourcepos=\"63:3-63:68\">Qual \u00e9 a capacidade de e-l\u00edquido do RandM Fumot Tornado 25K?<\/strong><br \/>\n\u2705Tem um <strong data-sourcepos=\"64:12-64:20\">20mL<\/strong> tanque de e-l\u00edquido, perfeito para uso a longo prazo.<\/p>\n<p data-sourcepos=\"66:1-67:77\">\u2753 <strong data-sourcepos=\"66:3-66:51\">O RandM Fumot Tornado 25K \u00e9 recarreg\u00e1vel?<\/strong><br \/>\n\u2705 Sim, inclui um <strong data-sourcepos=\"67:22-67:53\">Bateria recarreg\u00e1vel de 700mAh<\/strong> para poder consistente.<\/p>\n<p data-sourcepos=\"69:1-70:71\">\u2753 <strong data-sourcepos=\"69:3-69:37\">Que tipo de bobina ele usa?<\/strong><br \/>\n\u2705 Ele usa um <strong data-sourcepos=\"70:13-70:31\">bobina de malha dupla<\/strong> para um sabor mais rico e um vapor mais suave.<\/p>\n<p data-sourcepos=\"72:1-73:56\">\u2753 <strong data-sourcepos=\"72:3-72:34\">Como o dispositivo \u00e9 operado?<\/strong><br \/>\n\u2705 Possui um <strong data-sourcepos=\"73:17-73:33\">interruptor de toque<\/strong> para f\u00e1cil ativa\u00e7\u00e3o.<\/p>\n<p data-sourcepos=\"75:1-76:74\">\u2753 <strong data-sourcepos=\"75:3-75:48\">Que tipo de tela o dispositivo possui?<\/strong><br \/>\n\u2705Tem um <strong data-sourcepos=\"76:12-76:32\">Tela TFT de 1,77\u2033<\/strong> para visibilidade clara das m\u00e9tricas de vaporiza\u00e7\u00e3o.<\/p>\n<p data-sourcepos=\"78:1-79:75\">\u2753 <strong data-sourcepos=\"78:3-78:48\">Posso monitorar os n\u00edveis de \u00f3leo e bateria?<\/strong><br \/>\n\u2705 Sim, integrado <strong data-sourcepos=\"79:17-79:31\">indicadores<\/strong> exibir os n\u00edveis de e-l\u00edquido e bateria.<\/p>\n<p data-sourcepos=\"81:1-82:69\">\u2753 <strong data-sourcepos=\"81:3-81:40\">Como ajusto a sa\u00edda de energia?<\/strong><br \/>\n\u2705 Pressione o bot\u00e3o <strong data-sourcepos=\"82:20-82:35\">tr\u00eas vezes<\/strong> para personalizar a configura\u00e7\u00e3o de energia.<\/p>\n<p data-sourcepos=\"84:1-85:63\">\u2753 <strong data-sourcepos=\"84:3-84:46\">Que tipo de porta de carregamento ele usa?<br \/>\n<\/strong> \u2705 Ele usa um <strong data-sourcepos=\"85:13-85:28\">Porta tipo C<\/strong> para carregamento r\u00e1pido e eficiente.<\/p>\n<p>&nbsp;<\/p>\n<h3 id=\"brxe-najhln\" class=\"brxe-heading\">Perguntas frequentes (FAQ)<\/h3>\n<div id=\"brxe-rajiac\" class=\"brxe-text\">\n<p><strong>P: Quais m\u00e9todos de pagamento voc\u00ea aceita?<\/strong><br \/>\nR: Aceitamos PayPal, Stripe, transfer\u00eancias banc\u00e1rias (com suporte SEPA), os principais cart\u00f5es de cr\u00e9dito (Visa, MasterCard, American Express) e pagamentos em criptomoedas.<\/p>\n<p><strong>P: Quanto tempo leva a prepara\u00e7\u00e3o do pedido?<\/strong><br \/>\nR: A prepara\u00e7\u00e3o do pedido leva de 1 a 3 dias \u00fateis.<\/p>\n<p><strong>P: Qual \u00e9 o tempo de envio?<\/strong><br \/>\nR: O tempo de envio \u00e9 de 7 a 14 dias \u00fateis, dependendo da sua localiza\u00e7\u00e3o.<\/p>\n<p><strong>P: Como posso rastrear meu pedido?<\/strong><br \/>\nR: Ap\u00f3s o envio, voc\u00ea receber\u00e1 um e-mail de confirma\u00e7\u00e3o com um n\u00famero de rastreamento para rastreamento em tempo real.<\/p>\n<p><strong>P: Qual \u00e9 a sua pol\u00edtica de devolu\u00e7\u00e3o?<\/strong><br \/>\nR: Oferecemos uma pol\u00edtica de devolu\u00e7\u00e3o de 30 dias para reembolsos ou trocas. .<\/p>\n<p><strong>P: Haver\u00e1 algum problema alfandeg\u00e1rio?<br \/>\n<\/strong>Lidamos com todos os procedimentos de desembara\u00e7o aduaneiro para garantir uma experi\u00eancia descomplicada para voc\u00ea. .<\/p>\n<p><strong>P: Quais m\u00e9todos de envio s\u00e3o usados?<\/strong><br \/>\nCooperamos com UPS\/DHL\/FEDEX\/DPD, etc. Escolheremos a op\u00e7\u00e3o de envio apropriada dependendo do pa\u00eds de entrega para garantir que voc\u00ea receba seus produtos o mais r\u00e1pido poss\u00edvel.<\/p>\n<p><a href=\"https:\/\/pgvape.com\/pt\/perguntas-frequentes\/\">Clique aqui para mais perguntas frequentes<\/a><\/p>\n<p>Prezados clientes, Se voc\u00ea tiver alguma d\u00favida sobre seu pedido ou a chegada de mercadorias, entre em contato com nosso atendimento ao cliente. Obrigado!<\/p>\n<h3 data-sourcepos=\"73:1-73:21\"><strong data-sourcepos=\"73:7-73:21\">Contate-nos<\/strong><\/h3>\n<div id=\"text-2419739398\" class=\"text\">\n<p><strong data-sourcepos=\"75:3-75:12\">E-mail<\/strong>:\u00a0<a href=\"mailto:support@pgvape.com\"><strong>support@pgvape.com<\/strong><\/a><\/p>\n<p><strong data-sourcepos=\"76:3-76:15\">WhatsApp<\/strong>: <a href=\"https:\/\/wa.me\/+8618128481258\"><strong>+86 18128481258<\/strong><\/a><br \/>\n<strong>(Resposta em at\u00e9 24 horas em dias \u00fateis)<\/strong><\/p>\n<\/div>\n<h3><strong>Obrigado por escolher pgvape.com! .<\/strong><\/h3>\n<\/div>","protected":false},"excerpt":{"rendered":"<p><strong data-sourcepos=\"90:5-90:54\">RandM Fumot Tornado 25K Puffs Vape Descart\u00e1vel<\/strong> apresenta um <strong data-sourcepos=\"90:66-90:92\">Capacidade de e-l\u00edquido de 20mL<\/strong>, <strong data-sourcepos=\"90:94-90:112\">Bateria de 700mAh<\/strong>, e <strong data-sourcepos=\"90:118-90:136\">bobina de malha dupla<\/strong> para sabor intenso. <strong data-sourcepos=\"90:161-90:181\">Tela TFT de 1,77\u2033<\/strong> e <strong data-sourcepos=\"90:186-90:202\">interruptor de toque<\/strong> oferecem controle premium, enquanto <strong data-sourcepos=\"90:232-90:246\">26 sabores<\/strong> e <strong data-sourcepos=\"90:251-90:273\">Embalagem de 10 pe\u00e7as<\/strong> torne-o a melhor escolha para vapers e vendedores.<\/p>","protected":false},"featured_media":1449,"comment_status":"open","ping_status":"closed","template":"","meta":{"_seopress_robots_primary_cat":"none","_seopress_titles_title":"%%post_title%% %%sep%% %%sitetitle%%","_seopress_titles_desc":"","_seopress_robots_index":""},"product_brand":[516,162],"product_cat":[94,515,26],"product_tag":[99,96,101,97,95,100,98],"class_list":{"0":"post-1044","1":"product","2":"type-product","3":"status-publish","4":"has-post-thumbnail","6":"product_brand-disposable-vape","7":"product_brand-fumot-vape","8":"product_cat-25k-puffs-vape","9":"product_cat-disposable-vape","10":"product_cat-fumot-vape","11":"product_tag-13smakar","12":"product_tag-25k-puffs","13":"product_tag-25k-vape","14":"product_tag-disponibel-vape","15":"product_tag-fumot-tornado-25000","16":"product_tag-pekskarm","17":"product_tag-tft-screen","19":"first","20":"outofstock","21":"sale","22":"shipping-taxable","23":"purchasable","24":"product-type-variable"},"_links":{"self":[{"href":"https:\/\/pgvape.com\/pt\/wp-json\/wp\/v2\/product\/1044","targetHints":{"allow":["GET"]}}],"collection":[{"href":"https:\/\/pgvape.com\/pt\/wp-json\/wp\/v2\/product"}],"about":[{"href":"https:\/\/pgvape.com\/pt\/wp-json\/wp\/v2\/types\/product"}],"replies":[{"embeddable":true,"href":"https:\/\/pgvape.com\/pt\/wp-json\/wp\/v2\/comments?post=1044"}],"wp:featuredmedia":[{"embeddable":true,"href":"https:\/\/pgvape.com\/pt\/wp-json\/wp\/v2\/media\/1449"}],"wp:attachment":[{"href":"https:\/\/pgvape.com\/pt\/wp-json\/wp\/v2\/media?parent=1044"}],"wp:term":[{"taxonomy":"product_brand","embeddable":true,"href":"https:\/\/pgvape.com\/pt\/wp-json\/wp\/v2\/product_brand?post=1044"},{"taxonomy":"product_cat","embeddable":true,"href":"https:\/\/pgvape.com\/pt\/wp-json\/wp\/v2\/product_cat?post=1044"},{"taxonomy":"product_tag","embeddable":true,"href":"https:\/\/pgvape.com\/pt\/wp-json\/wp\/v2\/product_tag?post=1044"}],"curies":[{"name":"wp","href":"https:\/\/api.w.org\/{rel}","templated":true}]}}