{"id":10253,"date":"2026-04-29T13:00:29","date_gmt":"2026-04-29T13:00:29","guid":{"rendered":"https:\/\/pgvape.com\/?post_type=product&#038;p=10253"},"modified":"2026-04-29T13:00:29","modified_gmt":"2026-04-29T13:00:29","slug":"vape-descartavel-qq-bang-120k-com-carregamento-rapido-de-120-000-baforadas-e-display-led","status":"publish","type":"product","link":"https:\/\/pgvape.com\/pt\/produto\/vape-descartavel-qq-bang-120k-com-carregamento-rapido-de-120-000-baforadas-e-display-led\/","title":{"rendered":"QQ Bang 120K Vape descart\u00e1vel com carregamento r\u00e1pido e exposi\u00e7\u00e3o de diodo emissor de luz de 120000 sopros"},"content":{"rendered":"<h2 data-start=\"0\" data-end=\"76\"><strong data-start=\"3\" data-end=\"76\">QQ Bang 120K Vape descart\u00e1vel | Dispositivo port\u00e1til inteligente de alto desempenho<\/strong><\/h2>\n<p data-start=\"78\" data-end=\"301\">O Vape descart\u00e1vel QQ Bang 120K foi projetado para usu\u00e1rios que valorizam portabilidade, desempenho confi\u00e1vel e conveni\u00eancia moderna, proporcionando uma experi\u00eancia de vaporiza\u00e7\u00e3o suave e satisfat\u00f3ria em um dispositivo compacto.<\/p>\n<p data-start=\"303\" data-end=\"530\">Apresentando um sistema de sabor \u00fanico e fio de aquecimento 1.0\u03a9, fornece sabor puro, impacto equilibrado na garganta e sa\u00edda de vapor est\u00e1vel. Com v\u00e1rias op\u00e7\u00f5es de intensidade de nicotina e 12 sabores populares, atende a uma ampla gama de prefer\u00eancias.<\/p>\n<p data-start=\"532\" data-end=\"764\">Alimentado por uma bateria recarreg\u00e1vel de 650mAh com carregamento r\u00e1pido Tipo C, este dispositivo garante um uso di\u00e1rio eficiente e recarga conveniente. O display LED integrado fornece monitoramento da bateria em tempo real para maior controle e facilidade de uso.<\/p>\n<p data-start=\"766\" data-end=\"858\" data-is-last-node=\"\" data-is-only-node=\"\">Uma escolha ideal para usu\u00e1rios que buscam estilo, funcionalidade e desempenho di\u00e1rio confi\u00e1vel.<\/p>\n<p>&nbsp;<\/p>\n<h3 id=\"brxe-najhln\" class=\"brxe-heading\"><\/h3>\n<p data-start=\"766\" data-end=\"858\" data-is-last-node=\"\" data-is-only-node=\"\">\n<h2 data-start=\"766\" data-end=\"858\"><strong>QQ Bang 120K sopra Vape descart\u00e1vel <\/strong><strong>Destaques do produto<\/strong><\/h2>\n<p data-start=\"58\" data-end=\"170\"><strong data-start=\"58\" data-end=\"81\">At\u00e9 120.000 baforadas<\/strong> \u2013 Desempenho duradouro projetado para vaporiza\u00e7\u00e3o di\u00e1ria confi\u00e1vel com menos substitui\u00e7\u00f5es.<\/p>\n<p data-start=\"172\" data-end=\"293\"><strong data-start=\"172\" data-end=\"201\">V\u00e1rias op\u00e7\u00f5es de nicotina<\/strong> \u2013 Dispon\u00edvel em <strong data-start=\"217\" data-end=\"235\">2%, 3% e 5%<\/strong> para satisfa\u00e7\u00e3o flex\u00edvel com base na prefer\u00eancia pessoal.<\/p>\n<p data-start=\"295\" data-end=\"384\"><strong data-start=\"295\" data-end=\"319\">Sistema de Sabor \u00danico<\/strong> \u2013 Entrega de sabor puro e consistente do primeiro ao \u00faltimo sopro.<\/p>\n<p data-start=\"386\" data-end=\"500\"><strong data-start=\"386\" data-end=\"418\">1.0\u03a9 Tecnologia de fio de aquecimento<\/strong> \u2013 Produ\u00e7\u00e3o suave de vapor, golpe equilibrado na garganta e desempenho geral est\u00e1vel.<\/p>\n<p data-start=\"502\" data-end=\"598\"><strong data-start=\"502\" data-end=\"533\">Bateria recarreg\u00e1vel 650mAh<\/strong> \u2013 Bateria interna confi\u00e1vel que suporta sess\u00f5es de vaporiza\u00e7\u00e3o prolongadas.<\/p>\n<p data-start=\"600\" data-end=\"703\"><strong data-start=\"600\" data-end=\"624\">Carregamento r\u00e1pido tipo C<\/strong> \u2013 Carregamento r\u00e1pido e eficiente para redu\u00e7\u00e3o do tempo de inatividade e maior comodidade.<\/p>\n<p data-start=\"705\" data-end=\"801\"><strong data-start=\"705\" data-end=\"727\">Tela LED<\/strong> \u2013 Monitoramento da bateria em tempo real para melhor controle e comodidade do usu\u00e1rio.<\/p>\n<p data-start=\"803\" data-end=\"893\"><strong data-start=\"803\" data-end=\"832\">Design compacto e port\u00e1til<\/strong> \u2013 Leve e f\u00e1cil de transportar para uso di\u00e1rio em qualquer lugar.<\/p>\n<p data-start=\"895\" data-end=\"980\"><strong data-start=\"895\" data-end=\"916\">12 op\u00e7\u00f5es de sabores<\/strong> \u2013 Ampla sele\u00e7\u00e3o de sabores populares para atender a diferentes gostos.<\/p>\n<p data-start=\"982\" data-end=\"1098\"><strong data-start=\"982\" data-end=\"1012\">Sa\u00edda suave e consistente<\/strong> \u2013 O sistema de aquecimento otimizado garante consumos satisfat\u00f3rios durante toda a vida \u00fatil do dispositivo.<\/p>\n<p data-start=\"1100\" data-end=\"1213\" data-is-last-node=\"\" data-is-only-node=\"\"><strong data-start=\"1100\" data-end=\"1127\">Dispositivo moderno de uso di\u00e1rio<\/strong> \u2013 Combina portabilidade, recursos inteligentes e desempenho confi\u00e1vel em um vape elegante.<\/p>\n<p>&nbsp;<\/p>\n<h2 data-start=\"766\" data-end=\"858\"><strong>QQ Bang 120K sopra lista de sabores Vape descart\u00e1veis<\/strong><\/h2>\n<p><strong data-start=\"56\" data-end=\"84\">1. Framboesa Vermelha Amora<\/strong><\/p>\n<p><strong data-start=\"89\" data-end=\"106\">2. Gelo Razz Azul<\/strong><\/p>\n<p><strong data-start=\"111\" data-end=\"138\">3. Mirtilo Framboesa Vermelha<\/strong><\/p>\n<p><strong data-start=\"143\" data-end=\"159\">4. Uva Sakura<\/strong><\/p>\n<p><strong data-start=\"164\" data-end=\"183\">5. Morango Kiwi<\/strong><\/p>\n<p><strong data-start=\"188\" data-end=\"214\">6.Melancia Manga P\u00eassego<\/strong><\/p>\n<p><strong data-start=\"219\" data-end=\"237\">7. Gelo de melancia<\/strong><\/p>\n<p><strong data-start=\"242\" data-end=\"268\">8. Morango Hubba Bubba<\/strong><\/p>\n<p><strong data-start=\"273\" data-end=\"303\">9. Mirtilo Framboesa Cereja<\/strong><\/p>\n<p><strong data-start=\"308\" data-end=\"325\">10. Bagas Mistas<\/strong><\/p>\n<p><strong data-start=\"330\" data-end=\"358\">11. Congelamento de melancia cereja<\/strong><\/p>\n<p><strong data-start=\"363\" data-end=\"380\">12. P\u00eassegos suculentos<img loading=\"lazy\" decoding=\"async\" class=\"alignnone wp-image-10258 size-full\" src=\"https:\/\/pgvape.com\/wp-content\/uploads\/2026\/04\/QQ-Bang-120K-Disposable-Vape-With-120000-Puffs-Fast-Charging-And-LED-Display-3.png\" alt=\"Grade de 18 garrafas coloridas de QQ Bang com diferentes sabores de frutas exibidas em um fundo gradiente rosa a laranja.\" width=\"1500\" height=\"1325\" srcset=\"https:\/\/pgvape.com\/wp-content\/uploads\/2026\/04\/QQ-Bang-120K-Disposable-Vape-With-120000-Puffs-Fast-Charging-And-LED-Display-3.png 1500w, https:\/\/pgvape.com\/wp-content\/uploads\/2026\/04\/QQ-Bang-120K-Disposable-Vape-With-120000-Puffs-Fast-Charging-And-LED-Display-3-408x360.png 408w, https:\/\/pgvape.com\/wp-content\/uploads\/2026\/04\/QQ-Bang-120K-Disposable-Vape-With-120000-Puffs-Fast-Charging-And-LED-Display-3-595x526.png 595w, https:\/\/pgvape.com\/wp-content\/uploads\/2026\/04\/QQ-Bang-120K-Disposable-Vape-With-120000-Puffs-Fast-Charging-And-LED-Display-3-400x353.png 400w, https:\/\/pgvape.com\/wp-content\/uploads\/2026\/04\/QQ-Bang-120K-Disposable-Vape-With-120000-Puffs-Fast-Charging-And-LED-Display-3-768x678.png 768w, https:\/\/pgvape.com\/wp-content\/uploads\/2026\/04\/QQ-Bang-120K-Disposable-Vape-With-120000-Puffs-Fast-Charging-And-LED-Display-3-14x12.png 14w, https:\/\/pgvape.com\/wp-content\/uploads\/2026\/04\/QQ-Bang-120K-Disposable-Vape-With-120000-Puffs-Fast-Charging-And-LED-Display-3-600x530.png 600w\" sizes=\"auto, (max-width: 1500px) 100vw, 1500px\" \/><\/strong><\/p>\n<p>&nbsp;<\/p>\n<h2 data-start=\"766\" data-end=\"858\"><strong>FAQs QQ Bang 120K puffs Vape descart\u00e1vel<\/strong><\/h2>\n<p data-start=\"45\" data-end=\"208\"><strong data-start=\"45\" data-end=\"89\">\u2753 Quais dosagens de nicotina est\u00e3o dispon\u00edveis?<\/strong><br data-start=\"89\" data-end=\"92\" \/>\u2705 O dispositivo est\u00e1 dispon\u00edvel em <strong data-start=\"121\" data-end=\"156\">Op\u00e7\u00f5es de nicotina 2%, 3% e 5%<\/strong>, oferecendo aos usu\u00e1rios escolhas flex\u00edveis com base nas prefer\u00eancias.<\/p>\n<p data-start=\"210\" data-end=\"359\"><strong data-start=\"210\" data-end=\"255\">\u2753 Que tipo de sistema de sabores utiliza?<\/strong><br data-start=\"255\" data-end=\"258\" \/>\u2705 Possui um <strong data-start=\"274\" data-end=\"298\">sistema de sabor \u00fanico<\/strong>, proporcionando um sabor puro e consistente do in\u00edcio ao fim.<\/p>\n<p data-start=\"361\" data-end=\"510\"><strong data-start=\"361\" data-end=\"395\">\u2753 Qual \u00e9 a resist\u00eancia da bobina?<\/strong><br data-start=\"395\" data-end=\"398\" \/>\u2705 O dispositivo usa um <strong data-start=\"418\" data-end=\"439\">1.0\u03a9 fio de aquecimento<\/strong>, proporcionando vapor suave, impacto equilibrado na garganta e desempenho est\u00e1vel.<\/p>\n<p data-start=\"512\" data-end=\"629\"><strong data-start=\"512\" data-end=\"546\">\u2753 A bateria \u00e9 recarreg\u00e1vel?<\/strong><br data-start=\"546\" data-end=\"549\" \/>\u2705 Sim, vem com um <strong data-start=\"572\" data-end=\"603\">Bateria recarreg\u00e1vel de 650mAh<\/strong> para uso di\u00e1rio confi\u00e1vel.<\/p>\n<p data-start=\"631\" data-end=\"776\"><strong data-start=\"631\" data-end=\"674\">\u2753 Qual m\u00e9todo de carregamento ele suporta?<\/strong><br data-start=\"674\" data-end=\"677\" \/>\u2705 Suporta <strong data-start=\"691\" data-end=\"715\">Carregamento r\u00e1pido tipo C<\/strong>, permitindo recarga r\u00e1pida e eficiente com menos tempo de inatividade.<\/p>\n<p data-start=\"778\" data-end=\"896\"><strong data-start=\"778\" data-end=\"814\">\u2753 Possui tela?<\/strong><br data-start=\"814\" data-end=\"817\" \/>\u2705 Sim, o dispositivo possui um <strong data-start=\"847\" data-end=\"862\">Visor LED<\/strong> para monitoramento da bateria em tempo real.<\/p>\n<p data-start=\"898\" data-end=\"1015\"><strong data-start=\"898\" data-end=\"927\">\u2753 O aparelho \u00e9 port\u00e1til?<\/strong><br data-start=\"927\" data-end=\"930\" \/>\u2705 Absolutamente. Isso \u00e9 <strong data-start=\"948\" data-end=\"982\">design compacto e leve<\/strong> facilita o transporte para qualquer lugar.<\/p>\n<p data-start=\"1017\" data-end=\"1134\"><strong data-start=\"1017\" data-end=\"1054\">\u2753Quantos sabores est\u00e3o dispon\u00edveis?<\/strong><br data-start=\"1054\" data-end=\"1057\" \/>\u2705Entra <strong data-start=\"1071\" data-end=\"1092\">12 op\u00e7\u00f5es de sabores<\/strong>, oferecendo uma ampla gama de gostos populares.<\/p>\n<p data-start=\"1136\" data-end=\"1334\" data-is-last-node=\"\" data-is-only-node=\"\"><strong data-start=\"1136\" data-end=\"1175\">\u2753 Por que escolher o QQ Bang 120K Vape?<\/strong><br data-start=\"1175\" data-end=\"1178\" \/>\u2705Combina <strong data-start=\"1192\" data-end=\"1287\">funcionalidade LED moderna, conveni\u00eancia recarreg\u00e1vel, design port\u00e1til e desempenho suave<\/strong>, tornando-o uma \u00f3tima op\u00e7\u00e3o para vaporiza\u00e7\u00e3o di\u00e1ria.<\/p>\n<p>&nbsp;<\/p>\n<h3 id=\"brxe-najhln\" class=\"brxe-heading\">Perguntas frequentes (FAQ)<\/h3>\n<div id=\"brxe-rajiac\" class=\"brxe-text\">\n<p><strong>P: Quais m\u00e9todos de pagamento voc\u00ea aceita?<\/strong><br \/>\nR: Aceitamos PayPal, Stripe, transfer\u00eancias banc\u00e1rias (com suporte SEPA), os principais cart\u00f5es de cr\u00e9dito (Visa, MasterCard, American Express) e pagamentos em criptomoedas.<\/p>\n<p><strong>P: Quanto tempo leva a prepara\u00e7\u00e3o do pedido?<\/strong><br \/>\nR: A prepara\u00e7\u00e3o do pedido leva de 1 a 3 dias \u00fateis.<\/p>\n<p><strong>P: Qual \u00e9 o tempo de envio?<\/strong><br \/>\nR: O tempo de envio \u00e9 de 7 a 14 dias \u00fateis, dependendo da sua localiza\u00e7\u00e3o. As mercadorias enviadas de armaz\u00e9ns europeus normalmente levam de 3 a 6 dias \u00fateis para serem entregues.<\/p>\n<p><strong>P: Como posso rastrear meu pedido?<\/strong><br \/>\nR: Ap\u00f3s o envio, voc\u00ea receber\u00e1 um e-mail de confirma\u00e7\u00e3o com um n\u00famero de rastreamento para rastreamento em tempo real.<\/p>\n<p><strong>P: Qual \u00e9 a sua pol\u00edtica de devolu\u00e7\u00e3o?<\/strong><br \/>\nR: Oferecemos uma pol\u00edtica de devolu\u00e7\u00e3o de 30 dias para reembolsos ou trocas. .<\/p>\n<p><strong>P: Haver\u00e1 algum problema alfandeg\u00e1rio?<br \/>\n<\/strong>Lidamos com todos os procedimentos de desembara\u00e7o aduaneiro para garantir uma experi\u00eancia descomplicada para voc\u00ea. .<\/p>\n<p><strong>P: Quais m\u00e9todos de envio s\u00e3o usados?<\/strong><br \/>\nCooperamos com UPS\/DHL\/FEDEX\/DPD, etc. Escolheremos a op\u00e7\u00e3o de envio apropriada dependendo do pa\u00eds de entrega para garantir que voc\u00ea receba seus produtos o mais r\u00e1pido poss\u00edvel.<\/p>\n<p><a href=\"https:\/\/pgvape.com\/pt\/perguntas-frequentes\/\">Clique aqui para mais perguntas frequentes<\/a><\/p>\n<p>Prezados clientes, Se voc\u00ea tiver alguma d\u00favida sobre seu pedido ou a chegada de mercadorias, entre em contato com nosso atendimento ao cliente. Obrigado!<\/p>\n<h3 data-sourcepos=\"73:1-73:21\"><strong data-sourcepos=\"73:7-73:21\">Contate-nos<\/strong><\/h3>\n<div id=\"text-2419739398\" class=\"text\">\n<p><strong data-sourcepos=\"75:3-75:12\">E-mail<\/strong>:\u00a0<a href=\"mailto:support@pgvape.com\"><strong>support@pgvape.com<\/strong><\/a><\/p>\n<p><strong data-sourcepos=\"76:3-76:15\">WhatsApp<\/strong>:\u00a0<a href=\"https:\/\/wa.me\/+8618128481258\"><strong>+86 18128481258<\/strong><\/a><br \/>\n<strong>(Resposta em at\u00e9 24 horas em dias \u00fateis)<\/strong><\/p>\n<\/div>\n<h3><strong>Obrigado por escolher pgvape.com! .<\/strong><\/h3>\n<\/div>","protected":false},"excerpt":{"rendered":"<p data-start=\"0\" data-end=\"32\"><strong data-start=\"0\" data-end=\"32\">QQ Bang 120K Vape descart\u00e1vel <\/strong>At\u00e9 120.000 baforadas com um sistema de sabor \u00fanico para um sabor puro e consistente. Alimentado por um fio de aquecimento 1.0\u03a9 e bateria recarreg\u00e1vel de 650mAh para desempenho suave e est\u00e1vel. Possui carregamento r\u00e1pido Tipo C, display LED de bateria e 12 op\u00e7\u00f5es de sabores em um design port\u00e1til compacto.<\/p>","protected":false},"featured_media":10257,"comment_status":"open","ping_status":"closed","template":"","meta":{"_seopress_robots_primary_cat":"","_seopress_titles_title":"","_seopress_titles_desc":"","_seopress_robots_index":""},"product_brand":[516,654],"product_cat":[69,515,653],"product_tag":[354,90,652,79,657],"class_list":{"0":"post-10253","1":"product","2":"type-product","3":"status-publish","4":"has-post-thumbnail","6":"product_brand-disposable-vape","7":"product_brand-qqbang-vape","8":"product_cat-120k-puffs-vape","9":"product_cat-disposable-vape","10":"product_cat-qqbang-vape","11":"product_tag-120k-puffs-vape","12":"product_tag-disposable-vape","13":"product_tag-fast-charging","14":"product_tag-led-display","15":"product_tag-qq-bang-120k","17":"first","18":"instock","19":"sale","20":"shipping-taxable","21":"purchasable","22":"product-type-variable"},"_links":{"self":[{"href":"https:\/\/pgvape.com\/pt\/wp-json\/wp\/v2\/product\/10253","targetHints":{"allow":["GET"]}}],"collection":[{"href":"https:\/\/pgvape.com\/pt\/wp-json\/wp\/v2\/product"}],"about":[{"href":"https:\/\/pgvape.com\/pt\/wp-json\/wp\/v2\/types\/product"}],"replies":[{"embeddable":true,"href":"https:\/\/pgvape.com\/pt\/wp-json\/wp\/v2\/comments?post=10253"}],"wp:featuredmedia":[{"embeddable":true,"href":"https:\/\/pgvape.com\/pt\/wp-json\/wp\/v2\/media\/10257"}],"wp:attachment":[{"href":"https:\/\/pgvape.com\/pt\/wp-json\/wp\/v2\/media?parent=10253"}],"wp:term":[{"taxonomy":"product_brand","embeddable":true,"href":"https:\/\/pgvape.com\/pt\/wp-json\/wp\/v2\/product_brand?post=10253"},{"taxonomy":"product_cat","embeddable":true,"href":"https:\/\/pgvape.com\/pt\/wp-json\/wp\/v2\/product_cat?post=10253"},{"taxonomy":"product_tag","embeddable":true,"href":"https:\/\/pgvape.com\/pt\/wp-json\/wp\/v2\/product_tag?post=10253"}],"curies":[{"name":"wp","href":"https:\/\/api.w.org\/{rel}","templated":true}]}}