{"id":10228,"date":"2026-04-29T12:35:29","date_gmt":"2026-04-29T12:35:29","guid":{"rendered":"https:\/\/pgvape.com\/?post_type=product&#038;p=10228"},"modified":"2026-04-29T12:35:29","modified_gmt":"2026-04-29T12:35:29","slug":"qq-bang-150k-estilo-perfume-descartavel-vape-design-de-frasco-de-perfume-com-65-000-baforadas-e-carregamento-rapido","status":"publish","type":"product","link":"https:\/\/pgvape.com\/pt\/produto\/qq-bang-150k-estilo-perfume-descartavel-vape-design-de-frasco-de-perfume-com-65-000-baforadas-e-carregamento-rapido\/","title":{"rendered":"Projeto descart\u00e1vel da garrafa de perfume de Vape do estilo do perfume do golpe 150K de QQ com 65000 sopros e carregamento r\u00e1pido"},"content":{"rendered":"<h2 data-start=\"0\" data-end=\"78\"><strong data-start=\"3\" data-end=\"78\">QQ Bang 150K Vape descart\u00e1vel | Dispositivo port\u00e1til elegante de alto desempenho<\/strong><\/h2>\n<p data-start=\"80\" data-end=\"298\">O Vape descart\u00e1vel QQ Bang 150K foi projetado para usu\u00e1rios que valorizam portabilidade, desempenho confi\u00e1vel e estilo elegante, proporcionando uma experi\u00eancia de vaporiza\u00e7\u00e3o suave e satisfat\u00f3ria em um dispositivo compacto.<\/p>\n<p data-start=\"300\" data-end=\"527\">Apresentando um sistema de sabor \u00fanico e fio de aquecimento 1.0\u03a9, fornece sabor puro, impacto equilibrado na garganta e sa\u00edda de vapor est\u00e1vel. Com v\u00e1rias op\u00e7\u00f5es de intensidade de nicotina e 10 sabores populares, atende a uma ampla gama de prefer\u00eancias.<\/p>\n<p data-start=\"529\" data-end=\"727\">Alimentado por uma bateria recarreg\u00e1vel de 650mAh com carregamento r\u00e1pido Tipo C, este dispositivo garante um uso di\u00e1rio conveniente e recarga eficiente. O design do frasco de perfume adiciona um toque premium e moderno.<\/p>\n<p data-start=\"729\" data-end=\"819\" data-is-last-node=\"\" data-is-only-node=\"\">Uma escolha ideal para usu\u00e1rios que buscam estilo, conveni\u00eancia e desempenho di\u00e1rio confi\u00e1vel.<\/p>\n<p>&nbsp;<\/p>\n<h3 id=\"brxe-najhln\" class=\"brxe-heading\"><\/h3>\n<p data-start=\"729\" data-end=\"819\" data-is-last-node=\"\" data-is-only-node=\"\">\n<h2 data-start=\"0\" data-end=\"78\"><strong data-start=\"3\" data-end=\"78\">QQ Bang 150K Puffs Destaques de produtos descart\u00e1veis \u200b\u200bde Vape<\/strong><\/h2>\n<p data-start=\"58\" data-end=\"170\"><strong data-start=\"58\" data-end=\"81\">At\u00e9 150.000 baforadas<\/strong> \u2013 Desempenho duradouro projetado para vaporiza\u00e7\u00e3o di\u00e1ria confi\u00e1vel com menos substitui\u00e7\u00f5es.<\/p>\n<p data-start=\"172\" data-end=\"289\"><strong data-start=\"172\" data-end=\"201\">V\u00e1rias op\u00e7\u00f5es de nicotina<\/strong> \u2013 Dispon\u00edvel em <strong data-start=\"217\" data-end=\"235\">2%, 3% e 5%<\/strong> para satisfa\u00e7\u00e3o flex\u00edvel com base na prefer\u00eancia do usu\u00e1rio.<\/p>\n<p data-start=\"291\" data-end=\"400\"><strong data-start=\"291\" data-end=\"315\">Sistema de Sabor \u00danico<\/strong> \u2013 Entrega de sabor puro e consistente para uma experi\u00eancia de sabor limpa e ininterrupta.<\/p>\n<p data-start=\"402\" data-end=\"527\"><strong data-start=\"402\" data-end=\"434\">1.0\u03a9 Tecnologia de fio de aquecimento<\/strong> \u2013 O sistema de aquecimento balanceado fornece vapor suave, sa\u00edda est\u00e1vel e impacto satisfat\u00f3rio na garganta.<\/p>\n<p data-start=\"529\" data-end=\"625\"><strong data-start=\"529\" data-end=\"560\">Bateria recarreg\u00e1vel 650mAh<\/strong> \u2013 Bateria interna confi\u00e1vel que suporta sess\u00f5es de vaporiza\u00e7\u00e3o prolongadas.<\/p>\n<p data-start=\"627\" data-end=\"712\"><strong data-start=\"627\" data-end=\"651\">Carregamento r\u00e1pido tipo C<\/strong> \u2013 Carregamento r\u00e1pido e eficiente para uso conveniente durante todo o dia.<\/p>\n<p data-start=\"714\" data-end=\"802\"><strong data-start=\"714\" data-end=\"739\">Design de frasco de perfume<\/strong> \u2013 Apar\u00eancia elegante e moderna com um visual moderno premium.<\/p>\n<p data-start=\"804\" data-end=\"895\"><strong data-start=\"804\" data-end=\"832\">Constru\u00e7\u00e3o compacta e port\u00e1til<\/strong> \u2013 Estrutura leve projetada para f\u00e1cil transporte em qualquer lugar.<\/p>\n<p data-start=\"897\" data-end=\"988\"><strong data-start=\"897\" data-end=\"918\">10 op\u00e7\u00f5es de sabores<\/strong> \u2013 Ampla sele\u00e7\u00e3o de sabores populares para atender a diferentes prefer\u00eancias.<\/p>\n<p data-start=\"990\" data-end=\"1115\"><strong data-start=\"990\" data-end=\"1025\">Desempenho suave e consistente<\/strong> - Fluxo de ar otimizado e sistema de aquecimento garantem aspira\u00e7\u00f5es satisfat\u00f3rias da primeira \u00e0 \u00faltima tragada.<\/p>\n<p data-start=\"1117\" data-end=\"1215\" data-is-last-node=\"\" data-is-only-node=\"\"><strong data-start=\"1117\" data-end=\"1142\">Perfeito para uso di\u00e1rio<\/strong> \u2013 Combina portabilidade, estilo e desempenho confi\u00e1vel em um \u00fanico dispositivo.<\/p>\n<p>&nbsp;<\/p>\n<h2 data-start=\"0\" data-end=\"78\"><strong data-start=\"3\" data-end=\"78\">Lista de sabores descart\u00e1veis \u200b\u200bde Vape QQ Bang 150K Puffs<\/strong><\/h2>\n<p><strong data-start=\"56\" data-end=\"68\">1.Fuji vermelho<\/strong><\/p>\n<p><strong data-start=\"73\" data-end=\"91\">2. Gelo de Morango<\/strong><\/p>\n<p><strong data-start=\"96\" data-end=\"119\">3. Mirtilo Framboesa<\/strong><\/p>\n<p><strong data-start=\"124\" data-end=\"137\">4. Gelo de Uva<\/strong><\/p>\n<p><strong data-start=\"142\" data-end=\"150\">5. P\u00eara<\/strong><\/p>\n<p><strong data-start=\"155\" data-end=\"174\">6. Morango Kiwi<\/strong><\/p>\n<p><strong data-start=\"179\" data-end=\"196\">7. Gelo de mirtilo<\/strong><\/p>\n<p><strong data-start=\"201\" data-end=\"219\">8. Gelo de melancia<\/strong><\/p>\n<p><strong data-start=\"224\" data-end=\"239\">9. Manga P\u00eassego<\/strong><\/p>\n<p><strong data-start=\"244\" data-end=\"259\">10. Frutas Mistas<img loading=\"lazy\" decoding=\"async\" class=\"alignnone wp-image-10252 size-full\" src=\"https:\/\/pgvape.com\/wp-content\/uploads\/2026\/04\/QQ-Bang-150K-Perfume-Style-Disposable-Vape-With-65000-Puffs-And-Fast-Charging-12.png\" alt=\"Tr\u00eas fileiras de quinze frascos vape em tons past\u00e9is com \u00edcones de frutas e r\u00f3tulos de sabores como Red Fuji, Strawberry Ice, Blueberry Raspberry.\" width=\"1500\" height=\"1353\" srcset=\"https:\/\/pgvape.com\/wp-content\/uploads\/2026\/04\/QQ-Bang-150K-Perfume-Style-Disposable-Vape-With-65000-Puffs-And-Fast-Charging-12.png 1500w, https:\/\/pgvape.com\/wp-content\/uploads\/2026\/04\/QQ-Bang-150K-Perfume-Style-Disposable-Vape-With-65000-Puffs-And-Fast-Charging-12-399x360.png 399w, https:\/\/pgvape.com\/wp-content\/uploads\/2026\/04\/QQ-Bang-150K-Perfume-Style-Disposable-Vape-With-65000-Puffs-And-Fast-Charging-12-595x537.png 595w, https:\/\/pgvape.com\/wp-content\/uploads\/2026\/04\/QQ-Bang-150K-Perfume-Style-Disposable-Vape-With-65000-Puffs-And-Fast-Charging-12-400x361.png 400w, https:\/\/pgvape.com\/wp-content\/uploads\/2026\/04\/QQ-Bang-150K-Perfume-Style-Disposable-Vape-With-65000-Puffs-And-Fast-Charging-12-768x693.png 768w, https:\/\/pgvape.com\/wp-content\/uploads\/2026\/04\/QQ-Bang-150K-Perfume-Style-Disposable-Vape-With-65000-Puffs-And-Fast-Charging-12-13x12.png 13w, https:\/\/pgvape.com\/wp-content\/uploads\/2026\/04\/QQ-Bang-150K-Perfume-Style-Disposable-Vape-With-65000-Puffs-And-Fast-Charging-12-600x541.png 600w\" sizes=\"auto, (max-width: 1500px) 100vw, 1500px\" \/><\/strong><\/p>\n<p>&nbsp;<\/p>\n<h2 data-start=\"0\" data-end=\"78\"><strong data-start=\"3\" data-end=\"78\">Perguntas frequentes QQ Bang 150K Puffs Vape descart\u00e1vel<\/strong><\/h2>\n<p data-start=\"45\" data-end=\"208\"><strong data-start=\"45\" data-end=\"89\">\u2753 Quais dosagens de nicotina est\u00e3o dispon\u00edveis?<\/strong><br data-start=\"89\" data-end=\"92\" \/>\u2705 O dispositivo est\u00e1 dispon\u00edvel em <strong data-start=\"121\" data-end=\"156\">Op\u00e7\u00f5es de nicotina 2%, 3% e 5%<\/strong>, permitindo que os usu\u00e1rios escolham sua intensidade preferida.<\/p>\n<p data-start=\"210\" data-end=\"358\"><strong data-start=\"210\" data-end=\"255\">\u2753 Que tipo de sistema de vaporiza\u00e7\u00e3o ele usa?<\/strong><br data-start=\"255\" data-end=\"258\" \/>\u2705 Possui um <strong data-start=\"274\" data-end=\"298\">sistema de sabor \u00fanico<\/strong>, proporcionando uma experi\u00eancia de sabor pura, limpa e consistente.<\/p>\n<p data-start=\"360\" data-end=\"508\"><strong data-start=\"360\" data-end=\"394\">\u2753 Qual \u00e9 a resist\u00eancia da bobina?<\/strong><br data-start=\"394\" data-end=\"397\" \/>\u2705 O dispositivo usa um <strong data-start=\"417\" data-end=\"438\">1.0\u03a9 fio de aquecimento<\/strong>, proporcionando vapor suave, impacto equilibrado na garganta e desempenho est\u00e1vel.<\/p>\n<p data-start=\"510\" data-end=\"625\"><strong data-start=\"510\" data-end=\"544\">\u2753 A bateria \u00e9 recarreg\u00e1vel?<\/strong><br data-start=\"544\" data-end=\"547\" \/>\u2705 Sim, vem com um <strong data-start=\"570\" data-end=\"601\">Bateria recarreg\u00e1vel de 650mAh<\/strong> para uso di\u00e1rio confi\u00e1vel.<\/p>\n<p data-start=\"627\" data-end=\"753\"><strong data-start=\"627\" data-end=\"670\">\u2753 Qual m\u00e9todo de carregamento ele suporta?<\/strong><br data-start=\"670\" data-end=\"673\" \/>\u2705 Suporta <strong data-start=\"687\" data-end=\"711\">Carregamento r\u00e1pido tipo C<\/strong>, permitindo recarga r\u00e1pida e eficiente.<\/p>\n<p data-start=\"755\" data-end=\"893\"><strong data-start=\"755\" data-end=\"784\">\u2753 O aparelho \u00e9 port\u00e1til?<\/strong><br data-start=\"784\" data-end=\"787\" \/>\u2705 Absolutamente. Isso \u00e9 <strong data-start=\"805\" data-end=\"839\">design compacto e leve<\/strong> torna-o f\u00e1cil de transportar e ideal para a vaporiza\u00e7\u00e3o di\u00e1ria.<\/p>\n<p data-start=\"895\" data-end=\"1034\"><strong data-start=\"895\" data-end=\"931\">\u2753 O que torna o design especial?<\/strong><br data-start=\"931\" data-end=\"934\" \/>\u2705 O vape apresenta um estilo <strong data-start=\"964\" data-end=\"989\">design de frasco de perfume<\/strong>, conferindo-lhe uma apar\u00eancia premium e elegante.<\/p>\n<p data-start=\"1036\" data-end=\"1151\"><strong data-start=\"1036\" data-end=\"1073\">\u2753Quantos sabores est\u00e3o dispon\u00edveis?<\/strong><br data-start=\"1073\" data-end=\"1076\" \/>\u2705Entra <strong data-start=\"1090\" data-end=\"1111\">10 op\u00e7\u00f5es de sabores<\/strong>, oferecendo uma variedade de escolhas populares.<\/p>\n<p data-start=\"1153\" data-end=\"1347\" data-is-last-node=\"\" data-is-only-node=\"\"><strong data-start=\"1153\" data-end=\"1192\">\u2753 Por que escolher o QQ Bang 150K Vape?<\/strong><br data-start=\"1192\" data-end=\"1195\" \/>\u2705Combina <strong data-start=\"1209\" data-end=\"1298\">design port\u00e1til, conveni\u00eancia recarreg\u00e1vel, desempenho suave e est\u00e9tica elegante<\/strong>, tornando-o uma excelente escolha para usu\u00e1rios modernos.<\/p>\n<p>&nbsp;<\/p>\n<h3 id=\"brxe-najhln\" class=\"brxe-heading\">Perguntas frequentes (FAQ)<\/h3>\n<div id=\"brxe-rajiac\" class=\"brxe-text\">\n<p><strong>P: Quais m\u00e9todos de pagamento voc\u00ea aceita?<\/strong><br \/>\nR: Aceitamos PayPal, Stripe, transfer\u00eancias banc\u00e1rias (com suporte SEPA), os principais cart\u00f5es de cr\u00e9dito (Visa, MasterCard, American Express) e pagamentos em criptomoedas.<\/p>\n<p><strong>P: Quanto tempo leva a prepara\u00e7\u00e3o do pedido?<\/strong><br \/>\nR: A prepara\u00e7\u00e3o do pedido leva de 1 a 3 dias \u00fateis.<\/p>\n<p><strong>P: Qual \u00e9 o tempo de envio?<\/strong><br \/>\nR: O tempo de envio \u00e9 de 7 a 14 dias \u00fateis, dependendo da sua localiza\u00e7\u00e3o. As mercadorias enviadas de armaz\u00e9ns europeus normalmente levam de 3 a 6 dias \u00fateis para serem entregues.<\/p>\n<p><strong>P: Como posso rastrear meu pedido?<\/strong><br \/>\nR: Ap\u00f3s o envio, voc\u00ea receber\u00e1 um e-mail de confirma\u00e7\u00e3o com um n\u00famero de rastreamento para rastreamento em tempo real.<\/p>\n<p><strong>P: Qual \u00e9 a sua pol\u00edtica de devolu\u00e7\u00e3o?<\/strong><br \/>\nR: Oferecemos uma pol\u00edtica de devolu\u00e7\u00e3o de 30 dias para reembolsos ou trocas. .<\/p>\n<p><strong>P: Haver\u00e1 algum problema alfandeg\u00e1rio?<br \/>\n<\/strong>Lidamos com todos os procedimentos de desembara\u00e7o aduaneiro para garantir uma experi\u00eancia descomplicada para voc\u00ea. .<\/p>\n<p><strong>P: Quais m\u00e9todos de envio s\u00e3o usados?<\/strong><br \/>\nCooperamos com UPS\/DHL\/FEDEX\/DPD, etc. Escolheremos a op\u00e7\u00e3o de envio apropriada dependendo do pa\u00eds de entrega para garantir que voc\u00ea receba seus produtos o mais r\u00e1pido poss\u00edvel.<\/p>\n<p><a href=\"https:\/\/pgvape.com\/pt\/perguntas-frequentes\/\">Clique aqui para mais perguntas frequentes<\/a><\/p>\n<p>Prezados clientes, Se voc\u00ea tiver alguma d\u00favida sobre seu pedido ou a chegada de mercadorias, entre em contato com nosso atendimento ao cliente. Obrigado!<\/p>\n<h3 data-sourcepos=\"73:1-73:21\"><strong data-sourcepos=\"73:7-73:21\">Contate-nos<\/strong><\/h3>\n<div id=\"text-2419739398\" class=\"text\">\n<p><strong data-sourcepos=\"75:3-75:12\">E-mail<\/strong>:\u00a0<a href=\"mailto:support@pgvape.com\"><strong>support@pgvape.com<\/strong><\/a><\/p>\n<p><strong data-sourcepos=\"76:3-76:15\">WhatsApp<\/strong>:\u00a0<a href=\"https:\/\/wa.me\/+8618128481258\"><strong>+86 18128481258<\/strong><\/a><br \/>\n<strong>(Resposta em at\u00e9 24 horas em dias \u00fateis)<\/strong><\/p>\n<\/div>\n<h3><strong>Obrigado por escolher pgvape.com! .<\/strong><\/h3>\n<\/div>","protected":false},"excerpt":{"rendered":"<section class=\"text-token-text-primary w-full focus:outline-none [--shadow-height:45px] has-data-writing-block:pointer-events-none has-data-writing-block:-mt-(--shadow-height) has-data-writing-block:pt-(--shadow-height) [&amp;:has([data-writing-block])&gt;*]:pointer-events-auto [content-visibility:auto] supports-[content-visibility:auto]:[contain-intrinsic-size:auto_100lvh] R6Vx5W_threadScrollVars scroll-mb-[calc(var(--scroll-root-safe-area-inset-bottom,0px)+var(--thread-response-height))] scroll-mt-[calc(var(--header-height)+min(200px,max(70px,20svh)))]\" dir=\"auto\" data-turn-id=\"request-690f3671-88fc-832d-8d9c-73e96f624343-20\" data-testid=\"conversation-turn-32\" data-scroll-anchor=\"false\" data-turn=\"assistant\">\n<div class=\"text-base my-auto mx-auto pb-10 [--thread-content-margin:var(--thread-content-margin-xs,calc(var(--spacing)*4))] @w-sm\/main:[--thread-content-margin:var(--thread-content-margin-sm,calc(var(--spacing)*6))] @w-lg\/main:[--thread-content-margin:var(--thread-content-margin-lg,calc(var(--spacing)*16))] px-(--thread-content-margin)\">\n<div class=\"[--thread-content-max-width:40rem] @w-lg\/main:[--thread-content-max-width:48rem] mx-auto max-w-(--thread-content-max-width) flex-1 group\/turn-messages focus-visible:outline-hidden relative flex w-full min-w-0 flex-col agent-turn\">\n<div class=\"flex max-w-full flex-col gap-4 grow\">\n<div class=\"min-h-8 text-message relative flex w-full flex-col items-end gap-2 text-start break-words whitespace-normal outline-none keyboard-focused:focus-ring [.text-message+&amp;]:mt-1\" dir=\"auto\" tabindex=\"0\" data-message-author-role=\"assistant\" data-message-id=\"f1ebdff0-90bf-4292-934d-1b0711e3864f\" data-message-model-slug=\"gpt-5-3\" data-turn-start-message=\"true\">\n<div class=\"flex w-full flex-col gap-1 empty:hidden\">\n<div class=\"markdown prose dark:prose-invert w-full wrap-break-word light markdown-new-styling\">\n<p data-start=\"0\" data-end=\"32\"><strong data-start=\"0\" data-end=\"32\">QQ Bang 150K Disposable Vape <\/strong>Up to 150,000 puffs in a stylish perfume bottle design that combines elegance with portability. Powered by a 1.0\u03a9 heating wire and 650mAh rechargeable battery for smooth, stable performance. Features Type-C fast charging, multiple nicotine options, and 10 flavor choices.<\/p>\n<\/div>\n<\/div>\n<\/div>\n<\/div>\n<div class=\"z-0 flex min-h-[46px] justify-start\"><\/div>\n<div class=\"mt-3 w-full empty:hidden\">\n<div class=\"text-center\"><\/div>\n<\/div>\n<\/div>\n<\/div>\n<\/section>\n<div class=\"pointer-events-none -mt-px h-px translate-y-[calc(var(--scroll-root-safe-area-inset-bottom)-14*var(--spacing))]\" aria-hidden=\"true\"><\/div>\n","protected":false},"featured_media":10242,"comment_status":"open","ping_status":"closed","template":"","meta":{"_seopress_robots_primary_cat":"","_seopress_titles_title":"","_seopress_titles_desc":"","_seopress_robots_index":""},"product_brand":[516,654],"product_cat":[368,515,653],"product_tag":[370,90,652,656,655],"class_list":{"0":"post-10228","1":"product","2":"type-product","3":"status-publish","4":"has-post-thumbnail","6":"product_brand-disposable-vape","7":"product_brand-qqbang-vape","8":"product_cat-150k-puffs-vape","9":"product_cat-disposable-vape","10":"product_cat-qqbang-vape","11":"product_tag-150k-puffs-vape","12":"product_tag-disposable-vape","13":"product_tag-fast-charging","14":"product_tag-perfume-style","15":"product_tag-qq-bang-150k","17":"first","18":"instock","19":"sale","20":"shipping-taxable","21":"purchasable","22":"product-type-variable"},"_links":{"self":[{"href":"https:\/\/pgvape.com\/pt\/wp-json\/wp\/v2\/product\/10228","targetHints":{"allow":["GET"]}}],"collection":[{"href":"https:\/\/pgvape.com\/pt\/wp-json\/wp\/v2\/product"}],"about":[{"href":"https:\/\/pgvape.com\/pt\/wp-json\/wp\/v2\/types\/product"}],"replies":[{"embeddable":true,"href":"https:\/\/pgvape.com\/pt\/wp-json\/wp\/v2\/comments?post=10228"}],"wp:featuredmedia":[{"embeddable":true,"href":"https:\/\/pgvape.com\/pt\/wp-json\/wp\/v2\/media\/10242"}],"wp:attachment":[{"href":"https:\/\/pgvape.com\/pt\/wp-json\/wp\/v2\/media?parent=10228"}],"wp:term":[{"taxonomy":"product_brand","embeddable":true,"href":"https:\/\/pgvape.com\/pt\/wp-json\/wp\/v2\/product_brand?post=10228"},{"taxonomy":"product_cat","embeddable":true,"href":"https:\/\/pgvape.com\/pt\/wp-json\/wp\/v2\/product_cat?post=10228"},{"taxonomy":"product_tag","embeddable":true,"href":"https:\/\/pgvape.com\/pt\/wp-json\/wp\/v2\/product_tag?post=10228"}],"curies":[{"name":"wp","href":"https:\/\/api.w.org\/{rel}","templated":true}]}}