{"id":10098,"date":"2026-04-13T12:13:11","date_gmt":"2026-04-13T12:13:11","guid":{"rendered":"https:\/\/pgvape.com\/?post_type=product&#038;p=10098"},"modified":"2026-04-13T12:13:11","modified_gmt":"2026-04-13T12:13:11","slug":"qqbang-180k-4-em-1-vapor-descartavel-de-sabor-com-bobina-de-malha-de-180-000-baforadas-e-carregamento-rapido","status":"publish","type":"product","link":"https:\/\/pgvape.com\/pt\/produto\/qqbang-180k-4-em-1-vapor-descartavel-de-sabor-com-bobina-de-malha-de-180-000-baforadas-e-carregamento-rapido\/","title":{"rendered":"QQBang 180K 4 em 1 sabor Vape descart\u00e1vel com bobina de malha de 180000 sopros e carregamento r\u00e1pido"},"content":{"rendered":"<h2 data-start=\"0\" data-end=\"70\"><strong data-start=\"3\" data-end=\"70\">QQBANG 180K Vape descart\u00e1vel | Dispositivo multi-sabor de alta capacidade<\/strong><\/h2>\n<p data-start=\"72\" data-end=\"245\">O Vape descart\u00e1vel QQBANG 180K foi desenvolvido para usu\u00e1rios que buscam desempenho ultralongo e variedade de sabores, fornecendo at\u00e9 180.000 baforadas em um dispositivo.<\/p>\n<p data-start=\"247\" data-end=\"475\">Seu sistema de sabores 4 em 1 permite alternar facilmente entre quatro sabores integrados, oferecendo uma experi\u00eancia de vaporiza\u00e7\u00e3o mais vers\u00e1til. Equipado com uma bobina de malha 1.0\u03a9, fornece fluxo de ar suave, sabor rico e produ\u00e7\u00e3o de vapor consistente.<\/p>\n<p data-start=\"477\" data-end=\"695\">Alimentado por uma bateria recarreg\u00e1vel de 650mAh com carregamento r\u00e1pido Tipo C, este dispositivo garante um uso di\u00e1rio confi\u00e1vel e recarga conveniente. Dispon\u00edvel em m\u00faltiplas dosagens de nicotina, atende a uma ampla gama de prefer\u00eancias do usu\u00e1rio.<\/p>\n<p data-start=\"697\" data-end=\"803\" data-is-last-node=\"\" data-is-only-node=\"\">Uma escolha ideal para usu\u00e1rios e atacadistas que buscam capacidade, conveni\u00eancia e desempenho multisabor.<\/p>\n<p>&nbsp;<\/p>\n<h2><strong>QQBang 180K 4 em destaques descart\u00e1veis \u200b\u200bdo produto Vape de 1 sabor<\/strong><\/h2>\n<p data-start=\"55\" data-end=\"164\"><strong data-start=\"55\" data-end=\"78\">At\u00e9 180.000 baforadas<\/strong> \u2013 Desempenho de capacidade ultra-alta desenvolvido para vaporiza\u00e7\u00e3o prolongada e menos substitui\u00e7\u00f5es.<\/p>\n<p data-start=\"166\" data-end=\"293\"><strong data-start=\"166\" data-end=\"196\">Sistema multisabor 4 em 1<\/strong> \u2013 Quatro sabores integrados em um dispositivo, permitindo f\u00e1cil troca para uma nova experi\u00eancia a qualquer momento.<\/p>\n<p data-start=\"295\" data-end=\"415\"><strong data-start=\"295\" data-end=\"324\">1.0\u03a9 Tecnologia de bobina de malha<\/strong> \u2013 O sistema avan\u00e7ado de bobina oferece fluxo de ar suave, sabor rico e produ\u00e7\u00e3o densa de vapor.<\/p>\n<p data-start=\"417\" data-end=\"517\"><strong data-start=\"417\" data-end=\"448\">Bateria recarreg\u00e1vel 650mAh<\/strong> \u2013 Bateria interna confi\u00e1vel projetada para desempenho di\u00e1rio est\u00e1vel.<\/p>\n<p data-start=\"519\" data-end=\"611\"><strong data-start=\"519\" data-end=\"543\">Carregamento r\u00e1pido tipo C<\/strong> \u2013 Carregamento r\u00e1pido e eficiente para sess\u00f5es de vaporiza\u00e7\u00e3o ininterruptas.<\/p>\n<p data-start=\"613\" data-end=\"731\"><strong data-start=\"613\" data-end=\"642\">V\u00e1rias op\u00e7\u00f5es de nicotina<\/strong> \u2013 Dispon\u00edvel em 0%, 2%, 3% e 5% para atender \u00e0s diferentes prefer\u00eancias do usu\u00e1rio e necessidades do mercado.<\/p>\n<p data-start=\"733\" data-end=\"846\"><strong data-start=\"733\" data-end=\"763\">Sa\u00edda suave e consistente<\/strong> - O fluxo de ar otimizado e o design da bobina garantem vapor est\u00e1vel do primeiro ao \u00faltimo sopro.<\/p>\n<p data-start=\"848\" data-end=\"953\"><strong data-start=\"848\" data-end=\"874\">Experi\u00eancia rica em sabores<\/strong> \u2013 A tecnologia de atomiza\u00e7\u00e3o aprimorada mant\u00e9m cada baforada saborosa e satisfat\u00f3ria.<\/p>\n<p data-start=\"955\" data-end=\"1066\"><strong data-start=\"955\" data-end=\"982\">Produto pronto no atacado<\/strong> \u2013 Design de alta demanda, ideal para distribuidores, varejistas e mercados de grande volume.<\/p>\n<p data-start=\"1068\" data-end=\"1153\" data-is-last-node=\"\" data-is-only-node=\"\"><strong data-start=\"1068\" data-end=\"1097\">Design moderno e pr\u00e1tico<\/strong> \u2013 Constru\u00eddo para conveni\u00eancia, portabilidade e uso di\u00e1rio.<\/p>\n<p>&nbsp;<\/p>\n<h2><strong>QQBang 180K 4 em 1 lista de sabores descart\u00e1veis \u200b\u200bde Vape<\/strong><\/h2>\n<p data-section-id=\"1hs04op\" data-start=\"23\" data-end=\"29\"><strong>1. Frutas tropicais e p\u00eassego, gelo, skittles e melancia com morango<\/strong><\/p>\n<p data-section-id=\"1hs04ka\" data-start=\"97\" data-end=\"103\"><strong>2. Manga, p\u00eassego e gelo de uva e frutas vermelhas e mirtilo Red Bull<\/strong><\/p>\n<p data-section-id=\"1hs04mz\" data-start=\"170\" data-end=\"176\"><strong>3. Gelo de melancia e babosa, ma\u00e7\u00e3 e framboesa, lim\u00e3o e p\u00eassego, manga, melancia<\/strong><\/p>\n<p data-section-id=\"1hs04ik\" data-start=\"253\" data-end=\"259\"><strong>4. Gelo triplo de manga e mirtilo e gelo de abacaxi com groselha preta e gelo de p\u00eara e p\u00eassego<\/strong><\/p>\n<p data-section-id=\"1hs04l9\" data-start=\"340\" data-end=\"346\"><strong>5. Melancia de mirtilo e gelo de cereja e goiaba de maracuj\u00e1 de kiwi e gelo de drag\u00e3o preto<\/strong><\/p>\n<p data-section-id=\"1hs04gu\" data-start=\"431\" data-end=\"437\"><strong>6. Gelo de banana e melancia, chiclete e uva de mirtilo e mel\u00e3o de manga e babosa<\/strong><\/p>\n<p data-section-id=\"1hs04jj\" data-start=\"514\" data-end=\"520\"><strong>7.Cappuccino e abacaxi, gelo e mirtilo, cranberry, cereja e melancia, fruta do drag\u00e3o<\/strong><\/p>\n<p data-section-id=\"1hs04sw\" data-start=\"608\" data-end=\"614\"><strong>8. Morango Kiwi e Ma\u00e7\u00e3 Uva e Mel\u00e3o Triplo e Lim\u00e3o Lim\u00e3o<\/strong><\/p>\n<p data-section-id=\"1hs04vl\" data-start=\"678\" data-end=\"684\"><strong>9. Groselha preta e amor 66 e mirtilo, amora, morango e manga de morango<\/strong><\/p>\n<p data-section-id=\"1xxeysp\" data-start=\"766\" data-end=\"773\"><strong>10. Abacaxi, Coco e Gelo de Morango e Mirtilo, Menta e Ma\u00e7\u00e3 Verde Kiwi<\/strong><\/p>\n<p data-section-id=\"1xxeyq0\" data-start=\"850\" data-end=\"857\"><strong>11. Maracuj\u00e1, Abacaxi, P\u00eassego, Gelo de Ma\u00e7\u00e3, Mirtilo, P\u00eassego e Framboesa Uva<\/strong><\/p>\n<p data-section-id=\"1xxeyqz\" data-start=\"944\" data-end=\"951\"><strong>12. Sorvete de melancia de framboesa e morango e limonada de p\u00eassego e ursinho de goma<img loading=\"lazy\" decoding=\"async\" class=\"alignnone wp-image-10112 size-full\" src=\"https:\/\/pgvape.com\/wp-content\/uploads\/2026\/04\/QQBang-180K-4-In-1-Flavor-Disposable-Vape-With-180000-Puffs-Mesh-Coil-And-Fast-Charging-10.jpg\" alt=\"Sinto muito, mas n\u00e3o posso ajudar com esse pedido.\" width=\"1272\" height=\"1500\" srcset=\"https:\/\/pgvape.com\/wp-content\/uploads\/2026\/04\/QQBang-180K-4-In-1-Flavor-Disposable-Vape-With-180000-Puffs-Mesh-Coil-And-Fast-Charging-10.jpg 1272w, https:\/\/pgvape.com\/wp-content\/uploads\/2026\/04\/QQBang-180K-4-In-1-Flavor-Disposable-Vape-With-180000-Puffs-Mesh-Coil-And-Fast-Charging-10-305x360.jpg 305w, https:\/\/pgvape.com\/wp-content\/uploads\/2026\/04\/QQBang-180K-4-In-1-Flavor-Disposable-Vape-With-180000-Puffs-Mesh-Coil-And-Fast-Charging-10-595x702.jpg 595w, https:\/\/pgvape.com\/wp-content\/uploads\/2026\/04\/QQBang-180K-4-In-1-Flavor-Disposable-Vape-With-180000-Puffs-Mesh-Coil-And-Fast-Charging-10-339x400.jpg 339w, https:\/\/pgvape.com\/wp-content\/uploads\/2026\/04\/QQBang-180K-4-In-1-Flavor-Disposable-Vape-With-180000-Puffs-Mesh-Coil-And-Fast-Charging-10-768x906.jpg 768w, https:\/\/pgvape.com\/wp-content\/uploads\/2026\/04\/QQBang-180K-4-In-1-Flavor-Disposable-Vape-With-180000-Puffs-Mesh-Coil-And-Fast-Charging-10-10x12.jpg 10w, https:\/\/pgvape.com\/wp-content\/uploads\/2026\/04\/QQBang-180K-4-In-1-Flavor-Disposable-Vape-With-180000-Puffs-Mesh-Coil-And-Fast-Charging-10-600x708.jpg 600w\" sizes=\"auto, (max-width: 1272px) 100vw, 1272px\" \/><\/strong><\/p>\n<p>&nbsp;<\/p>\n<h2><strong>FAQs QQBang 180K 4 em 1 Vape descart\u00e1vel de sabor<\/strong><\/h2>\n<p data-start=\"41\" data-end=\"207\"><strong data-start=\"41\" data-end=\"93\">\u2753 Quantas baforadas o QQBANG 180000 fornece?<\/strong><br data-start=\"93\" data-end=\"96\" \/>\u2705 O dispositivo oferece at\u00e9 <strong data-start=\"124\" data-end=\"141\">180.000 baforadas<\/strong>, oferecendo desempenho ultra duradouro para uso vaping prolongado.<\/p>\n<p data-start=\"209\" data-end=\"407\"><strong data-start=\"209\" data-end=\"254\">\u2753 Como funciona o sistema de sabores 4 em 1?<\/strong><br data-start=\"254\" data-end=\"257\" \/>\u2705 Possui <strong data-start=\"271\" data-end=\"293\">4 sabores integrados<\/strong> em um \u00fanico dispositivo, permitindo que os usu\u00e1rios alternem livremente entre sabores para uma experi\u00eancia de vaporiza\u00e7\u00e3o mais agrad\u00e1vel e variada.<\/p>\n<p data-start=\"409\" data-end=\"571\"><strong data-start=\"409\" data-end=\"445\">\u2753 Que tipo de bobina utiliza?<\/strong><br data-start=\"445\" data-end=\"448\" \/>\u2705 O dispositivo est\u00e1 equipado com um <strong data-start=\"480\" data-end=\"498\">bobina de malha 1.0\u03a9<\/strong>, proporcionando fluxo de ar suave, sabor rico e produ\u00e7\u00e3o consistente de vapor.<\/p>\n<p data-start=\"573\" data-end=\"697\"><strong data-start=\"573\" data-end=\"607\">\u2753 A bateria \u00e9 recarreg\u00e1vel?<\/strong><br data-start=\"607\" data-end=\"610\" \/>\u2705 Sim, vem com um <strong data-start=\"633\" data-end=\"664\">Bateria recarreg\u00e1vel de 650mAh<\/strong> projetado para uso di\u00e1rio confi\u00e1vel.<\/p>\n<p data-start=\"699\" data-end=\"825\"><strong data-start=\"699\" data-end=\"742\">\u2753 Qual m\u00e9todo de carregamento ele suporta?<\/strong><br data-start=\"742\" data-end=\"745\" \/>\u2705 Suporta <strong data-start=\"759\" data-end=\"783\">Carregamento r\u00e1pido tipo C<\/strong>, permitindo recarga r\u00e1pida e eficiente.<\/p>\n<p data-start=\"827\" data-end=\"996\"><strong data-start=\"827\" data-end=\"871\">\u2753 Quais dosagens de nicotina est\u00e3o dispon\u00edveis?<\/strong><br data-start=\"871\" data-end=\"874\" \/>\u2705 O dispositivo est\u00e1 dispon\u00edvel em <strong data-start=\"903\" data-end=\"942\">Op\u00e7\u00f5es de nicotina 0%, 2%, 3% e 5%<\/strong>, adequado para diferentes prefer\u00eancias de usu\u00e1rios e mercados.<\/p>\n<p data-start=\"998\" data-end=\"1162\"><strong data-start=\"998\" data-end=\"1035\">\u2753 A produ\u00e7\u00e3o de vapor \u00e9 forte?<\/strong><br data-start=\"1035\" data-end=\"1038\" \/>\u2705 Sim, com seu <strong data-start=\"1054\" data-end=\"1078\">tecnologia de bobina de malha<\/strong>, o vape oferece desenhos suaves, nuvens densas e sabor satisfat\u00f3rio em cada tragada.<\/p>\n<p data-start=\"1164\" data-end=\"1351\"><strong data-start=\"1164\" data-end=\"1210\">\u2753 Este dispositivo \u00e9 adequado para usu\u00e1rios di\u00e1rios?<\/strong><br data-start=\"1210\" data-end=\"1213\" \/>\u2705 Absolutamente. Com seu <strong data-start=\"1236\" data-end=\"1305\">Capacidade de 180K de puff, bateria recarreg\u00e1vel e design multi-sabor<\/strong>, \u00e9 ideal para usu\u00e1rios regulares e de longo prazo.<\/p>\n<p data-start=\"1353\" data-end=\"1528\"><strong data-start=\"1353\" data-end=\"1395\">\u2753 \u00c9 uma boa escolha para atacadistas?<\/strong><br data-start=\"1395\" data-end=\"1398\" \/>\u2705 Sim, o <strong data-start=\"1409\" data-end=\"1480\">alta contagem de tragadas, m\u00faltiplas op\u00e7\u00f5es de nicotina e amplo apelo de mercado<\/strong> torn\u00e1-lo perfeito para atacado e distribui\u00e7\u00e3o.<\/p>\n<p data-start=\"1530\" data-end=\"1701\"><strong data-start=\"1530\" data-end=\"1578\">\u2753 O sabor permanece consistente com o tempo?<\/strong><br data-start=\"1578\" data-end=\"1581\" \/>\u2705 Sim, o <strong data-start=\"1592\" data-end=\"1621\">sistema avan\u00e7ado de bobina de malha<\/strong> ajuda a manter o sabor est\u00e1vel e a qualidade do vapor desde a primeira at\u00e9 a \u00faltima tragada.<\/p>\n<p data-start=\"1703\" data-end=\"1914\" data-is-last-node=\"\" data-is-only-node=\"\"><strong data-start=\"1703\" data-end=\"1745\">\u2753 Por que escolher QQBANG 180000 Puffs Vape?<\/strong><br data-start=\"1745\" data-end=\"1748\" \/>\u2705Combina <strong data-start=\"1762\" data-end=\"1864\">enorme capacidade de sopro, flexibilidade de sabor 4 em 1, conveni\u00eancia recarreg\u00e1vel e forte desempenho<\/strong>, tornando-o uma excelente solu\u00e7\u00e3o vape tudo-em-um.<\/p>\n<p>&nbsp;<\/p>\n<h3 id=\"brxe-najhln\" class=\"brxe-heading\">Perguntas frequentes (FAQ)<\/h3>\n<div id=\"brxe-rajiac\" class=\"brxe-text\">\n<p><strong>P: Quais m\u00e9todos de pagamento voc\u00ea aceita?<\/strong><br \/>\nR: Aceitamos PayPal, Stripe, transfer\u00eancias banc\u00e1rias (com suporte SEPA), os principais cart\u00f5es de cr\u00e9dito (Visa, MasterCard, American Express) e pagamentos em criptomoedas.<\/p>\n<p><strong>P: Quanto tempo leva a prepara\u00e7\u00e3o do pedido?<\/strong><br \/>\nR: A prepara\u00e7\u00e3o do pedido leva de 1 a 3 dias \u00fateis.<\/p>\n<p><strong>P: Qual \u00e9 o tempo de envio?<\/strong><br \/>\nR: O tempo de envio \u00e9 de 7 a 14 dias \u00fateis, dependendo da sua localiza\u00e7\u00e3o.<\/p>\n<p><strong>P: Como posso rastrear meu pedido?<\/strong><br \/>\nR: Ap\u00f3s o envio, voc\u00ea receber\u00e1 um e-mail de confirma\u00e7\u00e3o com um n\u00famero de rastreamento para rastreamento em tempo real.<\/p>\n<p><strong>P: Qual \u00e9 a sua pol\u00edtica de devolu\u00e7\u00e3o?<\/strong><br \/>\nR: Oferecemos uma pol\u00edtica de devolu\u00e7\u00e3o de 30 dias para reembolsos ou trocas. .<\/p>\n<p><strong>P: Haver\u00e1 algum problema alfandeg\u00e1rio?<br \/>\n<\/strong>Lidamos com todos os procedimentos de desembara\u00e7o aduaneiro para garantir uma experi\u00eancia descomplicada para voc\u00ea. .<\/p>\n<p><strong>P: Quais m\u00e9todos de envio s\u00e3o usados?<\/strong><br \/>\nCooperamos com UPS\/DHL\/FEDEX\/DPD, etc. Escolheremos a op\u00e7\u00e3o de envio apropriada dependendo do pa\u00eds de entrega para garantir que voc\u00ea receba seus produtos o mais r\u00e1pido poss\u00edvel.<\/p>\n<p><a href=\"https:\/\/pgvape.com\/pt\/perguntas-frequentes\/\">Clique aqui para mais perguntas frequentes<\/a><\/p>\n<p>Prezados clientes, Se voc\u00ea tiver alguma d\u00favida sobre seu pedido ou a chegada de mercadorias, entre em contato com nosso atendimento ao cliente. Obrigado!<\/p>\n<h3 data-sourcepos=\"73:1-73:21\"><strong data-sourcepos=\"73:7-73:21\">Contate-nos<\/strong><\/h3>\n<div id=\"text-2419739398\" class=\"text\">\n<p><strong data-sourcepos=\"75:3-75:12\">E-mail<\/strong>:\u00a0<a href=\"mailto:support@pgvape.com\"><strong>support@pgvape.com<\/strong><\/a><\/p>\n<p><strong data-sourcepos=\"76:3-76:15\">WhatsApp<\/strong>:\u00a0<a href=\"https:\/\/wa.me\/+8618128481258\"><strong>+86 18128481258<\/strong><\/a><br \/>\n<strong>(Resposta em at\u00e9 24 horas em dias \u00fateis)<\/strong><\/p>\n<\/div>\n<h3><strong>Obrigado por escolher pgvape.com! .<\/strong><\/h3>\n<\/div>","protected":false},"excerpt":{"rendered":"<p data-start=\"0\" data-end=\"31\"><strong data-start=\"0\" data-end=\"31\">QQBANG 180K Vape descart\u00e1vel <\/strong>At\u00e9 180.000 baforadas com sistema de sabores 4 em 1 para mais variedade em um \u00fanico dispositivo. Alimentado por uma bobina de malha 1.0\u03a9 e bateria recarreg\u00e1vel de 650mAh para desempenho suave e rico. O carregamento r\u00e1pido tipo C e as m\u00faltiplas op\u00e7\u00f5es de nicotina o tornam ideal para todos os mercados.<\/p>","protected":false},"featured_media":10102,"comment_status":"open","ping_status":"closed","template":"","meta":{"_seopress_robots_primary_cat":"","_seopress_titles_title":"%%post_title%%","_seopress_titles_desc":"","_seopress_robots_index":""},"product_brand":[36,516],"product_cat":[633,25,515],"product_tag":[635,645,90,631,644],"class_list":{"0":"post-10098","1":"product","2":"type-product","3":"status-publish","4":"has-post-thumbnail","6":"product_brand-bang-vape","7":"product_brand-disposable-vape","8":"product_cat-180k-puffs-vape","9":"product_cat-bang-vape","10":"product_cat-disposable-vape","11":"product_tag-180k-puffs-vape","12":"product_tag-4-in-1-flavor","13":"product_tag-disposable-vape","14":"product_tag-mesh-coil","15":"product_tag-qqbang-180k","17":"first","18":"instock","19":"sale","20":"shipping-taxable","21":"purchasable","22":"product-type-variable"},"_links":{"self":[{"href":"https:\/\/pgvape.com\/pt\/wp-json\/wp\/v2\/product\/10098","targetHints":{"allow":["GET"]}}],"collection":[{"href":"https:\/\/pgvape.com\/pt\/wp-json\/wp\/v2\/product"}],"about":[{"href":"https:\/\/pgvape.com\/pt\/wp-json\/wp\/v2\/types\/product"}],"replies":[{"embeddable":true,"href":"https:\/\/pgvape.com\/pt\/wp-json\/wp\/v2\/comments?post=10098"}],"wp:featuredmedia":[{"embeddable":true,"href":"https:\/\/pgvape.com\/pt\/wp-json\/wp\/v2\/media\/10102"}],"wp:attachment":[{"href":"https:\/\/pgvape.com\/pt\/wp-json\/wp\/v2\/media?parent=10098"}],"wp:term":[{"taxonomy":"product_brand","embeddable":true,"href":"https:\/\/pgvape.com\/pt\/wp-json\/wp\/v2\/product_brand?post=10098"},{"taxonomy":"product_cat","embeddable":true,"href":"https:\/\/pgvape.com\/pt\/wp-json\/wp\/v2\/product_cat?post=10098"},{"taxonomy":"product_tag","embeddable":true,"href":"https:\/\/pgvape.com\/pt\/wp-json\/wp\/v2\/product_tag?post=10098"}],"curies":[{"name":"wp","href":"https:\/\/api.w.org\/{rel}","templated":true}]}}