{"id":10028,"date":"2026-04-11T12:03:57","date_gmt":"2026-04-11T12:03:57","guid":{"rendered":"https:\/\/pgvape.com\/?post_type=product&#038;p=10028"},"modified":"2026-04-11T12:03:57","modified_gmt":"2026-04-11T12:03:57","slug":"stag-bar-6-em-1-vape-descartavel-com-sabor-rotativo-de-180k-com-display-led-de-180-000-baforadas-e-108ml-e-liquido","status":"publish","type":"product","link":"https:\/\/pgvape.com\/pt\/produto\/stag-bar-6-em-1-vape-descartavel-com-sabor-rotativo-de-180k-com-display-led-de-180-000-baforadas-e-108ml-e-liquido\/","title":{"rendered":"Stag Bar 6 em 1 180K sabor rotativo Vape descart\u00e1vel com display LED de 180000 sopros e 108ml E-L\u00edquido"},"content":{"rendered":"<h2 data-start=\"0\" data-end=\"85\"><strong data-start=\"3\" data-end=\"85\">Stag Bar 6 IN 1 180K Vape descart\u00e1vel dispositivo multi-sabor de ultra-alta capacidade<\/strong><\/h2>\n<p data-start=\"0\" data-end=\"85\">O Vape descart\u00e1vel Stag Bar 6 IN 1 180K foi constru\u00eddo para desempenho m\u00e1ximo e uso prolongado, fornecendo at\u00e9 180.000 baforadas com uma enorme capacidade de e-l\u00edquido de 108ml.<\/p>\n<p data-start=\"277\" data-end=\"463\">Seu inovador sistema de sabor rotativo 6 em 1 permite aos usu\u00e1rios alternar facilmente entre sabores, enquanto seis bobinas de malha e resist\u00eancia 1.1\u03a9 fornecem sabor rico, vapor denso e fluxo de ar suave.<\/p>\n<p data-start=\"465\" data-end=\"682\">Alimentado por uma bateria recarreg\u00e1vel de 1000mAh com carregamento r\u00e1pido Tipo C e equipado com um display LED inteligente para monitoramento de bateria e e-l\u00edquido em tempo real, este dispositivo oferece uma experi\u00eancia de vaporiza\u00e7\u00e3o confi\u00e1vel e conveniente.<\/p>\n<p data-start=\"684\" data-end=\"776\" data-is-last-node=\"\" data-is-only-node=\"\">Uma escolha ideal para usu\u00e1rios que buscam uso ultralongo, variedade de sabores e desempenho premium.<strong>Armaz\u00e9m da UE<\/strong>\u00a0com entrega r\u00e1pida e sem taxas alfandeg\u00e1rias.<\/p>\n<p>&nbsp;<\/p>\n<h3 id=\"brxe-najhln\" class=\"brxe-heading\"><\/h3>\n<p data-start=\"684\" data-end=\"776\" data-is-last-node=\"\" data-is-only-node=\"\">\n<h2 data-section-id=\"ovipds\" data-start=\"0\" data-end=\"71\"><span role=\"text\"><strong data-start=\"6\" data-end=\"71\">Destaques descart\u00e1veis \u200b\u200bdo produto de Vape da barra 6in1 180000 sopros do veado<\/strong><\/span><\/h2>\n<p data-start=\"73\" data-end=\"187\"><strong data-start=\"73\" data-end=\"96\">At\u00e9 180.000 baforadas<\/strong> \u2013 Desempenho de capacidade ultra-alta desenvolvido para vaporiza\u00e7\u00e3o duradoura com menos substitui\u00e7\u00f5es.<\/p>\n<p data-start=\"189\" data-end=\"311\"><strong data-start=\"189\" data-end=\"222\">Sistema de sabor rotativo 6 em 1<\/strong> \u2013 Gire facilmente para alternar entre seis sabores a qualquer momento para uma experi\u00eancia de vaporiza\u00e7\u00e3o din\u00e2mica.<\/p>\n<p data-start=\"313\" data-end=\"432\"><strong data-start=\"313\" data-end=\"348\">Enorme capacidade de e-l\u00edquido de 108ml<\/strong> - Distribu\u00eddo por <strong data-start=\"362\" data-end=\"380\">6 tanques de 18ml<\/strong> para uso prolongado e prazer cont\u00ednuo do sabor.<\/p>\n<p data-start=\"434\" data-end=\"550\"><strong data-start=\"434\" data-end=\"462\">Tecnologia de seis bobinas de malha<\/strong> \u2013 O sistema avan\u00e7ado de seis bobinas oferece sabor mais rico, nuvens mais densas e desenhos mais suaves.<\/p>\n<p data-start=\"552\" data-end=\"657\"><strong data-start=\"552\" data-end=\"581\">1.1\u03a9 Resist\u00eancia Otimizada<\/strong> \u2013 Desempenho de fluxo de ar equilibrado para uma inala\u00e7\u00e3o confort\u00e1vel e satisfat\u00f3ria.<\/p>\n<p data-start=\"659\" data-end=\"753\"><strong data-start=\"659\" data-end=\"683\">For\u00e7a da nicotina 2%<\/strong> \u2013 N\u00edvel de nicotina suave e agrad\u00e1vel, projetado para vaporiza\u00e7\u00e3o di\u00e1ria.<\/p>\n<p data-start=\"755\" data-end=\"850\"><strong data-start=\"755\" data-end=\"787\">Bateria recarreg\u00e1vel 1000mAh<\/strong> \u2013 Bateria forte e confi\u00e1vel para desempenho durante todo o dia.<\/p>\n<p data-start=\"852\" data-end=\"931\"><strong data-start=\"852\" data-end=\"876\">Carregamento r\u00e1pido tipo C<\/strong> \u2013 Carregamento r\u00e1pido e eficiente para tempo de inatividade m\u00ednimo.<\/p>\n<p data-start=\"933\" data-end=\"1049\"><strong data-start=\"933\" data-end=\"961\">Tela LED inteligente<\/strong> \u2013 Monitoramento em tempo real do n\u00edvel da bateria e do e-l\u00edquido para melhor controle e conveni\u00eancia.<\/p>\n<p data-start=\"1051\" data-end=\"1159\"><strong data-start=\"1051\" data-end=\"1081\">Sa\u00edda suave e consistente<\/strong> \u2013 Desempenho est\u00e1vel da primeira \u00e0 \u00faltima tragada com entrega de vapor otimizada.<\/p>\n<p data-start=\"1161\" data-end=\"1265\"><strong data-start=\"1161\" data-end=\"1186\">Design Moderno Premium<\/strong> \u2013 Dispositivo elegante de alta capacidade desenvolvido para desempenho e apelo visual.<\/p>\n<p data-start=\"1267\" data-end=\"1344\" data-is-last-node=\"\" data-is-only-node=\"\"><strong data-start=\"1267\" data-end=\"1292\">Envio em armaz\u00e9m da UE<\/strong> \u2013 Entrega r\u00e1pida em toda a Europa sem taxas alfandeg\u00e1rias.<\/p>\n<p>&nbsp;<\/p>\n<h3 id=\"brxe-najhln\" class=\"brxe-heading\"><\/h3>\n<p data-start=\"1267\" data-end=\"1344\" data-is-last-node=\"\" data-is-only-node=\"\">\n<h2 data-section-id=\"ovipds\" data-start=\"0\" data-end=\"71\"><span role=\"text\"><strong data-start=\"6\" data-end=\"71\">Stag Bar 6in1 180000 sopros Vape descart\u00e1vel <\/strong><\/span><span role=\"text\"><strong data-start=\"6\" data-end=\"30\">Lista de edi\u00e7\u00f5es de sabores<\/strong><\/span><\/h2>\n<h3 data-section-id=\"jy3e9\" data-start=\"32\" data-end=\"58\"><span role=\"text\">1. <strong data-start=\"39\" data-end=\"56\">Edi\u00e7\u00e3o de frutas<\/strong><\/span><\/h3>\n<p data-start=\"59\" data-end=\"155\"><strong data-start=\"59\" data-end=\"155\">Gelo de mirtilo e gelo de morango e gelo de melancia e cereja efervescente e p\u00eassego suculento e banana tripla<\/strong><\/p>\n<h3 data-section-id=\"1qyny\" data-start=\"157\" data-end=\"188\"><span role=\"text\">2. <strong data-start=\"164\" data-end=\"186\">Edi\u00e7\u00e3o Melancia<\/strong><\/span><\/h3>\n<p data-start=\"189\" data-end=\"323\"><strong data-start=\"189\" data-end=\"323\">Melancia Gelo e Morango Melancia e Manga P\u00eassego Melancia e Melancia Chupa Chups e Framboesa Melancia e Melancia B-Pop<\/strong><\/p>\n<h3 data-section-id=\"1sm6kdu\" data-start=\"325\" data-end=\"356\"><span role=\"text\">3. <strong data-start=\"332\" data-end=\"354\">Edi\u00e7\u00e3o Morango<\/strong><\/span><\/h3>\n<p data-start=\"357\" data-end=\"482\"><strong data-start=\"357\" data-end=\"482\">Sorvete de Morango e Morango Kiwi e Morango Banana e Morango Melancia e Morango Colada e Chupa Chups de Morango<\/strong><\/p>\n<h3 data-section-id=\"1r4psly\" data-start=\"484\" data-end=\"510\"><span role=\"text\">4. <strong data-start=\"491\" data-end=\"508\">Edi\u00e7\u00e3o Berry<\/strong><\/span><\/h3>\n<p data-start=\"511\" data-end=\"623\"><strong data-start=\"511\" data-end=\"623\">Gelo Razz Azul e Gelo de Mirtilo e Frutas Mistas e Mirtilo Gelo de Framboesa Azeda e Fruta de P\u00eassego e Kiwi Morango<\/strong><\/p>\n<h3 data-section-id=\"253r2g\" data-start=\"625\" data-end=\"657\"><span role=\"text\">5. <strong data-start=\"632\" data-end=\"655\">Edi\u00e7\u00e3o de frutas mistas<\/strong><\/span><\/h3>\n<p data-start=\"658\" data-end=\"796\"><strong data-start=\"658\" data-end=\"796\">Triplo Mel\u00e3o &amp; Sexo Na Praia &amp; P\u00eassego Manga Abacaxi &amp; Morango Framboesa Gelo &amp; Manga P\u00eassego Melancia &amp; Kiwi Maracuj\u00e1 Goiaba<\/strong><\/p>\n<h3 data-section-id=\"18pxcmf\" data-start=\"798\" data-end=\"823\"><span role=\"text\">6. <strong data-start=\"805\" data-end=\"821\">Edi\u00e7\u00e3o Lima<\/strong><\/span><\/h3>\n<p data-start=\"824\" data-end=\"935\"><strong data-start=\"824\" data-end=\"935\">Lim\u00e3o Lim\u00e3o E Morango Kiwi Drag\u00e3o E Fruta Banana Cereja E Abacaxi Mam\u00e3o E Coco Loco &amp; Sexo Na Praia<\/strong><\/p>\n<h3 data-section-id=\"ry7vus\" data-start=\"937\" data-end=\"962\"><span role=\"text\">7. <strong data-start=\"944\" data-end=\"960\">Edi\u00e7\u00e3o legal<\/strong><\/span><\/h3>\n<p data-start=\"963\" data-end=\"1043\"><strong data-start=\"963\" data-end=\"1043\">Cool Mint &amp; Cola Ice &amp; Coco Loco &amp; Watermelon Ice &amp; Cherry Cola &amp; Aloe Grape<\/strong><\/p>\n<h3 data-section-id=\"b9xbv9\" data-start=\"1045\" data-end=\"1071\"><span role=\"text\">8. <strong data-start=\"1052\" data-end=\"1069\">Edi\u00e7\u00e3o Doce<\/strong><\/span><\/h3>\n<p data-start=\"1072\" data-end=\"1182\"><strong data-start=\"1072\" data-end=\"1182\">Love 66 e Chupa Chups de Morango e Chupa Chups de Melancia e Colada de Morango e Frutas Mistas e Cheesecake<\/strong><\/p>\n<h3 data-section-id=\"9zjhpe\" data-start=\"1184\" data-end=\"1210\"><span role=\"text\">9. <strong data-start=\"1191\" data-end=\"1208\">Edi\u00e7\u00e3o Preta<\/strong><\/span><\/h3>\n<p data-start=\"1211\" data-end=\"1330\"><strong data-start=\"1211\" data-end=\"1330\">Black Dragon Ice e Mirtilo Cereja Cranberry e Blue Razz Gelo e Morango Uva e Ma\u00e7\u00e3 Dupla e Lichia Hami Melon<\/strong><\/p>\n<h3 data-section-id=\"19fdcq9\" data-start=\"1332\" data-end=\"1360\"><span role=\"text\">10. <strong data-start=\"1340\" data-end=\"1358\">Edi\u00e7\u00e3o Ex\u00f3tica<\/strong><\/span><\/h3>\n<p data-start=\"1361\" data-end=\"1460\"><strong data-start=\"1361\" data-end=\"1460\">Cereja Cola e Lim\u00e3o e Lim\u00e3o e Black Dragon Ice e Red Bull e Peach Berry e Morango e Framboesa Gelo<img loading=\"lazy\" decoding=\"async\" class=\"alignnone wp-image-10031 size-full\" src=\"https:\/\/pgvape.com\/wp-content\/uploads\/2026\/04\/Stag-Bar-6-In-1-180K-Rotating-Flavor-Disposable-Vape-With-180000-Puffs-LED-Display-And-108ml-E-Liquid-1.jpg\" alt=\"Cartaz verde brilhante anunciando dez edi\u00e7\u00f5es de sabores de uma caneta vaporizadora com dispositivos coloridos e listas de sabores.\" width=\"1500\" height=\"1500\" srcset=\"https:\/\/pgvape.com\/wp-content\/uploads\/2026\/04\/Stag-Bar-6-In-1-180K-Rotating-Flavor-Disposable-Vape-With-180000-Puffs-LED-Display-And-108ml-E-Liquid-1.jpg 1500w, https:\/\/pgvape.com\/wp-content\/uploads\/2026\/04\/Stag-Bar-6-In-1-180K-Rotating-Flavor-Disposable-Vape-With-180000-Puffs-LED-Display-And-108ml-E-Liquid-1-360x360.jpg 360w, https:\/\/pgvape.com\/wp-content\/uploads\/2026\/04\/Stag-Bar-6-In-1-180K-Rotating-Flavor-Disposable-Vape-With-180000-Puffs-LED-Display-And-108ml-E-Liquid-1-595x595.jpg 595w, https:\/\/pgvape.com\/wp-content\/uploads\/2026\/04\/Stag-Bar-6-In-1-180K-Rotating-Flavor-Disposable-Vape-With-180000-Puffs-LED-Display-And-108ml-E-Liquid-1-400x400.jpg 400w, https:\/\/pgvape.com\/wp-content\/uploads\/2026\/04\/Stag-Bar-6-In-1-180K-Rotating-Flavor-Disposable-Vape-With-180000-Puffs-LED-Display-And-108ml-E-Liquid-1-768x768.jpg 768w, https:\/\/pgvape.com\/wp-content\/uploads\/2026\/04\/Stag-Bar-6-In-1-180K-Rotating-Flavor-Disposable-Vape-With-180000-Puffs-LED-Display-And-108ml-E-Liquid-1-12x12.jpg 12w, https:\/\/pgvape.com\/wp-content\/uploads\/2026\/04\/Stag-Bar-6-In-1-180K-Rotating-Flavor-Disposable-Vape-With-180000-Puffs-LED-Display-And-108ml-E-Liquid-1-300x300.jpg 300w, https:\/\/pgvape.com\/wp-content\/uploads\/2026\/04\/Stag-Bar-6-In-1-180K-Rotating-Flavor-Disposable-Vape-With-180000-Puffs-LED-Display-And-108ml-E-Liquid-1-600x600.jpg 600w, https:\/\/pgvape.com\/wp-content\/uploads\/2026\/04\/Stag-Bar-6-In-1-180K-Rotating-Flavor-Disposable-Vape-With-180000-Puffs-LED-Display-And-108ml-E-Liquid-1-100x100.jpg 100w\" sizes=\"auto, (max-width: 1500px) 100vw, 1500px\" \/><\/strong><\/p>\n<p data-start=\"1361\" data-end=\"1460\">\n<h3 class=\"auto-hide-last-sibling-br paragraph-pP9ZLC paragraph-element br-paragraph-space\">Por que escolher o Armaz\u00e9m Europeu PGVape?<\/h3>\n<p>Envio r\u00e1pido: Entrega para a maioria dos pa\u00edses da UE dentro de 3 a 7 dias \u00fateis.<\/p>\n<p>Entrega isenta de impostos: O estoque local da UE garante um envio tranquilo e isento de impostos.<\/p>\n<p>Garantia aut\u00eantica 100%: Genu\u00edna <strong data-start=\"0\" data-end=\"40\">Barra de veado<\/strong><span role=\"text\"><strong data-start=\"4\" data-end=\"60\">\u00a0<\/strong><\/span>cigarros eletr\u00f4nicos de fornecedores certificados.<\/p>\n<p>Estoque Fresco: Armazenado sob condi\u00e7\u00f5es controladas para garantir a qualidade ideal.<\/p>\n<p>Confi\u00e1vel pelos europeus: Milhares de clientes desfrutam de servi\u00e7os de cigarros eletr\u00f4nicos r\u00e1pidos e seguros da PGVape.<\/p>\n<p>&nbsp;<\/p>\n<h3 id=\"brxe-najhln\" class=\"brxe-heading\"><\/h3>\n<p data-start=\"1361\" data-end=\"1460\">\n<h3 data-section-id=\"b3cw2t\" data-start=\"0\" data-end=\"57\"><span role=\"text\"><strong data-start=\"4\" data-end=\"57\">FAQs Stag Bar 6in1 180000 Puffs Vape Descart\u00e1vel<\/strong><\/span><\/h3>\n<p data-start=\"59\" data-end=\"223\"><strong data-start=\"59\" data-end=\"116\">\u2753 Quantas baforadas a Stag Bar 6in1 180K fornece?<\/strong><br data-start=\"116\" data-end=\"119\" \/>\u2705 O dispositivo oferece at\u00e9 <strong data-start=\"147\" data-end=\"164\">180.000 baforadas<\/strong>, oferecendo desempenho ultra duradouro para uso prolongado.<\/p>\n<p data-start=\"225\" data-end=\"362\"><strong data-start=\"225\" data-end=\"267\">\u2753 Qual \u00e9 a for\u00e7a da nicotina?<\/strong><br data-start=\"267\" data-end=\"270\" \/>\u2705Vem com <strong data-start=\"286\" data-end=\"310\">For\u00e7a da nicotina 2%<\/strong>, proporcionando uma experi\u00eancia vaping suave e equilibrada.<\/p>\n<p data-start=\"364\" data-end=\"540\"><strong data-start=\"364\" data-end=\"409\">\u2753 Como funciona o sistema de sabores 6 em 1?<\/strong><br data-start=\"409\" data-end=\"412\" \/>\u2705 O dispositivo possui um <strong data-start=\"436\" data-end=\"462\">sistema rotativo de sabores<\/strong> que permite aos usu\u00e1rios alternar facilmente entre <strong data-start=\"506\" data-end=\"531\">seis sabores diferentes<\/strong> a qualquer momento.<\/p>\n<p data-start=\"542\" data-end=\"678\"><strong data-start=\"542\" data-end=\"584\">\u2753 Qual \u00e9 a capacidade total do e-l\u00edquido?<\/strong><br data-start=\"584\" data-end=\"587\" \/>\u2705 Inclui <strong data-start=\"601\" data-end=\"631\">C\u00e2maras de e-l\u00edquido 6 \u00d7 18mL<\/strong>, proporcionando uma enorme capacidade total de <strong data-start=\"668\" data-end=\"677\">108mL<\/strong>.<\/p>\n<p data-start=\"680\" data-end=\"822\"><strong data-start=\"680\" data-end=\"716\">\u2753 Que tipo de bobina utiliza?<\/strong><br data-start=\"716\" data-end=\"719\" \/>\u2705 Est\u00e1 equipado com <strong data-start=\"741\" data-end=\"759\">seis bobinas de malha<\/strong>, projetado para melhorar a distribui\u00e7\u00e3o de sabor e produzir vapor mais denso.<\/p>\n<p data-start=\"824\" data-end=\"948\"><strong data-start=\"824\" data-end=\"859\">\u2753 Qual \u00e9 o n\u00edvel de resist\u00eancia?<\/strong><br data-start=\"859\" data-end=\"862\" \/>\u2705 O dispositivo usa <strong data-start=\"880\" data-end=\"899\">Resist\u00eancia 1.1\u03a9<\/strong>, garantindo um fluxo de ar suave e uma tra\u00e7\u00e3o confort\u00e1vel.<\/p>\n<p data-start=\"950\" data-end=\"1074\"><strong data-start=\"950\" data-end=\"984\">\u2753 A bateria \u00e9 recarreg\u00e1vel?<\/strong><br data-start=\"984\" data-end=\"987\" \/>\u2705 Sim, possui um <strong data-start=\"1008\" data-end=\"1040\">Bateria recarreg\u00e1vel de 1000mAh<\/strong> para desempenho confi\u00e1vel durante todo o dia.<\/p>\n<p data-start=\"1076\" data-end=\"1202\"><strong data-start=\"1076\" data-end=\"1119\">\u2753 Qual m\u00e9todo de carregamento ele suporta?<\/strong><br data-start=\"1119\" data-end=\"1122\" \/>\u2705 Suporta <strong data-start=\"1136\" data-end=\"1160\">Carregamento r\u00e1pido tipo C<\/strong>, permitindo recarga r\u00e1pida e eficiente.<\/p>\n<p data-start=\"1204\" data-end=\"1339\"><strong data-start=\"1204\" data-end=\"1240\">\u2753 Possui tela?<\/strong><br data-start=\"1240\" data-end=\"1243\" \/>\u2705 Sim, o integrado <strong data-start=\"1263\" data-end=\"1285\">LED display screen<\/strong> mostra o n\u00edvel da bateria e o status do e-l\u00edquido em tempo real.<\/p>\n<p data-start=\"1341\" data-end=\"1499\"><strong data-start=\"1341\" data-end=\"1378\">\u2753 A produ\u00e7\u00e3o de vapor \u00e9 forte?<\/strong><br data-start=\"1378\" data-end=\"1381\" \/>\u2705 Sim, com seu <strong data-start=\"1397\" data-end=\"1443\">seis bobinas de malha e design avan\u00e7ado de fluxo de ar<\/strong>, oferece sabor rico e nuvens densas de forma consistente.<\/p>\n<p data-start=\"1501\" data-end=\"1680\"><strong data-start=\"1501\" data-end=\"1547\">\u2753 Este dispositivo \u00e9 adequado para usu\u00e1rios pesados?<\/strong><br data-start=\"1547\" data-end=\"1550\" \/>\u2705 Absolutamente. Com <strong data-start=\"1569\" data-end=\"1633\">180 mil baforadas, enorme capacidade de e-l\u00edquido e bateria recarreg\u00e1vel<\/strong>, \u00e9 ideal para usu\u00e1rios frequentes e de longo prazo.<\/p>\n<p data-start=\"1682\" data-end=\"1826\" data-is-last-node=\"\" data-is-only-node=\"\"><strong data-start=\"1682\" data-end=\"1719\">\u2753 Is shipping fast within Europe?<\/strong><br data-start=\"1719\" data-end=\"1722\" \/>\u2705 Yes, the product is shipped from an <strong data-start=\"1760\" data-end=\"1776\">Armaz\u00e9m da UE<\/strong>, garantindo <strong data-start=\"1787\" data-end=\"1825\">entrega r\u00e1pida sem taxas alfandeg\u00e1rias<\/strong>.<\/p>\n<p>&nbsp;<\/p>\n<h3 id=\"brxe-najhln\" class=\"brxe-heading\">Perguntas frequentes (FAQ)<\/h3>\n<div id=\"brxe-rajiac\" class=\"brxe-text\">\n<p><strong>P: Quais m\u00e9todos de pagamento voc\u00ea aceita?<\/strong><br \/>\nR: Aceitamos PayPal, Stripe, transfer\u00eancias banc\u00e1rias (com suporte SEPA), os principais cart\u00f5es de cr\u00e9dito (Visa, MasterCard, American Express) e pagamentos em criptomoedas.<\/p>\n<p><strong>P: Quanto tempo leva a prepara\u00e7\u00e3o do pedido?<\/strong><br \/>\nR: A prepara\u00e7\u00e3o do pedido leva de 1 a 3 dias \u00fateis.<\/p>\n<p><strong>P: Qual \u00e9 o tempo de envio?<\/strong><br \/>\nR: O tempo de envio \u00e9 de 7 a 14 dias \u00fateis, dependendo da sua localiza\u00e7\u00e3o.<\/p>\n<p><strong>P: Como posso rastrear meu pedido?<\/strong><br \/>\nR: Ap\u00f3s o envio, voc\u00ea receber\u00e1 um e-mail de confirma\u00e7\u00e3o com um n\u00famero de rastreamento para rastreamento em tempo real.<\/p>\n<p><strong>P: Qual \u00e9 a sua pol\u00edtica de devolu\u00e7\u00e3o?<\/strong><br \/>\nR: Oferecemos uma pol\u00edtica de devolu\u00e7\u00e3o de 30 dias para reembolsos ou trocas. .<\/p>\n<p><strong>P: Haver\u00e1 algum problema alfandeg\u00e1rio?<br \/>\n<\/strong>Lidamos com todos os procedimentos de desembara\u00e7o aduaneiro para garantir uma experi\u00eancia descomplicada para voc\u00ea. .<\/p>\n<p><strong>P: Quais m\u00e9todos de envio s\u00e3o usados?<\/strong><br \/>\nCooperamos com UPS\/DHL\/FEDEX\/DPD, etc. Escolheremos a op\u00e7\u00e3o de envio apropriada dependendo do pa\u00eds de entrega para garantir que voc\u00ea receba seus produtos o mais r\u00e1pido poss\u00edvel.<\/p>\n<p><a href=\"https:\/\/pgvape.com\/pt\/perguntas-frequentes\/\">Clique aqui para mais perguntas frequentes<\/a><\/p>\n<p>Prezados clientes, Se voc\u00ea tiver alguma d\u00favida sobre seu pedido ou a chegada de mercadorias, entre em contato com nosso atendimento ao cliente. Obrigado!<\/p>\n<h3 data-sourcepos=\"73:1-73:21\"><strong data-sourcepos=\"73:7-73:21\">Contate-nos<\/strong><\/h3>\n<div id=\"text-2419739398\" class=\"text\">\n<p><strong data-sourcepos=\"75:3-75:12\">E-mail<\/strong>:\u00a0<a href=\"mailto:support@pgvape.com\"><strong>support@pgvape.com<\/strong><\/a><\/p>\n<p><strong data-sourcepos=\"76:3-76:15\">WhatsApp<\/strong>:\u00a0<a href=\"https:\/\/wa.me\/+8618128481258\"><strong>+86 18128481258<\/strong><\/a><br \/>\n<strong>(Resposta em at\u00e9 24 horas em dias \u00fateis)<\/strong><\/p>\n<\/div>\n<h3><strong>Obrigado por escolher pgvape.com! .<\/strong><\/h3>\n<\/div>","protected":false},"excerpt":{"rendered":"<p data-start=\"0\" data-end=\"40\"><strong data-start=\"0\" data-end=\"40\">Stag Bar 6 em 1 Vape descart\u00e1vel 180K <\/strong>At\u00e9 180.000 baforadas com sistema rotativo de 6 sabores para m\u00e1xima variedade. Alimentado por seis bobinas de malha, capacidade de e-l\u00edquido de 108ml e uma bateria recarreg\u00e1vel de 1000mAh para desempenho ultralongo. O display LED inteligente e o carregamento r\u00e1pido Tipo C proporcionam conveni\u00eancia a cada baforada.<\/p>","protected":false},"featured_media":10034,"comment_status":"open","ping_status":"closed","template":"","meta":{"_seopress_robots_primary_cat":"","_seopress_titles_title":"","_seopress_titles_desc":"","_seopress_robots_index":""},"product_brand":[193,542],"product_cat":[633,515,192,541],"product_tag":[637,635,90,79,636,203,634],"class_list":{"0":"post-10028","1":"product","2":"type-product","3":"status-publish","4":"has-post-thumbnail","6":"product_brand-stag-bar-vape","7":"product_brand-stag-bar-vape-eu","8":"product_cat-180k-puffs-vape","9":"product_cat-disposable-vape","10":"product_cat-stag-bar-vape","11":"product_cat-stag-bar-vape-eu","12":"product_tag-108ml-e-liquid","13":"product_tag-180k-puffs-vape","14":"product_tag-disposable-vape","15":"product_tag-led-display","16":"product_tag-rotating-flavor","17":"product_tag-shipment-from-eu","18":"product_tag-stag-bar-6-in-1-180k","20":"first","21":"instock","22":"sale","23":"shipping-taxable","24":"purchasable","25":"product-type-variable"},"_links":{"self":[{"href":"https:\/\/pgvape.com\/pt\/wp-json\/wp\/v2\/product\/10028","targetHints":{"allow":["GET"]}}],"collection":[{"href":"https:\/\/pgvape.com\/pt\/wp-json\/wp\/v2\/product"}],"about":[{"href":"https:\/\/pgvape.com\/pt\/wp-json\/wp\/v2\/types\/product"}],"replies":[{"embeddable":true,"href":"https:\/\/pgvape.com\/pt\/wp-json\/wp\/v2\/comments?post=10028"}],"wp:featuredmedia":[{"embeddable":true,"href":"https:\/\/pgvape.com\/pt\/wp-json\/wp\/v2\/media\/10034"}],"wp:attachment":[{"href":"https:\/\/pgvape.com\/pt\/wp-json\/wp\/v2\/media?parent=10028"}],"wp:term":[{"taxonomy":"product_brand","embeddable":true,"href":"https:\/\/pgvape.com\/pt\/wp-json\/wp\/v2\/product_brand?post=10028"},{"taxonomy":"product_cat","embeddable":true,"href":"https:\/\/pgvape.com\/pt\/wp-json\/wp\/v2\/product_cat?post=10028"},{"taxonomy":"product_tag","embeddable":true,"href":"https:\/\/pgvape.com\/pt\/wp-json\/wp\/v2\/product_tag?post=10028"}],"curies":[{"name":"wp","href":"https:\/\/api.w.org\/{rel}","templated":true}]}}