{"id":3,"date":"2025-07-09T13:14:25","date_gmt":"2025-07-09T13:14:25","guid":{"rendered":"http:\/\/pgvape.com\/?page_id=3"},"modified":"2025-11-19T08:01:49","modified_gmt":"2025-11-19T08:01:49","slug":"politica-de-privacidade","status":"publish","type":"page","link":"https:\/\/pgvape.com\/pt\/politica-de-privacidade\/","title":{"rendered":"pol\u00edtica de Privacidade"},"content":{"rendered":"<div id=\"text-3414322477\" class=\"text\">\n\t\t\n\n<h1>\ud83d\udcdc Pol\u00edtica de Privacidade<\/h1>\n\t\t\n<style>\n#text-3414322477 {\n  font-size: 1rem;\n  line-height: 1.05;\n  text-align: left;\n  color: rgb(0, 0, 0);\n}\n#text-3414322477 > * {\n  color: rgb(0, 0, 0);\n}\n@media (min-width:550px) {\n  #text-3414322477 {\n    font-size: 1.2rem;\n    line-height: 1.5;\n    text-align: left;\n  }\n}\n@media (min-width:850px) {\n  #text-3414322477 {\n    font-size: 1.5rem;\n    text-align: center;\n  }\n}\n<\/style>\n\t<\/div>\n\t\n\n\n\n<h2 class=\"wp-block-heading\"><\/h2>\n\n\n\n\t<div id=\"text-2533700350\" class=\"text\">\n\t\t\n\n<h3><span style=\"color: #282828;\">Na Pgvape valorizamos a sua confian\u00e7a e temos o compromisso de proteger os seus dados pessoais. .<\/span><\/h3>\n\t\t\n<style>\n#text-2533700350 {\n  font-size: 0.75rem;\n  color: rgb(0, 0, 0);\n}\n#text-2533700350 > * {\n  color: rgb(0, 0, 0);\n}\n@media (min-width:550px) {\n  #text-2533700350 {\n    font-size: 1rem;\n  }\n}\n@media (min-width:850px) {\n  #text-2533700350 {\n    font-size: 1.1rem;\n  }\n}\n<\/style>\n\t<\/div>\n\t\n<div class=\"is-divider divider clearfix\" style=\"max-width:1000px;background-color:rgb(230, 230, 230);\"><\/div>\n\n\t<div id=\"text-616723295\" class=\"text\">\n\t\t\n\n<h3 data-sourcepos=\"7:1-7:27\"><span style=\"color: #000000;\"><strong data-sourcepos=\"7:6-7:25\">O que coletamos<\/strong><\/span><\/h3>\n<p data-sourcepos=\"8:1-8:53\"><span style=\"color: #000000;\">Podemos coletar os seguintes tipos de informa\u00e7\u00f5es:<\/span><\/p>\n<ol data-sourcepos=\"9:1-12:150\">\n<li data-sourcepos=\"9:1-9:163\"><span style=\"color: #000000;\"><strong data-sourcepos=\"9:4-9:28\">Informa\u00e7\u00f5es pessoais<\/strong>: Incluindo seu nome, endere\u00e7o de e-mail, detalhes de envio, informa\u00e7\u00f5es de cobran\u00e7a e n\u00famero de telefone quando voc\u00ea faz uma compra ou entra em contato conosco.<\/span><\/li>\n<li data-sourcepos=\"10:1-10:85\"><span style=\"color: #000000;\"><strong data-sourcepos=\"10:4-10:30\">Dados do pedido e da conta<\/strong>: Hist\u00f3rico de compras, prefer\u00eancias e endere\u00e7os salvos.<\/span><\/li>\n<li data-sourcepos=\"11:1-11:123\"><span style=\"color: #000000;\"><strong data-sourcepos=\"11:4-11:32\">Dados de dispositivo e navega\u00e7\u00e3o<\/strong>: endere\u00e7o IP, tipo de navegador, tipo de dispositivo, p\u00e1ginas visitadas e a\u00e7\u00f5es realizadas em nosso site.<\/span><\/li>\n<li data-sourcepos=\"12:1-12:150\"><span style=\"color: #000000;\"><strong data-sourcepos=\"12:4-12:24\">Verifica\u00e7\u00e3o de idade<\/strong>: Conforme exigido por lei, podemos solicitar a verifica\u00e7\u00e3o da idade para garantir que os clientes atinjam a idade legal para comprar produtos de vaporiza\u00e7\u00e3o.<\/span><\/li>\n<\/ol>\n\t\t\n<style>\n#text-616723295 {\n  font-size: 0.75rem;\n  color: rgb(0, 0, 0);\n}\n#text-616723295 > * {\n  color: rgb(0, 0, 0);\n}\n@media (min-width:550px) {\n  #text-616723295 {\n    font-size: 1rem;\n  }\n}\n@media (min-width:850px) {\n  #text-616723295 {\n    font-size: 1.1rem;\n  }\n}\n<\/style>\n\t<\/div>\n\t\n<div class=\"is-divider divider clearfix\" style=\"max-width:1000px;background-color:rgb(230, 230, 230);\"><\/div>\n\n\t<div id=\"text-788097144\" class=\"text\">\n\t\t\n\n<h3 data-sourcepos=\"16:1-16:39\"><strong><span style=\"color: #000000;\">Como usamos suas informa\u00e7\u00f5es<\/span><\/strong><\/h3>\n<p data-sourcepos=\"17:1-17:30\"><span style=\"color: #000000;\">Usamos suas informa\u00e7\u00f5es para:<\/span><\/p>\n<ol data-sourcepos=\"18:1-23:51\">\n<li data-sourcepos=\"18:1-18:38\"><span style=\"color: #000000;\">Atenda e entregue seus pedidos.<\/span><\/li>\n<li data-sourcepos=\"19:1-19:56\"><span style=\"color: #000000;\">Fornecer suporte ao cliente e responder a perguntas.<\/span><\/li>\n<li data-sourcepos=\"20:1-20:43\"><span style=\"color: #000000;\">Personalize sua experi\u00eancia de compra.<\/span><\/li>\n<li data-sourcepos=\"21:1-21:51\"><span style=\"color: #000000;\">Melhorar nossos servi\u00e7os e desempenho do site.<\/span><\/li>\n<li data-sourcepos=\"22:1-22:93\"><span style=\"color: #000000;\">Envie atualiza\u00e7\u00f5es de pedidos, informa\u00e7\u00f5es promocionais (se ativado) e notifica\u00e7\u00f5es importantes.<\/span><\/li>\n<li data-sourcepos=\"23:1-23:51\"><span style=\"color: #000000;\">Cumprir as obriga\u00e7\u00f5es legais e regulamentares.<\/span><\/li>\n<\/ol>\n\t\t\n<style>\n#text-788097144 {\n  font-size: 0.75rem;\n  color: rgb(0, 0, 0);\n}\n#text-788097144 > * {\n  color: rgb(0, 0, 0);\n}\n@media (min-width:550px) {\n  #text-788097144 {\n    font-size: 1rem;\n  }\n}\n@media (min-width:850px) {\n  #text-788097144 {\n    font-size: 1.1rem;\n  }\n}\n<\/style>\n\t<\/div>\n\t\n<div class=\"is-divider divider clearfix\" style=\"max-width:1000px;background-color:rgb(230, 230, 230);\"><\/div>\n\n\t<div id=\"text-4046666933\" class=\"text\">\n\t\t\n\n<h3 data-sourcepos=\"27:1-27:36\"><span style=\"color: #000000;\"><strong data-sourcepos=\"27:6-27:34\">Como protegemos seus dados<\/strong><\/span><\/h3>\n<h4 data-sourcepos=\"28:1-28:52\"><span style=\"color: #000000;\"><strong>Implementamos fortes medidas de seguran\u00e7a, incluindo:<\/strong><\/span><\/h4>\n<ol data-sourcepos=\"29:1-31:123\">\n<li data-sourcepos=\"29:1-29:62\"><span style=\"color: #000000;\"><strong data-sourcepos=\"29:4-29:22\">Criptografia SSL<\/strong>: Para proteger os dados durante a transmiss\u00e3o.<\/span><\/li>\n<li data-sourcepos=\"30:1-30:114\"><span style=\"color: #000000;\"><strong data-sourcepos=\"30:4-30:54\">Servidores Seguros e Protocolos de Acesso Restrito<\/strong>: Garantir que apenas pessoal autorizado possa acessar seus dados.<\/span><\/li>\n<li data-sourcepos=\"31:1-31:123\"><span style=\"color: #000000;\"><strong data-sourcepos=\"31:4-31:50\">Auditorias regulares de seguran\u00e7a e atualiza\u00e7\u00f5es do sistema<\/strong>: seguindo as pr\u00e1ticas recomendadas do setor para garantir que seus dados permane\u00e7am seguros.<\/span><\/li>\n<\/ol>\n<p data-sourcepos=\"33:1-33:101\"><span style=\"color: #000000;\">Levamos a prote\u00e7\u00e3o de dados muito a s\u00e9rio e tomamos todas as medidas necess\u00e1rias para proteger suas informa\u00e7\u00f5es.<\/span><\/p>\n\t\t\n<style>\n#text-4046666933 {\n  font-size: 0.75rem;\n  color: rgb(0, 0, 0);\n}\n#text-4046666933 > * {\n  color: rgb(0, 0, 0);\n}\n@media (min-width:550px) {\n  #text-4046666933 {\n    font-size: 1rem;\n  }\n}\n@media (min-width:850px) {\n  #text-4046666933 {\n    font-size: 1.1rem;\n  }\n}\n<\/style>\n\t<\/div>\n\t\n<div class=\"is-divider divider clearfix\" style=\"max-width:1000px;background-color:rgb(230, 230, 230);\"><\/div>\n\n\t<div id=\"text-1760357109\" class=\"text\">\n\t\t\n\n<h3 data-sourcepos=\"37:1-37:31\"><span style=\"color: #000000;\"><strong data-sourcepos=\"37:6-37:29\">Compartilhamento de informa\u00e7\u00f5es<\/strong><\/span><\/h3>\n<p data-sourcepos=\"38:1-38:91\"><span style=\"color: #000000;\"><strong>N\u00e3o vendemos os seus dados pessoais.<\/strong><\/span><\/p>\n<ol data-sourcepos=\"39:1-41:60\">\n<li data-sourcepos=\"39:1-39:102\"><span style=\"color: #000000;\"><strong>Provedores de servi\u00e7os confi\u00e1veis:<\/strong> Como gateways de pagamento, parceiros de remessa e plataformas de e-mail.<\/span><\/li>\n<li data-sourcepos=\"40:1-40:67\"><span style=\"color: #000000;\"><strong data-sourcepos=\"40:4-40:44\">\u00d3rg\u00e3os de aplica\u00e7\u00e3o da lei ou reguladores<\/strong>: Se exigido por lei.<\/span><\/li>\n<li data-sourcepos=\"41:1-41:60\"><span style=\"color: #000000;\"><strong data-sourcepos=\"41:4-41:27\">Plataformas de marketing<\/strong>: Somente com o seu consentimento pr\u00e9vio.<\/span><\/li>\n<\/ol>\n\t\t\n<style>\n#text-1760357109 {\n  font-size: 0.75rem;\n  color: rgb(0, 0, 0);\n}\n#text-1760357109 > * {\n  color: rgb(0, 0, 0);\n}\n@media (min-width:550px) {\n  #text-1760357109 {\n    font-size: 1rem;\n  }\n}\n@media (min-width:850px) {\n  #text-1760357109 {\n    font-size: 1.1rem;\n  }\n}\n<\/style>\n\t<\/div>\n\t\n<div class=\"is-divider divider clearfix\" style=\"max-width:1000px;background-color:rgb(230, 230, 230);\"><\/div>\n\n\t<div id=\"text-2596342566\" class=\"text\">\n\t\t\n\n<h3 data-sourcepos=\"45:1-45:32\"><span style=\"color: #000000;\"><strong data-sourcepos=\"45:6-45:30\">Cookies e rastreamento<\/strong><\/span><\/h3>\n<p data-sourcepos=\"46:1-46:39\"><span style=\"color: #000000;\"><strong>Utilizamos Cookies e ferramentas semelhantes para:<\/strong><\/span><\/p>\n<ol data-sourcepos=\"47:1-49:54\">\n<li data-sourcepos=\"47:1-47:45\"><span style=\"color: #000000;\">Habilite funcionalidades essenciais do site.<\/span><\/li>\n<li data-sourcepos=\"48:1-48:40\"><span style=\"color: #000000;\">Analise o tr\u00e1fego e o comportamento do usu\u00e1rio.<\/span><\/li>\n<li data-sourcepos=\"49:1-49:54\"><span style=\"color: #000000;\">Proporcione uma experi\u00eancia de compra mais personalizada.<\/span><\/li>\n<\/ol>\n<p data-sourcepos=\"51:1-51:72\"><span style=\"color: #000000;\">Voc\u00ea pode modificar suas prefer\u00eancias de cookies atrav\u00e9s das configura\u00e7\u00f5es do seu navegador.<\/span><\/p>\n\t\t\n<style>\n#text-2596342566 {\n  font-size: 0.75rem;\n  color: rgb(0, 0, 0);\n}\n#text-2596342566 > * {\n  color: rgb(0, 0, 0);\n}\n@media (min-width:550px) {\n  #text-2596342566 {\n    font-size: 1rem;\n  }\n}\n@media (min-width:850px) {\n  #text-2596342566 {\n    font-size: 1.1rem;\n  }\n}\n<\/style>\n\t<\/div>\n\t\n<div class=\"is-divider divider clearfix\" style=\"max-width:1000px;background-color:rgb(230, 230, 230);\"><\/div>\n\n\t<div id=\"text-1122870547\" class=\"text\">\n\t\t\n\n<h3 data-sourcepos=\"55:1-55:23\"><span style=\"color: #000000;\"><strong data-sourcepos=\"55:6-55:21\">Seus direitos<\/strong><\/span><\/h3>\n<p data-sourcepos=\"56:1-56:69\"><span style=\"color: #000000;\">Dependendo da sua jurisdi\u00e7\u00e3o, voc\u00ea pode ter os seguintes direitos:<\/span><\/p>\n<ol data-sourcepos=\"57:1-60:58\">\n<li data-sourcepos=\"57:1-57:36\"><span style=\"color: #000000;\"><strong data-sourcepos=\"57:4-57:33\">Acesse seus dados pessoais<\/strong>.<\/span><\/li>\n<li data-sourcepos=\"58:1-58:41\"><span style=\"color: #000000;\"><strong data-sourcepos=\"58:4-58:38\">Solicitar corre\u00e7\u00f5es ou atualiza\u00e7\u00f5es<\/strong>.<\/span><\/li>\n<li data-sourcepos=\"59:1-59:47\"><span style=\"color: #000000;\"><strong data-sourcepos=\"59:4-59:44\">Solicite a exclus\u00e3o de suas informa\u00e7\u00f5es<\/strong>.<\/span><\/li>\n<li data-sourcepos=\"60:1-60:58\"><span style=\"color: #000000;\"><strong data-sourcepos=\"60:4-60:55\">Desative as comunica\u00e7\u00f5es de marketing a qualquer momento<\/strong>.<\/span><\/li>\n<\/ol>\n<p data-sourcepos=\"62:1-62:73\"><span style=\"color: #000000;\">Para exercer estes direitos, por favor contacte-nos em <strong data-sourcepos=\"62:48-62:70\"><a style=\"color: #000000;\" href=\"mailto:support@pgvape.com\" data-sentry-component=\"CustomLink\" data-sentry-source-file=\"index.tsx\">support@pgvape.com<\/a><\/strong>.<\/span><\/p>\n\t\t\n<style>\n#text-1122870547 {\n  font-size: 0.75rem;\n  color: rgb(0, 0, 0);\n}\n#text-1122870547 > * {\n  color: rgb(0, 0, 0);\n}\n@media (min-width:550px) {\n  #text-1122870547 {\n    font-size: 1rem;\n  }\n}\n@media (min-width:850px) {\n  #text-1122870547 {\n    font-size: 1.1rem;\n  }\n}\n<\/style>\n\t<\/div>\n\t\n<div class=\"is-divider divider clearfix\" style=\"max-width:1000px;background-color:rgb(230, 230, 230);\"><\/div>\n\n\t<div id=\"text-855667792\" class=\"text\">\n\t\t\n\n<h3 data-sourcepos=\"66:1-66:31\"><span style=\"color: #000000;\"><strong data-sourcepos=\"66:6-66:29\">Usu\u00e1rios internacionais<\/strong><\/span><\/h3>\n<p><strong><span style=\"color: #000000;\">Ao acessar nosso site de fora do seu pa\u00eds, voc\u00ea concorda com a transfer\u00eancia e o processamento de suas informa\u00e7\u00f5es de acordo com esta pol\u00edtica e com as leis locais aplic\u00e1veis.<\/span><\/strong><\/p>\n\t\t\n<style>\n#text-855667792 {\n  font-size: 0.75rem;\n  color: rgb(2, 0, 0);\n}\n#text-855667792 > * {\n  color: rgb(2, 0, 0);\n}\n@media (min-width:550px) {\n  #text-855667792 {\n    font-size: 1rem;\n  }\n}\n@media (min-width:850px) {\n  #text-855667792 {\n    font-size: 1.1rem;\n  }\n}\n<\/style>\n\t<\/div>\n\t\n<div class=\"is-divider divider clearfix\" style=\"max-width:1000px;background-color:rgb(230, 230, 230);\"><\/div>\n\n\t<div id=\"text-1263037212\" class=\"text\">\n\t\t\n\n<h3 data-sourcepos=\"71:1-71:34\"><span style=\"color: #000000;\"><strong data-sourcepos=\"71:6-71:32\">Mudan\u00e7as nesta pol\u00edtica<\/strong><\/span><\/h3>\n<p data-sourcepos=\"72:1-72:221\"><span style=\"color: #000000;\"><strong>Poderemos atualizar esta pol\u00edtica de privacidade para refletir altera\u00e7\u00f5es nas nossas pr\u00e1ticas ou requisitos legais. .<\/strong><\/span><\/p>\n\t\t\n<style>\n#text-1263037212 {\n  font-size: 0.75rem;\n  color: rgb(0, 0, 0);\n}\n#text-1263037212 > * {\n  color: rgb(0, 0, 0);\n}\n@media (min-width:550px) {\n  #text-1263037212 {\n    font-size: 1rem;\n  }\n}\n@media (min-width:850px) {\n  #text-1263037212 {\n    font-size: 1.1rem;\n  }\n}\n<\/style>\n\t<\/div>\n\t\n<div class=\"is-divider divider clearfix\" style=\"max-width:1000px;background-color:rgb(230, 230, 230);\"><\/div>\n\n\t<div id=\"text-1170593052\" class=\"text\">\n\t\t\n\n<h3 data-sourcepos=\"76:1-76:22\"><span style=\"color: #000000;\"><strong data-sourcepos=\"76:6-76:20\">Contate-nos<\/strong><\/span><\/h3>\n<p data-sourcepos=\"77:1-77:90\"><span style=\"color: #000000;\">Se voc\u00ea tiver alguma d\u00favida, preocupa\u00e7\u00e3o ou solicita\u00e7\u00e3o relacionada a dados, entre em contato com nossa equipe:<\/span><\/p>\n<ul data-sourcepos=\"78:1-79:33\">\n<li data-sourcepos=\"78:1-78:34\">\n<h4><span style=\"color: #000000;\"><strong data-sourcepos=\"78:3-78:12\">E-mail<\/strong>:<span style=\"color: #0000ff;\">\u00a0<a style=\"color: #0000ff;\" href=\"\/pt\/support@pgvape.com\/\" data-sentry-component=\"CustomLink\" data-sentry-source-file=\"index.tsx\">support@pgvape.com<\/a><\/span><\/span><\/h4>\n<\/li>\n<li data-sourcepos=\"79:1-79:33\">\n<h4><span style=\"color: #000000;\"><strong data-sourcepos=\"79:3-79:15\">WhatsApp<\/strong>: <span style=\"color: #00ff00;\"><a style=\"color: #00ff00;\" href=\"https:\/\/wa.me\/+8618128481258\">+8618128481258<\/a><\/span><\/span><\/h4>\n<\/li>\n<\/ul>\n<p data-sourcepos=\"81:1-81:84\"><span style=\"color: #000000;\">Estamos sempre aqui para ajudar e responderemos dentro de 24 horas durante os dias \u00fateis.<\/span><\/p>\n\t\t\n<style>\n#text-1170593052 {\n  font-size: 0.75rem;\n  color: rgb(0, 0, 0);\n}\n#text-1170593052 > * {\n  color: rgb(0, 0, 0);\n}\n@media (min-width:550px) {\n  #text-1170593052 {\n    font-size: 1rem;\n  }\n}\n@media (min-width:850px) {\n  #text-1170593052 {\n    font-size: 1.1rem;\n  }\n}\n<\/style>\n\t<\/div>\n\t\n<div class=\"is-divider divider clearfix\" style=\"max-width:1000px;background-color:rgb(230, 230, 230);\"><\/div>\n\n\t<div id=\"text-920994009\" class=\"text\">\n\t\t\n\n<p><span style=\"color: #000000;\">Obrigado por escolher <strong data-sourcepos=\"85:24-85:34\">Pgvape<\/strong>. .<\/span><\/p>\n\t\t\n<style>\n#text-920994009 {\n  font-size: 0.75rem;\n  color: rgb(0, 0, 0);\n}\n#text-920994009 > * {\n  color: rgb(0, 0, 0);\n}\n@media (min-width:550px) {\n  #text-920994009 {\n    font-size: 1rem;\n  }\n}\n@media (min-width:850px) {\n  #text-920994009 {\n    font-size: 1.2rem;\n  }\n}\n<\/style>\n\t<\/div>","protected":false},"excerpt":{"rendered":"","protected":false},"author":1,"featured_media":0,"parent":0,"menu_order":0,"comment_status":"closed","ping_status":"open","template":"","meta":{"_seopress_robots_primary_cat":"","_seopress_titles_title":"","_seopress_titles_desc":"","_seopress_robots_index":"","footnotes":""},"class_list":["post-3","page","type-page","status-publish","hentry"],"_links":{"self":[{"href":"https:\/\/pgvape.com\/pt\/wp-json\/wp\/v2\/pages\/3","targetHints":{"allow":["GET"]}}],"collection":[{"href":"https:\/\/pgvape.com\/pt\/wp-json\/wp\/v2\/pages"}],"about":[{"href":"https:\/\/pgvape.com\/pt\/wp-json\/wp\/v2\/types\/page"}],"author":[{"embeddable":true,"href":"https:\/\/pgvape.com\/pt\/wp-json\/wp\/v2\/users\/1"}],"replies":[{"embeddable":true,"href":"https:\/\/pgvape.com\/pt\/wp-json\/wp\/v2\/comments?post=3"}],"version-history":[{"count":0,"href":"https:\/\/pgvape.com\/pt\/wp-json\/wp\/v2\/pages\/3\/revisions"}],"wp:attachment":[{"href":"https:\/\/pgvape.com\/pt\/wp-json\/wp\/v2\/media?parent=3"}],"curies":[{"name":"wp","href":"https:\/\/api.w.org\/{rel}","templated":true}]}}