{"id":18,"date":"2025-07-11T13:22:06","date_gmt":"2025-07-11T13:22:06","guid":{"rendered":"https:\/\/pgvape.com\/?page_id=18"},"modified":"2025-11-19T07:58:14","modified_gmt":"2025-11-19T07:58:14","slug":"reembolso_devolucoes","status":"publish","type":"page","link":"https:\/\/pgvape.com\/pt\/reembolso_devolucoes\/","title":{"rendered":"Pol\u00edtica de Reembolso e Devolu\u00e7\u00f5es"},"content":{"rendered":"<div id=\"text-1554745139\" class=\"text\">\n\t\t\n\n<h1 data-sourcepos=\"5:1-5:34\">\ud83d\udcddPol\u00edtica de reembolso e devolu\u00e7\u00e3o<\/h1>\n\t\t\n<style>\n#text-1554745139 {\n  text-align: center;\n}\n<\/style>\n\t<\/div>\n\t\n<div class=\"is-divider divider clearfix\" style=\"margin-top:15px;margin-bottom:15px;max-width:1000px;background-color:rgb(179, 179, 179);\"><\/div>\n\n\t<div id=\"text-519431463\" class=\"text\">\n\t\t\n\n<h3>Na pgvape.com, a satisfa\u00e7\u00e3o do cliente \u00e9 nossa principal prioridade. .<\/h3>\n\t\t\n<style>\n#text-519431463 {\n  font-size: 0.9rem;\n}\n@media (min-width:550px) {\n  #text-519431463 {\n    font-size: 1rem;\n  }\n}\n<\/style>\n\t<\/div>\n\t\n<div class=\"is-divider divider clearfix\" style=\"margin-top:15px;margin-bottom:15px;max-width:1000px;background-color:rgb(179, 179, 179);\"><\/div>\n\n\t<div id=\"text-1695664540\" class=\"text\">\n\t\t\n\n<h2>\ud83d\udea8 Cancelamento de pedido<\/h2>\n\t\t\n<style>\n#text-1695664540 {\n  font-size: 0.9rem;\n  color: rgb(0, 0, 0);\n}\n#text-1695664540 > * {\n  color: rgb(0, 0, 0);\n}\n@media (min-width:550px) {\n  #text-1695664540 {\n    font-size: 1rem;\n  }\n}\n<\/style>\n\t<\/div>\n\t\n\t<div id=\"text-1416145097\" class=\"text\">\n\t\t\n\n<h3><strong data-sourcepos=\"15:4-15:27\">Pol\u00edtica de Cancelamento<\/strong>:<\/h3>\n<p>Voc\u00ea pode cancelar seu pedido dentro\u00a0<strong data-sourcepos=\"16:39-16:51\">24 horas<\/strong>\u00a0de compra e receba um\u00a0<strong data-sourcepos=\"16:78-16:93\">reembolso total<\/strong>.<\/p>\n<p>Caso o pedido j\u00e1 tenha sido processado ou enviado, o cancelamento n\u00e3o ser\u00e1 poss\u00edvel.<\/p>\n\t\t\n<style>\n#text-1416145097 {\n  font-size: 0.9rem;\n  color: rgb(0, 0, 0);\n}\n#text-1416145097 > * {\n  color: rgb(0, 0, 0);\n}\n@media (min-width:550px) {\n  #text-1416145097 {\n    font-size: 1rem;\n  }\n}\n<\/style>\n\t<\/div>\n\t\n\t<div id=\"text-3070699785\" class=\"text\">\n\t\t\n\n<h3><strong data-sourcepos=\"19:4-19:28\">Processo de cancelamento<\/strong>:<\/h3>\n<p>Entre em contato com nossa equipe de suporte ao cliente o mais r\u00e1pido poss\u00edvel para enviar sua solicita\u00e7\u00e3o de cancelamento:<\/p>\n<p><strong data-sourcepos=\"21:8-21:17\">E-mail<\/strong>: support@pgvape.com<\/p>\n<p><strong data-sourcepos=\"22:8-22:20\">WhatsApp<\/strong>: +8613480381755<\/p>\n\t\t\n<style>\n#text-3070699785 {\n  font-size: 0.9rem;\n}\n@media (min-width:550px) {\n  #text-3070699785 {\n    font-size: 1rem;\n  }\n}\n<\/style>\n\t<\/div>\n\t\n<div class=\"is-divider divider clearfix\" style=\"margin-top:15px;margin-bottom:15px;max-width:1000px;background-color:rgb(179, 179, 179);\"><\/div>\n\n\t<div id=\"text-3673404609\" class=\"text\">\n\t\t\n\n<h2 data-sourcepos=\"26:1-26:40\">\ud83d\udce6\u00a0<strong data-sourcepos=\"26:7-26:40\">Elegibilidade para reembolso e devolu\u00e7\u00e3o<\/strong><\/h2>\n\t\t\n<style>\n#text-3673404609 {\n  font-size: 0.9rem;\n  color: rgb(0, 0, 0);\n}\n#text-3673404609 > * {\n  color: rgb(0, 0, 0);\n}\n@media (min-width:550px) {\n  #text-3673404609 {\n    font-size: 1rem;\n  }\n}\n<\/style>\n\t<\/div>\n\t\n\t<div id=\"text-19501036\" class=\"text\">\n\t\t\n\n<h3><strong data-sourcepos=\"28:4-28:30\">1.Condi\u00e7\u00f5es de elegibilidade<\/strong>:<\/h3>\n<p>Se as mercadorias recebidas forem\u00a0<strong data-sourcepos=\"29:32-29:43\">danificado<\/strong>\u00a0ou\u00a0<strong data-sourcepos=\"29:47-29:60\">defeituoso<\/strong>, voc\u00ea pode solicitar um reembolso ou troca.<\/p>\n<p>As devolu\u00e7\u00f5es est\u00e3o sujeitas aos seguintes requisitos:<\/p>\n<p>O produto deve ser\u00a0<strong data-sourcepos=\"31:28-31:38\">n\u00e3o utilizado<\/strong>\u00a0e em sua embalagem original.<\/p>\n<p>Deve ser fornecido um comprovante de compra (n\u00famero do pedido ou recibo, etc.).<\/p>\n<p>As solicita\u00e7\u00f5es de devolu\u00e7\u00e3o dever\u00e3o ser feitas dentro\u00a0<strong data-sourcepos=\"33:44-33:56\">48 horas<\/strong>\u00a0de receber o produto.<\/p>\n\t\t\n<style>\n#text-19501036 {\n  font-size: 0.9rem;\n  color: rgb(0, 0, 0);\n}\n#text-19501036 > * {\n  color: rgb(0, 0, 0);\n}\n@media (min-width:550px) {\n  #text-19501036 {\n    font-size: 1rem;\n  }\n}\n<\/style>\n\t<\/div>\n\t\n\t<div id=\"text-34116757\" class=\"text\">\n\t\t\n\n<h3><strong data-sourcepos=\"35:4-35:28\">2. Itens n\u00e3o reembols\u00e1veis<\/strong>:<\/h3>\n<p>Cart\u00f5es-presente.<\/p>\n<p>Itens marcados como \u201cVenda Final\u201d.<\/p>\n<p>Produtos devolvidos mais de 48 horas ap\u00f3s a entrega.<\/p>\n<p>Taxas de envio: As despesas de envio para devolu\u00e7\u00f5es n\u00e3o ser\u00e3o reembolsadas e ser\u00e3o deduzidas do valor do reembolso.<\/p>\n\t\t\n<style>\n#text-34116757 {\n  font-size: 0.9rem;\n  color: rgb(0, 0, 0);\n}\n#text-34116757 > * {\n  color: rgb(0, 0, 0);\n}\n@media (min-width:550px) {\n  #text-34116757 {\n    font-size: 1rem;\n  }\n}\n<\/style>\n\t<\/div>\n\t\n<div class=\"is-divider divider clearfix\" style=\"margin-top:15px;margin-bottom:15px;max-width:1000px;background-color:rgb(179, 179, 179);\"><\/div>\n\n\t<div id=\"text-3907867499\" class=\"text\">\n\t\t\n\n<h2 data-sourcepos=\"43:1-43:25\">\ud83d\udd0d\u00a0<strong data-sourcepos=\"43:7-43:25\">Processo de devolu\u00e7\u00e3o<\/strong><\/h2>\n\t\t\n<style>\n#text-3907867499 {\n  font-size: 0.9rem;\n  color: rgb(0, 0, 0);\n}\n#text-3907867499 > * {\n  color: rgb(0, 0, 0);\n}\n@media (min-width:550px) {\n  #text-3907867499 {\n    font-size: 1rem;\n  }\n}\n<\/style>\n\t<\/div>\n\t\n\t<div id=\"text-3417341751\" class=\"text\">\n\t\t\n\n<h3><strong data-sourcepos=\"45:4-45:32\">1.Entre em contato com o suporte ao cliente<\/strong>:<\/h3>\n<p>Envie sua solicita\u00e7\u00e3o de devolu\u00e7\u00e3o para: support@pgvape.com<\/p>\n<p>Forne\u00e7a o n\u00famero do pedido, uma descri\u00e7\u00e3o do problema e fotos ou v\u00eddeos relevantes.<\/p>\n\t\t\n<style>\n#text-3417341751 {\n  font-size: 0.9rem;\n  color: rgb(0, 0, 0);\n}\n#text-3417341751 > * {\n  color: rgb(0, 0, 0);\n}\n@media (min-width:550px) {\n  #text-3417341751 {\n    font-size: 1rem;\n  }\n}\n<\/style>\n\t<\/div>\n\t\n\t<div id=\"text-2570997680\" class=\"text\">\n\t\t\n\n<h3><strong data-sourcepos=\"49:4-49:21\">2.Autoriza\u00e7\u00e3o<\/strong>:<\/h3>\n<p>Nossa equipe de suporte avaliar\u00e1 sua solicita\u00e7\u00e3o e fornecer\u00e1 autoriza\u00e7\u00e3o de devolu\u00e7\u00e3o junto com instru\u00e7\u00f5es detalhadas.<\/p>\n<p><strong data-sourcepos=\"51:6-51:14\">Observa\u00e7\u00e3o<\/strong>: Devolu\u00e7\u00f5es n\u00e3o aprovadas n\u00e3o ser\u00e3o processadas.<\/p>\n\t\t\n<style>\n#text-2570997680 {\n  font-size: 0.9rem;\n  color: rgb(0, 0, 0);\n}\n#text-2570997680 > * {\n  color: rgb(0, 0, 0);\n}\n@media (min-width:550px) {\n  #text-2570997680 {\n    font-size: 1rem;\n  }\n}\n<\/style>\n\t<\/div>\n\t\n\t<div id=\"text-3872150278\" class=\"text\">\n\t\t\n\n<h3><strong data-sourcepos=\"53:4-53:33\">3.Envie o produto devolvido<\/strong>:<\/h3>\n<p>Use um m\u00e9todo de envio rastre\u00e1vel para enviar o produto para o endere\u00e7o fornecido.<\/p>\n<p>Certifique-se de que o produto esteja embalado com seguran\u00e7a.<\/p>\n\t\t\n<style>\n#text-3872150278 {\n  font-size: 0.9rem;\n  color: rgb(0, 0, 0);\n}\n#text-3872150278 > * {\n  color: rgb(0, 0, 0);\n}\n@media (min-width:550px) {\n  #text-3872150278 {\n    font-size: 1rem;\n  }\n}\n<\/style>\n\t<\/div>\n\t\n\t<div id=\"text-1965519316\" class=\"text\">\n\t\t\n\n<h3><strong data-sourcepos=\"57:4-57:33\">4.Inspe\u00e7\u00e3o e Processamento<\/strong>:<\/h3>\n<p>Ap\u00f3s receber o produto devolvido, iremos inspecion\u00e1-lo e notific\u00e1-lo da aprova\u00e7\u00e3o ou rejei\u00e7\u00e3o do seu reembolso ou troca.<\/p>\n\t\t\n<style>\n#text-1965519316 {\n  font-size: 0.9rem;\n  color: rgb(0, 0, 0);\n}\n#text-1965519316 > * {\n  color: rgb(0, 0, 0);\n}\n@media (min-width:550px) {\n  #text-1965519316 {\n    font-size: 1rem;\n  }\n}\n<\/style>\n\t<\/div>\n\t\n<div class=\"is-divider divider clearfix\" style=\"margin-top:15px;margin-bottom:15px;max-width:1000px;background-color:rgb(179, 179, 179);\"><\/div>\n\n\t<div id=\"text-1791410390\" class=\"text\">\n\t\t\n\n<h2 data-sourcepos=\"62:1-62:32\">\ud83d\udcb3\u00a0<strong data-sourcepos=\"62:7-62:32\">Reembolsos e Trocas<\/strong><\/h2>\n\t\t\n<style>\n#text-1791410390 {\n  font-size: 0.9rem;\n  color: rgb(0, 0, 0);\n}\n#text-1791410390 > * {\n  color: rgb(0, 0, 0);\n}\n@media (min-width:550px) {\n  #text-1791410390 {\n    font-size: 1rem;\n  }\n}\n<\/style>\n\t<\/div>\n\t\n\t<div id=\"text-1060294594\" class=\"text\">\n\t\t\n\n<h3><strong data-sourcepos=\"64:4-64:15\">1. Reembolsos<\/strong>:<\/h3>\n<p>Se sua devolu\u00e7\u00e3o for aprovada, o reembolso ser\u00e1 processado de volta para o m\u00e9todo de pagamento original.<\/p>\n<p>Bancos ou empresas de cart\u00e3o de cr\u00e9dito podem exigir mais tempo para processar o reembolso.<\/p>\n\t\t\n<style>\n#text-1060294594 {\n  font-size: 0.9rem;\n  color: rgb(8, 3, 3);\n}\n#text-1060294594 > * {\n  color: rgb(8, 3, 3);\n}\n@media (min-width:550px) {\n  #text-1060294594 {\n    font-size: 1rem;\n  }\n}\n<\/style>\n\t<\/div>\n\t\n\t<div id=\"text-4118681736\" class=\"text\">\n\t\t\n\n<h3><strong data-sourcepos=\"68:4-68:17\">2.Trocas<\/strong>:<\/h3>\n<p>Se voc\u00ea for aprovado para uma troca, enviaremos um produto de substitui\u00e7\u00e3o gratuitamente.<\/p>\n\t\t\n<style>\n#text-4118681736 {\n  font-size: 0.9rem;\n  color: rgb(0, 0, 0);\n}\n#text-4118681736 > * {\n  color: rgb(0, 0, 0);\n}\n@media (min-width:550px) {\n  #text-4118681736 {\n    font-size: 1rem;\n  }\n}\n<\/style>\n\t<\/div>\n\t\n<div class=\"is-divider divider clearfix\" style=\"margin-top:15px;margin-bottom:15px;max-width:1000px;background-color:rgb(179, 179, 179);\"><\/div>\n\n\t<div id=\"text-3630965750\" class=\"text\">\n\t\t\n\n<h2 data-sourcepos=\"73:1-73:21\">\ud83d\udce8\u00a0<strong data-sourcepos=\"73:7-73:21\">Contate-nos<\/strong><\/h2>\n\t\t\n<style>\n#text-3630965750 {\n  font-size: 0.9rem;\n  color: rgb(0, 0, 0);\n}\n#text-3630965750 > * {\n  color: rgb(0, 0, 0);\n}\n@media (min-width:550px) {\n  #text-3630965750 {\n    font-size: 1rem;\n  }\n}\n<\/style>\n\t<\/div>\n\t\n\t<div id=\"text-4017163083\" class=\"text\">\n\t\t\n\n<h3><strong data-sourcepos=\"75:3-75:12\">E-mail<\/strong>:<span style=\"color: #0000ff;\"><a style=\"color: #0000ff;\" href=\"\/pt\/support@pgvape.com\/\">support@pgvape.com<\/a><\/span><\/h3>\n<h3><strong data-sourcepos=\"76:3-76:15\">WhatsApp<\/strong>: <span style=\"color: #00ff00;\"><a style=\"color: #00ff00;\" href=\"https:\/\/wa.me\/+8618128481258\">+8618128481258<\/a><\/span><br \/>(Resposta em at\u00e9 24 horas em dias \u00fateis)<\/h3>\n<p>\u00a0<\/p>\n\t\t\n<style>\n#text-4017163083 {\n  font-size: 0.9rem;\n  color: rgb(0, 0, 0);\n}\n#text-4017163083 > * {\n  color: rgb(0, 0, 0);\n}\n@media (min-width:550px) {\n  #text-4017163083 {\n    font-size: 1rem;\n  }\n}\n<\/style>\n\t<\/div>\n\t\n\t<div id=\"text-1929323633\" class=\"text\">\n\t\t\n\n<h3><strong>Obrigado por escolher pgvape.com! .<\/strong><\/h3>\n\t\t\n<style>\n#text-1929323633 {\n  font-size: 0.9rem;\n  color: rgb(0, 0, 0);\n}\n#text-1929323633 > * {\n  color: rgb(0, 0, 0);\n}\n@media (min-width:550px) {\n  #text-1929323633 {\n    font-size: 1rem;\n  }\n}\n<\/style>\n\t<\/div>","protected":false},"excerpt":{"rendered":"","protected":false},"author":1,"featured_media":0,"parent":0,"menu_order":0,"comment_status":"closed","ping_status":"closed","template":"","meta":{"_seopress_robots_primary_cat":"","_seopress_titles_title":"","_seopress_titles_desc":"","_seopress_robots_index":"","footnotes":""},"class_list":["post-18","page","type-page","status-publish","hentry"],"_links":{"self":[{"href":"https:\/\/pgvape.com\/pt\/wp-json\/wp\/v2\/pages\/18","targetHints":{"allow":["GET"]}}],"collection":[{"href":"https:\/\/pgvape.com\/pt\/wp-json\/wp\/v2\/pages"}],"about":[{"href":"https:\/\/pgvape.com\/pt\/wp-json\/wp\/v2\/types\/page"}],"author":[{"embeddable":true,"href":"https:\/\/pgvape.com\/pt\/wp-json\/wp\/v2\/users\/1"}],"replies":[{"embeddable":true,"href":"https:\/\/pgvape.com\/pt\/wp-json\/wp\/v2\/comments?post=18"}],"version-history":[{"count":0,"href":"https:\/\/pgvape.com\/pt\/wp-json\/wp\/v2\/pages\/18\/revisions"}],"wp:attachment":[{"href":"https:\/\/pgvape.com\/pt\/wp-json\/wp\/v2\/media?parent=18"}],"curies":[{"name":"wp","href":"https:\/\/api.w.org\/{rel}","templated":true}]}}