{"id":105,"date":"2025-07-12T08:18:42","date_gmt":"2025-07-12T08:18:42","guid":{"rendered":"https:\/\/pgvape.com\/?page_id=105"},"modified":"2025-11-19T07:55:16","modified_gmt":"2025-11-19T07:55:16","slug":"sobre-nos","status":"publish","type":"page","link":"https:\/\/pgvape.com\/pt\/sobre-nos\/","title":{"rendered":"Sobre n\u00f3s"},"content":{"rendered":"<div id=\"text-115243520\" class=\"text\">\n\t\t\n\n<h1 data-sourcepos=\"5:1-5:28\">\ud83d\ude80\u00a0<strong data-sourcepos=\"5:6-5:26\">Sobre pgvape<\/strong><\/h1>\n\t\t\n<style>\n#text-115243520 {\n  text-align: center;\n  color: rgb(0,0,0);\n}\n#text-115243520 > * {\n  color: rgb(0,0,0);\n}\n<\/style>\n\t<\/div>\n\t\n<div class=\"is-divider divider clearfix\" style=\"margin-top:20px;margin-bottom:20px;max-width:1000px;background-color:rgb(209, 209, 209);\"><\/div>\n\n\t<div id=\"text-4285178305\" class=\"text\">\n\t\t\n\n<h3><strong data-sourcepos=\"6:1-6:54\">Seu parceiro confi\u00e1vel para vaporizadores descart\u00e1veis \u200b\u200bpremium<\/strong><\/h3>\n<p data-sourcepos=\"8:1-8:255\">Bem-vindo ao <strong data-sourcepos=\"8:12-8:26\">pgvape.com<\/strong>, seu destino final para cigarros eletr\u00f4nicos descart\u00e1veis \u200b\u200bde alta qualidade e solu\u00e7\u00f5es de vaporiza\u00e7\u00e3o personalizadas. <strong data-sourcepos=\"8:204-8:224\">produtos premium<\/strong> e <strong data-sourcepos=\"8:229-8:252\">servi\u00e7o excepcional<\/strong>.<\/p>\n<p data-sourcepos=\"10:1-10:236\">Nossa miss\u00e3o \u00e9 fazer com que cada tragada <strong data-sourcepos=\"10:35-10:78\">confort\u00e1vel, agrad\u00e1vel e confi\u00e1vel<\/strong>. <strong data-sourcepos=\"10:186-10:200\">inova\u00e7\u00e3o<\/strong> e <strong data-sourcepos=\"10:205-10:216\">qualidade<\/strong> para atender \u00e0s suas necessidades.<\/p>\n\t\t\n<style>\n#text-4285178305 {\n  font-size: 0.85rem;\n  line-height: 1.75;\n  color: rgb(0,0,0);\n}\n#text-4285178305 > * {\n  color: rgb(0,0,0);\n}\n@media (min-width:550px) {\n  #text-4285178305 {\n    font-size: 0.9rem;\n  }\n}\n@media (min-width:850px) {\n  #text-4285178305 {\n    font-size: 1rem;\n  }\n}\n<\/style>\n\t<\/div>\n\t\n<div class=\"is-divider divider clearfix\" style=\"margin-top:15px;margin-bottom:15px;max-width:1000px;background-color:rgb(209, 209, 209);\"><\/div>\n\n\t<div id=\"text-3824893039\" class=\"text\">\n\t\t\n\n<h2 data-sourcepos=\"14:1-14:35\">\ud83c\udf1f\u00a0<strong data-sourcepos=\"14:7-14:33\">Nossa Miss\u00e3o e Vis\u00e3o<\/strong><\/h2>\n<h5 data-sourcepos=\"15:1-15:95\">Em pgvape.com, acreditamos que a vaporiza\u00e7\u00e3o n\u00e3o \u00e9 apenas uma escolha, mas um estilo de vida.<\/h5>\n<p><strong data-sourcepos=\"16:3-16:25\">Simplificando a vaporiza\u00e7\u00e3o<\/strong>: Oferecer produtos de alta qualidade que facilitam suas escolhas.<\/p>\n<p><strong data-sourcepos=\"17:3-17:31\">Melhorando a experi\u00eancia<\/strong>: Tecnologias inovadoras para otimizar sua satisfa\u00e7\u00e3o vaping.<\/p>\n<p><strong data-sourcepos=\"18:3-18:31\">Construindo confian\u00e7a a longo prazo<\/strong>: Presta\u00e7\u00e3o de servi\u00e7os transparentes para criar relacionamentos duradouros.<\/p>\n<p data-sourcepos=\"20:1-20:367\">\u00a0<\/p>\n\t\t\n<style>\n#text-3824893039 {\n  font-size: 0.9rem;\n  line-height: 1.75;\n  color: rgb(0,0,0);\n}\n#text-3824893039 > * {\n  color: rgb(0,0,0);\n}\n@media (min-width:550px) {\n  #text-3824893039 {\n    font-size: 0.9rem;\n  }\n}\n@media (min-width:850px) {\n  #text-3824893039 {\n    font-size: 1rem;\n  }\n}\n<\/style>\n\t<\/div>\n\t\n\t<div id=\"text-1331026052\" class=\"text\">\n\t\t\n\n<h4>Fundada por entusiastas da vaporiza\u00e7\u00e3o e profissionais da ind\u00fastria, identificamos uma lacuna no mercado para produtos verdadeiramente de alta qualidade e rigorosamente testados. .<\/h4>\n\t\t\n<style>\n#text-1331026052 {\n  font-size: 0.9rem;\n  line-height: 1.75;\n  color: rgb(0,0,0);\n}\n#text-1331026052 > * {\n  color: rgb(0,0,0);\n}\n@media (min-width:550px) {\n  #text-1331026052 {\n    font-size: 0.9rem;\n  }\n}\n@media (min-width:850px) {\n  #text-1331026052 {\n    font-size: 1rem;\n  }\n}\n<\/style>\n\t<\/div>\n\t\n<div class=\"is-divider divider clearfix\" style=\"margin-top:15px;margin-bottom:15px;max-width:1000px;background-color:rgb(209, 209, 209);\"><\/div>\n\n\t<div id=\"text-2933128170\" class=\"text\">\n\t\t\n\n<h2 data-sourcepos=\"24:1-24:27\">\ud83d\udecd\ufe0f\u00a0<strong data-sourcepos=\"24:8-24:25\">O que oferecemos<\/strong><\/h2>\n\t\t\n<style>\n#text-2933128170 {\n  color: rgb(0,0,0);\n}\n#text-2933128170 > * {\n  color: rgb(0,0,0);\n}\n<\/style>\n\t<\/div>\n\t\n\t<div id=\"text-3145012827\" class=\"text\">\n\t\t\n\n<h3 data-sourcepos=\"26:1-26:37\">\u2705\u00a0<strong data-sourcepos=\"26:7-26:35\">Vapes descart\u00e1veis \u200b\u200bpremium<\/strong><\/h3>\n<p data-sourcepos=\"27:1-27:306\">Nossa cole\u00e7\u00e3o selecionada de vaporizadores descart\u00e1veis \u200b\u200bcombina <strong data-sourcepos=\"27:49-27:76\">tecnologia de ponta<\/strong> com <strong data-sourcepos=\"27:82-27:112\">sabores aut\u00eanticos e ousados<\/strong>\u2014desde o tabaco cl\u00e1ssico at\u00e9 misturas de frutas ex\u00f3ticas. <strong data-sourcepos=\"27:190-27:210\">testes rigorosos<\/strong> para atender aos padr\u00f5es internacionais de seguran\u00e7a, garantindo sempre um desempenho suave e agrad\u00e1vel.<\/p>\n\t\t\n<style>\n#text-3145012827 {\n  font-size: 0.9rem;\n  line-height: 1.75;\n  color: rgb(0, 0, 0);\n}\n#text-3145012827 > * {\n  color: rgb(0, 0, 0);\n}\n@media (min-width:850px) {\n  #text-3145012827 {\n    font-size: 1rem;\n  }\n}\n<\/style>\n\t<\/div>\n\t\n\t<div id=\"text-2515212349\" class=\"text\">\n\t\t\n\n<h3 data-sourcepos=\"29:1-29:37\">\u2705\u00a0<strong data-sourcepos=\"29:7-29:35\">OEM e servi\u00e7os de atacado<\/strong><\/h3>\n<p data-sourcepos=\"30:1-30:310\">Para clientes empresariais, oferecemos servi\u00e7os personalizados <strong data-sourcepos=\"30:43-30:81\">solu\u00e7\u00f5es de fabrica\u00e7\u00e3o personalizadas<\/strong> para ajud\u00e1-lo a criar produtos vape exclusivos. <strong data-sourcepos=\"30:181-30:212\">instala\u00e7\u00f5es de \u00faltima gera\u00e7\u00e3o<\/strong> e <strong data-sourcepos=\"30:217-30:250\">processos de produ\u00e7\u00e3o flex\u00edveis<\/strong> torne-nos o parceiro ideal para expandir seu neg\u00f3cio de vaporiza\u00e7\u00e3o.<\/p>\n\t\t\n<style>\n#text-2515212349 {\n  font-size: 0.9rem;\n  line-height: 1.75;\n  color: rgb(0,0,0);\n}\n#text-2515212349 > * {\n  color: rgb(0,0,0);\n}\n<\/style>\n\t<\/div>\n\t\n\t<div id=\"text-389181356\" class=\"text\">\n\t\t\n\n<h3 data-sourcepos=\"32:1-32:42\">\u2705\u00a0<strong data-sourcepos=\"32:7-32:40\">Envio global r\u00e1pido e seguro<\/strong><\/h3>\n<p data-sourcepos=\"33:1-33:233\">Os pedidos s\u00e3o processados \u200b\u200bdentro <strong data-sourcepos=\"33:29-33:50\">1-3 dias \u00fateis<\/strong> e enviados atrav\u00e9s de transportadoras confi\u00e1veis, como <strong data-sourcepos=\"33:92-33:109\">DHL, UPS, DPD<\/strong>, e servi\u00e7os postais locais. .<\/p>\n\t\t\n<style>\n#text-389181356 {\n  font-size: 0.9rem;\n  line-height: 1.75;\n  color: rgb(0,0,0);\n}\n#text-389181356 > * {\n  color: rgb(0,0,0);\n}\n<\/style>\n\t<\/div>\n\t\n\t<div id=\"text-1605922295\" class=\"text\">\n\t\t\n\n<h3 data-sourcepos=\"35:1-35:35\">\u2705\u00a0<strong data-sourcepos=\"35:7-35:33\">Op\u00e7\u00f5es de pagamento seguro<\/strong><\/h3>\n<p data-sourcepos=\"36:1-36:45\">Escolha entre os seguintes m\u00e9todos de pagamento:<\/p>\n<ul data-sourcepos=\"37:1-40:32\">\n<li data-sourcepos=\"37:1-37:15\"><strong data-sourcepos=\"37:3-37:13\">PayPal<\/strong><\/li>\n<li data-sourcepos=\"38:1-38:58\"><strong data-sourcepos=\"38:3-38:19\">Cart\u00f5es de cr\u00e9dito<\/strong>\u00a0(Visa, Mastercard, American Express)<\/li>\n<li data-sourcepos=\"39:1-39:40\"><strong data-sourcepos=\"39:3-39:21\">Transfer\u00eancias Banc\u00e1rias<\/strong>\u00a0(Suportado SEPA)<\/li>\n<li data-sourcepos=\"40:1-40:32\"><strong data-sourcepos=\"40:3-40:30\">Pagamentos em criptomoeda<\/strong><\/li>\n<\/ul>\n<p data-sourcepos=\"42:1-42:80\">Todas as transa\u00e7\u00f5es s\u00e3o protegidas por <strong data-sourcepos=\"42:35-42:53\">Criptografia SSL<\/strong> para garantir a seguran\u00e7a dos dados.<\/p>\n\t\t\n<style>\n#text-1605922295 {\n  font-size: 0.9rem;\n  line-height: 1.75;\n  color: rgb(0,0,0);\n}\n#text-1605922295 > * {\n  color: rgb(0,0,0);\n}\n<\/style>\n\t<\/div>\n\t\n<div class=\"is-divider divider clearfix\" style=\"margin-top:15px;margin-bottom:15px;max-width:1000px;background-color:rgb(209, 209, 209);\"><\/div>\n\n\t<div id=\"text-2009822610\" class=\"text\">\n\t\t\n\n<h2 data-sourcepos=\"46:1-46:35\">\ud83c\udf0d\u00a0<strong data-sourcepos=\"46:7-46:33\">Por que escolher pgvape.com?<\/strong><\/h2>\n\t\t\n<style>\n#text-2009822610 {\n  color: rgb(0,0,0);\n}\n#text-2009822610 > * {\n  color: rgb(0,0,0);\n}\n<\/style>\n\t<\/div>\n\t\n\t<div id=\"text-3501979666\" class=\"text\">\n\t\t\n\n<h3><strong data-sourcepos=\"48:3-48:22\">Qualidade confi\u00e1vel<\/strong>:\u00a0<\/h3>\n<p>Cada produto \u00e9 rigorosamente testado quanto \u00e0 seguran\u00e7a, desempenho e precis\u00e3o do sabor.\u00a0<strong data-sourcepos=\"48:130-48:161\">Fabricantes com certifica\u00e7\u00e3o ISO<\/strong>\u00a0usando\u00a0<strong data-sourcepos=\"48:168-48:195\">materiais de qualidade m\u00e9dica<\/strong>.<\/p>\n\t\t\n<style>\n#text-3501979666 {\n  font-size: 0.9rem;\n  line-height: 1.75;\n  color: rgb(0,0,0);\n}\n#text-3501979666 > * {\n  color: rgb(0,0,0);\n}\n<\/style>\n\t<\/div>\n\t\n\t<div id=\"text-1725666599\" class=\"text\">\n\t\t\n\n<h3><strong data-sourcepos=\"49:3-49:31\">Atendimento Centrado no Cliente<\/strong>:\u00a0<\/h3>\n<p>Nossa equipe de suporte dedicada est\u00e1 dispon\u00edvel 24 horas por dia, 7 dias por semana, via e-mail e WhatsApp para esclarecer suas d\u00favidas, resolver problemas e garantir uma experi\u00eancia incompar\u00e1vel.<\/p>\n\t\t\n<style>\n#text-1725666599 {\n  font-size: 0.9rem;\n  line-height: 1.75;\n  color: rgb(0,0,0);\n}\n#text-1725666599 > * {\n  color: rgb(0,0,0);\n}\n<\/style>\n\t<\/div>\n\t\n\t<div id=\"text-1856578824\" class=\"text\">\n\t\t\n\n<h3><strong data-sourcepos=\"50:3-50:28\">Inova\u00e7\u00e3o Cont\u00ednua<\/strong>:\u00a0<\/h3>\n<p>Permanecemos \u00e0 frente das tend\u00eancias do setor, introduzindo novos sabores, designs e tecnologias para aprimorar sua jornada vaping.<\/p>\n\t\t\n<style>\n#text-1856578824 {\n  font-size: 0.9rem;\n  line-height: 1.75;\n  color: rgb(0,0,0);\n}\n#text-1856578824 > * {\n  color: rgb(0,0,0);\n}\n<\/style>\n\t<\/div>\n\t\n<div class=\"is-divider divider clearfix\" style=\"margin-top:15px;margin-bottom:15px;max-width:1000px;background-color:rgb(209, 209, 209);\"><\/div>\n\n\t<div id=\"text-1095452262\" class=\"text\">\n\t\t\n\n<h2 data-sourcepos=\"54:1-54:31\">\ud83d\udce2\u00a0<strong data-sourcepos=\"54:7-54:29\">Junte-se \u00e0 nossa comunidade<\/strong><\/h2>\n\t\t\n<style>\n#text-1095452262 {\n  color: rgb(0,0,0);\n}\n#text-1095452262 > * {\n  color: rgb(0,0,0);\n}\n<\/style>\n\t<\/div>\n\t\n\t<div id=\"text-2413456164\" class=\"text\">\n\t\t\n\n<h3 data-sourcepos=\"56:1-56:103\">Somos mais do que apenas uma marca \u2013 somos uma comunidade de vapers, criadores e parceiros.<\/h3>\n\t\t\n<style>\n#text-2413456164 {\n  font-size: 0.9rem;\n  line-height: 1.75;\n}\n<\/style>\n\t<\/div>\n\t\n\t<div id=\"text-2388081081\" class=\"text\">\n\t\t\n\n<p><strong data-sourcepos=\"57:3-57:27\">Promo\u00e7\u00f5es exclusivas<\/strong>\u00a0e lan\u00e7amentos de novos produtos.<\/p>\n\t\t\n<style>\n#text-2388081081 {\n  font-size: 0.9rem;\n  line-height: 1.75;\n  color: rgb(0,0,0);\n}\n#text-2388081081 > * {\n  color: rgb(0,0,0);\n}\n<\/style>\n\t<\/div>\n\t\n\t<div id=\"text-2898683670\" class=\"text\">\n\t\t\n\n<p><strong data-sourcepos=\"58:3-58:28\">Recursos educacionais<\/strong>\u00a0para otimizar sua experi\u00eancia de vaporiza\u00e7\u00e3o.<\/p>\n\t\t\n<style>\n#text-2898683670 {\n  line-height: 1.75;\n  color: rgb(0,0,0);\n}\n#text-2898683670 > * {\n  color: rgb(0,0,0);\n}\n<\/style>\n\t<\/div>\n\t\n\t<div id=\"text-745994785\" class=\"text\">\n\t\t\n\n<p><strong data-sourcepos=\"59:3-59:36\">Iniciativas de feedback do cliente<\/strong>\u00a0para ajudar a moldar o futuro do pgvape.com.<\/p>\n\t\t\n<style>\n#text-745994785 {\n  font-size: 0.9rem;\n  line-height: 1.75;\n  color: rgb(0,0,0);\n}\n#text-745994785 > * {\n  color: rgb(0,0,0);\n}\n<\/style>\n\t<\/div>\n\t\n\t<div id=\"text-194432851\" class=\"text\">\n\t\t\n\n<h4 data-sourcepos=\"61:1-61:90\">Assine nossa newsletter ou siga-nos nas redes sociais para participar da conversa!<\/h4>\n\t\t\n<style>\n#text-194432851 {\n  font-size: 0.9rem;\n  line-height: 1.75;\n  color: rgb(0,0,0);\n}\n#text-194432851 > * {\n  color: rgb(0,0,0);\n}\n<\/style>\n\t<\/div>\n\t\n<div class=\"is-divider divider clearfix\" style=\"margin-top:15px;margin-bottom:15px;max-width:1000px;background-color:rgb(209, 209, 209);\"><\/div>\n\n\t<div id=\"text-829389242\" class=\"text\">\n\t\t\n\n<h2 data-sourcepos=\"65:1-65:25\">\ud83e\udd1d\u00a0<strong data-sourcepos=\"65:7-65:23\">Entre em contato<\/strong><\/h2>\n\t\t\n<style>\n#text-829389242 {\n  color: rgb(0,0,0);\n}\n#text-829389242 > * {\n  color: rgb(0,0,0);\n}\n<\/style>\n\t<\/div>\n\t\n\t<div id=\"text-2555109511\" class=\"text\">\n\t\t\n\n<h3 data-sourcepos=\"67:1-67:114\">Se voc\u00ea tiver alguma d\u00favida ou quiser saber mais sobre nossos produtos e servi\u00e7os, n\u00e3o hesite em nos contatar:<\/h3>\n\t\t\n<style>\n#text-2555109511 {\n  font-size: 0.9rem;\n  line-height: 1.75;\n  color: rgb(0,0,0);\n}\n#text-2555109511 > * {\n  color: rgb(0,0,0);\n}\n<\/style>\n\t<\/div>\n\t\n\t<div id=\"text-396161006\" class=\"text\">\n\t\t\n\n<h3><strong data-sourcepos=\"68:3-68:12\">E-mail<\/strong>:\u00a0<span style=\"background-color: #ffffff; color: #0000ff;\"><a style=\"background-color: #ffffff; color: #0000ff;\" href=\"\/pt\/support@pgvape.com\/\" data-sentry-component=\"CustomLink\" data-sentry-source-file=\"index.tsx\">support@pgvape.com<\/a><\/span><\/h3>\n\t\t\n<style>\n#text-396161006 {\n  font-size: 0.9rem;\n  line-height: 1.75;\n  color: rgb(0,0,0);\n}\n#text-396161006 > * {\n  color: rgb(0,0,0);\n}\n<\/style>\n\t<\/div>\n\t\n\t<div id=\"text-1697110634\" class=\"text\">\n\t\t\n\n<h3><strong data-sourcepos=\"69:3-69:15\">WhatsApp<\/strong>:<span style=\"background-color: #ffffff; color: #00ff00;\"> <a style=\"background-color: #ffffff; color: #00ff00;\" href=\"https:\/\/wa.me\/+8618128481258\">+8618128481258<\/a><\/span><br \/>(Resposta dentro de 24 horas, 7 dias por semana)<\/h3>\n\t\t\n<style>\n#text-1697110634 {\n  font-size: 0.9rem;\n  line-height: 1.75;\n  color: rgb(0,0,0);\n}\n#text-1697110634 > * {\n  color: rgb(0,0,0);\n}\n<\/style>\n\t<\/div>\n\t\n\t<div id=\"text-1775776409\" class=\"text\">\n\t\t\n\n<h4><strong data-sourcepos=\"73:1-73:38\">Obrigado por escolher pgvape.com<\/strong>\u2014onde cada baforada \u00e9 um passo em dire\u00e7\u00e3o a uma melhor experi\u00eancia de vaporiza\u00e7\u00e3o.<\/h4>\n\t\t\n<style>\n#text-1775776409 {\n  font-size: 0.9rem;\n  line-height: 1.75;\n  color: rgb(0, 0, 0);\n}\n#text-1775776409 > * {\n  color: rgb(0, 0, 0);\n}\n<\/style>\n\t<\/div>\n\t\n<div class=\"is-divider divider clearfix\" style=\"margin-top:15px;margin-bottom:15px;max-width:1000px;background-color:rgb(209, 209, 209);\"><\/div>","protected":false},"excerpt":{"rendered":"","protected":false},"author":2,"featured_media":0,"parent":0,"menu_order":0,"comment_status":"closed","ping_status":"closed","template":"","meta":{"_seopress_robots_primary_cat":"","_seopress_titles_title":"","_seopress_titles_desc":"","_seopress_robots_index":"","footnotes":""},"class_list":["post-105","page","type-page","status-publish","hentry"],"_links":{"self":[{"href":"https:\/\/pgvape.com\/pt\/wp-json\/wp\/v2\/pages\/105","targetHints":{"allow":["GET"]}}],"collection":[{"href":"https:\/\/pgvape.com\/pt\/wp-json\/wp\/v2\/pages"}],"about":[{"href":"https:\/\/pgvape.com\/pt\/wp-json\/wp\/v2\/types\/page"}],"author":[{"embeddable":true,"href":"https:\/\/pgvape.com\/pt\/wp-json\/wp\/v2\/users\/2"}],"replies":[{"embeddable":true,"href":"https:\/\/pgvape.com\/pt\/wp-json\/wp\/v2\/comments?post=105"}],"version-history":[{"count":0,"href":"https:\/\/pgvape.com\/pt\/wp-json\/wp\/v2\/pages\/105\/revisions"}],"wp:attachment":[{"href":"https:\/\/pgvape.com\/pt\/wp-json\/wp\/v2\/media?parent=105"}],"curies":[{"name":"wp","href":"https:\/\/api.w.org\/{rel}","templated":true}]}}