{"id":9990,"date":"2026-04-10T10:12:42","date_gmt":"2026-04-10T10:12:42","guid":{"rendered":"https:\/\/pgvape.com\/?post_type=product&#038;p=9990"},"modified":"2026-04-10T10:15:19","modified_gmt":"2026-04-10T10:15:19","slug":"solaris-champagne-30k-stylowa-butelka-jednorazowego-waporyzatora-z-cewka-siatkowa-30000-zaciagniec-i-swiatlem-led","status":"publish","type":"product","link":"https:\/\/pgvape.com\/pl\/produkt\/solaris-champagne-30k-stylowa-butelka-jednorazowego-waporyzatora-z-cewka-siatkowa-30000-zaciagniec-i-swiatlem-led\/","title":{"rendered":"Solaris Champagne 30K Stylowa butelka Jednorazowy waporyzator z 30000 zaci\u0105gni\u0119\u0107, cewk\u0105 siatkow\u0105 i \u015bwiat\u0142em LED"},"content":{"rendered":"<h2 data-start=\"50\" data-end=\"125\"><strong data-start=\"53\" data-end=\"125\">Solaris Champagne 30K Jednorazowy Vape Stylowe urz\u0105dzenie o du\u017cej pojemno\u015bci<\/strong><\/h2>\n<p data-start=\"127\" data-end=\"311\">Jednorazowy waporyzator Solaris Champagne 30K \u0142\u0105czy w sobie elegancki wygl\u0105d z niezawodn\u0105 wydajno\u015bci\u0105, zapewniaj\u0105c do 30 000 zaci\u0105gni\u0119\u0107 w unikalnym kszta\u0142cie butelki szampana.<\/p>\n<p data-start=\"313\" data-end=\"518\">Dzi\u0119ki pojemno\u015bci 20 ml e-liquidu i akumulatorowi o pojemno\u015bci 600 mAh zapewnia sp\u00f3jne i d\u0142ugotrwa\u0142e u\u017cytkowanie. Cewka siatkowa 1.2\u03a9 poprawia dostarczanie smaku i zapewnia g\u0142adk\u0105, satysfakcjonuj\u0105c\u0105 par\u0119 przy ka\u017cdym zaci\u0105gni\u0119ciu.<\/p>\n<p data-start=\"520\" data-end=\"727\">Wyposa\u017cone w szybkie \u0142adowanie typu C i przyci\u0105gaj\u0105ce wzrok o\u015bwietlenie LED, to urz\u0105dzenie oferuje zar\u00f3wno wygod\u0119, jak i styl, co czyni go doskona\u0142ym wyborem dla u\u017cytkownik\u00f3w poszukuj\u0105cych wyrafinowanego i niezawodnego waporyzacji.<\/p>\n<p data-start=\"520\" data-end=\"727\">Wysy\u0142ka bezpo\u015brednio z\u00a0<strong>Magazyn UE<\/strong>, produkt ten gwarantuje szybk\u0105 i niezawodn\u0105 dostaw\u0119 na terenie ca\u0142ej Europy, co czyni go najlepszym wyborem dla klient\u00f3w hurtowych i detalicznych.<\/p>\n<p>&nbsp;<\/p>\n<h3 id=\"brxe-najhln\" class=\"brxe-heading\"><\/h3>\n<h2 data-section-id=\"47rwtv\" data-start=\"135\" data-end=\"209\"><span role=\"text\"><strong data-start=\"141\" data-end=\"209\">Najwa\u017cniejsze informacje o jednorazowym waporyzatorze Solaris Champagne 30000 Puffs<\/strong><\/span><\/h2>\n<p data-start=\"211\" data-end=\"327\"><strong data-start=\"211\" data-end=\"233\">Do 30 000 zaci\u0105gni\u0119\u0107<\/strong> \u2013 D\u0142ugotrwa\u0142a wydajno\u015b\u0107 przeznaczona do d\u0142ugotrwa\u0142ego codziennego wapowania bez cz\u0119stej wymiany.<\/p>\n<p data-start=\"329\" data-end=\"427\"><strong data-start=\"329\" data-end=\"355\">Pojemno\u015b\u0107 20 ml e-p\u0142ynu<\/strong> \u2013 Konstrukcja o du\u017cej pojemno\u015bci zapewnia sp\u00f3jny smak i d\u0142ugotrwa\u0142e u\u017cytkowanie.<\/p>\n<p data-start=\"429\" data-end=\"531\"><strong data-start=\"429\" data-end=\"458\">1.2\u03a9 Technologia cewki siatkowej<\/strong> \u2013 P\u0142ynna produkcja pary i ulepszone dostarczanie smaku przy ka\u017cdym zaci\u0105gni\u0119ciu.<\/p>\n<p data-start=\"533\" data-end=\"629\"><strong data-start=\"533\" data-end=\"564\">Akumulator 600 mAh<\/strong> \u2013 Niezawodna moc wyj\u015bciowa zapewniaj\u0105ca stabiln\u0105 prac\u0119 przez ca\u0142y dzie\u0144.<\/p>\n<p data-start=\"631\" data-end=\"726\"><strong data-start=\"631\" data-end=\"655\">Szybkie \u0142adowanie typu C<\/strong> \u2013 Szybkie i wygodne \u0142adowanie umo\u017cliwiaj\u0105ce nieprzerwane sesje wapowania.<\/p>\n<p data-start=\"728\" data-end=\"830\"><strong data-start=\"728\" data-end=\"755\">Projekt butelki szampana<\/strong> \u2013 Unikalny i elegancki kszta\u0142t, kt\u00f3ry wyr\u00f3\u017cnia si\u0119 luksusowym, stylowym wygl\u0105dem.<\/p>\n<p data-start=\"832\" data-end=\"929\"><strong data-start=\"832\" data-end=\"852\">Efekt \u015bwietlny LED<\/strong> \u2013 Nowoczesna funkcja o\u015bwietlenia dodaje atrakcyjno\u015bci wizualnej i poprawia wra\u017cenia u\u017cytkownika.<\/p>\n<p data-start=\"931\" data-end=\"1026\"><strong data-start=\"931\" data-end=\"959\">Kompaktowa i przeno\u015bna konstrukcja<\/strong> \u2013 Lekka i ergonomiczna konstrukcja u\u0142atwiaj\u0105ca przenoszenie i codzienne u\u017cytkowanie.<\/p>\n<p data-start=\"1028\" data-end=\"1138\"><strong data-start=\"1028\" data-end=\"1063\">P\u0142ynna i sta\u0142a wydajno\u015b\u0107<\/strong> \u2013 Zoptymalizowany system zapewnia stabilny smak i par\u0119 od pocz\u0105tku do ko\u0144ca.<\/p>\n<p data-start=\"1140\" data-end=\"1227\"><strong data-start=\"1140\" data-end=\"1167\">Wiele opcji smakowych<\/strong> \u2013 Szeroka gama smak\u00f3w, aby zaspokoi\u0107 r\u00f3\u017cne preferencje.<\/p>\n<p data-start=\"1229\" data-end=\"1337\"><strong data-start=\"1229\" data-end=\"1254\">Wysy\u0142ka z magazynu UE<\/strong> \u2013 Szybka i niezawodna dostawa na terenie ca\u0142ej Europy dla wygody sprzeda\u017cy detalicznej i hurtowej.<\/p>\n<p>&nbsp;<\/p>\n<h3 id=\"brxe-najhln\" class=\"brxe-heading\"><\/h3>\n<h2 data-section-id=\"47rwtv\" data-start=\"135\" data-end=\"209\"><strong><span role=\"text\">Jednorazowy waporyzator Solaris Champagne 30000 Puffs <\/span>Lista smak\u00f3w<\/strong><\/h2>\n<p><strong data-start=\"145\" data-end=\"164\">1.Truskawkowe Kiwi<\/strong><\/p>\n<p><strong data-start=\"169\" data-end=\"189\">2. Niebieska wi\u015bnia Razz<\/strong><\/p>\n<p><strong data-start=\"194\" data-end=\"211\">3. Mieszane jagody<\/strong><\/p>\n<p><strong data-start=\"216\" data-end=\"239\">4.Malina jagodowa<\/strong><\/p>\n<p><strong data-start=\"244\" data-end=\"269\">5. Szampan z bia\u0142ych winogron<\/strong><\/p>\n<p><strong data-start=\"274\" data-end=\"289\">6. Soczysta brzoskwinia<\/strong><\/p>\n<p><strong data-start=\"294\" data-end=\"319\">7. Arbuz Truskawkowy<\/strong><\/p>\n<p><strong data-start=\"324\" data-end=\"342\">8. L\u00f3d arbuzowy<\/strong><\/p>\n<p><strong data-start=\"347\" data-end=\"363\">9.Potr\u00f3jne mango<\/strong><\/p>\n<p><strong data-start=\"368\" data-end=\"377\">10.Mamba<\/strong><\/p>\n<p><strong data-start=\"382\" data-end=\"405\">11. Mango z marakuji<\/strong><\/p>\n<p><strong data-start=\"410\" data-end=\"428\">12. Owoce tropikalne<\/strong><\/p>\n<p><strong data-start=\"433\" data-end=\"456\">13. Owoc smoka wi\u015bniowego<\/strong><\/p>\n<p><strong data-start=\"461\" data-end=\"484\">14. Szampan z czerwonej brzoskwini<\/strong><\/p>\n<p><strong data-start=\"489\" data-end=\"504\">15. Wi\u015bniowa Cola<\/strong><\/p>\n<p><strong data-start=\"509\" data-end=\"525\">16.Nap\u00f3j energetyczny<\/strong><\/p>\n<p><strong data-start=\"530\" data-end=\"544\">17.R\u00f3\u017cowa cytryna<\/strong><\/p>\n<p><strong data-start=\"549\" data-end=\"560\">18. Mi\u0142o\u015b\u0107 66<\/strong><\/p>\n<p><strong data-start=\"565\" data-end=\"583\">19. Jagody Wi\u015bniowe<\/strong><\/p>\n<p><strong data-start=\"588\" data-end=\"604\">20.Podw\u00f3jne jab\u0142ko<img loading=\"lazy\" decoding=\"async\" class=\"alignnone wp-image-9995 size-full\" src=\"https:\/\/pgvape.com\/wp-content\/uploads\/2026\/04\/Solaris-Champagne-30K-Stylish-Bottle-Disposable-Vape-With-30000-Puffs-Mesh-Coil-And-LED-Light-pgvape-3.png\" alt=\"\" width=\"1500\" height=\"1334\" srcset=\"https:\/\/pgvape.com\/wp-content\/uploads\/2026\/04\/Solaris-Champagne-30K-Stylish-Bottle-Disposable-Vape-With-30000-Puffs-Mesh-Coil-And-LED-Light-pgvape-3.png 1500w, https:\/\/pgvape.com\/wp-content\/uploads\/2026\/04\/Solaris-Champagne-30K-Stylish-Bottle-Disposable-Vape-With-30000-Puffs-Mesh-Coil-And-LED-Light-pgvape-3-405x360.png 405w, https:\/\/pgvape.com\/wp-content\/uploads\/2026\/04\/Solaris-Champagne-30K-Stylish-Bottle-Disposable-Vape-With-30000-Puffs-Mesh-Coil-And-LED-Light-pgvape-3-595x529.png 595w, https:\/\/pgvape.com\/wp-content\/uploads\/2026\/04\/Solaris-Champagne-30K-Stylish-Bottle-Disposable-Vape-With-30000-Puffs-Mesh-Coil-And-LED-Light-pgvape-3-400x356.png 400w, https:\/\/pgvape.com\/wp-content\/uploads\/2026\/04\/Solaris-Champagne-30K-Stylish-Bottle-Disposable-Vape-With-30000-Puffs-Mesh-Coil-And-LED-Light-pgvape-3-768x683.png 768w, https:\/\/pgvape.com\/wp-content\/uploads\/2026\/04\/Solaris-Champagne-30K-Stylish-Bottle-Disposable-Vape-With-30000-Puffs-Mesh-Coil-And-LED-Light-pgvape-3-13x12.png 13w, https:\/\/pgvape.com\/wp-content\/uploads\/2026\/04\/Solaris-Champagne-30K-Stylish-Bottle-Disposable-Vape-With-30000-Puffs-Mesh-Coil-And-LED-Light-pgvape-3-600x534.png 600w\" sizes=\"auto, (max-width: 1500px) 100vw, 1500px\" \/><\/strong><\/p>\n<p>&nbsp;<\/p>\n<h3 class=\"auto-hide-last-sibling-br paragraph-pP9ZLC paragraph-element br-paragraph-space\">Dlaczego warto wybra\u0107 europejski magazyn PGVape?<\/h3>\n<p>Szybka wysy\u0142ka: Dostawa do wi\u0119kszo\u015bci kraj\u00f3w UE w ci\u0105gu 3-7 dni roboczych.<\/p>\n<p>Dostawa bezc\u0142owa: Lokalne zapasy w UE zapewniaj\u0105 p\u0142ynn\u0105 i bezc\u0142ow\u0105 wysy\u0142k\u0119.<\/p>\n<p>100% Autentyczna gwarancja: Oryginalna <span role=\"text\"><strong data-start=\"4\" data-end=\"60\">Szampan Solaris <\/strong><\/span>e-papierosy od certyfikowanych dostawc\u00f3w.<\/p>\n<p>\u015awie\u017ce zapasy: Przechowywane w kontrolowanych warunkach, aby zapewni\u0107 optymaln\u0105 jako\u015b\u0107.<\/p>\n<p>Zaufali Europejczycy: Tysi\u0105ce klient\u00f3w korzysta z szybkich i bezpiecznych us\u0142ug e-papieros\u00f3w oferowanych przez PGVape.<\/p>\n<p>&nbsp;<\/p>\n<h3 data-section-id=\"16tymuk\" data-start=\"0\" data-end=\"60\"><span role=\"text\"><strong data-start=\"4\" data-end=\"60\">Najcz\u0119\u015bciej zadawane pytania Solaris Champagne 30000 Puffs Jednorazowy Vape<\/strong><\/span><\/h3>\n<p data-start=\"62\" data-end=\"224\"><strong data-start=\"62\" data-end=\"124\">\u2753 Ile zaci\u0105gni\u0119\u0107 zapewnia Solaris Champagne 30000?<\/strong><br data-start=\"124\" data-end=\"127\" \/>\u2705 Urz\u0105dzenie oferuje a\u017c <strong data-start=\"153\" data-end=\"169\">30 000 zaci\u0105gni\u0119\u0107<\/strong>, zapewniaj\u0105c d\u0142ugotrwa\u0142e u\u017cytkowanie i sta\u0142\u0105 wydajno\u015b\u0107.<\/p>\n<p data-start=\"226\" data-end=\"364\"><strong data-start=\"226\" data-end=\"262\">\u2753 Jaka jest pojemno\u015b\u0107 e-liquidu?<\/strong><br data-start=\"262\" data-end=\"265\" \/>\u2705 Zawiera m.in <strong data-start=\"281\" data-end=\"307\">Pojemno\u015b\u0107 e-liquidu 20 ml<\/strong>, umo\u017cliwiaj\u0105c d\u0142u\u017csze wapowanie bez cz\u0119stych wymian.<\/p>\n<p data-start=\"366\" data-end=\"515\"><strong data-start=\"366\" data-end=\"402\">\u2753 Z jakiego rodzaju cewki korzysta?<\/strong><br data-start=\"402\" data-end=\"405\" \/>\u2705Urz\u0105dzenie wyposa\u017cone jest w <strong data-start=\"437\" data-end=\"455\">Cewka siatkowa 1,2 \u03a9<\/strong>, zapewniaj\u0105c g\u0142adk\u0105 par\u0119 i lepszy smak przy ka\u017cdym zaci\u0105gni\u0119ciu.<\/p>\n<p data-start=\"517\" data-end=\"637\"><strong data-start=\"517\" data-end=\"551\">\u2753 Czy akumulator mo\u017cna \u0142adowa\u0107?<\/strong><br data-start=\"551\" data-end=\"554\" \/>\u2705Tak, zawiera: <strong data-start=\"575\" data-end=\"606\">Akumulator o pojemno\u015bci 600 mAh<\/strong> dla stabilnego i niezawodnego u\u017cytkowania.<\/p>\n<p data-start=\"639\" data-end=\"762\"><strong data-start=\"639\" data-end=\"682\">\u2753Jak\u0105 metod\u0119 \u0142adowania obs\u0142uguje?<\/strong><br data-start=\"682\" data-end=\"685\" \/>\u2705Wykorzystuje <strong data-start=\"695\" data-end=\"719\">Szybkie \u0142adowanie typu C<\/strong>, zapewniaj\u0105c szybkie i wydajne \u0142adowanie.<\/p>\n<p data-start=\"764\" data-end=\"921\"><strong data-start=\"764\" data-end=\"819\">\u2753 Czy urz\u0105dzenie ma jakie\u015b specjalne cechy konstrukcyjne?<\/strong><br data-start=\"819\" data-end=\"822\" \/>\u2705Tak, posiada <strong data-start=\"843\" data-end=\"877\">unikalny projekt butelki szampana<\/strong>, \u0142\u0105cz\u0105c elegancj\u0119 z ergonomicznym komfortem.<\/p>\n<p data-start=\"923\" data-end=\"1070\"><strong data-start=\"923\" data-end=\"962\">\u2753Czy zawiera efekty \u015bwietlne?<\/strong><br data-start=\"962\" data-end=\"965\" \/>\u2705Tak, urz\u0105dzenie posiada <strong data-start=\"989\" data-end=\"1019\">wbudowana funkcja o\u015bwietlenia LED<\/strong>, dodaj\u0105c stylowy i przyci\u0105gaj\u0105cy wzrok element wizualny.<\/p>\n<p data-start=\"1072\" data-end=\"1189\"><strong data-start=\"1072\" data-end=\"1093\">\u2753 Czy jest przeno\u015bny?<\/strong><br data-start=\"1093\" data-end=\"1096\" \/>\u2705 Zdecydowanie. Jego <strong data-start=\"1114\" data-end=\"1148\">kompaktowa i lekka konstrukcja<\/strong> u\u0142atwia przenoszenie i u\u017cywanie w dowolnym miejscu.<\/p>\n<p data-start=\"1191\" data-end=\"1353\"><strong data-start=\"1191\" data-end=\"1235\">\u2753Czy to urz\u0105dzenie jest odpowiednie dla pocz\u0105tkuj\u0105cych?<\/strong><br data-start=\"1235\" data-end=\"1238\" \/>\u2705Tak, jest przeznaczony dla obu stron <strong data-start=\"1269\" data-end=\"1304\">pocz\u0105tkuj\u0105cy i do\u015bwiadczeni u\u017cytkownicy<\/strong>, oferuj\u0105c proste i p\u0142ynne do\u015bwiadczenie wapowania.<\/p>\n<p data-start=\"1355\" data-end=\"1500\"><strong data-start=\"1355\" data-end=\"1405\">\u2753 Czy dost\u0119pnych jest wiele opcji smakowych?<\/strong><br data-start=\"1405\" data-end=\"1408\" \/>\u2705Tak, jest z <strong data-start=\"1429\" data-end=\"1463\">szeroka gama opcji smakowych<\/strong> aby dopasowa\u0107 si\u0119 do r\u00f3\u017cnych preferencji smakowych.<\/p>\n<p data-start=\"1502\" data-end=\"1652\"><strong data-start=\"1502\" data-end=\"1539\">\u2753 Czy wysy\u0142ka na terenie Europy jest szybka?<\/strong><br data-start=\"1539\" data-end=\"1542\" \/>\u2705 Yes, the product is shipped from an <strong data-start=\"1580\" data-end=\"1596\">Magazyn UE<\/strong>, zapewnienie <strong data-start=\"1607\" data-end=\"1651\">szybka i niezawodna dostawa na terenie ca\u0142ej Europy<\/strong>.<\/p>\n<p data-start=\"1654\" data-end=\"1839\" data-is-last-node=\"\" data-is-only-node=\"\"><strong data-start=\"1654\" data-end=\"1709\">\u2753 Czy ten produkt nadaje si\u0119 do sprzeda\u017cy detalicznej czy hurtowej?<\/strong><br data-start=\"1709\" data-end=\"1712\" \/>\u2705Tak, z jego <strong data-start=\"1728\" data-end=\"1787\">stylowy wygl\u0105d, wysoka wydajno\u015b\u0107 i niezawodne dostawy<\/strong>, jest idealnym rozwi\u0105zaniem zar\u00f3wno dla rynku detalicznego, jak i hurtowego.<\/p>\n<p>&nbsp;<\/p>\n<h3 id=\"brxe-najhln\" class=\"brxe-heading\">Cz\u0119sto zadawane pytania (FAQ)<\/h3>\n<div id=\"brxe-rajiac\" class=\"brxe-text\">\n<p><strong>P: Jakie metody p\u0142atno\u015bci akceptujecie?<\/strong><br \/>\nOdp.: Akceptujemy PayPal, Stripe, przelewy bankowe (obs\u0142ugiwane SEPA), g\u0142\u00f3wne karty kredytowe (Visa, MasterCard, American Express) i p\u0142atno\u015bci w kryptowalutach.<\/p>\n<p><strong>P: Jak d\u0142ugo trwa przygotowanie zam\u00f3wienia?<\/strong><br \/>\nOdp.: Przygotowanie zam\u00f3wienia zajmuje 1-3 dni robocze.<\/p>\n<p><strong>P: Jaki jest czas wysy\u0142ki?<\/strong><br \/>\nOdp.: Czas wysy\u0142ki wynosi 7-14 dni roboczych, w zale\u017cno\u015bci od Twojej lokalizacji.<\/p>\n<p><strong>P: Jak mog\u0119 \u015bledzi\u0107 moje zam\u00f3wienie?<\/strong><br \/>\nOdp.: Po wysy\u0142ce otrzymasz wiadomo\u015b\u0107 e-mail z potwierdzeniem i numerem przesy\u0142ki umo\u017cliwiaj\u0105cym \u015bledzenie w czasie rzeczywistym.<\/p>\n<p><strong>P: Jaka jest Twoja polityka zwrot\u00f3w?<\/strong><br \/>\nOdp.: Oferujemy 30-dniow\u0105 polityk\u0119 zwrot\u00f3w lub wymiany. .<\/p>\n<p><strong>P: Czy wyst\u0105pi\u0105 jakie\u015b problemy celne?<br \/>\n<\/strong>Obs\u0142ugujemy wszystkie procedury odprawy celnej, aby zapewni\u0107 Ci bezproblemow\u0105 obs\u0142ug\u0119. .<\/p>\n<p><strong>P: Jakie metody wysy\u0142ki s\u0105 stosowane?<\/strong><br \/>\nWsp\u00f3\u0142pracujemy z firmami UPS\/DHL\/FEDEX\/DPD itp. W zale\u017cno\u015bci od kraju dostawy wybierzemy odpowiedni\u0105 opcj\u0119 wysy\u0142ki, tak aby produkty dotar\u0142y do \u200b\u200bPa\u0144stwa najszybciej jak to mo\u017cliwe.<\/p>\n<p><a href=\"https:\/\/pgvape.com\/pl\/czesto-zadawane-pytania\/\">Kliknij tutaj, aby uzyska\u0107 wi\u0119cej cz\u0119sto zadawanych pyta\u0144<\/a><\/p>\n<p>Szanowni klienci, je\u015bli masz jakiekolwiek pytania dotycz\u0105ce zam\u00f3wienia lub przybycia towaru, skontaktuj si\u0119 z naszym dzia\u0142em obs\u0142ugi klienta. Dzi\u0119kuj\u0119!<\/p>\n<h3 data-sourcepos=\"73:1-73:21\"><strong data-sourcepos=\"73:7-73:21\">Skontaktuj si\u0119 z nami<\/strong><\/h3>\n<div id=\"text-2419739398\" class=\"text\">\n<p><strong data-sourcepos=\"75:3-75:12\">E-mail<\/strong>:\u00a0<a href=\"mailto:support@pgvape.com\"><strong>support@pgvape.com<\/strong><\/a><\/p>\n<p><strong data-sourcepos=\"76:3-76:15\">WhatsApp<\/strong>:\u00a0<a href=\"https:\/\/wa.me\/+8618128481258\"><strong>+86 18128481258<\/strong><\/a><br \/>\n<strong>(Odpowied\u017a w ci\u0105gu 24 godzin w dni robocze)<\/strong><\/p>\n<\/div>\n<h3><strong>Dzi\u0119kujemy za wybranie pgvape.com! .<\/strong><\/h3>\n<\/div>","protected":false},"excerpt":{"rendered":"<p>Do 30 000 zaci\u0105gni\u0119\u0107 w wyj\u0105tkowej butelce szampana, kt\u00f3ra \u0142\u0105czy styl z wydajno\u015bci\u0105. Zasilany przez cewk\u0119 z siatk\u0105 1.2\u03a9 i 20 ml e-liquidu dla g\u0142adkiego, bogatego smaku. Wyposa\u017cony jest w akumulator o pojemno\u015bci 600 mAh, \u0142adowanie typu C i o\u015bwietlenie LED, zapewniaj\u0105ce eleganckie i wygodne wapowanie.<\/p>","protected":false},"featured_media":9993,"comment_status":"open","ping_status":"closed","template":"","meta":{"_seopress_robots_primary_cat":"none","_seopress_titles_title":"%%post_title%%","_seopress_titles_desc":"","_seopress_robots_index":""},"product_brand":[516,513],"product_cat":[35,515,512],"product_tag":[629,349,90,632,631,203,628,630],"class_list":{"0":"post-9990","1":"product","2":"type-product","3":"status-publish","4":"has-post-thumbnail","6":"product_brand-disposable-vape","7":"product_brand-solaris-champagne-vape","8":"product_cat-30k-puffs-vape","9":"product_cat-disposable-vape","10":"product_cat-solaris-champagne-vape","11":"product_tag-30000-puffs","12":"product_tag-30k-puffs-vape","13":"product_tag-disposable-vape","14":"product_tag-led-light","15":"product_tag-mesh-coil","16":"product_tag-shipment-from-eu","17":"product_tag-solaris-champagne-30k","18":"product_tag-stylish-bottle","20":"first","21":"instock","22":"sale","23":"shipping-taxable","24":"purchasable","25":"product-type-variable"},"_links":{"self":[{"href":"https:\/\/pgvape.com\/pl\/wp-json\/wp\/v2\/product\/9990","targetHints":{"allow":["GET"]}}],"collection":[{"href":"https:\/\/pgvape.com\/pl\/wp-json\/wp\/v2\/product"}],"about":[{"href":"https:\/\/pgvape.com\/pl\/wp-json\/wp\/v2\/types\/product"}],"replies":[{"embeddable":true,"href":"https:\/\/pgvape.com\/pl\/wp-json\/wp\/v2\/comments?post=9990"}],"wp:featuredmedia":[{"embeddable":true,"href":"https:\/\/pgvape.com\/pl\/wp-json\/wp\/v2\/media\/9993"}],"wp:attachment":[{"href":"https:\/\/pgvape.com\/pl\/wp-json\/wp\/v2\/media?parent=9990"}],"wp:term":[{"taxonomy":"product_brand","embeddable":true,"href":"https:\/\/pgvape.com\/pl\/wp-json\/wp\/v2\/product_brand?post=9990"},{"taxonomy":"product_cat","embeddable":true,"href":"https:\/\/pgvape.com\/pl\/wp-json\/wp\/v2\/product_cat?post=9990"},{"taxonomy":"product_tag","embeddable":true,"href":"https:\/\/pgvape.com\/pl\/wp-json\/wp\/v2\/product_tag?post=9990"}],"curies":[{"name":"wp","href":"https:\/\/api.w.org\/{rel}","templated":true}]}}