{"id":9689,"date":"2026-03-26T10:17:44","date_gmt":"2026-03-26T10:17:44","guid":{"rendered":"https:\/\/pgvape.com\/?post_type=product&#038;p=9689"},"modified":"2026-03-26T10:17:44","modified_gmt":"2026-03-26T10:17:44","slug":"bang-lider-stoll-350000-350k-zaciagniec-8-w-1-smaki-jednorazowe-vape-0-5-nikotyna-12-smakow-inteligentny-wyswietlacz-vape-fabryka-hurtownia","status":"publish","type":"product","link":"https:\/\/pgvape.com\/pl\/produkt\/bang-lider-stoll-350000-350k-zaciagniec-8-w-1-smaki-jednorazowe-vape-0-5-nikotyna-12-smakow-inteligentny-wyswietlacz-vape-fabryka-hurtownia\/","title":{"rendered":"Bang Leader Stoll 350000 350K Puffs 8 w 1 Smaki Jednorazowe Vape 0%-5% Nikotyna 12 Smaki Inteligentny Wy\u015bwietlacz Vape Fabryka Hurtowa"},"content":{"rendered":"<p><strong class=\"\">Bang Leader Stoll 350 tys<\/strong> dostarcza <strong class=\"\">350 000 zaci\u0105gni\u0119\u0107<\/strong> poprzez <strong>innowacyjny system komory smakowej 4 w 1<\/strong>, wyposa\u017cony <strong class=\"\">cztery niezale\u017cne smaki bazowe<\/strong> kt\u00f3re tworz\u0105 <strong class=\"\">a\u017c 8 wyj\u0105tkowych dozna\u0144 smakowych<\/strong> Poprzez <strong>technologia mieszania strumienia powietrza<\/strong>.<br \/>\nA <strong>wysokowydajny akumulator typu C<\/strong>, <strong class=\"\">zaawansowany system cewek<\/strong> I <strong class=\"\">ergonomiczna konstrukcja klasy premium<\/strong> da\u0107 ci <strong class=\"\">Ekstremalna trwa\u0142o\u015b\u0107, dynamiczna r\u00f3\u017cnorodno\u015b\u0107 i d\u0142ugoterminowa satysfakcja<\/strong>\u2014najpot\u0119\u017cniejsze urz\u0105dzenie w serii Bang.<\/p>\n<p>&nbsp;<\/p>\n<h2><span style=\"font-size: 90%;\">Bang Leader Stoll 350000 350K Puffs 8 w 1 Smaki Jednorazowy Vape Specyfikacja<\/span><\/h2>\n<p><strong>Pufy<\/strong>: A\u017c do <strong class=\"\">350,000<\/strong> \u2013 wyj\u0105tkowo d\u0142ugotrwa\u0142e dzia\u0142anie<\/p>\n<p><strong>System smakowy<\/strong>: <strong class=\"\">Komory rdzeniowe 4 w 1<\/strong> \u2013 4 smaki bazowe, 8 kombinacji hybrydowych<\/p>\n<p><strong>Technologia<\/strong>: <strong class=\"\">Mieszanie przep\u0142ywu powietrza zbalansowanego smakowo<\/strong> \u2013 g\u0142adkie, zr\u00f3wnowa\u017cone profile hybrydowe<\/p>\n<p><strong>Bateria<\/strong>: <strong>Mo\u017cliwo\u015b\u0107 \u0142adowania<\/strong>, <strong class=\"\">Typ C<\/strong> \u0142adowanie \u2013 utrzymuje pe\u0142n\u0105 \u017cywotno\u015b\u0107<\/p>\n<p><strong>Para<\/strong>: <strong class=\"\">Zaawansowany system cewek<\/strong> \u2013 stabilna wydajno\u015b\u0107, bogaty smak<\/p>\n<p><strong>Projekt<\/strong>: <strong class=\"\">Najwy\u017csza ergonomia<\/strong> \u2013 wygodny chwyt, nowoczesna trwa\u0142a konstrukcja<\/p>\n<p><strong>Aktywacja<\/strong>: <strong class=\"\">Aktywowano losowanie<\/strong> \u2013 bez przycisk\u00f3w, wdech do strza\u0142u<\/p>\n<p><strong>Konserwacja<\/strong>: <strong class=\"\">Zero<\/strong> \u2013 jednorazowe, szczelne, wst\u0119pnie nape\u0142nione<\/p>\n<p><strong>Mo\u017cliwo\u015b\u0107 ponownego nape\u0142nienia<\/strong>: <strong>NIE<\/strong> \u2013 wymieni\u0107 w przypadku wyczerpania<\/p>\n<p>&nbsp;<\/p>\n<h3><strong><span style=\"font-size: 90%;\">Bang Leader Stoll 350000 350K Puffs 8 w 1 Smaki Jednorazowa lista smak\u00f3w Vape<\/span><\/strong><\/h3>\n<p><strong>1.Niebieski l\u00f3d Razz i l\u00f3d arbuzowy, l\u00f3d truskawkowy i limonka cytrynowa<\/strong><\/p>\n<p><strong>2.L\u00f3d jagodowy i owoce tropikalne oraz l\u00f3d jab\u0142kowo-kiwi i niebieska wi\u015bnia Razz<\/strong><\/p>\n<p><strong>3. Wi\u015bniowa Cola i cytrynowo-brzoskwiniowa i r\u00f3\u017cowa lemoniada oraz marakuja mango<\/strong><\/p>\n<p><strong>4.Truskawka Kiwi i Jagoda Mi\u0119ta i Kwa\u015bne Mango Ananas i Truskawkowy Arbuz L\u00f3d<\/strong><\/p>\n<p><strong>5. Kiwi Dragon Berry &amp; Blueberry Arbuz &amp; Truskawka Banan i Wi\u015bnia Ice<\/strong><\/p>\n<p><strong>6. Truskawkowy arbuz i ananas, l\u00f3d kokosowy i kiwi, marakuja, gujawa i wybuch winogron<\/strong><\/p>\n<p><strong>7. Red Bull &amp; Wi\u015bniowy Granat &amp; Malinowy Arbuz &amp; Limonka Cytrynowa<\/strong><\/p>\n<p><strong>8. Lody arbuzowe i cholernie wspania\u0142e, truskawkowo-malinowe i jab\u0142kowo-kiwiowe<\/strong><\/p>\n<p><strong>9.Grape Ice &amp; Love 66, Blueberry One Ice i Dragonfruit Ice<\/strong><\/p>\n<p><strong>10. Arbuz L\u00f3d i Truskawka Arbuz i Malina Arbuz i Jagoda Malina<\/strong><\/p>\n<p><strong>11.Brzoskwinia Mango Arbuz i Bor\u00f3wka Wi\u015bnia i Arbuz Smoczy Owoc i Poca\u0142unek M\u0119ki Pa\u0144skiej<\/strong><\/p>\n<p><strong>12.Truskawka Malina i Truskawka Kiwi i Truskawka L\u00f3d i Brzoskwinia Mango Arbuz<img loading=\"lazy\" decoding=\"async\" class=\"alignnone wp-image-9693 size-full\" src=\"https:\/\/pgvape.com\/wp-content\/uploads\/2026\/03\/Bang-Leader-Stoll-350000-350K-Puffs-8-in-1-Flavors-Disposable-Vape-0-5-Nicotin-12Tastes-Smart-Display-Vape-Factory-Wholesale-2.jpg\" alt=\"Rz\u0105d kolorowych butelek z rysunkowymi kaczkami na etykietach, ka\u017cda butelka z kolorow\u0105 zakr\u0119tk\u0105 i paskami smakowymi pod spodem na niebieskim tle.\" width=\"1900\" height=\"1500\" srcset=\"https:\/\/pgvape.com\/wp-content\/uploads\/2026\/03\/Bang-Leader-Stoll-350000-350K-Puffs-8-in-1-Flavors-Disposable-Vape-0-5-Nicotin-12Tastes-Smart-Display-Vape-Factory-Wholesale-2.jpg 1900w, https:\/\/pgvape.com\/wp-content\/uploads\/2026\/03\/Bang-Leader-Stoll-350000-350K-Puffs-8-in-1-Flavors-Disposable-Vape-0-5-Nicotin-12Tastes-Smart-Display-Vape-Factory-Wholesale-2-456x360.jpg 456w, https:\/\/pgvape.com\/wp-content\/uploads\/2026\/03\/Bang-Leader-Stoll-350000-350K-Puffs-8-in-1-Flavors-Disposable-Vape-0-5-Nicotin-12Tastes-Smart-Display-Vape-Factory-Wholesale-2-595x470.jpg 595w, https:\/\/pgvape.com\/wp-content\/uploads\/2026\/03\/Bang-Leader-Stoll-350000-350K-Puffs-8-in-1-Flavors-Disposable-Vape-0-5-Nicotin-12Tastes-Smart-Display-Vape-Factory-Wholesale-2-400x316.jpg 400w, https:\/\/pgvape.com\/wp-content\/uploads\/2026\/03\/Bang-Leader-Stoll-350000-350K-Puffs-8-in-1-Flavors-Disposable-Vape-0-5-Nicotin-12Tastes-Smart-Display-Vape-Factory-Wholesale-2-768x606.jpg 768w, https:\/\/pgvape.com\/wp-content\/uploads\/2026\/03\/Bang-Leader-Stoll-350000-350K-Puffs-8-in-1-Flavors-Disposable-Vape-0-5-Nicotin-12Tastes-Smart-Display-Vape-Factory-Wholesale-2-1536x1213.jpg 1536w, https:\/\/pgvape.com\/wp-content\/uploads\/2026\/03\/Bang-Leader-Stoll-350000-350K-Puffs-8-in-1-Flavors-Disposable-Vape-0-5-Nicotin-12Tastes-Smart-Display-Vape-Factory-Wholesale-2-15x12.jpg 15w, https:\/\/pgvape.com\/wp-content\/uploads\/2026\/03\/Bang-Leader-Stoll-350000-350K-Puffs-8-in-1-Flavors-Disposable-Vape-0-5-Nicotin-12Tastes-Smart-Display-Vape-Factory-Wholesale-2-600x474.jpg 600w\" sizes=\"auto, (max-width: 1900px) 100vw, 1900px\" \/><\/strong><\/p>\n<h3><\/h3>\n<h2 class=\"header-vfC6AV auto-hide-last-sibling-br\">Cz\u0119sto zadawane pytania dotycz\u0105ce Bang Leader Stoll 350000 350K Puffs 8 w 1 smaki Jednorazowy waporyzator<\/h2>\n<p>\u2753 <strong>Co to jest Bang Leader Stoll 350K?<\/strong><br \/>\n\u2705 <strong>Jednorazowe o bardzo du\u017cej pojemno\u015bci<\/strong> \u2013 system wielu smak\u00f3w, ogromna liczba zaci\u0105gni\u0119\u0107, wiele kombinacji w jednym urz\u0105dzeniu.<\/p>\n<p>\u2753 <strong>Ile zaci\u0105gni\u0119\u0107?<\/strong><br \/>\n\u2705 <strong class=\"\">Do 350 tys<\/strong> \u2013 r\u00f3\u017cni si\u0119 w zale\u017cno\u015bci od nawyk\u00f3w, d\u0142ugo\u015bci rysowania i cz\u0119stotliwo\u015bci.<\/p>\n<p>\u2753 <strong>Co to jest system kom\u00f3r smakowych 4 w 1?<\/strong><br \/>\n\u2705 <strong>Cztery niezale\u017cne komory smakowe<\/strong> \u2013 stosowa\u0107 pojedynczo lub miesza\u0107 <strong>a\u017c 8 dozna\u0144 smakowych<\/strong>.<\/p>\n<p>\u2753 <strong>Czy smaki b\u0119d\u0105 si\u0119 w \u015brodku miesza\u0142y?<\/strong><br \/>\n\u2705 <strong>NIE<\/strong> \u2013 ka\u017cdy smak <strong>zamkni\u0119te we w\u0142asnej komorze<\/strong> \u2013 czysto, sp\u00f3jnie, bez niepo\u017c\u0105danego mieszania.<\/p>\n<p>\u2753 <strong>Jak zmienia\u0107 smaki?<\/strong><br \/>\n\u2705 <strong>Dostosuj selektor smaku lub kana\u0142 przep\u0142ywu powietrza<\/strong> \u2013 aktywuj inn\u0105 komor\u0119 lub zmiksuj razem.<\/p>\n<p>\u2753 <strong>Czy mo\u017cna go \u0142adowa\u0107?<\/strong><br \/>\n\u2705 <strong>Tak<\/strong> \u2013 <strong>Port \u0142adowania typu C<\/strong> obs\u0142uguje konstrukcj\u0119 o du\u017cej pojemno\u015bci.<\/p>\n<p>\u2753 <strong>Nadaje si\u0119 dla ci\u0119\u017ckich u\u017cytkownik\u00f3w?<\/strong><br \/>\n\u2705 <strong>Absolutnie<\/strong> \u2013 ekstremalna wydajno\u015b\u0107 zaci\u0105gni\u0119cia + r\u00f3\u017cnorodno\u015b\u0107 smak\u00f3w = idealna dla u\u017cytkownik\u00f3w poszukuj\u0105cych d\u0142ugotrwa\u0142ej r\u00f3\u017cnorodno\u015bci.<\/p>\n<p>\u2753 <strong>Wymagana konserwacja?<\/strong><br \/>\n\u2705 <strong>Nic<\/strong> \u2013 jednorazowe, bez wymiany cewki, bez skomplikowanej konserwacji.<\/p>\n<p>\u2753 <strong>Czy mo\u017cna go ponownie nape\u0142ni\u0107?<\/strong><br \/>\n\u2705 <strong>NIE<\/strong> \u2013 <strong>wst\u0119pnie nape\u0142nione, zapiecz\u0119towane<\/strong> \u2013 wymieni\u0107, gdy jest pusty.<\/p>\n<p>\u2753 <strong>Co czyni go wyj\u0105tkowym?<\/strong><br \/>\n\u2705 <strong>350 tys. zaci\u0105gni\u0119\u0107 + 4-bazowy system smakowy z 8 do\u015bwiadczeniami + akumulator + wyj\u0105tkowo d\u0142uga \u017cywotno\u015b\u0107<\/strong> = najbardziej wszechstronny produkt jednorazowy dost\u0119pny na rynku.<\/p>\n<p>&nbsp;<\/p>\n<h3 id=\"brxe-najhln\" class=\"brxe-heading\">Cz\u0119sto zadawane pytania (FAQ)<\/h3>\n<div id=\"brxe-rajiac\" class=\"brxe-text\">\n<p><strong>P: Jakie metody p\u0142atno\u015bci akceptujecie?<\/strong><br \/>\nOdp.: Akceptujemy PayPal, Stripe, przelewy bankowe (obs\u0142ugiwane SEPA), g\u0142\u00f3wne karty kredytowe (Visa, MasterCard, American Express) i p\u0142atno\u015bci w kryptowalutach.<\/p>\n<p><strong>P: Jak d\u0142ugo trwa przygotowanie zam\u00f3wienia?<\/strong><br \/>\nOdp.: Przygotowanie zam\u00f3wienia zajmuje 1-3 dni robocze.<\/p>\n<p><strong>P: Jaki jest czas wysy\u0142ki?<\/strong><br \/>\nOdp.: Czas wysy\u0142ki wynosi 7-14 dni roboczych, w zale\u017cno\u015bci od Twojej lokalizacji.<\/p>\n<p><strong>P: Jak mog\u0119 \u015bledzi\u0107 moje zam\u00f3wienie?<\/strong><br \/>\nOdp.: Po wysy\u0142ce otrzymasz wiadomo\u015b\u0107 e-mail z potwierdzeniem i numerem przesy\u0142ki umo\u017cliwiaj\u0105cym \u015bledzenie w czasie rzeczywistym.<\/p>\n<p><strong>P: Jaka jest Twoja polityka zwrot\u00f3w?<\/strong><br \/>\nOdp.: Oferujemy 30-dniow\u0105 polityk\u0119 zwrot\u00f3w lub wymiany. .<\/p>\n<p><strong>P: Czy wyst\u0105pi\u0105 jakie\u015b problemy celne?<br \/>\n<\/strong>Obs\u0142ugujemy wszystkie procedury odprawy celnej, aby zapewni\u0107 Ci bezproblemow\u0105 obs\u0142ug\u0119. .<\/p>\n<p><strong>P: Jakie metody wysy\u0142ki s\u0105 stosowane?<\/strong><br \/>\nWsp\u00f3\u0142pracujemy z firmami UPS\/DHL\/FEDEX\/DPD itp. W zale\u017cno\u015bci od kraju dostawy wybierzemy odpowiedni\u0105 opcj\u0119 wysy\u0142ki, tak aby produkty dotar\u0142y do \u200b\u200bPa\u0144stwa najszybciej jak to mo\u017cliwe.<\/p>\n<p><a href=\"https:\/\/pgvape.com\/pl\/czesto-zadawane-pytania\/\">Kliknij tutaj, aby uzyska\u0107 wi\u0119cej cz\u0119sto zadawanych pyta\u0144<\/a><\/p>\n<p>Szanowni klienci, je\u015bli masz jakiekolwiek pytania dotycz\u0105ce zam\u00f3wienia lub przybycia towaru, skontaktuj si\u0119 z naszym dzia\u0142em obs\u0142ugi klienta. Dzi\u0119kuj\u0119!<\/p>\n<h3 data-sourcepos=\"73:1-73:21\"><strong data-sourcepos=\"73:7-73:21\">Skontaktuj si\u0119 z nami<\/strong><\/h3>\n<div id=\"text-2419739398\" class=\"text\">\n<p><strong data-sourcepos=\"75:3-75:12\">E-mail<\/strong>:\u00a0<a href=\"mailto:support@pgvape.com\"><strong>support@pgvape.com<\/strong><\/a><\/p>\n<p><strong data-sourcepos=\"76:3-76:15\">WhatsApp<\/strong>:\u00a0<a href=\"https:\/\/wa.me\/+8618128481258\"><strong>+86 18128481258<\/strong><\/a><br \/>\n<strong>(Odpowied\u017a w ci\u0105gu 24 godzin w dni robocze)<\/strong><\/p>\n<\/div>\n<h3><strong>Dzi\u0119kujemy za wybranie pgvape.com! .<\/strong><\/h3>\n<\/div>","protected":false},"excerpt":{"rendered":"<p><strong>Bang Leader Stoll 350000<\/strong>\u00a0<strong>350 tys. zaci\u0105gni\u0119\u0107<\/strong>, <strong>Komory 4 w 1<\/strong>, <strong>Mieszanka 8 smak\u00f3w<\/strong>, <strong>Mo\u017cliwo\u015b\u0107 \u0142adowania typu C<\/strong>, <strong>zerowa konserwacja<\/strong>.<strong>Cztery bazy, osiem smak\u00f3w, jedna legenda, nieko\u0144cz\u0105ce si\u0119 chmury.<\/strong><\/p>","protected":false},"featured_media":9692,"comment_status":"open","ping_status":"closed","template":"","meta":{"_seopress_robots_primary_cat":"","_seopress_titles_title":"","_seopress_titles_desc":"","_seopress_robots_index":""},"product_brand":[54,516],"product_cat":[612,32,515],"product_tag":[614,616,617,615,613,90],"class_list":{"0":"post-9689","1":"product","2":"type-product","3":"status-publish","4":"has-post-thumbnail","6":"product_brand-bang-leader-vape","7":"product_brand-disposable-vape","8":"product_cat-350k-puffs-vape","9":"product_cat-bang-leader-vape","10":"product_cat-disposable-vape","11":"product_tag-350k-puffs-vape","12":"product_tag-4-in-1-core-chambers","13":"product_tag-8-hybrid-combinations","14":"product_tag-8-in-1-flavors","15":"product_tag-bang-leader-stoll-350000","16":"product_tag-disposable-vape","18":"first","19":"instock","20":"sale","21":"shipping-taxable","22":"purchasable","23":"product-type-variable"},"_links":{"self":[{"href":"https:\/\/pgvape.com\/pl\/wp-json\/wp\/v2\/product\/9689","targetHints":{"allow":["GET"]}}],"collection":[{"href":"https:\/\/pgvape.com\/pl\/wp-json\/wp\/v2\/product"}],"about":[{"href":"https:\/\/pgvape.com\/pl\/wp-json\/wp\/v2\/types\/product"}],"replies":[{"embeddable":true,"href":"https:\/\/pgvape.com\/pl\/wp-json\/wp\/v2\/comments?post=9689"}],"wp:featuredmedia":[{"embeddable":true,"href":"https:\/\/pgvape.com\/pl\/wp-json\/wp\/v2\/media\/9692"}],"wp:attachment":[{"href":"https:\/\/pgvape.com\/pl\/wp-json\/wp\/v2\/media?parent=9689"}],"wp:term":[{"taxonomy":"product_brand","embeddable":true,"href":"https:\/\/pgvape.com\/pl\/wp-json\/wp\/v2\/product_brand?post=9689"},{"taxonomy":"product_cat","embeddable":true,"href":"https:\/\/pgvape.com\/pl\/wp-json\/wp\/v2\/product_cat?post=9689"},{"taxonomy":"product_tag","embeddable":true,"href":"https:\/\/pgvape.com\/pl\/wp-json\/wp\/v2\/product_tag?post=9689"}],"curies":[{"name":"wp","href":"https:\/\/api.w.org\/{rel}","templated":true}]}}