{"id":9504,"date":"2026-03-22T06:35:56","date_gmt":"2026-03-22T06:35:56","guid":{"rendered":"https:\/\/pgvape.com\/?post_type=product&#038;p=9504"},"modified":"2026-03-29T13:35:36","modified_gmt":"2026-03-29T13:35:36","slug":"vopk-cool-bar-20000-20k-zaciagniec-jednorazowy-vape-regulowany-przeplyw-powietrza-5nikotyna-10smak-inteligentny-wyswietlacz-vape-fabryka-hurtowa","status":"publish","type":"product","link":"https:\/\/pgvape.com\/pl\/produkt\/vopk-cool-bar-20000-20k-zaciagniec-jednorazowy-vape-regulowany-przeplyw-powietrza-5nikotyna-10smak-inteligentny-wyswietlacz-vape-fabryka-hurtowa\/","title":{"rendered":"VOPK Cool Bar 20000 20k Puffs Jednorazowy Vape Regulowany przep\u0142yw powietrza 5%Nikotyna 10Taste Inteligentny Wy\u015bwietlacz Vape Fabryka Hurtowa"},"content":{"rendered":"<p><strong class=\"\">VOPK Cool Bar 20K<\/strong> dostarcza <strong>20 000 zaci\u0105gni\u0119\u0107<\/strong> z <strong class=\"\">5 % nikotyna<\/strong> satysfakcja, zasilana przez a <strong>550 mAh typu C<\/strong> bateria i <strong>zaawansowana technologia cewek siatkowych<\/strong>.<br \/>\n<strong>Regulowany przep\u0142yw powietrza<\/strong>, <strong>inteligentny wy\u015bwietlacz<\/strong> I <strong>10 lodowych\/owocowych smak\u00f3w<\/strong> da\u0107 ci <strong>konfigurowalne losowania MTL-to-open<\/strong>, <strong>monitorowanie w czasie rzeczywistym<\/strong> I <strong>niezawodno\u015b\u0107 przez ca\u0142y dzie\u0144<\/strong>\u2014wys\u0142ane z <strong>Chiny (7-14d)<\/strong> Lub <strong>Magazyn UE (3-6d)<\/strong>.<\/p>\n<p>&nbsp;<\/p>\n<h2><span style=\"font-size: 90%;\">Jednorazowy Vape Cool Bar 20000 VOPK 20k Puffs <strong>Dane techniczne:<\/strong><\/span><\/h2>\n<p><strong>Pufy<\/strong>: A\u017c do <strong>20,000<\/strong> \u2013 d\u0142ugotrwa\u0142e dzia\u0142anie przez ca\u0142y dzie\u0144<\/p>\n<p><strong>Nikotyna<\/strong>: <strong>5 %<\/strong> \u2013 g\u0142adkie, satysfakcjonuj\u0105ce uderzenie w gard\u0142o<\/p>\n<p><strong>Bateria<\/strong>: <strong>550 mAh<\/strong>, <strong>akumulator<\/strong> \u2013 niezawodna rozbudowana moc<\/p>\n<p><strong>\u0141adowanie<\/strong>: <strong>Typ C<\/strong> \u2013 szybkie i wygodne do\u0142adowania<\/p>\n<p><strong>Cewka<\/strong>: <strong>System cewek siatkowych<\/strong> \u2013 bogaty smak, szybkie nagrzewanie, sp\u00f3jna para<\/p>\n<p><strong>Przep\u0142yw powietrza<\/strong>: <strong>Nastawny<\/strong> \u2013 dostosuj MTL lub otw\u00f3rz wdech<\/p>\n<p><strong>Wy\u015bwietlacz<\/strong>: <strong>Inteligentny ekran<\/strong> \u2013 przegl\u0105d poziomu p\u0142ynu i baterii w skr\u00f3cie<\/p>\n<p><strong>Smaki<\/strong>: <strong class=\"\">10 opcji<\/strong> \u2013 szeroki wyb\u00f3r na ka\u017cdy gust<\/p>\n<p>&nbsp;<\/p>\n<h3><span style=\"font-size: 90%;\">Jednorazowy Vape Cool Bar 20000 VOPK 20k Puffs <strong>Lista smak\u00f3w:<\/strong><\/span><\/h3>\n<p><strong>1.L\u00f3d arbuzowy<\/strong><\/p>\n<p><strong>2. L\u00f3d z Col\u0105<\/strong><\/p>\n<p><strong class=\"\">3.L\u00f3d truskawkowy<\/strong><\/p>\n<p><strong>4.L\u00f3d bananowy<\/strong><\/p>\n<p><strong class=\"\">5. L\u00f3d z mango<\/strong><\/p>\n<p><strong>6. Gujawa z marakui<\/strong><\/p>\n<p><strong>7.Czarna porzeczka<\/strong><\/p>\n<p><strong>8. L\u00f3d ananasowo-kokosowy<\/strong><\/p>\n<p><strong>9. Arbuz Truskawkowy<\/strong><\/p>\n<p><strong>10. Jagody winogronowe<img loading=\"lazy\" decoding=\"async\" class=\"alignnone wp-image-9739 size-full\" src=\"https:\/\/pgvape.com\/wp-content\/uploads\/2026\/03\/VOPK-Cool-Bar-20000-20k-Puffs-Disposable-Vape-Adjustable-Airflow-5Nicotine-10Taste-Smart-Display-Vape-Factory-Wholesale-3.jpg\" alt=\"Dwa rz\u0119dy kolorowych torebek na napoje o smakach: l\u00f3d arbuzowy, l\u00f3d coli, l\u00f3d truskawkowy, l\u00f3d bananowy, l\u00f3d mango, gujawa z marakui, czarna porzeczka, ananasowy l\u00f3d kokosowy, truskawkowy arbuz, jagodowe winogrona\" width=\"1500\" height=\"1298\" srcset=\"https:\/\/pgvape.com\/wp-content\/uploads\/2026\/03\/VOPK-Cool-Bar-20000-20k-Puffs-Disposable-Vape-Adjustable-Airflow-5Nicotine-10Taste-Smart-Display-Vape-Factory-Wholesale-3.jpg 1500w, https:\/\/pgvape.com\/wp-content\/uploads\/2026\/03\/VOPK-Cool-Bar-20000-20k-Puffs-Disposable-Vape-Adjustable-Airflow-5Nicotine-10Taste-Smart-Display-Vape-Factory-Wholesale-3-416x360.jpg 416w, https:\/\/pgvape.com\/wp-content\/uploads\/2026\/03\/VOPK-Cool-Bar-20000-20k-Puffs-Disposable-Vape-Adjustable-Airflow-5Nicotine-10Taste-Smart-Display-Vape-Factory-Wholesale-3-595x515.jpg 595w, https:\/\/pgvape.com\/wp-content\/uploads\/2026\/03\/VOPK-Cool-Bar-20000-20k-Puffs-Disposable-Vape-Adjustable-Airflow-5Nicotine-10Taste-Smart-Display-Vape-Factory-Wholesale-3-400x346.jpg 400w, https:\/\/pgvape.com\/wp-content\/uploads\/2026\/03\/VOPK-Cool-Bar-20000-20k-Puffs-Disposable-Vape-Adjustable-Airflow-5Nicotine-10Taste-Smart-Display-Vape-Factory-Wholesale-3-768x665.jpg 768w, https:\/\/pgvape.com\/wp-content\/uploads\/2026\/03\/VOPK-Cool-Bar-20000-20k-Puffs-Disposable-Vape-Adjustable-Airflow-5Nicotine-10Taste-Smart-Display-Vape-Factory-Wholesale-3-14x12.jpg 14w, https:\/\/pgvape.com\/wp-content\/uploads\/2026\/03\/VOPK-Cool-Bar-20000-20k-Puffs-Disposable-Vape-Adjustable-Airflow-5Nicotine-10Taste-Smart-Display-Vape-Factory-Wholesale-3-600x519.jpg 600w\" sizes=\"auto, (max-width: 1500px) 100vw, 1500px\" \/><\/strong><\/p>\n<p>&nbsp;<\/p>\n<h3><span style=\"font-size: 90%;\">VOPK Cool Bar 20000 20k Puffs Jednorazowy Vape Wideo:<\/span><\/h3>\n<p><iframe loading=\"lazy\" title=\"VOPK Cool Bar 20000 Puffs Disposable Vape Adjustable Airflow Smart Display Vape Factory Wholesale\" width=\"563\" height=\"1000\" src=\"https:\/\/www.youtube.com\/embed\/ivKsBaHnGAI?feature=oembed\" frameborder=\"0\" allow=\"accelerometer; autoplay; clipboard-write; encrypted-media; gyroscope; picture-in-picture; web-share\" referrerpolicy=\"strict-origin-when-cross-origin\" allowfullscreen><\/iframe><\/p>\n<p>&nbsp;<\/p>\n<h2>Cz\u0119sto zadawane pytania dotycz\u0105ce jednorazowego waporyzatora VOPK Cool Bar 20000 20k Puffs<\/h2>\n<p>\u2753 <strong class=\"\">Metody p\u0142atno\u015bci?<\/strong><br \/>\n\u2705 <strong>VISA, MasterCard, PayPal, American Express<\/strong>, i nie tylko.<\/p>\n<p>\u2753 <strong>Jak \u015bledzi\u0107?<\/strong><br \/>\n\u2705 <strong>Numer \u015bledzenia wys\u0142any e-mailem<\/strong> raz wys\u0142any.<\/p>\n<p>\u2753 <strong>Czas wysy\u0142ki?<\/strong><br \/>\n\u2705 <strong>Chiny<\/strong>: 7-14 dni roboczych | <strong>Magazyn UE<\/strong>: 3-6 dni roboczych.<\/p>\n<p>\u2753 <strong>Szybsza dostawa?<\/strong><br \/>\n\u2705 Wybierz <strong>Zapasy magazynowe UE<\/strong> o jak najszybsze przybycie.<\/p>\n<p>\u2753 <strong>Polityka zwrot\u00f3w?<\/strong><br \/>\n\u2705 <strong>30-dniowy zwrot<\/strong> \u2013 przedmioty musz\u0105 by\u0107 w oryginalnym stanie.<\/p>\n<p>\u2753 <strong>Pro\u015bby o smak dla losowych produkt\u00f3w?<\/strong><br \/>\n\u2705 <strong>Losowy uk\u0142ad<\/strong>, ale odejd\u017a <strong>notatka kasowa<\/strong> w przypadku konkretnych \u017cycze\u0144 \u2013 postaramy si\u0119 spe\u0142ni\u0107.<\/p>\n<p>\u2753 <strong>Wysy\u0142ka mi\u0119dzynarodowa?<\/strong><br \/>\n\u2705 <strong>Tak<\/strong> \u2013 wi\u0119kszo\u015b\u0107 kraj\u00f3w, <strong>przeprowadzona odprawa celna<\/strong>.<\/p>\n<p>\u2753 <strong>Uszkodzone\/wadliwe elementy?<\/strong><br \/>\n\u2705Kontakt <strong>obs\u0142uga klienta<\/strong> do wymiany lub zwrotu pieni\u0119dzy.<\/p>\n<p>\u2753 <strong>Jak dotrze\u0107 do wsparcia?<\/strong><br \/>\n\u2705 <strong>E-mail, WhatsApp, czat na \u017cywo<\/strong> na stronie internetowej.<\/p>\n<p>\u2753 <strong>Zaufanie i autentyczno\u015b\u0107?<\/strong><br \/>\n\u2705 Sprawd\u017a <strong>Recenzje TrustPilota<\/strong> + <strong>Ochrona kupuj\u0105cych w systemie PayPal<\/strong> utrzymany.<\/p>\n<p>&nbsp;<\/p>\n<h3 id=\"brxe-najhln\" class=\"brxe-heading\">Cz\u0119sto zadawane pytania (FAQ)<\/h3>\n<div id=\"brxe-rajiac\" class=\"brxe-text\">\n<p><strong>P: Jakie metody p\u0142atno\u015bci akceptujecie?<\/strong><br \/>\nOdp.: Akceptujemy PayPal, Stripe, przelewy bankowe (obs\u0142ugiwane SEPA), g\u0142\u00f3wne karty kredytowe (Visa, MasterCard, American Express) i p\u0142atno\u015bci w kryptowalutach.<\/p>\n<p><strong>P: Jak d\u0142ugo trwa przygotowanie zam\u00f3wienia?<\/strong><br \/>\nOdp.: Przygotowanie zam\u00f3wienia zajmuje 1-3 dni robocze.<\/p>\n<p><strong>P: Jaki jest czas wysy\u0142ki?<\/strong><br \/>\nOdp.: Czas wysy\u0142ki wynosi 7-14 dni roboczych, w zale\u017cno\u015bci od Twojej lokalizacji.<\/p>\n<p><strong>P: Jak mog\u0119 \u015bledzi\u0107 moje zam\u00f3wienie?<\/strong><br \/>\nOdp.: Po wysy\u0142ce otrzymasz wiadomo\u015b\u0107 e-mail z potwierdzeniem i numerem przesy\u0142ki umo\u017cliwiaj\u0105cym \u015bledzenie w czasie rzeczywistym.<\/p>\n<p><strong>P: Jaka jest Twoja polityka zwrot\u00f3w?<\/strong><br \/>\nOdp.: Oferujemy 30-dniow\u0105 polityk\u0119 zwrot\u00f3w lub wymiany. .<\/p>\n<p><strong>P: Czy wyst\u0105pi\u0105 jakie\u015b problemy celne?<br \/>\n<\/strong>Obs\u0142ugujemy wszystkie procedury odprawy celnej, aby zapewni\u0107 Ci bezproblemow\u0105 obs\u0142ug\u0119. .<\/p>\n<p><strong>P: Jakie metody wysy\u0142ki s\u0105 stosowane?<\/strong><br \/>\nWsp\u00f3\u0142pracujemy z firmami UPS\/DHL\/FEDEX\/DPD itp. W zale\u017cno\u015bci od kraju dostawy wybierzemy odpowiedni\u0105 opcj\u0119 wysy\u0142ki, tak aby produkty dotar\u0142y do \u200b\u200bPa\u0144stwa najszybciej jak to mo\u017cliwe.<\/p>\n<p><a href=\"https:\/\/pgvape.com\/pl\/czesto-zadawane-pytania\/\">Kliknij tutaj, aby uzyska\u0107 wi\u0119cej cz\u0119sto zadawanych pyta\u0144<\/a><\/p>\n<p>Szanowni klienci, je\u015bli masz jakiekolwiek pytania dotycz\u0105ce zam\u00f3wienia lub przybycia towaru, skontaktuj si\u0119 z naszym dzia\u0142em obs\u0142ugi klienta. Dzi\u0119kuj\u0119!<\/p>\n<h3 data-sourcepos=\"73:1-73:21\"><strong data-sourcepos=\"73:7-73:21\">Skontaktuj si\u0119 z nami<\/strong><\/h3>\n<div id=\"text-2419739398\" class=\"text\">\n<p><strong data-sourcepos=\"75:3-75:12\">E-mail<\/strong>:\u00a0<a href=\"mailto:support@pgvape.com\"><strong>support@pgvape.com<\/strong><\/a><\/p>\n<p><strong data-sourcepos=\"76:3-76:15\">WhatsApp<\/strong>:\u00a0<a href=\"https:\/\/wa.me\/+8618128481258\"><strong>+86 18128481258<\/strong><\/a><br \/>\n<strong>(Odpowied\u017a w ci\u0105gu 24 godzin w dni robocze)<\/strong><\/p>\n<\/div>\n<h3><strong>Dzi\u0119kujemy za wybranie pgvape.com! .<\/strong><\/h3>\n<\/div>","protected":false},"excerpt":{"rendered":"<p><strong>VOPK Cool Bar 20000<\/strong>\u00a0<strong>20 tys. zaci\u0105gni\u0119\u0107<\/strong>, <strong>5% nic<\/strong>, <strong>cewka siatkowa<\/strong>, <strong>regulowany przep\u0142yw powietrza<\/strong>, <strong>inteligentny wy\u015bwietlacz<\/strong>, <strong>Typ C<\/strong>.<strong>Fajne smaki, inteligentna technologia, na Tw\u00f3j spos\u00f3b.<\/strong><\/p>","protected":false},"featured_media":9737,"comment_status":"open","ping_status":"closed","template":"","meta":{"_seopress_robots_primary_cat":"none","_seopress_titles_title":"","_seopress_titles_desc":"","_seopress_robots_index":""},"product_brand":[516,218],"product_cat":[84,515,31],"product_tag":[367,135,90,608],"class_list":{"0":"post-9504","1":"product","2":"type-product","3":"status-publish","4":"has-post-thumbnail","6":"product_brand-disposable-vape","7":"product_brand-vopk-vape","8":"product_cat-20k-puffs-vape","9":"product_cat-disposable-vape","10":"product_cat-vopk-vape","11":"product_tag-20k-puffs-vape","12":"product_tag-adjustable-airflow","13":"product_tag-disposable-vape","14":"product_tag-vopk-cool-bar-20000","16":"first","17":"instock","18":"sale","19":"shipping-taxable","20":"purchasable","21":"product-type-variable"},"_links":{"self":[{"href":"https:\/\/pgvape.com\/pl\/wp-json\/wp\/v2\/product\/9504","targetHints":{"allow":["GET"]}}],"collection":[{"href":"https:\/\/pgvape.com\/pl\/wp-json\/wp\/v2\/product"}],"about":[{"href":"https:\/\/pgvape.com\/pl\/wp-json\/wp\/v2\/types\/product"}],"replies":[{"embeddable":true,"href":"https:\/\/pgvape.com\/pl\/wp-json\/wp\/v2\/comments?post=9504"}],"wp:featuredmedia":[{"embeddable":true,"href":"https:\/\/pgvape.com\/pl\/wp-json\/wp\/v2\/media\/9737"}],"wp:attachment":[{"href":"https:\/\/pgvape.com\/pl\/wp-json\/wp\/v2\/media?parent=9504"}],"wp:term":[{"taxonomy":"product_brand","embeddable":true,"href":"https:\/\/pgvape.com\/pl\/wp-json\/wp\/v2\/product_brand?post=9504"},{"taxonomy":"product_cat","embeddable":true,"href":"https:\/\/pgvape.com\/pl\/wp-json\/wp\/v2\/product_cat?post=9504"},{"taxonomy":"product_tag","embeddable":true,"href":"https:\/\/pgvape.com\/pl\/wp-json\/wp\/v2\/product_tag?post=9504"}],"curies":[{"name":"wp","href":"https:\/\/api.w.org\/{rel}","templated":true}]}}