{"id":9431,"date":"2026-03-13T07:43:36","date_gmt":"2026-03-13T07:43:36","guid":{"rendered":"https:\/\/pgvape.com\/?post_type=product&#038;p=9431"},"modified":"2026-03-19T15:37:41","modified_gmt":"2026-03-19T15:37:41","slug":"bang-king-100000-100k-zaciagniec-3w1-smak-jednorazowe-vape-2-3-5nikotyna-12smak-ekran-led-vape-fabryka-hurtownia","status":"publish","type":"product","link":"https:\/\/pgvape.com\/pl\/produkt\/bang-king-100000-100k-zaciagniec-3w1-smak-jednorazowe-vape-2-3-5nikotyna-12smak-ekran-led-vape-fabryka-hurtownia\/","title":{"rendered":"Bang King 100000 100k Puffs 3w1 Smak Jednorazowe Vape % 2% 3% 5%Nikotyna 12Taste Ekran LED Vape Fabryka Hurtowa"},"content":{"rendered":"<p><strong>Bang King 100 tys<\/strong> dostarcza <strong>100 000 zaci\u0105gni\u0119\u0107<\/strong> przez <strong>Technologia potr\u00f3jnego zbiornika 3 w 1<\/strong>, zasilany przez <strong>Akumulator o pojemno\u015bci 850 mAh<\/strong> bateria i <strong>1.2* Konfiguracja cewki siatkowej 3 \u03a9<\/strong>.<br \/>\n<strong>Szybkie \u0142adowanie typu C<\/strong>, <strong>12 potr\u00f3jnych kombinacji smakowych<\/strong> I <strong>opakowania gotowe do sprzeda\u017cy hurtowej<\/strong> da\u0107 ci <strong>potr\u00f3jna zabawa, maksymalna wytrzyma\u0142o\u015b\u0107, oszcz\u0119dno\u015b\u0107 masy<\/strong>\u2014idealny dla <strong>VapeXYZ odbiorc\u00f3w hurtowych<\/strong>.<\/p>\n<p>&nbsp;<\/p>\n<h2><span style=\"font-size: 100%;\">Bang King 100000 100k Puffs 3w1 Smak Jednorazowy Vape <strong>Dane techniczne:<\/strong><\/span><\/h2>\n<p><strong>Pufy<\/strong>: A\u017c do <strong>100,000<\/strong><\/p>\n<p><strong>Bateria<\/strong>: <strong>850 mAh<\/strong> \u2013 akumulator, pot\u0119\u017cna moc<\/p>\n<p><strong>System<\/strong>: <strong>Potr\u00f3jny zbiornik 3 w 1<\/strong> \u2013 trzy doznania, jedno urz\u0105dzenie<\/p>\n<p><strong>Cewka<\/strong>: <strong>Cewka siatkowa (1.2*3 \u03a9)<\/strong> \u2013 p\u0142ynna, sp\u00f3jna moc wyj\u015bciowa<\/p>\n<p><strong>\u0141adowanie<\/strong>: <strong>Typ C<\/strong> \u2013 szybko, nowocze\u015bnie, minimalne przestoje<\/p>\n<p><strong>Opakowanie<\/strong>: Gotowe do sprzeda\u017cy hurtowej \u2013 opcje pojedyncze, \u015brednie i hurtowe<\/p>\n<p>&nbsp;<\/p>\n<h3><span style=\"font-size: 100%;\">Bang King 100000 100k Puffs 3w1 Smak Jednorazowy Vape <strong>Lista smak\u00f3w:<\/strong><\/span><\/h3>\n<p><strong>1. Truskawka i arbuz i arbuz truskawkowy<\/strong><\/p>\n<p><strong>2.Jagody i arbuz &amp; Jagody i arbuz<\/strong><\/p>\n<p><strong>3.Brzoskwinie i Mango i Brzoskwinie Mango<\/strong><\/p>\n<p><strong>4.Ananas i Mango i Ananas Mango<\/strong><\/p>\n<p><strong>5.Truskawki Mango i Mango Brzoskwinia i Mango Brzoskwinia Arbuz<\/strong><\/p>\n<p><strong>6. Winogrona lodowe i jagodowe oraz winogrona o kwiatach wi\u015bni<\/strong><\/p>\n<p><strong>7. Napoje funkcjonalne i mi\u0142o\u015b\u0107 66 oraz mieszane owoce<\/strong><\/p>\n<p><strong>8. Jagoda Mi\u0119ta i Jagoda Malina i Potr\u00f3jna Ple\u015b\u0144<\/strong><\/p>\n<p><strong>9.Truskawkowe kiwi i kiwi gujawa oraz l\u00f3d czarnego smoka<\/strong><\/p>\n<p><strong>10. Koks lodowy i truskawkowo-waniliowy koks i wi\u015bniowe kakao<\/strong><\/p>\n<p><strong>11. Arbuzowa guma balonowa i jagodowa guma balonowa i jagodowy arbuz<\/strong><\/p>\n<p><strong>12.Lody bananowe i truskawkowe Lody bananowo-truskawkowe<img loading=\"lazy\" decoding=\"async\" class=\"alignnone wp-image-9436 size-full\" src=\"https:\/\/pgvape.com\/wp-content\/uploads\/2026\/03\/Bang-King-100000-100k-Puffs-3-in-1-Flavor-Disposable-Vape-2-3-5Nicotine-12Taste-LED-Screen-Vape-Factory-Wholesale-3.png\" alt=\"\" width=\"1342\" height=\"2000\" srcset=\"https:\/\/pgvape.com\/wp-content\/uploads\/2026\/03\/Bang-King-100000-100k-Puffs-3-in-1-Flavor-Disposable-Vape-2-3-5Nicotine-12Taste-LED-Screen-Vape-Factory-Wholesale-3.png 1342w, https:\/\/pgvape.com\/wp-content\/uploads\/2026\/03\/Bang-King-100000-100k-Puffs-3-in-1-Flavor-Disposable-Vape-2-3-5Nicotine-12Taste-LED-Screen-Vape-Factory-Wholesale-3-242x360.png 242w, https:\/\/pgvape.com\/wp-content\/uploads\/2026\/03\/Bang-King-100000-100k-Puffs-3-in-1-Flavor-Disposable-Vape-2-3-5Nicotine-12Taste-LED-Screen-Vape-Factory-Wholesale-3-595x887.png 595w, https:\/\/pgvape.com\/wp-content\/uploads\/2026\/03\/Bang-King-100000-100k-Puffs-3-in-1-Flavor-Disposable-Vape-2-3-5Nicotine-12Taste-LED-Screen-Vape-Factory-Wholesale-3-268x400.png 268w, https:\/\/pgvape.com\/wp-content\/uploads\/2026\/03\/Bang-King-100000-100k-Puffs-3-in-1-Flavor-Disposable-Vape-2-3-5Nicotine-12Taste-LED-Screen-Vape-Factory-Wholesale-3-768x1145.png 768w, https:\/\/pgvape.com\/wp-content\/uploads\/2026\/03\/Bang-King-100000-100k-Puffs-3-in-1-Flavor-Disposable-Vape-2-3-5Nicotine-12Taste-LED-Screen-Vape-Factory-Wholesale-3-1031x1536.png 1031w, https:\/\/pgvape.com\/wp-content\/uploads\/2026\/03\/Bang-King-100000-100k-Puffs-3-in-1-Flavor-Disposable-Vape-2-3-5Nicotine-12Taste-LED-Screen-Vape-Factory-Wholesale-3-8x12.png 8w, https:\/\/pgvape.com\/wp-content\/uploads\/2026\/03\/Bang-King-100000-100k-Puffs-3-in-1-Flavor-Disposable-Vape-2-3-5Nicotine-12Taste-LED-Screen-Vape-Factory-Wholesale-3-600x894.png 600w\" sizes=\"auto, (max-width: 1342px) 100vw, 1342px\" \/><\/strong><\/p>\n<p>&nbsp;<\/p>\n<h2>Cz\u0119sto zadawane pytania dotycz\u0105ce jednorazowego waporyzatora Bang King 100000 100k Puffs 3w1 o smaku<\/h2>\n<p>\u2753 <strong>Co oznacza \u201c3 w 1\u201d?<\/strong><br \/>\n\u2705 <strong>Trzy r\u00f3\u017cne kombinacje smakowe<\/strong> w jednym urz\u0105dzeniu \u2013 odkrywaj r\u00f3\u017cnorodno\u015b\u0107 bez konieczno\u015bci zmiany waporyzator\u00f3w.<\/p>\n<p>\u2753 <strong>Jak do\u0142adowa\u0107?<\/strong><br \/>\n\u2705 <strong>Standardowy kabel typu C<\/strong> \u2013 pod\u0142\u0105cz, gdy jest niski, i ciesz si\u0119 dalej <strong>100 tys. zaci\u0105gni\u0119\u0107<\/strong>.<\/p>\n<p>\u2753 <strong>Dost\u0119pne luzem?<\/strong><br \/>\n\u2705 <strong>Absolutnie<\/strong> \u2013 specjalista ds. hurtowni, zakup\u00f3w <strong>du\u017ce ilo\u015bci<\/strong> bezpo\u015brednio z <strong>VapeXYZ<\/strong>.<\/p>\n<p>\u2753 <strong>\u0141atwy w u\u017cyciu?<\/strong><br \/>\n\u2705 <strong>Tak<\/strong> \u2013 <strong>rozpakuj i gotowe<\/strong>, zaprojektowany z my\u015bl\u0105 o prostocie i natychmiastowej przyjemno\u015bci.<\/p>\n<p>&nbsp;<\/p>\n<h3 id=\"brxe-najhln\" class=\"brxe-heading\">Cz\u0119sto zadawane pytania (FAQ)<\/h3>\n<div id=\"brxe-rajiac\" class=\"brxe-text\">\n<p><strong>P: Jakie metody p\u0142atno\u015bci akceptujecie?<\/strong><br \/>\nOdp.: Akceptujemy PayPal, Stripe, przelewy bankowe (obs\u0142ugiwane SEPA), g\u0142\u00f3wne karty kredytowe (Visa, MasterCard, American Express) i p\u0142atno\u015bci w kryptowalutach.<\/p>\n<p><strong>P: Jak d\u0142ugo trwa przygotowanie zam\u00f3wienia?<\/strong><br \/>\nOdp.: Przygotowanie zam\u00f3wienia zajmuje 1-3 dni robocze.<\/p>\n<p><strong>P: Jaki jest czas wysy\u0142ki?<\/strong><br \/>\nOdp.: Czas wysy\u0142ki wynosi 7-14 dni roboczych, w zale\u017cno\u015bci od Twojej lokalizacji. Dostawa towar\u00f3w z europejskich magazyn\u00f3w trwa zazwyczaj 3-6 dni roboczych.<\/p>\n<p><strong>P: Jak mog\u0119 \u015bledzi\u0107 moje zam\u00f3wienie?<\/strong><br \/>\nOdp.: Po wysy\u0142ce otrzymasz wiadomo\u015b\u0107 e-mail z potwierdzeniem i numerem przesy\u0142ki umo\u017cliwiaj\u0105cym \u015bledzenie w czasie rzeczywistym.<\/p>\n<p><strong>P: Jaka jest Twoja polityka zwrot\u00f3w?<\/strong><br \/>\nOdp.: Oferujemy 30-dniow\u0105 polityk\u0119 zwrot\u00f3w lub wymiany. .<\/p>\n<p><strong>P: Czy wyst\u0105pi\u0105 jakie\u015b problemy celne?<br \/>\n<\/strong>Obs\u0142ugujemy wszystkie procedury odprawy celnej, aby zapewni\u0107 Ci bezproblemow\u0105 obs\u0142ug\u0119. .<\/p>\n<p><strong>P: Jakie metody wysy\u0142ki s\u0105 stosowane?<\/strong><br \/>\nWsp\u00f3\u0142pracujemy z firmami UPS\/DHL\/FEDEX\/DPD itp. W zale\u017cno\u015bci od kraju dostawy wybierzemy odpowiedni\u0105 opcj\u0119 wysy\u0142ki, tak aby produkty dotar\u0142y do \u200b\u200bPa\u0144stwa najszybciej jak to mo\u017cliwe.<\/p>\n<p><a href=\"https:\/\/pgvape.com\/pl\/czesto-zadawane-pytania\/\">Kliknij tutaj, aby uzyska\u0107 wi\u0119cej cz\u0119sto zadawanych pyta\u0144<\/a><\/p>\n<p>Szanowni klienci, je\u015bli masz jakiekolwiek pytania dotycz\u0105ce zam\u00f3wienia lub przybycia towaru, skontaktuj si\u0119 z naszym dzia\u0142em obs\u0142ugi klienta. Dzi\u0119kuj\u0119!<\/p>\n<h3 data-sourcepos=\"73:1-73:21\"><strong data-sourcepos=\"73:7-73:21\">Skontaktuj si\u0119 z nami<\/strong><\/h3>\n<div id=\"text-2419739398\" class=\"text\">\n<p><strong data-sourcepos=\"75:3-75:12\">E-mail<\/strong>:\u00a0<a href=\"mailto:support@pgvape.com\"><strong>support@pgvape.com<\/strong><\/a><\/p>\n<p><strong data-sourcepos=\"76:3-76:15\">WhatsApp<\/strong>:\u00a0<a href=\"https:\/\/wa.me\/+8618128481258\"><strong>+86 18128481258<\/strong><\/a><br \/>\n<strong>(Odpowied\u017a w ci\u0105gu 24 godzin w dni robocze)<\/strong><\/p>\n<\/div>\n<h3><strong>Dzi\u0119kujemy za wybranie pgvape.com! .<\/strong><\/h3>\n<\/div>","protected":false},"excerpt":{"rendered":"<p><strong>Bang King 100 000<\/strong> <strong>100 tys. zaci\u0105gni\u0119\u0107<\/strong>, <strong>Potr\u00f3jny zbiornik 3 w 1<\/strong>, <strong>1.2*3 siatka \u03a9<\/strong>, <strong>850 mAh typu C<\/strong>, <strong>gotowe do sprzeda\u017cy hurtowej<\/strong>.<strong>Potr\u00f3jne smaki, potr\u00f3jna zabawa, jeden epicki waporyzator.<\/strong><\/p>","protected":false},"featured_media":9435,"comment_status":"open","ping_status":"closed","template":"","meta":{"_seopress_robots_primary_cat":"none","_seopress_titles_title":"","_seopress_titles_desc":"","_seopress_robots_index":""},"product_brand":[19,516],"product_cat":[170,18,515],"product_tag":[395,605,604,607,90,490],"class_list":{"0":"post-9431","1":"product","2":"type-product","3":"status-publish","4":"has-post-thumbnail","6":"product_brand-bang-king-vape","7":"product_brand-disposable-vape","8":"product_cat-100k-puffs-vape","9":"product_cat-bang-king-vape","10":"product_cat-disposable-vape","11":"product_tag-100k-puffs-vape","12":"product_tag-3in1-flavor","13":"product_tag-bang-king-100000","14":"product_tag-bang-king-vape","15":"product_tag-disposable-vape","16":"product_tag-minimum-2-pieces","18":"first","19":"instock","20":"sale","21":"shipping-taxable","22":"purchasable","23":"product-type-variable"},"_links":{"self":[{"href":"https:\/\/pgvape.com\/pl\/wp-json\/wp\/v2\/product\/9431","targetHints":{"allow":["GET"]}}],"collection":[{"href":"https:\/\/pgvape.com\/pl\/wp-json\/wp\/v2\/product"}],"about":[{"href":"https:\/\/pgvape.com\/pl\/wp-json\/wp\/v2\/types\/product"}],"replies":[{"embeddable":true,"href":"https:\/\/pgvape.com\/pl\/wp-json\/wp\/v2\/comments?post=9431"}],"wp:featuredmedia":[{"embeddable":true,"href":"https:\/\/pgvape.com\/pl\/wp-json\/wp\/v2\/media\/9435"}],"wp:attachment":[{"href":"https:\/\/pgvape.com\/pl\/wp-json\/wp\/v2\/media?parent=9431"}],"wp:term":[{"taxonomy":"product_brand","embeddable":true,"href":"https:\/\/pgvape.com\/pl\/wp-json\/wp\/v2\/product_brand?post=9431"},{"taxonomy":"product_cat","embeddable":true,"href":"https:\/\/pgvape.com\/pl\/wp-json\/wp\/v2\/product_cat?post=9431"},{"taxonomy":"product_tag","embeddable":true,"href":"https:\/\/pgvape.com\/pl\/wp-json\/wp\/v2\/product_tag?post=9431"}],"curies":[{"name":"wp","href":"https:\/\/api.w.org\/{rel}","templated":true}]}}