{"id":9401,"date":"2026-03-13T06:10:06","date_gmt":"2026-03-13T06:10:06","guid":{"rendered":"https:\/\/pgvape.com\/?post_type=product&#038;p=9401"},"modified":"2026-03-19T15:35:10","modified_gmt":"2026-03-19T15:35:10","slug":"bang-legend-300000-300k-zaciagniec-8w1-smak-jednorazowe-vape-0-2-3-5nikotyna-12smak-ekran-led-vape-fabryka-hurtownia","status":"publish","type":"product","link":"https:\/\/pgvape.com\/pl\/produkt\/bang-legend-300000-300k-zaciagniec-8w1-smak-jednorazowe-vape-0-2-3-5nikotyna-12smak-ekran-led-vape-fabryka-hurtownia\/","title":{"rendered":"Bang Legend 300000 300k Puffs 8in1 Smak Jednorazowe Vape 0% 2% 3% 5%Nikotyna 12Taste Ekran LED Vape Fabryka Hurtowa"},"content":{"rendered":"<p><strong>Bang Legend 300 tys<\/strong> dostarcza <strong class=\"\">300 000 zaci\u0105gni\u0119\u0107<\/strong> z <strong class=\"\">40 ml<\/strong> e-liquidu, zasilany przez <strong>cztery cewki siatkowe 1.0 \u03a9<\/strong>, jaki\u015b <strong class=\"\">850 mAh typu C<\/strong> bateria i <strong>Ekran LED<\/strong>.<br \/>\n<strong>System smakowy 8 w 1<\/strong>, <strong>0 % \/ 2 % \/ 3 % \/ 5 %<\/strong> nicotine and <strong>12 r\u00f3\u017cnorodnych kombinacji smakowych<\/strong> da\u0107 ci <strong>wyj\u0105tkowa trwa\u0142o\u015b\u0107, maksymalna r\u00f3\u017cnorodno\u015b\u0107, nowoczesna wygoda<\/strong>\u2014 ostateczny <strong>jednorazowe o du\u017cej pojemno\u015bci<\/strong>.<\/p>\n<p>&nbsp;<\/p>\n<h2><span style=\"font-size: 90%;\">Bang Legend 300000 300k Puffs Jednorazowy Vape o smaku 8w1 <strong>Dane techniczne:<\/strong><\/span><\/h2>\n<p><strong>Pufy<\/strong>: A\u017c do <strong>300,000<\/strong> \u2013 wyj\u0105tkowo trwa\u0142y<\/p>\n<p><strong>E-ciecz<\/strong>: <strong>40 ml<\/strong> \u2013 d\u0142u\u017csze u\u017cytkowanie bez wymiany<\/p>\n<p><strong>System smakowy<\/strong>: <strong>8 w 1<\/strong> \u2013 wiele kombinacji, jedno urz\u0105dzenie<\/p>\n<p><strong>Cewki<\/strong>: <strong>4 \u00d7 siatka 1.0 \u03a9<\/strong> \u2013 bogatszy smak, g\u0142adsza para<\/p>\n<p><strong>Bateria<\/strong>: <strong>850 mAh<\/strong>, <strong>Typ C<\/strong> szybkie \u0142adowanie \u2013 stabilna codzienna wydajno\u015b\u0107<\/p>\n<p><strong>Wy\u015bwietlacz<\/strong>: <strong class=\"\">Ekran LED<\/strong> \u2013 przegl\u0105d stanu baterii<\/p>\n<p><strong>Nikotyna<\/strong>: <strong>0 %, 2 %, 3 %, 5 %<\/strong> \u2013 elastyczny dla wszystkich preferencji<\/p>\n<p><strong>Projekt<\/strong>: Nowoczesny, praktyczny, gotowy na co dzie\u0144<\/p>\n<p>&nbsp;<\/p>\n<h3><span style=\"font-size: 90%;\">Bang Legend 300000 300k Puffs Jednorazowy Vape o smaku 8w1 <strong>Lista smak\u00f3w:<\/strong><\/span><\/h3>\n<p><strong>1.Mamba i brzoskwiniowo-mango, arbuz, nap\u00f3j energetyczny i l\u00f3d winogronowy<\/strong><\/p>\n<p><strong>2. Marakuja, Mango i Brzoskwinia, Ananas, Jagoda, Malina i Arbuz L\u00f3d<\/strong><\/p>\n<p><strong>3. L\u00f3d cytrynowy, kwa\u015bna pomara\u0144cza i mango, brzoskwinia i arbuz oraz l\u00f3d jagodowy<\/strong><\/p>\n<p><strong>4. Jab\u0142ko, Gruszka i Truskawka Mango i Truskawka Arbuz i Lody Bor\u00f3wkowe<\/strong><\/p>\n<p><strong>5. Arbuz Jagoda i Mango Brzoskwinia Morela i Truskawka Kiwi i Brzoskwinia Mango Arbuz<\/strong><\/p>\n<p><strong>6. Summer Time &amp; Mango Ice &amp; Love 66 &amp; Sour Mango Ananas<\/strong><\/p>\n<p><strong>7.Kiwi Marakuja, Gujawa i L\u00f3d Winogronowy, Nami\u0119tny Poca\u0142unek i Arbuz Kwa\u015bna Brzoskwinia<\/strong><\/p>\n<p><strong>8. Arbuz Pitaja i jab\u0142ko Gruszka i marakuja Kiwi Limonka i jagoda Brzoskwinia L\u00f3d<\/strong><\/p>\n<p><strong>9. Truskawkowy Banan i Arbuz Jagoda i L\u00f3d Jagodowy i L\u00f3d Fuji<\/strong><\/p>\n<p><strong>10. \u017belowy Mi\u015b i Mieszanka Berrie, Truskawka, Arbuz i Limonka<\/strong><\/p>\n<p><strong>11. Arbuzowa guma balonowa i jagoda brzoskwiniowa, kantalupa, jab\u0142ko i truskawka, banan<\/strong><\/p>\n<p><strong>12.Arbuz Kwa\u015bna Brzoskwinia i Lody Bor\u00f3wkowe oraz Wi\u015bnia Kalifornijska i Truskawka Mango<img loading=\"lazy\" decoding=\"async\" class=\"alignnone wp-image-9406 size-full\" src=\"https:\/\/pgvape.com\/wp-content\/uploads\/2026\/03\/Bang-Legend-300000-300k-Puffs-8-in-1-Flavor-Disposable-Vape-0-2-3-5Nicotine-12Taste-LED-Screen-Vape-Factory-Wholesale-3.png\" alt=\"R\u00f3\u017cne puszki po napojach energetycznych Bang Legend 8w1 z rysunkowymi ma\u0142pami w jasnych kolorach, u\u0142o\u017cone w dw\u00f3ch rz\u0119dach na neonowym tle.\" width=\"1976\" height=\"1909\" srcset=\"https:\/\/pgvape.com\/wp-content\/uploads\/2026\/03\/Bang-Legend-300000-300k-Puffs-8-in-1-Flavor-Disposable-Vape-0-2-3-5Nicotine-12Taste-LED-Screen-Vape-Factory-Wholesale-3.png 1976w, https:\/\/pgvape.com\/wp-content\/uploads\/2026\/03\/Bang-Legend-300000-300k-Puffs-8-in-1-Flavor-Disposable-Vape-0-2-3-5Nicotine-12Taste-LED-Screen-Vape-Factory-Wholesale-3-373x360.png 373w, https:\/\/pgvape.com\/wp-content\/uploads\/2026\/03\/Bang-Legend-300000-300k-Puffs-8-in-1-Flavor-Disposable-Vape-0-2-3-5Nicotine-12Taste-LED-Screen-Vape-Factory-Wholesale-3-595x575.png 595w, https:\/\/pgvape.com\/wp-content\/uploads\/2026\/03\/Bang-Legend-300000-300k-Puffs-8-in-1-Flavor-Disposable-Vape-0-2-3-5Nicotine-12Taste-LED-Screen-Vape-Factory-Wholesale-3-400x386.png 400w, https:\/\/pgvape.com\/wp-content\/uploads\/2026\/03\/Bang-Legend-300000-300k-Puffs-8-in-1-Flavor-Disposable-Vape-0-2-3-5Nicotine-12Taste-LED-Screen-Vape-Factory-Wholesale-3-768x742.png 768w, https:\/\/pgvape.com\/wp-content\/uploads\/2026\/03\/Bang-Legend-300000-300k-Puffs-8-in-1-Flavor-Disposable-Vape-0-2-3-5Nicotine-12Taste-LED-Screen-Vape-Factory-Wholesale-3-1536x1484.png 1536w, https:\/\/pgvape.com\/wp-content\/uploads\/2026\/03\/Bang-Legend-300000-300k-Puffs-8-in-1-Flavor-Disposable-Vape-0-2-3-5Nicotine-12Taste-LED-Screen-Vape-Factory-Wholesale-3-12x12.png 12w, https:\/\/pgvape.com\/wp-content\/uploads\/2026\/03\/Bang-Legend-300000-300k-Puffs-8-in-1-Flavor-Disposable-Vape-0-2-3-5Nicotine-12Taste-LED-Screen-Vape-Factory-Wholesale-3-600x580.png 600w\" sizes=\"auto, (max-width: 1976px) 100vw, 1976px\" \/><\/strong><\/p>\n<p>&nbsp;<\/p>\n<h2>Cz\u0119sto zadawane pytania na temat jednorazowego waporyzatora Bang Legend 300000 300k Puffs 8w1 o smaku<\/h2>\n<p>\u2753 <strong>Ile zaci\u0105gni\u0119\u0107?<\/strong><br \/>\n\u2705 <strong>Do 300 tys<\/strong> \u2013 niezwykle d\u0142ugotrwa\u0142e do\u015bwiadczenie.<\/p>\n<p>\u2753 <strong>Dost\u0119pne moce nikotyny?<\/strong><br \/>\n\u2705 <strong>0 %, 2 %, 3 %, 5 %<\/strong> \u2013 wybierz preferowany poziom.<\/p>\n<p>\u2753 <strong>Czy mo\u017cna go \u0142adowa\u0107?<\/strong><br \/>\n\u2705 <strong class=\"\">Tak<\/strong> \u2013 <strong>850 mAh<\/strong> bateria z <strong>Typ C<\/strong> szybkie \u0142adowanie.<\/p>\n<p>\u2753 <strong>Co czyni go wyj\u0105tkowym?<\/strong><br \/>\n\u2705 <strong>Smaki 8 w 1<\/strong> + <strong>cewki z czterema siatkami<\/strong> + <strong>Wy\u015bwietlacz LED<\/strong> + <strong>Pojemno\u015b\u0107 40ml<\/strong> = wszechstronno\u015b\u0107, trwa\u0142o\u015b\u0107, wysoka wydajno\u015b\u0107.<\/p>\n<p>\u2753 <strong>Gdzie kupi\u0107?<\/strong><br \/>\n\u2705Dost\u0119pne pod adresem <strong>KingApeVape<\/strong> \u2013 szeroka gama jednorazowych pojemnik\u00f3w o du\u017cej pojemno\u015bci i smak\u00f3w.<\/p>\n<p>&nbsp;<\/p>\n<h3 id=\"brxe-najhln\" class=\"brxe-heading\">Cz\u0119sto zadawane pytania (FAQ)<\/h3>\n<div id=\"brxe-rajiac\" class=\"brxe-text\">\n<p><strong>P: Jakie metody p\u0142atno\u015bci akceptujecie?<\/strong><br \/>\nOdp.: Akceptujemy PayPal, Stripe, przelewy bankowe (obs\u0142ugiwane SEPA), g\u0142\u00f3wne karty kredytowe (Visa, MasterCard, American Express) i p\u0142atno\u015bci w kryptowalutach.<\/p>\n<p><strong>P: Jak d\u0142ugo trwa przygotowanie zam\u00f3wienia?<\/strong><br \/>\nOdp.: Przygotowanie zam\u00f3wienia zajmuje 1-3 dni robocze.<\/p>\n<p><strong>P: Jaki jest czas wysy\u0142ki?<\/strong><br \/>\nOdp.: Czas wysy\u0142ki wynosi 7-14 dni roboczych, w zale\u017cno\u015bci od Twojej lokalizacji. Dostawa towar\u00f3w z europejskich magazyn\u00f3w trwa zazwyczaj 3-6 dni roboczych.<\/p>\n<p><strong>P: Jak mog\u0119 \u015bledzi\u0107 moje zam\u00f3wienie?<\/strong><br \/>\nOdp.: Po wysy\u0142ce otrzymasz wiadomo\u015b\u0107 e-mail z potwierdzeniem i numerem przesy\u0142ki umo\u017cliwiaj\u0105cym \u015bledzenie w czasie rzeczywistym.<\/p>\n<p><strong>P: Jaka jest Twoja polityka zwrot\u00f3w?<\/strong><br \/>\nOdp.: Oferujemy 30-dniow\u0105 polityk\u0119 zwrot\u00f3w lub wymiany. .<\/p>\n<p><strong>P: Czy wyst\u0105pi\u0105 jakie\u015b problemy celne?<br \/>\n<\/strong>Obs\u0142ugujemy wszystkie procedury odprawy celnej, aby zapewni\u0107 Ci bezproblemow\u0105 obs\u0142ug\u0119. .<\/p>\n<p><strong>P: Jakie metody wysy\u0142ki s\u0105 stosowane?<\/strong><br \/>\nWsp\u00f3\u0142pracujemy z firmami UPS\/DHL\/FEDEX\/DPD itp. W zale\u017cno\u015bci od kraju dostawy wybierzemy odpowiedni\u0105 opcj\u0119 wysy\u0142ki, tak aby produkty dotar\u0142y do \u200b\u200bPa\u0144stwa najszybciej jak to mo\u017cliwe.<\/p>\n<p><a href=\"https:\/\/pgvape.com\/pl\/czesto-zadawane-pytania\/\">Kliknij tutaj, aby uzyska\u0107 wi\u0119cej cz\u0119sto zadawanych pyta\u0144<\/a><\/p>\n<p>Szanowni klienci, je\u015bli masz jakiekolwiek pytania dotycz\u0105ce zam\u00f3wienia lub przybycia towaru, skontaktuj si\u0119 z naszym dzia\u0142em obs\u0142ugi klienta. Dzi\u0119kuj\u0119!<\/p>\n<h3 data-sourcepos=\"73:1-73:21\"><strong data-sourcepos=\"73:7-73:21\">Skontaktuj si\u0119 z nami<\/strong><\/h3>\n<div id=\"text-2419739398\" class=\"text\">\n<p><strong data-sourcepos=\"75:3-75:12\">E-mail<\/strong>:\u00a0<a href=\"mailto:support@pgvape.com\"><strong>support@pgvape.com<\/strong><\/a><\/p>\n<p><strong data-sourcepos=\"76:3-76:15\">WhatsApp<\/strong>:\u00a0<a href=\"https:\/\/wa.me\/+8618128481258\"><strong>+86 18128481258<\/strong><\/a><br \/>\n<strong>(Odpowied\u017a w ci\u0105gu 24 godzin w dni robocze)<\/strong><\/p>\n<\/div>\n<h3><strong>Dzi\u0119kujemy za wybranie pgvape.com! .<\/strong><\/h3>\n<\/div>","protected":false},"excerpt":{"rendered":"<p><strong>Bang Legend 300000<\/strong> <strong>300 tys. zaci\u0105gni\u0119\u0107<\/strong>, <strong>40 ml<\/strong>, <strong>Smaki 8 w 1<\/strong>, <strong>siatka czworok\u0105tna<\/strong>, <strong>Wy\u015bwietlacz LED<\/strong>, <strong>Typ C<\/strong>, <strong>0-5% nic<\/strong>.<strong>Legendarna pojemno\u015b\u0107, osiem smak\u00f3w, jeden epicki waporyzator.<\/strong><\/p>","protected":false},"featured_media":9405,"comment_status":"open","ping_status":"closed","template":"","meta":{"_seopress_robots_primary_cat":"none","_seopress_titles_title":"%%post_title%%","_seopress_titles_desc":"","_seopress_robots_index":""},"product_brand":[72,516],"product_cat":[517,71,515],"product_tag":[519,601,603,606,90,490],"class_list":{"0":"post-9401","1":"product","2":"type-product","3":"status-publish","4":"has-post-thumbnail","6":"product_brand-bang-legend-vape","7":"product_brand-disposable-vape","8":"product_cat-300k-puffs-vape","9":"product_cat-bang-legend-vape","10":"product_cat-disposable-vape","11":"product_tag-300k-puffs-vape","12":"product_tag-8in1-flavor","13":"product_tag-bang-legend-300000","14":"product_tag-bang-legend-vape","15":"product_tag-disposable-vape","16":"product_tag-minimum-2-pieces","18":"first","19":"instock","20":"sale","21":"shipping-taxable","22":"purchasable","23":"product-type-variable"},"_links":{"self":[{"href":"https:\/\/pgvape.com\/pl\/wp-json\/wp\/v2\/product\/9401","targetHints":{"allow":["GET"]}}],"collection":[{"href":"https:\/\/pgvape.com\/pl\/wp-json\/wp\/v2\/product"}],"about":[{"href":"https:\/\/pgvape.com\/pl\/wp-json\/wp\/v2\/types\/product"}],"replies":[{"embeddable":true,"href":"https:\/\/pgvape.com\/pl\/wp-json\/wp\/v2\/comments?post=9401"}],"wp:featuredmedia":[{"embeddable":true,"href":"https:\/\/pgvape.com\/pl\/wp-json\/wp\/v2\/media\/9405"}],"wp:attachment":[{"href":"https:\/\/pgvape.com\/pl\/wp-json\/wp\/v2\/media?parent=9401"}],"wp:term":[{"taxonomy":"product_brand","embeddable":true,"href":"https:\/\/pgvape.com\/pl\/wp-json\/wp\/v2\/product_brand?post=9401"},{"taxonomy":"product_cat","embeddable":true,"href":"https:\/\/pgvape.com\/pl\/wp-json\/wp\/v2\/product_cat?post=9401"},{"taxonomy":"product_tag","embeddable":true,"href":"https:\/\/pgvape.com\/pl\/wp-json\/wp\/v2\/product_tag?post=9401"}],"curies":[{"name":"wp","href":"https:\/\/api.w.org\/{rel}","templated":true}]}}