{"id":9367,"date":"2026-03-10T08:25:51","date_gmt":"2026-03-10T08:25:51","guid":{"rendered":"https:\/\/pgvape.com\/?post_type=product&#038;p=9367"},"modified":"2026-03-15T13:57:34","modified_gmt":"2026-03-15T13:57:34","slug":"bang-box-200000-200k-zaciagniec-8w1-smak-jednorazowe-vape-0-2-3-5nikotyna-10smak-inteligentny-ekran-vape-fabryka-hurtownia","status":"publish","type":"product","link":"https:\/\/pgvape.com\/pl\/produkt\/bang-box-200000-200k-zaciagniec-8w1-smak-jednorazowe-vape-0-2-3-5nikotyna-10smak-inteligentny-ekran-vape-fabryka-hurtownia\/","title":{"rendered":"Bang Box 200000 200k Puffs 8in1 Smak Jednorazowe Vape 0% 2% 3% 5%Nikotyna 10Taste Inteligentny Ekran Vape Fabryka Hurtowa"},"content":{"rendered":"<p><strong>Bang Box 200 tys<\/strong> dostarcza <strong>200 000 zaci\u0105gni\u0119\u0107<\/strong> z <strong>40 ml<\/strong> przez <strong>cztery niezale\u017cne zbiorniki<\/strong>, wyposa\u017cony <strong>Regulacja smaku 8 w 1<\/strong>\u2014<strong>cztery pojedyncze smaki + cztery niestandardowe mieszanki<\/strong>.<br \/>\nJaki\u015b <strong>850 mAh typu C<\/strong> bateria, <strong>cewka siatkowa<\/strong>, <strong>inteligentny wy\u015bwietlacz cyfrowy<\/strong> I <strong>fajny projekt ma\u0142py<\/strong> da\u0107 ci <strong>ca\u0142kowita przejrzysto\u015b\u0107, maksymalna r\u00f3\u017cnorodno\u015b\u0107, ekstremalna trwa\u0142o\u015b\u0107<\/strong>\u2014<strong>0 % \/ 2 % \/ 3 % \/ 5 %<\/strong> nikotyna.<\/p>\n<p>&nbsp;<\/p>\n<h2><strong><span style=\"font-size: 90%;\">Bang Box 200000 200k Puffs 8w1 Smak Jednorazowy Vape Dane techniczne:<\/span><\/strong><\/h2>\n<p><strong>Pufy<\/strong>: A\u017c do <strong>200,000<\/strong> \u2013 wiod\u0105ca w bran\u017cy wydajno\u015b\u0107<\/p>\n<p><strong>E-ciecz<\/strong>: <strong>40 ml<\/strong> \u2013 znaczny zbiornik<\/p>\n<p><strong>System smakowy<\/strong>: <strong>Regulacja 8 w 1<\/strong> \u2013 4 pojedyncze smaki + 4 niestandardowe mieszanki, p\u0142ynne prze\u0142\u0105czanie<\/p>\n<p><strong>Czo\u0142gi<\/strong>: <strong>Czterokomorowy<\/strong> \u2013 niezale\u017cny, uszczelniony integralno\u015b\u0107 smaku<\/p>\n<p><strong>Nikotyna<\/strong>: <strong>0 %, 2 %, 3 %, 5 %<\/strong> \u2013 opcje inkluzywne, dost\u0119pne bez nikotyny<\/p>\n<p><strong>Bateria<\/strong>: <strong>850 mAh<\/strong>, <strong class=\"\">Typ C<\/strong> szybkie \u0142adowanie<\/p>\n<p><strong>Cewka<\/strong>: <strong>Cewka siatkowa<\/strong> \u2013 r\u00f3wnomierne ogrzewanie, bogatsza para, czystszy smak<\/p>\n<p><strong>Wy\u015bwietlacz<\/strong>: <strong>Inteligentny ekran cyfrowy<\/strong> \u2013 bateria w czasie rzeczywistym + indywidualne poziomy zbiornik\u00f3w<\/p>\n<p><strong>Projekt<\/strong>: <strong>Przeno\u015bny<\/strong> z <strong>przyci\u0105gaj\u0105ca wzrok ma\u0142pia estetyka<\/strong><\/p>\n<p><strong>Cel<\/strong>: Ci\u0119\u017ccy u\u017cytkownicy, odkrywcy smak\u00f3w, entuzja\u015bci inteligentnego vape<\/p>\n<p>&nbsp;<\/p>\n<h3><strong><span style=\"font-size: 90%;\">Bang Box 200000 200 tys. Puff\u00f3w 8w1 Smak Jednorazowy Vape Lista smak\u00f3w:<\/span><\/strong><\/h3>\n<p><strong class=\"\">1.L\u00f3d jagodowy \u2022 Arbuz jagodowy \u2022 Malina \u2022 Limonka cytrynowa<\/strong><\/p>\n<p><strong>2. L\u00f3d arbuzowy \u2022 Guma balonowa arbuzowa \u2022 L\u00f3d wi\u015bniowy \u2022 Guma balonowa<\/strong><\/p>\n<p><strong class=\"\">3. L\u00f3d mi\u0119towy \u2022 L\u00f3d jagodowo-malinowy \u2022 L\u00f3d winogronowy \u2022 Cukierki Nerdz<\/strong><\/p>\n<p><strong>4. Potr\u00f3jna spadziowa \u2022 Mi\u0142o\u015b\u0107 66 \u2022 Marakuja \u2022 Ananasowo-kokosowy l\u00f3d<\/strong><\/p>\n<p><strong class=\"\">5.Podw\u00f3jne Jab\u0142ko \u2022 Kwa\u015bne Jab\u0142ko Malina \u2022 Lody Je\u017cynowe \u2022 Ananas Brzoskwinia<\/strong><\/p>\n<p><strong>6.L\u00f3d Truskawkowy \u2022 Kiwi Truskawkowe \u2022 L\u00f3d Niebieski Malinowy \u2022 R\u00f3\u017cowa Lemoniada<\/strong><\/p>\n<p><strong>7.Cherry Cola \u2022 Jagoda Wi\u015bnia \u2022 \u017burawina \u2022 Truskawka Malina<\/strong><\/p>\n<p><strong class=\"\">8. L\u00f3d ananasowy \u2022 Ananas z kwa\u015bnego mango \u2022 L\u00f3d brzoskwiniowy \u2022 Lemoniada ananasowa<\/strong><\/p>\n<p><strong>9.L\u00f3d Czarnego Smoka \u2022 Pitaja Truskawkowa \u2022 Potr\u00f3jna Jagoda \u2022 \u017burawina Wi\u015bniowa<\/strong><\/p>\n<p><strong>10.Triple Mango \u2022 Mango Marakuja \u2022 L\u00f3d Ananasowy \u2022 Truskawka Mango<img loading=\"lazy\" decoding=\"async\" class=\"alignnone wp-image-9382 size-full\" src=\"https:\/\/pgvape.com\/wp-content\/uploads\/2026\/03\/Bang-Box-200k-8-in-1-Flavor-Disposable-Vape-0-2-3-5-Nicotine-10Taste-Smart-Screen-Vape-Factory-Wholesale-13.png\" alt=\"Dziesi\u0119\u0107 kolorowych butelek vape Bang Box u\u0142o\u017conych w dw\u00f3ch rz\u0119dach na jasnopomara\u0144czowym tle, z dwiema okr\u0105g\u0142ymi ikonami trybu po lewej stronie.\" width=\"2000\" height=\"1363\" srcset=\"https:\/\/pgvape.com\/wp-content\/uploads\/2026\/03\/Bang-Box-200k-8-in-1-Flavor-Disposable-Vape-0-2-3-5-Nicotine-10Taste-Smart-Screen-Vape-Factory-Wholesale-13.png 2000w, https:\/\/pgvape.com\/wp-content\/uploads\/2026\/03\/Bang-Box-200k-8-in-1-Flavor-Disposable-Vape-0-2-3-5-Nicotine-10Taste-Smart-Screen-Vape-Factory-Wholesale-13-528x360.png 528w, https:\/\/pgvape.com\/wp-content\/uploads\/2026\/03\/Bang-Box-200k-8-in-1-Flavor-Disposable-Vape-0-2-3-5-Nicotine-10Taste-Smart-Screen-Vape-Factory-Wholesale-13-595x405.png 595w, https:\/\/pgvape.com\/wp-content\/uploads\/2026\/03\/Bang-Box-200k-8-in-1-Flavor-Disposable-Vape-0-2-3-5-Nicotine-10Taste-Smart-Screen-Vape-Factory-Wholesale-13-400x273.png 400w, https:\/\/pgvape.com\/wp-content\/uploads\/2026\/03\/Bang-Box-200k-8-in-1-Flavor-Disposable-Vape-0-2-3-5-Nicotine-10Taste-Smart-Screen-Vape-Factory-Wholesale-13-768x523.png 768w, https:\/\/pgvape.com\/wp-content\/uploads\/2026\/03\/Bang-Box-200k-8-in-1-Flavor-Disposable-Vape-0-2-3-5-Nicotine-10Taste-Smart-Screen-Vape-Factory-Wholesale-13-1536x1047.png 1536w, https:\/\/pgvape.com\/wp-content\/uploads\/2026\/03\/Bang-Box-200k-8-in-1-Flavor-Disposable-Vape-0-2-3-5-Nicotine-10Taste-Smart-Screen-Vape-Factory-Wholesale-13-18x12.png 18w, https:\/\/pgvape.com\/wp-content\/uploads\/2026\/03\/Bang-Box-200k-8-in-1-Flavor-Disposable-Vape-0-2-3-5-Nicotine-10Taste-Smart-Screen-Vape-Factory-Wholesale-13-600x409.png 600w\" sizes=\"auto, (max-width: 2000px) 100vw, 2000px\" \/><\/strong><\/p>\n<p>&nbsp;<\/p>\n<h3><span style=\"font-size: 90%;\">Bang Box 200000 200 tys. Puff\u00f3w Jednorazowy Vape o smaku 8w1 Wideo:<\/span><\/h3>\n<p><iframe loading=\"lazy\" title=\"Bang Box 200k Puffs 8w1 Smak Jednorazowy Vape 10Taste Inteligentny Ekran Vape Fabryka Hurtowa pgvape\" width=\"563\" height=\"1000\" src=\"https:\/\/www.youtube.com\/embed\/thIWK5uQgmw?feature=oembed\" frameborder=\"0\" allow=\"accelerometer; autoplay; clipboard-write; encrypted-media; gyroscope; picture-in-picture; web-share\" referrerpolicy=\"strict-origin-when-cross-origin\" allowfullscreen><\/iframe><\/p>\n<p>&nbsp;<\/p>\n<h2>Cz\u0119sto zadawane pytania dotycz\u0105ce Bang Box 200000 200 tys. Puff\u00f3w Jednorazowy waporyzator o smaku 8 w 1<\/h2>\n<p>\u2753 <strong>Ile zaci\u0105gni\u0119\u0107?<\/strong><br \/>\n\u2705 <strong>Do 200 tys<\/strong> \u2013 zaprojektowane z my\u015bl\u0105 o ekstremalnej wytrzyma\u0142o\u015bci.<\/p>\n<p>\u2753 <strong>Co to jest system smakowy 8 w 1?<\/strong><br \/>\n\u2705 <strong>8 opcji w jednym urz\u0105dzeniu<\/strong> \u2013 prze\u0142\u0105cza\u0107 pomi\u0119dzy <strong>4 pojedyncze smaki<\/strong> I <strong>4 zaprogramowane mieszanki<\/strong>.<\/p>\n<p>\u2753 <strong>W jaki spos\u00f3b inteligentny ekran pomaga?<\/strong><br \/>\n\u2705 <strong>Bateria w czasie rzeczywistym<\/strong> + <strong>poszczeg\u00f3lne poziomy zbiornik\u00f3w<\/strong> \u2013 pe\u0142na przejrzysto\u015b\u0107, brak suchych uderze\u0144.<\/p>\n<p>\u2753 <strong>Czy mo\u017cna go \u0142adowa\u0107?<\/strong><br \/>\n\u2705 <strong>Tak<\/strong> \u2013 <strong>850 mAh<\/strong> z <strong>Typ C<\/strong> szybkie \u0142adowanie.<\/p>\n<p>\u2753 <strong>Opcje nikotynowe?<\/strong><br \/>\n\u2705 <strong>0 % (bez nikotyny), 2 %, 3 %, 5 %<\/strong> \u2013 w\u0142\u0105cznie dla wszystkich preferencji.<\/p>\n<p>\u2753 <strong>Dla kogo to jest?<\/strong><br \/>\n\u2705 <strong>Ci\u0119\u017ccy u\u017cytkownicy<\/strong>, <strong>poszukiwacze smaku<\/strong>, <strong>inteligentnych entuzjast\u00f3w vape<\/strong>, <strong>odbiorc\u00f3w hurtowych<\/strong>.<\/p>\n<p>&nbsp;<\/p>\n<h3 id=\"brxe-najhln\" class=\"brxe-heading\">Cz\u0119sto zadawane pytania (FAQ)<\/h3>\n<div id=\"brxe-rajiac\" class=\"brxe-text\">\n<p><strong>P: Jakie metody p\u0142atno\u015bci akceptujecie?<\/strong><br \/>\nOdp.: Akceptujemy PayPal, Stripe, przelewy bankowe (obs\u0142ugiwane SEPA), g\u0142\u00f3wne karty kredytowe (Visa, MasterCard, American Express) i p\u0142atno\u015bci w kryptowalutach.<\/p>\n<p><strong>P: Jak d\u0142ugo trwa przygotowanie zam\u00f3wienia?<\/strong><br \/>\nOdp.: Przygotowanie zam\u00f3wienia zajmuje 1-3 dni robocze.<\/p>\n<p><strong>P: Jaki jest czas wysy\u0142ki?<\/strong><br \/>\nOdp.: Czas wysy\u0142ki wynosi 7-14 dni roboczych, w zale\u017cno\u015bci od Twojej lokalizacji. Dostawa towar\u00f3w z europejskich magazyn\u00f3w trwa zazwyczaj 3-6 dni roboczych.<\/p>\n<p><strong>P: Jak mog\u0119 \u015bledzi\u0107 moje zam\u00f3wienie?<\/strong><br \/>\nOdp.: Po wysy\u0142ce otrzymasz wiadomo\u015b\u0107 e-mail z potwierdzeniem i numerem przesy\u0142ki umo\u017cliwiaj\u0105cym \u015bledzenie w czasie rzeczywistym.<\/p>\n<p><strong>P: Jaka jest Twoja polityka zwrot\u00f3w?<\/strong><br \/>\nOdp.: Oferujemy 30-dniow\u0105 polityk\u0119 zwrot\u00f3w lub wymiany. .<\/p>\n<p><strong>P: Czy wyst\u0105pi\u0105 jakie\u015b problemy celne?<br \/>\n<\/strong>Obs\u0142ugujemy wszystkie procedury odprawy celnej, aby zapewni\u0107 Ci bezproblemow\u0105 obs\u0142ug\u0119. .<\/p>\n<p><strong>P: Jakie metody wysy\u0142ki s\u0105 stosowane?<\/strong><br \/>\nWsp\u00f3\u0142pracujemy z firmami UPS\/DHL\/FEDEX\/DPD itp. W zale\u017cno\u015bci od kraju dostawy wybierzemy odpowiedni\u0105 opcj\u0119 wysy\u0142ki, tak aby produkty dotar\u0142y do \u200b\u200bPa\u0144stwa najszybciej jak to mo\u017cliwe.<\/p>\n<p><a href=\"https:\/\/pgvape.com\/pl\/czesto-zadawane-pytania\/\">Kliknij tutaj, aby uzyska\u0107 wi\u0119cej cz\u0119sto zadawanych pyta\u0144<\/a><\/p>\n<p>Szanowni klienci, je\u015bli masz jakiekolwiek pytania dotycz\u0105ce zam\u00f3wienia lub przybycia towaru, skontaktuj si\u0119 z naszym dzia\u0142em obs\u0142ugi klienta. Dzi\u0119kuj\u0119!<\/p>\n<h3 data-sourcepos=\"73:1-73:21\"><strong data-sourcepos=\"73:7-73:21\">Skontaktuj si\u0119 z nami<\/strong><\/h3>\n<div id=\"text-2419739398\" class=\"text\">\n<p><strong data-sourcepos=\"75:3-75:12\">E-mail<\/strong>:\u00a0<a href=\"mailto:support@pgvape.com\"><strong>support@pgvape.com<\/strong><\/a><\/p>\n<p><strong data-sourcepos=\"76:3-76:15\">WhatsApp<\/strong>:\u00a0<a href=\"https:\/\/wa.me\/+8618128481258\"><strong>+86 18128481258<\/strong><\/a><br \/>\n<strong>(Odpowied\u017a w ci\u0105gu 24 godzin w dni robocze)<\/strong><\/p>\n<\/div>\n<h3><strong>Dzi\u0119kujemy za wybranie pgvape.com! .<\/strong><\/h3>\n<\/div>","protected":false},"excerpt":{"rendered":"<p><strong>Bang Box 200K zaci\u0105ga si\u0119 8 w 1<\/strong> , <strong>40 ml<\/strong>, <strong>czterokomorowy<\/strong>, <strong>8 tryb\u00f3w smakowych<\/strong>, <strong>inteligentny ekran<\/strong>, <strong>ma\u0142pa fajna<\/strong>, <strong>0-5% nic<\/strong>.<strong class=\"\">Osiem smak\u00f3w, cztery zbiorniki, jedna ma\u0142pa, nieko\u0144cz\u0105ce si\u0119 chmury.<\/strong><\/p>","protected":false},"featured_media":9371,"comment_status":"open","ping_status":"closed","template":"","meta":{"_seopress_robots_primary_cat":"","_seopress_titles_title":"","_seopress_titles_desc":"","_seopress_robots_index":""},"product_brand":[577,516],"product_cat":[548,576,515],"product_tag":[552,601,600,90,602],"class_list":{"0":"post-9367","1":"product","2":"type-product","3":"status-publish","4":"has-post-thumbnail","6":"product_brand-bang-box-vape","7":"product_brand-disposable-vape","8":"product_cat-200k-puffs-vape","9":"product_cat-bang-box-vape","10":"product_cat-disposable-vape","11":"product_tag-200k-puffs-vape","12":"product_tag-8in1-flavor","13":"product_tag-bang-box-200000","14":"product_tag-disposable-vape","15":"product_tag-quad-chamber","17":"first","18":"instock","19":"sale","20":"shipping-taxable","21":"purchasable","22":"product-type-variable"},"_links":{"self":[{"href":"https:\/\/pgvape.com\/pl\/wp-json\/wp\/v2\/product\/9367","targetHints":{"allow":["GET"]}}],"collection":[{"href":"https:\/\/pgvape.com\/pl\/wp-json\/wp\/v2\/product"}],"about":[{"href":"https:\/\/pgvape.com\/pl\/wp-json\/wp\/v2\/types\/product"}],"replies":[{"embeddable":true,"href":"https:\/\/pgvape.com\/pl\/wp-json\/wp\/v2\/comments?post=9367"}],"wp:featuredmedia":[{"embeddable":true,"href":"https:\/\/pgvape.com\/pl\/wp-json\/wp\/v2\/media\/9371"}],"wp:attachment":[{"href":"https:\/\/pgvape.com\/pl\/wp-json\/wp\/v2\/media?parent=9367"}],"wp:term":[{"taxonomy":"product_brand","embeddable":true,"href":"https:\/\/pgvape.com\/pl\/wp-json\/wp\/v2\/product_brand?post=9367"},{"taxonomy":"product_cat","embeddable":true,"href":"https:\/\/pgvape.com\/pl\/wp-json\/wp\/v2\/product_cat?post=9367"},{"taxonomy":"product_tag","embeddable":true,"href":"https:\/\/pgvape.com\/pl\/wp-json\/wp\/v2\/product_tag?post=9367"}],"curies":[{"name":"wp","href":"https:\/\/api.w.org\/{rel}","templated":true}]}}