{"id":9340,"date":"2026-03-10T07:52:45","date_gmt":"2026-03-10T07:52:45","guid":{"rendered":"https:\/\/pgvape.com\/?post_type=product&#038;p=9340"},"modified":"2026-03-15T13:57:34","modified_gmt":"2026-03-15T13:57:34","slug":"bang-box-160000-160k-zaciagniec-4w1-quad-smak-jednorazowe-vape-0-2-3-5nikotyna-10smak-wyswietlacz-lcd-vape-fabryka-hurtownia","status":"publish","type":"product","link":"https:\/\/pgvape.com\/pl\/produkt\/bang-box-160000-160k-zaciagniec-4w1-quad-smak-jednorazowe-vape-0-2-3-5nikotyna-10smak-wyswietlacz-lcd-vape-fabryka-hurtownia\/","title":{"rendered":"Bang Box 160000 160k Ptysi 4w1 Quad Smak Jednorazowe Vape 0% 2% 3% 5%Nikotyna 10Taste Wy\u015bwietlacz LCD Vape Fabryka Hurtowa"},"content":{"rendered":"<p><strong class=\"\">Bang Box 160 tys<\/strong> dostarcza <strong class=\"\">160 000 zaci\u0105gni\u0119\u0107<\/strong> poprzez <strong>System wielu smak\u00f3w 4 w 1<\/strong>, zasilany przez A <strong>650 mAh typu C<\/strong> bateria i <strong>Cewka siatkowa 1,0 \u03a9<\/strong>.<br \/>\nJaki\u015b <strong>Inteligentny wy\u015bwietlacz LCD<\/strong>, <strong>0 % \/ 2 % \/ 3 % \/ 5 %<\/strong> opcje nikotynowe i <strong>10 czterosmakowych wyda\u0144<\/strong> da\u0107 ci <strong>ekstremalna trwa\u0142o\u015b\u0107, maksymalna r\u00f3\u017cnorodno\u015b\u0107, atrakcyjno\u015b\u0107 komercyjna<\/strong>\u2014idealny dla <strong>intensywnie korzystaj\u0105cy z e-papieros\u00f3w, sklepy z waporyzatorami, dystrybutorzy, nabywcy masowi<\/strong>.<\/p>\n<p>&nbsp;<\/p>\n<h2><strong><span style=\"font-size: 90%;\">Bang Box 160000 160k Puffs 4w1 Quad Flavour Jednorazowy waporyzator Dane techniczne:<\/span><\/strong><\/h2>\n<p><strong>Pufy<\/strong>: A\u017c do <strong>160,000<\/strong><\/p>\n<p><strong>System smakowy<\/strong>: <strong>4 w 1<\/strong> \u2013 cztery zintegrowane smaki, b\u0142yskawiczne prze\u0142\u0105czanie<\/p>\n<p><strong>Nikotyna<\/strong>: <strong class=\"\">0 %, 2 %, 3 %, 5 %<\/strong> \u2013 wiele opcji rynkowych<\/p>\n<p><strong>Bateria<\/strong>: <strong>650 mAh<\/strong>, <strong class=\"\">Typ C<\/strong> szybkie \u0142adowanie<\/p>\n<p><strong>Cewka<\/strong>: <strong>Siatka 1,0 \u03a9<\/strong> \u2013 g\u0142adka, g\u0119sta para<\/p>\n<p><strong>Wy\u015bwietlacz<\/strong>: <strong>Ekran LCD<\/strong> \u2013 monitorowanie baterii i zu\u017cycia<\/p>\n<p><strong>Cel<\/strong>: Ci\u0119\u017ccy u\u017cytkownicy, sprzeda\u017c detaliczna, hurtowa, sprzeda\u017c z wysok\u0105 mar\u017c\u0105<\/p>\n<p>&nbsp;<\/p>\n<h3><strong><span style=\"font-size: 90%;\">Bang Box 160000 160 tys. Puff\u00f3w 4w1 Quad Flavour Jednorazowe vape Lista smak\u00f3w:<\/span><\/strong><\/h3>\n<p><strong>1. Cytryna, limonka i arbuz, l\u00f3d i czarny l\u00f3d, smoczy owoc, truskawka i mi\u0142o\u015b\u010766<\/strong><\/p>\n<p><strong>2. Waniliowa cola i cytrynowa brzoskwinia i truskawka, malina, wi\u015bnia i l\u00f3d winogronowy<\/strong><\/p>\n<p><strong>3. L\u00f3d winogronowy i l\u00f3d z liczi, jagody brzoskwiniowe i kiwi, marakuja, gujawa<\/strong><\/p>\n<p><strong>4.L\u00f3d arbuzowy i truskawkowy, mango i jagodowy, musuj\u0105ca wi\u015bnia<\/strong><\/p>\n<p><strong>5. Orze\u017awiaj\u0105cy arbuz truskawkowy i czerwony byk, soczysta brzoskwinia i lody grejpfrutowe<\/strong><\/p>\n<p><strong>6. Cytrynowo-limonkowy i truskawkowy, malinowy arbuz i mango brzoskwiniowy<\/strong><\/p>\n<p><strong>7. Kwa\u015bne Mango Ananas i Cytryna Cola Soda &amp; Brzoskwinia Jagoda i Truskawka Banan<\/strong><\/p>\n<p><strong>8.Truskawkowe Mango i Truskawkowa Waniliowa Cola i Niebieski Razz Ice i Truskawkowe Kiwi<\/strong><\/p>\n<p><strong>9. Wi\u015bniowa \u017burawina &amp; Potr\u00f3jna Jagoda &amp; Truskawka Pitaja &amp; Arbuzowa Guma Balonowa<\/strong><\/p>\n<p><strong>10. Arbuz truskawkowy i r\u00f3\u017cowa lemoniada oraz potr\u00f3jny l\u00f3d spadziowy i czarny smok<img loading=\"lazy\" decoding=\"async\" class=\"alignnone wp-image-9355 size-full\" src=\"https:\/\/pgvape.com\/wp-content\/uploads\/2026\/03\/Bang-Box-160000-160k-4-in-1-Quad-Flavor-Disposable-Vape-0-2-3-5-Nicotine-10Taste-LCD-Display-Vape-Factory-Wholesale-13.png\" alt=\"Dziesi\u0119\u0107 butelek smakowych Bang Box z gradientowymi kolorami u\u0142o\u017conymi w dw\u00f3ch rz\u0119dach na niebieskim tle, ka\u017cda oznaczona smakiem owocowym.\" width=\"1780\" height=\"1582\" srcset=\"https:\/\/pgvape.com\/wp-content\/uploads\/2026\/03\/Bang-Box-160000-160k-4-in-1-Quad-Flavor-Disposable-Vape-0-2-3-5-Nicotine-10Taste-LCD-Display-Vape-Factory-Wholesale-13.png 1780w, https:\/\/pgvape.com\/wp-content\/uploads\/2026\/03\/Bang-Box-160000-160k-4-in-1-Quad-Flavor-Disposable-Vape-0-2-3-5-Nicotine-10Taste-LCD-Display-Vape-Factory-Wholesale-13-405x360.png 405w, https:\/\/pgvape.com\/wp-content\/uploads\/2026\/03\/Bang-Box-160000-160k-4-in-1-Quad-Flavor-Disposable-Vape-0-2-3-5-Nicotine-10Taste-LCD-Display-Vape-Factory-Wholesale-13-595x529.png 595w, https:\/\/pgvape.com\/wp-content\/uploads\/2026\/03\/Bang-Box-160000-160k-4-in-1-Quad-Flavor-Disposable-Vape-0-2-3-5-Nicotine-10Taste-LCD-Display-Vape-Factory-Wholesale-13-400x356.png 400w, https:\/\/pgvape.com\/wp-content\/uploads\/2026\/03\/Bang-Box-160000-160k-4-in-1-Quad-Flavor-Disposable-Vape-0-2-3-5-Nicotine-10Taste-LCD-Display-Vape-Factory-Wholesale-13-768x683.png 768w, https:\/\/pgvape.com\/wp-content\/uploads\/2026\/03\/Bang-Box-160000-160k-4-in-1-Quad-Flavor-Disposable-Vape-0-2-3-5-Nicotine-10Taste-LCD-Display-Vape-Factory-Wholesale-13-1536x1365.png 1536w, https:\/\/pgvape.com\/wp-content\/uploads\/2026\/03\/Bang-Box-160000-160k-4-in-1-Quad-Flavor-Disposable-Vape-0-2-3-5-Nicotine-10Taste-LCD-Display-Vape-Factory-Wholesale-13-14x12.png 14w, https:\/\/pgvape.com\/wp-content\/uploads\/2026\/03\/Bang-Box-160000-160k-4-in-1-Quad-Flavor-Disposable-Vape-0-2-3-5-Nicotine-10Taste-LCD-Display-Vape-Factory-Wholesale-13-600x533.png 600w\" sizes=\"auto, (max-width: 1780px) 100vw, 1780px\" \/><\/strong><\/p>\n<p>&nbsp;<\/p>\n<h2>Cz\u0119sto zadawane pytania dotycz\u0105ce Bang Box 160000 160k Puffs 4w1 Quad Flavour Jednorazowy waporyzator<\/h2>\n<p>\u2753 <strong class=\"\">Jak d\u0142ugo to trwa?<\/strong><br \/>\n\u2705Do <strong class=\"\">160 000 zaci\u0105gni\u0119\u0107<\/strong> \u2013 r\u00f3\u017cni si\u0119 w zale\u017cno\u015bci od nawyk\u00f3w i si\u0142y nikotyny.<\/p>\n<p>\u2753 <strong>Czy mo\u017cna go \u0142adowa\u0107?<\/strong><br \/>\n\u2705 <strong class=\"\">Tak<\/strong> \u2013 <strong>650 mAh<\/strong> bateria z <strong>Typ C<\/strong> wsparcie \u0142adowania.<\/p>\n<p>\u2753 <strong class=\"\">Czy u\u017cytkownicy mog\u0105 zmienia\u0107 smaki?<\/strong><br \/>\n\u2705 <strong class=\"\">Tak<\/strong> \u2013 <strong>cztery zintegrowane smaki<\/strong> w jednym urz\u0105dzeniu, natychmiastowa r\u00f3\u017cnorodno\u015b\u0107.<\/p>\n<p>\u2753 <strong>Jakie mocne strony nikotyny?<\/strong><br \/>\n\u2705 <strong>0 %, 2 %, 3 %, 5 %<\/strong> \u2013 pe\u0142na oferta dla wszystkich preferencji.<\/p>\n<p>\u2753 <strong>Nadaje si\u0119 do sprzeda\u017cy hurtowej?<\/strong><br \/>\n\u2705 <strong>Absolutnie<\/strong> \u2013 zaprojektowany dla <strong>odbiorc\u00f3w hurtowych, dystrybutor\u00f3w, sprzedawc\u00f3w detalicznych<\/strong> szukaj\u0105c <strong class=\"\">du\u017ca pojemno\u015b\u0107, du\u017ce zapotrzebowanie<\/strong> urz\u0105dzenia.<\/p>\n<p>&nbsp;<\/p>\n<h3 id=\"brxe-najhln\" class=\"brxe-heading\">Cz\u0119sto zadawane pytania (FAQ)<\/h3>\n<div id=\"brxe-rajiac\" class=\"brxe-text\">\n<p><strong>P: Jakie metody p\u0142atno\u015bci akceptujecie?<\/strong><br \/>\nOdp.: Akceptujemy PayPal, Stripe, przelewy bankowe (obs\u0142ugiwane SEPA), g\u0142\u00f3wne karty kredytowe (Visa, MasterCard, American Express) i p\u0142atno\u015bci w kryptowalutach.<\/p>\n<p><strong>P: Jak d\u0142ugo trwa przygotowanie zam\u00f3wienia?<\/strong><br \/>\nOdp.: Przygotowanie zam\u00f3wienia zajmuje 1-3 dni robocze.<\/p>\n<p><strong>P: Jaki jest czas wysy\u0142ki?<\/strong><br \/>\nOdp.: Czas wysy\u0142ki wynosi 7-14 dni roboczych, w zale\u017cno\u015bci od Twojej lokalizacji. Dostawa towar\u00f3w z europejskich magazyn\u00f3w trwa zazwyczaj 3-6 dni roboczych.<\/p>\n<p><strong>P: Jak mog\u0119 \u015bledzi\u0107 moje zam\u00f3wienie?<\/strong><br \/>\nOdp.: Po wysy\u0142ce otrzymasz wiadomo\u015b\u0107 e-mail z potwierdzeniem i numerem przesy\u0142ki umo\u017cliwiaj\u0105cym \u015bledzenie w czasie rzeczywistym.<\/p>\n<p><strong>P: Jaka jest Twoja polityka zwrot\u00f3w?<\/strong><br \/>\nOdp.: Oferujemy 30-dniow\u0105 polityk\u0119 zwrot\u00f3w lub wymiany. .<\/p>\n<p><strong>P: Czy wyst\u0105pi\u0105 jakie\u015b problemy celne?<br \/>\n<\/strong>Obs\u0142ugujemy wszystkie procedury odprawy celnej, aby zapewni\u0107 Ci bezproblemow\u0105 obs\u0142ug\u0119. .<\/p>\n<p><strong>P: Jakie metody wysy\u0142ki s\u0105 stosowane?<\/strong><br \/>\nWsp\u00f3\u0142pracujemy z firmami UPS\/DHL\/FEDEX\/DPD itp. W zale\u017cno\u015bci od kraju dostawy wybierzemy odpowiedni\u0105 opcj\u0119 wysy\u0142ki, tak aby produkty dotar\u0142y do \u200b\u200bPa\u0144stwa najszybciej jak to mo\u017cliwe.<\/p>\n<p><a href=\"https:\/\/pgvape.com\/pl\/czesto-zadawane-pytania\/\">Kliknij tutaj, aby uzyska\u0107 wi\u0119cej cz\u0119sto zadawanych pyta\u0144<\/a><\/p>\n<p>Szanowni klienci, je\u015bli masz jakiekolwiek pytania dotycz\u0105ce zam\u00f3wienia lub przybycia towaru, skontaktuj si\u0119 z naszym dzia\u0142em obs\u0142ugi klienta. Dzi\u0119kuj\u0119!<\/p>\n<h3 data-sourcepos=\"73:1-73:21\"><strong data-sourcepos=\"73:7-73:21\">Skontaktuj si\u0119 z nami<\/strong><\/h3>\n<div id=\"text-2419739398\" class=\"text\">\n<p><strong data-sourcepos=\"75:3-75:12\">E-mail<\/strong>:\u00a0<a href=\"mailto:support@pgvape.com\"><strong>support@pgvape.com<\/strong><\/a><\/p>\n<p><strong data-sourcepos=\"76:3-76:15\">WhatsApp<\/strong>:\u00a0<a href=\"https:\/\/wa.me\/+8618128481258\"><strong>+86 18128481258<\/strong><\/a><br \/>\n<strong>(Odpowied\u017a w ci\u0105gu 24 godzin w dni robocze)<\/strong><\/p>\n<\/div>\n<h3><strong>Dzi\u0119kujemy za wybranie pgvape.com! .<\/strong><\/h3>\n<\/div>","protected":false},"excerpt":{"rendered":"<p><strong>Bang Box 160 tys<\/strong> <strong>zaci\u0105gni\u0119cia si\u0119<\/strong>, <strong>Poczw\u00f3rny smak 4 w 1<\/strong>, <strong>Wy\u015bwietlacz LCD<\/strong>, <strong>Siatka 1,0 \u03a9<\/strong>, <strong>Typ C<\/strong>, <strong>0-5% nic<\/strong>.<br \/>\n<strong class=\"\">Cztery smaki, jedna pot\u0119ga, dominacja hurtowa.<\/strong><\/p>","protected":false},"featured_media":9343,"comment_status":"open","ping_status":"closed","template":"","meta":{"_seopress_robots_primary_cat":"","_seopress_titles_title":"","_seopress_titles_desc":"","_seopress_robots_index":""},"product_brand":[577,516],"product_cat":[595,576,515],"product_tag":[597,598,596,90,599],"class_list":{"0":"post-9340","1":"product","2":"type-product","3":"status-publish","4":"has-post-thumbnail","6":"product_brand-bang-box-vape","7":"product_brand-disposable-vape","8":"product_cat-160k-puffs-vape","9":"product_cat-bang-box-vape","10":"product_cat-disposable-vape","11":"product_tag-160k-puffs-vape","12":"product_tag-4in1","13":"product_tag-bang-box-160000","14":"product_tag-disposable-vape","15":"product_tag-quad-flavor","17":"first","18":"instock","19":"sale","20":"shipping-taxable","21":"purchasable","22":"product-type-variable"},"_links":{"self":[{"href":"https:\/\/pgvape.com\/pl\/wp-json\/wp\/v2\/product\/9340","targetHints":{"allow":["GET"]}}],"collection":[{"href":"https:\/\/pgvape.com\/pl\/wp-json\/wp\/v2\/product"}],"about":[{"href":"https:\/\/pgvape.com\/pl\/wp-json\/wp\/v2\/types\/product"}],"replies":[{"embeddable":true,"href":"https:\/\/pgvape.com\/pl\/wp-json\/wp\/v2\/comments?post=9340"}],"wp:featuredmedia":[{"embeddable":true,"href":"https:\/\/pgvape.com\/pl\/wp-json\/wp\/v2\/media\/9343"}],"wp:attachment":[{"href":"https:\/\/pgvape.com\/pl\/wp-json\/wp\/v2\/media?parent=9340"}],"wp:term":[{"taxonomy":"product_brand","embeddable":true,"href":"https:\/\/pgvape.com\/pl\/wp-json\/wp\/v2\/product_brand?post=9340"},{"taxonomy":"product_cat","embeddable":true,"href":"https:\/\/pgvape.com\/pl\/wp-json\/wp\/v2\/product_cat?post=9340"},{"taxonomy":"product_tag","embeddable":true,"href":"https:\/\/pgvape.com\/pl\/wp-json\/wp\/v2\/product_tag?post=9340"}],"curies":[{"name":"wp","href":"https:\/\/api.w.org\/{rel}","templated":true}]}}