{"id":9309,"date":"2026-03-10T07:34:47","date_gmt":"2026-03-10T07:34:47","guid":{"rendered":"https:\/\/pgvape.com\/?post_type=product&#038;p=9309"},"modified":"2026-03-15T13:57:34","modified_gmt":"2026-03-15T13:57:34","slug":"bang-box-80000-80k-puffs-3w1-system-smakowy-jednorazowe-vape-0-2-3-5-nikotyna-12taste-inteligentny-ekran-vape-fabryka-hurtowa","status":"publish","type":"product","link":"https:\/\/pgvape.com\/pl\/produkt\/bang-box-80000-80k-puffs-3w1-system-smakowy-jednorazowe-vape-0-2-3-5-nikotyna-12taste-inteligentny-ekran-vape-fabryka-hurtowa\/","title":{"rendered":"Bang Box 80000 80k Puffs 3w1 System Smakowy Jednorazowy Vape 0% 2% 3% 5%Nikotyna 12Taste Inteligentny Ekran Vape Fabryka Hurtowa"},"content":{"rendered":"<p><strong>Bang Box 80 tys<\/strong> dostarcza <strong>80 000 zaci\u0105gni\u0119\u0107<\/strong> poprzez <strong>innowacyjny system kom\u00f3r smakowych 3 w 1<\/strong>, pozwalam ci <strong class=\"\">prze\u0142\u0105cza\u0107 si\u0119 pomi\u0119dzy trzema r\u00f3\u017cnymi smakami<\/strong> w jednym <strong>kompaktowy w stylu pude\u0142ka<\/strong> urz\u0105dzenie.<br \/>\nA <strong>akumulator typu C<\/strong>, <strong class=\"\">zaawansowana technologia cewek<\/strong> I <strong class=\"\">aktywowane losowaniem<\/strong> projekt zapewnia <strong class=\"\">d\u0142ugotrwa\u0142a, doskona\u0142a konsystencja<\/strong>\u2014 \u017cadnych wielu urz\u0105dze\u0144, po prostu <strong>czysta r\u00f3\u017cnorodno\u015b\u0107 i wytrzyma\u0142o\u015b\u0107<\/strong>.<\/p>\n<p>&nbsp;<\/p>\n<h2><span style=\"font-size: 90%;\">Bang Box 80000 80k Puffs 3w1 System smakowy Jednorazowy waporyzator Dane techniczne:<\/span><\/h2>\n<p><strong>Pufy<\/strong>: A\u017c do <strong class=\"\">80,000<\/strong> (r\u00f3\u017cni si\u0119 w zale\u017cno\u015bci od nawyk\u00f3w i czasu trwania)<\/p>\n<p><strong>System smakowy<\/strong>: <strong>Komora smakowa 3 w 1<\/strong> \u2013 trzy smaki, jedno urz\u0105dzenie<\/p>\n<p><strong>Bateria<\/strong>: <strong>Mo\u017cliwo\u015b\u0107 \u0142adowania<\/strong>, <strong>Typ C<\/strong> \u0142adowanie \u2013 pe\u0142ne wsparcie u\u017cytkowania<\/p>\n<p><strong>Cewka<\/strong>: <strong class=\"\">Zaawansowana technologia<\/strong> \u2013 ulepszone dostarczanie smaku<\/p>\n<p><strong>Para<\/strong>: G\u0142adki, sp\u00f3jny i bogaty wydruk<\/p>\n<p><strong>Aktywacja<\/strong>: <strong>Aktywowano losowanie<\/strong> \u2013 bez przycisk\u00f3w, bez ustawie\u0144<\/p>\n<p><strong>Projekt<\/strong>: <strong>Kompaktowy kszta\u0142t pude\u0142ka<\/strong> \u2013 przeno\u015bny, wygodny uchwyt<\/p>\n<p><strong>Mo\u017cliwo\u015b\u0107 ponownego nape\u0142nienia<\/strong>: <strong class=\"\">NIE<\/strong> \u2013 jednorazowe w przypadku wyczerpania<\/p>\n<p><strong>Typ<\/strong>: <strong class=\"\">Jednorazowy waporyzator<\/strong><\/p>\n<p>&nbsp;<\/p>\n<h3><strong><span style=\"font-size: 90%;\">Bang Box 80000 80k Puffs 3w1 System smakowy Jednorazowa lista smak\u00f3w Vape:<\/span><\/strong><\/h3>\n<p><strong>1.Truskawkowy Banan i Malinowy Arbuz i Mi\u0142o\u015b\u0107 666<\/strong><\/p>\n<p><strong>2. Owoce tropikalne i truskawki, arbuzy i brzoskwinie cytrynowe<\/strong><\/p>\n<p><strong>3.Truskawkowo-waniliowa cola i kwa\u015bne jab\u0142ko, malina i cytryna limonka<\/strong><\/p>\n<p><strong>4. Podw\u00f3jny l\u00f3d winogronowo-truskawkowy, mango i jagodowo-kwa\u015bny, malinowy<\/strong><\/p>\n<p><strong>5. Lody arbuzowe i lody truskawkowe i potr\u00f3jny melon<\/strong><\/p>\n<p><strong>6. Soda cytrynowa i guma arbuzowa oraz l\u00f3d Black Dragon<\/strong><\/p>\n<p><strong>7. Potr\u00f3jny l\u00f3d jagodowy i brzoskwinia z mango i kiwi truskawkowe<\/strong><\/p>\n<p><strong>8. L\u00f3d truskawkowy i arbuz truskawkowy i ananas, mango i brzoskwinia<\/strong><\/p>\n<p><strong>9. Lody ananasowo-kokosowe i truskawkowe oraz lody Blue Razz<\/strong><\/p>\n<p><strong>10. Cytrynowo-limonkowy i mango-brzoskwiniowy, arbuzowy i jagodowy<\/strong><\/p>\n<p><strong>11. Lodowy arbuz i Red Bull i truskawkowe kiwi<\/strong><\/p>\n<p><strong>12.Truskawkowe Kiwi i Kwa\u015bne Mango Ananas i Truskawkowy Red Bull<img loading=\"lazy\" decoding=\"async\" class=\"alignnone wp-image-9314 size-full\" src=\"https:\/\/pgvape.com\/wp-content\/uploads\/2026\/03\/Bang-Box-80k-3-in-1-Flavor-System-Disposable-Vape-0-2-3-5-Nicotine-12Taste-Vape-Factory-Wholesale-3.png\" alt=\"Rz\u0105d jednorazowych waporyzator\u00f3w Bang Box w gradientowych kolorach z etykietami smakowymi; prawa strona przedstawia 80 tys. zaci\u0105gni\u0119\u0107, 60 ml, 850 mAh, 3 w 1.\" width=\"2000\" height=\"1125\" srcset=\"https:\/\/pgvape.com\/wp-content\/uploads\/2026\/03\/Bang-Box-80k-3-in-1-Flavor-System-Disposable-Vape-0-2-3-5-Nicotine-12Taste-Vape-Factory-Wholesale-3.png 2000w, https:\/\/pgvape.com\/wp-content\/uploads\/2026\/03\/Bang-Box-80k-3-in-1-Flavor-System-Disposable-Vape-0-2-3-5-Nicotine-12Taste-Vape-Factory-Wholesale-3-555x312.png 555w, https:\/\/pgvape.com\/wp-content\/uploads\/2026\/03\/Bang-Box-80k-3-in-1-Flavor-System-Disposable-Vape-0-2-3-5-Nicotine-12Taste-Vape-Factory-Wholesale-3-595x335.png 595w, https:\/\/pgvape.com\/wp-content\/uploads\/2026\/03\/Bang-Box-80k-3-in-1-Flavor-System-Disposable-Vape-0-2-3-5-Nicotine-12Taste-Vape-Factory-Wholesale-3-400x225.png 400w, https:\/\/pgvape.com\/wp-content\/uploads\/2026\/03\/Bang-Box-80k-3-in-1-Flavor-System-Disposable-Vape-0-2-3-5-Nicotine-12Taste-Vape-Factory-Wholesale-3-768x432.png 768w, https:\/\/pgvape.com\/wp-content\/uploads\/2026\/03\/Bang-Box-80k-3-in-1-Flavor-System-Disposable-Vape-0-2-3-5-Nicotine-12Taste-Vape-Factory-Wholesale-3-1536x864.png 1536w, https:\/\/pgvape.com\/wp-content\/uploads\/2026\/03\/Bang-Box-80k-3-in-1-Flavor-System-Disposable-Vape-0-2-3-5-Nicotine-12Taste-Vape-Factory-Wholesale-3-18x10.png 18w, https:\/\/pgvape.com\/wp-content\/uploads\/2026\/03\/Bang-Box-80k-3-in-1-Flavor-System-Disposable-Vape-0-2-3-5-Nicotine-12Taste-Vape-Factory-Wholesale-3-600x338.png 600w\" sizes=\"auto, (max-width: 2000px) 100vw, 2000px\" \/><\/strong><\/p>\n<p>&nbsp;<\/p>\n<h2>Cz\u0119sto zadawane pytania dotycz\u0105ce Bang Box 80000 80k Puffs 3w1 System smakowy Jednorazowy waporyzator<\/h2>\n<p>\u2753 <strong class=\"\">Ile zaci\u0105gni\u0119\u0107?<\/strong><br \/>\n\u2705Do <strong>80,000<\/strong> \u2013 zale\u017cy od nawyk\u00f3w wapowania i czasu trwania zaci\u0105gni\u0119cia si\u0119.<\/p>\n<p>\u2753 <strong class=\"\">Czy mo\u017cna go \u0142adowa\u0107?<\/strong><br \/>\n\u2705 <strong class=\"\">Tak<\/strong> \u2013 <strong class=\"\">Typ C<\/strong> Port \u0142adowania obs\u0142uguje pe\u0142n\u0105 \u017cywotno\u015b\u0107 urz\u0105dzenia.<\/p>\n<p>\u2753 <strong class=\"\">Jak dzia\u0142a smak 3 w 1?<\/strong><br \/>\n\u2705 <strong>Trzy oddzielne komory na e-liquid<\/strong> \u2013 \u0142atwe prze\u0142\u0105czanie pomi\u0119dzy smakami.<\/p>\n<p>\u2753 <strong class=\"\">Mo\u017cliwo\u015b\u0107 ponownego nape\u0142nienia?<\/strong><br \/>\n\u2705 <strong class=\"\">NIE<\/strong> \u2013 <strong>jednorazowe<\/strong> kiedy e-liquid si\u0119 sko\u0144czy.<\/p>\n<p>\u2753 <strong class=\"\">Przyjazny dla pocz\u0105tkuj\u0105cych?<\/strong><br \/>\n\u2705 <strong>Tak<\/strong> \u2013 <strong class=\"\">aktywowane losowaniem<\/strong> obs\u0142uga, prosta dla wszystkich poziom\u00f3w do\u015bwiadczenia.<\/p>\n<p>&nbsp;<\/p>\n<h3 id=\"brxe-najhln\" class=\"brxe-heading\">Cz\u0119sto zadawane pytania (FAQ)<\/h3>\n<div id=\"brxe-rajiac\" class=\"brxe-text\">\n<p><strong>P: Jakie metody p\u0142atno\u015bci akceptujecie?<\/strong><br \/>\nOdp.: Akceptujemy PayPal, Stripe, przelewy bankowe (obs\u0142ugiwane SEPA), g\u0142\u00f3wne karty kredytowe (Visa, MasterCard, American Express) i p\u0142atno\u015bci w kryptowalutach.<\/p>\n<p><strong>P: Jak d\u0142ugo trwa przygotowanie zam\u00f3wienia?<\/strong><br \/>\nOdp.: Przygotowanie zam\u00f3wienia zajmuje 1-3 dni robocze.<\/p>\n<p><strong>P: Jaki jest czas wysy\u0142ki?<\/strong><br \/>\nOdp.: Czas wysy\u0142ki wynosi 7-14 dni roboczych, w zale\u017cno\u015bci od Twojej lokalizacji. Dostawa towar\u00f3w z europejskich magazyn\u00f3w trwa zazwyczaj 3-6 dni roboczych.<\/p>\n<p><strong>P: Jak mog\u0119 \u015bledzi\u0107 moje zam\u00f3wienie?<\/strong><br \/>\nOdp.: Po wysy\u0142ce otrzymasz wiadomo\u015b\u0107 e-mail z potwierdzeniem i numerem przesy\u0142ki umo\u017cliwiaj\u0105cym \u015bledzenie w czasie rzeczywistym.<\/p>\n<p><strong>P: Jaka jest Twoja polityka zwrot\u00f3w?<\/strong><br \/>\nOdp.: Oferujemy 30-dniow\u0105 polityk\u0119 zwrot\u00f3w lub wymiany. .<\/p>\n<p><strong>P: Czy wyst\u0105pi\u0105 jakie\u015b problemy celne?<br \/>\n<\/strong>Obs\u0142ugujemy wszystkie procedury odprawy celnej, aby zapewni\u0107 Ci bezproblemow\u0105 obs\u0142ug\u0119. .<\/p>\n<p><strong>P: Jakie metody wysy\u0142ki s\u0105 stosowane?<\/strong><br \/>\nWsp\u00f3\u0142pracujemy z firmami UPS\/DHL\/FEDEX\/DPD itp. W zale\u017cno\u015bci od kraju dostawy wybierzemy odpowiedni\u0105 opcj\u0119 wysy\u0142ki, tak aby produkty dotar\u0142y do \u200b\u200bPa\u0144stwa najszybciej jak to mo\u017cliwe.<\/p>\n<p><a href=\"https:\/\/pgvape.com\/pl\/czesto-zadawane-pytania\/\">Kliknij tutaj, aby uzyska\u0107 wi\u0119cej cz\u0119sto zadawanych pyta\u0144<\/a><\/p>\n<p>Szanowni klienci, je\u015bli masz jakiekolwiek pytania dotycz\u0105ce zam\u00f3wienia lub przybycia towaru, skontaktuj si\u0119 z naszym dzia\u0142em obs\u0142ugi klienta. Dzi\u0119kuj\u0119!<\/p>\n<h3 data-sourcepos=\"73:1-73:21\"><strong data-sourcepos=\"73:7-73:21\">Skontaktuj si\u0119 z nami<\/strong><\/h3>\n<div id=\"text-2419739398\" class=\"text\">\n<p><strong data-sourcepos=\"75:3-75:12\">E-mail<\/strong>:\u00a0<a href=\"mailto:support@pgvape.com\"><strong>support@pgvape.com<\/strong><\/a><\/p>\n<p><strong data-sourcepos=\"76:3-76:15\">WhatsApp<\/strong>:\u00a0<a href=\"https:\/\/wa.me\/+8618128481258\"><strong>+86 18128481258<\/strong><\/a><br \/>\n<strong>(Odpowied\u017a w ci\u0105gu 24 godzin w dni robocze)<\/strong><\/p>\n<\/div>\n<h3><strong>Dzi\u0119kujemy za wybranie pgvape.com! .<\/strong><\/h3>\n<\/div>","protected":false},"excerpt":{"rendered":"<p><strong>Bang Box 80 tys<\/strong> <strong>\u00a0zaci\u0105gni\u0119cia si\u0119<\/strong>, <strong>System smakowy 3 w 1<\/strong>, <strong>Mo\u017cliwo\u015b\u0107 \u0142adowania typu C<\/strong>, <strong>aktywowane losowaniem<\/strong>.<strong class=\"\">Trzy smaki, jedno pude\u0142ko, osiemdziesi\u0105t tysi\u0119cy chmur.<\/strong><\/p>","protected":false},"featured_media":9312,"comment_status":"open","ping_status":"closed","template":"","meta":{"_seopress_robots_primary_cat":"","_seopress_titles_title":"","_seopress_titles_desc":"","_seopress_robots_index":""},"product_brand":[577,516],"product_cat":[41,576,515],"product_tag":[594,465,593,90],"class_list":{"0":"post-9309","1":"product","2":"type-product","3":"status-publish","4":"has-post-thumbnail","6":"product_brand-bang-box-vape","7":"product_brand-disposable-vape","8":"product_cat-80k-puffs-vape","9":"product_cat-bang-box-vape","10":"product_cat-disposable-vape","11":"product_tag-3in1-flavor-system","12":"product_tag-80k-puffs-vape","13":"product_tag-bang-box-80000","14":"product_tag-disposable-vape","16":"first","17":"instock","18":"sale","19":"shipping-taxable","20":"purchasable","21":"product-type-variable"},"_links":{"self":[{"href":"https:\/\/pgvape.com\/pl\/wp-json\/wp\/v2\/product\/9309","targetHints":{"allow":["GET"]}}],"collection":[{"href":"https:\/\/pgvape.com\/pl\/wp-json\/wp\/v2\/product"}],"about":[{"href":"https:\/\/pgvape.com\/pl\/wp-json\/wp\/v2\/types\/product"}],"replies":[{"embeddable":true,"href":"https:\/\/pgvape.com\/pl\/wp-json\/wp\/v2\/comments?post=9309"}],"wp:featuredmedia":[{"embeddable":true,"href":"https:\/\/pgvape.com\/pl\/wp-json\/wp\/v2\/media\/9312"}],"wp:attachment":[{"href":"https:\/\/pgvape.com\/pl\/wp-json\/wp\/v2\/media?parent=9309"}],"wp:term":[{"taxonomy":"product_brand","embeddable":true,"href":"https:\/\/pgvape.com\/pl\/wp-json\/wp\/v2\/product_brand?post=9309"},{"taxonomy":"product_cat","embeddable":true,"href":"https:\/\/pgvape.com\/pl\/wp-json\/wp\/v2\/product_cat?post=9309"},{"taxonomy":"product_tag","embeddable":true,"href":"https:\/\/pgvape.com\/pl\/wp-json\/wp\/v2\/product_tag?post=9309"}],"curies":[{"name":"wp","href":"https:\/\/api.w.org\/{rel}","templated":true}]}}