{"id":9277,"date":"2026-03-10T07:20:36","date_gmt":"2026-03-10T07:20:36","guid":{"rendered":"https:\/\/pgvape.com\/?post_type=product&#038;p=9277"},"modified":"2026-03-15T13:57:34","modified_gmt":"2026-03-15T13:57:34","slug":"bang-box-50000-50k-zaciagniec-2w1-podwojny-smak-jednorazowe-vape-0-2-3-5-nikotyna-12-smak-cyfrowy-ekran-vape-fabryka-hurtownia","status":"publish","type":"product","link":"https:\/\/pgvape.com\/pl\/produkt\/bang-box-50000-50k-zaciagniec-2w1-podwojny-smak-jednorazowe-vape-0-2-3-5-nikotyna-12-smak-cyfrowy-ekran-vape-fabryka-hurtownia\/","title":{"rendered":"Bang Box 50000 50k Puffs 2w1 Podw\u00f3jny Smak Jednorazowe Vape 0% 2% 3% 5%Nikotyna 12Taste Cyfrowy Ekran Vape Fabryka Hurtowa"},"content":{"rendered":"<p><strong class=\"\">Bang Box 50 tys<\/strong> dostarcza <strong class=\"\">50 000 zaci\u0105gni\u0119\u0107<\/strong> poprzez <strong>innowacyjny system kapsu\u0142ek o podw\u00f3jnym smaku 2 w 1<\/strong>, mieszkania <strong>dwa r\u00f3\u017cne profile e-liquid\u00f3w<\/strong> w jednym <strong>elegancki, pude\u0142kowy styl<\/strong> urz\u0105dzenie.<br \/>\nA <strong>zbiornik o du\u017cej pojemno\u015bci<\/strong>, <strong>akumulator<\/strong> I <strong>aktywowane losowaniem<\/strong> projekt zapewnia <strong>d\u0142ugotrwa\u0142e waporyzacja o r\u00f3\u017cnorodnych smakach<\/strong>\u2014 nie potrzeba wielu urz\u0105dze\u0144, po prostu <strong>zmie\u0144 i delektuj si\u0119<\/strong>.<\/p>\n<p>&nbsp;<\/p>\n<h2><span style=\"font-size: 90%;\">Bang Box 50k 2w1 Jednorazowy Vape o podw\u00f3jnym smaku Dane techniczne:<\/span><\/h2>\n<p><strong>Pufy<\/strong>: A\u017c do <strong>50,000<\/strong><\/p>\n<p><strong>System smakowy<\/strong>: <strong>Komora podw\u00f3jnego smaku 2 w 1<\/strong> \u2013 dwa profile, jedno urz\u0105dzenie<\/p>\n<p><strong>E-ciecz<\/strong>: <strong>Zbiornik o du\u017cej pojemno\u015bci<\/strong> \u2013 d\u0142ugie sesje, bez przerw<\/p>\n<p><strong>Bateria<\/strong>: <strong class=\"\">Mo\u017cliwo\u015b\u0107 \u0142adowania<\/strong> \u2013 pe\u0142ne wykorzystanie e-liquidu, niezawodna moc<\/p>\n<p><strong>Para<\/strong>: G\u0142adkie, sp\u00f3jne, stabilne od pierwszego do ostatniego losowania<\/p>\n<p><strong>Projekt<\/strong>: <strong>Kompaktowy w stylu pude\u0142ka<\/strong> \u2013 nowoczesna estetyka, ergonomiczna przeno\u015bno\u015b\u0107<\/p>\n<p><strong>Aktywacja<\/strong>: <strong>Aktywowano losowanie<\/strong> \u2013 intuicyjna, bezprzyciskowa obs\u0142uga<\/p>\n<p><strong>Stabilno\u015b\u0107 smaku<\/strong>: Zoptymalizowany \u2013 zachowuje integralno\u015b\u0107 smaku przez ca\u0142y okres u\u017cytkowania<\/p>\n<p><strong>Mo\u017cliwo\u015b\u0107 ponownego nape\u0142nienia<\/strong>: <strong>NIE<\/strong> \u2013 jednorazowe w przypadku wyczerpania<\/p>\n<p>&nbsp;<\/p>\n<h3><span style=\"font-size: 90%;\">Bang Box 50k 2w1 Dual Flavour Jednorazowa lista smak\u00f3w Vape:<\/span><\/h3>\n<p><strong>1.Truskawkowe kiwi i podw\u00f3jne winogrono<\/strong><\/p>\n<p><strong>2.Ananas, Mango, Brzoskwinia i Wi\u015bnia Truskawkowa<\/strong><\/p>\n<p><strong>3. Sok brzoskwiniowy i lemoniada Blue Razz<\/strong><\/p>\n<p><strong class=\"\">4. Soda jagodowa i cytrynowa cola<\/strong><\/p>\n<p><strong>5. Jagodowy, kwa\u015bny, malinowy l\u00f3d i mieszanka owoc\u00f3w<\/strong><\/p>\n<p><strong>6.Niebieski l\u00f3d Razz i limonka cytrynowa<\/strong><\/p>\n<p><strong>7. Arbuzowa guma balonowa i truskawkowy arbuz<\/strong><\/p>\n<p><strong>8. Lody Red Bull i Arbuz<\/strong><\/p>\n<p><strong>9. Jab\u0142ko, gruszka i kiwi, marakuja, gujawa<\/strong><\/p>\n<p><strong class=\"\">10.L\u00f3d Czarnego Smoka i Arbuz Mango-Brzoskwinia<\/strong><\/p>\n<p><strong>11.Truskawkowo-Malinowe Cukierki i Mi\u0142o\u015b\u0107 66<\/strong><\/p>\n<p><strong>12. L\u00f3d truskawkowy i marakuja<img loading=\"lazy\" decoding=\"async\" class=\"alignnone wp-image-9295 size-full\" src=\"https:\/\/pgvape.com\/wp-content\/uploads\/2026\/03\/Bang-Box-500000-50k-2-in-1-Dual-Flavor-Disposable-Vape-0-2-3-5-Nicotine-12Taste-Digital-Screen-Vape-Factory-Wholesale-pgvape-5.png\" alt=\"Dwana\u015bcie urz\u0105dze\u0144 do waporyzacji Bang Box w jasnych, gradientowych kolorach, ka\u017cde przedstawiaj\u0105ce kresk\u00f3wkow\u0105 grafik\u0119 zombie i etykiet\u0119 smakow\u0105 na ciemnym, gwia\u017adzistym tle.\" width=\"2000\" height=\"1221\" srcset=\"https:\/\/pgvape.com\/wp-content\/uploads\/2026\/03\/Bang-Box-500000-50k-2-in-1-Dual-Flavor-Disposable-Vape-0-2-3-5-Nicotine-12Taste-Digital-Screen-Vape-Factory-Wholesale-pgvape-5.png 2000w, https:\/\/pgvape.com\/wp-content\/uploads\/2026\/03\/Bang-Box-500000-50k-2-in-1-Dual-Flavor-Disposable-Vape-0-2-3-5-Nicotine-12Taste-Digital-Screen-Vape-Factory-Wholesale-pgvape-5-555x339.png 555w, https:\/\/pgvape.com\/wp-content\/uploads\/2026\/03\/Bang-Box-500000-50k-2-in-1-Dual-Flavor-Disposable-Vape-0-2-3-5-Nicotine-12Taste-Digital-Screen-Vape-Factory-Wholesale-pgvape-5-595x363.png 595w, https:\/\/pgvape.com\/wp-content\/uploads\/2026\/03\/Bang-Box-500000-50k-2-in-1-Dual-Flavor-Disposable-Vape-0-2-3-5-Nicotine-12Taste-Digital-Screen-Vape-Factory-Wholesale-pgvape-5-400x244.png 400w, https:\/\/pgvape.com\/wp-content\/uploads\/2026\/03\/Bang-Box-500000-50k-2-in-1-Dual-Flavor-Disposable-Vape-0-2-3-5-Nicotine-12Taste-Digital-Screen-Vape-Factory-Wholesale-pgvape-5-768x469.png 768w, https:\/\/pgvape.com\/wp-content\/uploads\/2026\/03\/Bang-Box-500000-50k-2-in-1-Dual-Flavor-Disposable-Vape-0-2-3-5-Nicotine-12Taste-Digital-Screen-Vape-Factory-Wholesale-pgvape-5-1536x938.png 1536w, https:\/\/pgvape.com\/wp-content\/uploads\/2026\/03\/Bang-Box-500000-50k-2-in-1-Dual-Flavor-Disposable-Vape-0-2-3-5-Nicotine-12Taste-Digital-Screen-Vape-Factory-Wholesale-pgvape-5-18x12.png 18w, https:\/\/pgvape.com\/wp-content\/uploads\/2026\/03\/Bang-Box-500000-50k-2-in-1-Dual-Flavor-Disposable-Vape-0-2-3-5-Nicotine-12Taste-Digital-Screen-Vape-Factory-Wholesale-pgvape-5-600x366.png 600w\" sizes=\"auto, (max-width: 2000px) 100vw, 2000px\" \/><\/strong><\/p>\n<p>&nbsp;<\/p>\n<h2>Cz\u0119sto zadawane pytania dotycz\u0105ce jednorazowego waporyzatora Bang Box 50k 2w1 o podw\u00f3jnym smaku<\/h2>\n<p>\u2753 <strong class=\"\">Ile zaci\u0105gni\u0119\u0107?<\/strong><br \/>\n\u2705Do <strong>50,000<\/strong> \u2013 zale\u017cy od indywidualnych przyzwyczaje\u0144 i cz\u0119stotliwo\u015bci.<\/p>\n<p>\u2753 <strong class=\"\">Czym jest komora 2 w 1?<\/strong><br \/>\n\u2705 <strong class=\"\">Dwie oddzielne komory smakowe<\/strong> w jednym urz\u0105dzeniu \u2013 ciesz si\u0119 <strong class=\"\">podw\u00f3jne smaki<\/strong> bez zmiany urz\u0105dzenia.<\/p>\n<p>\u2753 <strong class=\"\">Czy mog\u0119 \u0142atwo zmienia\u0107 smaki?<\/strong><br \/>\n\u2705 <strong class=\"\">Tak<\/strong> \u2013 <strong class=\"\">szybkie prze\u0142\u0105czanie<\/strong> projekt zapewniaj\u0105cy natychmiastow\u0105 r\u00f3\u017cnorodno\u015b\u0107 podczas sesji.<\/p>\n<p>\u2753 <strong class=\"\">Czy mo\u017cna go \u0142adowa\u0107?<\/strong><br \/>\n\u2705 <strong class=\"\">Tak<\/strong> \u2013 zapewnia akumulator <strong>stabilna wydajno\u015b\u0107<\/strong> w ca\u0142ej pojemno\u015bci e-liquidu.<\/p>\n<p>\u2753 <strong class=\"\">Jakie\u015b przyciski potrzebne?<\/strong><br \/>\n\u2705 <strong class=\"\">NIE<\/strong> \u2013 <strong>aktywowane losowaniem<\/strong>, automatycznie zapala si\u0119 przy wdechu.<\/p>\n<p>\u2753 <strong class=\"\">Czy smak pozostanie sp\u00f3jny?<\/strong><br \/>\n\u2705 <strong>Tak<\/strong> \u2013 utrzymuje zoptymalizowan\u0105 konstrukcj\u0119 wewn\u0119trzn\u0105 <strong>stabilna para<\/strong> I <strong class=\"\">sp\u00f3jny smak<\/strong> ca\u0142e \u017cycie.<\/p>\n<p>\u2753 <strong class=\"\">Mo\u017cliwo\u015b\u0107 ponownego nape\u0142nienia?<\/strong><br \/>\n\u2705 <strong class=\"\">NIE<\/strong> \u2013 <strong class=\"\">jednorazowe<\/strong> gdy sko\u0144czy si\u0119 e-liquid.<\/p>\n<p>\u2753 <strong class=\"\">Dla kogo to jest?<\/strong><br \/>\n\u2705 <strong class=\"\">U\u017cytkownicy doro\u015bli<\/strong> szukaj\u0105c <strong>d\u0142ugotrwa\u0142e<\/strong>, <strong class=\"\">wygoda w dw\u00f3ch smakach<\/strong> w jednym urz\u0105dzeniu.<\/p>\n<p>\u2753 <strong class=\"\">Zawarto\u015b\u0107 nikotyny?<\/strong><br \/>\n\u2705 <strong class=\"\">R\u00f3\u017cni si\u0119 w zale\u017cno\u015bci od wersji\/rynku<\/strong> \u2013 sprawd\u017a na opakowaniu lub li\u015bcie produkt\u00f3w.<\/p>\n<p>\u2753 <strong class=\"\">Czym r\u00f3\u017cni si\u0119 od standardowych jednorazowych wyrob\u00f3w?<\/strong><br \/>\n\u2705 <strong>50 000 zaci\u0105gni\u0119\u0107<\/strong> + <strong>Podw\u00f3jny smak 2 w 1<\/strong> = <strong>d\u0142u\u017csze u\u017cytkowanie<\/strong>, <strong>wi\u0119ksza elastyczno\u015b\u0107<\/strong> w por\u00f3wnaniu do opcji standardowych.<\/p>\n<p>&nbsp;<\/p>\n<h3 id=\"brxe-najhln\" class=\"brxe-heading\">Cz\u0119sto zadawane pytania (FAQ)<\/h3>\n<div id=\"brxe-rajiac\" class=\"brxe-text\">\n<p><strong>P: Jakie metody p\u0142atno\u015bci akceptujecie?<\/strong><br \/>\nOdp.: Akceptujemy PayPal, Stripe, przelewy bankowe (obs\u0142ugiwane SEPA), g\u0142\u00f3wne karty kredytowe (Visa, MasterCard, American Express) i p\u0142atno\u015bci w kryptowalutach.<\/p>\n<p><strong>P: Jak d\u0142ugo trwa przygotowanie zam\u00f3wienia?<\/strong><br \/>\nOdp.: Przygotowanie zam\u00f3wienia zajmuje 1-3 dni robocze.<\/p>\n<p><strong>P: Jaki jest czas wysy\u0142ki?<\/strong><br \/>\nOdp.: Czas wysy\u0142ki wynosi 7-14 dni roboczych, w zale\u017cno\u015bci od Twojej lokalizacji. Dostawa towar\u00f3w z europejskich magazyn\u00f3w trwa zazwyczaj 3-6 dni roboczych.<\/p>\n<p><strong>P: Jak mog\u0119 \u015bledzi\u0107 moje zam\u00f3wienie?<\/strong><br \/>\nOdp.: Po wysy\u0142ce otrzymasz wiadomo\u015b\u0107 e-mail z potwierdzeniem i numerem przesy\u0142ki umo\u017cliwiaj\u0105cym \u015bledzenie w czasie rzeczywistym.<\/p>\n<p><strong>P: Jaka jest Twoja polityka zwrot\u00f3w?<\/strong><br \/>\nOdp.: Oferujemy 30-dniow\u0105 polityk\u0119 zwrot\u00f3w lub wymiany. .<\/p>\n<p><strong>P: Czy wyst\u0105pi\u0105 jakie\u015b problemy celne?<br \/>\n<\/strong>Obs\u0142ugujemy wszystkie procedury odprawy celnej, aby zapewni\u0107 Ci bezproblemow\u0105 obs\u0142ug\u0119. .<\/p>\n<p><strong>P: Jakie metody wysy\u0142ki s\u0105 stosowane?<\/strong><br \/>\nWsp\u00f3\u0142pracujemy z firmami UPS\/DHL\/FEDEX\/DPD itp. W zale\u017cno\u015bci od kraju dostawy wybierzemy odpowiedni\u0105 opcj\u0119 wysy\u0142ki, tak aby produkty dotar\u0142y do \u200b\u200bPa\u0144stwa najszybciej jak to mo\u017cliwe.<\/p>\n<p><a href=\"https:\/\/pgvape.com\/pl\/czesto-zadawane-pytania\/\">Kliknij tutaj, aby uzyska\u0107 wi\u0119cej cz\u0119sto zadawanych pyta\u0144<\/a><\/p>\n<p>Szanowni klienci, je\u015bli masz jakiekolwiek pytania dotycz\u0105ce zam\u00f3wienia lub przybycia towaru, skontaktuj si\u0119 z naszym dzia\u0142em obs\u0142ugi klienta. Dzi\u0119kuj\u0119!<\/p>\n<h3 data-sourcepos=\"73:1-73:21\"><strong data-sourcepos=\"73:7-73:21\">Skontaktuj si\u0119 z nami<\/strong><\/h3>\n<div id=\"text-2419739398\" class=\"text\">\n<p><strong data-sourcepos=\"75:3-75:12\">E-mail<\/strong>:\u00a0<a href=\"mailto:support@pgvape.com\"><strong>support@pgvape.com<\/strong><\/a><\/p>\n<p><strong data-sourcepos=\"76:3-76:15\">WhatsApp<\/strong>:\u00a0<a href=\"https:\/\/wa.me\/+8618128481258\"><strong>+86 18128481258<\/strong><\/a><br \/>\n<strong>(Odpowied\u017a w ci\u0105gu 24 godzin w dni robocze)<\/strong><\/p>\n<\/div>\n<h3><strong>Dzi\u0119kujemy za wybranie pgvape.com! .<\/strong><\/h3>\n<\/div>","protected":false},"excerpt":{"rendered":"<p><strong>Bang Box 50 tys<\/strong> <strong>zaci\u0105gni\u0119cia si\u0119<\/strong>, <strong>Podw\u00f3jny smak 2 w 1<\/strong>, <strong>akumulator<\/strong>, <strong>aktywowane losowaniem<\/strong>, <strong>w stylu pude\u0142kowym<\/strong>.<strong>Zmie\u0144 smak, wapuj dalej, nigdy si\u0119 nie ustatkuj.<\/strong><\/p>","protected":false},"featured_media":9291,"comment_status":"open","ping_status":"closed","template":"","meta":{"_seopress_robots_primary_cat":"","_seopress_titles_title":"","_seopress_titles_desc":"","_seopress_robots_index":""},"product_brand":[577,516],"product_cat":[61,576,515],"product_tag":[545,318,592,90,39],"class_list":{"0":"post-9277","1":"product","2":"type-product","3":"status-publish","4":"has-post-thumbnail","6":"product_brand-bang-box-vape","7":"product_brand-disposable-vape","8":"product_cat-50k-puffs-vape","9":"product_cat-bang-box-vape","10":"product_cat-disposable-vape","11":"product_tag-2in1","12":"product_tag-50k-puffs-vape","13":"product_tag-bang-box-50000","14":"product_tag-disposable-vape","15":"product_tag-dual-flavor","17":"first","18":"instock","19":"sale","20":"shipping-taxable","21":"purchasable","22":"product-type-variable"},"_links":{"self":[{"href":"https:\/\/pgvape.com\/pl\/wp-json\/wp\/v2\/product\/9277","targetHints":{"allow":["GET"]}}],"collection":[{"href":"https:\/\/pgvape.com\/pl\/wp-json\/wp\/v2\/product"}],"about":[{"href":"https:\/\/pgvape.com\/pl\/wp-json\/wp\/v2\/types\/product"}],"replies":[{"embeddable":true,"href":"https:\/\/pgvape.com\/pl\/wp-json\/wp\/v2\/comments?post=9277"}],"wp:featuredmedia":[{"embeddable":true,"href":"https:\/\/pgvape.com\/pl\/wp-json\/wp\/v2\/media\/9291"}],"wp:attachment":[{"href":"https:\/\/pgvape.com\/pl\/wp-json\/wp\/v2\/media?parent=9277"}],"wp:term":[{"taxonomy":"product_brand","embeddable":true,"href":"https:\/\/pgvape.com\/pl\/wp-json\/wp\/v2\/product_brand?post=9277"},{"taxonomy":"product_cat","embeddable":true,"href":"https:\/\/pgvape.com\/pl\/wp-json\/wp\/v2\/product_cat?post=9277"},{"taxonomy":"product_tag","embeddable":true,"href":"https:\/\/pgvape.com\/pl\/wp-json\/wp\/v2\/product_tag?post=9277"}],"curies":[{"name":"wp","href":"https:\/\/api.w.org\/{rel}","templated":true}]}}