{"id":9244,"date":"2026-03-09T07:41:24","date_gmt":"2026-03-09T07:41:24","guid":{"rendered":"https:\/\/pgvape.com\/?post_type=product&#038;p=9244"},"modified":"2026-03-15T13:57:34","modified_gmt":"2026-03-15T13:57:34","slug":"bang-box-42000-42k-zaciagniec-podwojny-tryb-jednorazowy-vape-pojedynczy-smak-pod-12taste-3d-zakrzywiony-ekran-vape-fabryka-hurtownia","status":"publish","type":"product","link":"https:\/\/pgvape.com\/pl\/produkt\/bang-box-42000-42k-zaciagniec-podwojny-tryb-jednorazowy-vape-pojedynczy-smak-pod-12taste-3d-zakrzywiony-ekran-vape-fabryka-hurtownia\/","title":{"rendered":"Bang Box 42000 42K Puffs Podw\u00f3jny Tryb Jednorazowy Vape Pojedynczy Smak Pod 12Taste 3D Zakrzywiony Ekran Vape Fabryka Hurtowa"},"content":{"rendered":"<p><strong>Bang Box 42 tys<\/strong> dostarcza <strong>42 000 zaci\u0105gni\u0119\u0107<\/strong> z <strong>komora jednego smaku<\/strong>, zasilany przez A <strong>akumulator<\/strong> i zawini\u0119te w A <strong>elegancki, pude\u0142kowy styl<\/strong> cia\u0142o.<br \/>\nA <strong>Zakrzywiony ekran 3D<\/strong>, <strong>podw\u00f3jne tryby waporyzacji<\/strong> I <strong>system e-liquidu o du\u017cej pojemno\u015bci<\/strong> da\u0107 ci <strong>futurystyczny wygl\u0105d, mo\u017cliwo\u015b\u0107 dostosowania intensywno\u015bci i czysty, sp\u00f3jny smak<\/strong>\u2014przyciski zerowe aktywowane losowaniem.<\/p>\n<p>&nbsp;<\/p>\n<h2><span style=\"font-size: 90%;\">Bang Box 42000 42K Puffs Jednorazowy Vape z podw\u00f3jnym trybem Dane techniczne:<\/span><\/h2>\n<p><strong>Pufy<\/strong>: A\u017c do <strong>42,000<\/strong> (r\u00f3\u017cni si\u0119 w zale\u017cno\u015bci od sposobu u\u017cycia i trybu)<\/p>\n<p><strong>System smakowy<\/strong>: <strong>Komora jednego smaku<\/strong> \u2013 czysty, sp\u00f3jny profil<\/p>\n<p><strong>Bateria<\/strong>: <strong>Mo\u017cliwo\u015b\u0107 \u0142adowania<\/strong> \u2013 stabilna wydajno\u015b\u0107 a\u017c do wyczerpania<\/p>\n<p><strong>Wy\u015bwietlacz<\/strong>: <strong>Zakrzywiony ekran 3D<\/strong> \u2013 futurystyczny design, jasne informacje o statusie<\/p>\n<p><strong>Tryby<\/strong>: <strong>Podw\u00f3jne tryby waporyzacji<\/strong> \u2013 zmie\u0144 intensywno\u015b\u0107 pary i styl rysowania<\/p>\n<p><strong>Para<\/strong>: P\u0142ynna, stabilna, d\u0142ugoterminowa produkcja<\/p>\n<p><strong>E-ciecz<\/strong>: System o du\u017cej wydajno\u015bci zapewniaj\u0105cy d\u0142u\u017csz\u0105 \u017cywotno\u015b\u0107<\/p>\n<p><strong>Projekt<\/strong>: <strong>Kompaktowy w stylu pude\u0142ka<\/strong> \u2013 wygodny, ergonomiczny uchwyt<\/p>\n<p><strong>Aktywacja<\/strong>: <strong>Aktywowano losowanie<\/strong> \u2013 wdech do ognia, bez przycisk\u00f3w<\/p>\n<p><strong>Mo\u017cliwo\u015b\u0107 ponownego nape\u0142nienia<\/strong>: <strong>NIE<\/strong> \u2013 jednorazowe, gdy s\u0105 puste<\/p>\n<p><strong>Nikotyna<\/strong>: Zale\u017cy od wersji\/rynku \u2013 sprawd\u017a list\u0119 produkt\u00f3w<\/p>\n<p>&nbsp;<\/p>\n<h3><span style=\"font-size: 90%;\">Bang Box 42000 42K Puffs Dual Mode Jednorazowa lista smak\u00f3w Vape:<\/span><\/h3>\n<p><strong>1. Arbuz truskawkowy<\/strong><\/p>\n<p><strong>2.Dzikie jagody<\/strong><\/p>\n<p><strong>3. Niebieski Razz L\u00f3d<\/strong><\/p>\n<p><strong>4. Arbuz jagodowy<\/strong><\/p>\n<p><strong>5. Kwa\u015bny l\u00f3d jab\u0142kowy<\/strong><\/p>\n<p><strong>6. Orancja z jag\u00f3d limonki<\/strong><\/p>\n<p><strong>7.Miksy Mango<\/strong><\/p>\n<p><strong>8. Mennica w Miami<\/strong><\/p>\n<p><strong>9. L\u00f3d arbuzowy<\/strong><\/p>\n<p><strong>10.Wi\u015bnia<\/strong><\/p>\n<p><strong>11. Pop winogronowy<\/strong><\/p>\n<p><strong>12. Blackberry B-pop<img loading=\"lazy\" decoding=\"async\" class=\"alignnone wp-image-9257 size-full\" src=\"https:\/\/pgvape.com\/wp-content\/uploads\/2026\/03\/Bang-Box-42K-Puffs-Dual-Mode-Disposable-Vape-Single-Flavor-Pod-12Taste-3D-Curved-Screen-11.png\" alt=\"Siatka urz\u0105dze\u0144 do waporyzacji Bang Box Turbo z kolorowymi paskami, u\u0142o\u017cona w czterech kolumnach w trzech rz\u0119dach, ka\u017cdy z etykiet\u0105 smaku.\" width=\"1139\" height=\"1500\" srcset=\"https:\/\/pgvape.com\/wp-content\/uploads\/2026\/03\/Bang-Box-42K-Puffs-Dual-Mode-Disposable-Vape-Single-Flavor-Pod-12Taste-3D-Curved-Screen-11.png 1139w, https:\/\/pgvape.com\/wp-content\/uploads\/2026\/03\/Bang-Box-42K-Puffs-Dual-Mode-Disposable-Vape-Single-Flavor-Pod-12Taste-3D-Curved-Screen-11-273x360.png 273w, https:\/\/pgvape.com\/wp-content\/uploads\/2026\/03\/Bang-Box-42K-Puffs-Dual-Mode-Disposable-Vape-Single-Flavor-Pod-12Taste-3D-Curved-Screen-11-595x784.png 595w, https:\/\/pgvape.com\/wp-content\/uploads\/2026\/03\/Bang-Box-42K-Puffs-Dual-Mode-Disposable-Vape-Single-Flavor-Pod-12Taste-3D-Curved-Screen-11-304x400.png 304w, https:\/\/pgvape.com\/wp-content\/uploads\/2026\/03\/Bang-Box-42K-Puffs-Dual-Mode-Disposable-Vape-Single-Flavor-Pod-12Taste-3D-Curved-Screen-11-768x1011.png 768w, https:\/\/pgvape.com\/wp-content\/uploads\/2026\/03\/Bang-Box-42K-Puffs-Dual-Mode-Disposable-Vape-Single-Flavor-Pod-12Taste-3D-Curved-Screen-11-9x12.png 9w, https:\/\/pgvape.com\/wp-content\/uploads\/2026\/03\/Bang-Box-42K-Puffs-Dual-Mode-Disposable-Vape-Single-Flavor-Pod-12Taste-3D-Curved-Screen-11-600x790.png 600w\" sizes=\"auto, (max-width: 1139px) 100vw, 1139px\" \/><\/strong><\/p>\n<p>&nbsp;<\/p>\n<h2>Cz\u0119sto zadawane pytania dotycz\u0105ce jednorazowego waporyzatora Bang Box 42000 42K Puffs Dual Mode<\/h2>\n<p>\u2753 <strong>Ile zaci\u0105gni\u0119\u0107?<\/strong><br \/>\n\u2705Do <strong>42,000<\/strong> \u2013 rzeczywista liczba zale\u017cy od nawyk\u00f3w i wybranego trybu.<\/p>\n<p>\u2753 <strong>Jedno czy wielosmakowe?<\/strong><br \/>\n\u2705 <strong>Komora jednego smaku<\/strong> \u2013 dedykowana czysto\u015b\u0107, brak mieszania smak\u00f3w.<\/p>\n<p>\u2753 <strong class=\"\">Do czego s\u0142u\u017cy zakrzywiony ekran 3D?<\/strong><br \/>\n\u2705 <strong>Nowoczesny projekt wizualny<\/strong> + <strong>wyczy\u015b\u0107 stan urz\u0105dzenia<\/strong> \u2013 zwi\u0119ksza u\u017cyteczno\u015b\u0107 i atrakcyjno\u015b\u0107.<\/p>\n<p>\u2753 <strong>Wyja\u015bniono podw\u00f3jne tryby waporyzacji?<\/strong><br \/>\n\u2705 <strong class=\"\">Dwie opcje intensywno\u015bci<\/strong> \u2013 wybierz preferowan\u0105 g\u0119sto\u015b\u0107 pary i narysuj wra\u017cenia.<\/p>\n<p>\u2753 <strong>Czy tryb wp\u0142ywa na liczb\u0119 zaci\u0105gni\u0119\u0107?<\/strong><br \/>\n\u2705 <strong>Tak<\/strong> \u2013 tryby o wy\u017cszej wydajno\u015bci zu\u017cywaj\u0105 p\u0142yn szybciej, nieznacznie zmniejszaj\u0105c ca\u0142kowit\u0105 liczb\u0119 zaci\u0105gni\u0119\u0107.<\/p>\n<p>\u2753 <strong class=\"\">Mo\u017cna \u0142adowa\u0107?<\/strong><br \/>\n\u2705 <strong>Tak<\/strong> \u2013 \u0142aduje akumulator w celu utrzymania pe\u0142nej wydajno\u015bci.<\/p>\n<p>\u2753 <strong>Jakie\u015b przyciski?<\/strong><br \/>\n\u2705 <strong>NIE<\/strong> \u2013 <strong>aktywowane losowaniem<\/strong>, automatycznie zapala si\u0119 przy wdechu.<\/p>\n<p>\u2753 <strong>Mo\u017cliwo\u015b\u0107 ponownego nape\u0142nienia?<\/strong><br \/>\n\u2705 <strong>NIE<\/strong> \u2013 <strong>jednorazowe<\/strong> gdy sko\u0144czy si\u0119 e-liquid.<\/p>\n<p>\u2753 <strong>Dla kogo to jest?<\/strong><br \/>\n\u2705 <strong>U\u017cytkownicy doro\u015bli<\/strong> brakuj\u0105cy <strong>d\u0142ugotrwa\u0142e<\/strong>, <strong>nowoczesna technologia wy\u015bwietlania<\/strong>, <strong>regulowane tryby<\/strong>.<\/p>\n<p>\u2753 <strong>Zawarto\u015b\u0107 nikotyny?<\/strong><br \/>\n\u2705 <strong>R\u00f3\u017cni si\u0119 w zale\u017cno\u015bci od wersji\/rynku<\/strong> \u2013 sprawd\u017a na li\u015bcie produkt\u00f3w\/opakowaniach.<\/p>\n<p>&nbsp;<\/p>\n<h3 id=\"brxe-najhln\" class=\"brxe-heading\">Cz\u0119sto zadawane pytania (FAQ)<\/h3>\n<div id=\"brxe-rajiac\" class=\"brxe-text\">\n<p><strong>P: Jakie metody p\u0142atno\u015bci akceptujecie?<\/strong><br \/>\nOdp.: Akceptujemy PayPal, Stripe, przelewy bankowe (obs\u0142ugiwane SEPA), g\u0142\u00f3wne karty kredytowe (Visa, MasterCard, American Express) i p\u0142atno\u015bci w kryptowalutach.<\/p>\n<p><strong>P: Jak d\u0142ugo trwa przygotowanie zam\u00f3wienia?<\/strong><br \/>\nOdp.: Przygotowanie zam\u00f3wienia zajmuje 1-3 dni robocze.<\/p>\n<p><strong>P: Jaki jest czas wysy\u0142ki?<\/strong><br \/>\nOdp.: Czas wysy\u0142ki wynosi 7-14 dni roboczych, w zale\u017cno\u015bci od Twojej lokalizacji. Dostawa towar\u00f3w z europejskich magazyn\u00f3w trwa zazwyczaj 3-6 dni roboczych.<\/p>\n<p><strong>P: Jak mog\u0119 \u015bledzi\u0107 moje zam\u00f3wienie?<\/strong><br \/>\nOdp.: Po wysy\u0142ce otrzymasz wiadomo\u015b\u0107 e-mail z potwierdzeniem i numerem przesy\u0142ki umo\u017cliwiaj\u0105cym \u015bledzenie w czasie rzeczywistym.<\/p>\n<p><strong>P: Jaka jest Twoja polityka zwrot\u00f3w?<\/strong><br \/>\nOdp.: Oferujemy 30-dniow\u0105 polityk\u0119 zwrot\u00f3w lub wymiany. .<\/p>\n<p><strong>P: Czy wyst\u0105pi\u0105 jakie\u015b problemy celne?<br \/>\n<\/strong>Obs\u0142ugujemy wszystkie procedury odprawy celnej, aby zapewni\u0107 Ci bezproblemow\u0105 obs\u0142ug\u0119. .<\/p>\n<p><strong>P: Jakie metody wysy\u0142ki s\u0105 stosowane?<\/strong><br \/>\nWsp\u00f3\u0142pracujemy z firmami UPS\/DHL\/FEDEX\/DPD itp. W zale\u017cno\u015bci od kraju dostawy wybierzemy odpowiedni\u0105 opcj\u0119 wysy\u0142ki, tak aby produkty dotar\u0142y do \u200b\u200bPa\u0144stwa najszybciej jak to mo\u017cliwe.<\/p>\n<p><a href=\"https:\/\/pgvape.com\/pl\/czesto-zadawane-pytania\/\">Kliknij tutaj, aby uzyska\u0107 wi\u0119cej cz\u0119sto zadawanych pyta\u0144<\/a><\/p>\n<p>Szanowni klienci, je\u015bli masz jakiekolwiek pytania dotycz\u0105ce zam\u00f3wienia lub przybycia towaru, skontaktuj si\u0119 z naszym dzia\u0142em obs\u0142ugi klienta. Dzi\u0119kuj\u0119!<\/p>\n<h3 data-sourcepos=\"73:1-73:21\"><strong data-sourcepos=\"73:7-73:21\">Skontaktuj si\u0119 z nami<\/strong><\/h3>\n<div id=\"text-2419739398\" class=\"text\">\n<p><strong data-sourcepos=\"75:3-75:12\">E-mail<\/strong>:\u00a0<a href=\"mailto:support@pgvape.com\"><strong>support@pgvape.com<\/strong><\/a><\/p>\n<p><strong data-sourcepos=\"76:3-76:15\">WhatsApp<\/strong>:\u00a0<a href=\"https:\/\/wa.me\/+8618128481258\"><strong>+86 18128481258<\/strong><\/a><br \/>\n<strong>(Odpowied\u017a w ci\u0105gu 24 godzin w dni robocze)<\/strong><\/p>\n<\/div>\n<h3><strong>Dzi\u0119kujemy za wybranie pgvape.com! .<\/strong><\/h3>\n<\/div>","protected":false},"excerpt":{"rendered":"<p><strong>Bang Box 42 tys<\/strong> <strong>zaci\u0105gni\u0119cia si\u0119<\/strong>, <strong>Zakrzywiony wy\u015bwietlacz 3D<\/strong>, <strong>tryby podw\u00f3jne<\/strong>, <strong>czysto\u015b\u0107 jednego smaku<\/strong>, <strong>akumulator<\/strong>.<strong>Futurystyczna forma, elastyczna moc, czysty smak.<\/strong><\/p>","protected":false},"featured_media":9248,"comment_status":"open","ping_status":"closed","template":"","meta":{"_seopress_robots_primary_cat":"","_seopress_titles_title":"","_seopress_titles_desc":"","_seopress_robots_index":""},"product_brand":[577,516],"product_cat":[433,576,515],"product_tag":[421,435,590,90,591],"class_list":{"0":"post-9244","1":"product","2":"type-product","3":"status-publish","4":"has-post-thumbnail","6":"product_brand-bang-box-vape","7":"product_brand-disposable-vape","8":"product_cat-42k-puffs-vape","9":"product_cat-bang-box-vape","10":"product_cat-disposable-vape","11":"product_tag-3d-curved-screen","12":"product_tag-42k-puffs-vape","13":"product_tag-bang-box-42000","14":"product_tag-disposable-vape","15":"product_tag-single-flavor-pod","17":"first","18":"instock","19":"sale","20":"shipping-taxable","21":"purchasable","22":"product-type-variable"},"_links":{"self":[{"href":"https:\/\/pgvape.com\/pl\/wp-json\/wp\/v2\/product\/9244","targetHints":{"allow":["GET"]}}],"collection":[{"href":"https:\/\/pgvape.com\/pl\/wp-json\/wp\/v2\/product"}],"about":[{"href":"https:\/\/pgvape.com\/pl\/wp-json\/wp\/v2\/types\/product"}],"replies":[{"embeddable":true,"href":"https:\/\/pgvape.com\/pl\/wp-json\/wp\/v2\/comments?post=9244"}],"wp:featuredmedia":[{"embeddable":true,"href":"https:\/\/pgvape.com\/pl\/wp-json\/wp\/v2\/media\/9248"}],"wp:attachment":[{"href":"https:\/\/pgvape.com\/pl\/wp-json\/wp\/v2\/media?parent=9244"}],"wp:term":[{"taxonomy":"product_brand","embeddable":true,"href":"https:\/\/pgvape.com\/pl\/wp-json\/wp\/v2\/product_brand?post=9244"},{"taxonomy":"product_cat","embeddable":true,"href":"https:\/\/pgvape.com\/pl\/wp-json\/wp\/v2\/product_cat?post=9244"},{"taxonomy":"product_tag","embeddable":true,"href":"https:\/\/pgvape.com\/pl\/wp-json\/wp\/v2\/product_tag?post=9244"}],"curies":[{"name":"wp","href":"https:\/\/api.w.org\/{rel}","templated":true}]}}