{"id":9212,"date":"2026-03-09T07:15:53","date_gmt":"2026-03-09T07:15:53","guid":{"rendered":"https:\/\/pgvape.com\/?post_type=product&#038;p=9212"},"modified":"2026-03-15T13:57:34","modified_gmt":"2026-03-15T13:57:34","slug":"bang-box-35000-35k-zaciagniec-jednorazowe-vape-regulowany-przeplyw-powietrza-moc-0-2-3-5nikotyna-12smak-led-ekran-dotykowy-vape-fabryka-hurtownia","status":"publish","type":"product","link":"https:\/\/pgvape.com\/pl\/produkt\/bang-box-35000-35k-zaciagniec-jednorazowe-vape-regulowany-przeplyw-powietrza-moc-0-2-3-5nikotyna-12smak-led-ekran-dotykowy-vape-fabryka-hurtownia\/","title":{"rendered":"Bang Box 35000 35k Puffs Jednorazowy Vape Regulowany przep\u0142yw powietrza i moc 0% 2% 3% 5%Nikotyna 12Taste LED Ekran Dotykowy Vape Fabryka Hurtowa"},"content":{"rendered":"<p><strong>Bang Box 35 tys<\/strong> dostarcza <strong>35 000 zaci\u0105gni\u0119\u0107<\/strong> z <strong>czysty, pojedynczy smak<\/strong> satysfakcja, zasilana przez a <strong>akumulator<\/strong> i kontrolowane przez <strong>technologi\u0119 interfejsu dotykowego<\/strong>.<br \/>\n<strong>Wspomagaj\u0105cy wy\u015bwietlacz z dwoma ekranami<\/strong>, <strong>3-trybowy dotykowy przep\u0142yw powietrza<\/strong>, <strong>2-trybowa regulacja mocy<\/strong> I <strong>12 wyselekcjonowanych smak\u00f3w<\/strong> da\u0107 ci <strong>pe\u0142ne polecenie<\/strong>\u2014 niestandardowa g\u0119sto\u015b\u0107 pary, uderzenie w gard\u0142o i styl rysowania w formacie a <strong>elegancki, pude\u0142kowy styl<\/strong> pow\u0142oka.<\/p>\n<p>&nbsp;<\/p>\n<h2><span style=\"font-size: 90%;\">Bang Box 35000 35k Puffs Jednorazowy Vape Dane techniczne:<\/span><\/h2>\n<p><strong>Pufy<\/strong>: A\u017c do <strong>35,000<\/strong><\/p>\n<p><strong>System smakowy<\/strong>: <strong>Kapsu\u0142ka o jednym smaku<\/strong> \u2013 czysty, sp\u00f3jny smak<\/p>\n<p><strong>Bateria<\/strong>: <strong>Mo\u017cliwo\u015b\u0107 \u0142adowania<\/strong> \u2013 utrzymuje wydajno\u015b\u0107 do ostatniej kropli<\/p>\n<p><strong>Wy\u015bwietlacz<\/strong>: <strong>Asystent dw\u00f3ch ekran\u00f3w<\/strong> \u2013 bateria w czasie rzeczywistym, moc, zu\u017cycie<\/p>\n<p><strong>Przep\u0142yw powietrza<\/strong>: <strong>Dotknij 3-tryb<\/strong> \u2013 dostosuj intensywno\u015b\u0107<\/p>\n<p><strong>Moc<\/strong>: <strong>Sterowanie dotykowe w 2 trybach<\/strong> \u2013 prze\u0142\u0105czanie poziom\u00f3w wyj\u015bciowych<\/p>\n<p><strong>Para<\/strong>: <strong>Regulowane wyj\u015bcie<\/strong> \u2013 g\u0119sto\u015b\u0107 i smak na \u017c\u0105danie<\/p>\n<p><strong>Aktywacja<\/strong>: <strong>Aktywowano losowanie<\/strong> \u2013 brak przycisk\u00f3w, intuicyjna obs\u0142uga<\/p>\n<p><strong>Projekt<\/strong>: <strong>Elegancki styl pude\u0142ka<\/strong> \u2013 nowoczesny, ergonomiczny uchwyt<\/p>\n<p><strong>Mo\u017cliwo\u015b\u0107 ponownego nape\u0142nienia<\/strong>: <strong>NIE<\/strong> \u2013 jednorazowe w przypadku wyczerpania<\/p>\n<p>&nbsp;<\/p>\n<h3><span style=\"font-size: 90%;\">Bang Box 35000 35k Puffs Lista smak\u00f3w jednorazowego waporyzatora:<\/span><\/h3>\n<p><strong>1.Truskawkowe Kiwi<\/strong><\/p>\n<p><strong>2. Niebieski Razz L\u00f3d<\/strong><\/p>\n<p><strong>3. Arbuz Truskawkowy<\/strong><\/p>\n<p><strong>4. Marakuja<\/strong><\/p>\n<p><strong>5. Soda cytrynowa cola<\/strong><\/p>\n<p><strong>6. L\u00f3d arbuzowy<\/strong><\/p>\n<p><strong>7. Arbuzowa guma balonowa<\/strong><\/p>\n<p><strong>8.Kiwi Gujawa z marakuji<\/strong><\/p>\n<p><strong class=\"\">9.L\u00f3d jagodowy<\/strong><\/p>\n<p><strong class=\"\">10.Wi\u015bnia arbuzowa<\/strong><\/p>\n<p><strong class=\"\">11. Czerwony Byk<\/strong><\/p>\n<p><strong>12. Mi\u0119towy grejpfrut<img loading=\"lazy\" decoding=\"async\" class=\"alignnone wp-image-9229 size-full\" src=\"https:\/\/pgvape.com\/wp-content\/uploads\/2026\/03\/Bang-Box-35k-Puffs-Disposable-Vape-Adjustable-Airflow-0-2-3-5Nicotine-12Taste-LED-Touchscreen-pgvape-3.png\" alt=\"Siatka cztery na cztery kolorowych urz\u0105dze\u0144 do waporyzacji Bang Box na ciemnym tle, ka\u017cde z etykietami smakowymi, takimi jak Strawberry Kiwi i Blue Razz Ice.\" width=\"1500\" height=\"1607\" srcset=\"https:\/\/pgvape.com\/wp-content\/uploads\/2026\/03\/Bang-Box-35k-Puffs-Disposable-Vape-Adjustable-Airflow-0-2-3-5Nicotine-12Taste-LED-Touchscreen-pgvape-3.png 1500w, https:\/\/pgvape.com\/wp-content\/uploads\/2026\/03\/Bang-Box-35k-Puffs-Disposable-Vape-Adjustable-Airflow-0-2-3-5Nicotine-12Taste-LED-Touchscreen-pgvape-3-336x360.png 336w, https:\/\/pgvape.com\/wp-content\/uploads\/2026\/03\/Bang-Box-35k-Puffs-Disposable-Vape-Adjustable-Airflow-0-2-3-5Nicotine-12Taste-LED-Touchscreen-pgvape-3-595x637.png 595w, https:\/\/pgvape.com\/wp-content\/uploads\/2026\/03\/Bang-Box-35k-Puffs-Disposable-Vape-Adjustable-Airflow-0-2-3-5Nicotine-12Taste-LED-Touchscreen-pgvape-3-373x400.png 373w, https:\/\/pgvape.com\/wp-content\/uploads\/2026\/03\/Bang-Box-35k-Puffs-Disposable-Vape-Adjustable-Airflow-0-2-3-5Nicotine-12Taste-LED-Touchscreen-pgvape-3-768x823.png 768w, https:\/\/pgvape.com\/wp-content\/uploads\/2026\/03\/Bang-Box-35k-Puffs-Disposable-Vape-Adjustable-Airflow-0-2-3-5Nicotine-12Taste-LED-Touchscreen-pgvape-3-1434x1536.png 1434w, https:\/\/pgvape.com\/wp-content\/uploads\/2026\/03\/Bang-Box-35k-Puffs-Disposable-Vape-Adjustable-Airflow-0-2-3-5Nicotine-12Taste-LED-Touchscreen-pgvape-3-11x12.png 11w, https:\/\/pgvape.com\/wp-content\/uploads\/2026\/03\/Bang-Box-35k-Puffs-Disposable-Vape-Adjustable-Airflow-0-2-3-5Nicotine-12Taste-LED-Touchscreen-pgvape-3-600x643.png 600w\" sizes=\"auto, (max-width: 1500px) 100vw, 1500px\" \/><\/strong><\/p>\n<p>&nbsp;<\/p>\n<h2>Cz\u0119sto zadawane pytania dotycz\u0105ce jednorazowego waporyzatora Bang Box 35000 35k Puffs<\/h2>\n<p data-sourcepos=\"51:1-52:68\">\u2753 <strong data-sourcepos=\"51:3-51:46\">Jak dzia\u0142a system sterowania dotykowego?<\/strong><br \/>\n\u2705 <strong data-sourcepos=\"52:3-52:29\">Regulacja jednym dotkni\u0119ciem<\/strong> dla przep\u0142ywu powietrza\/mocy \u2013 bez skomplikowanych menu<\/p>\n<p data-sourcepos=\"54:1-55:69\">\u2753 <strong data-sourcepos=\"54:3-54:50\">Co sprawia, \u017ce \u200b\u200bwy\u015bwietlacz z dwoma ekranami jest wyj\u0105tkowy?<\/strong><br \/>\n\u2705 <strong data-sourcepos=\"55:3-55:30\">Jednoczesne monitorowanie<\/strong> baterii + tryb zasilania + liczba zaci\u0105gni\u0119\u0107<\/p>\n<p data-sourcepos=\"57:1-58:58\">\u2753 <strong data-sourcepos=\"57:3-57:52\">Czy nadaje si\u0119 to zar\u00f3wno do waporyzacji MTL, jak i DTL?<\/strong><br \/>\n\u2705 <strong data-sourcepos=\"58:3-58:10\">Tak<\/strong> \u2013 Regulowany przep\u0142yw powietrza pasuje do obu styl\u00f3w<\/p>\n<p data-sourcepos=\"60:1-61:70\">\u2753 <strong data-sourcepos=\"60:3-60:48\">Jak wypada w por\u00f3wnaniu z podstawowymi produktami jednorazowego u\u017cytku?<\/strong><br \/>\n\u2705 <strong data-sourcepos=\"61:3-61:23\">Doskona\u0142a kontrola<\/strong> z <strong data-sourcepos=\"61:29-61:48\">3x d\u0142u\u017csza \u017cywotno\u015b\u0107<\/strong> standardowych urz\u0105dze\u0144<\/p>\n<p>&nbsp;<\/p>\n<h3 id=\"brxe-najhln\" class=\"brxe-heading\">Cz\u0119sto zadawane pytania (FAQ)<\/h3>\n<div id=\"brxe-rajiac\" class=\"brxe-text\">\n<p><strong>P: Jakie metody p\u0142atno\u015bci akceptujecie?<\/strong><br \/>\nOdp.: Akceptujemy PayPal, Stripe, przelewy bankowe (obs\u0142ugiwane SEPA), g\u0142\u00f3wne karty kredytowe (Visa, MasterCard, American Express) i p\u0142atno\u015bci w kryptowalutach.<\/p>\n<p><strong>P: Jak d\u0142ugo trwa przygotowanie zam\u00f3wienia?<\/strong><br \/>\nOdp.: Przygotowanie zam\u00f3wienia zajmuje 1-3 dni robocze.<\/p>\n<p><strong>P: Jaki jest czas wysy\u0142ki?<\/strong><br \/>\nOdp.: Czas wysy\u0142ki wynosi 7-14 dni roboczych, w zale\u017cno\u015bci od Twojej lokalizacji. Dostawa towar\u00f3w z europejskich magazyn\u00f3w trwa zazwyczaj 3-6 dni roboczych.<\/p>\n<p><strong>P: Jak mog\u0119 \u015bledzi\u0107 moje zam\u00f3wienie?<\/strong><br \/>\nOdp.: Po wysy\u0142ce otrzymasz wiadomo\u015b\u0107 e-mail z potwierdzeniem i numerem przesy\u0142ki umo\u017cliwiaj\u0105cym \u015bledzenie w czasie rzeczywistym.<\/p>\n<p><strong>P: Jaka jest Twoja polityka zwrot\u00f3w?<\/strong><br \/>\nOdp.: Oferujemy 30-dniow\u0105 polityk\u0119 zwrot\u00f3w lub wymiany. .<\/p>\n<p><strong>P: Czy wyst\u0105pi\u0105 jakie\u015b problemy celne?<br \/>\n<\/strong>Obs\u0142ugujemy wszystkie procedury odprawy celnej, aby zapewni\u0107 Ci bezproblemow\u0105 obs\u0142ug\u0119. .<\/p>\n<p><strong>P: Jakie metody wysy\u0142ki s\u0105 stosowane?<\/strong><br \/>\nWsp\u00f3\u0142pracujemy z firmami UPS\/DHL\/FEDEX\/DPD itp. W zale\u017cno\u015bci od kraju dostawy wybierzemy odpowiedni\u0105 opcj\u0119 wysy\u0142ki, tak aby produkty dotar\u0142y do \u200b\u200bPa\u0144stwa najszybciej jak to mo\u017cliwe.<\/p>\n<p><a href=\"https:\/\/pgvape.com\/pl\/czesto-zadawane-pytania\/\">Kliknij tutaj, aby uzyska\u0107 wi\u0119cej cz\u0119sto zadawanych pyta\u0144<\/a><\/p>\n<p>Szanowni klienci, je\u015bli masz jakiekolwiek pytania dotycz\u0105ce zam\u00f3wienia lub przybycia towaru, skontaktuj si\u0119 z naszym dzia\u0142em obs\u0142ugi klienta. Dzi\u0119kuj\u0119!<\/p>\n<h3 data-sourcepos=\"73:1-73:21\"><strong data-sourcepos=\"73:7-73:21\">Skontaktuj si\u0119 z nami<\/strong><\/h3>\n<div id=\"text-2419739398\" class=\"text\">\n<p><strong data-sourcepos=\"75:3-75:12\">E-mail<\/strong>:\u00a0<a href=\"mailto:support@pgvape.com\"><strong>support@pgvape.com<\/strong><\/a><\/p>\n<p><strong data-sourcepos=\"76:3-76:15\">WhatsApp<\/strong>:\u00a0<a href=\"https:\/\/wa.me\/+8618128481258\"><strong>+86 18128481258<\/strong><\/a><br \/>\n<strong>(Odpowied\u017a w ci\u0105gu 24 godzin w dni robocze)<\/strong><\/p>\n<\/div>\n<h3><strong>Dzi\u0119kujemy za wybranie pgvape.com! .<\/strong><\/h3>\n<\/div>","protected":false},"excerpt":{"rendered":"<p><strong>Bang Box 35 tys<\/strong><strong>\u00a0zaci\u0105gni\u0119cia si\u0119<\/strong>, <strong>sterowanie dotykowe przep\u0142ywem powietrza i moc\u0105<\/strong>, <strong>wy\u015bwietlacz z dwoma ekranami<\/strong>, <strong>czysto\u015b\u0107 jednego smaku<\/strong>, <strong>akumulator<\/strong>.<strong>Dotykaj, dostrajaj, smakuj \u2013 precyzja w ka\u017cdym zaci\u0105gni\u0119ciu.<\/strong><\/p>","protected":false},"featured_media":9227,"comment_status":"open","ping_status":"closed","template":"","meta":{"_seopress_robots_primary_cat":"","_seopress_titles_title":"","_seopress_titles_desc":"","_seopress_robots_index":""},"product_brand":[577,516],"product_cat":[197,576,515],"product_tag":[342,135,589,588,90],"class_list":{"0":"post-9212","1":"product","2":"type-product","3":"status-publish","4":"has-post-thumbnail","6":"product_brand-bang-box-vape","7":"product_brand-disposable-vape","8":"product_cat-35k-puffs-vape","9":"product_cat-bang-box-vape","10":"product_cat-disposable-vape","11":"product_tag-35k-puffs-vape","12":"product_tag-adjustable-airflow","13":"product_tag-adjustable-power","14":"product_tag-bang-box-35000","15":"product_tag-disposable-vape","17":"first","18":"instock","19":"sale","20":"shipping-taxable","21":"purchasable","22":"product-type-variable"},"_links":{"self":[{"href":"https:\/\/pgvape.com\/pl\/wp-json\/wp\/v2\/product\/9212","targetHints":{"allow":["GET"]}}],"collection":[{"href":"https:\/\/pgvape.com\/pl\/wp-json\/wp\/v2\/product"}],"about":[{"href":"https:\/\/pgvape.com\/pl\/wp-json\/wp\/v2\/types\/product"}],"replies":[{"embeddable":true,"href":"https:\/\/pgvape.com\/pl\/wp-json\/wp\/v2\/comments?post=9212"}],"wp:featuredmedia":[{"embeddable":true,"href":"https:\/\/pgvape.com\/pl\/wp-json\/wp\/v2\/media\/9227"}],"wp:attachment":[{"href":"https:\/\/pgvape.com\/pl\/wp-json\/wp\/v2\/media?parent=9212"}],"wp:term":[{"taxonomy":"product_brand","embeddable":true,"href":"https:\/\/pgvape.com\/pl\/wp-json\/wp\/v2\/product_brand?post=9212"},{"taxonomy":"product_cat","embeddable":true,"href":"https:\/\/pgvape.com\/pl\/wp-json\/wp\/v2\/product_cat?post=9212"},{"taxonomy":"product_tag","embeddable":true,"href":"https:\/\/pgvape.com\/pl\/wp-json\/wp\/v2\/product_tag?post=9212"}],"curies":[{"name":"wp","href":"https:\/\/api.w.org\/{rel}","templated":true}]}}