{"id":9178,"date":"2026-03-07T09:33:08","date_gmt":"2026-03-07T09:33:08","guid":{"rendered":"https:\/\/pgvape.com\/?post_type=product&#038;p=9178"},"modified":"2026-03-15T13:57:34","modified_gmt":"2026-03-15T13:57:34","slug":"bang-box-30000-30-tys-zaciagniec-2w1-smakowy-jednorazowy-vape-0-2-3-5nikotynowy-12-smakowy-wyswietlacz-led","status":"publish","type":"product","link":"https:\/\/pgvape.com\/pl\/produkt\/bang-box-30000-30-tys-zaciagniec-2w1-smakowy-jednorazowy-vape-0-2-3-5nikotynowy-12-smakowy-wyswietlacz-led\/","title":{"rendered":"Bang Box 30000 30k Puffs 2w1 Smak Jednorazowy Vape 0% 2% 3% 5%Nikotyna 12Taste Wy\u015bwietlacz LED"},"content":{"rendered":"<p><strong>Bang Box 30 tys<\/strong> dostarcza <strong>30 000 zaci\u0105gni\u0119\u0107<\/strong> poprzez <strong>Komora podw\u00f3jnego smaku 2 w 1<\/strong>, pozwalam ci <strong>prze\u0142\u0105cza\u0107 si\u0119 pomi\u0119dzy dwoma smakami<\/strong> w jednym kompaktowym urz\u0105dzeniu.<br \/>\nA <strong>akumulator<\/strong>, <strong>system e-liquidu o du\u017cej pojemno\u015bci<\/strong> I <strong>aktywowane losowaniem<\/strong> projekt zapewnia <strong>d\u0142ugotrwa\u0142e i elastyczne wapowanie<\/strong>\u2014 \u017cadnych przycisk\u00f3w, \u017cadnych wk\u0142ad\u00f3w, po prostu czysta wygoda.<\/p>\n<p>&nbsp;<\/p>\n<h2><span style=\"font-size: 90%;\">Specyfikacja jednorazowego waporyzatora Bang Box 30000 30k Puffs 2w1 o smaku<\/span><\/h2>\n<p><strong>Pufy<\/strong>: A\u017c do <strong>30,000<\/strong> (u\u017cycie jest r\u00f3\u017cne)<\/p>\n<p><strong>System smakowy<\/strong>: <strong>Podw\u00f3jna komora 2 w 1<\/strong> \u2013 dwa smaki, jedno urz\u0105dzenie<\/p>\n<p><strong>Bateria<\/strong>: <strong>Mo\u017cliwo\u015b\u0107 \u0142adowania<\/strong> \u2013 ci\u0105g\u0142e wsparcie wydajno\u015bci<\/p>\n<p><strong>Aktywacja<\/strong>: <strong>Aktywowano losowanie<\/strong> \u2013 bez przycisk\u00f3w, bez konfiguracji<\/p>\n<p><strong>Projekt<\/strong>: <strong>Kompaktowy w stylu pude\u0142ka<\/strong> \u2013 moc spotyka si\u0119 z przeno\u015bno\u015bci\u0105<\/p>\n<p><strong>Para<\/strong>: P\u0142ynny, stabilny i sp\u00f3jny wydruk<\/p>\n<p><strong>Mo\u017cliwo\u015b\u0107 ponownego nape\u0142nienia<\/strong>: <strong>NIE<\/strong> \u2013 jednorazowe w przypadku wyczerpania si\u0119 e-liquidu<\/p>\n<p><strong>Nikotyna<\/strong>: Zale\u017cy od regionu\/wersji \u2013 sprawd\u017a list\u0119 produkt\u00f3w<\/p>\n<p>&nbsp;<\/p>\n<h3><span style=\"font-size: 90%;\">Bang Box 30000 30k Puffs 2w1 Smak Jednorazowa lista smak\u00f3w Vape<\/span><\/h3>\n<p><strong>1.L\u00f3d arbuzowy i kiwi truskawkowe<\/strong><\/p>\n<p><strong>2.Truskawkowy arbuz i truskawkowy kiwi<\/strong><\/p>\n<p><strong>3. L\u00f3d jagodowy i sok brzoskwiniowy<\/strong><\/p>\n<p><strong>4.Kiwi Passion Frrit Guave i l\u00f3d jagodowy<\/strong><\/p>\n<p><strong>5. Jagodowy, kwa\u015bny, malinowy l\u00f3d i mieszanka owoc\u00f3w<\/strong><\/p>\n<p><strong>6.Potr\u00f3jny l\u00f3d jagodowy i truskawkowe mango<\/strong><\/p>\n<p><strong>7. Arbuzowa guma balonowa i truskawkowy arbuz<\/strong><\/p>\n<p><strong>8. L\u00f3d jagodowy i l\u00f3d arbuzowy<\/strong><\/p>\n<p><strong>9. Truskawkowy arbuz i kiwi Passion Frrit Guave<\/strong><\/p>\n<p><strong>10.L\u00f3d Czarnego Smoka i Arbuz Mango-Brzoskwinia<\/strong><\/p>\n<p><strong>11.Niebieski l\u00f3d Razz i podw\u00f3jne winogrono<\/strong><\/p>\n<p><strong>12. Niebieski l\u00f3d Razz i truskawkowe mango<img loading=\"lazy\" decoding=\"async\" class=\"alignnone wp-image-9195 size-full\" src=\"https:\/\/pgvape.com\/wp-content\/uploads\/2026\/03\/Bang-Box-30k-Puffs-2-in-1-Flavor-Disposable-Vape-0-2-3-5Nicotine-12Taste-LED-Display-15.png\" alt=\"Jednorazowe waporyzatory Twelve Bang Box z t\u0119czowymi gradientowymi frontami i czarnymi ustnikami, u\u0142o\u017cone w siatce 4x3.\" width=\"1241\" height=\"1320\" srcset=\"https:\/\/pgvape.com\/wp-content\/uploads\/2026\/03\/Bang-Box-30k-Puffs-2-in-1-Flavor-Disposable-Vape-0-2-3-5Nicotine-12Taste-LED-Display-15.png 1241w, https:\/\/pgvape.com\/wp-content\/uploads\/2026\/03\/Bang-Box-30k-Puffs-2-in-1-Flavor-Disposable-Vape-0-2-3-5Nicotine-12Taste-LED-Display-15-338x360.png 338w, https:\/\/pgvape.com\/wp-content\/uploads\/2026\/03\/Bang-Box-30k-Puffs-2-in-1-Flavor-Disposable-Vape-0-2-3-5Nicotine-12Taste-LED-Display-15-595x633.png 595w, https:\/\/pgvape.com\/wp-content\/uploads\/2026\/03\/Bang-Box-30k-Puffs-2-in-1-Flavor-Disposable-Vape-0-2-3-5Nicotine-12Taste-LED-Display-15-376x400.png 376w, https:\/\/pgvape.com\/wp-content\/uploads\/2026\/03\/Bang-Box-30k-Puffs-2-in-1-Flavor-Disposable-Vape-0-2-3-5Nicotine-12Taste-LED-Display-15-768x817.png 768w, https:\/\/pgvape.com\/wp-content\/uploads\/2026\/03\/Bang-Box-30k-Puffs-2-in-1-Flavor-Disposable-Vape-0-2-3-5Nicotine-12Taste-LED-Display-15-11x12.png 11w, https:\/\/pgvape.com\/wp-content\/uploads\/2026\/03\/Bang-Box-30k-Puffs-2-in-1-Flavor-Disposable-Vape-0-2-3-5Nicotine-12Taste-LED-Display-15-600x638.png 600w\" sizes=\"auto, (max-width: 1241px) 100vw, 1241px\" \/><\/strong><\/p>\n<p>&nbsp;<\/p>\n<h2 class=\"header-vfC6AV auto-hide-last-sibling-br\">Cz\u0119sto zadawane pytania na temat jednorazowego waporyzatora Bang Box 30000 30k Puffs 2w1 o smaku<\/h2>\n<p>\u2753 <strong>Ile zaci\u0105gni\u0119\u0107?<\/strong><br \/>\n\u2705Do <strong>30 000 zaci\u0105gni\u0119\u0107<\/strong> \u2013 rzeczywista liczba zale\u017cy od osobistych nawyk\u00f3w.<\/p>\n<p>\u2753 <strong>Czym jest komora 2 w 1?<\/strong><br \/>\n\u2705 <strong>Podw\u00f3jny system smakowy<\/strong> \u2013 <strong>dwa r\u00f3\u017cne smaki<\/strong> umieszczone w jednym urz\u0105dzeniu.<\/p>\n<p>\u2753 <strong>Czy mog\u0119 zmieni\u0107 smak?<\/strong><br \/>\n\u2705 <strong>Tak<\/strong> \u2013 \u0142atwo prze\u0142\u0105cza\u0107 si\u0119 pomi\u0119dzy <strong>oba smaki<\/strong> kiedykolwiek.<\/p>\n<p>\u2753 <strong>Czy mo\u017cna go \u0142adowa\u0107?<\/strong><br \/>\n\u2705 <strong>Tak<\/strong> \u2013 zapewnia akumulator <strong>stabilna wydajno\u015b\u0107<\/strong> a\u017c pusty.<\/p>\n<p>\u2753 <strong>Jakie\u015b przyciski do wci\u015bni\u0119cia?<\/strong><br \/>\n\u2705 <strong>NIE<\/strong> \u2013 <strong>mechanizm aktywowany przez poci\u0105gni\u0119cie<\/strong>, zero skomplikowanych ustawie\u0144.<\/p>\n<p>\u2753 <strong>Czy mog\u0119 go ponownie nape\u0142ni\u0107?<\/strong><br \/>\n\u2705 <strong>NIE<\/strong> \u2013 <strong>urz\u0105dzenie jednorazowe<\/strong>; wyrzu\u0107, gdy sko\u0144czy si\u0119 e-liquid.<\/p>\n<p>\u2753 <strong>Dla kogo to jest?<\/strong><br \/>\n\u2705 <strong>U\u017cytkownicy doro\u015bli<\/strong> szukaj\u0105c <strong>d\u0142ugotrwa\u0142e<\/strong>, <strong>wygoda w dw\u00f3ch smakach<\/strong> bez k\u0142opot\u00f3w.<\/p>\n<p>\u2753 <strong>Czy zawiera nikotyn\u0119?<\/strong><br \/>\n\u2705 <strong>R\u00f3\u017cni si\u0119 w zale\u017cno\u015bci od regionu\/wersji<\/strong> \u2013 sprawd\u017a dok\u0142adn\u0105 moc na li\u015bcie produkt\u00f3w\/opakowaniach.<\/p>\n<p>&nbsp;<\/p>\n<h3 id=\"brxe-najhln\" class=\"brxe-heading\">Cz\u0119sto zadawane pytania (FAQ)<\/h3>\n<div id=\"brxe-rajiac\" class=\"brxe-text\">\n<p><strong>P: Jakie metody p\u0142atno\u015bci akceptujecie?<\/strong><br \/>\nOdp.: Akceptujemy PayPal, Stripe, przelewy bankowe (obs\u0142ugiwane SEPA), g\u0142\u00f3wne karty kredytowe (Visa, MasterCard, American Express) i p\u0142atno\u015bci w kryptowalutach.<\/p>\n<p><strong>P: Jak d\u0142ugo trwa przygotowanie zam\u00f3wienia?<\/strong><br \/>\nOdp.: Przygotowanie zam\u00f3wienia zajmuje 1-3 dni robocze.<\/p>\n<p><strong>P: Jaki jest czas wysy\u0142ki?<\/strong><br \/>\nOdp.: Czas wysy\u0142ki wynosi 7-14 dni roboczych, w zale\u017cno\u015bci od Twojej lokalizacji.<\/p>\n<p><strong>P: Jak mog\u0119 \u015bledzi\u0107 moje zam\u00f3wienie?<\/strong><br \/>\nOdp.: Po wysy\u0142ce otrzymasz wiadomo\u015b\u0107 e-mail z potwierdzeniem i numerem przesy\u0142ki umo\u017cliwiaj\u0105cym \u015bledzenie w czasie rzeczywistym.<\/p>\n<p><strong>P: Jaka jest Twoja polityka zwrot\u00f3w?<\/strong><br \/>\nOdp.: Oferujemy 30-dniow\u0105 polityk\u0119 zwrot\u00f3w lub wymiany. .<\/p>\n<p><strong>P: Czy wyst\u0105pi\u0105 jakie\u015b problemy celne?<br \/>\n<\/strong>Obs\u0142ugujemy wszystkie procedury odprawy celnej, aby zapewni\u0107 Ci bezproblemow\u0105 obs\u0142ug\u0119. .<\/p>\n<p><strong>P: Jakie metody wysy\u0142ki s\u0105 stosowane?<\/strong><br \/>\nWsp\u00f3\u0142pracujemy z firmami UPS\/DHL\/FEDEX\/DPD itp. W zale\u017cno\u015bci od kraju dostawy wybierzemy odpowiedni\u0105 opcj\u0119 wysy\u0142ki, tak aby produkty dotar\u0142y do \u200b\u200bPa\u0144stwa najszybciej jak to mo\u017cliwe.<\/p>\n<p><a href=\"https:\/\/pgvape.com\/pl\/czesto-zadawane-pytania\/\">Kliknij tutaj, aby uzyska\u0107 wi\u0119cej cz\u0119sto zadawanych pyta\u0144<\/a><\/p>\n<p>Szanowni klienci, je\u015bli masz jakiekolwiek pytania dotycz\u0105ce zam\u00f3wienia lub przybycia towaru, skontaktuj si\u0119 z naszym dzia\u0142em obs\u0142ugi klienta. Dzi\u0119kuj\u0119!<\/p>\n<h3 data-sourcepos=\"73:1-73:21\"><strong data-sourcepos=\"73:7-73:21\">Skontaktuj si\u0119 z nami<\/strong><\/h3>\n<div id=\"text-2419739398\" class=\"text\">\n<p><strong data-sourcepos=\"75:3-75:12\">E-mail<\/strong>:\u00a0<a href=\"mailto:support@pgvape.com\"><strong>support@pgvape.com<\/strong><\/a><\/p>\n<p><strong data-sourcepos=\"76:3-76:15\">WhatsApp<\/strong>:\u00a0<a href=\"https:\/\/wa.me\/+8618128481258\"><strong>+86 18128481258<\/strong><\/a><br \/>\n<strong>(Odpowied\u017a w ci\u0105gu 24 godzin w dni robocze)<\/strong><\/p>\n<\/div>\n<h3><strong>Dzi\u0119kujemy za wybranie pgvape.com! .<\/strong><\/h3>\n<\/div>","protected":false},"excerpt":{"rendered":"<p><strong>Bang Box 30 tys<\/strong> \u2013 <strong>30 tys. zaci\u0105gni\u0119\u0107<\/strong>, <strong>Podw\u00f3jny smak 2 w 1<\/strong>, <strong>akumulator<\/strong>, <strong>aktywowane losowaniem<\/strong>, <strong>kompaktowy w stylu pude\u0142kowym<\/strong>.<strong>Dwa smaki, jedno pude\u0142ko, zero k\u0142opot\u00f3w.<\/strong><\/p>","protected":false},"featured_media":9181,"comment_status":"open","ping_status":"closed","template":"","meta":{"_seopress_robots_primary_cat":"","_seopress_titles_title":"","_seopress_titles_desc":"","_seopress_robots_index":""},"product_brand":[577,516],"product_cat":[35,576,515],"product_tag":[581,349,587,90],"class_list":{"0":"post-9178","1":"product","2":"type-product","3":"status-publish","4":"has-post-thumbnail","6":"product_brand-bang-box-vape","7":"product_brand-disposable-vape","8":"product_cat-30k-puffs-vape","9":"product_cat-bang-box-vape","10":"product_cat-disposable-vape","11":"product_tag-2in1-flavor","12":"product_tag-30k-puffs-vape","13":"product_tag-bang-box-30000","14":"product_tag-disposable-vape","16":"first","17":"instock","18":"sale","19":"shipping-taxable","20":"purchasable","21":"product-type-variable"},"_links":{"self":[{"href":"https:\/\/pgvape.com\/pl\/wp-json\/wp\/v2\/product\/9178","targetHints":{"allow":["GET"]}}],"collection":[{"href":"https:\/\/pgvape.com\/pl\/wp-json\/wp\/v2\/product"}],"about":[{"href":"https:\/\/pgvape.com\/pl\/wp-json\/wp\/v2\/types\/product"}],"replies":[{"embeddable":true,"href":"https:\/\/pgvape.com\/pl\/wp-json\/wp\/v2\/comments?post=9178"}],"wp:featuredmedia":[{"embeddable":true,"href":"https:\/\/pgvape.com\/pl\/wp-json\/wp\/v2\/media\/9181"}],"wp:attachment":[{"href":"https:\/\/pgvape.com\/pl\/wp-json\/wp\/v2\/media?parent=9178"}],"wp:term":[{"taxonomy":"product_brand","embeddable":true,"href":"https:\/\/pgvape.com\/pl\/wp-json\/wp\/v2\/product_brand?post=9178"},{"taxonomy":"product_cat","embeddable":true,"href":"https:\/\/pgvape.com\/pl\/wp-json\/wp\/v2\/product_cat?post=9178"},{"taxonomy":"product_tag","embeddable":true,"href":"https:\/\/pgvape.com\/pl\/wp-json\/wp\/v2\/product_tag?post=9178"}],"curies":[{"name":"wp","href":"https:\/\/api.w.org\/{rel}","templated":true}]}}