{"id":9152,"date":"2026-03-07T09:09:35","date_gmt":"2026-03-07T09:09:35","guid":{"rendered":"https:\/\/pgvape.com\/?post_type=product&#038;p=9152"},"modified":"2026-03-15T14:05:19","modified_gmt":"2026-03-15T14:05:19","slug":"uwin-digital-box-68000-68k-zaciagniec-jednorazowy-vape-0-2-3-5nikotyna-10smak-cyfrowy-wyswietlacz-led","status":"publish","type":"product","link":"https:\/\/pgvape.com\/pl\/produkt\/uwin-digital-box-68000-68k-zaciagniec-jednorazowy-vape-0-2-3-5nikotyna-10smak-cyfrowy-wyswietlacz-led\/","title":{"rendered":"Uwin Digital Box 68000 68k Puffs Jednorazowy Vape 0% 2% 3% 5%Nikotyna 10Taste Cyfrowy wy\u015bwietlacz LED"},"content":{"rendered":"<p><strong>Cyfrowy box Uwina 68K<\/strong> dostarcza <strong>68 000 zaci\u0105gni\u0119\u0107<\/strong> z <strong>20 ml<\/strong> e-liquidu, zasilanego przez <strong>650 mAh typu C<\/strong> bateria i <strong>0.6 \u03a9 cewki z podw\u00f3jn\u0105 siatk\u0105<\/strong>.<br \/>\n<strong>Inteligentny wy\u015bwietlacz cieczy i baterii<\/strong>, <strong>0 % \/ 2 % \/ 3 % \/ 5 %<\/strong> opcje nikotynowe i <strong>10 smak\u00f3w premium<\/strong> da\u0107 ci <strong class=\"\">maksymalna wydajno\u015b\u0107, maksymalna kontrola<\/strong>\u2014<strong>10 szt.\/opakowanie<\/strong>, sprzeda\u017c detaliczna\/hurtowa.<\/p>\n<p>&nbsp;<\/p>\n<h2><span style=\"font-size: 90%;\">Specyfikacja jednorazowego vape Uwin Digital Box 68000 68k Puffs<\/span><\/h2>\n<p><strong>Pufy<\/strong>: A\u017c do <strong>68,000<\/strong><\/p>\n<p><strong>E-ciecz<\/strong>: <strong>20 ml<\/strong> wst\u0119pnie nape\u0142niony<\/p>\n<p><strong>Nikotyna<\/strong>: <strong>0 %, 2 %, 3 %, 5 %<\/strong> \u2013 cztery opcje wytrzyma\u0142o\u015bci<\/p>\n<p><strong>Bateria<\/strong>: <strong>650 mAh<\/strong>, <strong>Typ C<\/strong> szybkie \u0142adowanie<\/p>\n<p><strong>Cewka<\/strong>: <strong>0.6 \u03a9 podw\u00f3jna siatka<\/strong> \u2013 szybsze nagrzewanie, g\u0119stsza para, bogatszy smak<\/p>\n<p><strong>Wy\u015bwietlacz<\/strong>: <strong>Inteligentny cyfrowy<\/strong> \u2013 poziomy cieczy i baterii w czasie rzeczywistym<\/p>\n<p><strong>Pakiet<\/strong>: <strong class=\"\">10 sztuk\/opakowanie<\/strong> \u2013 idealne do sprzeda\u017cy detalicznej i masowej<\/p>\n<p><strong>Projekt<\/strong>: Elegancki, nowoczesny, zoptymalizowany pod k\u0105tem ci\u0119\u017ckich u\u017cytkownik\u00f3w<\/p>\n<p>&nbsp;<\/p>\n<h3><span style=\"font-size: 90%;\">Uwin Digital Box 68000 68 tys. Puff\u00f3w Jednorazowa lista smak\u00f3w Vape<\/span><\/h3>\n<p><strong>1.Malina jagodowa<\/strong><\/p>\n<p><strong>2. Arbuz truskawkowy<\/strong><\/p>\n<p><strong>3. L\u00f3d arbuzowy<\/strong><\/p>\n<p><strong>4. Wi\u015bniowy l\u00f3d<\/strong><\/p>\n<p><strong>5.Kiwi Gujawa z marakuji<\/strong><\/p>\n<p><strong>6. Letni l\u00f3d brzoskwiniowy<\/strong><\/p>\n<p><strong class=\"\">7.Truskawkowe Kiwi<\/strong><\/p>\n<p><strong>8. Mieszane jagody<\/strong><\/p>\n<p><strong class=\"\">9. Pan Niebieski<\/strong><\/p>\n<p><strong>10.Red Bull<img loading=\"lazy\" decoding=\"async\" class=\"alignnone wp-image-9162 size-full\" src=\"https:\/\/pgvape.com\/wp-content\/uploads\/2026\/03\/Uwin-Digital-Box-68k-Puffs-Disposable-Vape-0-2-3-5Nicotine-10Taste-LED-Digital-Display-pgvape-3.png\" alt=\"Kolorowa siatka jednorazowych urz\u0105dze\u0144 do waporyzacji UWIN w jasnych obudowach, ka\u017cdy z nazwami smakowymi, takimi jak Blueberry Raspberry, Watermelon Ice, Strawberry Kiwi, Cherry Ice.\" width=\"1500\" height=\"1500\" srcset=\"https:\/\/pgvape.com\/wp-content\/uploads\/2026\/03\/Uwin-Digital-Box-68k-Puffs-Disposable-Vape-0-2-3-5Nicotine-10Taste-LED-Digital-Display-pgvape-3.png 1500w, https:\/\/pgvape.com\/wp-content\/uploads\/2026\/03\/Uwin-Digital-Box-68k-Puffs-Disposable-Vape-0-2-3-5Nicotine-10Taste-LED-Digital-Display-pgvape-3-360x360.png 360w, https:\/\/pgvape.com\/wp-content\/uploads\/2026\/03\/Uwin-Digital-Box-68k-Puffs-Disposable-Vape-0-2-3-5Nicotine-10Taste-LED-Digital-Display-pgvape-3-595x595.png 595w, https:\/\/pgvape.com\/wp-content\/uploads\/2026\/03\/Uwin-Digital-Box-68k-Puffs-Disposable-Vape-0-2-3-5Nicotine-10Taste-LED-Digital-Display-pgvape-3-400x400.png 400w, https:\/\/pgvape.com\/wp-content\/uploads\/2026\/03\/Uwin-Digital-Box-68k-Puffs-Disposable-Vape-0-2-3-5Nicotine-10Taste-LED-Digital-Display-pgvape-3-768x768.png 768w, https:\/\/pgvape.com\/wp-content\/uploads\/2026\/03\/Uwin-Digital-Box-68k-Puffs-Disposable-Vape-0-2-3-5Nicotine-10Taste-LED-Digital-Display-pgvape-3-12x12.png 12w, https:\/\/pgvape.com\/wp-content\/uploads\/2026\/03\/Uwin-Digital-Box-68k-Puffs-Disposable-Vape-0-2-3-5Nicotine-10Taste-LED-Digital-Display-pgvape-3-300x300.png 300w, https:\/\/pgvape.com\/wp-content\/uploads\/2026\/03\/Uwin-Digital-Box-68k-Puffs-Disposable-Vape-0-2-3-5Nicotine-10Taste-LED-Digital-Display-pgvape-3-600x600.png 600w, https:\/\/pgvape.com\/wp-content\/uploads\/2026\/03\/Uwin-Digital-Box-68k-Puffs-Disposable-Vape-0-2-3-5Nicotine-10Taste-LED-Digital-Display-pgvape-3-100x100.png 100w\" sizes=\"auto, (max-width: 1500px) 100vw, 1500px\" \/><\/strong><\/p>\n<p>&nbsp;<\/p>\n<h2 class=\"header-vfC6AV auto-hide-last-sibling-br\">Cz\u0119sto zadawane pytania dotycz\u0105ce jednorazowego waporyzatora Uwin Digital Box 68000 68k Puffs<\/h2>\n<p>\u2753 <strong class=\"\">Co go wyr\u00f3\u017cnia?<\/strong><br \/>\n\u2705 <strong>68 000 zaci\u0105gni\u0119\u0107<\/strong> + <strong>inteligentny wy\u015bwietlacz cyfrowy<\/strong> \u2013 ultrawysoka pojemno\u015b\u0107 po\u0142\u0105czona z zaawansowan\u0105 technologi\u0105.<\/p>\n<p>\u2753 <strong>Jak d\u0142ugo wystarcza zaci\u0105gni\u0119cie si\u0119 68K?<\/strong><br \/>\n\u2705 <strong>Rozszerzone u\u017cytkowanie<\/strong> \u2013 znacznie mniej wymian w por\u00f3wnaniu ze standardowymi jednorazowymi.<\/p>\n<p>\u2753 <strong>Personalizacja nikotyny?<\/strong><br \/>\n\u2705 <strong>Cztery opcje<\/strong>: <strong>0 %<\/strong> (bez nikotyny), <strong>2 %<\/strong>, <strong>3 %<\/strong>, <strong>5 %<\/strong> \u2013 wybierz swoj\u0105 satysfakcj\u0119.<\/p>\n<p>\u2753 <strong>Technologia cewki?<\/strong><br \/>\n\u2705 <strong>0.6 \u03a9 podw\u00f3jna siatka<\/strong> \u2013 szybkie nagrzewanie, p\u0142ynne wdechy, bogate warstwy smakowe, g\u0119ste chmury.<\/p>\n<p>\u2753 <strong class=\"\">Czy mo\u017cna go \u0142adowa\u0107?<\/strong><br \/>\n\u2705 <strong>650 mAh<\/strong> + <strong>Typ C<\/strong> \u2013 stabilna moc, szybkie i wygodne \u0142adowanie.<\/p>\n<p>\u2753 <strong>Jak monitorowa\u0107 poziomy?<\/strong><br \/>\n\u2705 <strong>Inteligentny wy\u015bwietlacz<\/strong> \u2013 w czasie rzeczywistym <strong class=\"\">akumulator %<\/strong> I <strong>stan e-p\u0142ynu<\/strong> \u2013 bez niespodzianek.<\/p>\n<p>\u2753 <strong>Nadaje si\u0119 do sprzeda\u017cy detalicznej\/hurtowej?<\/strong><br \/>\n\u2705 <strong>10 sztuk\/opakowanie<\/strong> \u2013 idealny dla <strong>sklepy z waporyzatorami, dystrybutorzy, nabywcy masowi<\/strong>.<\/p>\n<p>\u2753 <strong>Dla kogo to jest?<\/strong><br \/>\n\u2705 <strong>Ci\u0119\u017ccy u\u017cytkownicy<\/strong> szukaj\u0105c <strong>o du\u017cej pojemno\u015bci<\/strong>, <strong>akumulator<\/strong>, <strong class=\"\">inteligentny wy\u015bwietlacz<\/strong> wydajno\u015b\u0107 premium.<\/p>\n<p>&nbsp;<\/p>\n<h3 id=\"brxe-najhln\" class=\"brxe-heading\">Cz\u0119sto zadawane pytania (FAQ)<\/h3>\n<div id=\"brxe-rajiac\" class=\"brxe-text\">\n<p><strong>P: Jakie metody p\u0142atno\u015bci akceptujecie?<\/strong><br \/>\nOdp.: Akceptujemy PayPal, Stripe, przelewy bankowe (obs\u0142ugiwane SEPA), g\u0142\u00f3wne karty kredytowe (Visa, MasterCard, American Express) i p\u0142atno\u015bci w kryptowalutach.<\/p>\n<p><strong>P: Jak d\u0142ugo trwa przygotowanie zam\u00f3wienia?<\/strong><br \/>\nOdp.: Przygotowanie zam\u00f3wienia zajmuje 1-3 dni robocze.<\/p>\n<p><strong>P: Jaki jest czas wysy\u0142ki?<\/strong><br \/>\nOdp.: Czas wysy\u0142ki wynosi 7-14 dni roboczych, w zale\u017cno\u015bci od Twojej lokalizacji.<\/p>\n<p><strong>P: Jak mog\u0119 \u015bledzi\u0107 moje zam\u00f3wienie?<\/strong><br \/>\nOdp.: Po wysy\u0142ce otrzymasz wiadomo\u015b\u0107 e-mail z potwierdzeniem i numerem przesy\u0142ki umo\u017cliwiaj\u0105cym \u015bledzenie w czasie rzeczywistym.<\/p>\n<p><strong>P: Jaka jest Twoja polityka zwrot\u00f3w?<\/strong><br \/>\nOdp.: Oferujemy 30-dniow\u0105 polityk\u0119 zwrot\u00f3w lub wymiany. .<\/p>\n<p><strong>P: Czy wyst\u0105pi\u0105 jakie\u015b problemy celne?<br \/>\n<\/strong>Obs\u0142ugujemy wszystkie procedury odprawy celnej, aby zapewni\u0107 Ci bezproblemow\u0105 obs\u0142ug\u0119. .<\/p>\n<p><strong>P: Jakie metody wysy\u0142ki s\u0105 stosowane?<\/strong><br \/>\nWsp\u00f3\u0142pracujemy z firmami UPS\/DHL\/FEDEX\/DPD itp. W zale\u017cno\u015bci od kraju dostawy wybierzemy odpowiedni\u0105 opcj\u0119 wysy\u0142ki, tak aby produkty dotar\u0142y do \u200b\u200bPa\u0144stwa najszybciej jak to mo\u017cliwe.<\/p>\n<p><a href=\"https:\/\/pgvape.com\/pl\/czesto-zadawane-pytania\/\">Kliknij tutaj, aby uzyska\u0107 wi\u0119cej cz\u0119sto zadawanych pyta\u0144<\/a><\/p>\n<p>Szanowni klienci, je\u015bli masz jakiekolwiek pytania dotycz\u0105ce zam\u00f3wienia lub przybycia towaru, skontaktuj si\u0119 z naszym dzia\u0142em obs\u0142ugi klienta. Dzi\u0119kuj\u0119!<\/p>\n<h3 data-sourcepos=\"73:1-73:21\"><strong data-sourcepos=\"73:7-73:21\">Skontaktuj si\u0119 z nami<\/strong><\/h3>\n<div id=\"text-2419739398\" class=\"text\">\n<p><strong data-sourcepos=\"75:3-75:12\">E-mail<\/strong>:\u00a0<a href=\"mailto:support@pgvape.com\"><strong>support@pgvape.com<\/strong><\/a><\/p>\n<p><strong data-sourcepos=\"76:3-76:15\">WhatsApp<\/strong>:\u00a0<a href=\"https:\/\/wa.me\/+8618128481258\"><strong>+86 18128481258<\/strong><\/a><br \/>\n<strong>(Odpowied\u017a w ci\u0105gu 24 godzin w dni robocze)<\/strong><\/p>\n<\/div>\n<h3><strong>Dzi\u0119kujemy za wybranie pgvape.com! .<\/strong><\/h3>\n<\/div>","protected":false},"excerpt":{"rendered":"<p><strong>Cyfrowe pude\u0142ko Uwina 68000<\/strong> \u2013 <strong>68 tys. zaci\u0105gni\u0119\u0107<\/strong>, <strong>20 ml<\/strong>, <strong>0.6 \u03a9 podw\u00f3jna siatka<\/strong>, <strong>inteligentny wy\u015bwietlacz<\/strong>, <strong>cztery poziomy nikotyny<\/strong>, <strong>Typ C<\/strong>.<strong class=\"\">Cyfrowa precyzja, maksymalna wytrzyma\u0142o\u015b\u0107, Twoja si\u0142a.<\/strong><\/p>","protected":false},"featured_media":9160,"comment_status":"open","ping_status":"closed","template":"","meta":{"_seopress_robots_primary_cat":"none","_seopress_titles_title":"","_seopress_titles_desc":"","_seopress_robots_index":""},"product_brand":[516,207],"product_cat":[584,515,205],"product_tag":[586,90,250,585],"class_list":{"0":"post-9152","1":"product","2":"type-product","3":"status-publish","4":"has-post-thumbnail","6":"product_brand-disposable-vape","7":"product_brand-uwin-vape","8":"product_cat-68k-puffs-vape","9":"product_cat-disposable-vape","10":"product_cat-uwin-vape","11":"product_tag-68k-puffs-vape","12":"product_tag-disposable-vape","13":"product_tag-led-digital-display","14":"product_tag-uwin-digital-box-68000","16":"first","17":"instock","18":"sale","19":"shipping-taxable","20":"purchasable","21":"product-type-variable"},"_links":{"self":[{"href":"https:\/\/pgvape.com\/pl\/wp-json\/wp\/v2\/product\/9152","targetHints":{"allow":["GET"]}}],"collection":[{"href":"https:\/\/pgvape.com\/pl\/wp-json\/wp\/v2\/product"}],"about":[{"href":"https:\/\/pgvape.com\/pl\/wp-json\/wp\/v2\/types\/product"}],"replies":[{"embeddable":true,"href":"https:\/\/pgvape.com\/pl\/wp-json\/wp\/v2\/comments?post=9152"}],"wp:featuredmedia":[{"embeddable":true,"href":"https:\/\/pgvape.com\/pl\/wp-json\/wp\/v2\/media\/9160"}],"wp:attachment":[{"href":"https:\/\/pgvape.com\/pl\/wp-json\/wp\/v2\/media?parent=9152"}],"wp:term":[{"taxonomy":"product_brand","embeddable":true,"href":"https:\/\/pgvape.com\/pl\/wp-json\/wp\/v2\/product_brand?post=9152"},{"taxonomy":"product_cat","embeddable":true,"href":"https:\/\/pgvape.com\/pl\/wp-json\/wp\/v2\/product_cat?post=9152"},{"taxonomy":"product_tag","embeddable":true,"href":"https:\/\/pgvape.com\/pl\/wp-json\/wp\/v2\/product_tag?post=9152"}],"curies":[{"name":"wp","href":"https:\/\/api.w.org\/{rel}","templated":true}]}}