{"id":9112,"date":"2026-03-06T12:53:40","date_gmt":"2026-03-06T12:53:40","guid":{"rendered":"https:\/\/pgvape.com\/?post_type=product&#038;p=9112"},"modified":"2026-03-15T13:48:39","modified_gmt":"2026-03-15T13:48:39","slug":"airmez-lux-60000-60-tys-zaciagniec-jednorazowy-vape-przesylka-z-ue-z-widocznym-wyswietlaczem-w-trybie-turbo-w-trybie-turbo","status":"publish","type":"product","link":"https:\/\/pgvape.com\/pl\/produkt\/airmez-lux-60000-60-tys-zaciagniec-jednorazowy-vape-przesylka-z-ue-z-widocznym-wyswietlaczem-w-trybie-turbo-w-trybie-turbo\/","title":{"rendered":"Airmez Lux 60000 60K Puffs Jednorazowa przesy\u0142ka Vape z UE Z widocznym wy\u015bwietlaczem LED w trybie Boost\/Turbo"},"content":{"rendered":"<div><strong>Airmez Lux 60000<\/strong> to wysokiej klasy, jednorazowy waporyzator przeznaczony do wielokrotnego \u0142adowania <strong>d\u0142ugotrwa\u0142a wydajno\u015b\u0107, wygoda i regulowana moc<\/strong>.Dostarcza do <strong>60 000 zaci\u0105gni\u0119\u0107<\/strong> do d\u0142ugotrwa\u0142ego wapowania przy minimalnej liczbie wymian. Wyposa\u017cony w <strong>Wst\u0119pnie nape\u0142niony zbiornik o pojemno\u015bci 30 ml<\/strong>, <strong>nikotyna 2%<\/strong>, I <strong>cewka z podw\u00f3jn\u0105 siatk\u0105<\/strong>, zapewnia wyj\u0105tkowo g\u0142adk\u0105 par\u0119, bogaty smak i sta\u0142\u0105 wydajno\u015b\u0107 <strong>Akumulator 650 mAh + szybkie \u0142adowanie typu C<\/strong> zapewnia stabiln\u0105 moc przez ca\u0142y dzie\u0144.<\/div>\n<p>&nbsp;<\/p>\n<h2><span style=\"font-size: 90%;\">Dane techniczne jednorazowego waporyzatora Airmez Lux 60000 60K Puffs<\/span><\/h2>\n<p><strong>Pufy<\/strong>: A\u017c do <strong>60,000<\/strong><\/p>\n<p><strong>E-ciecz<\/strong>: <strong class=\"\">30ml<\/strong> wst\u0119pnie nape\u0142niony<\/p>\n<p><strong>Nikotyna<\/strong>: <strong>2 %<\/strong> zbilansowana s\u00f3l<\/p>\n<p><strong>Bateria<\/strong>: <strong>650 mAh<\/strong>, <strong>Typ C<\/strong> szybkie \u0142adowanie<\/p>\n<p><strong>Cewka<\/strong>: <strong>Podw\u00f3jna siatka<\/strong> \u2013 bogatsza para, sp\u00f3jny smak<\/p>\n<p><strong>Wy\u015bwietlacz<\/strong>: <strong>Wska\u017anik LED<\/strong> \u2013 stan urz\u0105dzenia i bateria<\/p>\n<p><strong>Tryby<\/strong>: <strong class=\"\">Wzmocnienie \/ Turbo<\/strong> \u2013 prze\u0142\u0105czanie pomi\u0119dzy p\u0142ynno\u015bci\u0105 i moc\u0105<\/p>\n<p><strong>Okno<\/strong>: <strong>Przezroczysty<\/strong> \u2013 widoczny poziom cieczy<\/p>\n<p><strong>Projekt<\/strong>: <strong>Mo\u017cliwo\u015b\u0107 \u0142adowania<\/strong> \u2013 oszcz\u0119dny, ekologiczny<\/p>\n<p><strong>Pakiet<\/strong>: <strong class=\"\">10 szt.\/opakowanie<\/strong> \u2013 sprzeda\u017c detaliczna\/hurtowa<\/p>\n<p><strong>Wysy\u0142ka<\/strong>: <strong>Magazyn UE<\/strong> \u2013 szybka, europejska dostawa<\/p>\n<p>&nbsp;<\/p>\n<h3><span style=\"font-size: 90%;\">Lista smak\u00f3w jednorazowego waporyzatora Airmez Lux 60000 60K:<\/span><\/h3>\n<p><strong>1.L\u00f3d truskawkowy<\/strong><\/p>\n<p><strong class=\"\">2. L\u00f3d arbuzowy<\/strong><\/p>\n<p><strong class=\"\">3. Mieszane jagody<\/strong><\/p>\n<p><strong>4. Kiwi z marakui<\/strong><\/p>\n<p><strong>5. Doktor Niebieski<\/strong><\/p>\n<p><strong class=\"\">6. Mi\u0142o\u015b\u0107 66<\/strong><\/p>\n<p><strong>7.Potr\u00f3jne mango<\/strong><\/p>\n<p><strong>8. Wi\u015bniowa Cola<\/strong><\/p>\n<p><strong class=\"\">9.Zauroczenie w bingo<\/strong><\/p>\n<p><strong class=\"\">10. R\u00f3\u017cowa lemoniada<img loading=\"lazy\" decoding=\"async\" class=\"alignnone wp-image-9119 size-full\" src=\"https:\/\/pgvape.com\/wp-content\/uploads\/2026\/03\/Airmez-lux60000-60k-Puffs-Disposable-Vape-Flavor-List_\u526f\u672c.png\" alt=\"Siatka dwunastu kolorowych butelek AIRMEN, ka\u017cda z etykiet\u0105 smaku, na tle owocowych plam.\" width=\"2000\" height=\"1200\" srcset=\"https:\/\/pgvape.com\/wp-content\/uploads\/2026\/03\/Airmez-lux60000-60k-Puffs-Disposable-Vape-Flavor-List_\u526f\u672c.png 2000w, https:\/\/pgvape.com\/wp-content\/uploads\/2026\/03\/Airmez-lux60000-60k-Puffs-Disposable-Vape-Flavor-List_\u526f\u672c-555x333.png 555w, https:\/\/pgvape.com\/wp-content\/uploads\/2026\/03\/Airmez-lux60000-60k-Puffs-Disposable-Vape-Flavor-List_\u526f\u672c-595x357.png 595w, https:\/\/pgvape.com\/wp-content\/uploads\/2026\/03\/Airmez-lux60000-60k-Puffs-Disposable-Vape-Flavor-List_\u526f\u672c-400x240.png 400w, https:\/\/pgvape.com\/wp-content\/uploads\/2026\/03\/Airmez-lux60000-60k-Puffs-Disposable-Vape-Flavor-List_\u526f\u672c-768x461.png 768w, https:\/\/pgvape.com\/wp-content\/uploads\/2026\/03\/Airmez-lux60000-60k-Puffs-Disposable-Vape-Flavor-List_\u526f\u672c-1536x922.png 1536w, https:\/\/pgvape.com\/wp-content\/uploads\/2026\/03\/Airmez-lux60000-60k-Puffs-Disposable-Vape-Flavor-List_\u526f\u672c-18x12.png 18w, https:\/\/pgvape.com\/wp-content\/uploads\/2026\/03\/Airmez-lux60000-60k-Puffs-Disposable-Vape-Flavor-List_\u526f\u672c-600x360.png 600w\" sizes=\"auto, (max-width: 2000px) 100vw, 2000px\" \/><\/strong><\/p>\n<p>&nbsp;<\/p>\n<h3 class=\"auto-hide-last-sibling-br paragraph-pP9ZLC paragraph-element br-paragraph-space\">Dlaczego warto wybra\u0107 europejski magazyn PGVape?<\/h3>\n<p>Szybka wysy\u0142ka: Dostawa do wi\u0119kszo\u015bci kraj\u00f3w UE w ci\u0105gu 3-7 dni roboczych.<\/p>\n<p>Dostawa bezc\u0142owa: Lokalne zapasy w UE zapewniaj\u0105 p\u0142ynn\u0105 i bezc\u0142ow\u0105 wysy\u0142k\u0119.<\/p>\n<p>100% Autentyczna gwarancja: oryginalne e-papierosy Airmez Lux 60000 od certyfikowanych dostawc\u00f3w.<\/p>\n<p>\u015awie\u017ce zapasy: Przechowywane w kontrolowanych warunkach, aby zapewni\u0107 optymaln\u0105 jako\u015b\u0107.<\/p>\n<p>Zaufali Europejczycy: Tysi\u0105ce klient\u00f3w korzysta z szybkich i bezpiecznych us\u0142ug e-papieros\u00f3w oferowanych przez PGVape.<\/p>\n<p>&nbsp;<\/p>\n<h2>Cz\u0119sto zadawane pytania dotycz\u0105ce jednorazowego waporyzatora Airmez Lux 60000 60K Puffs<\/h2>\n<p>\u2753 <strong>Dlaczego warto wybra\u0107 Airmez Lux 60K?<\/strong><br \/>\n\u2705 <strong>60 000 zaci\u0105gni\u0119\u0107<\/strong> \u2013 d\u0142ugotrwa\u0142e dzia\u0142anie, mniejsza liczba wymian.<\/p>\n<p>\u2753 <strong>Co poprawia jako\u015b\u0107 pary?<\/strong><br \/>\n\u2705 <strong>Rdze\u0144 grzewczy z podw\u00f3jn\u0105 siatk\u0105<\/strong> \u2013 g\u0142adszy, mocniejszy i stabilniejszy smak.<\/p>\n<p>\u2753 <strong class=\"\">Czy jest wygodny w codziennym u\u017cytkowaniu?<\/strong><br \/>\n\u2705 <strong>650 mAh<\/strong> + <strong class=\"\">Typ C<\/strong> \u2013 szybkie, niezawodne zasilanie na ca\u0142y dzie\u0144.<\/p>\n<p>\u2753 <strong>Czy mog\u0119 kontrolowa\u0107 to do\u015bwiadczenie?<\/strong><br \/>\n\u2705 <strong>Tryby Boost\/Turbo<\/strong> \u2013 prze\u0142\u0105cza\u0107 si\u0119 pomi\u0119dzy <strong>zr\u00f3wnowa\u017cony<\/strong> I <strong>pot\u0119\u017cny<\/strong> wyj\u015bcie.<\/p>\n<p>\u2753 <strong class=\"\">Jak sprawdzi\u0107 status?<\/strong><br \/>\n\u2705 <strong>Wy\u015bwietlacz LED<\/strong> + <strong>widoczne p\u0142ynne okno<\/strong> - monitoruj bateri\u0119 i sok w dowolnym momencie.<\/p>\n<p>\u2753 <strong class=\"\">Wiele opcji smakowych?<\/strong><br \/>\n\u2705 <strong>10 r\u00f3\u017cnorodnych smak\u00f3w<\/strong> \u2013 r\u00f3\u017cnorodno\u015b\u0107 dla ka\u017cdego upodobania.<\/p>\n<p>\u2753 <strong>Dostawa do UE?<\/strong><br \/>\n\u2705 <strong>Wys\u0142ane z magazynu UE<\/strong> - szybko, <strong class=\"\">wolne od podatku<\/strong> w ca\u0142ej Europie.<\/p>\n<p>&nbsp;<\/p>\n<h3 id=\"brxe-najhln\" class=\"brxe-heading\">Cz\u0119sto zadawane pytania (FAQ)<\/h3>\n<div id=\"brxe-rajiac\" class=\"brxe-text\">\n<p><strong>P: Jakie metody p\u0142atno\u015bci akceptujecie?<\/strong><br \/>\nOdp.: Akceptujemy PayPal, Stripe, przelewy bankowe (obs\u0142ugiwane SEPA), g\u0142\u00f3wne karty kredytowe (Visa, MasterCard, American Express) i p\u0142atno\u015bci w kryptowalutach.<\/p>\n<p><strong>P: Jak d\u0142ugo trwa przygotowanie zam\u00f3wienia?<\/strong><br \/>\nOdp.: Przygotowanie zam\u00f3wienia zajmuje 1-3 dni robocze.<\/p>\n<p><strong>P: Jaki jest czas wysy\u0142ki?<\/strong><br \/>\nOdp.: Czas wysy\u0142ki wynosi 7-14 dni roboczych, w zale\u017cno\u015bci od Twojej lokalizacji. Dostawa towar\u00f3w z europejskich magazyn\u00f3w trwa zazwyczaj 3-6 dni roboczych.<\/p>\n<p><strong>P: Jak mog\u0119 \u015bledzi\u0107 moje zam\u00f3wienie?<\/strong><br \/>\nOdp.: Po wysy\u0142ce otrzymasz wiadomo\u015b\u0107 e-mail z potwierdzeniem i numerem przesy\u0142ki umo\u017cliwiaj\u0105cym \u015bledzenie w czasie rzeczywistym.<\/p>\n<p><strong>P: Jaka jest Twoja polityka zwrot\u00f3w?<\/strong><br \/>\nOdp.: Oferujemy 30-dniow\u0105 polityk\u0119 zwrot\u00f3w lub wymiany. .<\/p>\n<p><strong>P: Czy wyst\u0105pi\u0105 jakie\u015b problemy celne?<br \/>\n<\/strong>Obs\u0142ugujemy wszystkie procedury odprawy celnej, aby zapewni\u0107 Ci bezproblemow\u0105 obs\u0142ug\u0119. .<\/p>\n<p><strong>P: Jakie metody wysy\u0142ki s\u0105 stosowane?<\/strong><br \/>\nWsp\u00f3\u0142pracujemy z firmami UPS\/DHL\/FEDEX\/DPD itp. W zale\u017cno\u015bci od kraju dostawy wybierzemy odpowiedni\u0105 opcj\u0119 wysy\u0142ki, tak aby produkty dotar\u0142y do \u200b\u200bPa\u0144stwa najszybciej jak to mo\u017cliwe.<\/p>\n<p><a href=\"https:\/\/pgvape.com\/pl\/czesto-zadawane-pytania\/\">Kliknij tutaj, aby uzyska\u0107 wi\u0119cej cz\u0119sto zadawanych pyta\u0144<\/a><\/p>\n<p>Szanowni klienci, je\u015bli masz jakiekolwiek pytania dotycz\u0105ce zam\u00f3wienia lub przybycia towaru, skontaktuj si\u0119 z naszym dzia\u0142em obs\u0142ugi klienta. Dzi\u0119kuj\u0119!<\/p>\n<h3 data-sourcepos=\"73:1-73:21\"><strong data-sourcepos=\"73:7-73:21\">Skontaktuj si\u0119 z nami<\/strong><\/h3>\n<div id=\"text-2419739398\" class=\"text\">\n<p><strong data-sourcepos=\"75:3-75:12\">E-mail<\/strong>:\u00a0<a href=\"mailto:support@pgvape.com\"><strong>support@pgvape.com<\/strong><\/a><\/p>\n<p><strong data-sourcepos=\"76:3-76:15\">WhatsApp<\/strong>:\u00a0<a href=\"https:\/\/wa.me\/+8618128481258\"><strong>+86 18128481258<\/strong><\/a><br \/>\n<strong>(Odpowied\u017a w ci\u0105gu 24 godzin w dni robocze)<\/strong><\/p>\n<\/div>\n<h3><strong>Dzi\u0119kujemy za wybranie pgvape.com! .<\/strong><\/h3>\n<\/div>","protected":false},"excerpt":{"rendered":"<p>Airmez Lux 60000 is a high\u2011end rechargeable disposable vape built for long\u2011lasting performance, convenience, and adjustable power.It delivers up to 60,000 puffs for extended vaping with minimal replacements.Equipped with a 30mL prefilled tank, 2% nicotine, and dual mesh coil, it provides ultra\u2011smooth vapor, rich flavor, and consistent performance.The 650mAh rechargeable battery + Type\u2011C fast charging [&#8230;]\n","protected":false},"featured_media":9124,"comment_status":"open","ping_status":"closed","template":"","meta":{"_seopress_robots_primary_cat":"","_seopress_titles_title":"","_seopress_titles_desc":"","_seopress_robots_index":""},"product_brand":[154,516],"product_cat":[48,155,515],"product_tag":[315,561,90,203,583,582],"class_list":{"0":"post-9112","1":"product","2":"type-product","3":"status-publish","4":"has-post-thumbnail","6":"product_brand-airmez-fox-vape","7":"product_brand-disposable-vape","8":"product_cat-60k-puffs-vape","9":"product_cat-airmez-fox-vape","10":"product_cat-disposable-vape","11":"product_tag-60k-puffs-vape","12":"product_tag-airmez-lux-60000","13":"product_tag-disposable-vape","14":"product_tag-shipment-from-eu","15":"product_tag-visible-liquid-led-display","16":"product_tag-with-boost-turbo-mode","18":"first","19":"instock","20":"sale","21":"shipping-taxable","22":"purchasable","23":"product-type-variable"},"_links":{"self":[{"href":"https:\/\/pgvape.com\/pl\/wp-json\/wp\/v2\/product\/9112","targetHints":{"allow":["GET"]}}],"collection":[{"href":"https:\/\/pgvape.com\/pl\/wp-json\/wp\/v2\/product"}],"about":[{"href":"https:\/\/pgvape.com\/pl\/wp-json\/wp\/v2\/types\/product"}],"replies":[{"embeddable":true,"href":"https:\/\/pgvape.com\/pl\/wp-json\/wp\/v2\/comments?post=9112"}],"wp:featuredmedia":[{"embeddable":true,"href":"https:\/\/pgvape.com\/pl\/wp-json\/wp\/v2\/media\/9124"}],"wp:attachment":[{"href":"https:\/\/pgvape.com\/pl\/wp-json\/wp\/v2\/media?parent=9112"}],"wp:term":[{"taxonomy":"product_brand","embeddable":true,"href":"https:\/\/pgvape.com\/pl\/wp-json\/wp\/v2\/product_brand?post=9112"},{"taxonomy":"product_cat","embeddable":true,"href":"https:\/\/pgvape.com\/pl\/wp-json\/wp\/v2\/product_cat?post=9112"},{"taxonomy":"product_tag","embeddable":true,"href":"https:\/\/pgvape.com\/pl\/wp-json\/wp\/v2\/product_tag?post=9112"}],"curies":[{"name":"wp","href":"https:\/\/api.w.org\/{rel}","templated":true}]}}