{"id":9072,"date":"2026-03-06T11:11:43","date_gmt":"2026-03-06T11:11:43","guid":{"rendered":"https:\/\/pgvape.com\/?post_type=product&#038;p=9072"},"modified":"2026-03-15T14:05:19","modified_gmt":"2026-03-15T14:05:19","slug":"uor-twins-80k-zaciagniec-2w1-smak-jednorazowy-vape-2-5nikotyna-10smak-wyswietlacz-led","status":"publish","type":"product","link":"https:\/\/pgvape.com\/pl\/produkt\/uor-twins-80k-zaciagniec-2w1-smak-jednorazowy-vape-2-5nikotyna-10smak-wyswietlacz-led\/","title":{"rendered":"UOR Twins 80K Puffs 2w1 Smak Jednorazowy Vape 2% 5%Nikotyna 10Taste Wy\u015bwietlacz LED"},"content":{"rendered":"<p><strong>Bli\u017aniaki UOR 80 tys<\/strong> dostarcza <strong>80 000 zaci\u0105gni\u0119\u0107<\/strong> z <strong>dwa zbiorniki o pojemno\u015bci 20 ml<\/strong> (\u0142\u0105cznie 40 ml), zasilany przez a <strong>650 mAh typu C<\/strong> bateria i <strong>Cewki z podw\u00f3jn\u0105 siatk\u0105 0,9 \u03a9<\/strong>.<br \/>\n<strong>System smakowy typu slide-to-switch<\/strong>, <strong>Inteligentny wy\u015bwietlacz LED<\/strong>, <strong>2 % \/ 5 %<\/strong> nicotine and <strong>10 po\u0142\u0105cze\u0144 smakowych<\/strong> da\u0107 ci <strong class=\"\">podw\u00f3j smak, podw\u00f3j \u017cycie<\/strong>\u2014gotowe do sprzeda\u017cy hurtowej <strong>10 szt.\/opakowanie<\/strong>.<\/p>\n<p>&nbsp;<\/p>\n<h2><span style=\"font-size: 90%;\">UOR Twins 80K Puffs 2w1 Smak Jednorazowy Vape Dane techniczne:<\/span><\/h2>\n<p><strong>Pufy<\/strong>: A\u017c do <strong class=\"\">80,000<\/strong><\/p>\n<p><strong>E-ciecz<\/strong>: <strong>20 ml \u00d7 2<\/strong> podw\u00f3jne zbiorniki = <strong>40 ml<\/strong> ca\u0142kowity<\/p>\n<p><strong>Nikotyna<\/strong>: <strong class=\"\">2 %, 5 %<\/strong> opcje soli<\/p>\n<p><strong>Bateria<\/strong>: <strong>650 mAh<\/strong>, <strong>Typ C<\/strong> szybkie \u0142adowanie<\/p>\n<p><strong>Cewki<\/strong>: <strong>Podw\u00f3jna siatka 0,9 \u03a9<\/strong> \u2013 g\u0142adsza para, bogatszy smak<\/p>\n<p><strong>Prze\u0142\u0105cznik<\/strong>: <strong>Przesu\u0144, aby prze\u0142\u0105czy\u0107<\/strong> \u2013 natychmiastowa zmiana smaku<\/p>\n<p><strong>Wy\u015bwietlacz<\/strong>: <strong>PROWADZONY<\/strong> \u2013 stan baterii i u\u017cytkowania<\/p>\n<p><strong>Wysy\u0142ka<\/strong>: UPS\/DHL\/FEDEX\/DPD \u2013 <strong>7-15 dni roboczych<\/strong>, odprawa celna, <strong>Gwarancja 100 %<\/strong><\/p>\n<p>&nbsp;<\/p>\n<h3><span style=\"font-size: 90%;\">UOR Twins 80K Puffs 2w1 Smak Jednorazowy Vape Lista smak\u00f3w:<\/span><\/h3>\n<p><strong class=\"\">1.Jagoda Malina i Mi\u0142o\u015b\u0107 66<\/strong><\/p>\n<p><strong class=\"\">2. Blue Razz Ice &amp; Kiwi Gujawa z marakuj\u0105<\/strong><\/p>\n<p><strong class=\"\">3. L\u00f3d jagodowy i Lady Killa<\/strong><\/p>\n<p><strong class=\"\">4. L\u00f3d winogronowy i l\u00f3d z potr\u00f3jnymi jagodami<\/strong><\/p>\n<p><strong>5. Soda pomara\u0144czowa i owoce tropikalne<\/strong><\/p>\n<p><strong>6.Brzoskwiniowy l\u00f3d z mango i truskawkami<\/strong><\/p>\n<p><strong class=\"\">7.Truskawkowe kiwi i mieszane jagody<\/strong><\/p>\n<p><strong class=\"\">8. Truskawkowy arbuz i Red Bull<\/strong><\/p>\n<p><strong>9.Truskawkowy Banan i Truskawkowe Mango<\/strong><\/p>\n<p><strong class=\"\">10. Arbuzowy l\u00f3d i podw\u00f3jne jab\u0142ko<img loading=\"lazy\" decoding=\"async\" class=\"alignnone wp-image-9077 size-full\" src=\"https:\/\/pgvape.com\/wp-content\/uploads\/2026\/03\/UOR-Twins-80K-Puffs-2in1-Flavor-Disposable-Vape-0-2-3-5Nicotine-10Taste-LED-Display-pgvape-3.png\" alt=\"Promocja UJR Twins 80K Double Flavour przedstawiaj\u0105ca dziesi\u0119\u0107 par smak\u00f3w, ka\u017cda z dwoma torebkami soku i obrazami owoc\u00f3w na niebieskim tle z gradientem.\" width=\"1079\" height=\"1500\" srcset=\"https:\/\/pgvape.com\/wp-content\/uploads\/2026\/03\/UOR-Twins-80K-Puffs-2in1-Flavor-Disposable-Vape-0-2-3-5Nicotine-10Taste-LED-Display-pgvape-3.png 1079w, https:\/\/pgvape.com\/wp-content\/uploads\/2026\/03\/UOR-Twins-80K-Puffs-2in1-Flavor-Disposable-Vape-0-2-3-5Nicotine-10Taste-LED-Display-pgvape-3-259x360.png 259w, https:\/\/pgvape.com\/wp-content\/uploads\/2026\/03\/UOR-Twins-80K-Puffs-2in1-Flavor-Disposable-Vape-0-2-3-5Nicotine-10Taste-LED-Display-pgvape-3-595x827.png 595w, https:\/\/pgvape.com\/wp-content\/uploads\/2026\/03\/UOR-Twins-80K-Puffs-2in1-Flavor-Disposable-Vape-0-2-3-5Nicotine-10Taste-LED-Display-pgvape-3-288x400.png 288w, https:\/\/pgvape.com\/wp-content\/uploads\/2026\/03\/UOR-Twins-80K-Puffs-2in1-Flavor-Disposable-Vape-0-2-3-5Nicotine-10Taste-LED-Display-pgvape-3-768x1068.png 768w, https:\/\/pgvape.com\/wp-content\/uploads\/2026\/03\/UOR-Twins-80K-Puffs-2in1-Flavor-Disposable-Vape-0-2-3-5Nicotine-10Taste-LED-Display-pgvape-3-9x12.png 9w, https:\/\/pgvape.com\/wp-content\/uploads\/2026\/03\/UOR-Twins-80K-Puffs-2in1-Flavor-Disposable-Vape-0-2-3-5Nicotine-10Taste-LED-Display-pgvape-3-600x834.png 600w\" sizes=\"auto, (max-width: 1079px) 100vw, 1079px\" \/><\/strong><\/p>\n<p>&nbsp;<\/p>\n<h3><span style=\"font-size: 90%;\">UOR Twins 80K Puffs 2w1 Smak Jednorazowy smak Vape <\/span>Wideo<span style=\"font-size: 90%;\">:<\/span><\/h3>\n<p><iframe loading=\"lazy\" title=\"UOR Twins 80K Puffs 2w1 Smak Jednorazowy Vape 10Taste Wy\u015bwietlacz LED Vape Fabryka Hurtownia pgvape\" width=\"563\" height=\"1000\" src=\"https:\/\/www.youtube.com\/embed\/GzVo1VLCeSc?feature=oembed\" frameborder=\"0\" allow=\"accelerometer; autoplay; clipboard-write; encrypted-media; gyroscope; picture-in-picture; web-share\" referrerpolicy=\"strict-origin-when-cross-origin\" allowfullscreen><\/iframe><\/p>\n<p>&nbsp;<\/p>\n<h2>Cz\u0119sto zadawane pytania dotycz\u0105ce jednorazowego waporyzatora UOR Twins 80K Puffs 2w1 o smaku<\/h2>\n<p>\u2753 <strong>Ile zaci\u0105gni\u0119\u0107 na urz\u0105dzenie?<\/strong><br \/>\n\u2705 Ocena fabryczna <strong>80 000 zaci\u0105gni\u0119\u0107<\/strong>\u2014miesi\u0105ce codziennego u\u017cytkowania.<\/p>\n<p>\u2753 <strong>Jak zmieni\u0107 smak?<\/strong><br \/>\n\u2705 <strong>Mechanizm typu slide-to-switch<\/strong>\u2014 natychmiastowe prze\u0142\u0105czanie pomi\u0119dzy <strong>dwa zbiorniki o pojemno\u015bci 20 ml<\/strong>.<\/p>\n<p>\u2753 <strong>Czy mo\u017cna go \u0142adowa\u0107?<\/strong><br \/>\n\u2705 <strong>650 mAh<\/strong> bateria + <strong>Typ C<\/strong> port; pe\u0142ne \u0142adowanie w ~30 min.<\/p>\n<p>\u2753 <strong>Jaka technologia cewek jest stosowana?<\/strong><br \/>\n\u2705 <strong>Cewki z podw\u00f3jn\u0105 siatk\u0105 0,9 \u03a9<\/strong>\u2014 zwi\u0119kszona produkcja pary, bogatszy smak.<\/p>\n<p>\u2753 <strong>Jakie moce nikotyny s\u0105 oferowane?<\/strong><br \/>\n\u2705 <strong>2 %<\/strong> g\u0142adka lub <strong class=\"\">5 %<\/strong> strong\u2014choose at checkout.<\/p>\n<p>\u2753 <strong>Jak monitorowa\u0107 status?<\/strong><br \/>\n\u2705 <strong>Wy\u015bwietlacz LED<\/strong> wida\u0107 <strong>akumulator %<\/strong> I <strong>informacje o u\u017cytkowaniu<\/strong> na pierwszy rzut oka.<\/p>\n<p>\u2753 <strong>Metody i czas wysy\u0142ki?<\/strong><br \/>\n\u2705 <strong>UPS\/DHL\/FEDEX\/DPD<\/strong>\u2014<strong class=\"\">7-15 dni roboczych<\/strong> (do 20 w \u015bwi\u0119ta\/z\u0142\u0105 pogod\u0119).<\/p>\n<p>\u2753 <strong>Czy to odprawi celne?<\/strong><br \/>\n\u2705 <strong>Gwarancja odprawy celnej 100 %<\/strong>\u2014 \u017cadnych podatk\u00f3w, \u017cadnych op\u0142at, zajmujemy si\u0119 formalno\u015bciami.<\/p>\n<p>\u2753 <strong>Czy p\u0142atno\u015b\u0107 jest bezpieczna?<\/strong><br \/>\n\u2705 <strong>Obs\u0142ugiwany PayPal<\/strong> z <strong>ochrona kupuj\u0105cego<\/strong>-sprawdza\u0107 <strong>Recenzje TrustPilota<\/strong> do weryfikacji.<\/p>\n<p>&nbsp;<\/p>\n<h3 id=\"brxe-najhln\" class=\"brxe-heading\">Cz\u0119sto zadawane pytania (FAQ)<\/h3>\n<div id=\"brxe-rajiac\" class=\"brxe-text\">\n<p><strong>P: Jakie metody p\u0142atno\u015bci akceptujecie?<\/strong><br \/>\nOdp.: Akceptujemy PayPal, Stripe, przelewy bankowe (obs\u0142ugiwane SEPA), g\u0142\u00f3wne karty kredytowe (Visa, MasterCard, American Express) i p\u0142atno\u015bci w kryptowalutach.<\/p>\n<p><strong>P: Jak d\u0142ugo trwa przygotowanie zam\u00f3wienia?<\/strong><br \/>\nOdp.: Przygotowanie zam\u00f3wienia zajmuje 1-3 dni robocze.<\/p>\n<p><strong>P: Jaki jest czas wysy\u0142ki?<\/strong><br \/>\nOdp.: Czas wysy\u0142ki wynosi 7-14 dni roboczych, w zale\u017cno\u015bci od Twojej lokalizacji. Dostawa towar\u00f3w z europejskich magazyn\u00f3w trwa zazwyczaj 3-6 dni roboczych.<\/p>\n<p><strong>P: Jak mog\u0119 \u015bledzi\u0107 moje zam\u00f3wienie?<\/strong><br \/>\nOdp.: Po wysy\u0142ce otrzymasz wiadomo\u015b\u0107 e-mail z potwierdzeniem i numerem przesy\u0142ki umo\u017cliwiaj\u0105cym \u015bledzenie w czasie rzeczywistym.<\/p>\n<p><strong>P: Jaka jest Twoja polityka zwrot\u00f3w?<\/strong><br \/>\nOdp.: Oferujemy 30-dniow\u0105 polityk\u0119 zwrot\u00f3w lub wymiany. .<\/p>\n<p><strong>P: Czy wyst\u0105pi\u0105 jakie\u015b problemy celne?<br \/>\n<\/strong>Obs\u0142ugujemy wszystkie procedury odprawy celnej, aby zapewni\u0107 Ci bezproblemow\u0105 obs\u0142ug\u0119. .<\/p>\n<p><strong>P: Jakie metody wysy\u0142ki s\u0105 stosowane?<\/strong><br \/>\nWsp\u00f3\u0142pracujemy z firmami UPS\/DHL\/FEDEX\/DPD itp. W zale\u017cno\u015bci od kraju dostawy wybierzemy odpowiedni\u0105 opcj\u0119 wysy\u0142ki, tak aby produkty dotar\u0142y do \u200b\u200bPa\u0144stwa najszybciej jak to mo\u017cliwe.<\/p>\n<p><a href=\"https:\/\/pgvape.com\/pl\/czesto-zadawane-pytania\/\">Kliknij tutaj, aby uzyska\u0107 wi\u0119cej cz\u0119sto zadawanych pyta\u0144<\/a><\/p>\n<p>Szanowni klienci, je\u015bli masz jakiekolwiek pytania dotycz\u0105ce zam\u00f3wienia lub przybycia towaru, skontaktuj si\u0119 z naszym dzia\u0142em obs\u0142ugi klienta. Dzi\u0119kuj\u0119!<\/p>\n<h3 data-sourcepos=\"73:1-73:21\"><strong data-sourcepos=\"73:7-73:21\">Skontaktuj si\u0119 z nami<\/strong><\/h3>\n<div id=\"text-2419739398\" class=\"text\">\n<p><strong data-sourcepos=\"75:3-75:12\">E-mail<\/strong>:\u00a0<a href=\"mailto:support@pgvape.com\"><strong>support@pgvape.com<\/strong><\/a><\/p>\n<p><strong data-sourcepos=\"76:3-76:15\">WhatsApp<\/strong>:\u00a0<a href=\"https:\/\/wa.me\/+8618128481258\"><strong>+86 18128481258<\/strong><\/a><br \/>\n<strong>(Odpowied\u017a w ci\u0105gu 24 godzin w dni robocze)<\/strong><\/p>\n<\/div>\n<h3><strong>Dzi\u0119kujemy za wybranie pgvape.com! .<\/strong><\/h3>\n<\/div>","protected":false},"excerpt":{"rendered":"<p><strong data-sourcepos=\"64:1-64:188\">\u201cUOR TWINS 80K: Najlepszy jednorazowy produkt o podw\u00f3jnym smaku, zapewniaj\u0105cy 80 000 zaci\u0105gni\u0119\u0107, z technologi\u0105 prze\u0142\u0105cznika suwakowego i inteligentnym wy\u015bwietlaczem LED. Idealny dla sprzedawc\u00f3w detalicznych poszukuj\u0105cych innowacyjnych produkt\u00f3w o wysokiej mar\u017cy. \u201d<\/strong><\/p>","protected":false},"featured_media":9075,"comment_status":"open","ping_status":"closed","template":"","meta":{"_seopress_robots_primary_cat":"none","_seopress_titles_title":"","_seopress_titles_desc":"","_seopress_robots_index":""},"product_brand":[516,345],"product_cat":[41,515,344],"product_tag":[581,465,90,490,580],"class_list":{"0":"post-9072","1":"product","2":"type-product","3":"status-publish","4":"has-post-thumbnail","6":"product_brand-disposable-vape","7":"product_brand-uor-vape","8":"product_cat-80k-puffs-vape","9":"product_cat-disposable-vape","10":"product_cat-uor-vape","11":"product_tag-2in1-flavor","12":"product_tag-80k-puffs-vape","13":"product_tag-disposable-vape","14":"product_tag-minimum-2-pieces","15":"product_tag-uor-twins-80k","17":"first","18":"instock","19":"sale","20":"shipping-taxable","21":"purchasable","22":"product-type-variable"},"_links":{"self":[{"href":"https:\/\/pgvape.com\/pl\/wp-json\/wp\/v2\/product\/9072","targetHints":{"allow":["GET"]}}],"collection":[{"href":"https:\/\/pgvape.com\/pl\/wp-json\/wp\/v2\/product"}],"about":[{"href":"https:\/\/pgvape.com\/pl\/wp-json\/wp\/v2\/types\/product"}],"replies":[{"embeddable":true,"href":"https:\/\/pgvape.com\/pl\/wp-json\/wp\/v2\/comments?post=9072"}],"wp:featuredmedia":[{"embeddable":true,"href":"https:\/\/pgvape.com\/pl\/wp-json\/wp\/v2\/media\/9075"}],"wp:attachment":[{"href":"https:\/\/pgvape.com\/pl\/wp-json\/wp\/v2\/media?parent=9072"}],"wp:term":[{"taxonomy":"product_brand","embeddable":true,"href":"https:\/\/pgvape.com\/pl\/wp-json\/wp\/v2\/product_brand?post=9072"},{"taxonomy":"product_cat","embeddable":true,"href":"https:\/\/pgvape.com\/pl\/wp-json\/wp\/v2\/product_cat?post=9072"},{"taxonomy":"product_tag","embeddable":true,"href":"https:\/\/pgvape.com\/pl\/wp-json\/wp\/v2\/product_tag?post=9072"}],"curies":[{"name":"wp","href":"https:\/\/api.w.org\/{rel}","templated":true}]}}