{"id":8998,"date":"2026-02-28T20:47:28","date_gmt":"2026-02-28T20:47:28","guid":{"rendered":"https:\/\/pgvape.com\/?post_type=product&#038;p=8998"},"modified":"2026-03-15T13:48:39","modified_gmt":"2026-03-15T13:48:39","slug":"bang-king-250000-250k-zaciagniec-4w1-smak-jednorazowy-vape-0-2-3-5nikotyna-10smak-inteligentny-ekran-led","status":"publish","type":"product","link":"https:\/\/pgvape.com\/pl\/produkt\/bang-king-250000-250k-zaciagniec-4w1-smak-jednorazowy-vape-0-2-3-5nikotyna-10smak-inteligentny-ekran-led\/","title":{"rendered":"Bang King 250000 250k Puffs 4w1 Smak Jednorazowy Vape 0% 2% 3% 5%Nikotyna 10Taste Inteligentny ekran LED"},"content":{"rendered":"<p><strong>Bang King 250 tys<\/strong> kr\u00f3luje z <strong>250 000 zaci\u0105gni\u0119\u0107<\/strong> poprzez <strong>System prze\u0142\u0105czania wielu smak\u00f3w 4 w 1<\/strong>, zwolniony przez A <strong class=\"\">650 mAh typu C<\/strong> bateria i <strong>Cewka siatkowa 1,0 \u03a9<\/strong>.<br \/>\n<strong>Natychmiastowa rotacja smaku<\/strong>, <strong>0 % \/ 2 % \/ 3 % \/ 5 %<\/strong> nicotine and <strong>pe\u0142ne dostosowanie OEM\/ODM<\/strong> uczy\u0144 to ostatecznym <strong>sprzeda\u017c hurtowa\/prywatna<\/strong> elektrownia.<\/p>\n<p>&nbsp;<\/p>\n<h2><span style=\"font-size: 90%;\">Bang King 250000 250k Puffs 4w1 Smak Jednorazowy Vape Dane techniczne:<\/span><\/h2>\n<p><strong>Pufy<\/strong>: A\u017c do <strong>250,000<\/strong><\/p>\n<p><strong>System smakowy<\/strong>: <strong>4 w 1<\/strong> \u2013 <strong>cztery smaki premium<\/strong>, natychmiastowy prze\u0142\u0105cznik<\/p>\n<p><strong>Bateria<\/strong>: <strong>650 mAh<\/strong>, <strong class=\"\">Typ C<\/strong> szybkie \u0142adowanie<\/p>\n<p><strong>Cewka<\/strong>: <strong>Siatka 1,0 \u03a9<\/strong> \u2013 g\u0142adka, intensywna, g\u0119sta<\/p>\n<p><strong>Nikotyna<\/strong>: <strong>0 %, 2 %, 3 %, 5 %<\/strong> opcje soli<\/p>\n<p><strong>Personalizacja<\/strong>: <strong>OEM\/ODM<\/strong> \u2013 marka w\u0142asna, branding dystrybutora<\/p>\n<p><strong>Cel<\/strong>: <strong>Segment o bardzo wysokim zaci\u0105gni\u0119ciu<\/strong>, hurt wielkoseryjny<\/p>\n<p>&nbsp;<\/p>\n<h3><span style=\"font-size: 90%;\">Bang King 250000 250k Ptysi 4w1 Smak Jednorazowy Vape Lista smak\u00f3w:<\/span><\/h3>\n<p>1. Cytryna Limonka i Arbuz L\u00f3d i Czarny Lodowy Smoczy Owoc Truskawka i Mi\u0142o\u015b\u0107 66<\/p>\n<p>2. Cytrynowo-limonkowy i truskawkowy, malinowy arbuz i gazowana wi\u015bnia<\/p>\n<p>3. Waniliowa cola i cytrynowa brzoskwinia i truskawka, malina, wi\u015bnia i l\u00f3d winogronowy<\/p>\n<p>4. R\u00f3\u017cowa lemoniada i kiwi, marakuja, gujawa, brzoskwinia, jagody i truskawka, banan<\/p>\n<p>5. Winogrono, l\u00f3d z liczi, jagody brzoskwiniowe i kiwi, marakuja, gujawa<\/p>\n<p>6. Truskawkowe Mango i Blue Razz Lemoniada i Lody Waniliowe i Kwa\u015bna Potr\u00f3jna Jagoda<\/p>\n<p>7. L\u00f3d arbuzowy i truskawkowy, mango i jagodowy, musuj\u0105ca wi\u015bnia<\/p>\n<p>8.Mixed Berry &amp; Cherry Lemon &amp; Strawberry Kiwi &amp; Strawberry Watermelon Bubblegum<\/p>\n<p>9. Truskawkowy arbuz i wi\u015bniowa cola oraz soczysty l\u00f3d brzoskwiniowy i grejpfrutowy od\u015bwie\u017cacz<\/p>\n<p>10.Mojito i Monster Mango oraz Lady Killer i r\u00f3\u017cowa lemoniada<img loading=\"lazy\" decoding=\"async\" class=\"alignnone wp-image-9004 size-full\" src=\"https:\/\/pgvape.com\/wp-content\/uploads\/2026\/02\/Bang-King-250k-Puffs-4-in-1-Flavor-Disposable-Vape-0-2-3-5Nicotine-10Taste-Smart-LED-Screen-2.png\" alt=\"Baner 4 w 1 Bright Bang King Quads z kolorowymi butelkami i panelem po prawej stronie z list\u0105 10 smak\u00f3w.\" width=\"2000\" height=\"1200\" srcset=\"https:\/\/pgvape.com\/wp-content\/uploads\/2026\/02\/Bang-King-250k-Puffs-4-in-1-Flavor-Disposable-Vape-0-2-3-5Nicotine-10Taste-Smart-LED-Screen-2.png 2000w, https:\/\/pgvape.com\/wp-content\/uploads\/2026\/02\/Bang-King-250k-Puffs-4-in-1-Flavor-Disposable-Vape-0-2-3-5Nicotine-10Taste-Smart-LED-Screen-2-555x333.png 555w, https:\/\/pgvape.com\/wp-content\/uploads\/2026\/02\/Bang-King-250k-Puffs-4-in-1-Flavor-Disposable-Vape-0-2-3-5Nicotine-10Taste-Smart-LED-Screen-2-595x357.png 595w, https:\/\/pgvape.com\/wp-content\/uploads\/2026\/02\/Bang-King-250k-Puffs-4-in-1-Flavor-Disposable-Vape-0-2-3-5Nicotine-10Taste-Smart-LED-Screen-2-400x240.png 400w, https:\/\/pgvape.com\/wp-content\/uploads\/2026\/02\/Bang-King-250k-Puffs-4-in-1-Flavor-Disposable-Vape-0-2-3-5Nicotine-10Taste-Smart-LED-Screen-2-768x461.png 768w, https:\/\/pgvape.com\/wp-content\/uploads\/2026\/02\/Bang-King-250k-Puffs-4-in-1-Flavor-Disposable-Vape-0-2-3-5Nicotine-10Taste-Smart-LED-Screen-2-1536x922.png 1536w, https:\/\/pgvape.com\/wp-content\/uploads\/2026\/02\/Bang-King-250k-Puffs-4-in-1-Flavor-Disposable-Vape-0-2-3-5Nicotine-10Taste-Smart-LED-Screen-2-18x12.png 18w, https:\/\/pgvape.com\/wp-content\/uploads\/2026\/02\/Bang-King-250k-Puffs-4-in-1-Flavor-Disposable-Vape-0-2-3-5Nicotine-10Taste-Smart-LED-Screen-2-600x360.png 600w\" sizes=\"auto, (max-width: 2000px) 100vw, 2000px\" \/><\/p>\n<p>&nbsp;<\/p>\n<h2><span style=\"font-size: 90%;\">Cz\u0119sto zadawane pytania dotycz\u0105ce jednorazowego waporyzatora Bang King 250000 250k Puffs 4w1 o smaku<\/span><\/h2>\n<p>\u2753 <strong>Ile zaci\u0105gni\u0119\u0107 na urz\u0105dzenie?<\/strong><br \/>\n\u2705 Ocena fabryczna <strong>250 000 zaci\u0105gni\u0119\u0107<\/strong>\u2014 \u0107wier\u0107 miliona chmur, miesi\u0105ce u\u017cytkowania.<\/p>\n<p>\u2753 <strong>Jak zmieni\u0107 smak?<\/strong><br \/>\n\u2705 <strong>System wielu smak\u00f3w 4 w 1<\/strong>\u2014obr\u00f3\u0107 lub kliknij, aby <strong>natychmiast zmieni\u0107<\/strong> mi\u0119dzy <strong>cztery r\u00f3\u017cne smaki<\/strong>.<\/p>\n<p>\u2753 <strong>Czy mo\u017cna go \u0142adowa\u0107?<\/strong><br \/>\n\u2705 <strong>650 mAh<\/strong> bateria + <strong>Typ C<\/strong> szybkie \u0142adowanie \u2014 minimalne przestoje.<\/p>\n<p>\u2753 <strong>Jaka cewka jest w \u015brodku?<\/strong><br \/>\n\u2705 <strong>Cewka siatkowa 1,0 \u03a9<\/strong>\u2014 stabilna moc, bogaty smak, g\u0119sta para.<\/p>\n<p>\u2753 <strong>Can I customize branding?<\/strong><br \/>\n\u2705 <strong>Pe\u0142ne wsparcie OEM\/ODM<\/strong>\u2014 marka w\u0142asna, branding dystrybutora, wyr\u00f3\u017cnij si\u0119 na rynku <strong>rynek bardzo wysokich zaci\u0105gni\u0119\u0107<\/strong>.<\/p>\n<p>\u2753 <strong>Jakie moce nikotyny s\u0105 oferowane?<\/strong><br \/>\n\u2705 <strong>0 %, 2 %, 3 %, 5 %<\/strong>\u2014elastyczny dla wszystkich typ\u00f3w u\u017cytkownik\u00f3w.<\/p>\n<p>\u2753 <strong>Dla kogo to jest?<\/strong><br \/>\n\u2705 <strong>Ci\u0119\u017ccy u\u017cytkownicy<\/strong>, <strong>partner\u00f3w hurtowych<\/strong>, <strong>dystrybutorzy<\/strong> szukaj\u0105c <strong>maksymalna pojemno\u015b\u0107 + r\u00f3\u017cnorodno\u015b\u0107 + personalizacja<\/strong>.<\/p>\n<p>&nbsp;<\/p>\n<h3 id=\"brxe-najhln\" class=\"brxe-heading\">Cz\u0119sto zadawane pytania (FAQ)<\/h3>\n<div id=\"brxe-rajiac\" class=\"brxe-text\">\n<p><strong>P: Jakie metody p\u0142atno\u015bci akceptujecie?<\/strong><br \/>\nOdp.: Akceptujemy PayPal, Stripe, przelewy bankowe (obs\u0142ugiwane SEPA), g\u0142\u00f3wne karty kredytowe (Visa, MasterCard, American Express) i p\u0142atno\u015bci w kryptowalutach.<\/p>\n<p><strong>P: Jak d\u0142ugo trwa przygotowanie zam\u00f3wienia?<\/strong><br \/>\nOdp.: Przygotowanie zam\u00f3wienia zajmuje 1-3 dni robocze.<\/p>\n<p><strong>P: Jaki jest czas wysy\u0142ki?<\/strong><br \/>\nOdp.: Czas wysy\u0142ki wynosi 7-14 dni roboczych, w zale\u017cno\u015bci od Twojej lokalizacji. Dostawa towar\u00f3w z europejskich magazyn\u00f3w trwa zazwyczaj 3-6 dni roboczych.<\/p>\n<p><strong>P: Jak mog\u0119 \u015bledzi\u0107 moje zam\u00f3wienie?<\/strong><br \/>\nOdp.: Po wysy\u0142ce otrzymasz wiadomo\u015b\u0107 e-mail z potwierdzeniem i numerem przesy\u0142ki umo\u017cliwiaj\u0105cym \u015bledzenie w czasie rzeczywistym.<\/p>\n<p><strong>P: Jaka jest Twoja polityka zwrot\u00f3w?<\/strong><br \/>\nOdp.: Oferujemy 30-dniow\u0105 polityk\u0119 zwrot\u00f3w lub wymiany. .<\/p>\n<p><strong>P: Czy wyst\u0105pi\u0105 jakie\u015b problemy celne?<br \/>\n<\/strong>Obs\u0142ugujemy wszystkie procedury odprawy celnej, aby zapewni\u0107 Ci bezproblemow\u0105 obs\u0142ug\u0119. .<\/p>\n<p><strong>P: Jakie metody wysy\u0142ki s\u0105 stosowane?<\/strong><br \/>\nWsp\u00f3\u0142pracujemy z firmami UPS\/DHL\/FEDEX\/DPD itp. W zale\u017cno\u015bci od kraju dostawy wybierzemy odpowiedni\u0105 opcj\u0119 wysy\u0142ki, tak aby produkty dotar\u0142y do \u200b\u200bPa\u0144stwa najszybciej jak to mo\u017cliwe.<\/p>\n<p><a href=\"https:\/\/pgvape.com\/pl\/czesto-zadawane-pytania\/\">Kliknij tutaj, aby uzyska\u0107 wi\u0119cej cz\u0119sto zadawanych pyta\u0144<\/a><\/p>\n<p>Szanowni klienci, je\u015bli masz jakiekolwiek pytania dotycz\u0105ce zam\u00f3wienia lub przybycia towaru, skontaktuj si\u0119 z naszym dzia\u0142em obs\u0142ugi klienta. Dzi\u0119kuj\u0119!<\/p>\n<h3 data-sourcepos=\"73:1-73:21\"><strong data-sourcepos=\"73:7-73:21\">Skontaktuj si\u0119 z nami<\/strong><\/h3>\n<div id=\"text-2419739398\" class=\"text\">\n<p><strong data-sourcepos=\"75:3-75:12\">E-mail<\/strong>:\u00a0<a href=\"mailto:support@pgvape.com\"><strong>support@pgvape.com<\/strong><\/a><\/p>\n<p><strong data-sourcepos=\"76:3-76:15\">WhatsApp<\/strong>:\u00a0<a href=\"https:\/\/wa.me\/+8618128481258\"><strong>+86 18128481258<\/strong><\/a><br \/>\n<strong>(Odpowied\u017a w ci\u0105gu 24 godzin w dni robocze)<\/strong><\/p>\n<\/div>\n<h3><strong>Dzi\u0119kujemy za wybranie pgvape.com! .<\/strong><\/h3>\n<\/div>","protected":false},"excerpt":{"rendered":"<p><strong>Bang King 250 000<\/strong>\u2014<strong>250 tys. zaci\u0105gni\u0119\u0107<\/strong>, <strong>Obr\u00f3t 4 w 1<\/strong>, <strong>Siatka 1,0 \u03a9<\/strong>, <strong>Typ C<\/strong>, <strong>Gotowy do OEM\/ODM<\/strong>.<strong>\u0106wier\u0107 miliona chmur, cztery korony, jeden kr\u00f3l.<\/strong><\/p>","protected":false},"featured_media":9003,"comment_status":"open","ping_status":"closed","template":"","meta":{"_seopress_robots_primary_cat":"","_seopress_titles_title":"","_seopress_titles_desc":"","_seopress_robots_index":""},"product_brand":[19,516],"product_cat":[571,18,515],"product_tag":[575,573,574,572,90,490],"class_list":{"0":"post-8998","1":"product","2":"type-product","3":"status-publish","4":"has-post-thumbnail","6":"product_brand-bang-king-vape","7":"product_brand-disposable-vape","8":"product_cat-250k-puffs-vape","9":"product_cat-bang-king-vape","10":"product_cat-disposable-vape","11":"product_tag-1-0--mesh","12":"product_tag-250k-puffs-vape","13":"product_tag-4in1-flavor","14":"product_tag-bang-king-250000","15":"product_tag-disposable-vape","16":"product_tag-minimum-2-pieces","18":"first","19":"instock","20":"sale","21":"shipping-taxable","22":"purchasable","23":"product-type-variable"},"_links":{"self":[{"href":"https:\/\/pgvape.com\/pl\/wp-json\/wp\/v2\/product\/8998","targetHints":{"allow":["GET"]}}],"collection":[{"href":"https:\/\/pgvape.com\/pl\/wp-json\/wp\/v2\/product"}],"about":[{"href":"https:\/\/pgvape.com\/pl\/wp-json\/wp\/v2\/types\/product"}],"replies":[{"embeddable":true,"href":"https:\/\/pgvape.com\/pl\/wp-json\/wp\/v2\/comments?post=8998"}],"wp:featuredmedia":[{"embeddable":true,"href":"https:\/\/pgvape.com\/pl\/wp-json\/wp\/v2\/media\/9003"}],"wp:attachment":[{"href":"https:\/\/pgvape.com\/pl\/wp-json\/wp\/v2\/media?parent=8998"}],"wp:term":[{"taxonomy":"product_brand","embeddable":true,"href":"https:\/\/pgvape.com\/pl\/wp-json\/wp\/v2\/product_brand?post=8998"},{"taxonomy":"product_cat","embeddable":true,"href":"https:\/\/pgvape.com\/pl\/wp-json\/wp\/v2\/product_cat?post=8998"},{"taxonomy":"product_tag","embeddable":true,"href":"https:\/\/pgvape.com\/pl\/wp-json\/wp\/v2\/product_tag?post=8998"}],"curies":[{"name":"wp","href":"https:\/\/api.w.org\/{rel}","templated":true}]}}