{"id":8943,"date":"2026-02-27T09:30:38","date_gmt":"2026-02-27T09:30:38","guid":{"rendered":"https:\/\/pgvape.com\/?post_type=product&#038;p=8943"},"modified":"2026-03-15T13:48:39","modified_gmt":"2026-03-15T13:48:39","slug":"bang-king-200000-200-tys-zaciagniec-8-w-1-smakowy-jednorazowy-vape-0-2-3-5nikotyna-12smak-inteligentny-ekran-led","status":"publish","type":"product","link":"https:\/\/pgvape.com\/pl\/produkt\/bang-king-200000-200-tys-zaciagniec-8-w-1-smakowy-jednorazowy-vape-0-2-3-5nikotyna-12smak-inteligentny-ekran-led\/","title":{"rendered":"Bang King 200000 200k Puffs 8 w 1 Smak Jednorazowy Vape 0% 2% 3% 5%Nikotyna 12Taste Inteligentny ekran LED"},"content":{"rendered":"<p><strong class=\"\">Bang King 200K<\/strong> dostarcza <strong class=\"\">200 000 zaci\u0105gni\u0119\u0107<\/strong> przez <strong>osiem niezale\u017cnych kom\u00f3r smakowych<\/strong>, zwolniony przez <strong>podw\u00f3jne cewki siatkowe<\/strong> i a <strong>Akumulator typu C<\/strong>.<br \/>\n<strong>Obr\u00f3\u0107 prze\u0142\u0105cznik smaku<\/strong>, <strong>inteligentny wy\u015bwietlacz LED<\/strong> I <strong>12 oktet\u00f3w smakowych<\/strong> da\u0107 ci <strong>osiem smak\u00f3w, jedno urz\u0105dzenie, miesi\u0105ce chmur<\/strong>\u2014idealny dla <strong>intensywnych u\u017cytkownik\u00f3w i sprzeda\u017cy hurtowej<\/strong>.<\/p>\n<p>&nbsp;<\/p>\n<h2><span style=\"font-size: 90%;\">Bang King 200k 200000 Puffs 8 w 1 Smak Jednorazowy Vape Specyfikacja<\/span><\/h2>\n<p><strong>Pufy<\/strong>: A\u017c do <strong>200,000<\/strong><\/p>\n<p><strong>System smakowy<\/strong>: <strong>8 w 1<\/strong> \u2013 <strong>osiem zamkni\u0119tych kom\u00f3r<\/strong>, obr\u00f3\u0107, aby prze\u0142\u0105czy\u0107<\/p>\n<p><strong>Cewka<\/strong>: <strong>Podw\u00f3jna siatka<\/strong> \u2013 wydajne ogrzewanie, stabilna wydajno\u015b\u0107<\/p>\n<p><strong>Bateria<\/strong>: <strong>Mo\u017cliwo\u015b\u0107 \u0142adowania<\/strong>, <strong>Typ C<\/strong> szybkie \u0142adowanie<\/p>\n<p><strong>Wy\u015bwietlacz<\/strong>: <strong>Inteligentna dioda LED<\/strong> \u2013 informacje o baterii i u\u017cytkowaniu w czasie rzeczywistym<\/p>\n<p><strong>Projekt<\/strong>: <strong class=\"\">Struktura rotacyjna o wielu smakach<\/strong> \u2013 natychmiastowa r\u00f3\u017cnorodno\u015b\u0107, zero zm\u0119czenia<\/p>\n<p><strong>Stosowanie<\/strong>: Osobiste lub <strong>wholesale distribution<\/strong><\/p>\n<p>&nbsp;<\/p>\n<h3><span style=\"font-size: 90%;\">Bang King 200k 200000 Puffs 8 w 1 Smak Jednorazowa lista smak\u00f3w Vape<\/span><\/h3>\n<p>1.Niebieski l\u00f3d Razz i l\u00f3d brzoskwiniowy i l\u00f3d winogronowy i l\u00f3d z mango<\/p>\n<p>2. Podw\u00f3jne jab\u0142ko i mango, brzoskwinia i truskawka, arbuz i truskawkowo-waniliowa cola<\/p>\n<p>3. L\u00f3d arbuzowy i cytrynowo-mi\u0119towy i truskawkowy i niebieska wi\u015bnia Razz<\/p>\n<p>4. Arbuzowa guma balonowa i jagody Maliny i maliny Arbuz i arbuz Bor\u00f3wka<\/p>\n<p>5.Peach Mango Arbuz &amp; Red Bull &amp; Truskawka Red Bull &amp; Truskawka Kiwi<\/p>\n<p>6.Black Dragon Ice &amp; Love 66 oraz Mr Blue i lemoniada truskawkowa<\/p>\n<p>7. Potr\u00f3jna jagoda i owoce tropikalne, truskawka, banan i r\u00f3\u017cowa lemoniada<\/p>\n<p>8. Ch\u0142odny l\u00f3d z mi\u0119t\u0105 i brzoskwini\u0105, wi\u015bni\u0105, cytryn\u0105 i kiwi, z arbuzem<\/p>\n<p>9.Strawberry Mango &amp; Strawberry Ice Cream &amp; Banana Ice &amp; Strawberry Lychee<\/p>\n<p>10.Kiwi Marakuja, Gujawa i \u017belek, T\u0119czowe Cukierki i Wata Cukrowa<\/p>\n<p>11.Potr\u00f3jny l\u00f3d z melonem i jagod\u0105, bomba wi\u015bniowa i kokos ananasowy<\/p>\n<p>12.Fizzy Cytryna &amp; Limonka &amp; Jab\u0142ko Mojito &amp; Ananas Ice &amp; Cola L\u00f3d<img loading=\"lazy\" decoding=\"async\" class=\"alignnone wp-image-8948 size-full\" src=\"https:\/\/pgvape.com\/wp-content\/uploads\/2026\/02\/Bang-King-200k-200000-Puffs-8-in-1-Flavor-Disposable-Vape-0-2-3-5Nicotine-12Taste-Smart-LED-Screen-3.png\" alt=\"Dwa rz\u0119dy kolorowych, gradientowych butelek do vape z postaciami z kresk\u00f3wek na etykietach, u\u0142o\u017conych na jasnym tropikalnym tle.\" width=\"1500\" height=\"1340\" srcset=\"https:\/\/pgvape.com\/wp-content\/uploads\/2026\/02\/Bang-King-200k-200000-Puffs-8-in-1-Flavor-Disposable-Vape-0-2-3-5Nicotine-12Taste-Smart-LED-Screen-3.png 1500w, https:\/\/pgvape.com\/wp-content\/uploads\/2026\/02\/Bang-King-200k-200000-Puffs-8-in-1-Flavor-Disposable-Vape-0-2-3-5Nicotine-12Taste-Smart-LED-Screen-3-403x360.png 403w, https:\/\/pgvape.com\/wp-content\/uploads\/2026\/02\/Bang-King-200k-200000-Puffs-8-in-1-Flavor-Disposable-Vape-0-2-3-5Nicotine-12Taste-Smart-LED-Screen-3-595x532.png 595w, https:\/\/pgvape.com\/wp-content\/uploads\/2026\/02\/Bang-King-200k-200000-Puffs-8-in-1-Flavor-Disposable-Vape-0-2-3-5Nicotine-12Taste-Smart-LED-Screen-3-400x357.png 400w, https:\/\/pgvape.com\/wp-content\/uploads\/2026\/02\/Bang-King-200k-200000-Puffs-8-in-1-Flavor-Disposable-Vape-0-2-3-5Nicotine-12Taste-Smart-LED-Screen-3-768x686.png 768w, https:\/\/pgvape.com\/wp-content\/uploads\/2026\/02\/Bang-King-200k-200000-Puffs-8-in-1-Flavor-Disposable-Vape-0-2-3-5Nicotine-12Taste-Smart-LED-Screen-3-13x12.png 13w, https:\/\/pgvape.com\/wp-content\/uploads\/2026\/02\/Bang-King-200k-200000-Puffs-8-in-1-Flavor-Disposable-Vape-0-2-3-5Nicotine-12Taste-Smart-LED-Screen-3-600x536.png 600w\" sizes=\"auto, (max-width: 1500px) 100vw, 1500px\" \/><\/p>\n<p>&nbsp;<\/p>\n<h2 class=\"header-vfC6AV auto-hide-last-sibling-br\"><span style=\"font-size: 90%;\">Cz\u0119sto zadawane pytania dotycz\u0105ce Bang King 200k 200000 Puffs Jednorazowy waporyzator o smaku 8 w 1<\/span><\/h2>\n<p>\u2753 <strong>Ile zaci\u0105gni\u0119\u0107 na urz\u0105dzenie?<\/strong><br \/>\n\u2705 Ocena fabryczna <strong>200 000 zaci\u0105gni\u0119\u0107<\/strong>\u2014 miesi\u0119cy do p\u00f3\u0142 roku intensywnego u\u017cytkowania.<\/p>\n<p>\u2753 <strong class=\"\">Jak zmieni\u0107 smak?<\/strong><br \/>\n\u2705 <strong class=\"\">Obr\u00f3\u0107 selektor<\/strong>\u2014 natychmiastowy skok pomi\u0119dzy <strong>osiem niezale\u017cnych izb<\/strong>, zero zm\u0119czenia smakiem.<\/p>\n<p>\u2753 <strong class=\"\">Czy mo\u017cna go \u0142adowa\u0107?<\/strong><br \/>\n\u2705 <strong>Typ C<\/strong> szybkie \u0142adowanie \u2014 minimalizuj przestoje i maksymalizuj trwa\u0142o\u015b\u0107.<\/p>\n<p>\u2753 <strong>Jaka technologia cewek jest stosowana?<\/strong><br \/>\n\u2705 <strong>Podw\u00f3jne cewki siatkowe<\/strong>\u2014 wydajne ciep\u0142o, g\u0142adka para, sp\u00f3jny smak.<\/p>\n<p>\u2753 <strong class=\"\">Jak monitorowa\u0107 status?<\/strong><br \/>\n\u2705 <strong class=\"\">Inteligentny wy\u015bwietlacz LED<\/strong> wida\u0107 <strong>akumulator %<\/strong> I <strong>informacje o u\u017cytkowaniu<\/strong> real-time.<\/p>\n<p>\u2753 <strong class=\"\">Czy jest to do u\u017cytku osobistego czy hurtowego?<\/strong><br \/>\n\u2705 <strong>Obydwa<\/strong>\u2014ekstremalna pojemno\u015b\u0107 + r\u00f3\u017cnorodno\u015b\u0107 smak\u00f3w = idealny do <strong class=\"\">u\u017cytkownicy o wysokim zu\u017cyciu energii<\/strong> I <strong>kana\u0142y dystrybucji<\/strong>.<\/p>\n<p>\u2753 <strong>Czy zmniejsza to cz\u0119stotliwo\u015b\u0107 wymiany?<\/strong><br \/>\n\u2705 <strong>200 tys. ptysi\u00f3w + 8 smak\u00f3w<\/strong> = jedno urz\u0105dzenie zast\u0119puje <strong>osiem standardowych wyrob\u00f3w jednorazowego u\u017cytku<\/strong>.<\/p>\n<p>&nbsp;<\/p>\n<h3 id=\"brxe-najhln\" class=\"brxe-heading\">Cz\u0119sto zadawane pytania (FAQ)<\/h3>\n<div id=\"brxe-rajiac\" class=\"brxe-text\">\n<p><strong>P: Jakie metody p\u0142atno\u015bci akceptujecie?<\/strong><br \/>\nOdp.: Akceptujemy PayPal, Stripe, przelewy bankowe (obs\u0142ugiwane SEPA), g\u0142\u00f3wne karty kredytowe (Visa, MasterCard, American Express) i p\u0142atno\u015bci w kryptowalutach.<\/p>\n<p><strong>P: Jak d\u0142ugo trwa przygotowanie zam\u00f3wienia?<\/strong><br \/>\nOdp.: Przygotowanie zam\u00f3wienia zajmuje 1-3 dni robocze.<\/p>\n<p><strong>P: Jaki jest czas wysy\u0142ki?<\/strong><br \/>\nOdp.: Czas wysy\u0142ki wynosi 7-14 dni roboczych, w zale\u017cno\u015bci od Twojej lokalizacji.<\/p>\n<p><strong>P: Jak mog\u0119 \u015bledzi\u0107 moje zam\u00f3wienie?<\/strong><br \/>\nOdp.: Po wysy\u0142ce otrzymasz wiadomo\u015b\u0107 e-mail z potwierdzeniem i numerem przesy\u0142ki umo\u017cliwiaj\u0105cym \u015bledzenie w czasie rzeczywistym.<\/p>\n<p><strong>P: Jaka jest Twoja polityka zwrot\u00f3w?<\/strong><br \/>\nOdp.: Oferujemy 30-dniow\u0105 polityk\u0119 zwrot\u00f3w lub wymiany. .<\/p>\n<p><strong>P: Czy wyst\u0105pi\u0105 jakie\u015b problemy celne?<br \/>\n<\/strong>Obs\u0142ugujemy wszystkie procedury odprawy celnej, aby zapewni\u0107 Ci bezproblemow\u0105 obs\u0142ug\u0119. .<\/p>\n<p><strong>P: Jakie metody wysy\u0142ki s\u0105 stosowane?<\/strong><br \/>\nWsp\u00f3\u0142pracujemy z firmami UPS\/DHL\/FEDEX\/DPD itp. W zale\u017cno\u015bci od kraju dostawy wybierzemy odpowiedni\u0105 opcj\u0119 wysy\u0142ki, tak aby produkty dotar\u0142y do \u200b\u200bPa\u0144stwa najszybciej jak to mo\u017cliwe.<\/p>\n<p><a href=\"https:\/\/pgvape.com\/pl\/czesto-zadawane-pytania\/\">Kliknij tutaj, aby uzyska\u0107 wi\u0119cej cz\u0119sto zadawanych pyta\u0144<\/a><\/p>\n<p>Szanowni klienci, je\u015bli masz jakiekolwiek pytania dotycz\u0105ce zam\u00f3wienia lub przybycia towaru, skontaktuj si\u0119 z naszym dzia\u0142em obs\u0142ugi klienta. Dzi\u0119kuj\u0119!<\/p>\n<h3 data-sourcepos=\"73:1-73:21\"><strong data-sourcepos=\"73:7-73:21\">Skontaktuj si\u0119 z nami<\/strong><\/h3>\n<div id=\"text-2419739398\" class=\"text\">\n<p><strong data-sourcepos=\"75:3-75:12\">E-mail<\/strong>:\u00a0<a href=\"mailto:support@pgvape.com\"><strong>support@pgvape.com<\/strong><\/a><\/p>\n<p><strong data-sourcepos=\"76:3-76:15\">WhatsApp<\/strong>:\u00a0<a href=\"https:\/\/wa.me\/+8618128481258\"><strong>+86 18128481258<\/strong><\/a><br \/>\n<strong>(Odpowied\u017a w ci\u0105gu 24 godzin w dni robocze)<\/strong><\/p>\n<\/div>\n<h3><strong>Dzi\u0119kujemy za wybranie pgvape.com! .<\/strong><\/h3>\n<\/div>","protected":false},"excerpt":{"rendered":"<p><strong>Bang King 200000<\/strong>\u2014<strong>200 tys. zaci\u0105gni\u0119\u0107<\/strong>, <strong>Obr\u00f3t 8 w 1<\/strong>, <strong>podw\u00f3jna siatka<\/strong>, <strong>Wy\u015bwietlacz LED<\/strong>, <strong>Typ C<\/strong>.<strong class=\"\">Osiem smak\u00f3w, jeden kr\u00f3l, waporyzacja przez p\u00f3\u0142 roku.<\/strong><\/p>","protected":false},"featured_media":8947,"comment_status":"open","ping_status":"closed","template":"","meta":{"_seopress_robots_primary_cat":"none","_seopress_titles_title":"","_seopress_titles_desc":"","_seopress_robots_index":""},"product_brand":[19,516],"product_cat":[548,18,515],"product_tag":[552,568,567,90,490,569],"class_list":{"0":"post-8943","1":"product","2":"type-product","3":"status-publish","4":"has-post-thumbnail","6":"product_brand-bang-king-vape","7":"product_brand-disposable-vape","8":"product_cat-200k-puffs-vape","9":"product_cat-bang-king-vape","10":"product_cat-disposable-vape","11":"product_tag-200k-puffs-vape","12":"product_tag-8-in-1-flavor","13":"product_tag-bang-king-200k","14":"product_tag-disposable-vape","15":"product_tag-minimum-2-pieces","16":"product_tag-multi-flavor-rotation-structure","18":"first","19":"instock","20":"sale","21":"shipping-taxable","22":"purchasable","23":"product-type-variable"},"_links":{"self":[{"href":"https:\/\/pgvape.com\/pl\/wp-json\/wp\/v2\/product\/8943","targetHints":{"allow":["GET"]}}],"collection":[{"href":"https:\/\/pgvape.com\/pl\/wp-json\/wp\/v2\/product"}],"about":[{"href":"https:\/\/pgvape.com\/pl\/wp-json\/wp\/v2\/types\/product"}],"replies":[{"embeddable":true,"href":"https:\/\/pgvape.com\/pl\/wp-json\/wp\/v2\/comments?post=8943"}],"wp:featuredmedia":[{"embeddable":true,"href":"https:\/\/pgvape.com\/pl\/wp-json\/wp\/v2\/media\/8947"}],"wp:attachment":[{"href":"https:\/\/pgvape.com\/pl\/wp-json\/wp\/v2\/media?parent=8943"}],"wp:term":[{"taxonomy":"product_brand","embeddable":true,"href":"https:\/\/pgvape.com\/pl\/wp-json\/wp\/v2\/product_brand?post=8943"},{"taxonomy":"product_cat","embeddable":true,"href":"https:\/\/pgvape.com\/pl\/wp-json\/wp\/v2\/product_cat?post=8943"},{"taxonomy":"product_tag","embeddable":true,"href":"https:\/\/pgvape.com\/pl\/wp-json\/wp\/v2\/product_tag?post=8943"}],"curies":[{"name":"wp","href":"https:\/\/api.w.org\/{rel}","templated":true}]}}