{"id":893,"date":"2025-09-26T13:16:12","date_gmt":"2025-09-26T13:16:12","guid":{"rendered":"https:\/\/pgvape.com\/?post_type=product&#038;p=893"},"modified":"2026-01-27T09:25:16","modified_gmt":"2026-01-27T09:25:16","slug":"fumot-tornado-20000-20-tys-zaciagniec-jednorazowe-vape-regulowane-wydanie-vape-factory-direct","status":"publish","type":"product","link":"https:\/\/pgvape.com\/pl\/produkt\/fumot-tornado-20000-20-tys-zaciagniec-jednorazowe-vape-regulowane-wydanie-vape-factory-direct\/","title":{"rendered":"Fumot Tornado 20000 20K Puffs Jednorazowy Vape Wersja regulowana Vape Factory Direct"},"content":{"rendered":"<p><strong data-sourcepos=\"6:5-6:67\">RandM Fumot Tornado 20K Puffs Jednorazowy Vape z inteligentnym ekranem<\/strong> dostarcza <strong data-sourcepos=\"6:77-6:99\">do 20 000 zaci\u0105gni\u0119\u0107<\/strong> z <strong data-sourcepos=\"6:107-6:133\">Pojemno\u015b\u0107 e-liquidu 20 ml<\/strong> i <strong data-sourcepos=\"6:141-6:172\">Akumulator o pojemno\u015bci 850 mAh<\/strong>. <strong data-sourcepos=\"6:186-6:204\">cewka z podw\u00f3jn\u0105 siatk\u0105<\/strong> aby uzyska\u0107 g\u0142adk\u0105 par\u0119 i odwa\u017cny smak, zawiera: <strong data-sourcepos=\"6:253-6:270\">inteligentny wy\u015bwietlacz<\/strong> do monitorowania w czasie rzeczywistym poziomu oleju i akumulatora. <strong data-sourcepos=\"6:328-6:357\">Opcje nikotynowe 2%\/3%\/5%<\/strong>, <strong data-sourcepos=\"6:359-6:378\">\u0141adowanie typu C<\/strong>, I <strong data-sourcepos=\"6:384-6:405\">39 smak\u00f3w do wyboru<\/strong>, to urz\u0105dzenie \u0142\u0105czy w sobie wydajno\u015b\u0107, styl i wygod\u0119, zapewniaj\u0105c najwy\u017csz\u0105 jako\u015b\u0107 wapowania.<\/p>\n<p>&nbsp;<\/p>\n<h2><span style=\"font-size: 90%;\"><span dir=\"auto\" style=\"vertical-align: inherit;\"><span dir=\"auto\" style=\"vertical-align: inherit;\">Fumot Tornado 20000 | 20K Puff\u00f3w Jednorazowy Vape\u00a0<\/span><\/span><\/span>Specyfikacja produktu<\/h2>\n<p><strong data-sourcepos=\"11:3-11:25\">Si\u0142a nikotyny:<\/strong>\u00a0<strong data-sourcepos=\"11:26-11:42\">2% \/ 3% \/ 5%<\/strong>\u00a0(Elastyczne opcje dla wszystkich preferencji)<\/p>\n<p><strong data-sourcepos=\"12:3-12:18\">Liczba zaci\u0105gni\u0119\u0107:<\/strong>\u00a0<strong data-sourcepos=\"12:19-12:41\">Do 20 000 zaci\u0105gni\u0119\u0107<\/strong>\u00a0(D\u0142u\u017csze u\u017cytkowanie, mniej wymian)<\/p>\n<p><strong data-sourcepos=\"13:3-13:25\">Pojemno\u015b\u0107 e-cieczy:<\/strong>\u00a0<strong data-sourcepos=\"13:26-13:34\">20ml<\/strong>\u00a0(D\u0142ugotrwa\u0142e sesje)<\/p>\n<p><strong data-sourcepos=\"14:3-14:24\">Pojemno\u015b\u0107 baterii:<\/strong>\u00a0<strong data-sourcepos=\"14:25-14:48\">Akumulator 850 mAh<\/strong>\u00a0(Moc na ca\u0142y dzie\u0144)<\/p>\n<p><strong data-sourcepos=\"15:3-15:17\">Typ cewki:<\/strong>\u00a0<strong data-sourcepos=\"15:18-15:36\">Podw\u00f3jna cewka siatkowa<\/strong>\u00a0(bogaty smak i g\u0119sta para)<\/p>\n<p><strong data-sourcepos=\"16:3-16:15\">Wy\u015bwietlacz:<\/strong>\u00a0<strong data-sourcepos=\"16:16-16:62\">Inteligentny ekran ze wska\u017anikami poziomu oleju i baterii<\/strong>\u00a0(\u015aledzenie w czasie rzeczywistym)<\/p>\n<p><strong data-sourcepos=\"17:3-17:21\">Port \u0142adowania:<\/strong>\u00a0<strong data-sourcepos=\"17:22-17:32\">Typ C<\/strong>\u00a0(Szybkie, nowoczesne \u0142adowanie)<\/p>\n<p><strong data-sourcepos=\"18:3-18:22\">Opcje smakowe:<\/strong>\u00a0<strong data-sourcepos=\"18:23-18:39\">39 odmian<\/strong>\u00a0(Od mieszanek owocowych po lodowe)<\/p>\n<p>&nbsp;<\/p>\n<h3><span style=\"font-size: 90%;\"><span dir=\"auto\" style=\"vertical-align: inherit;\">Fumot Tornado 20000 | 20K Puff\u00f3w Jednorazowy Vape<\/span> Lista smak\u00f3w<\/span><\/h3>\n<p>1. Twardy cukierek jagodowo-malinowy<\/p>\n<p>2.Niebieski Razz<\/p>\n<p>3.Truskawkowe Kiwi<\/p>\n<p>4.Brzoskwiniowo-ananasowo-pomara\u0144czowa<\/p>\n<p>5. Kr\u0119gle<\/p>\n<p>6. Arbuz brzoskwiniowo-mango<\/p>\n<p>7.Lody Truskawkowe<\/p>\n<p>8.Gruszkowy l\u00f3d<\/p>\n<p>9. Wata cukrowa<\/p>\n<p>10. \u017belki<\/p>\n<p>11. Lemoniada Og\u00f3rkowa<\/p>\n<p>12.Pina Colada<\/p>\n<p>13.Huckleberry<\/p>\n<p>14.L\u00f3d arbuzowy<\/p>\n<p>15. Arbuz truskawkowy<\/p>\n<p>16. Mieszane jagody<\/p>\n<p>17.Lychee Hami Melon<\/p>\n<p>18.Wi\u015bniowa limonka<\/p>\n<p>19.Ananas Cytryna Zielone Jab\u0142ko<\/p>\n<p>20. Ciasto Bananowe<\/p>\n<p>21. Pan Niebieski<\/p>\n<p>22.Wi\u015bnia<\/p>\n<p>23.Malina jagodowa<\/p>\n<p>24. Wi\u015bniowa Cola<\/p>\n<p>25.Kiwi Gujawa z marakuji<\/p>\n<p>26. L\u00f3d truskawkowy<\/p>\n<p>27.L\u00f3d truskawkowo-malinowo-wi\u015bniowy<\/p>\n<p>28. Wi\u015bniowa Jagoda<\/p>\n<p>29.Jagoda Kwa\u015bna Malina<\/p>\n<p>30. Jagoda brzoskwiniowa<\/p>\n<p>31.Niebieski \u017celkowy mi\u015b Razz<\/p>\n<p>32. Fajna mi\u0119ta<\/p>\n<p>33. Bor\u00f3wka na lodzie<\/p>\n<p>34. L\u00f3d kaktusa<\/p>\n<p>35. Limonka z czerwonych winogron<\/p>\n<p>36.Cola Cytryna<\/p>\n<p>37.Jab\u0142ko z czarnej porzeczki<\/p>\n<p>38. Kaktus Kiwi<\/p>\n<p>39. L\u00f3d z Col\u0105<\/p>\n<p>&nbsp;<\/p>\n<p>&nbsp;<\/p>\n<h2><span style=\"font-size: 90%;\"><span dir=\"auto\" style=\"vertical-align: inherit;\">Fumot Tornado 20000 | 20K Puff\u00f3w Jednorazowy Vape <\/span><\/span><strong>Wideo:<br \/>\n<\/strong><\/h2>\n<p><iframe loading=\"lazy\" title=\"Fumot Tornado 20000 | 20K Puffs jednorazowy Vape | 39 smak\u00f3w dla | edycja regulowana pgvape\" width=\"563\" height=\"1000\" src=\"https:\/\/www.youtube.com\/embed\/qYKVLSTt0JY?feature=oembed\" frameborder=\"0\" allow=\"accelerometer; autoplay; clipboard-write; encrypted-media; gyroscope; picture-in-picture; web-share\" referrerpolicy=\"strict-origin-when-cross-origin\" allowfullscreen><\/iframe><\/p>\n<p>&nbsp;<\/p>\n<h2 class=\"header-vfC6AV auto-hide-last-sibling-br\">Cz\u0119sto zadawane pytania dotycz\u0105ce <span style=\"font-size: 90%;\"><span dir=\"auto\" style=\"vertical-align: inherit;\">Fumot Tornado 20000 | 20K Puff\u00f3w Jednorazowy Vape<\/span><\/span><\/h2>\n<p data-sourcepos=\"66:1-67:109\">\u2753 <strong data-sourcepos=\"66:3-66:52\">Co wyr\u00f3\u017cnia RandM Fumot Tornado?<\/strong><br \/>\n\u2705 To <strong data-sourcepos=\"67:7-67:31\">inteligentny ekran<\/strong> pokazuje w czasie rzeczywistym <strong data-sourcepos=\"67:48-67:74\">poziom oleju i akumulatora<\/strong>, oferuj\u0105c niezr\u00f3wnan\u0105 wygod\u0119.<\/p>\n<p data-sourcepos=\"69:1-70:85\">\u2753 <strong data-sourcepos=\"69:3-69:38\">Ile zaci\u0105gni\u0119\u0107 zapewnia?<\/strong><br \/>\n\u2705 <strong data-sourcepos=\"70:3-70:25\">Do 20 000 zaci\u0105gni\u0119\u0107<\/strong>\u2014idealny do d\u0142ugotrwa\u0142ego waporyzacji bez cz\u0119stych wymian.<\/p>\n<p data-sourcepos=\"72:1-73:91\">\u2753 <strong data-sourcepos=\"72:3-72:54\">Czy obs\u0142uguje r\u00f3\u017cne preferencje nikotynowe?<br \/>\n<\/strong> \u2705Tak, z <strong data-sourcepos=\"73:13-73:19\">2%<\/strong>, <strong data-sourcepos=\"73:21-73:27\">3%<\/strong>, I <strong data-sourcepos=\"73:33-73:39\">5%<\/strong> opcje nikotyny dla lekkich i mocnych uderze\u0144 w gard\u0142o.<\/p>\n<p data-sourcepos=\"75:1-76:88\">\u2753 <strong data-sourcepos=\"75:3-75:44\">Czy smak i jako\u015b\u0107 pary s\u0105 dobre?<\/strong><br \/>\n\u2705 Zdecydowanie! <strong data-sourcepos=\"76:19-76:37\">cewka z podw\u00f3jn\u0105 siatk\u0105<\/strong> zapewnia <strong data-sourcepos=\"76:46-76:62\">g\u0142adka para<\/strong> I <strong data-sourcepos=\"76:67-76:85\">intensywny smak<\/strong>.<\/p>\n<p data-sourcepos=\"78:1-79:77\">\u2753 <strong data-sourcepos=\"78:3-78:35\">Czy akumulator mo\u017cna \u0142adowa\u0107?<\/strong><br \/>\n\u2705Tak, <strong data-sourcepos=\"79:11-79:29\">Bateria 850 mAh<\/strong> z <strong data-sourcepos=\"79:35-79:54\">\u0141adowanie typu C<\/strong> do szybkiego do\u0142adowania.<\/p>\n<p data-sourcepos=\"81:1-82:69\">\u2753 <strong data-sourcepos=\"81:3-81:38\">Ile mie\u015bci si\u0119 w nim e-liquidu?<\/strong><br \/>\n\u2705 A <strong data-sourcepos=\"82:5-82:18\">Zbiornik 20ml<\/strong> minimalizuje konieczno\u015b\u0107 uzupe\u0142niania i maksymalizuje sesje waporyzacyjne.<\/p>\n<p data-sourcepos=\"84:1-85:69\">\u2753 <strong data-sourcepos=\"84:3-84:37\">Czy jest wiele opcji smakowych?<\/strong><br \/>\n\u2705 <strong data-sourcepos=\"85:3-85:24\">39 wyj\u0105tkowych smak\u00f3w<\/strong>, od owocowego po lodowy, aby zaspokoi\u0107 ka\u017cdy gust.<\/p>\n<p>&nbsp;<\/p>\n<h3 id=\"brxe-najhln\" class=\"brxe-heading\">Cz\u0119sto zadawane pytania (FAQ)<\/h3>\n<div id=\"brxe-rajiac\" class=\"brxe-text\">\n<p><strong>P: Jakie metody p\u0142atno\u015bci akceptujecie?<\/strong><br \/>\nOdp.: Akceptujemy PayPal, Stripe, przelewy bankowe (obs\u0142ugiwane SEPA), g\u0142\u00f3wne karty kredytowe (Visa, MasterCard, American Express) i p\u0142atno\u015bci w kryptowalutach.<\/p>\n<p><strong>P: Jak d\u0142ugo trwa przygotowanie zam\u00f3wienia?<\/strong><br \/>\nOdp.: Przygotowanie zam\u00f3wienia zajmuje 1-3 dni robocze.<\/p>\n<p><strong>P: Jaki jest czas wysy\u0142ki?<\/strong><br \/>\nOdp.: Czas wysy\u0142ki wynosi 7-14 dni roboczych, w zale\u017cno\u015bci od Twojej lokalizacji.<\/p>\n<p><strong>P: Jak mog\u0119 \u015bledzi\u0107 moje zam\u00f3wienie?<\/strong><br \/>\nOdp.: Po wysy\u0142ce otrzymasz wiadomo\u015b\u0107 e-mail z potwierdzeniem i numerem przesy\u0142ki umo\u017cliwiaj\u0105cym \u015bledzenie w czasie rzeczywistym.<\/p>\n<p><strong>P: Jaka jest Twoja polityka zwrot\u00f3w?<\/strong><br \/>\nOdp.: Oferujemy 30-dniow\u0105 polityk\u0119 zwrot\u00f3w lub wymiany. .<\/p>\n<p><strong>P: Czy wyst\u0105pi\u0105 jakie\u015b problemy celne?<br \/>\n<\/strong>Obs\u0142ugujemy wszystkie procedury odprawy celnej, aby zapewni\u0107 Ci bezproblemow\u0105 obs\u0142ug\u0119. .<\/p>\n<p><strong>P: Jakie metody wysy\u0142ki s\u0105 stosowane?<\/strong><br \/>\nWsp\u00f3\u0142pracujemy z firmami UPS\/DHL\/FEDEX\/DPD itp. W zale\u017cno\u015bci od kraju dostawy wybierzemy odpowiedni\u0105 opcj\u0119 wysy\u0142ki, tak aby produkty dotar\u0142y do \u200b\u200bPa\u0144stwa najszybciej jak to mo\u017cliwe.<\/p>\n<p><a href=\"https:\/\/pgvape.com\/pl\/czesto-zadawane-pytania\/\">Kliknij tutaj, aby uzyska\u0107 wi\u0119cej cz\u0119sto zadawanych pyta\u0144<\/a><\/p>\n<p>Szanowni klienci, je\u015bli masz jakiekolwiek pytania dotycz\u0105ce zam\u00f3wienia lub przybycia towaru, skontaktuj si\u0119 z naszym dzia\u0142em obs\u0142ugi klienta. Dzi\u0119kuj\u0119!<\/p>\n<h3 data-sourcepos=\"73:1-73:21\"><strong data-sourcepos=\"73:7-73:21\">Skontaktuj si\u0119 z nami<\/strong><\/h3>\n<div id=\"text-2419739398\" class=\"text\">\n<p><strong data-sourcepos=\"75:3-75:12\">E-mail<\/strong>:\u00a0<a href=\"mailto:support@pgvape.com\"><strong>support@pgvape.com<\/strong><\/a><\/p>\n<p><strong data-sourcepos=\"76:3-76:15\">WhatsApp<\/strong>: <a href=\"https:\/\/wa.me\/+8618128481258\"><strong>+86 18128481258<\/strong><\/a><br \/>\n<strong>(Odpowied\u017a w ci\u0105gu 24 godzin w dni robocze)<\/strong><\/p>\n<\/div>\n<h3><strong>Dzi\u0119kujemy za wybranie pgvape.com! .<\/strong><\/h3>\n<\/div>","protected":false},"excerpt":{"rendered":"<p><strong data-sourcepos=\"90:5-90:38\">Zaci\u0105gni\u0119cia RandM Fumot Tornado 20K<\/strong> \u0142\u0105czy A <strong data-sourcepos=\"90:50-90:76\">Pojemno\u015b\u0107 e-liquidu 20 ml<\/strong>, <strong data-sourcepos=\"90:78-90:96\">Bateria 850 mAh<\/strong>, I <strong data-sourcepos=\"90:102-90:120\">cewka z podw\u00f3jn\u0105 siatk\u0105<\/strong> dla pot\u0119\u017cnej wydajno\u015bci. <strong data-sourcepos=\"90:151-90:167\">inteligentny ekran<\/strong> \u015bledzi poziom oleju i akumulatora, podczas gdy <strong data-sourcepos=\"90:205-90:219\">39 smak\u00f3w<\/strong> I <strong data-sourcepos=\"90:224-90:243\">\u0141adowanie typu C<\/strong> sprawiaj\u0105, \u017ce jest to najwy\u017cszej klasy jednorazowy waporyzator.<\/p>","protected":false},"featured_media":947,"comment_status":"open","ping_status":"closed","template":"","meta":{"_seopress_robots_primary_cat":"none","_seopress_titles_title":"%%post_title%% %%sep%% %%sitetitle%%","_seopress_titles_desc":"","_seopress_robots_index":""},"product_brand":[516,162],"product_cat":[84,515,26],"product_tag":[87,88,89,93,91,92,90,86],"class_list":{"0":"post-893","1":"product","2":"type-product","3":"status-publish","4":"has-post-thumbnail","6":"product_brand-disposable-vape","7":"product_brand-fumot-vape","8":"product_cat-20k-puffs-vape","9":"product_cat-disposable-vape","10":"product_cat-fumot-vape","11":"product_tag-87","12":"product_tag-20k-puffs","13":"product_tag-20k-vape","14":"product_tag-20ml-capacity","15":"product_tag-39-flavors-for","16":"product_tag-adjustable-edition","17":"product_tag-disposable-vape","18":"product_tag-fumot-tornado","20":"first","21":"instock","22":"sale","23":"shipping-taxable","24":"purchasable","25":"product-type-variable"},"_links":{"self":[{"href":"https:\/\/pgvape.com\/pl\/wp-json\/wp\/v2\/product\/893","targetHints":{"allow":["GET"]}}],"collection":[{"href":"https:\/\/pgvape.com\/pl\/wp-json\/wp\/v2\/product"}],"about":[{"href":"https:\/\/pgvape.com\/pl\/wp-json\/wp\/v2\/types\/product"}],"replies":[{"embeddable":true,"href":"https:\/\/pgvape.com\/pl\/wp-json\/wp\/v2\/comments?post=893"}],"wp:featuredmedia":[{"embeddable":true,"href":"https:\/\/pgvape.com\/pl\/wp-json\/wp\/v2\/media\/947"}],"wp:attachment":[{"href":"https:\/\/pgvape.com\/pl\/wp-json\/wp\/v2\/media?parent=893"}],"wp:term":[{"taxonomy":"product_brand","embeddable":true,"href":"https:\/\/pgvape.com\/pl\/wp-json\/wp\/v2\/product_brand?post=893"},{"taxonomy":"product_cat","embeddable":true,"href":"https:\/\/pgvape.com\/pl\/wp-json\/wp\/v2\/product_cat?post=893"},{"taxonomy":"product_tag","embeddable":true,"href":"https:\/\/pgvape.com\/pl\/wp-json\/wp\/v2\/product_tag?post=893"}],"curies":[{"name":"wp","href":"https:\/\/api.w.org\/{rel}","templated":true}]}}