{"id":8832,"date":"2026-01-29T07:54:13","date_gmt":"2026-01-29T07:54:13","guid":{"rendered":"https:\/\/pgvape.com\/?post_type=product&#038;p=8832"},"modified":"2026-04-09T14:46:15","modified_gmt":"2026-04-09T14:46:15","slug":"solaris-tequila-don-leon1942-30000-30k-zaciagniec-jednorazowe-vape-2nikotyna-10smak-wyswietlacz-baterii-vape-fabryka-hurtownia","status":"publish","type":"product","link":"https:\/\/pgvape.com\/pl\/produkt\/solaris-tequila-don-leon1942-30000-30k-zaciagniec-jednorazowe-vape-2nikotyna-10smak-wyswietlacz-baterii-vape-fabryka-hurtownia\/","title":{"rendered":"Solaris Tequila Don Leon1942 30000 30K Puffs Jednorazowy Vape 2%Nikotyna 10Taste\u00a0Wy\u015bwietlacz baterii Vape Factory Hurt"},"content":{"rendered":"<p><strong>Solaris Tequila Don Leon 1942<\/strong> nalewa <strong>30 000 zaci\u0105gni\u0119\u0107<\/strong> <strong>Jednorazowy Vape<\/strong> <strong data-sourcepos=\"6:6-6:53\">Luksusowy design spotyka si\u0119 z wysokowydajnym wapowaniem <\/strong>Zainspirowany <strong data-sourcepos=\"7:17-7:47\">Kultowa butelka tequili z 1942 r<\/strong>, Ten <strong data-sourcepos=\"7:54-7:81\">Jednorazowy Vape Premium<\/strong> dostarcza <strong data-sourcepos=\"7:91-7:120\">30 000 ultrag\u0142adkich zaci\u0105gni\u0119\u0107<\/strong> z <strong data-sourcepos=\"7:126-7:154\">Fabrycznie nape\u0142niony p\u0142yn E-Liquid o pojemno\u015bci 24 ml<\/strong> i a <strong data-sourcepos=\"7:161-7:192\">Akumulator 650 mAh<\/strong>. <strong data-sourcepos=\"7:198-7:216\">1.2\u03a9 Cewka siatkowa<\/strong> zapewnia <strong data-sourcepos=\"7:225-7:240\">Bogaty smak<\/strong> I <strong data-sourcepos=\"7:245-7:260\">G\u0119sta para<\/strong>, podczas gdy <strong data-sourcepos=\"7:272-7:296\">Szybkie \u0142adowanie typu C<\/strong> minimalizuje przestoje. Idealny dla <strong data-sourcepos=\"7:329-7:358\">Sprzedawcy detaliczni i hurtownicy<\/strong>, \u0142\u0105czy <strong data-sourcepos=\"7:372-7:395\">Uderzaj\u0105ca estetyka<\/strong> z <strong data-sourcepos=\"7:401-7:425\">Niezawodna wydajno\u015b\u0107<\/strong>.<\/p>\n<p>&nbsp;<\/p>\n<h2><span style=\"font-size: 90%;\">Solaris Tequila Don Leon1942 30000 30K Puffs Jednorazowy waporyzator Dane techniczne:<\/span><\/h2>\n<p><strong data-sourcepos=\"12:3-12:24\">Si\u0142a nikotyny<\/strong>:\u00a0<strong data-sourcepos=\"12:26-12:32\">2%<\/strong>\u00a0(Zr\u00f3wnowa\u017cone Uderzenie w Gard\u0142o)<\/p>\n<p><strong data-sourcepos=\"13:3-13:17\">Liczba puf\u00f3w<\/strong>:\u00a0<strong data-sourcepos=\"13:19-13:35\">30 000 zaci\u0105gni\u0119\u0107<\/strong>\u00a0(D\u0142u\u017csze u\u017cytkowanie)<\/p>\n<p><strong data-sourcepos=\"14:3-14:24\">Pojemno\u015b\u0107 e-cieczy<\/strong>:\u00a0<strong data-sourcepos=\"14:26-14:34\">24 ml<\/strong>\u00a0(wst\u0119pnie wype\u0142niony)<\/p>\n<p><strong data-sourcepos=\"15:3-15:11\">Cewka<\/strong>:\u00a0<strong data-sourcepos=\"15:13-15:31\">1.2\u03a9 Cewka siatkowa<\/strong>\u00a0(Zoptymalizowany smak i para)<\/p>\n<p><strong data-sourcepos=\"16:3-16:14\">Bateria<\/strong>:\u00a0<strong data-sourcepos=\"16:16-16:39\">Akumulator 650 mAh<\/strong>\u00a0(\u0141adowanie typu C)<\/p>\n<p><strong data-sourcepos=\"17:3-17:13\">Projekt<\/strong>:\u00a0<strong data-sourcepos=\"17:15-17:47\">Inspirowany butelk\u0105 tequili z 1942 roku<\/strong>\u00a0+\u00a0<strong data-sourcepos=\"17:50-17:69\">Wy\u015bwietlacz baterii<\/strong><\/p>\n<p><strong data-sourcepos=\"18:3-18:16\">Opakowanie<\/strong>:\u00a0<strong data-sourcepos=\"18:18-18:36\">10 urz\u0105dze\u0144\/pude\u0142ko<\/strong>\u00a0(Gotowy do sprzeda\u017cy hurtowej)<\/p>\n<p>&nbsp;<\/p>\n<h3><span style=\"font-size: 90%;\">Solaris Tequila Don Leon1942 30000 30K Puffs Jednorazowa lista smak\u00f3w Vape:<\/span><\/h3>\n<p><strong>1.L\u00f3d arbuzowy<\/strong><\/p>\n<p><strong>2.Truskawkowe Kiwi<\/strong><\/p>\n<p><strong>3.Soczysta brzoskwinia<\/strong><\/p>\n<p><strong>4. Arbuz Truskawkowy<\/strong><\/p>\n<p><strong>5. Szampan z czerwonej brzoskwini<\/strong><\/p>\n<p><strong>6.Niebieski Razz<\/strong><\/p>\n<p><strong>7.L\u00f3d jagodowy<\/strong><\/p>\n<p><strong>8. Mieszane jagody<\/strong><\/p>\n<p><strong>9. Mango z marakui<\/strong><\/p>\n<p><strong>10. Wi\u015bniowy smoczy owoc<img loading=\"lazy\" decoding=\"async\" class=\"alignnone wp-image-8858 size-full\" src=\"https:\/\/pgvape.com\/wp-content\/uploads\/2026\/01\/Solaris-Tequila-Don-Leon1942-30000-Puffs-Disposable-Vape-2-Nicotine-10Taste-Vape-Factory-Wholesale-14.png\" alt=\"\" width=\"1692\" height=\"1800\" srcset=\"https:\/\/pgvape.com\/wp-content\/uploads\/2026\/01\/Solaris-Tequila-Don-Leon1942-30000-Puffs-Disposable-Vape-2-Nicotine-10Taste-Vape-Factory-Wholesale-14.png 1692w, https:\/\/pgvape.com\/wp-content\/uploads\/2026\/01\/Solaris-Tequila-Don-Leon1942-30000-Puffs-Disposable-Vape-2-Nicotine-10Taste-Vape-Factory-Wholesale-14-338x360.png 338w, https:\/\/pgvape.com\/wp-content\/uploads\/2026\/01\/Solaris-Tequila-Don-Leon1942-30000-Puffs-Disposable-Vape-2-Nicotine-10Taste-Vape-Factory-Wholesale-14-595x633.png 595w, https:\/\/pgvape.com\/wp-content\/uploads\/2026\/01\/Solaris-Tequila-Don-Leon1942-30000-Puffs-Disposable-Vape-2-Nicotine-10Taste-Vape-Factory-Wholesale-14-376x400.png 376w, https:\/\/pgvape.com\/wp-content\/uploads\/2026\/01\/Solaris-Tequila-Don-Leon1942-30000-Puffs-Disposable-Vape-2-Nicotine-10Taste-Vape-Factory-Wholesale-14-768x817.png 768w, https:\/\/pgvape.com\/wp-content\/uploads\/2026\/01\/Solaris-Tequila-Don-Leon1942-30000-Puffs-Disposable-Vape-2-Nicotine-10Taste-Vape-Factory-Wholesale-14-1444x1536.png 1444w, https:\/\/pgvape.com\/wp-content\/uploads\/2026\/01\/Solaris-Tequila-Don-Leon1942-30000-Puffs-Disposable-Vape-2-Nicotine-10Taste-Vape-Factory-Wholesale-14-11x12.png 11w, https:\/\/pgvape.com\/wp-content\/uploads\/2026\/01\/Solaris-Tequila-Don-Leon1942-30000-Puffs-Disposable-Vape-2-Nicotine-10Taste-Vape-Factory-Wholesale-14-600x638.png 600w\" sizes=\"auto, (max-width: 1692px) 100vw, 1692px\" \/><\/strong><\/p>\n<p>&nbsp;<\/p>\n<h3><span style=\"font-size: 90%;\">Solaris Tequila Don Leon1942 30000 30K Puffs Jednorazowe wideo Vape<\/span><\/h3>\n<div style=\"width: 1008px;\" class=\"wp-video\"><video class=\"wp-video-shortcode\" id=\"video-8832-1\" width=\"1008\" height=\"720\" preload=\"metadata\" controls=\"controls\"><source type=\"video\/mp4\" src=\"https:\/\/pgvape.com\/wp-content\/uploads\/2026\/01\/Solaris-Champagne-30000-30k-Puffs-Disposable-Vape-2-Nicotine-10Tastes-Vape-Factory-Wholesale-Video.mp4?_=1\" \/><a href=\"https:\/\/pgvape.com\/wp-content\/uploads\/2026\/01\/Solaris-Champagne-30000-30k-Puffs-Disposable-Vape-2-Nicotine-10Tastes-Vape-Factory-Wholesale-Video.mp4\">https:\/\/pgvape.com\/wp-content\/uploads\/2026\/01\/Solaris-Champagne-30000-30k-Puffs-Disposable-Vape-2-Nicotine-10Tastes-Vape-Factory-Wholesale-Video.mp4<\/a><\/video><\/div>\n<p>&nbsp;<\/p>\n<h2><span style=\"font-size: 90%;\">Cz\u0119sto zadawane pytania dotycz\u0105ce Solaris Tequila Don Leon1942 30000 30K Puffs Jednorazowy waporyzator\u00a0<\/span><\/h2>\n<p>\u2753 <strong>Co czyni go wyj\u0105tkowym?<\/strong><br \/>\n\u2705 <strong>Projekt butelki tequili z 1942 roku<\/strong> \u2013 luksusowy wygl\u0105d, doskona\u0142e wyczucie d\u0142oni, natychmiastowy wygl\u0105d na p\u00f3\u0142ce.<\/p>\n<p>\u2753 <strong>Ile zaci\u0105gni\u0119\u0107 na urz\u0105dzenie?<\/strong><br \/>\n\u2705 Ocena fabryczna <strong>30 000 zaci\u0105gni\u0119\u0107<\/strong> \u2013 tygodnie codziennej przyjemno\u015bci.<\/p>\n<p>\u2753 <strong>Czy mo\u017cna go \u0142adowa\u0107?<\/strong><br \/>\n\u2705 <strong>650 mAh<\/strong> bateria + <strong>Typ C<\/strong> port; pe\u0142ne \u0142adowanie w ~30 min.<\/p>\n<p>\u2753 <strong>Jaka cewka jest w \u015brodku?<\/strong><br \/>\n\u2705 <strong>1.2 \u03a9 cewka siatkowa<\/strong> \u2013 g\u0142adka para, zwi\u0119kszona klarowno\u015b\u0107 smaku.<\/p>\n<p>\u2753 <strong>Jak sprawdzi\u0107 stan baterii?<\/strong><br \/>\n\u2705 <strong>Wbudowany wy\u015bwietlacz stanu baterii<\/strong> pokazuje poziom mocy na pierwszy rzut oka.<\/p>\n<p>\u2753 <strong>Jaka moc nikotyny jest dost\u0119pna?<\/strong><br \/>\n\u2705 <strong>2 %<\/strong> \u2013 zr\u00f3wnowa\u017cone, g\u0142adkie uderzenie w gard\u0142o dla codziennych u\u017cytkownik\u00f3w.<\/p>\n<p>\u2753 <strong>Opakowanie gotowe do sprzeda\u017cy detalicznej?<\/strong><br \/>\n\u2705 <strong>10 szt.\/opakowanie<\/strong> \u2013 idealne do luksusowych ekspozycji lub zam\u00f3wie\u0144 masowych.<\/p>\n<p>&nbsp;<\/p>\n<h3 id=\"brxe-najhln\" class=\"brxe-heading\">Cz\u0119sto zadawane pytania (FAQ)<\/h3>\n<div id=\"brxe-rajiac\" class=\"brxe-text\">\n<p><strong>P: Jakie metody p\u0142atno\u015bci akceptujecie?<\/strong><br \/>\nOdp.: Akceptujemy PayPal, Stripe, przelewy bankowe (obs\u0142ugiwane SEPA), g\u0142\u00f3wne karty kredytowe (Visa, MasterCard, American Express) i p\u0142atno\u015bci w kryptowalutach.<\/p>\n<p><strong>P: Jak d\u0142ugo trwa przygotowanie zam\u00f3wienia?<\/strong><br \/>\nOdp.: Przygotowanie zam\u00f3wienia zajmuje 1-3 dni robocze.<\/p>\n<p><strong>P: Jaki jest czas wysy\u0142ki?<\/strong><br \/>\nOdp.: Czas wysy\u0142ki wynosi 7-14 dni roboczych, w zale\u017cno\u015bci od Twojej lokalizacji. Dostawa towar\u00f3w z europejskich magazyn\u00f3w trwa zazwyczaj 3-6 dni roboczych.<\/p>\n<p><strong>P: Jak mog\u0119 \u015bledzi\u0107 moje zam\u00f3wienie?<\/strong><br \/>\nOdp.: Po wysy\u0142ce otrzymasz wiadomo\u015b\u0107 e-mail z potwierdzeniem i numerem przesy\u0142ki umo\u017cliwiaj\u0105cym \u015bledzenie w czasie rzeczywistym.<\/p>\n<p><strong>P: Jaka jest Twoja polityka zwrot\u00f3w?<\/strong><br \/>\nOdp.: Oferujemy 30-dniow\u0105 polityk\u0119 zwrot\u00f3w lub wymiany. .<\/p>\n<p><strong>P: Czy wyst\u0105pi\u0105 jakie\u015b problemy celne?<br \/>\n<\/strong>Obs\u0142ugujemy wszystkie procedury odprawy celnej, aby zapewni\u0107 Ci bezproblemow\u0105 obs\u0142ug\u0119. .<\/p>\n<p><strong>P: Jakie metody wysy\u0142ki s\u0105 stosowane?<\/strong><br \/>\nWsp\u00f3\u0142pracujemy z firmami UPS\/DHL\/FEDEX\/DPD itp. W zale\u017cno\u015bci od kraju dostawy wybierzemy odpowiedni\u0105 opcj\u0119 wysy\u0142ki, tak aby produkty dotar\u0142y do \u200b\u200bPa\u0144stwa najszybciej jak to mo\u017cliwe.<\/p>\n<p><a href=\"https:\/\/pgvape.com\/pl\/czesto-zadawane-pytania\/\">Kliknij tutaj, aby uzyska\u0107 wi\u0119cej cz\u0119sto zadawanych pyta\u0144<\/a><\/p>\n<p>Szanowni klienci, je\u015bli masz jakiekolwiek pytania dotycz\u0105ce zam\u00f3wienia lub przybycia towaru, skontaktuj si\u0119 z naszym dzia\u0142em obs\u0142ugi klienta. Dzi\u0119kuj\u0119!<\/p>\n<h3 data-sourcepos=\"73:1-73:21\"><strong data-sourcepos=\"73:7-73:21\">Skontaktuj si\u0119 z nami<\/strong><\/h3>\n<div id=\"text-2419739398\" class=\"text\">\n<p><strong data-sourcepos=\"75:3-75:12\">E-mail<\/strong>:\u00a0<a href=\"mailto:support@pgvape.com\"><strong>support@pgvape.com<\/strong><\/a><\/p>\n<p><strong data-sourcepos=\"76:3-76:15\">WhatsApp<\/strong>:\u00a0<a href=\"https:\/\/wa.me\/+8618128481258\"><strong>+86 18128481258<\/strong><\/a><br \/>\n<strong>(Odpowied\u017a w ci\u0105gu 24 godzin w dni robocze)<\/strong><\/p>\n<\/div>\n<h3><strong>Dzi\u0119kujemy za wybranie pgvape.com! .<\/strong><\/h3>\n<\/div>","protected":false},"excerpt":{"rendered":"<p><strong data-sourcepos=\"55:1-55:247\">Solaris Tequila Don Leon 1942 30K: Luksusowy jednorazowy waporyzator z 30 000 zaci\u0105gni\u0119\u0107, 24 ml e-liquidu i cewk\u0105 z siatki 1.2\u03a9. Zawiera konstrukcj\u0119 butelki tequili, wy\u015bwietlacz baterii i 10 orze\u017awiaj\u0105cych smak\u00f3w do waporyzacji premium<\/strong><\/p>","protected":false},"featured_media":8835,"comment_status":"open","ping_status":"closed","template":"","meta":{"_seopress_robots_primary_cat":"none","_seopress_titles_title":"","_seopress_titles_desc":"","_seopress_robots_index":""},"product_brand":[516,513],"product_cat":[35,515,512],"product_tag":[566,349,90,59,565],"class_list":{"0":"post-8832","1":"product","2":"type-product","3":"status-publish","4":"has-post-thumbnail","6":"product_brand-disposable-vape","7":"product_brand-solaris-champagne-vape","8":"product_cat-30k-puffs-vape","9":"product_cat-disposable-vape","10":"product_cat-solaris-champagne-vape","11":"product_tag-1942-tequila-bottle-inspired","12":"product_tag-30k-puffs-vape","13":"product_tag-disposable-vape","14":"product_tag-mouth-to-lung-mtl","15":"product_tag-solaris-tequila-don-leon1942","17":"first","18":"instock","19":"sale","20":"shipping-taxable","21":"purchasable","22":"product-type-variable"},"_links":{"self":[{"href":"https:\/\/pgvape.com\/pl\/wp-json\/wp\/v2\/product\/8832","targetHints":{"allow":["GET"]}}],"collection":[{"href":"https:\/\/pgvape.com\/pl\/wp-json\/wp\/v2\/product"}],"about":[{"href":"https:\/\/pgvape.com\/pl\/wp-json\/wp\/v2\/types\/product"}],"replies":[{"embeddable":true,"href":"https:\/\/pgvape.com\/pl\/wp-json\/wp\/v2\/comments?post=8832"}],"wp:featuredmedia":[{"embeddable":true,"href":"https:\/\/pgvape.com\/pl\/wp-json\/wp\/v2\/media\/8835"}],"wp:attachment":[{"href":"https:\/\/pgvape.com\/pl\/wp-json\/wp\/v2\/media?parent=8832"}],"wp:term":[{"taxonomy":"product_brand","embeddable":true,"href":"https:\/\/pgvape.com\/pl\/wp-json\/wp\/v2\/product_brand?post=8832"},{"taxonomy":"product_cat","embeddable":true,"href":"https:\/\/pgvape.com\/pl\/wp-json\/wp\/v2\/product_cat?post=8832"},{"taxonomy":"product_tag","embeddable":true,"href":"https:\/\/pgvape.com\/pl\/wp-json\/wp\/v2\/product_tag?post=8832"}],"curies":[{"name":"wp","href":"https:\/\/api.w.org\/{rel}","templated":true}]}}