{"id":8725,"date":"2026-01-26T12:33:33","date_gmt":"2026-01-26T12:33:33","guid":{"rendered":"https:\/\/pgvape.com\/?post_type=product&#038;p=8725"},"modified":"2026-03-15T13:48:39","modified_gmt":"2026-03-15T13:48:39","slug":"quady-40000-40k-zaciagniec-jednorazowe-vape-2-5nikotyna-regulowany-przeplyw-powietrza-14smak-inteligentny-ekran-dotykowy-vape-fabryka-hurtownia","status":"publish","type":"product","link":"https:\/\/pgvape.com\/pl\/produkt\/quady-40000-40k-zaciagniec-jednorazowe-vape-2-5nikotyna-regulowany-przeplyw-powietrza-14smak-inteligentny-ekran-dotykowy-vape-fabryka-hurtownia\/","title":{"rendered":"ATVS 40000 40K Puffs Jednorazowy Vape 2% 5%Nikotyna Regulowany przep\u0142yw powietrza 14Taste Inteligentny Ekran Dotykowy Vape Fabryka Hurtowa"},"content":{"rendered":"<p><strong data-sourcepos=\"2:5-2:30\">Vape ATVS 40000<\/strong> Dostarcza An <strong data-sourcepos=\"2:43-2:76\">Wyj\u0105tkowe do\u015bwiadczenie wapowania<\/strong> Z <strong data-sourcepos=\"2:82-2:104\">Do 40 000 zaci\u0105gni\u0119\u0107<\/strong> i A <strong data-sourcepos=\"2:111-2:137\">Pojemno\u015b\u0107 35 ml e-p\u0142ynu<\/strong>, Idealny dla u\u017cytkownik\u00f3w, kt\u00f3rzy chc\u0105 <strong data-sourcepos=\"2:166-2:192\">D\u0142ugotrwa\u0142a przyjemno\u015b\u0107<\/strong> Bez cz\u0119stych uzupe\u0142nie\u0144. <strong data-sourcepos=\"2:231-2:261\">Opcje nikotyny 2% i 5%<\/strong>, Catering Dla Obu <strong data-sourcepos=\"2:280-2:320\">U\u017cytkownicy o umiarkowanych i silnych preferencjach<\/strong>. <strong data-sourcepos=\"2:326-2:357\">Akumulator 750 mAh<\/strong> Zapewnia <strong data-sourcepos=\"2:367-2:385\">Niezawodna moc<\/strong>, Chwila <strong data-sourcepos=\"2:393-2:417\">Szybkie \u0142adowanie typu C<\/strong> Zapewnia szybkie \u0142adowanie. <strong data-sourcepos=\"2:457-2:491\">Podw\u00f3jne cewki siatkowe (0,4 \u03a9 \/ 0,48 \u03a9)<\/strong>, Produkuje <strong data-sourcepos=\"2:505-2:530\">Bogata, aromatyczna para<\/strong> I <strong data-sourcepos=\"2:535-2:550\">G\u0142adkie hity<\/strong>. <strong data-sourcepos=\"2:556-2:578\">Regulowany przep\u0142yw powietrza<\/strong> Umo\u017cliwia dostosowanie dla <strong data-sourcepos=\"2:604-2:626\">Style MTL i DTL<\/strong>, I <strong data-sourcepos=\"2:636-2:658\">Inteligentny ekran dotykowy<\/strong> Wy\u015bwietla <strong data-sourcepos=\"2:668-2:709\">Poziomy e-p\u0142ynu i baterii w czasie rzeczywistym<\/strong>.<\/p>\n<p>&nbsp;<\/p>\n<h2><span style=\"font-size: 90%;\">Specyfikacja jednorazowego waporyzatora ATVS 40000 40K Puffs<\/span><\/h2>\n<p><strong data-sourcepos=\"7:3-7:24\">Si\u0142a nikotyny<\/strong>:\u00a0<strong data-sourcepos=\"7:26-7:37\">2% \/ 5%<\/strong><\/p>\n<p><strong data-sourcepos=\"8:3-8:17\">Liczba puf\u00f3w<\/strong>:\u00a0<strong data-sourcepos=\"8:19-8:41\">Do 40 000 zaci\u0105gni\u0119\u0107<\/strong><\/p>\n<p><strong data-sourcepos=\"9:3-9:24\">Pojemno\u015b\u0107 e-cieczy<\/strong>:\u00a0<strong data-sourcepos=\"9:26-9:34\">35ml<\/strong><\/p>\n<p><strong data-sourcepos=\"10:3-10:23\">Pojemno\u015b\u0107 baterii<\/strong>:\u00a0<strong data-sourcepos=\"10:25-10:48\">Akumulator 750 mAh<\/strong><\/p>\n<p><strong data-sourcepos=\"11:3-11:16\">Typ cewki<\/strong>:\u00a0<strong data-sourcepos=\"11:18-11:49\">Podw\u00f3jna cewka siatkowa 0,4 \u03a9 \/ 0,48 \u03a9<\/strong><\/p>\n<p><strong data-sourcepos=\"12:3-12:22\">Kontrola przep\u0142ywu powietrza<\/strong>:\u00a0<strong data-sourcepos=\"12:24-12:38\">Nastawny<\/strong><\/p>\n<p><strong data-sourcepos=\"13:3-13:14\">Wy\u015bwietlacz<\/strong>:\u00a0<strong data-sourcepos=\"13:16-13:38\">Inteligentny ekran dotykowy<\/strong><\/p>\n<p><strong data-sourcepos=\"14:3-14:20\">Port \u0142adowania<\/strong>:\u00a0<strong data-sourcepos=\"14:22-14:47\">Szybkie \u0142adowanie typu C<\/strong><\/p>\n<p><strong data-sourcepos=\"15:3-15:16\">Opakowanie<\/strong>:\u00a0<strong data-sourcepos=\"15:18-15:35\">10 szt.\/opak<\/strong><\/p>\n<p><strong data-sourcepos=\"16:3-16:21\">Opcje smakowe<\/strong>:\u00a0<strong data-sourcepos=\"16:23-16:46\">14 r\u00f3\u017cnych smak\u00f3w<\/strong><\/p>\n<p>&nbsp;<\/p>\n<h3><span style=\"font-size: 90%;\">ATVS 40000 40K Puffs Lista smak\u00f3w jednorazowego waporyzatora<\/span><\/h3>\n<p><strong data-sourcepos=\"21:4-21:22\">1.L\u00f3d truskawkowy<\/strong><\/p>\n<p><strong data-sourcepos=\"22:4-22:18\">2. L\u00f3d liczi<\/strong><\/p>\n<p><strong data-sourcepos=\"23:4-23:29\">3. Arbuz Truskawkowy<\/strong><\/p>\n<p><strong data-sourcepos=\"24:4-24:16\">4. L\u00f3d z Col\u0105<\/strong><\/p>\n<p><strong data-sourcepos=\"25:4-25:16\">5. L\u00f3d Taro<\/strong><\/p>\n<p><strong data-sourcepos=\"26:4-26:22\">6.L\u00f3d kantalupowy<\/strong><\/p>\n<p><strong data-sourcepos=\"27:4-27:17\">7. Brzoskwiniowy l\u00f3d<\/strong><\/p>\n<p><strong data-sourcepos=\"28:4-28:25\">8.Bananowo-pomara\u0144czowy l\u00f3d<\/strong><\/p>\n<p><strong data-sourcepos=\"29:4-29:17\">9. L\u00f3d jab\u0142kowy<\/strong><\/p>\n<p><strong data-sourcepos=\"30:5-30:19\">10. Cytryna Limonka<\/strong><\/p>\n<p><strong data-sourcepos=\"31:5-31:23\">11.L\u00f3d arbuzowy<\/strong><\/p>\n<p><strong data-sourcepos=\"32:5-32:18\">12. L\u00f3d winogronowy<\/strong><\/p>\n<p><strong data-sourcepos=\"33:5-33:22\">13.L\u00f3d jagodowy<\/strong><\/p>\n<p><strong data-sourcepos=\"34:5-34:18\">14. L\u00f3d z gujawy<\/strong><\/p>\n<p>&nbsp;<\/p>\n<h2 class=\"header-vfC6AV auto-hide-last-sibling-br\"><span style=\"font-size: 90%;\">Cz\u0119sto zadawane pytania dotycz\u0105ce jednorazowego waporyzatora ATVS 40000 40K Puffs<\/span><\/h2>\n<p>\u2753 <strong class=\"\">Ile zaci\u0105gni\u0119\u0107 na urz\u0105dzenie?<\/strong><br \/>\n\u2705 Ocena fabryczna <strong>40 000 zaci\u0105gni\u0119\u0107<\/strong>\u2014 tygodnie intensywnego u\u017cytkowania.<\/p>\n<p>\u2753 <strong>Czy mo\u017cna go \u0142adowa\u0107?<\/strong><br \/>\n\u2705 <strong>750 mAh<\/strong> bateria + <strong>Typ C<\/strong> port; pe\u0142ne \u0142adowanie w ~30 min.<\/p>\n<p>\u2753 <strong class=\"\">Jaka technologia cewek jest stosowana?<\/strong><br \/>\n\u2705 <strong>Podw\u00f3jne cewki siatkowe (0,4 \u03a9 \/ 0,48 \u03a9)<\/strong>\u2014szybsze nagrzewanie, g\u0119stsza para, bogatszy smak.<\/p>\n<p>\u2753 <strong class=\"\">Czy mog\u0119 dostosowa\u0107 losowanie?<\/strong><br \/>\n\u2705 <strong>Regulowany przep\u0142yw powietrza<\/strong>\u2014 prze\u0142\u0105cza\u0107 si\u0119 pomi\u0119dzy <strong>ciasne MTL<\/strong> I <strong class=\"\">przewiewny DTL<\/strong> natychmiast.<\/p>\n<p>\u2753 <strong class=\"\">Jakie moce nikotyny s\u0105 oferowane?<\/strong><br \/>\n\u2705 <strong>2 %<\/strong> umiarkowany lub <strong>5 %<\/strong> mocny \u2014 wybierz sw\u00f3j hit.<\/p>\n<p>\u2753 <strong class=\"\">Jak monitorowa\u0107 bateri\u0119 lub sok?<\/strong><br \/>\n\u2705 <strong>Inteligentny ekran dotykowy<\/strong> wida\u0107 <strong>poziom e-p\u0142ynu i baterii w czasie rzeczywistym<\/strong>.<\/p>\n<p>\u2753 <strong class=\"\">Opakowanie gotowe do sprzeda\u017cy detalicznej?<\/strong><br \/>\n\u2705 <strong>10 szt.\/opak<\/strong>\u2014 idealne do dystrybucji na p\u00f3\u0142kach lub masowo.<\/p>\n<p>&nbsp;<\/p>\n<h3 id=\"brxe-najhln\" class=\"brxe-heading\">Cz\u0119sto zadawane pytania (FAQ)<\/h3>\n<div id=\"brxe-rajiac\" class=\"brxe-text\">\n<p><strong>P: Jakie metody p\u0142atno\u015bci akceptujecie?<\/strong><br \/>\nOdp.: Akceptujemy PayPal, Stripe, przelewy bankowe (obs\u0142ugiwane SEPA), g\u0142\u00f3wne karty kredytowe (Visa, MasterCard, American Express) i p\u0142atno\u015bci w kryptowalutach.<\/p>\n<p><strong>P: Jak d\u0142ugo trwa przygotowanie zam\u00f3wienia?<\/strong><br \/>\nOdp.: Przygotowanie zam\u00f3wienia zajmuje 1-3 dni robocze.<\/p>\n<p><strong>P: Jaki jest czas wysy\u0142ki?<\/strong><br \/>\nOdp.: Czas wysy\u0142ki wynosi 7-14 dni roboczych, w zale\u017cno\u015bci od Twojej lokalizacji.<\/p>\n<p><strong>P: Jak mog\u0119 \u015bledzi\u0107 moje zam\u00f3wienie?<\/strong><br \/>\nOdp.: Po wysy\u0142ce otrzymasz wiadomo\u015b\u0107 e-mail z potwierdzeniem i numerem przesy\u0142ki umo\u017cliwiaj\u0105cym \u015bledzenie w czasie rzeczywistym.<\/p>\n<p><strong>P: Jaka jest Twoja polityka zwrot\u00f3w?<\/strong><br \/>\nOdp.: Oferujemy 30-dniow\u0105 polityk\u0119 zwrot\u00f3w lub wymiany. .<\/p>\n<p><strong>P: Czy wyst\u0105pi\u0105 jakie\u015b problemy celne?<br \/>\n<\/strong>Obs\u0142ugujemy wszystkie procedury odprawy celnej, aby zapewni\u0107 Ci bezproblemow\u0105 obs\u0142ug\u0119. .<\/p>\n<p><strong>P: Jakie metody wysy\u0142ki s\u0105 stosowane?<\/strong><br \/>\nWsp\u00f3\u0142pracujemy z firmami UPS\/DHL\/FEDEX\/DPD itp. W zale\u017cno\u015bci od kraju dostawy wybierzemy odpowiedni\u0105 opcj\u0119 wysy\u0142ki, tak aby produkty dotar\u0142y do \u200b\u200bPa\u0144stwa najszybciej jak to mo\u017cliwe.<\/p>\n<p><a href=\"https:\/\/pgvape.com\/pl\/czesto-zadawane-pytania\/\">Kliknij tutaj, aby uzyska\u0107 wi\u0119cej cz\u0119sto zadawanych pyta\u0144<\/a><\/p>\n<p>Szanowni klienci, je\u015bli masz jakiekolwiek pytania dotycz\u0105ce zam\u00f3wienia lub przybycia towaru, skontaktuj si\u0119 z naszym dzia\u0142em obs\u0142ugi klienta. Dzi\u0119kuj\u0119!<\/p>\n<h3 data-sourcepos=\"73:1-73:21\"><strong data-sourcepos=\"73:7-73:21\">Skontaktuj si\u0119 z nami<\/strong><\/h3>\n<div id=\"text-2419739398\" class=\"text\">\n<p><strong data-sourcepos=\"75:3-75:12\">E-mail<\/strong>:\u00a0<a href=\"mailto:support@pgvape.com\"><strong>support@pgvape.com<\/strong><\/a><\/p>\n<p><strong data-sourcepos=\"76:3-76:15\">WhatsApp<\/strong>:\u00a0<a href=\"https:\/\/wa.me\/+8618128481258\"><strong>+86 18128481258<\/strong><\/a><br \/>\n<strong>(Odpowied\u017a w ci\u0105gu 24 godzin w dni robocze)<\/strong><\/p>\n<\/div>\n<h3><strong>Dzi\u0119kujemy za wybranie pgvape.com! .<\/strong><\/h3>\n<\/div>","protected":false},"excerpt":{"rendered":"<p><strong data-sourcepos=\"60:5-60:30\">Vape ATVS 40000<\/strong> Oferty <strong data-sourcepos=\"60:38-60:66\">D\u0142ugotrwa\u0142a wydajno\u015b\u0107<\/strong> Z <strong data-sourcepos=\"60:72-60:88\">40 000 zaci\u0105gni\u0119\u0107<\/strong>, <strong data-sourcepos=\"60:90-60:107\">35 ml e-p\u0142ynu<\/strong>, I <strong data-sourcepos=\"60:113-60:132\">Podw\u00f3jne cewki siatkowe<\/strong>. <strong data-sourcepos=\"60:144-60:166\">Regulowany przep\u0142yw powietrza<\/strong>, <strong data-sourcepos=\"60:168-60:190\">Inteligentny ekran dotykowy<\/strong>, I <strong data-sourcepos=\"60:196-60:215\">\u0141adowanie typu C<\/strong>, Jest idealny dla <strong data-sourcepos=\"60:234-60:268\">Aromatyczny, konfigurowalny Vaping<\/strong>. <strong data-sourcepos=\"60:283-60:297\">14 smak\u00f3w<\/strong> I <strong data-sourcepos=\"60:302-60:330\">Opcje nikotyny 2% \/ 5%<\/strong>.<\/p>","protected":false},"featured_media":8729,"comment_status":"open","ping_status":"closed","template":"","meta":{"_seopress_robots_primary_cat":"","_seopress_titles_title":"","_seopress_titles_desc":"","_seopress_robots_index":""},"product_brand":[261,516],"product_cat":[103,260,515],"product_tag":[413,135,563,90,257,564],"class_list":{"0":"post-8725","1":"product","2":"type-product","3":"status-publish","4":"has-post-thumbnail","6":"product_brand-atvs-vape","7":"product_brand-disposable-vape","8":"product_cat-40k-puffs-vape","9":"product_cat-atvs-vape","10":"product_cat-disposable-vape","11":"product_tag-40k-puffs-vape","12":"product_tag-adjustable-airflow","13":"product_tag-atvs-40000","14":"product_tag-disposable-vape","15":"product_tag-dual-mesh-coil","16":"product_tag-smart-touch-screen","18":"first","19":"instock","20":"sale","21":"shipping-taxable","22":"purchasable","23":"product-type-variable"},"_links":{"self":[{"href":"https:\/\/pgvape.com\/pl\/wp-json\/wp\/v2\/product\/8725","targetHints":{"allow":["GET"]}}],"collection":[{"href":"https:\/\/pgvape.com\/pl\/wp-json\/wp\/v2\/product"}],"about":[{"href":"https:\/\/pgvape.com\/pl\/wp-json\/wp\/v2\/types\/product"}],"replies":[{"embeddable":true,"href":"https:\/\/pgvape.com\/pl\/wp-json\/wp\/v2\/comments?post=8725"}],"wp:featuredmedia":[{"embeddable":true,"href":"https:\/\/pgvape.com\/pl\/wp-json\/wp\/v2\/media\/8729"}],"wp:attachment":[{"href":"https:\/\/pgvape.com\/pl\/wp-json\/wp\/v2\/media?parent=8725"}],"wp:term":[{"taxonomy":"product_brand","embeddable":true,"href":"https:\/\/pgvape.com\/pl\/wp-json\/wp\/v2\/product_brand?post=8725"},{"taxonomy":"product_cat","embeddable":true,"href":"https:\/\/pgvape.com\/pl\/wp-json\/wp\/v2\/product_cat?post=8725"},{"taxonomy":"product_tag","embeddable":true,"href":"https:\/\/pgvape.com\/pl\/wp-json\/wp\/v2\/product_tag?post=8725"}],"curies":[{"name":"wp","href":"https:\/\/api.w.org\/{rel}","templated":true}]}}