{"id":8695,"date":"2026-01-26T09:22:26","date_gmt":"2026-01-26T09:22:26","guid":{"rendered":"https:\/\/pgvape.com\/?post_type=product&#038;p=8695"},"modified":"2026-03-15T14:05:19","modified_gmt":"2026-03-15T14:05:19","slug":"airmez-lux-60000-60k-zaciagniec-jednorazowe-vape-0-2-3-5-nikotyna-regulowany-przeplyw-powietrza-10-smak-inteligentny-ekran-vape-fabryka-hurtownia","status":"publish","type":"product","link":"https:\/\/pgvape.com\/pl\/produkt\/airmez-lux-60000-60k-zaciagniec-jednorazowe-vape-0-2-3-5-nikotyna-regulowany-przeplyw-powietrza-10-smak-inteligentny-ekran-vape-fabryka-hurtownia\/","title":{"rendered":"Airmez lux 60000 60k Puffs Jednorazowy Vape 0% 2% 3% 5%Nikotyna Regulowany przep\u0142yw powietrza 10Smak Inteligentny ekran Vape Fabryka hurtownia"},"content":{"rendered":"<p><strong data-sourcepos=\"4:5-4:25\">AIRMEZ LUX 60000<\/strong> na nowo definiuje waporyzacj\u0119 jednorazowego u\u017cytku <strong data-sourcepos=\"4:63-4:93\">przezroczysty kryszta\u0142<\/strong>, umo\u017cliwiaj\u0105c u\u017cytkownikom <strong data-sourcepos=\"4:113-4:149\">wizualnie monitoruj poziom e-liquidu<\/strong>\u2014 funkcja bardziej intuicyjna ni\u017c tradycyjne wy\u015bwietlacze ekranowe. <strong data-sourcepos=\"4:224-4:253\">60 000 ultrag\u0142adkich zaci\u0105gni\u0119\u0107<\/strong>, \u0142\u0105czy w sobie A <strong data-sourcepos=\"4:269-4:295\">Pojemno\u015b\u0107 e-liquidu 30 ml<\/strong> z <strong data-sourcepos=\"4:303-4:334\">Akumulator o pojemno\u015bci 650 mAh<\/strong> I <strong data-sourcepos=\"4:339-4:363\">Szybkie \u0142adowanie typu C<\/strong>, zapewnienie <strong data-sourcepos=\"4:374-4:404\">tygodnie nieprzerwanego u\u017cytkowania<\/strong>. <strong data-sourcepos=\"4:410-4:434\">podw\u00f3jne cewki siatkowe 1,0 \u03a9<\/strong> dostarcza\u0107 <strong data-sourcepos=\"4:443-4:458\">bogaty smak<\/strong> I <strong data-sourcepos=\"4:463-4:478\">g\u0119sta para<\/strong>, podczas gdy <strong data-sourcepos=\"4:490-4:512\">regulowany przep\u0142yw powietrza<\/strong> obs\u0142uguje zar\u00f3wno preferencje MTL, jak i RDL.<\/p>\n<p>&nbsp;<\/p>\n<h2><span style=\"font-size: 90%;\">Specyfikacja jednorazowego waporyzatora Airmez lux 60000 60k Puffs<\/span><\/h2>\n<p><strong data-sourcepos=\"9:3-9:17\">Liczba puf\u00f3w<\/strong>: 60 000 zaci\u0105gni\u0119\u0107 (najwi\u0119ksza w bran\u017cy trwa\u0142o\u015b\u0107)<\/p>\n<p><strong data-sourcepos=\"10:3-10:15\">E-ciecz<\/strong>: 30 ml wst\u0119pnie nape\u0142nione (mo\u017cliwo\u015b\u0107 ponownego nape\u0142nienia w przypadku d\u0142ugotrwa\u0142ego u\u017cytkowania)<\/p>\n<p><strong data-sourcepos=\"11:3-11:15\">Nikotyna<\/strong>: Opcje 0%\/2%\/3%\/5% (odpowiednie dla wszystkich u\u017cytkownik\u00f3w)<\/p>\n<p><strong data-sourcepos=\"12:3-12:14\">Bateria<\/strong>: Akumulator 650 mAh (\u0142adowanie typu C trwa ~45\u201360 minut)<\/p>\n<p><strong data-sourcepos=\"13:3-13:11\">Cewka<\/strong>: Podw\u00f3jne cewki siatkowe 1,0 \u03a9 (zero suchych uderze\u0144, sp\u00f3jny smak)<\/p>\n<p><strong data-sourcepos=\"14:3-14:14\">Wy\u015bwietlacz<\/strong>: Inteligentny ekran (monitorowanie baterii i e-liquidu w czasie rzeczywistym)<\/p>\n<p><strong data-sourcepos=\"15:3-15:13\">Projekt<\/strong>: Przezroczysta g\u00f3rna nasadka + ergonomiczny zaokr\u0105glony korpus (110g)<\/p>\n<p><strong data-sourcepos=\"16:3-16:16\">Opakowanie<\/strong>: 10 sztuk\/pud\u0142o, 200 sztuk\/ctn (waga brutto 22,5 kg)<\/p>\n<p>&nbsp;<\/p>\n<h3><span style=\"font-size: 90%;\">Airmez lux 60000 60 tys. Puff\u00f3w Jednorazowa lista smak\u00f3w Vape<\/span><\/h3>\n<p><strong>1.L\u00f3d truskawkowy<\/strong><\/p>\n<p><strong class=\"\">2. L\u00f3d arbuzowy<\/strong><\/p>\n<p><strong>3. Mieszane jagody<\/strong><\/p>\n<p><strong>4. Kiwi z marakui<\/strong><\/p>\n<p><strong>5. Doktor Niebieski<\/strong><\/p>\n<p><strong>6. Mi\u0142o\u015b\u0107 66<\/strong><\/p>\n<p><strong>7.Potr\u00f3jne mango<\/strong><\/p>\n<p><strong class=\"\">8. Wi\u015bniowa Cola<\/strong><\/p>\n<p><strong>9.Zauroczenie w bingo<\/strong><\/p>\n<p><strong>10. R\u00f3\u017cowa lemoniada<img loading=\"lazy\" decoding=\"async\" class=\"alignnone wp-image-8714 size-full\" src=\"https:\/\/pgvape.com\/wp-content\/uploads\/2026\/01\/Airmez-lux60000-60k-Puffs-Disposable-Vape-Flavor-List.png\" alt=\"\" width=\"2000\" height=\"1200\" srcset=\"https:\/\/pgvape.com\/wp-content\/uploads\/2026\/01\/Airmez-lux60000-60k-Puffs-Disposable-Vape-Flavor-List.png 2000w, https:\/\/pgvape.com\/wp-content\/uploads\/2026\/01\/Airmez-lux60000-60k-Puffs-Disposable-Vape-Flavor-List-555x333.png 555w, https:\/\/pgvape.com\/wp-content\/uploads\/2026\/01\/Airmez-lux60000-60k-Puffs-Disposable-Vape-Flavor-List-595x357.png 595w, https:\/\/pgvape.com\/wp-content\/uploads\/2026\/01\/Airmez-lux60000-60k-Puffs-Disposable-Vape-Flavor-List-400x240.png 400w, https:\/\/pgvape.com\/wp-content\/uploads\/2026\/01\/Airmez-lux60000-60k-Puffs-Disposable-Vape-Flavor-List-768x461.png 768w, https:\/\/pgvape.com\/wp-content\/uploads\/2026\/01\/Airmez-lux60000-60k-Puffs-Disposable-Vape-Flavor-List-1536x922.png 1536w, https:\/\/pgvape.com\/wp-content\/uploads\/2026\/01\/Airmez-lux60000-60k-Puffs-Disposable-Vape-Flavor-List-18x12.png 18w, https:\/\/pgvape.com\/wp-content\/uploads\/2026\/01\/Airmez-lux60000-60k-Puffs-Disposable-Vape-Flavor-List-600x360.png 600w\" sizes=\"auto, (max-width: 2000px) 100vw, 2000px\" \/><\/strong><\/p>\n<p>&nbsp;<\/p>\n<h2 class=\"header-vfC6AV auto-hide-last-sibling-br\"><span style=\"font-size: 90%;\">Cz\u0119sto zadawane pytania dotycz\u0105ce jednorazowego waporyzatora Airmez lux 60000 60k Puffs<\/span><\/h2>\n<p>\u2753 <strong>Co czyni go wyj\u0105tkowym?<\/strong><br \/>\n\u2705 <strong>Przezroczysty kryszta\u0142owy korpus<\/strong> \u2013 <strong>zobacz bezpo\u015brednio poziom e-liquidu<\/strong>, bardziej wiarygodne ni\u017c same dane ekranowe.<\/p>\n<p>\u2753 <strong>Czym r\u00f3\u017cni si\u0119 od zwyk\u0142ych jednorazowych?<\/strong><br \/>\n\u2705 <strong>Zbiornik o pojemno\u015bci 30 ml z mo\u017cliwo\u015bci\u0105 ponownego nape\u0142nienia<\/strong> + <strong>Mo\u017cliwo\u015b\u0107 \u0142adowania typu C<\/strong> \u2013 u\u017cywaj do ko\u0144ca \u017cywotno\u015bci cewki, a nie tylko baterii.<\/p>\n<p>\u2753 <strong class=\"\">Ile zaci\u0105gni\u0119\u0107?<\/strong><br \/>\n\u2705 Testowany laboratoryjnie <strong>60 000 zaci\u0105gni\u0119\u0107<\/strong> \u2013 rzeczywista liczba zmienia si\u0119 w zale\u017cno\u015bci od si\u0142y naci\u0105gu.<\/p>\n<p>\u2753 <strong>Czy mog\u0119 zmieni\u0107 smak?<\/strong><br \/>\n\u2705 <strong>NIE<\/strong> \u2013 ka\u017cde urz\u0105dzenie jest <strong>jednosmakowy<\/strong>; uzupe\u0142nienie o tym samym smaku, aby przed\u0142u\u017cy\u0107 \u017cywotno\u015b\u0107 cewki.<\/p>\n<p>\u2753 <strong>Czy mo\u017cna go \u0142adowa\u0107?<\/strong><br \/>\n\u2705 <strong>650 mAh<\/strong> bateria + <strong>Typ C<\/strong>; <strong>45-60 minut<\/strong> pe\u0142ne na\u0142adowanie.<\/p>\n<p>\u2753 <strong class=\"\">Czy ma ekran?<\/strong><br \/>\n\u2705 <strong>Inteligentny wy\u015bwietlacz<\/strong> wida\u0107 <strong>akumulator %<\/strong> I <strong>poziom e-p\u0142ynu<\/strong>.<\/p>\n<p>\u2753 <strong>Jakie mocne strony nikotyny?<\/strong><br \/>\n\u2705 <strong>0 %, 2 %, 3 %, 5 %<\/strong> \u2013 pocz\u0105tkuj\u0105cy: 2-3 %, do\u015bwiadczeni: 5 %, tylko smakowici: 0 %.<\/p>\n<p>\u2753 <strong>Czy mo\u017cna go ponownie nape\u0142ni\u0107?<\/strong><br \/>\n\u2705 <strong>Tak<\/strong> \u2013 <strong>konstrukcja wielokrotnego nape\u0142niania<\/strong>; dodaj e-liquid, gdy jest go ma\u0142o.<\/p>\n<p>\u2753 <strong>Czy para jest g\u0142adka?<\/strong><br \/>\n\u2705 <strong>Podw\u00f3jne cewki siatkowe 1,0 \u03a9<\/strong> dostarcza\u0107 <strong>bogaty, g\u0142adki, bezwonny<\/strong> para.<\/p>\n<p>\u2753 <strong>Przyjazny dla pocz\u0105tkuj\u0105cych?<\/strong><br \/>\n\u2705 <strong>Aktywowano losowanie<\/strong>, <strong>brak konfiguracji<\/strong>, <strong>inteligentny wy\u015bwietlacz<\/strong> \u2013 gotowy do wapowania po wyj\u0119ciu z pude\u0142ka.<\/p>\n<p>&nbsp;<\/p>\n<h3 id=\"brxe-najhln\" class=\"brxe-heading\">Cz\u0119sto zadawane pytania (FAQ)<\/h3>\n<div id=\"brxe-rajiac\" class=\"brxe-text\">\n<p><strong>P: Jakie metody p\u0142atno\u015bci akceptujecie?<\/strong><br \/>\nOdp.: Akceptujemy PayPal, Stripe, przelewy bankowe (obs\u0142ugiwane SEPA), g\u0142\u00f3wne karty kredytowe (Visa, MasterCard, American Express) i p\u0142atno\u015bci w kryptowalutach.<\/p>\n<p><strong>P: Jak d\u0142ugo trwa przygotowanie zam\u00f3wienia?<\/strong><br \/>\nOdp.: Przygotowanie zam\u00f3wienia zajmuje 1-3 dni robocze.<\/p>\n<p><strong>P: Jaki jest czas wysy\u0142ki?<\/strong><br \/>\nOdp.: Czas wysy\u0142ki wynosi 7-14 dni roboczych, w zale\u017cno\u015bci od Twojej lokalizacji.<\/p>\n<p><strong>P: Jak mog\u0119 \u015bledzi\u0107 moje zam\u00f3wienie?<\/strong><br \/>\nOdp.: Po wysy\u0142ce otrzymasz wiadomo\u015b\u0107 e-mail z potwierdzeniem i numerem przesy\u0142ki umo\u017cliwiaj\u0105cym \u015bledzenie w czasie rzeczywistym.<\/p>\n<p><strong>P: Jaka jest Twoja polityka zwrot\u00f3w?<\/strong><br \/>\nOdp.: Oferujemy 30-dniow\u0105 polityk\u0119 zwrot\u00f3w lub wymiany. .<\/p>\n<p><strong>P: Czy wyst\u0105pi\u0105 jakie\u015b problemy celne?<br \/>\n<\/strong>Obs\u0142ugujemy wszystkie procedury odprawy celnej, aby zapewni\u0107 Ci bezproblemow\u0105 obs\u0142ug\u0119. .<\/p>\n<p><strong>P: Jakie metody wysy\u0142ki s\u0105 stosowane?<\/strong><br \/>\nWsp\u00f3\u0142pracujemy z firmami UPS\/DHL\/FEDEX\/DPD itp. W zale\u017cno\u015bci od kraju dostawy wybierzemy odpowiedni\u0105 opcj\u0119 wysy\u0142ki, tak aby produkty dotar\u0142y do \u200b\u200bPa\u0144stwa najszybciej jak to mo\u017cliwe.<\/p>\n<p><a href=\"https:\/\/pgvape.com\/pl\/czesto-zadawane-pytania\/\">Kliknij tutaj, aby uzyska\u0107 wi\u0119cej cz\u0119sto zadawanych pyta\u0144<\/a><\/p>\n<p>Szanowni klienci, je\u015bli masz jakiekolwiek pytania dotycz\u0105ce zam\u00f3wienia lub przybycia towaru, skontaktuj si\u0119 z naszym dzia\u0142em obs\u0142ugi klienta. Dzi\u0119kuj\u0119!<\/p>\n<h3 data-sourcepos=\"73:1-73:21\"><strong data-sourcepos=\"73:7-73:21\">Skontaktuj si\u0119 z nami<\/strong><\/h3>\n<div id=\"text-2419739398\" class=\"text\">\n<p><strong data-sourcepos=\"75:3-75:12\">E-mail<\/strong>:\u00a0<a href=\"mailto:support@pgvape.com\"><strong>support@pgvape.com<\/strong><\/a><\/p>\n<p><strong data-sourcepos=\"76:3-76:15\">WhatsApp<\/strong>:\u00a0<a href=\"https:\/\/wa.me\/+8618128481258\"><strong>+86 18128481258<\/strong><\/a><br \/>\n<strong>(Odpowied\u017a w ci\u0105gu 24 godzin w dni robocze)<\/strong><\/p>\n<\/div>\n<h3><strong>Dzi\u0119kujemy za wybranie pgvape.com! .<\/strong><\/h3>\n<\/div>","protected":false},"excerpt":{"rendered":"<p><strong>AIRMEZ LUX 60K<\/strong> \u2013 <strong>60 tys. zaci\u0105gni\u0119\u0107<\/strong>, <strong>Mo\u017cliwo\u015b\u0107 ponownego nape\u0142nienia 30ml<\/strong>, <strong>krystalicznie czyste cia\u0142o<\/strong>, <strong>podw\u00f3jna siatka<\/strong>, <strong>regulowany przep\u0142yw powietrza<\/strong>, <strong>inteligentny ekran<\/strong>.<strong class=\"\">Zobacz sw\u00f3j sok, posmakuj czysto\u015bci, wapuj przez miesi\u0105ce.<\/strong><\/p>","protected":false},"featured_media":8711,"comment_status":"open","ping_status":"closed","template":"","meta":{"_seopress_robots_primary_cat":"","_seopress_titles_title":"","_seopress_titles_desc":"","_seopress_robots_index":""},"product_brand":[154,516],"product_cat":[48,155,515],"product_tag":[315,135,561,90,59,136,562],"class_list":{"0":"post-8695","1":"product","2":"type-product","3":"status-publish","4":"has-post-thumbnail","6":"product_brand-airmez-fox-vape","7":"product_brand-disposable-vape","8":"product_cat-60k-puffs-vape","9":"product_cat-airmez-fox-vape","10":"product_cat-disposable-vape","11":"product_tag-60k-puffs-vape","12":"product_tag-adjustable-airflow","13":"product_tag-airmez-lux-60000","14":"product_tag-disposable-vape","15":"product_tag-mouth-to-lung-mtl","16":"product_tag-smart-screen","17":"product_tag-transparent-oil-tank","19":"first","20":"instock","21":"sale","22":"shipping-taxable","23":"purchasable","24":"product-type-variable"},"_links":{"self":[{"href":"https:\/\/pgvape.com\/pl\/wp-json\/wp\/v2\/product\/8695","targetHints":{"allow":["GET"]}}],"collection":[{"href":"https:\/\/pgvape.com\/pl\/wp-json\/wp\/v2\/product"}],"about":[{"href":"https:\/\/pgvape.com\/pl\/wp-json\/wp\/v2\/types\/product"}],"replies":[{"embeddable":true,"href":"https:\/\/pgvape.com\/pl\/wp-json\/wp\/v2\/comments?post=8695"}],"wp:featuredmedia":[{"embeddable":true,"href":"https:\/\/pgvape.com\/pl\/wp-json\/wp\/v2\/media\/8711"}],"wp:attachment":[{"href":"https:\/\/pgvape.com\/pl\/wp-json\/wp\/v2\/media?parent=8695"}],"wp:term":[{"taxonomy":"product_brand","embeddable":true,"href":"https:\/\/pgvape.com\/pl\/wp-json\/wp\/v2\/product_brand?post=8695"},{"taxonomy":"product_cat","embeddable":true,"href":"https:\/\/pgvape.com\/pl\/wp-json\/wp\/v2\/product_cat?post=8695"},{"taxonomy":"product_tag","embeddable":true,"href":"https:\/\/pgvape.com\/pl\/wp-json\/wp\/v2\/product_tag?post=8695"}],"curies":[{"name":"wp","href":"https:\/\/api.w.org\/{rel}","templated":true}]}}