{"id":8666,"date":"2026-01-24T09:07:42","date_gmt":"2026-01-24T09:07:42","guid":{"rendered":"https:\/\/pgvape.com\/?post_type=product&#038;p=8666"},"modified":"2026-03-15T13:48:39","modified_gmt":"2026-03-15T13:48:39","slug":"fihp-90k-puffs-90000-3-w-1-potrojne-smaki-jednorazowe-vape-2-5nikotyna-10smak-inteligentny-ekran-vape-fabryka-hurtownia","status":"publish","type":"product","link":"https:\/\/pgvape.com\/pl\/produkt\/fihp-90k-puffs-90000-3-w-1-potrojne-smaki-jednorazowe-vape-2-5nikotyna-10smak-inteligentny-ekran-vape-fabryka-hurtownia\/","title":{"rendered":"FIHP 90K Puffs 90000 3 w 1 Potr\u00f3jne Smaki Jednorazowe Vape 2% 5%Nikotyna 10Taste Inteligentny Ekran Vape Fabryka Hurtowa"},"content":{"rendered":"<p><strong data-sourcepos=\"6:5-6:28\">Ptysie FIHP 3w1 90K<\/strong> to jednorazowy waporyzator o du\u017cej pojemno\u015bci, zaprojektowany z my\u015bl\u0105 o r\u00f3\u017cnorodno\u015bci i trwa\u0142o\u015bci. <strong data-sourcepos=\"6:130-6:154\">System smakowy 3 w 1<\/strong>, umo\u017cliwiaj\u0105c u\u017cytkownikom prze\u0142\u0105czanie pomi\u0119dzy trzema r\u00f3\u017cnymi smakami w jednym urz\u0105dzeniu, eliminuj\u0105c potrzeb\u0119 noszenia wielu jednostek. <strong data-sourcepos=\"6:292-6:318\">42mL e-liquid capacity<\/strong> i a <strong data-sourcepos=\"6:325-6:343\">Cewka siatkowa 0,9 \u03a9<\/strong>, zapewnia g\u0142adki, sp\u00f3jny smak a\u017c do <strong data-sourcepos=\"6:393-6:409\">90 000 zaci\u0105gni\u0119\u0107<\/strong>. <strong data-sourcepos=\"6:415-6:430\">Wy\u015bwietlacz LED<\/strong> provides clear battery and liquid monitoring, while the <strong data-sourcepos=\"6:487-6:518\">Akumulator o pojemno\u015bci 650 mAh<\/strong> z <strong data-sourcepos=\"6:524-6:543\">\u0141adowanie typu C<\/strong> zapewnia ca\u0142odzienn\u0105 u\u017cyteczno\u015b\u0107. .<\/p>\n<p>&nbsp;<\/p>\n<h2><span style=\"font-size: 90%;\">Specyfikacja jednorazowego waporyzatora FIHP 90K Puffs 3 w 1 o potr\u00f3jnych smakach<\/span><\/h2>\n<p><strong data-sourcepos=\"11:6-11:30\">Krystalicznie przejrzysty projekt<\/strong>\u00a0\u2013 Nowoczesna, przejrzysta estetyka z widocznymi poziomami e-liquidu.<\/p>\n<p><strong data-sourcepos=\"12:6-12:30\">System smakowy 3 w 1<\/strong>\u00a0\u2013 Trzy oddzielne kapsu\u0142ki smakowe w jednym urz\u0105dzeniu dla natychmiastowej r\u00f3\u017cnorodno\u015bci.<\/p>\n<p><strong data-sourcepos=\"13:6-13:22\">90 000 zaci\u0105gni\u0119\u0107<\/strong>\u00a0\u2013 Wyj\u0105tkowa trwa\u0142o\u015b\u0107 zapewniaj\u0105ca d\u0142ugotrwa\u0142e i niezawodne u\u017cytkowanie.<\/p>\n<p><strong data-sourcepos=\"14:6-14:30\">Podw\u00f3jne cewki siatkowe 0,9 \u03a9<\/strong>\u00a0\u2013 Ulepszony obszar grzewczy zapewnia g\u0142adki, bogaty smak i g\u0119st\u0105 par\u0119.<\/p>\n<p><strong data-sourcepos=\"15:6-15:37\">Akumulator 650 mAh<\/strong>\u00a0\u2013 Moc na ca\u0142y dzie\u0144 dzi\u0119ki szybko\u015bci\u00a0<strong data-sourcepos=\"15:65-15:84\">\u0141adowanie typu C<\/strong>.<\/p>\n<p><strong data-sourcepos=\"16:7-16:31\">Inteligentny ekran wy\u015bwietlacza<\/strong>\u00a0\u2013 Monitorowanie poziomu baterii i cieczy w czasie rzeczywistym.<\/p>\n<p><strong data-sourcepos=\"17:6-17:31\">Nikotyna zgodna z UE<\/strong>\u00a0\u2013 Dost\u0119pne w\u00a0<strong data-sourcepos=\"17:47-17:63\">2% (20 mg\/ml)<\/strong>\u00a0I\u00a0<strong data-sourcepos=\"17:68-17:84\">5% (50 mg\/ml)<\/strong>\u00a0dla kontrolowanej satysfakcji.<\/p>\n<p><strong data-sourcepos=\"18:6-18:25\">Gotowe do sprzeda\u017cy hurtowej<\/strong>\u00a0\u2013 Idealne dla sklep\u00f3w poszukuj\u0105cych artyku\u0142\u00f3w jednorazowego u\u017cytku o du\u017cej pojemno\u015bci i bogatych funkcjach.<\/p>\n<p>&nbsp;<\/p>\n<h3><span style=\"font-size: 90%;\">FIHP 90K Puffs\u00a0 3 w 1 potr\u00f3jne smaki Jednorazowa lista smak\u00f3w Vape<\/span><\/h3>\n<p><strong class=\"\">1.Fizzy Cherry &amp; Lady Killer i Gummy Bear<\/strong><\/p>\n<p><strong>2.Blueberry Raspberry &amp; Love 666 &amp; Peach Ice<\/strong><\/p>\n<p><strong>3. Arbuz malinowy i mieszane jagody oraz brzoskwinia mango<\/strong><\/p>\n<p><strong class=\"\">4.Niebieska lemoniada Razz, truskawka, malina i t\u0119czowe cukierki<\/strong><\/p>\n<p><strong class=\"\">5. Arbuzowa guma balonowa i l\u00f3d winogronowy oraz l\u00f3d czarnego smoka<\/strong><\/p>\n<p><strong>6. Ananas, kokos, mieszanka owoc\u00f3w i brzoskwinia cytrynowa<\/strong><\/p>\n<p><strong>7.Podw\u00f3jne jab\u0142ko i truskawka, banan i malina arbuz<\/strong><\/p>\n<p><strong>8. Arbuz lodowy, Red Bull i truskawkowe kiwi<\/strong><\/p>\n<p><strong class=\"\">9.Blueberry Ice &amp; Strawberry Watermelon &amp; Lemon Lime<\/strong><\/p>\n<p><strong>10. L\u00f3d z jag\u00f3d brzoskwiniowych i potr\u00f3jnego melona i arbuza<img loading=\"lazy\" decoding=\"async\" class=\"alignnone wp-image-8672 size-full\" src=\"https:\/\/pgvape.com\/wp-content\/uploads\/2026\/01\/FIHP-90000-90K-Puffs-3-in-1-Triple-Flavors-Disposable-Vape-4.png\" alt=\"Kolorowe jednorazowe urz\u0105dzenia do waporyzacji FIHP z etykietami smakowymi i du\u017c\u0105 grafik\u0105 9000 PUFF.\" width=\"1595\" height=\"2000\" srcset=\"https:\/\/pgvape.com\/wp-content\/uploads\/2026\/01\/FIHP-90000-90K-Puffs-3-in-1-Triple-Flavors-Disposable-Vape-4.png 1595w, https:\/\/pgvape.com\/wp-content\/uploads\/2026\/01\/FIHP-90000-90K-Puffs-3-in-1-Triple-Flavors-Disposable-Vape-4-287x360.png 287w, https:\/\/pgvape.com\/wp-content\/uploads\/2026\/01\/FIHP-90000-90K-Puffs-3-in-1-Triple-Flavors-Disposable-Vape-4-595x746.png 595w, https:\/\/pgvape.com\/wp-content\/uploads\/2026\/01\/FIHP-90000-90K-Puffs-3-in-1-Triple-Flavors-Disposable-Vape-4-319x400.png 319w, https:\/\/pgvape.com\/wp-content\/uploads\/2026\/01\/FIHP-90000-90K-Puffs-3-in-1-Triple-Flavors-Disposable-Vape-4-768x963.png 768w, https:\/\/pgvape.com\/wp-content\/uploads\/2026\/01\/FIHP-90000-90K-Puffs-3-in-1-Triple-Flavors-Disposable-Vape-4-1225x1536.png 1225w, https:\/\/pgvape.com\/wp-content\/uploads\/2026\/01\/FIHP-90000-90K-Puffs-3-in-1-Triple-Flavors-Disposable-Vape-4-10x12.png 10w, https:\/\/pgvape.com\/wp-content\/uploads\/2026\/01\/FIHP-90000-90K-Puffs-3-in-1-Triple-Flavors-Disposable-Vape-4-600x752.png 600w\" sizes=\"auto, (max-width: 1595px) 100vw, 1595px\" \/><\/strong><\/p>\n<p>&nbsp;<\/p>\n<h2 class=\"header-vfC6AV auto-hide-last-sibling-br\"><span style=\"font-size: 90%;\">Cz\u0119sto zadawane pytania dotycz\u0105ce FIHP 90K Puffs Jednorazowy waporyzator 3 w 1 o potr\u00f3jnych smakach<\/span><\/h2>\n<p>\u2753 <strong class=\"\">Ile zaci\u0105gni\u0119\u0107 na urz\u0105dzenie?<\/strong><br \/>\n\u2705 Ocena fabryczna <strong>90 000 zaci\u0105gni\u0119\u0107<\/strong>\u2014miesi\u0105ce codziennego u\u017cytkowania.<\/p>\n<p>\u2753 <strong class=\"\">Jak zmieni\u0107 smak?<\/strong><br \/>\n\u2705 <strong>System kom\u00f3r 3 w 1<\/strong>\u2014 kliknij lub obr\u00f3\u0107, aby przeskakiwa\u0107 pomi\u0119dzy <strong>trzy r\u00f3\u017cne smaki<\/strong>.<\/p>\n<p>\u2753 <strong>Czy mo\u017cna go \u0142adowa\u0107?<\/strong><br \/>\n\u2705 <strong>650 mAh<\/strong> bateria + <strong>Typ C<\/strong> port; <strong>30 minut<\/strong> pe\u0142ne na\u0142adowanie.<\/p>\n<p>\u2753 <strong class=\"\">Jakie moce nikotyny s\u0105 oferowane?<\/strong><br \/>\n\u2705 <strong>2 %<\/strong> g\u0142adka lub <strong class=\"\">5 %<\/strong> mocny-<strong>Zgodny z UE<\/strong> satysfakcja z gard\u0142a.<\/p>\n<p>\u2753 <strong>Jak monitorowa\u0107 bateri\u0119 lub sok?<\/strong><br \/>\n\u2705 <strong>Inteligentny ekran<\/strong> wy\u015bwietla <strong>bateria czasu rzeczywistego %<\/strong> I <strong>poziom e-p\u0142ynu<\/strong>.<\/p>\n<p>\u2753 <strong>Co sprawia, \u017ce \u200b\u200bpara jest g\u0142adka?<\/strong><br \/>\n\u2705 <strong>Cewki z podw\u00f3jn\u0105 siatk\u0105 0,9 \u03a9<\/strong>\u2014wi\u0119ksza powierzchnia grzewcza, <strong>bogatszy smak<\/strong>, <strong>g\u0119stsze chmury<\/strong>.<\/p>\n<p>\u2753 <strong>Czy jest dyskretny w pracy\/kawiarni?<\/strong><br \/>\n\u2705 <strong>P\u0142ynny remis MTL<\/strong>, <strong>minimalna chmura<\/strong>\u2014idealny dla <strong>rytm kontynentalny<\/strong>.<\/p>\n<p>&nbsp;<\/p>\n<h3 id=\"brxe-najhln\" class=\"brxe-heading\">Cz\u0119sto zadawane pytania (FAQ)<\/h3>\n<div id=\"brxe-rajiac\" class=\"brxe-text\">\n<p><strong>P: Jakie metody p\u0142atno\u015bci akceptujecie?<\/strong><br \/>\nOdp.: Akceptujemy PayPal, Stripe, przelewy bankowe (obs\u0142ugiwane SEPA), g\u0142\u00f3wne karty kredytowe (Visa, MasterCard, American Express) i p\u0142atno\u015bci w kryptowalutach.<\/p>\n<p><strong>P: Jak d\u0142ugo trwa przygotowanie zam\u00f3wienia?<\/strong><br \/>\nOdp.: Przygotowanie zam\u00f3wienia zajmuje 1-3 dni robocze.<\/p>\n<p><strong>P: Jaki jest czas wysy\u0142ki?<\/strong><br \/>\nOdp.: Czas wysy\u0142ki wynosi 7-14 dni roboczych, w zale\u017cno\u015bci od Twojej lokalizacji.<\/p>\n<p><strong>P: Jak mog\u0119 \u015bledzi\u0107 moje zam\u00f3wienie?<\/strong><br \/>\nOdp.: Po wysy\u0142ce otrzymasz wiadomo\u015b\u0107 e-mail z potwierdzeniem i numerem przesy\u0142ki umo\u017cliwiaj\u0105cym \u015bledzenie w czasie rzeczywistym.<\/p>\n<p><strong>P: Jaka jest Twoja polityka zwrot\u00f3w?<\/strong><br \/>\nOdp.: Oferujemy 30-dniow\u0105 polityk\u0119 zwrot\u00f3w lub wymiany. .<\/p>\n<p><strong>P: Czy wyst\u0105pi\u0105 jakie\u015b problemy celne?<br \/>\n<\/strong>Obs\u0142ugujemy wszystkie procedury odprawy celnej, aby zapewni\u0107 Ci bezproblemow\u0105 obs\u0142ug\u0119. .<\/p>\n<p><strong>P: Jakie metody wysy\u0142ki s\u0105 stosowane?<\/strong><br \/>\nWsp\u00f3\u0142pracujemy z firmami UPS\/DHL\/FEDEX\/DPD itp. W zale\u017cno\u015bci od kraju dostawy wybierzemy odpowiedni\u0105 opcj\u0119 wysy\u0142ki, tak aby produkty dotar\u0142y do \u200b\u200bPa\u0144stwa najszybciej jak to mo\u017cliwe.<\/p>\n<p><a href=\"https:\/\/pgvape.com\/pl\/czesto-zadawane-pytania\/\">Kliknij tutaj, aby uzyska\u0107 wi\u0119cej cz\u0119sto zadawanych pyta\u0144<\/a><\/p>\n<p>Szanowni klienci, je\u015bli masz jakiekolwiek pytania dotycz\u0105ce zam\u00f3wienia lub przybycia towaru, skontaktuj si\u0119 z naszym dzia\u0142em obs\u0142ugi klienta. Dzi\u0119kuj\u0119!<\/p>\n<h3 data-sourcepos=\"73:1-73:21\"><strong data-sourcepos=\"73:7-73:21\">Skontaktuj si\u0119 z nami<\/strong><\/h3>\n<div id=\"text-2419739398\" class=\"text\">\n<p><strong data-sourcepos=\"75:3-75:12\">E-mail<\/strong>:\u00a0<a href=\"mailto:support@pgvape.com\"><strong>support@pgvape.com<\/strong><\/a><\/p>\n<p><strong data-sourcepos=\"76:3-76:15\">WhatsApp<\/strong>:\u00a0<a href=\"https:\/\/wa.me\/+8618128481258\"><strong>+86 18128481258<\/strong><\/a><br \/>\n<strong>(Odpowied\u017a w ci\u0105gu 24 godzin w dni robocze)<\/strong><\/p>\n<\/div>\n<h3><strong>Dzi\u0119kujemy za wybranie pgvape.com! .<\/strong><\/h3>\n<\/div>","protected":false},"excerpt":{"rendered":"<p><strong>Kryszta\u0142 FIHP 90K<\/strong>\u2014<strong>90 tys. zaci\u0105gni\u0119\u0107<\/strong>, <strong>prze\u0142\u0105cznik potr\u00f3jnego smaku<\/strong>, <strong>Podw\u00f3jna siatka 0,9 \u03a9<\/strong>, <strong>inteligentny ekran<\/strong>, <strong>Typ C<\/strong>, <strong>krystalicznie czyste<\/strong>.<strong>Trzy smaki, jeden kryszta\u0142, miesi\u0105ce chmur.<\/strong><\/p>","protected":false},"featured_media":8669,"comment_status":"open","ping_status":"closed","template":"","meta":{"_seopress_robots_primary_cat":"","_seopress_titles_title":"","_seopress_titles_desc":"","_seopress_robots_index":""},"product_brand":[516,275],"product_cat":[558,515,274],"product_tag":[46,560,90,559,280],"class_list":{"0":"post-8666","1":"product","2":"type-product","3":"status-publish","4":"has-post-thumbnail","6":"product_brand-disposable-vape","7":"product_brand-fihp-vape","8":"product_cat-90k-puffs-vape","9":"product_cat-disposable-vape","10":"product_cat-fihp-vape","11":"product_tag-3-in-1","12":"product_tag-90k-puffs-vape","13":"product_tag-disposable-vape","14":"product_tag-fihp-90k","15":"product_tag-triple-flavors","17":"first","18":"instock","19":"sale","20":"shipping-taxable","21":"purchasable","22":"product-type-variable"},"_links":{"self":[{"href":"https:\/\/pgvape.com\/pl\/wp-json\/wp\/v2\/product\/8666","targetHints":{"allow":["GET"]}}],"collection":[{"href":"https:\/\/pgvape.com\/pl\/wp-json\/wp\/v2\/product"}],"about":[{"href":"https:\/\/pgvape.com\/pl\/wp-json\/wp\/v2\/types\/product"}],"replies":[{"embeddable":true,"href":"https:\/\/pgvape.com\/pl\/wp-json\/wp\/v2\/comments?post=8666"}],"wp:featuredmedia":[{"embeddable":true,"href":"https:\/\/pgvape.com\/pl\/wp-json\/wp\/v2\/media\/8669"}],"wp:attachment":[{"href":"https:\/\/pgvape.com\/pl\/wp-json\/wp\/v2\/media?parent=8666"}],"wp:term":[{"taxonomy":"product_brand","embeddable":true,"href":"https:\/\/pgvape.com\/pl\/wp-json\/wp\/v2\/product_brand?post=8666"},{"taxonomy":"product_cat","embeddable":true,"href":"https:\/\/pgvape.com\/pl\/wp-json\/wp\/v2\/product_cat?post=8666"},{"taxonomy":"product_tag","embeddable":true,"href":"https:\/\/pgvape.com\/pl\/wp-json\/wp\/v2\/product_tag?post=8666"}],"curies":[{"name":"wp","href":"https:\/\/api.w.org\/{rel}","templated":true}]}}