{"id":8560,"date":"2026-01-17T08:13:11","date_gmt":"2026-01-17T08:13:11","guid":{"rendered":"https:\/\/pgvape.com\/?post_type=product&#038;p=8560"},"modified":"2026-03-15T13:41:59","modified_gmt":"2026-03-15T13:41:59","slug":"uor-tornado-30000-30k-zaciagniec-jednorazowy-vape-2-nikotyna-10smak-wyswietlacz-led-wysylka-z-ue-vape-fabryka-hurtowa","status":"publish","type":"product","link":"https:\/\/pgvape.com\/pl\/produkt\/uor-tornado-30000-30k-zaciagniec-jednorazowy-vape-2-nikotyna-10smak-wyswietlacz-led-wysylka-z-ue-vape-fabryka-hurtowa\/","title":{"rendered":"UOR Tornado 30000 30K Puffs Jednorazowy Vape 2% Nikotyna 10Taste Wy\u015bwietlacz LED Przesy\u0142ka z hurtowni Vape w UE"},"content":{"rendered":"<p><strong data-sourcepos=\"6:5-6:26\">UOR Tornado 30000<\/strong> zosta\u0142 zaprojektowany z my\u015bl\u0105 o trwa\u0142ej wydajno\u015bci i konsystencji smaku. <strong data-sourcepos=\"6:102-6:128\">Pojemno\u015b\u0107 e-liquidu 28 ml<\/strong> i zasilany przez <strong data-sourcepos=\"6:146-6:164\">Cewka siatkowa 1,0 \u03a9<\/strong>, zapewnia bogat\u0105, g\u0142adk\u0105 par\u0119 i a\u017c do <strong data-sourcepos=\"6:207-6:223\">30 000 zaci\u0105gni\u0119\u0107<\/strong> z jednego urz\u0105dzenia. <strong data-sourcepos=\"6:262-6:293\">Akumulator o pojemno\u015bci 650 mAh<\/strong>, <strong data-sourcepos=\"6:295-6:318\">Szybkie \u0142adowanie przez USB-C<\/strong>, i pomocny <strong data-sourcepos=\"6:334-6:349\">Wy\u015bwietlacz LED<\/strong> do monitorowania baterii, jest przeznaczony do intensywnego codziennego u\u017cytku. <strong data-sourcepos=\"6:417-6:451\">bezpo\u015brednio z magazynu UE<\/strong> dzi\u0119ki szybkiej, bezc\u0142owej dostawie, dostarczany jest \u015bwie\u017cy i autentyczny, gotowy, aby zadowoli\u0107 vaper\u00f3w w ca\u0142ej Europie.<\/p>\n<p>&nbsp;<\/p>\n<h2><span style=\"font-size: 90%;\">Specyfikacja jednorazowego waporyzatora UOR Tornado 30000 30K Puffs<\/span><\/h2>\n<p><strong data-sourcepos=\"11:5-11:21\">30 000 zaci\u0105gni\u0119\u0107<\/strong>\u00a0\u2013 D\u0142ugotrwa\u0142y i niezawodny do codziennego wapowania.<\/p>\n<p><strong data-sourcepos=\"12:5-12:31\">Pojemno\u015b\u0107 28 ml e-p\u0142ynu<\/strong>\u00a0\u2013 Du\u017cy wewn\u0119trzny zbiornik na d\u0142u\u017csze sesje.<\/p>\n<p><strong data-sourcepos=\"13:5-13:23\">Cewka siatkowa 1,0 \u03a9<\/strong>\u00a0\u2013 P\u0142ynna produkcja pary i bogata klarowno\u015b\u0107 smaku.<\/p>\n<p><strong data-sourcepos=\"14:5-14:36\">Akumulator 650 mAh<\/strong>\u00a0\u2013 Stabilna wydajno\u015b\u0107 i wytrzyma\u0142o\u015b\u0107 przez ca\u0142y dzie\u0144.<\/p>\n<p><strong data-sourcepos=\"15:5-15:29\">Szybkie \u0142adowanie typu C<\/strong>\u00a0\u2013 Szybkie, uniwersalne \u0142adowanie.<\/p>\n<p><strong data-sourcepos=\"16:5-16:20\">Wy\u015bwietlacz LED<\/strong>\u00a0\u2013 Monitorowanie poziomu na\u0142adowania baterii w czasie rzeczywistym.<\/p>\n<p><strong data-sourcepos=\"17:5-17:27\">Zasoby magazynowe UE<\/strong>\u00a0\u2013 Szybka dostawa w ci\u0105gu 3\u20137 dni, bez op\u0142at celnych.<\/p>\n<p><strong data-sourcepos=\"18:5-18:26\">10 opcji smakowych<\/strong>\u00a0\u2013 Popularne profile owocowe i lodowe.<\/p>\n<p><strong data-sourcepos=\"19:5-19:27\">10 urz\u0105dze\u0144 w pude\u0142ku<\/strong>\u00a0\u2013 Gotowe do sprzeda\u017cy detalicznej i hurtowej.<\/p>\n<p>&nbsp;<\/p>\n<h3><span style=\"font-size: 90%;\">UOR Tornado 30000 30K Puffs Jednorazowa lista smak\u00f3w Vape<\/span><\/h3>\n<p><strong data-sourcepos=\"41:4-41:21\">1.L\u00f3d jagodowy<\/strong><\/p>\n<p><strong data-sourcepos=\"42:4-42:20\">2. Nap\u00f3j energetyczny<\/strong><\/p>\n<p><strong data-sourcepos=\"43:4-43:17\">3. L\u00f3d winogronowy<\/strong><\/p>\n<p><strong data-sourcepos=\"44:4-44:32\">4.Kiwi Gujawa z marakuji<\/strong><\/p>\n<p><strong data-sourcepos=\"45:4-45:15\">5. Pan Niebieski<\/strong><\/p>\n<p><strong data-sourcepos=\"46:4-46:17\">6. Brzoskwiniowy l\u00f3d<\/strong><\/p>\n<p><strong data-sourcepos=\"47:4-47:29\">7. Arbuz Truskawkowy<\/strong><\/p>\n<p><strong data-sourcepos=\"48:4-48:23\">8.Truskawkowe Kiwi<\/strong><\/p>\n<p><strong data-sourcepos=\"49:4-49:35\">9.Truskawka Malina Wi\u015bnia<\/strong><\/p>\n<p><strong data-sourcepos=\"50:5-50:23\">10.L\u00f3d arbuzowy<img loading=\"lazy\" decoding=\"async\" class=\"alignnone wp-image-8575 size-full\" src=\"https:\/\/pgvape.com\/wp-content\/uploads\/2026\/01\/UOR-Tornado-30000-30K-Puffs-Disposable-Vape-2-Nicotine-10Taste-LED-Display-Vape-Factory-Wholesale-Shipment-from-EU-pgvape-13.png\" alt=\"UOR Tornado 30K zaci\u0105ga jednorazowe waporyzatory z grafik\u0105 ma\u0142p w smakach takich jak l\u00f3d jagodowy, nap\u00f3j energetyczny, l\u00f3d winogronowy, l\u00f3d brzoskwiniowy i truskawkowy kiwi.\" width=\"1500\" height=\"1500\" srcset=\"https:\/\/pgvape.com\/wp-content\/uploads\/2026\/01\/UOR-Tornado-30000-30K-Puffs-Disposable-Vape-2-Nicotine-10Taste-LED-Display-Vape-Factory-Wholesale-Shipment-from-EU-pgvape-13.png 1500w, https:\/\/pgvape.com\/wp-content\/uploads\/2026\/01\/UOR-Tornado-30000-30K-Puffs-Disposable-Vape-2-Nicotine-10Taste-LED-Display-Vape-Factory-Wholesale-Shipment-from-EU-pgvape-13-360x360.png 360w, https:\/\/pgvape.com\/wp-content\/uploads\/2026\/01\/UOR-Tornado-30000-30K-Puffs-Disposable-Vape-2-Nicotine-10Taste-LED-Display-Vape-Factory-Wholesale-Shipment-from-EU-pgvape-13-595x595.png 595w, https:\/\/pgvape.com\/wp-content\/uploads\/2026\/01\/UOR-Tornado-30000-30K-Puffs-Disposable-Vape-2-Nicotine-10Taste-LED-Display-Vape-Factory-Wholesale-Shipment-from-EU-pgvape-13-400x400.png 400w, https:\/\/pgvape.com\/wp-content\/uploads\/2026\/01\/UOR-Tornado-30000-30K-Puffs-Disposable-Vape-2-Nicotine-10Taste-LED-Display-Vape-Factory-Wholesale-Shipment-from-EU-pgvape-13-768x768.png 768w, https:\/\/pgvape.com\/wp-content\/uploads\/2026\/01\/UOR-Tornado-30000-30K-Puffs-Disposable-Vape-2-Nicotine-10Taste-LED-Display-Vape-Factory-Wholesale-Shipment-from-EU-pgvape-13-12x12.png 12w, https:\/\/pgvape.com\/wp-content\/uploads\/2026\/01\/UOR-Tornado-30000-30K-Puffs-Disposable-Vape-2-Nicotine-10Taste-LED-Display-Vape-Factory-Wholesale-Shipment-from-EU-pgvape-13-300x300.png 300w, https:\/\/pgvape.com\/wp-content\/uploads\/2026\/01\/UOR-Tornado-30000-30K-Puffs-Disposable-Vape-2-Nicotine-10Taste-LED-Display-Vape-Factory-Wholesale-Shipment-from-EU-pgvape-13-600x600.png 600w, https:\/\/pgvape.com\/wp-content\/uploads\/2026\/01\/UOR-Tornado-30000-30K-Puffs-Disposable-Vape-2-Nicotine-10Taste-LED-Display-Vape-Factory-Wholesale-Shipment-from-EU-pgvape-13-100x100.png 100w\" sizes=\"auto, (max-width: 1500px) 100vw, 1500px\" \/><\/strong><\/p>\n<p>&nbsp;<\/p>\n<h3 class=\"auto-hide-last-sibling-br paragraph-pP9ZLC paragraph-element br-paragraph-space\">Dlaczego warto wybra\u0107 europejski magazyn PGVape?<\/h3>\n<p>Szybka wysy\u0142ka: Dostawa do wi\u0119kszo\u015bci kraj\u00f3w UE w ci\u0105gu 3-7 dni roboczych.<\/p>\n<p>Dostawa bezc\u0142owa: Lokalne zapasy w UE zapewniaj\u0105 p\u0142ynn\u0105 i bezc\u0142ow\u0105 wysy\u0142k\u0119.<\/p>\n<p>100% Autentyczna gwarancja: oryginalne e-papierosy UOR od certyfikowanych dostawc\u00f3w.<\/p>\n<p>\u015awie\u017ce zapasy: Przechowywane w kontrolowanych warunkach, aby zapewni\u0107 optymaln\u0105 jako\u015b\u0107.<\/p>\n<p>Zaufali Europejczycy: Tysi\u0105ce klient\u00f3w korzysta z szybkich i bezpiecznych us\u0142ug e-papieros\u00f3w oferowanych przez PGVape.<\/p>\n<p>&nbsp;<\/p>\n<h2 class=\"header-vfC6AV auto-hide-last-sibling-br\"><span style=\"font-size: 90%;\">Cz\u0119sto zadawane pytania dotycz\u0105ce jednorazowego waporyzatora UOR Tornado 30000 30K Puffs<\/span><\/h2>\n<p>\u2753 <strong class=\"\">Ile zaci\u0105gni\u0119\u0107 na urz\u0105dzenie?<\/strong><br \/>\n\u2705 Ocena fabryczna <strong>30 000 zaci\u0105gni\u0119\u0107<\/strong>\u2014 tygodnie codziennego u\u017cytkowania.<\/p>\n<p>\u2753 <strong>Jak du\u017cy jest zbiornik?<\/strong><br \/>\n\u2705 <strong>28ml<\/strong>\u2014 du\u017cy wewn\u0119trzny zbiornik na d\u0142u\u017csze sesje.<\/p>\n<p>\u2753 <strong class=\"\">Czy mo\u017cna go \u0142adowa\u0107?<\/strong><br \/>\n\u2705 <strong class=\"\">650 mAh<\/strong> bateria + <strong class=\"\">Typ C<\/strong> port; pe\u0142ne \u0142adowanie w ~30 min.<\/p>\n<p>\u2753 <strong class=\"\">Jakie moce nikotyny s\u0105 oferowane?<\/strong><br \/>\n\u2705 <strong class=\"\">2 %<\/strong> g\u0142adka lub <strong>5 %<\/strong> strong\u2014choose at checkout.<\/p>\n<p>\u2753 <strong class=\"\">Jak szybka jest dostawa w UE?<\/strong><br \/>\n\u2705 <strong class=\"\">Wys\u0142ane z magazynu zagranicznego UE<\/strong>\u2014<strong>3-7 dni roboczych<\/strong>, <strong>\u017cadnych op\u0142at celnych<\/strong>.<\/p>\n<p>\u2753 <strong class=\"\">Czy autentyczno\u015b\u0107 jest gwarantowana?<\/strong><br \/>\n\u2705 <strong class=\"\">100 % oryginalne<\/strong> Produkt UOR, przechowywany w idealnych warunkach.<\/p>\n<p>\u2753 <strong>Opakowanie gotowe do sprzeda\u017cy detalicznej?<\/strong><br \/>\n\u2705 <strong>10 szt.\/opakowanie<\/strong>\u2014 idealny do p\u00f3\u0142ki lub w\u00f3zka masowego.<\/p>\n<p>&nbsp;<\/p>\n<h3 id=\"brxe-najhln\" class=\"brxe-heading\">Cz\u0119sto zadawane pytania (FAQ)<\/h3>\n<div id=\"brxe-rajiac\" class=\"brxe-text\">\n<p><strong>P: Jakie metody p\u0142atno\u015bci akceptujecie?<\/strong><br \/>\nOdp.: Akceptujemy PayPal, Stripe, przelewy bankowe (obs\u0142ugiwane SEPA), g\u0142\u00f3wne karty kredytowe (Visa, MasterCard, American Express) i p\u0142atno\u015bci w kryptowalutach.<\/p>\n<p><strong>P: Jak d\u0142ugo trwa przygotowanie zam\u00f3wienia?<\/strong><br \/>\nOdp.: Przygotowanie zam\u00f3wienia zajmuje 1-3 dni robocze.<\/p>\n<p><strong>P: Jaki jest czas wysy\u0142ki?<\/strong><br \/>\nOdp.: Czas wysy\u0142ki wynosi 7-14 dni roboczych, w zale\u017cno\u015bci od Twojej lokalizacji.<\/p>\n<p><strong>P: Jak mog\u0119 \u015bledzi\u0107 moje zam\u00f3wienie?<\/strong><br \/>\nOdp.: Po wysy\u0142ce otrzymasz wiadomo\u015b\u0107 e-mail z potwierdzeniem i numerem przesy\u0142ki umo\u017cliwiaj\u0105cym \u015bledzenie w czasie rzeczywistym.<\/p>\n<p><strong>P: Jaka jest Twoja polityka zwrot\u00f3w?<\/strong><br \/>\nOdp.: Oferujemy 30-dniow\u0105 polityk\u0119 zwrot\u00f3w lub wymiany. .<\/p>\n<p><strong>P: Czy wyst\u0105pi\u0105 jakie\u015b problemy celne?<br \/>\n<\/strong>Obs\u0142ugujemy wszystkie procedury odprawy celnej, aby zapewni\u0107 Ci bezproblemow\u0105 obs\u0142ug\u0119. .<\/p>\n<p><strong>P: Jakie metody wysy\u0142ki s\u0105 stosowane?<\/strong><br \/>\nWsp\u00f3\u0142pracujemy z firmami UPS\/DHL\/FEDEX\/DPD itp. W zale\u017cno\u015bci od kraju dostawy wybierzemy odpowiedni\u0105 opcj\u0119 wysy\u0142ki, tak aby produkty dotar\u0142y do \u200b\u200bPa\u0144stwa najszybciej jak to mo\u017cliwe.<\/p>\n<p><a href=\"https:\/\/pgvape.com\/pl\/czesto-zadawane-pytania\/\">Kliknij tutaj, aby uzyska\u0107 wi\u0119cej cz\u0119sto zadawanych pyta\u0144<\/a><\/p>\n<p>Szanowni klienci, je\u015bli masz jakiekolwiek pytania dotycz\u0105ce zam\u00f3wienia lub przybycia towaru, skontaktuj si\u0119 z naszym dzia\u0142em obs\u0142ugi klienta. Dzi\u0119kuj\u0119!<\/p>\n<h3 data-sourcepos=\"73:1-73:21\"><strong data-sourcepos=\"73:7-73:21\">Skontaktuj si\u0119 z nami<\/strong><\/h3>\n<div id=\"text-2419739398\" class=\"text\">\n<p><strong data-sourcepos=\"75:3-75:12\">E-mail<\/strong>:\u00a0<a href=\"mailto:support@pgvape.com\"><strong>support@pgvape.com<\/strong><\/a><\/p>\n<p><strong data-sourcepos=\"76:3-76:15\">WhatsApp<\/strong>:\u00a0<a href=\"https:\/\/wa.me\/+8618128481258\"><strong>+86 18128481258<\/strong><\/a><br \/>\n<strong>(Odpowied\u017a w ci\u0105gu 24 godzin w dni robocze)<\/strong><\/p>\n<\/div>\n<h3><strong>Dzi\u0119kujemy za wybranie pgvape.com! .<\/strong><\/h3>\n<\/div>","protected":false},"excerpt":{"rendered":"<p><strong>UOR Tornado 30000<\/strong>\u2014<strong>30 tys. zaci\u0105gni\u0119\u0107<\/strong>, <strong>28ml<\/strong>, <strong>cewka siatkowa<\/strong>, <strong>Wy\u015bwietlacz LED<\/strong>, <strong>Dostawa UE 3-7 d<\/strong>, <strong>\u017cadnych ce\u0142<\/strong>.<strong class=\"\">Pojemno\u015b\u0107 na poziomie burzy, przybycie z pr\u0119dko\u015bci\u0105 b\u0142yskawicy.<\/strong><\/p>","protected":false},"featured_media":8564,"comment_status":"open","ping_status":"closed","template":"","meta":{"_seopress_robots_primary_cat":"none","_seopress_titles_title":"","_seopress_titles_desc":"","_seopress_robots_index":""},"product_brand":[516,345],"product_cat":[35,515,464],"product_tag":[349,90,459,203,540],"class_list":{"0":"post-8560","1":"product","2":"type-product","3":"status-publish","4":"has-post-thumbnail","6":"product_brand-disposable-vape","7":"product_brand-uor-vape","8":"product_cat-30k-puffs-vape","9":"product_cat-disposable-vape","10":"product_cat-uor-vape-eu","11":"product_tag-30k-puffs-vape","12":"product_tag-disposable-vape","13":"product_tag-free-shipping","14":"product_tag-shipment-from-eu","15":"product_tag-uor-tornado-30000","17":"first","18":"instock","19":"sale","20":"shipping-taxable","21":"purchasable","22":"product-type-variable"},"_links":{"self":[{"href":"https:\/\/pgvape.com\/pl\/wp-json\/wp\/v2\/product\/8560","targetHints":{"allow":["GET"]}}],"collection":[{"href":"https:\/\/pgvape.com\/pl\/wp-json\/wp\/v2\/product"}],"about":[{"href":"https:\/\/pgvape.com\/pl\/wp-json\/wp\/v2\/types\/product"}],"replies":[{"embeddable":true,"href":"https:\/\/pgvape.com\/pl\/wp-json\/wp\/v2\/comments?post=8560"}],"wp:featuredmedia":[{"embeddable":true,"href":"https:\/\/pgvape.com\/pl\/wp-json\/wp\/v2\/media\/8564"}],"wp:attachment":[{"href":"https:\/\/pgvape.com\/pl\/wp-json\/wp\/v2\/media?parent=8560"}],"wp:term":[{"taxonomy":"product_brand","embeddable":true,"href":"https:\/\/pgvape.com\/pl\/wp-json\/wp\/v2\/product_brand?post=8560"},{"taxonomy":"product_cat","embeddable":true,"href":"https:\/\/pgvape.com\/pl\/wp-json\/wp\/v2\/product_cat?post=8560"},{"taxonomy":"product_tag","embeddable":true,"href":"https:\/\/pgvape.com\/pl\/wp-json\/wp\/v2\/product_tag?post=8560"}],"curies":[{"name":"wp","href":"https:\/\/api.w.org\/{rel}","templated":true}]}}