{"id":8503,"date":"2026-01-15T11:01:03","date_gmt":"2026-01-15T11:01:03","guid":{"rendered":"https:\/\/pgvape.com\/?post_type=product&#038;p=8503"},"modified":"2026-03-25T11:34:15","modified_gmt":"2026-03-25T11:34:15","slug":"bang-blaze-140000-140k-zaciagniec-3w1-3-czyste-smaki-jednorazowe-vape-0-2-3-5nikotyna-12smak-vape-fabryka-hurtownia","status":"publish","type":"product","link":"https:\/\/pgvape.com\/pl\/produkt\/bang-blaze-140000-140k-zaciagniec-3w1-3-czyste-smaki-jednorazowe-vape-0-2-3-5nikotyna-12smak-vape-fabryka-hurtownia\/","title":{"rendered":"Bang Blaze 140000 140K Ptysi 3w1 3 Czyste Smaki Jednorazowe Vape 0% 2% 3% 5%Nikotyna 12Taste Vape Fabryka Hurtowa"},"content":{"rendered":"<p><strong data-sourcepos=\"6:5-6:24\">Bang Blaze 140 tys<\/strong> wyznacza nowy standard waporyzacji o du\u017cej pojemno\u015bci i wielu smakach. <strong data-sourcepos=\"6:145-6:177\">trzy niezale\u017cne zbiorniki o pojemno\u015bci 15 ml<\/strong> (\u0142\u0105cznie 45 ml) z unikalnym <strong data-sourcepos=\"6:205-6:242\">Mechanizm zmiany smaku 3 w 1<\/strong>, umo\u017cliwiaj\u0105c natychmiastowe prze\u0142\u0105czanie pomi\u0119dzy r\u00f3\u017cnymi profilami smakowymi. <strong data-sourcepos=\"6:320-6:355\">trzy dedykowane cewki siatkowe o rezystancji 1,0 \u03a9<\/strong> aby zapobiec zanieczyszczeniu krzy\u017cowemu smaku i jest wspierany przez a <strong data-sourcepos=\"6:410-6:441\">Akumulator o pojemno\u015bci 650 mAh<\/strong> z <strong data-sourcepos=\"6:447-6:471\">Szybkie \u0142adowanie typu C<\/strong>, zapewnia sta\u0142\u0105, pot\u0119\u017cn\u0105 wydajno\u015b\u0107 dzi\u0119ki niespotykanej dotychczas wydajno\u015bci <strong data-sourcepos=\"6:543-6:560\">140 000 zaci\u0105gni\u0119\u0107<\/strong>., zosta\u0142 stworzony dla wymagaj\u0105cych waper\u00f3w, kt\u00f3rzy nie chc\u0105 i\u015b\u0107 na kompromis w kwestii r\u00f3\u017cnorodno\u015bci i d\u0142ugowieczno\u015bci.<\/p>\n<p>&nbsp;<\/p>\n<h2><span style=\"font-size: 90%;\"><span style=\"color: #ed1c24;\"><a style=\"color: #ed1c24;\" href=\"https:\/\/pgvape.com\/pl\/kategoria-produktu\/huk-plonacy-vape\/\"><span style=\"color: #0000ff;\">Bang Blaze<\/span><\/a><\/span> 140000 140K Puffs 3w1 3 Pure Flavours Jednorazowy waporyzator Dane techniczne<\/span><\/h2>\n<p><strong>Pufy<\/strong>: A\u017c do <strong class=\"\">140,000<\/strong><\/p>\n<p><strong>E-ciecz<\/strong>: <strong>45ml<\/strong> (trzy <strong class=\"\">15 ml<\/strong> niezale\u017cne zbiorniki)<\/p>\n<p><strong>Nikotyna<\/strong>: <strong>0 %, 2 %, 3 %, 5 %<\/strong> opcje soli<\/p>\n<p><strong>Bateria<\/strong>: <strong>650 mAh<\/strong>, <strong>Typ C<\/strong> szybkie \u0142adowanie<\/p>\n<p><strong>Cewki<\/strong>: <strong>Potr\u00f3jna siatka 1,0 \u03a9<\/strong> (jeden na zbiornik)<\/p>\n<p><strong>Prze\u0142\u0105cznik<\/strong>: <strong class=\"\">R\u0119czny prze\u0142\u0105cznik 3 w 1<\/strong>\u2014 natychmiastowa wymiana smaku<\/p>\n<p>&nbsp;<\/p>\n<h3><span style=\"font-size: 90%;\">Bang Blaze 140000 140K Puffs 3w1 3 Pure Favours Jednorazowe Vape Lista smak\u00f3w:<\/span><\/h3>\n<p>1. Arbuzowy l\u00f3d, truskawkowe liczi i \u017celki-misie<\/p>\n<p>2. L\u00f3d brzoskwiniowy i jagodowy, arbuzowy i truskawkowo-cytrynowy<\/p>\n<p>3. L\u00f3d winogronowy i truskawka, mango i mieszane jagody<\/p>\n<p>4.Jagodowy l\u00f3d i LOVE66 oraz brzoskwiniowo-mango-arbuz<\/p>\n<p>5. Jagoda Malina i Kiwi Marakuja Gujawa i Ananas Kokos<\/p>\n<p>6.Truskawkowy arbuz i jagoda brzoskwiniowa i ananas z czarnej porzeczki<\/p>\n<p>7.Truskawka, Kiwi i Arbuz, Guma balonowa i Jagoda Wi\u015bniowa<\/p>\n<p>8. Czarny smok lodowy, mamba truskawkowa i winogrono malinowe<\/p>\n<p>9. Mango Brzoskwinia i Jagoda Red Bull i Winogrono Jab\u0142kowe<\/p>\n<p>10.Potr\u00f3jne mango i malina, cytryna i jagody winogronowe<\/p>\n<p>11. Cytryna Limonka i Aloes Mango Melon i Arbuz Smoczy Owoc<\/p>\n<p>12. Lody bananowe, lody truskawkowe i jagody arbuza<img loading=\"lazy\" decoding=\"async\" class=\"alignnone wp-image-8546 size-full\" src=\"https:\/\/pgvape.com\/wp-content\/uploads\/2026\/01\/Bang-Blaze-140000-140K-Puffs-3in1-3-Pure-Flavors-Disposable-Vape-0-2-3-5Nicotine-12Taste-Vape-Factory-Wholesale-pgvape-14.png\" alt=\"Dwa rz\u0119dy sze\u015bciu butelek e-p\u0142ynu Bang Blaze, czarnych, z kolorowymi ilustracjami zwierz\u0105t i etykiet\u0105 140 tys., ka\u017cda z nazw\u0105 smaku pokazan\u0105 poni\u017cej.\" width=\"1500\" height=\"1011\" srcset=\"https:\/\/pgvape.com\/wp-content\/uploads\/2026\/01\/Bang-Blaze-140000-140K-Puffs-3in1-3-Pure-Flavors-Disposable-Vape-0-2-3-5Nicotine-12Taste-Vape-Factory-Wholesale-pgvape-14.png 1500w, https:\/\/pgvape.com\/wp-content\/uploads\/2026\/01\/Bang-Blaze-140000-140K-Puffs-3in1-3-Pure-Flavors-Disposable-Vape-0-2-3-5Nicotine-12Taste-Vape-Factory-Wholesale-pgvape-14-534x360.png 534w, https:\/\/pgvape.com\/wp-content\/uploads\/2026\/01\/Bang-Blaze-140000-140K-Puffs-3in1-3-Pure-Flavors-Disposable-Vape-0-2-3-5Nicotine-12Taste-Vape-Factory-Wholesale-pgvape-14-595x401.png 595w, https:\/\/pgvape.com\/wp-content\/uploads\/2026\/01\/Bang-Blaze-140000-140K-Puffs-3in1-3-Pure-Flavors-Disposable-Vape-0-2-3-5Nicotine-12Taste-Vape-Factory-Wholesale-pgvape-14-400x270.png 400w, https:\/\/pgvape.com\/wp-content\/uploads\/2026\/01\/Bang-Blaze-140000-140K-Puffs-3in1-3-Pure-Flavors-Disposable-Vape-0-2-3-5Nicotine-12Taste-Vape-Factory-Wholesale-pgvape-14-768x518.png 768w, https:\/\/pgvape.com\/wp-content\/uploads\/2026\/01\/Bang-Blaze-140000-140K-Puffs-3in1-3-Pure-Flavors-Disposable-Vape-0-2-3-5Nicotine-12Taste-Vape-Factory-Wholesale-pgvape-14-18x12.png 18w, https:\/\/pgvape.com\/wp-content\/uploads\/2026\/01\/Bang-Blaze-140000-140K-Puffs-3in1-3-Pure-Flavors-Disposable-Vape-0-2-3-5Nicotine-12Taste-Vape-Factory-Wholesale-pgvape-14-600x404.png 600w\" sizes=\"auto, (max-width: 1500px) 100vw, 1500px\" \/><\/p>\n<p>&nbsp;<\/p>\n<h2><span style=\"font-size: 90%;\">Cz\u0119sto zadawane pytania dotycz\u0105ce Bang Blaze 140000 140K Puffs 3w1 3 Pure Flavours Jednorazowy waporyzator<\/span><\/h2>\n<p>\u2753 <strong class=\"\">Jak dzia\u0142a prze\u0142\u0105czanie 3 w 1?<\/strong><br \/>\n\u2705 <strong class=\"\">Prze\u0142\u0105cznik r\u0119czny<\/strong> zamienia si\u0119 pomi\u0119dzy <strong>trzy oddzielne zbiorniki<\/strong>\u2014zero posmaku duch\u00f3w.<\/p>\n<p>\u2753 <strong class=\"\">Czy to naprawd\u0119 daje 140 tys. zaci\u0105gni\u0119\u0107?<\/strong><br \/>\n\u2705 <strong>\u0141\u0105cznie 45 ml p\u0142ynu<\/strong> obs\u0142uguje <strong>140 tys. zaci\u0105gni\u0119\u0107<\/strong>; rzeczywista liczba r\u00f3\u017cni si\u0119 w zale\u017cno\u015bci od stylu rysowania.<\/p>\n<p>\u2753 <strong class=\"\">Dlaczego potr\u00f3jne cewki?<\/strong><br \/>\n\u2705 <strong class=\"\">Ka\u017cdy zbiornik posiada cewk\u0119 o oczku 1,0 \u03a9<\/strong>\u2014 brak posmaku, \u015bwie\u017ce nasycenie, wsp\u00f3lne obci\u0105\u017cenie prac\u0105.<\/p>\n<p>\u2753 <strong>Jak d\u0142ugo wytrzymuje bateria?<\/strong><br \/>\n\u2705 <strong>550 mAh<\/strong> = intensywne u\u017cytkowanie przez ca\u0142y dzie\u0144; <strong>Typ C<\/strong> \u0142adowanie utrzymuje napi\u0119cie na stabilnym poziomie a\u017c do ostatniego zaci\u0105gni\u0119cia.<\/p>\n<p>\u2753 <strong class=\"\">Jakie moce nikotyny s\u0105 oferowane?<\/strong><br \/>\n\u2705 <strong>0 %, 2 %, 3 %, 5 %<\/strong>\u2014 wybierz przy kasie.<\/p>\n<p>\u2753 <strong>Czy mog\u0119 go ponownie nape\u0142ni\u0107 lub u\u017cy\u0107 ponownie?<\/strong><br \/>\n\u2705 <strong class=\"\">NIE<\/strong>\u2014 pozbywaj si\u0119 odpowiedzialnie <strong>trzy zbiorniki<\/strong> s\u0105 puste.<\/p>\n<p>&nbsp;<\/p>\n<h3 id=\"brxe-najhln\" class=\"brxe-heading\">Cz\u0119sto zadawane pytania (FAQ)<\/h3>\n<div id=\"brxe-rajiac\" class=\"brxe-text\">\n<p><strong>P: Jakie metody p\u0142atno\u015bci akceptujecie?<\/strong><br \/>\nOdp.: Akceptujemy PayPal, Stripe, przelewy bankowe (obs\u0142ugiwane SEPA), g\u0142\u00f3wne karty kredytowe (Visa, MasterCard, American Express) i p\u0142atno\u015bci w kryptowalutach.<\/p>\n<p><strong>P: Jak d\u0142ugo trwa przygotowanie zam\u00f3wienia?<\/strong><br \/>\nOdp.: Przygotowanie zam\u00f3wienia zajmuje 1-3 dni robocze.<\/p>\n<p><strong>P: Jaki jest czas wysy\u0142ki?<\/strong><br \/>\nOdp.: Czas wysy\u0142ki wynosi 7-14 dni roboczych, w zale\u017cno\u015bci od Twojej lokalizacji. Dostawa towar\u00f3w z europejskich magazyn\u00f3w trwa zazwyczaj 3-6 dni roboczych.<\/p>\n<p><strong>P: Jak mog\u0119 \u015bledzi\u0107 moje zam\u00f3wienie?<\/strong><br \/>\nOdp.: Po wysy\u0142ce otrzymasz wiadomo\u015b\u0107 e-mail z potwierdzeniem i numerem przesy\u0142ki umo\u017cliwiaj\u0105cym \u015bledzenie w czasie rzeczywistym.<\/p>\n<p><strong>P: Jaka jest Twoja polityka zwrot\u00f3w?<\/strong><br \/>\nOdp.: Oferujemy 30-dniow\u0105 polityk\u0119 zwrot\u00f3w lub wymiany. .<\/p>\n<p><strong>P: Czy wyst\u0105pi\u0105 jakie\u015b problemy celne?<br \/>\n<\/strong>Obs\u0142ugujemy wszystkie procedury odprawy celnej, aby zapewni\u0107 Ci bezproblemow\u0105 obs\u0142ug\u0119. .<\/p>\n<p><strong>P: Jakie metody wysy\u0142ki s\u0105 stosowane?<\/strong><br \/>\nWsp\u00f3\u0142pracujemy z firmami UPS\/DHL\/FEDEX\/DPD itp. W zale\u017cno\u015bci od kraju dostawy wybierzemy odpowiedni\u0105 opcj\u0119 wysy\u0142ki, tak aby produkty dotar\u0142y do \u200b\u200bPa\u0144stwa najszybciej jak to mo\u017cliwe.<\/p>\n<p><a href=\"https:\/\/pgvape.com\/pl\/czesto-zadawane-pytania\/\">Kliknij tutaj, aby uzyska\u0107 wi\u0119cej cz\u0119sto zadawanych pyta\u0144<\/a><\/p>\n<p>Szanowni klienci, je\u015bli masz jakiekolwiek pytania dotycz\u0105ce zam\u00f3wienia lub przybycia towaru, skontaktuj si\u0119 z naszym dzia\u0142em obs\u0142ugi klienta. Dzi\u0119kuj\u0119!<\/p>\n<h3 data-sourcepos=\"73:1-73:21\"><strong data-sourcepos=\"73:7-73:21\">Skontaktuj si\u0119 z nami<\/strong><\/h3>\n<div id=\"text-2419739398\" class=\"text\">\n<p><strong data-sourcepos=\"75:3-75:12\">E-mail<\/strong>:\u00a0<a href=\"mailto:support@pgvape.com\"><strong>support@pgvape.com<\/strong><\/a><\/p>\n<p><strong data-sourcepos=\"76:3-76:15\">WhatsApp<\/strong>:\u00a0<a href=\"https:\/\/wa.me\/+8618128481258\"><strong>+86 18128481258<\/strong><\/a><br \/>\n<strong>(Odpowied\u017a w ci\u0105gu 24 godzin w dni robocze)<\/strong><\/p>\n<\/div>\n<h3><strong>Dzi\u0119kujemy za wybranie pgvape.com! .<\/strong><\/h3>\n<\/div>","protected":false},"excerpt":{"rendered":"<p><strong>BANG BLAZE 140 tys<\/strong>\u2014<strong>140 tys. zaci\u0105gni\u0119\u0107<\/strong>, <strong>45ml<\/strong>, <strong>potr\u00f3jna siatka 1,0 \u03a9<\/strong>, <strong>Prze\u0142\u0105cznik 3 w 1<\/strong>, \u00a0<strong>0-5 % nic<\/strong>.<strong>Trzy smaki, jeden blask, miesi\u0105ce chmur.<\/strong><\/p>","protected":false},"featured_media":8533,"comment_status":"open","ping_status":"closed","template":"","meta":{"_seopress_robots_primary_cat":"none","_seopress_titles_title":"","_seopress_titles_desc":"","_seopress_robots_index":""},"product_brand":[49,516],"product_cat":[529,33,515],"product_tag":[531,555,554,553,90,59],"class_list":{"0":"post-8503","1":"product","2":"type-product","3":"status-publish","4":"has-post-thumbnail","6":"product_brand-bang-blaze-vape","7":"product_brand-disposable-vape","8":"product_cat-140k-puffs-vape","9":"product_cat-bang-blaze-vape","10":"product_cat-disposable-vape","11":"product_tag-140k-puffs-vape","12":"product_tag-3-pure-flavors","13":"product_tag-3in1","14":"product_tag-bang-blaze-140000","15":"product_tag-disposable-vape","16":"product_tag-mouth-to-lung-mtl","18":"first","19":"instock","20":"sale","21":"shipping-taxable","22":"purchasable","23":"product-type-variable"},"_links":{"self":[{"href":"https:\/\/pgvape.com\/pl\/wp-json\/wp\/v2\/product\/8503","targetHints":{"allow":["GET"]}}],"collection":[{"href":"https:\/\/pgvape.com\/pl\/wp-json\/wp\/v2\/product"}],"about":[{"href":"https:\/\/pgvape.com\/pl\/wp-json\/wp\/v2\/types\/product"}],"replies":[{"embeddable":true,"href":"https:\/\/pgvape.com\/pl\/wp-json\/wp\/v2\/comments?post=8503"}],"wp:featuredmedia":[{"embeddable":true,"href":"https:\/\/pgvape.com\/pl\/wp-json\/wp\/v2\/media\/8533"}],"wp:attachment":[{"href":"https:\/\/pgvape.com\/pl\/wp-json\/wp\/v2\/media?parent=8503"}],"wp:term":[{"taxonomy":"product_brand","embeddable":true,"href":"https:\/\/pgvape.com\/pl\/wp-json\/wp\/v2\/product_brand?post=8503"},{"taxonomy":"product_cat","embeddable":true,"href":"https:\/\/pgvape.com\/pl\/wp-json\/wp\/v2\/product_cat?post=8503"},{"taxonomy":"product_tag","embeddable":true,"href":"https:\/\/pgvape.com\/pl\/wp-json\/wp\/v2\/product_tag?post=8503"}],"curies":[{"name":"wp","href":"https:\/\/api.w.org\/{rel}","templated":true}]}}