{"id":8460,"date":"2026-01-14T07:58:10","date_gmt":"2026-01-14T07:58:10","guid":{"rendered":"https:\/\/pgvape.com\/?post_type=product&#038;p=8460"},"modified":"2026-03-15T13:48:39","modified_gmt":"2026-03-15T13:48:39","slug":"bang-blaze-200000-6w1-smaki-200k-zaciagniec-jednorazowe-vape-0-2-3-5nikotyna-12smak-inteligentny-ekran-vape-fabryka-hurtownia","status":"publish","type":"product","link":"https:\/\/pgvape.com\/pl\/produkt\/bang-blaze-200000-6w1-smaki-200k-zaciagniec-jednorazowe-vape-0-2-3-5nikotyna-12smak-inteligentny-ekran-vape-fabryka-hurtownia\/","title":{"rendered":"Bang Blaze 200000 6in1 Smaki 200k Puffs Jednorazowe Vape 0% 2% 3% 5%Nikotyna 12Taste Inteligentny Ekran Vape Fabryka Hurtowa"},"content":{"rendered":"<p><strong data-sourcepos=\"6:5-6:25\">BANG BLAZE 200K<\/strong> to prze\u0142omowy, jednorazowy waporyzator o wielu smakach, kt\u00f3ry na nowo definiuje pojemno\u015b\u0107 i r\u00f3\u017cnorodno\u015b\u0107. <strong data-sourcepos=\"6:136-6:154\">sze\u015bciok\u0105tny korpus<\/strong> mieszkania <strong data-sourcepos=\"6:163-6:200\">sze\u015b\u0107 niezale\u017cnych kom\u00f3r na e-liquid<\/strong>, umo\u017cliwia u\u017cytkownikom natychmiastow\u0105 zmian\u0119 pomi\u0119dzy sze\u015bcioma r\u00f3\u017cnymi smakami, bez wzajemnego ska\u017cenia. <strong data-sourcepos=\"6:321-6:344\">Ocena 200 000 zaci\u0105gni\u0119\u0107<\/strong> i masywny <strong data-sourcepos=\"6:359-6:391\">Ca\u0142kowita pojemno\u015b\u0107 e-liquidu 72 ml<\/strong>, zosta\u0142 zaprojektowany z my\u015bl\u0105 o ekstremalnej trwa\u0142o\u015bci. <strong data-sourcepos=\"6:446-6:463\">inteligentny wy\u015bwietlacz<\/strong>, <strong data-sourcepos=\"6:465-6:496\">Akumulator o pojemno\u015bci 650 mAh<\/strong>, <strong data-sourcepos=\"6:498-6:522\">Szybkie \u0142adowanie typu C<\/strong>, I <strong data-sourcepos=\"6:528-6:551\">sze\u015b\u0107 cewek siatkowych 1,0 \u03a9<\/strong>, zapewnia najwy\u017cszej jako\u015bci, p\u0142ynne i wszechstronne wra\u017cenia z waporyzacji dla wszystkich poziom\u00f3w u\u017cytkownik\u00f3w.<\/p>\n<p>&nbsp;<\/p>\n<h2><span style=\"font-size: 90%;\">Bang Blaze 200000 Smaki 6w1 200 tys. Ptysi\u00f3w <a href=\"https:\/\/pgvape.com\/pl\/kategoria-produktu\/jednorazowy-waporyzator\/\">Jednorazowy Vape<\/a> Dane techniczne:<\/span><\/h2>\n<p>\ud83d\udd04\u00a0<strong data-sourcepos=\"11:6-11:32\">Rotacja smak\u00f3w 6 w 1<\/strong>\u00a0\u2013 Sze\u015b\u0107 oddzielnych kom\u00f3r o pojemno\u015bci 12 ml; Obr\u00f3\u0107 ustnik, aby zmienia\u0107 smaki.<\/p>\n<p>\ud83d\udca8\u00a0<strong data-sourcepos=\"12:6-12:29\">Niezr\u00f3wnana trwa\u0142o\u015b\u0107<\/strong>\u00a0\u2013 Do 200 000 zaci\u0105gni\u0119\u0107 z ca\u0142kowitej pojemno\u015bci e-liquidu wynosz\u0105cej 72 ml.<\/p>\n<p>\ud83d\udda5\ufe0f\u00a0<strong data-sourcepos=\"13:7-13:31\">Inteligentny ekran wy\u015bwietlacza<\/strong>\u00a0\u2013 Poziom na\u0142adowania baterii w czasie rzeczywistym i indywidualne monitorowanie zbiornika e-liquidu.<\/p>\n<p>\ud83d\udd0b\u00a0<strong data-sourcepos=\"14:6-14:46\">Bateria 650 mAh + szybkie \u0142adowanie USB-C<\/strong>\u00a0\u2013 Mo\u017cna \u0142adowa\u0107 do d\u0142ugotrwa\u0142ego u\u017cytkowania.<\/p>\n<p>\ud83d\udd25\u00a0<strong data-sourcepos=\"15:6-15:29\">Sze\u015b\u0107 cewek siatkowych 1,0 \u03a9<\/strong>\u00a0\u2013 Jedna na komor\u0119 dla sp\u00f3jnej, g\u0142adkiej pary i czystego smaku.<\/p>\n<p>\u2699\ufe0f\u00a0<strong data-sourcepos=\"16:6-16:36\">Sze\u015bciok\u0105tna ergonomiczna konstrukcja<\/strong>\u00a0- Stabilny, stylowy i \u0142atwy do uchwycenia.<\/p>\n<p>\ud83d\udce6\u00a0<strong data-sourcepos=\"17:6-17:24\">Opakowanie zbiorcze<\/strong>\u00a0\u2013 10 sztuk w pude\u0142ku, 100 sztuk w kartonie dla efektywno\u015bci hurtowej.<\/p>\n<p>&nbsp;<\/p>\n<h3><span style=\"font-size: 90%;\">Bang Blaze 200000 6w1 Smaki 200k Puff\u00f3w Jednorazowa lista smak\u00f3w Vape:<\/span><\/h3>\n<p>1. L\u00f3d Brzoskwiniowy \/ Limonka Cytrynowa \/ Arbuz Truskawkowy \/ Winogrono Malinowe \/ Mamba Truskawkowa \/ Granat Wi\u015bniowy<\/p>\n<p>2. Arbuz L\u00f3d \/ Jab\u0142ko Winogrono \/ Jagoda Malina \/ Mango Brzoskwinia \/ Ananas Pomara\u0144cza \/ Jagoda Brzoskwinia<\/p>\n<p>3. L\u00f3d winogronowy \/ Cytryna malinowa \/ Red Bull jagodowy \/ Kokos ananasowy \/ Liczi truskawkowe \/ L\u00f3d czarnego smoka<\/p>\n<p>4.Jagodowy l\u00f3d \/ Malinowy arbuz \/ Aloe Vera winogronowy \/ Truskawkowy banan \/ Love 66 \/ Bor\u00f3wka wi\u015bniowa<\/p>\n<p>5. Lody jab\u0142kowe \/ Mieszane jagody \/ Guma balonowa z arbuza \/ Arbuz jagodowy \/ Mango truskawkowe \/ Kantalupa z aloesem i mango<\/p>\n<p>6. L\u00f3d ananasowy \/ Kiwi Marakuja \/ Gujawa w kszta\u0142cie nied\u017awiedzia \/ Arbuz Smoczy owoc \/ Brzoskwinia Mango Arbuz \/ Jagoda \u017burawina Wi\u015bnia<\/p>\n<p>7.Truskawka \/ L\u00f3d ananasowy z czarn\u0105 porzeczk\u0105 \/ Owoce tropikalne \/ Guma balonowa z winogron \/ Winogrona jagodowe \/ Marakuja z mango<\/p>\n<p>8.Triple Mango \/ Winogrono Brzoskwiniowe \/ Lody Truskawkowe \/ Truskawkowe Kiwi \/ Winogronowy Energia \/ Czerwona Cola<\/p>\n<p>9. L\u00f3d bananowy \/ Jab\u0142ko Aloe Vera \/ Winogrono z marakuji \/ Truskawka kokosowa \/ Truskawkowa guma balonowa z arbuzem \/ L\u00f3d z arbuza i limonki<\/p>\n<p>10. L\u00f3d Wi\u015bniowy \/ R\u00f3\u017cowa Cytryna \/ Jagoda Mi\u0119towa \/ Lody Bananowe \/ Lody Marakui Ananasowo-Brzoskwiniowe \/ Zielone Jab\u0142ko Kiwi<\/p>\n<p>11.Rainbow CY \/ Brzoskwiniowo-Gruszkowy L\u00f3d \/ Cappuccino \/ \u015awie\u017ca Mi\u0119ta Mojito \/ Truskawka Mango Czarna Porzeczka \/ Marshmallow<\/p>\n<p>12.Czarna Porzeczka \/ Potr\u00f3jny Melon \/ Truskawka Malina \/ Super Jagoda \/ Bor\u00f3wka Je\u017cyna Truskawka \/ Brzoskwinia Woda Cytrynowa<img loading=\"lazy\" decoding=\"async\" class=\"alignnone wp-image-8471 size-full\" src=\"https:\/\/pgvape.com\/wp-content\/uploads\/2026\/01\/Bang-Blaze-200000-6in1-Flavors-200k-Puffs-Disposable-Vape-0-2-3-5Nicotine-12Taste-Smart-Screen-Vape-Factory-Wholesale-9.png\" alt=\"Dwa rz\u0119dy butelek napoj\u00f3w energetycznych Bang z postaciami z kresk\u00f3wek na etykietach, kolorowymi nazwami smak\u00f3w i banerem z 12 smakami.\" width=\"1500\" height=\"1564\" srcset=\"https:\/\/pgvape.com\/wp-content\/uploads\/2026\/01\/Bang-Blaze-200000-6in1-Flavors-200k-Puffs-Disposable-Vape-0-2-3-5Nicotine-12Taste-Smart-Screen-Vape-Factory-Wholesale-9.png 1500w, https:\/\/pgvape.com\/wp-content\/uploads\/2026\/01\/Bang-Blaze-200000-6in1-Flavors-200k-Puffs-Disposable-Vape-0-2-3-5Nicotine-12Taste-Smart-Screen-Vape-Factory-Wholesale-9-345x360.png 345w, https:\/\/pgvape.com\/wp-content\/uploads\/2026\/01\/Bang-Blaze-200000-6in1-Flavors-200k-Puffs-Disposable-Vape-0-2-3-5Nicotine-12Taste-Smart-Screen-Vape-Factory-Wholesale-9-595x620.png 595w, https:\/\/pgvape.com\/wp-content\/uploads\/2026\/01\/Bang-Blaze-200000-6in1-Flavors-200k-Puffs-Disposable-Vape-0-2-3-5Nicotine-12Taste-Smart-Screen-Vape-Factory-Wholesale-9-384x400.png 384w, https:\/\/pgvape.com\/wp-content\/uploads\/2026\/01\/Bang-Blaze-200000-6in1-Flavors-200k-Puffs-Disposable-Vape-0-2-3-5Nicotine-12Taste-Smart-Screen-Vape-Factory-Wholesale-9-768x801.png 768w, https:\/\/pgvape.com\/wp-content\/uploads\/2026\/01\/Bang-Blaze-200000-6in1-Flavors-200k-Puffs-Disposable-Vape-0-2-3-5Nicotine-12Taste-Smart-Screen-Vape-Factory-Wholesale-9-1473x1536.png 1473w, https:\/\/pgvape.com\/wp-content\/uploads\/2026\/01\/Bang-Blaze-200000-6in1-Flavors-200k-Puffs-Disposable-Vape-0-2-3-5Nicotine-12Taste-Smart-Screen-Vape-Factory-Wholesale-9-12x12.png 12w, https:\/\/pgvape.com\/wp-content\/uploads\/2026\/01\/Bang-Blaze-200000-6in1-Flavors-200k-Puffs-Disposable-Vape-0-2-3-5Nicotine-12Taste-Smart-Screen-Vape-Factory-Wholesale-9-600x626.png 600w\" sizes=\"auto, (max-width: 1500px) 100vw, 1500px\" \/><\/p>\n<p>&nbsp;<\/p>\n<h2>Cz\u0119sto zadawane pytania dotycz\u0105ce Bang Blaze 200000 6w1 Smaki 200 tys. Puff\u00f3w Jednorazowy waporyzator<\/h2>\n<p>\u2753 <strong>Co jest specjalnego w tym urz\u0105dzeniu?<\/strong><br \/>\n\u2705 <strong>Sze\u015b\u0107 niezale\u017cnych zbiornik\u00f3w<\/strong>\u2014jedno urz\u0105dzenie, <strong>sze\u015b\u0107 czystych smak\u00f3w<\/strong>, <strong>200 tys. zaci\u0105gni\u0119\u0107<\/strong>.<\/p>\n<p>\u2753 <strong>Jak zmieni\u0107 smaki?<\/strong><br \/>\n\u2705 <strong>Podnie\u015b i obr\u00f3\u0107 ustnik<\/strong>\u2014 zbiornik prze\u0142\u0105cza si\u0119 natychmiast, zero nieprzyjemnych posmak\u00f3w.<\/p>\n<p>\u2753 <strong class=\"\">Czy mo\u017cna go \u0142adowa\u0107?<\/strong><br \/>\n\u2705 <strong>650 mAh<\/strong> bateria + <strong>Typ C<\/strong>; <strong>45-60 minut<\/strong> pe\u0142ne na\u0142adowanie.<\/p>\n<p>\u2753 <strong>Ile zaci\u0105gni\u0119\u0107 mog\u0119 uzyska\u0107?<\/strong><br \/>\n\u2705 Testowany laboratoryjnie <strong>200 000 zaci\u0105gni\u0119\u0107<\/strong>\u2014miesi\u0105ce codziennego u\u017cytkowania (rzeczywiste zu\u017cycie mo\u017ce si\u0119 r\u00f3\u017cni\u0107).<\/p>\n<p>\u2753 <strong>Czy ma ekran?<\/strong><br \/>\n\u2705 <strong>Inteligentny wy\u015bwietlacz<\/strong> wida\u0107 <strong>bateria<\/strong> I <strong>pozosta\u0142y e-liquid<\/strong> na zbiornik.<\/p>\n<p>\u2753 <strong>Jakie moce nikotyny s\u0105 dost\u0119pne?<\/strong><br \/>\n\u2705 <strong>0 %, 2 %, 3 %, 5 %<\/strong>\u2014 wybierz moc przy kasie.<\/p>\n<p>\u2753 <strong>Czy mo\u017cna go ponownie nape\u0142ni\u0107 lub wykorzysta\u0107 ponownie?<\/strong><br \/>\n\u2705 <strong>NIE<\/strong>\u2014 pozbywaj si\u0119 odpowiedzialnie <strong>sze\u015b\u0107 czo\u0142g\u00f3w<\/strong> s\u0105 puste.<\/p>\n<p>\u2753 <strong>Czy para jest g\u0142adka?<\/strong><br \/>\n\u2705 <strong>Sze\u015b\u0107 cewek siatkowych<\/strong> dostarcza\u0107 <strong>bogaty, g\u0142adki, bezwonny<\/strong> para przy ka\u017cdym zaci\u0105gni\u0119ciu.<\/p>\n<p>\u2753 <strong>Przyjazny dla pocz\u0105tkuj\u0105cych?<\/strong><br \/>\n\u2705 <strong>Aktywowano losowanie<\/strong>, <strong>brak konfiguracji<\/strong>, <strong>inteligentny wy\u015bwietlacz<\/strong>\u2014gotowy do wapowania po wyj\u0119ciu z pude\u0142ka.<\/p>\n<p>&nbsp;<\/p>\n<h3 id=\"brxe-najhln\" class=\"brxe-heading\">Cz\u0119sto zadawane pytania (FAQ)<\/h3>\n<div id=\"brxe-rajiac\" class=\"brxe-text\">\n<p><strong>P: Jakie metody p\u0142atno\u015bci akceptujecie?<\/strong><br \/>\nOdp.: Akceptujemy PayPal, Stripe, przelewy bankowe (obs\u0142ugiwane SEPA), g\u0142\u00f3wne karty kredytowe (Visa, MasterCard, American Express) i p\u0142atno\u015bci w kryptowalutach.<\/p>\n<p><strong>P: Jak d\u0142ugo trwa przygotowanie zam\u00f3wienia?<\/strong><br \/>\nOdp.: Przygotowanie zam\u00f3wienia zajmuje 1-3 dni robocze.<\/p>\n<p><strong>P: Jaki jest czas wysy\u0142ki?<\/strong><br \/>\nOdp.: Czas wysy\u0142ki wynosi 7-14 dni roboczych, w zale\u017cno\u015bci od Twojej lokalizacji. Dostawa towar\u00f3w z europejskich magazyn\u00f3w trwa zazwyczaj 3-6 dni roboczych.<\/p>\n<p><strong>P: Jak mog\u0119 \u015bledzi\u0107 moje zam\u00f3wienie?<\/strong><br \/>\nOdp.: Po wysy\u0142ce otrzymasz wiadomo\u015b\u0107 e-mail z potwierdzeniem i numerem przesy\u0142ki umo\u017cliwiaj\u0105cym \u015bledzenie w czasie rzeczywistym.<\/p>\n<p><strong>P: Jaka jest Twoja polityka zwrot\u00f3w?<\/strong><br \/>\nOdp.: Oferujemy 30-dniow\u0105 polityk\u0119 zwrot\u00f3w lub wymiany. .<\/p>\n<p><strong>P: Czy wyst\u0105pi\u0105 jakie\u015b problemy celne?<br \/>\n<\/strong>Obs\u0142ugujemy wszystkie procedury odprawy celnej, aby zapewni\u0107 Ci bezproblemow\u0105 obs\u0142ug\u0119. .<\/p>\n<p><strong>P: Jakie metody wysy\u0142ki s\u0105 stosowane?<\/strong><br \/>\nWsp\u00f3\u0142pracujemy z firmami UPS\/DHL\/FEDEX\/DPD itp. W zale\u017cno\u015bci od kraju dostawy wybierzemy odpowiedni\u0105 opcj\u0119 wysy\u0142ki, tak aby produkty dotar\u0142y do \u200b\u200bPa\u0144stwa najszybciej jak to mo\u017cliwe.<\/p>\n<p><a href=\"https:\/\/pgvape.com\/pl\/czesto-zadawane-pytania\/\">Kliknij tutaj, aby uzyska\u0107 wi\u0119cej cz\u0119sto zadawanych pyta\u0144<\/a><\/p>\n<p>Szanowni klienci, je\u015bli masz jakiekolwiek pytania dotycz\u0105ce zam\u00f3wienia lub przybycia towaru, skontaktuj si\u0119 z naszym dzia\u0142em obs\u0142ugi klienta. Dzi\u0119kuj\u0119!<\/p>\n<h3 data-sourcepos=\"73:1-73:21\"><strong data-sourcepos=\"73:7-73:21\">Skontaktuj si\u0119 z nami<\/strong><\/h3>\n<div id=\"text-2419739398\" class=\"text\">\n<p><strong data-sourcepos=\"75:3-75:12\">E-mail<\/strong>:\u00a0<a href=\"mailto:support@pgvape.com\"><strong>support@pgvape.com<\/strong><\/a><\/p>\n<p><strong data-sourcepos=\"76:3-76:15\">WhatsApp<\/strong>:\u00a0<a href=\"https:\/\/wa.me\/+8618128481258\"><strong>+86 18128481258<\/strong><\/a><br \/>\n<strong>(Odpowied\u017a w ci\u0105gu 24 godzin w dni robocze)<\/strong><\/p>\n<\/div>\n<h3><strong>Dzi\u0119kujemy za wybranie pgvape.com! .<\/strong><\/h3>\n<\/div>","protected":false},"excerpt":{"rendered":"<p><strong>BANG BLAZE 6 w 1<\/strong>\u2014<strong>200 tys. zaci\u0105gni\u0119\u0107<\/strong>, <strong>72ml<\/strong>, <strong>sze\u015b\u0107 czo\u0142g\u00f3w<\/strong>, <strong>sze\u015bciok\u0105tny korpus<\/strong>, <strong>inteligentny wy\u015bwietlacz<\/strong>, <strong>0-5 % nic<\/strong>.<strong class=\"\">Obr\u00f3\u0107 raz, spr\u00f3buj sze\u015b\u0107, wapuj przez p\u00f3\u0142 roku.<\/strong><\/p>","protected":false},"featured_media":8463,"comment_status":"open","ping_status":"closed","template":"","meta":{"_seopress_robots_primary_cat":"none","_seopress_titles_title":"","_seopress_titles_desc":"","_seopress_robots_index":""},"product_brand":[549,49,516],"product_cat":[548,33,515],"product_tag":[552,551,550,90,81],"class_list":{"0":"post-8460","1":"product","2":"type-product","3":"status-publish","4":"has-post-thumbnail","6":"product_brand-200k-puffs-vape","7":"product_brand-bang-blaze-vape","8":"product_brand-disposable-vape","9":"product_cat-200k-puffs-vape","10":"product_cat-bang-blaze-vape","11":"product_cat-disposable-vape","12":"product_tag-200k-puffs-vape","13":"product_tag-6in1-flavors","14":"product_tag-bang-blaze-200000","15":"product_tag-disposable-vape","16":"product_tag-mouth-to-lung","18":"first","19":"instock","20":"sale","21":"shipping-taxable","22":"purchasable","23":"product-type-variable"},"_links":{"self":[{"href":"https:\/\/pgvape.com\/pl\/wp-json\/wp\/v2\/product\/8460","targetHints":{"allow":["GET"]}}],"collection":[{"href":"https:\/\/pgvape.com\/pl\/wp-json\/wp\/v2\/product"}],"about":[{"href":"https:\/\/pgvape.com\/pl\/wp-json\/wp\/v2\/types\/product"}],"replies":[{"embeddable":true,"href":"https:\/\/pgvape.com\/pl\/wp-json\/wp\/v2\/comments?post=8460"}],"wp:featuredmedia":[{"embeddable":true,"href":"https:\/\/pgvape.com\/pl\/wp-json\/wp\/v2\/media\/8463"}],"wp:attachment":[{"href":"https:\/\/pgvape.com\/pl\/wp-json\/wp\/v2\/media?parent=8460"}],"wp:term":[{"taxonomy":"product_brand","embeddable":true,"href":"https:\/\/pgvape.com\/pl\/wp-json\/wp\/v2\/product_brand?post=8460"},{"taxonomy":"product_cat","embeddable":true,"href":"https:\/\/pgvape.com\/pl\/wp-json\/wp\/v2\/product_cat?post=8460"},{"taxonomy":"product_tag","embeddable":true,"href":"https:\/\/pgvape.com\/pl\/wp-json\/wp\/v2\/product_tag?post=8460"}],"curies":[{"name":"wp","href":"https:\/\/api.w.org\/{rel}","templated":true}]}}