{"id":8412,"date":"2026-01-08T12:56:25","date_gmt":"2026-01-08T12:56:25","guid":{"rendered":"https:\/\/pgvape.com\/?post_type=product&#038;p=8412"},"modified":"2026-03-15T13:42:00","modified_gmt":"2026-03-15T13:42:00","slug":"bang-wielokrotnego-napelniania-60000-60k-zaciagniec-2-w-1-podwojne-smaki-jednorazowe-vape-regulowany-przeplyw-powietrza-0-5nikotyna-12smak-inteligentny-ekran-vape-fabryka-hurtowa","status":"publish","type":"product","link":"https:\/\/pgvape.com\/pl\/produkt\/bang-wielokrotnego-napelniania-60000-60k-zaciagniec-2-w-1-podwojne-smaki-jednorazowe-vape-regulowany-przeplyw-powietrza-0-5nikotyna-12smak-inteligentny-ekran-vape-fabryka-hurtowa\/","title":{"rendered":"Bang Refillable 60000 60k Puffs 2 w 1 Podw\u00f3jne Smaki Jednorazowe Vape Regulowany przep\u0142yw powietrza 0%-5%Nikotyna 12Taste Inteligentny ekran Vape Factory Hurtownie"},"content":{"rendered":"<p><strong data-sourcepos=\"6:5-6:26\">Bang 60000 2 w 1<\/strong> to prze\u0142om w zr\u00f3wnowa\u017conym wapowaniu, oferuj\u0105cy wygod\u0119 jednorazowego u\u017cytku z trwa\u0142o\u015bci\u0105 i przyjazno\u015bci\u0105 dla \u015brodowiska systemu wielokrotnego nape\u0142niania. <strong data-sourcepos=\"6:183-6:201\">dwa zbiorniki o pojemno\u015bci 18 ml<\/strong> (ca\u0142kowita pojemno\u015b\u0107 36 ml) umo\u017cliwia natychmiastow\u0105 zmian\u0119 smaku i zapewnia niespotykan\u0105 dotychczas jako\u015b\u0107 <strong data-sourcepos=\"6:285-6:301\">60 000 zaci\u0105gni\u0119\u0107<\/strong>, \u0142\u0105czy w sobie moc, kontrol\u0119 i zmniejszony wp\u0142yw na \u015brodowisko. <strong data-sourcepos=\"6:369-6:386\">inteligentny wy\u015bwietlacz<\/strong> zapewnia przejrzyste monitorowanie baterii i e-liquidu, podczas gdy <strong data-sourcepos=\"6:445-6:476\">Akumulator o pojemno\u015bci 550 mAh<\/strong> z <strong data-sourcepos=\"6:482-6:505\">Szybkie \u0142adowanie przez USB-C<\/strong>, <strong data-sourcepos=\"6:507-6:525\">Cewka siatkowa 1,0 \u03a9<\/strong>, I <strong data-sourcepos=\"6:531-6:553\">regulowany przep\u0142yw powietrza<\/strong> zapewnij najwy\u017cszej jako\u015bci, konfigurowalne wra\u017cenia z waporyzacji. .<\/p>\n<p>&nbsp;<\/p>\n<h2><strong><span style=\"font-size: 90%;\">Bang Refillable 60000 60k Puffs 2 w 1 Double Favours Jednorazowe specyfikacje<\/span><\/strong><\/h2>\n<p><strong data-sourcepos=\"11:6-11:37\">System wielokrotnego nape\u0142niania z dwoma zbiornikami<\/strong>\u00a0\u2013 Dwa zbiorniki o pojemno\u015bci 18 ml umo\u017cliwiaj\u0105ce natychmiastow\u0105 zmian\u0119 smaku i d\u0142u\u017csze u\u017cytkowanie.<\/p>\n<p><strong data-sourcepos=\"12:6-12:30\">Ekologiczny projekt<\/strong>\u00a0\u2013 Mo\u017cliwo\u015b\u0107 ponownego nape\u0142niania w celu zmniejszenia ilo\u015bci odpad\u00f3w, oferuj\u0105c wi\u0119ksz\u0105 warto\u015b\u0107 w miar\u0119 up\u0142ywu czasu.<\/p>\n<p><strong data-sourcepos=\"13:7-13:31\">Inteligentny ekran wy\u015bwietlacza<\/strong>\u00a0\u2013 Przejrzysty odczyt procentu baterii i poziomu e-liquidu.<\/p>\n<p><strong data-sourcepos=\"14:6-14:46\">Bateria 550 mAh + szybkie \u0142adowanie USB-C<\/strong>\u00a0\u2013 Niezawodne zasilanie przez ca\u0142y dzie\u0144 z szybkim \u0142adowaniem.<\/p>\n<p><strong data-sourcepos=\"15:6-15:24\">Cewka siatkowa 1,0 \u03a9<\/strong>\u00a0\u2013 G\u0142adka, bogata para i sp\u00f3jne dostarczanie smaku.<\/p>\n<p><strong data-sourcepos=\"16:7-16:29\">Regulowany przep\u0142yw powietrza<\/strong>\u00a0- Dostosuj sw\u00f3j styl od obcis\u0142ego do przewiewnego.<\/p>\n<p><strong data-sourcepos=\"17:6-17:28\">Do 60 000 zaci\u0105gni\u0119\u0107<\/strong>\u00a0\u2013 Wyj\u0105tkowa \u017cywotno\u015b\u0107 przy intensywnym, d\u0142ugotrwa\u0142ym u\u017cytkowaniu.<\/p>\n<p><strong data-sourcepos=\"18:6-18:26\">Gotowy do sprzeda\u017cy detalicznej<\/strong>\u00a0\u2013 Nowoczesny design i przyjazne dla u\u017cytkownika opakowanie.<\/p>\n<p>&nbsp;<\/p>\n<h3><strong><span style=\"font-size: 90%;\">Bang Refillable 60000 60k Ptysi 2 w 1 Podw\u00f3jne smaki Jednorazowe listy smak\u00f3w Vape:<\/span><\/strong><\/h3>\n<p><strong class=\"\">1. Arbuz lodowy i truskawkowy arbuz<\/strong><\/p>\n<p><strong>2. Mango lodowe i truskawkowe mango<\/strong><\/p>\n<p><strong class=\"\">3. Brzoskwiniowy l\u00f3d i brzoskwinia z mango<\/strong><\/p>\n<p><strong class=\"\">4. Arbuz lodowy i jagodowy arbuz<\/strong><\/p>\n<p><strong class=\"\">5. Mieszanka owoc\u00f3w i potr\u00f3jnych jag\u00f3d<\/strong><\/p>\n<p><strong class=\"\">6. L\u00f3d truskawkowy i banan truskawkowy<\/strong><\/p>\n<p><strong class=\"\">7. L\u00f3d jagodowy i malina jagodowa<\/strong><\/p>\n<p><strong class=\"\">8. Arbuz Wi\u015bnia i Wi\u015bniowa Cola<\/strong><\/p>\n<p><strong class=\"\">9. L\u00f3d jagodowy i mi\u0119ta jagodowa<\/strong><\/p>\n<p><strong class=\"\">10. Ananasowy kokos i l\u00f3d ananasowy<\/strong><\/p>\n<p><strong class=\"\">11.Nap\u00f3j energetyczny i l\u00f3d arbuzowy<\/strong><\/p>\n<p><strong class=\"\">12. Winogrono lodowe i jagodowe<img loading=\"lazy\" decoding=\"async\" class=\"alignnone wp-image-8429 size-full\" src=\"https:\/\/pgvape.com\/wp-content\/uploads\/2026\/01\/Bang-Refillable-60000-60k-Puffs-2-in-1-Double-Flavors-Disposable-Vape-0-2-3-5Nicotine-12Taste-Smart-Screen-Vape-Factory-Wholesale-15.png\" alt=\"Rz\u0119dy kolorowych vape pen\u00f3w z przezroczystymi zbiornikami i neonowymi korpusami, oznaczonymi smakami owocowymi na niebieskim tle.\" width=\"1500\" height=\"1246\" srcset=\"https:\/\/pgvape.com\/wp-content\/uploads\/2026\/01\/Bang-Refillable-60000-60k-Puffs-2-in-1-Double-Flavors-Disposable-Vape-0-2-3-5Nicotine-12Taste-Smart-Screen-Vape-Factory-Wholesale-15.png 1500w, https:\/\/pgvape.com\/wp-content\/uploads\/2026\/01\/Bang-Refillable-60000-60k-Puffs-2-in-1-Double-Flavors-Disposable-Vape-0-2-3-5Nicotine-12Taste-Smart-Screen-Vape-Factory-Wholesale-15-433x360.png 433w, https:\/\/pgvape.com\/wp-content\/uploads\/2026\/01\/Bang-Refillable-60000-60k-Puffs-2-in-1-Double-Flavors-Disposable-Vape-0-2-3-5Nicotine-12Taste-Smart-Screen-Vape-Factory-Wholesale-15-595x494.png 595w, https:\/\/pgvape.com\/wp-content\/uploads\/2026\/01\/Bang-Refillable-60000-60k-Puffs-2-in-1-Double-Flavors-Disposable-Vape-0-2-3-5Nicotine-12Taste-Smart-Screen-Vape-Factory-Wholesale-15-400x332.png 400w, https:\/\/pgvape.com\/wp-content\/uploads\/2026\/01\/Bang-Refillable-60000-60k-Puffs-2-in-1-Double-Flavors-Disposable-Vape-0-2-3-5Nicotine-12Taste-Smart-Screen-Vape-Factory-Wholesale-15-768x638.png 768w, https:\/\/pgvape.com\/wp-content\/uploads\/2026\/01\/Bang-Refillable-60000-60k-Puffs-2-in-1-Double-Flavors-Disposable-Vape-0-2-3-5Nicotine-12Taste-Smart-Screen-Vape-Factory-Wholesale-15-14x12.png 14w, https:\/\/pgvape.com\/wp-content\/uploads\/2026\/01\/Bang-Refillable-60000-60k-Puffs-2-in-1-Double-Flavors-Disposable-Vape-0-2-3-5Nicotine-12Taste-Smart-Screen-Vape-Factory-Wholesale-15-600x498.png 600w\" sizes=\"auto, (max-width: 1500px) 100vw, 1500px\" \/><\/strong><\/p>\n<p>&nbsp;<\/p>\n<h2><span style=\"font-size: 90%;\">Cz\u0119sto zadawane pytania dotycz\u0105ce jednorazowego waporyzatora Bang Refillable 60000 60k Puffs 2 w 1 o podw\u00f3jnych smakach<\/span><\/h2>\n<p>\u2753 Czy Bang 60000 2 w 1 naprawd\u0119 nadaje si\u0119 do wielokrotnego nape\u0142niania?<br \/>\n\u2705 Tak, to urz\u0105dzenie zosta\u0142o zaprojektowane jako jednorazowy waporyzator z mo\u017cliwo\u015bci\u0105 wielokrotnego nape\u0142niania. .<\/p>\n<p>\u2753 Jak prze\u0142\u0105cza\u0107 si\u0119 pomi\u0119dzy dwoma smakami?<br \/>\n\u2705 Bang 60000 2-w-1 ma dwa oddzielne zbiorniki. .<\/p>\n<p>\u2753 Co pokazuje inteligentny ekran?<br \/>\n\u2705Ekran wyra\u017anie pokazuje pozosta\u0142y poziom e-liquidu i procent baterii, pomagaj\u0105c Ci zarz\u0105dza\u0107 waporyzacj\u0105.<\/p>\n<p>\u2753 Ile tak naprawd\u0119 mog\u0119 uzyska\u0107 zaci\u0105gni\u0119\u0107?<br \/>\n\u2705 To urz\u0105dzenie wytrzymuje imponuj\u0105ce 60 000 zaci\u0105gni\u0119\u0107, co sprawia, \u017ce \u200b\u200bBang 60000 2-w-1 jest niezwykle trwa\u0142\u0105 opcj\u0105.a<\/p>\n<p>\u2753 Jak go na\u0142adowa\u0107?<br \/>\n\u2705\u0141adowanie jest \u0142atwe i nowoczesne. .<\/p>\n<p>\u2753 Co sprawia, \u017ce \u200b\u200bjest to urz\u0105dzenie \u201c2 w 1\u201d?<br \/>\n\u2705 \u201c2 w 1\u201d odnosi si\u0119 do systemu podw\u00f3jnych zbiornik\u00f3w na e-liquid, dzi\u0119ki czemu mo\u017cesz mie\u0107 dwa r\u00f3\u017cne smaki gotowe do u\u017cycia w jednym urz\u0105dzeniu Bang 60000.<\/p>\n<p>\u2753 Czy \u0142atwo pozna\u0107 kiedy ko\u0144czy si\u0119 e-liquid?<br \/>\n\u2705 Tak, inteligentny ekran Bang 60000 2-w-1 wyra\u017anie wska\u017ce, kiedy poziom Twojego e-liquidu b\u0119dzie niski, dzi\u0119ki czemu b\u0119dziesz m\u00f3g\u0142 uzupe\u0142ni\u0107 go na czas.<\/p>\n<p>&nbsp;<\/p>\n<h3 id=\"brxe-najhln\" class=\"brxe-heading\">Cz\u0119sto zadawane pytania (FAQ)<\/h3>\n<div id=\"brxe-rajiac\" class=\"brxe-text\">\n<p><strong>P: Jakie metody p\u0142atno\u015bci akceptujecie?<\/strong><br \/>\nOdp.: Akceptujemy PayPal, Stripe, przelewy bankowe (obs\u0142ugiwane SEPA), g\u0142\u00f3wne karty kredytowe (Visa, MasterCard, American Express) i p\u0142atno\u015bci w kryptowalutach.<\/p>\n<p><strong>P: Jak d\u0142ugo trwa przygotowanie zam\u00f3wienia?<\/strong><br \/>\nOdp.: Przygotowanie zam\u00f3wienia zajmuje 1-3 dni robocze.<\/p>\n<p><strong>P: Jaki jest czas wysy\u0142ki?<\/strong><br \/>\nOdp.: Czas wysy\u0142ki wynosi 7-14 dni roboczych, w zale\u017cno\u015bci od Twojej lokalizacji. Dostawa towar\u00f3w z europejskich magazyn\u00f3w trwa zazwyczaj 3-6 dni roboczych.<\/p>\n<p><strong>P: Jak mog\u0119 \u015bledzi\u0107 moje zam\u00f3wienie?<\/strong><br \/>\nOdp.: Po wysy\u0142ce otrzymasz wiadomo\u015b\u0107 e-mail z potwierdzeniem i numerem przesy\u0142ki umo\u017cliwiaj\u0105cym \u015bledzenie w czasie rzeczywistym.<\/p>\n<p><strong>P: Jaka jest Twoja polityka zwrot\u00f3w?<\/strong><br \/>\nOdp.: Oferujemy 30-dniow\u0105 polityk\u0119 zwrot\u00f3w lub wymiany. .<\/p>\n<p><strong>P: Czy wyst\u0105pi\u0105 jakie\u015b problemy celne?<br \/>\n<\/strong>Obs\u0142ugujemy wszystkie procedury odprawy celnej, aby zapewni\u0107 Ci bezproblemow\u0105 obs\u0142ug\u0119. .<\/p>\n<p><strong>P: Jakie metody wysy\u0142ki s\u0105 stosowane?<\/strong><br \/>\nWsp\u00f3\u0142pracujemy z firmami UPS\/DHL\/FEDEX\/DPD itp. W zale\u017cno\u015bci od kraju dostawy wybierzemy odpowiedni\u0105 opcj\u0119 wysy\u0142ki, tak aby produkty dotar\u0142y do \u200b\u200bPa\u0144stwa najszybciej jak to mo\u017cliwe.<\/p>\n<p><a href=\"https:\/\/pgvape.com\/pl\/czesto-zadawane-pytania\/\">Kliknij tutaj, aby uzyska\u0107 wi\u0119cej cz\u0119sto zadawanych pyta\u0144<\/a><\/p>\n<p>Szanowni klienci, je\u015bli masz jakiekolwiek pytania dotycz\u0105ce zam\u00f3wienia lub przybycia towaru, skontaktuj si\u0119 z naszym dzia\u0142em obs\u0142ugi klienta. Dzi\u0119kuj\u0119!<\/p>\n<h3 data-sourcepos=\"73:1-73:21\"><strong data-sourcepos=\"73:7-73:21\">Skontaktuj si\u0119 z nami<\/strong><\/h3>\n<div id=\"text-2419739398\" class=\"text\">\n<p><strong data-sourcepos=\"75:3-75:12\">E-mail<\/strong>:\u00a0<a href=\"mailto:support@pgvape.com\"><strong>support@pgvape.com<\/strong><\/a><\/p>\n<p><strong data-sourcepos=\"76:3-76:15\">WhatsApp<\/strong>:\u00a0<a href=\"https:\/\/wa.me\/+8618128481258\"><strong>+86 18128481258<\/strong><\/a><br \/>\n<strong>(Odpowied\u017a w ci\u0105gu 24 godzin w dni robocze)<\/strong><\/p>\n<\/div>\n<h3><strong>Dzi\u0119kujemy za wybranie pgvape.com! .<\/strong><\/h3>\n<\/div>","protected":false},"excerpt":{"rendered":"<p><strong>Waporyzator Bang 60000 2 w 1 z mo\u017cliwo\u015bci\u0105 ponownego nape\u0142niania<\/strong> oferuje 60 000 zaci\u0105gni\u0119\u0107, podw\u00f3jny zbiornik o pojemno\u015bci 36 ml, \u0142adowanie 550 mAh typu C, inteligentny ekran i regulowany przep\u0142yw powietrza \u2013 oferuj\u0105c wszechstronno\u015b\u0107 smaku, d\u0142ugotrwa\u0142\u0105 wydajno\u015b\u0107 i warto\u015b\u0107 przyjazn\u0105 dla \u015brodowiska dla wymagaj\u0105cych vaper\u00f3w.<\/p>","protected":false},"featured_media":8447,"comment_status":"open","ping_status":"closed","template":"","meta":{"_seopress_robots_primary_cat":"none","_seopress_titles_title":"","_seopress_titles_desc":"","_seopress_robots_index":""},"product_brand":[36,516],"product_cat":[48,25,515],"product_tag":[161,315,135,547,67,90,278],"class_list":{"0":"post-8412","1":"product","2":"type-product","3":"status-publish","4":"has-post-thumbnail","6":"product_brand-bang-vape","7":"product_brand-disposable-vape","8":"product_cat-60k-puffs-vape","9":"product_cat-bang-vape","10":"product_cat-disposable-vape","11":"product_tag-2-in-1","12":"product_tag-60k-puffs-vape","13":"product_tag-adjustable-airflow","14":"product_tag-bang-refillable","15":"product_tag-direct-to-lung-dtl","16":"product_tag-disposable-vape","17":"product_tag-double-flavors","19":"first","20":"instock","21":"sale","22":"shipping-taxable","23":"purchasable","24":"product-type-variable"},"_links":{"self":[{"href":"https:\/\/pgvape.com\/pl\/wp-json\/wp\/v2\/product\/8412","targetHints":{"allow":["GET"]}}],"collection":[{"href":"https:\/\/pgvape.com\/pl\/wp-json\/wp\/v2\/product"}],"about":[{"href":"https:\/\/pgvape.com\/pl\/wp-json\/wp\/v2\/types\/product"}],"replies":[{"embeddable":true,"href":"https:\/\/pgvape.com\/pl\/wp-json\/wp\/v2\/comments?post=8412"}],"wp:featuredmedia":[{"embeddable":true,"href":"https:\/\/pgvape.com\/pl\/wp-json\/wp\/v2\/media\/8447"}],"wp:attachment":[{"href":"https:\/\/pgvape.com\/pl\/wp-json\/wp\/v2\/media?parent=8412"}],"wp:term":[{"taxonomy":"product_brand","embeddable":true,"href":"https:\/\/pgvape.com\/pl\/wp-json\/wp\/v2\/product_brand?post=8412"},{"taxonomy":"product_cat","embeddable":true,"href":"https:\/\/pgvape.com\/pl\/wp-json\/wp\/v2\/product_cat?post=8412"},{"taxonomy":"product_tag","embeddable":true,"href":"https:\/\/pgvape.com\/pl\/wp-json\/wp\/v2\/product_tag?post=8412"}],"curies":[{"name":"wp","href":"https:\/\/api.w.org\/{rel}","templated":true}]}}