{"id":8357,"date":"2026-01-08T09:59:45","date_gmt":"2026-01-08T09:59:45","guid":{"rendered":"https:\/\/pgvape.com\/?post_type=product&#038;p=8357"},"modified":"2026-03-15T13:42:00","modified_gmt":"2026-03-15T13:42:00","slug":"fumot-eco-2w1-50000-50k-zaciagniec-podwojne-smaki-jednorazowe-vape-2-3-5-nikotyna-24-smak-opalizujacy-blask-inteligentny-ekran-wyswietlacza-vape-fabryka-hurtowa","status":"publish","type":"product","link":"https:\/\/pgvape.com\/pl\/produkt\/fumot-eco-2w1-50000-50k-zaciagniec-podwojne-smaki-jednorazowe-vape-2-3-5-nikotyna-24-smak-opalizujacy-blask-inteligentny-ekran-wyswietlacza-vape-fabryka-hurtowa\/","title":{"rendered":"Fumot ECO 2w1 50000 50K Puffs Podw\u00f3jne Smaki Jednorazowe Vape 2% 3% 5%Nikotyna 24Smak Opalizuj\u0105cy Blask Inteligentny Wy\u015bwietlacz Ekran Vape Fabryka Hurtowa"},"content":{"rendered":"<p><strong data-sourcepos=\"6:5-6:29\">Fumot ECO 2 w 1 50 tys<\/strong> na nowo definiuje waporyzacj\u0119 jednorazowego u\u017cytku <strong data-sourcepos=\"6:67-6:97\">system kom\u00f3r o podw\u00f3jnym smaku<\/strong> (10 ml + 10 ml), umo\u017cliwiaj\u0105c u\u017cytkownikom prze\u0142\u0105czanie pomi\u0119dzy dwoma smakami premium w jednym eleganckim urz\u0105dzeniu. <strong data-sourcepos=\"6:202-6:218\">50 000 zaci\u0105gni\u0119\u0107<\/strong> i zasilany d\u0142ugotrwa\u0142ym <strong data-sourcepos=\"6:249-6:280\">Akumulator o pojemno\u015bci 950 mAh<\/strong>, \u0142\u0105czy w sobie wyj\u0105tkow\u0105 wydajno\u015b\u0107 z inteligentnymi funkcjami, takimi jak: <strong data-sourcepos=\"6:357-6:381\">inteligentny ekran<\/strong> i przyci\u0105gaj\u0105ce wzrok <strong data-sourcepos=\"6:399-6:430\">opalizuj\u0105ce, dynamiczne o\u015bwietlenie<\/strong>. <strong data-sourcepos=\"6:437-6:467\">24 wyselekcjonowane pary smak\u00f3w<\/strong>, <strong data-sourcepos=\"6:469-6:497\">trzy mocne strony nikotyny<\/strong>, i wysok\u0105 wydajno\u015b\u0107 <strong data-sourcepos=\"6:522-6:540\">Cewka siatkowa 0,9 \u03a9<\/strong>, jest przeznaczony dla waper\u00f3w, kt\u00f3rzy wymagaj\u0105 r\u00f3\u017cnorodno\u015bci, d\u0142ugowieczno\u015bci i stylu.<\/p>\n<p>&nbsp;<\/p>\n<h2><strong><span style=\"font-size: 90%;\">Fumot ECO 2w1 50000 50K Puffs Double Favours Jednorazowy waporyzator Dane techniczne<\/span><\/strong><\/h2>\n<p><strong data-sourcepos=\"11:6-11:28\">System podw\u00f3jnego smaku<\/strong>\u00a0\u2013 Prze\u0142\u0105czaj pomi\u0119dzy dwiema komorami smakowymi o pojemno\u015bci 10 ml, aby uzyska\u0107 wszechstronne wra\u017cenia z wapowania.<\/p>\n<p><strong data-sourcepos=\"12:7-12:31\">Inteligentny ekran wy\u015bwietlacza<\/strong>\u00a0\u2013 Szybki podgl\u0105d stanu baterii i stanu urz\u0105dzenia w czasie rzeczywistym.<\/p>\n<p><strong data-sourcepos=\"13:5-13:36\">Opalizuj\u0105ce, dynamiczne o\u015bwietlenie<\/strong>\u00a0\u2013 Doskona\u0142y efekt wizualny, kt\u00f3ry zwi\u0119ksza atrakcyjno\u015b\u0107 na p\u00f3\u0142ce.<\/p>\n<p><strong data-sourcepos=\"14:6-14:46\">Bateria 950 mAh + szybkie \u0142adowanie USB-C<\/strong>\u00a0\u2013 Akumulator o du\u017cej pojemno\u015bci umo\u017cliwiaj\u0105cy d\u0142ugotrwa\u0142e u\u017cytkowanie.<\/p>\n<p><strong data-sourcepos=\"15:6-15:24\">Cewka siatkowa 0,9 \u03a9<\/strong>\u00a0\u2013 G\u0142adka, aromatyczna para o sta\u0142ej wydajno\u015bci.<\/p>\n<p><strong data-sourcepos=\"16:6-16:28\">Do 50 000 zaci\u0105gni\u0119\u0107<\/strong>\u00a0\u2013 Wyj\u0105tkowa \u017cywotno\u015b\u0107 dla ci\u0119\u017ckich u\u017cytkownik\u00f3w.<\/p>\n<p><strong data-sourcepos=\"17:6-17:25\">5 jednostek w pude\u0142ku<\/strong>\u00a0\u2013 Usprawnione opakowania do sprzeda\u017cy detalicznej i hurtowej.<\/p>\n<p><strong data-sourcepos=\"18:6-18:36\">Ergonomiczny i stylowy wygl\u0105d<\/strong>\u00a0\u2013 Wygodny uchwyt i nowoczesna estetyka.<\/p>\n<p>&nbsp;<\/p>\n<h3><strong><span style=\"font-size: 90%;\">Fumot ECO 2w1 50000 50K Puffs Double Flavours Jednorazowa lista smak\u00f3w Vape:<\/span><\/strong><\/h3>\n<p>1.Czarna Mamba i Pan Niebieski<\/p>\n<p>2. Czarny l\u00f3d i l\u00f3d winogronowy<\/p>\n<p>3.Brzoskwiniowy l\u00f3d i bia\u0142a mamba<\/p>\n<p>4.Zab\u00f3jczyni i mi\u0142o\u015b\u0107 66<\/p>\n<p>5.Jagodowy Hubba Bubba i Arbuzowy Hubba Bubba<\/p>\n<p>6. \u017belek Winogronowy i \u017belek Truskawkowy<\/p>\n<p>7. Kwa\u015bne jab\u0142ko i soczysta brzoskwinia<\/p>\n<p>8. Lody Fanta i Cola<\/p>\n<p>9.Gummy Mi\u015b i Kr\u0119gle<\/p>\n<p>10.Kaktusowy l\u00f3d i kaktusowy kiwi<\/p>\n<p>11.Brzoskwiniowy arbuz, mango i pina colada<\/p>\n<p>12.Wi\u015bniowy l\u00f3d i niebieska wi\u015bnia Razz<\/p>\n<p>13. Fajny l\u00f3d mi\u0119towo-arbuzowy<\/p>\n<p>14. Arbuz cytrynowo-limonkowy i truskawkowy<\/p>\n<p>15. R\u00f3\u017cowa lemoniada i kwa\u015bne cukierki<\/p>\n<p>16. Vimto i guma balonowa z arbuzem<\/p>\n<p>17. L\u00f3d bananowy i l\u00f3d czarnego smoka<\/p>\n<p>18.Niebieski \u017celek Razz i lody Razz<\/p>\n<p>19. Lody popowe i kiwi Gujawa z marakuji<\/p>\n<p>20. L\u00f3d truskawkowy i bor\u00f3wka<\/p>\n<p>21. Mieszanka jag\u00f3d i lemoniada Blue Razz<\/p>\n<p>22. Lody Red Bull i lody jagodowe<\/p>\n<p>23.Truskawka Kiwi i Jagoda Kwa\u015bna Malina<\/p>\n<p>24.Cola Cytryna i Ananas Cytryna Zielone Jab\u0142ko<img loading=\"lazy\" decoding=\"async\" class=\"alignnone wp-image-8386 size-full\" src=\"https:\/\/pgvape.com\/wp-content\/uploads\/2026\/01\/Fumot-ECO-2-in-1-50000-50K-Puffs-Double-Flavors-Disposable-Vape-2-3-5Nicotine-24Taste-Smart-Display-Screen-Vape-Factory-Wholesale.png\" alt=\"Siatka kolorowych urz\u0105dze\u0144 ECO 2w1 50K w gradientowych korpusach z ma\u0142ymi wy\u015bwietlaczami i etykietami smakowymi.\" width=\"1229\" height=\"1754\" srcset=\"https:\/\/pgvape.com\/wp-content\/uploads\/2026\/01\/Fumot-ECO-2-in-1-50000-50K-Puffs-Double-Flavors-Disposable-Vape-2-3-5Nicotine-24Taste-Smart-Display-Screen-Vape-Factory-Wholesale.png 1229w, https:\/\/pgvape.com\/wp-content\/uploads\/2026\/01\/Fumot-ECO-2-in-1-50000-50K-Puffs-Double-Flavors-Disposable-Vape-2-3-5Nicotine-24Taste-Smart-Display-Screen-Vape-Factory-Wholesale-252x360.png 252w, https:\/\/pgvape.com\/wp-content\/uploads\/2026\/01\/Fumot-ECO-2-in-1-50000-50K-Puffs-Double-Flavors-Disposable-Vape-2-3-5Nicotine-24Taste-Smart-Display-Screen-Vape-Factory-Wholesale-595x849.png 595w, https:\/\/pgvape.com\/wp-content\/uploads\/2026\/01\/Fumot-ECO-2-in-1-50000-50K-Puffs-Double-Flavors-Disposable-Vape-2-3-5Nicotine-24Taste-Smart-Display-Screen-Vape-Factory-Wholesale-280x400.png 280w, https:\/\/pgvape.com\/wp-content\/uploads\/2026\/01\/Fumot-ECO-2-in-1-50000-50K-Puffs-Double-Flavors-Disposable-Vape-2-3-5Nicotine-24Taste-Smart-Display-Screen-Vape-Factory-Wholesale-768x1096.png 768w, https:\/\/pgvape.com\/wp-content\/uploads\/2026\/01\/Fumot-ECO-2-in-1-50000-50K-Puffs-Double-Flavors-Disposable-Vape-2-3-5Nicotine-24Taste-Smart-Display-Screen-Vape-Factory-Wholesale-1076x1536.png 1076w, https:\/\/pgvape.com\/wp-content\/uploads\/2026\/01\/Fumot-ECO-2-in-1-50000-50K-Puffs-Double-Flavors-Disposable-Vape-2-3-5Nicotine-24Taste-Smart-Display-Screen-Vape-Factory-Wholesale-8x12.png 8w, https:\/\/pgvape.com\/wp-content\/uploads\/2026\/01\/Fumot-ECO-2-in-1-50000-50K-Puffs-Double-Flavors-Disposable-Vape-2-3-5Nicotine-24Taste-Smart-Display-Screen-Vape-Factory-Wholesale-600x856.png 600w\" sizes=\"auto, (max-width: 1229px) 100vw, 1229px\" \/><\/p>\n<p>&nbsp;<\/p>\n<h3><strong><span style=\"font-size: 90%;\">Fumot ECO 2w1 50000 50K Puffs Double Favours Jednorazowe wideo Vape:<\/span><\/strong><\/h3>\n<p><iframe loading=\"lazy\" title=\"Fumot ECO 2w1 50000 50K Puffs Podw\u00f3jne Smaki Jednorazowe Vape Opalizuj\u0105cy Glow Vape Fabryka Hurtowa\" width=\"1020\" height=\"574\" src=\"https:\/\/www.youtube.com\/embed\/kVNLWrUJ9Ps?feature=oembed\" frameborder=\"0\" allow=\"accelerometer; autoplay; clipboard-write; encrypted-media; gyroscope; picture-in-picture; web-share\" referrerpolicy=\"strict-origin-when-cross-origin\" allowfullscreen><\/iframe><\/p>\n<p>&nbsp;<\/p>\n<h2><strong><span style=\"font-size: 90%;\">Cz\u0119sto zadawane pytania dotycz\u0105ce Fumot ECO 2w1 50000 50K Puffs Double Flavours Jednorazowy waporyzator<\/span><\/strong><\/h2>\n<p>\u2753 <strong class=\"\">Ile zaci\u0105gni\u0119\u0107 na urz\u0105dzenie?<\/strong><br \/>\n\u2705 Ocena fabryczna <strong>50 000 zaci\u0105gni\u0119\u0107<\/strong>\u2014 tygodnie codziennego u\u017cytkowania.<\/p>\n<p>\u2753 <strong>Jak zmieni\u0107 smak?<\/strong><br \/>\n\u2705 <strong>Dwukomorowy 2 w 1<\/strong>\u2014zmieniaj si\u0119 <strong>dwa wst\u0119pnie nape\u0142nione smaki<\/strong> natychmiast.<\/p>\n<p>\u2753 <strong>Czy mo\u017cna go \u0142adowa\u0107?<\/strong><br \/>\n\u2705 <strong>950 mAh<\/strong> bateria + <strong>Typ C<\/strong> port; pe\u0142ne \u0142adowanie w ~30 min.<\/p>\n<p>\u2753 <strong>Jakie moce nikotyny s\u0105 oferowane?<\/strong><br \/>\n\u2705 <strong>2 %, 3 %, 5 %<\/strong>\u2014 wybierz g\u0142adk\u0105, zr\u00f3wnowa\u017con\u0105 lub mocn\u0105.<\/p>\n<p>\u2753 <strong>Jak zachowa\u0107 bogactwo smaku?<\/strong><br \/>\n\u2705 <strong>Cewka siatkowa 0,9 \u03a9<\/strong> Nagrzewa si\u0119 r\u00f3wnomiernie, tworz\u0105c jedwabiste, g\u0119ste chmury.<\/p>\n<p>\u2753 <strong>Jak monitorowa\u0107 status?<\/strong><br \/>\n\u2705 <strong>Inteligentny wy\u015bwietlacz<\/strong> pokazuje bateri\u0119 i aktywn\u0105 komor\u0119.<\/p>\n<p>\u2753 <strong>Czy na p\u00f3\u0142ce wygl\u0105da na premium?<\/strong><br \/>\n\u2705 <strong>Opalizuj\u0105ce, dynamiczne \u015bwiat\u0142o<\/strong> tworzy przyci\u0105gaj\u0105cy wzrok blask.<\/p>\n<p>\u2753 <strong>Opakowanie gotowe do sprzeda\u017cy detalicznej?<\/strong><br \/>\n\u2705 <strong>5 szt.\/opakowanie<\/strong>\u2014kompaktowy wy\u015bwietlacz, idealny do zam\u00f3wie\u0144 masowych.<\/p>\n<p>&nbsp;<\/p>\n<h3 id=\"brxe-najhln\" class=\"brxe-heading\">Cz\u0119sto zadawane pytania (FAQ)<\/h3>\n<div id=\"brxe-rajiac\" class=\"brxe-text\">\n<p><strong>P: Jakie metody p\u0142atno\u015bci akceptujecie?<\/strong><br \/>\nOdp.: Akceptujemy PayPal, Stripe, przelewy bankowe (obs\u0142ugiwane SEPA), g\u0142\u00f3wne karty kredytowe (Visa, MasterCard, American Express) i p\u0142atno\u015bci w kryptowalutach.<\/p>\n<p><strong>P: Jak d\u0142ugo trwa przygotowanie zam\u00f3wienia?<\/strong><br \/>\nOdp.: Przygotowanie zam\u00f3wienia zajmuje 1-3 dni robocze.<\/p>\n<p><strong>P: Jaki jest czas wysy\u0142ki?<\/strong><br \/>\nOdp.: Czas wysy\u0142ki wynosi 7-14 dni roboczych, w zale\u017cno\u015bci od Twojej lokalizacji. Dostawa towar\u00f3w z europejskich magazyn\u00f3w trwa zazwyczaj 3-6 dni roboczych.<\/p>\n<p><strong>P: Jak mog\u0119 \u015bledzi\u0107 moje zam\u00f3wienie?<\/strong><br \/>\nOdp.: Po wysy\u0142ce otrzymasz wiadomo\u015b\u0107 e-mail z potwierdzeniem i numerem przesy\u0142ki umo\u017cliwiaj\u0105cym \u015bledzenie w czasie rzeczywistym.<\/p>\n<p><strong>P: Jaka jest Twoja polityka zwrot\u00f3w?<\/strong><br \/>\nOdp.: Oferujemy 30-dniow\u0105 polityk\u0119 zwrot\u00f3w lub wymiany. .<\/p>\n<p><strong>P: Czy wyst\u0105pi\u0105 jakie\u015b problemy celne?<br \/>\n<\/strong>Obs\u0142ugujemy wszystkie procedury odprawy celnej, aby zapewni\u0107 Ci bezproblemow\u0105 obs\u0142ug\u0119. .<\/p>\n<p><strong>P: Jakie metody wysy\u0142ki s\u0105 stosowane?<\/strong><br \/>\nWsp\u00f3\u0142pracujemy z firmami UPS\/DHL\/FEDEX\/DPD itp. W zale\u017cno\u015bci od kraju dostawy wybierzemy odpowiedni\u0105 opcj\u0119 wysy\u0142ki, tak aby produkty dotar\u0142y do \u200b\u200bPa\u0144stwa najszybciej jak to mo\u017cliwe.<\/p>\n<p><a href=\"https:\/\/pgvape.com\/pl\/czesto-zadawane-pytania\/\">Kliknij tutaj, aby uzyska\u0107 wi\u0119cej cz\u0119sto zadawanych pyta\u0144<\/a><\/p>\n<p>Szanowni klienci, je\u015bli masz jakiekolwiek pytania dotycz\u0105ce zam\u00f3wienia lub przybycia towaru, skontaktuj si\u0119 z naszym dzia\u0142em obs\u0142ugi klienta. Dzi\u0119kuj\u0119!<\/p>\n<h3 data-sourcepos=\"73:1-73:21\"><strong data-sourcepos=\"73:7-73:21\">Skontaktuj si\u0119 z nami<\/strong><\/h3>\n<div id=\"text-2419739398\" class=\"text\">\n<p><strong data-sourcepos=\"75:3-75:12\">E-mail<\/strong>:\u00a0<a href=\"mailto:support@pgvape.com\"><strong>support@pgvape.com<\/strong><\/a><\/p>\n<p><strong data-sourcepos=\"76:3-76:15\">WhatsApp<\/strong>:\u00a0<a href=\"https:\/\/wa.me\/+8618128481258\"><strong>+86 18128481258<\/strong><\/a><br \/>\n<strong>(Odpowied\u017a w ci\u0105gu 24 godzin w dni robocze)<\/strong><\/p>\n<\/div>\n<h3><strong>Dzi\u0119kujemy za wybranie pgvape.com! .<\/strong><\/h3>\n<\/div>","protected":false},"excerpt":{"rendered":"<p><strong>Fumot ECO 2 w 1 50 tys<\/strong>\u2014<strong>50 tys. zaci\u0105gni\u0119\u0107<\/strong>, <strong>podw\u00f3jny 10ml<\/strong>, <strong>Siatka 0,9 \u03a9<\/strong>, <strong>inteligentny wy\u015bwietlacz<\/strong>, <strong>opalizuj\u0105cy blask<\/strong>, <strong>2-5 % nic<\/strong>.<strong>Zmieniaj smaki, zapalaj i wapuj przez tygodnie.<\/strong><\/p>","protected":false},"featured_media":8360,"comment_status":"open","ping_status":"closed","template":"","meta":{"_seopress_robots_primary_cat":"none","_seopress_titles_title":"","_seopress_titles_desc":"","_seopress_robots_index":""},"product_brand":[516,162],"product_cat":[61,515,26],"product_tag":[370,545,90,278,544,546,217],"class_list":{"0":"post-8357","1":"product","2":"type-product","3":"status-publish","4":"has-post-thumbnail","6":"product_brand-disposable-vape","7":"product_brand-fumot-vape","8":"product_cat-50k-puffs-vape","9":"product_cat-disposable-vape","10":"product_cat-fumot-vape","11":"product_tag-150k-puffs-vape","12":"product_tag-2in1","13":"product_tag-disposable-vape","14":"product_tag-double-flavors","15":"product_tag-fumot-eco","16":"product_tag-iridescent-glow","17":"product_tag-smart-display-screen","19":"first","20":"instock","21":"sale","22":"shipping-taxable","23":"purchasable","24":"product-type-variable"},"_links":{"self":[{"href":"https:\/\/pgvape.com\/pl\/wp-json\/wp\/v2\/product\/8357","targetHints":{"allow":["GET"]}}],"collection":[{"href":"https:\/\/pgvape.com\/pl\/wp-json\/wp\/v2\/product"}],"about":[{"href":"https:\/\/pgvape.com\/pl\/wp-json\/wp\/v2\/types\/product"}],"replies":[{"embeddable":true,"href":"https:\/\/pgvape.com\/pl\/wp-json\/wp\/v2\/comments?post=8357"}],"wp:featuredmedia":[{"embeddable":true,"href":"https:\/\/pgvape.com\/pl\/wp-json\/wp\/v2\/media\/8360"}],"wp:attachment":[{"href":"https:\/\/pgvape.com\/pl\/wp-json\/wp\/v2\/media?parent=8357"}],"wp:term":[{"taxonomy":"product_brand","embeddable":true,"href":"https:\/\/pgvape.com\/pl\/wp-json\/wp\/v2\/product_brand?post=8357"},{"taxonomy":"product_cat","embeddable":true,"href":"https:\/\/pgvape.com\/pl\/wp-json\/wp\/v2\/product_cat?post=8357"},{"taxonomy":"product_tag","embeddable":true,"href":"https:\/\/pgvape.com\/pl\/wp-json\/wp\/v2\/product_tag?post=8357"}],"curies":[{"name":"wp","href":"https:\/\/api.w.org\/{rel}","templated":true}]}}